{"id":6472,"date":"2025-07-05T19:57:31","date_gmt":"2025-07-05T19:57:31","guid":{"rendered":"https:\/\/www.sportshine.eu\/?post_type=product&#038;p=6472"},"modified":"2026-01-21T16:42:37","modified_gmt":"2026-01-21T16:42:37","slug":"magicshine-evo-1700-scheinwerfer","status":"publish","type":"product","link":"https:\/\/www.sportshine.eu\/de\/geschaft\/magicshine-evo-1700-scheinwerfer\/","title":{"rendered":"Magicshine EVO 1700 Frontleuchte"},"content":{"rendered":"<h3 style=\"text-align: center;\">VIDEOPR\u00c4SENTATION DES MAGICSHINE EVO 1700 SCHEINWERFERS<\/h3>\n<p><iframe loading=\"lazy\" title=\"MAGICSHINE EVO 1700 Unterbau-Fahrradlicht\" width=\"500\" height=\"281\" src=\"https:\/\/www.youtube.com\/embed\/TylYBCr-Dnc?feature=oembed\" frameborder=\"0\" allow=\"accelerometer; autoplay; clipboard-write; encrypted-media; gyroscope; picture-in-picture; web-share\" referrerpolicy=\"strict-origin-when-cross-origin\" allowfullscreen><\/iframe><\/p>\n<h3 style=\"text-align: center;\">ERLEUCHTE DEINEN WEG<\/h3>\n<p style=\"text-align: center;\">Mit einer beeindruckenden Lichtleistung von 1700 Lumen in einem unglaublich kompakten Paket ist die EVO 1700 speziell f\u00fcr das t\u00e4gliche Fahren in st\u00e4dtischen Umgebungen konzipiert.<\/p>\n<p><img decoding=\"async\" class=\"aligncenter wp-image-7162\" src=\"https:\/\/www.sportshine.eu\/wp-content\/uploads\/2025\/07\/SPREDNJA-LUC-EVO-1700.webp\" alt=\"\" width=\"800\" height=\"600\" \/><\/p>\n<h3 style=\"text-align: center;\">MAGICSHINE EVO 1700 FAHRRADLICHT UNTER DER HALTERUNG<\/h3>\n<p style=\"text-align: center;\">Die leichte Schnellwechselhalterung (GoPro) erm\u00f6glicht die Befestigung der Leuchte unter dem Lenker und schafft Platz f\u00fcr einen Fahrradcomputer.<\/p>\n<p><img decoding=\"async\" class=\"aligncenter wp-image-7163\" src=\"https:\/\/www.sportshine.eu\/wp-content\/uploads\/2025\/07\/EVO_1700_10.webp\" alt=\"\" width=\"800\" height=\"600\" \/><\/p>\n<h3 style=\"text-align: center;\">ABBLEND- UND FERNLICHTFUNKTION<\/h3>\n<p style=\"text-align: center;\">Dr\u00fccken Sie einfach zweimal die Taste, um zwischen Abblend- und Fernlicht zu wechseln. Die einzigartige Kombination aus Abblend- und Fernlicht erm\u00f6glicht Ihnen die Sicht unter unterschiedlichsten Bedingungen.<\/p>\n<p style=\"text-align: center;\">(Hinweis: Der Tag- und Nachtblitzmodus kann nur \u00fcber die Fernbedienung aufgerufen werden.)<\/p>\n<p><img decoding=\"async\" class=\"aligncenter wp-image-7165\" src=\"https:\/\/www.sportshine.eu\/wp-content\/uploads\/2025\/07\/EVO_1700_1.webp\" alt=\"\" width=\"800\" height=\"600\" \/><\/p>\n<h3 style=\"text-align: center;\">Blendfreies Abblendlicht f\u00fcr den Weiterverkehr<\/h3>\n<p style=\"text-align: center;\">Das pr\u00e4zise eingestellte Abblendlicht erzeugt eine klare Lichtlinie, die das Licht direkt auf die Stra\u00dfe richtet und so eine Blendung des Gegenverkehrs verhindert.<\/p>\n<p><img decoding=\"async\" class=\"aligncenter wp-image-7166\" src=\"https:\/\/www.sportshine.eu\/wp-content\/uploads\/2025\/07\/EVO_1700_4.jpg\" alt=\"\" width=\"800\" height=\"600\" \/><\/p>\n<h3 style=\"text-align: center;\">STRAHLEINSTELLUNGEN \u00dcBER DIE APP<\/h3>\n<p style=\"text-align: center;\">Verbinden Sie das Licht mit der Magicshine-App, f\u00fcgen Sie neue Modi hinzu oder passen Sie die Helligkeit an, um die perfekte Beleuchtung f\u00fcr Ihre Bed\u00fcrfnisse zu finden.<\/p>\n<p><img decoding=\"async\" class=\"aligncenter wp-image-7167\" src=\"https:\/\/www.sportshine.eu\/wp-content\/uploads\/2025\/07\/EVO_1300_4.webp\" alt=\"\" width=\"800\" height=\"600\" \/><\/p>\n<h3 style=\"text-align: center;\">KABELLOSE FERNBEDIENUNG<\/h3>\n<p style=\"text-align: center;\">Sofortiger Zugriff auf Ein\/Aus und Moduswechsel, ohne den Lenker loslassen zu m\u00fcssen.<\/p>\n<p><img decoding=\"async\" class=\"aligncenter wp-image-7168\" src=\"https:\/\/www.sportshine.eu\/wp-content\/uploads\/2025\/07\/EVO_1700_6.webp\" alt=\"\" width=\"800\" height=\"600\" \/><\/p>\n<h3 style=\"text-align: center;\">SPERRFUNKTION<\/h3>\n<p style=\"text-align: center;\">Eine Sperrfunktion verhindert ein versehentliches Einschalten der Leuchte. Die Leuchte ist au\u00dferdem mit einer gut lesbaren Batterieanzeige und einer Modus-Memory-Funktion f\u00fcr eine schnelle Inbetriebnahme ausgestattet.<\/p>\n<p><img decoding=\"async\" class=\"aligncenter wp-image-7169\" src=\"https:\/\/www.sportshine.eu\/wp-content\/uploads\/2025\/07\/EVO_1700_13.webp\" alt=\"\" width=\"800\" height=\"600\" \/><\/p>\n<h3 style=\"text-align: center;\">LEISTUNGSSTARKER AKKU MIT USB-C-ANSCHLUSS<\/h3>\n<p style=\"text-align: center;\">Die EVO 1700 Stirnlampe verf\u00fcgt \u00fcber einen langlebigen 4000 mAh Akku, der zuverl\u00e4ssige 11 Stunden Betriebszeit erm\u00f6glicht. Der Akku l\u00e4sst sich bequem \u00fcber den USB-C-Anschluss aufladen.<\/p>\n<p><img decoding=\"async\" class=\"aligncenter wp-image-7170\" src=\"https:\/\/www.sportshine.eu\/wp-content\/uploads\/2025\/07\/EVO_1700_8.webp\" alt=\"\" width=\"800\" height=\"600\" \/><\/p>\n<h3 style=\"text-align: center;\">WASSERDICHT NACH IPX6-STANDARD<\/h3>\n<p style=\"text-align: center;\">Dank der Wasserdichtigkeitsklasse IPX7 h\u00e4lt die Leuchte auch harten Bedingungen stand und beleuchtet den Weg sogar bei starkem Regen.<\/p>\n<p><img decoding=\"async\" class=\"aligncenter wp-image-7171\" src=\"https:\/\/www.sportshine.eu\/wp-content\/uploads\/2025\/07\/EVO_1700_9.webp\" alt=\"\" width=\"800\" height=\"600\" \/><\/p>\n<h3 style=\"text-align: center;\">WAS IST IM PAKET ENTHALTEN?<\/h3>\n<p><img decoding=\"async\" class=\"aligncenter wp-image-7172\" src=\"https:\/\/www.sportshine.eu\/wp-content\/uploads\/2025\/07\/EVO_1700_pl.webp\" alt=\"\" width=\"800\" height=\"600\" \/><\/p>","protected":false},"excerpt":{"rendered":"<p>Das Magicshine EVO 1700 Frontlicht bietet 1700 Lumen Lichtleistung in einem extrem kompakten Geh\u00e4use. Es ist Magicshines erstes Fahrradlicht, das f\u00fcr die Montage unter einer Halterung konzipiert ist. Es unterst\u00fctzt Funktionen wie reflektierendes Abblend- und Fernlicht, Adaptersteuerung und erm\u00f6glicht die Helligkeitsanpassung per App. Mit einer maximalen Laufzeit von 11 Stunden und IPX6-Wasserbest\u00e4ndigkeit ist es f\u00fcr alle Wetterbedingungen ger\u00fcstet. Aufladen l\u00e4sst es sich mit einem USB-C-Ladekabel.<\/p>","protected":false},"featured_media":6075,"comment_status":"open","ping_status":"closed","template":"","meta":[],"product_brand":[131],"product_cat":[82,150],"product_tag":[],"class_list":{"0":"post-6472","1":"product","2":"type-product","3":"status-publish","4":"has-post-thumbnail","6":"product_brand-magicshine","7":"product_cat-kolesarske-luci","8":"product_cat-sprednje-kolesarske-luci","10":"first","11":"instock","12":"taxable","13":"shipping-taxable","14":"purchasable","15":"product-type-simple"},"yoast_head":"<!-- This site is optimized with the Yoast SEO plugin v27.3 - https:\/\/yoast.com\/product\/yoast-seo-wordpress\/ -->\n<title>Magicshine EVO 1700 sprednja lu\u010d<\/title>\n<meta name=\"description\" content=\"Z mo\u010djo 1700 lumnov v kompaktnem ohi\u0161ju je EVO 1700 prva kolesarska lu\u010d podjetja Magicshine, zasnovana za monta\u017eo pod krmilo.\" \/>\n<meta name=\"robots\" content=\"index, follow, max-snippet:-1, max-image-preview:large, max-video-preview:-1\" \/>\n<link rel=\"canonical\" href=\"https:\/\/www.sportshine.eu\/de\/geschaft\/magicshine-evo-1700-scheinwerfer\/\" \/>\n<meta property=\"og:locale\" content=\"de_DE\" \/>\n<meta property=\"og:type\" content=\"article\" \/>\n<meta property=\"og:title\" content=\"Magicshine EVO 1700 sprednja lu\u010d\" \/>\n<meta property=\"og:description\" content=\"Z mo\u010djo 1700 lumnov v kompaktnem ohi\u0161ju je EVO 1700 prva kolesarska lu\u010d podjetja Magicshine, zasnovana za monta\u017eo pod krmilo.\" \/>\n<meta property=\"og:url\" content=\"https:\/\/www.sportshine.eu\/de\/geschaft\/magicshine-evo-1700-scheinwerfer\/\" \/>\n<meta property=\"og:site_name\" content=\"Sportshine\" \/>\n<meta property=\"article:publisher\" content=\"https:\/\/www.facebook.com\/sportshine.eu\/\" \/>\n<meta property=\"article:modified_time\" content=\"2026-01-21T16:42:37+00:00\" \/>\n<meta property=\"og:image\" content=\"https:\/\/www.sportshine.eu\/wp-content\/uploads\/2025\/07\/Magicshine-EVO-1700-sprednja-luc.webp\" \/>\n\t<meta property=\"og:image:width\" content=\"800\" \/>\n\t<meta property=\"og:image:height\" content=\"800\" \/>\n\t<meta property=\"og:image:type\" content=\"image\/webp\" \/>\n<meta name=\"twitter:card\" content=\"summary_large_image\" \/>\n<meta name=\"twitter:label1\" content=\"Gesch\u00e4tzte Lesezeit\" \/>\n\t<meta name=\"twitter:data1\" content=\"4 Minuten\" \/>\n<script type=\"application\/ld+json\" class=\"yoast-schema-graph\">{\"@context\":\"https:\\\/\\\/schema.org\",\"@graph\":[{\"@type\":\"WebPage\",\"@id\":\"https:\\\/\\\/www.sportshine.eu\\\/trgovina\\\/magicshine-evo-1700-sprednja-luc\\\/\",\"url\":\"https:\\\/\\\/www.sportshine.eu\\\/trgovina\\\/magicshine-evo-1700-sprednja-luc\\\/\",\"name\":\"Magicshine EVO 1700 sprednja lu\u010d\",\"isPartOf\":{\"@id\":\"https:\\\/\\\/www.sportshine.eu\\\/#website\"},\"primaryImageOfPage\":{\"@id\":\"https:\\\/\\\/www.sportshine.eu\\\/trgovina\\\/magicshine-evo-1700-sprednja-luc\\\/#primaryimage\"},\"image\":{\"@id\":\"https:\\\/\\\/www.sportshine.eu\\\/trgovina\\\/magicshine-evo-1700-sprednja-luc\\\/#primaryimage\"},\"thumbnailUrl\":\"https:\\\/\\\/www.sportshine.eu\\\/wp-content\\\/uploads\\\/2025\\\/07\\\/Magicshine-EVO-1700-sprednja-luc.webp\",\"datePublished\":\"2025-07-05T19:57:31+00:00\",\"dateModified\":\"2026-01-21T16:42:37+00:00\",\"description\":\"Z mo\u010djo 1700 lumnov v kompaktnem ohi\u0161ju je EVO 1700 prva kolesarska lu\u010d podjetja Magicshine, zasnovana za monta\u017eo pod krmilo.\",\"breadcrumb\":{\"@id\":\"https:\\\/\\\/www.sportshine.eu\\\/trgovina\\\/magicshine-evo-1700-sprednja-luc\\\/#breadcrumb\"},\"inLanguage\":\"de-AT\",\"potentialAction\":[{\"@type\":\"ReadAction\",\"target\":[\"https:\\\/\\\/www.sportshine.eu\\\/trgovina\\\/magicshine-evo-1700-sprednja-luc\\\/\"]}]},{\"@type\":\"ImageObject\",\"inLanguage\":\"de-AT\",\"@id\":\"https:\\\/\\\/www.sportshine.eu\\\/trgovina\\\/magicshine-evo-1700-sprednja-luc\\\/#primaryimage\",\"url\":\"https:\\\/\\\/www.sportshine.eu\\\/wp-content\\\/uploads\\\/2025\\\/07\\\/Magicshine-EVO-1700-sprednja-luc.webp\",\"contentUrl\":\"https:\\\/\\\/www.sportshine.eu\\\/wp-content\\\/uploads\\\/2025\\\/07\\\/Magicshine-EVO-1700-sprednja-luc.webp\",\"width\":800,\"height\":800},{\"@type\":\"BreadcrumbList\",\"@id\":\"https:\\\/\\\/www.sportshine.eu\\\/trgovina\\\/magicshine-evo-1700-sprednja-luc\\\/#breadcrumb\",\"itemListElement\":[{\"@type\":\"ListItem\",\"position\":1,\"name\":\"Home\",\"item\":\"https:\\\/\\\/www.sportshine.eu\\\/\"},{\"@type\":\"ListItem\",\"position\":2,\"name\":\"Trgovina\",\"item\":\"https:\\\/\\\/www.sportshine.eu\\\/trgovina\\\/\"},{\"@type\":\"ListItem\",\"position\":3,\"name\":\"Magicshine EVO 1700 sprednja lu\u010d\"}]},{\"@type\":\"WebSite\",\"@id\":\"https:\\\/\\\/www.sportshine.eu\\\/#website\",\"url\":\"https:\\\/\\\/www.sportshine.eu\\\/\",\"name\":\"Sportshine\",\"description\":\"Top spletna trgovina kolesarskih in naglavnih svetilk ter opreme\",\"publisher\":{\"@id\":\"https:\\\/\\\/www.sportshine.eu\\\/#organization\"},\"potentialAction\":[{\"@type\":\"SearchAction\",\"target\":{\"@type\":\"EntryPoint\",\"urlTemplate\":\"https:\\\/\\\/www.sportshine.eu\\\/?s={search_term_string}\"},\"query-input\":{\"@type\":\"PropertyValueSpecification\",\"valueRequired\":true,\"valueName\":\"search_term_string\"}}],\"inLanguage\":\"de-AT\"},{\"@type\":\"Organization\",\"@id\":\"https:\\\/\\\/www.sportshine.eu\\\/#organization\",\"name\":\"Sportshine\",\"url\":\"https:\\\/\\\/www.sportshine.eu\\\/\",\"logo\":{\"@type\":\"ImageObject\",\"inLanguage\":\"de-AT\",\"@id\":\"https:\\\/\\\/www.sportshine.eu\\\/#\\\/schema\\\/logo\\\/image\\\/\",\"url\":\"https:\\\/\\\/www.sportshine.eu\\\/wp-content\\\/uploads\\\/2026\\\/01\\\/cropped-Sportshine.webp\",\"contentUrl\":\"https:\\\/\\\/www.sportshine.eu\\\/wp-content\\\/uploads\\\/2026\\\/01\\\/cropped-Sportshine.webp\",\"width\":295,\"height\":128,\"caption\":\"Sportshine\"},\"image\":{\"@id\":\"https:\\\/\\\/www.sportshine.eu\\\/#\\\/schema\\\/logo\\\/image\\\/\"},\"sameAs\":[\"https:\\\/\\\/www.facebook.com\\\/sportshine.eu\\\/\"]}]}<\/script>\n<!-- \/ Yoast SEO plugin. -->","yoast_head_json":{"title":"Magicshine EVO 1700 Frontleuchte","description":"Mit 1700 Lumen in einem kompakten Paket ist das EVO 1700 das erste Fahrradlicht von Magicshine, das f\u00fcr die Montage unter dem Lenker konzipiert ist.","robots":{"index":"index","follow":"follow","max-snippet":"max-snippet:-1","max-image-preview":"max-image-preview:large","max-video-preview":"max-video-preview:-1"},"canonical":"https:\/\/www.sportshine.eu\/de\/geschaft\/magicshine-evo-1700-scheinwerfer\/","og_locale":"de_DE","og_type":"article","og_title":"Magicshine EVO 1700 sprednja lu\u010d","og_description":"Z mo\u010djo 1700 lumnov v kompaktnem ohi\u0161ju je EVO 1700 prva kolesarska lu\u010d podjetja Magicshine, zasnovana za monta\u017eo pod krmilo.","og_url":"https:\/\/www.sportshine.eu\/de\/geschaft\/magicshine-evo-1700-scheinwerfer\/","og_site_name":"Sportshine","article_publisher":"https:\/\/www.facebook.com\/sportshine.eu\/","article_modified_time":"2026-01-21T16:42:37+00:00","og_image":[{"width":800,"height":800,"url":"https:\/\/www.sportshine.eu\/wp-content\/uploads\/2025\/07\/Magicshine-EVO-1700-sprednja-luc.webp","type":"image\/webp"}],"twitter_card":"summary_large_image","twitter_misc":{"Gesch\u00e4tzte Lesezeit":"4 Minuten"},"schema":{"@context":"https:\/\/schema.org","@graph":[{"@type":"WebPage","@id":"https:\/\/www.sportshine.eu\/trgovina\/magicshine-evo-1700-sprednja-luc\/","url":"https:\/\/www.sportshine.eu\/trgovina\/magicshine-evo-1700-sprednja-luc\/","name":"Magicshine EVO 1700 Frontleuchte","isPartOf":{"@id":"https:\/\/www.sportshine.eu\/#website"},"primaryImageOfPage":{"@id":"https:\/\/www.sportshine.eu\/trgovina\/magicshine-evo-1700-sprednja-luc\/#primaryimage"},"image":{"@id":"https:\/\/www.sportshine.eu\/trgovina\/magicshine-evo-1700-sprednja-luc\/#primaryimage"},"thumbnailUrl":"https:\/\/www.sportshine.eu\/wp-content\/uploads\/2025\/07\/Magicshine-EVO-1700-sprednja-luc.webp","datePublished":"2025-07-05T19:57:31+00:00","dateModified":"2026-01-21T16:42:37+00:00","description":"Mit 1700 Lumen in einem kompakten Paket ist das EVO 1700 das erste Fahrradlicht von Magicshine, das f\u00fcr die Montage unter dem Lenker konzipiert ist.","breadcrumb":{"@id":"https:\/\/www.sportshine.eu\/trgovina\/magicshine-evo-1700-sprednja-luc\/#breadcrumb"},"inLanguage":"de-AT","potentialAction":[{"@type":"ReadAction","target":["https:\/\/www.sportshine.eu\/trgovina\/magicshine-evo-1700-sprednja-luc\/"]}]},{"@type":"ImageObject","inLanguage":"de-AT","@id":"https:\/\/www.sportshine.eu\/trgovina\/magicshine-evo-1700-sprednja-luc\/#primaryimage","url":"https:\/\/www.sportshine.eu\/wp-content\/uploads\/2025\/07\/Magicshine-EVO-1700-sprednja-luc.webp","contentUrl":"https:\/\/www.sportshine.eu\/wp-content\/uploads\/2025\/07\/Magicshine-EVO-1700-sprednja-luc.webp","width":800,"height":800},{"@type":"BreadcrumbList","@id":"https:\/\/www.sportshine.eu\/trgovina\/magicshine-evo-1700-sprednja-luc\/#breadcrumb","itemListElement":[{"@type":"ListItem","position":1,"name":"Home","item":"https:\/\/www.sportshine.eu\/"},{"@type":"ListItem","position":2,"name":"Trgovina","item":"https:\/\/www.sportshine.eu\/trgovina\/"},{"@type":"ListItem","position":3,"name":"Magicshine EVO 1700 sprednja lu\u010d"}]},{"@type":"WebSite","@id":"https:\/\/www.sportshine.eu\/#website","url":"https:\/\/www.sportshine.eu\/","name":"Sportshine","description":"Top Online-Shop f\u00fcr Fahrrad- und Stirnlampen sowie Zubeh\u00f6r","publisher":{"@id":"https:\/\/www.sportshine.eu\/#organization"},"potentialAction":[{"@type":"SearchAction","target":{"@type":"EntryPoint","urlTemplate":"https:\/\/www.sportshine.eu\/?s={search_term_string}"},"query-input":{"@type":"PropertyValueSpecification","valueRequired":true,"valueName":"search_term_string"}}],"inLanguage":"de-AT"},{"@type":"Organization","@id":"https:\/\/www.sportshine.eu\/#organization","name":"Sportshine","url":"https:\/\/www.sportshine.eu\/","logo":{"@type":"ImageObject","inLanguage":"de-AT","@id":"https:\/\/www.sportshine.eu\/#\/schema\/logo\/image\/","url":"https:\/\/www.sportshine.eu\/wp-content\/uploads\/2026\/01\/cropped-Sportshine.webp","contentUrl":"https:\/\/www.sportshine.eu\/wp-content\/uploads\/2026\/01\/cropped-Sportshine.webp","width":295,"height":128,"caption":"Sportshine"},"image":{"@id":"https:\/\/www.sportshine.eu\/#\/schema\/logo\/image\/"},"sameAs":["https:\/\/www.facebook.com\/sportshine.eu\/"]}]}},"_links":{"self":[{"href":"https:\/\/www.sportshine.eu\/de\/wp-json\/wp\/v2\/product\/6472","targetHints":{"allow":["GET"]}}],"collection":[{"href":"https:\/\/www.sportshine.eu\/de\/wp-json\/wp\/v2\/product"}],"about":[{"href":"https:\/\/www.sportshine.eu\/de\/wp-json\/wp\/v2\/types\/product"}],"replies":[{"embeddable":true,"href":"https:\/\/www.sportshine.eu\/de\/wp-json\/wp\/v2\/comments?post=6472"}],"version-history":[{"count":0,"href":"https:\/\/www.sportshine.eu\/de\/wp-json\/wp\/v2\/product\/6472\/revisions"}],"wp:featuredmedia":[{"embeddable":true,"href":"https:\/\/www.sportshine.eu\/de\/wp-json\/wp\/v2\/media\/6075"}],"wp:attachment":[{"href":"https:\/\/www.sportshine.eu\/de\/wp-json\/wp\/v2\/media?parent=6472"}],"wp:term":[{"taxonomy":"product_brand","embeddable":true,"href":"https:\/\/www.sportshine.eu\/de\/wp-json\/wp\/v2\/product_brand?post=6472"},{"taxonomy":"product_cat","embeddable":true,"href":"https:\/\/www.sportshine.eu\/de\/wp-json\/wp\/v2\/product_cat?post=6472"},{"taxonomy":"product_tag","embeddable":true,"href":"https:\/\/www.sportshine.eu\/de\/wp-json\/wp\/v2\/product_tag?post=6472"}],"curies":[{"name":"wp","href":"https:\/\/api.w.org\/{rel}","templated":true}]}}