{"id":6471,"date":"2025-07-05T19:57:30","date_gmt":"2025-07-05T19:57:30","guid":{"rendered":"https:\/\/www.sportshine.eu\/?post_type=product&#038;p=6471"},"modified":"2025-11-21T22:18:58","modified_gmt":"2025-11-21T22:18:58","slug":"magicshine-allty-400-fahrradlicht","status":"publish","type":"product","link":"https:\/\/www.sportshine.eu\/de\/geschaft\/magicshine-allty-400-fahrradlicht\/","title":{"rendered":"Magicshine Allty 400 Fahrradlicht"},"content":{"rendered":"<h3 style=\"text-align: center;\">VIDEOPR\u00c4SENTATION VON MAGICSHINE ALLTY 400<\/h3>\n<p><iframe loading=\"lazy\" title=\"Magicshine Allty 400\" width=\"500\" height=\"281\" src=\"https:\/\/www.youtube.com\/embed\/7AsW0ihPFh0?feature=oembed\" frameborder=\"0\" allow=\"accelerometer; autoplay; clipboard-write; encrypted-media; gyroscope; picture-in-picture; web-share\" referrerpolicy=\"strict-origin-when-cross-origin\" allowfullscreen><\/iframe><\/p>\n<h3 style=\"text-align: center;\">HOCHLEISTUNGSOPTISCHE LINSE<\/h3>\n<p style=\"text-align: center;\">ALLTY 400 verwendet eine hocheffiziente optische Linse, die eine maximale Leistung von 400 Lumen liefert. Das durchdachte Design der Seitenbeleuchtung sorgt f\u00fcr mehr Aufmerksamkeit der Fahrer.<\/p>\n<p><img decoding=\"async\" class=\"aligncenter wp-image-7173\" src=\"https:\/\/www.sportshine.eu\/wp-content\/uploads\/2025\/07\/luc-za-kolo-1-3.webp\" alt=\"\" width=\"800\" height=\"600\" \/><\/p>\n<h3 style=\"text-align: center;\">EINGEBAUTES ENTBLENDUNGSGLAS<\/h3>\n<p style=\"text-align: center;\">Die Blendschutzlinse verhindert direktes Licht, das den Gegenverkehr behindern k\u00f6nnte und erh\u00f6ht die Sicherheit.<\/p>\n<p><img decoding=\"async\" class=\"aligncenter wp-image-7175\" src=\"https:\/\/www.sportshine.eu\/wp-content\/uploads\/2025\/07\/luc-za-kolo-Allty.webp\" alt=\"\" width=\"800\" height=\"600\" \/><\/p>\n<h3 style=\"text-align: center;\">EINE KRAFT, DIE DIE GR\u00d6SSE DES LICHTS \u00dcBERTRIFFT<\/h3>\n<p style=\"text-align: center;\">Das Fahrradlicht ALLTY 400 ist mit einem 900 mAh Akku ausgestattet, der f\u00fcr lange Betriebsdauer und Zuverl\u00e4ssigkeit sorgt.<\/p>\n<p><img decoding=\"async\" class=\"aligncenter wp-image-7176\" src=\"https:\/\/www.sportshine.eu\/wp-content\/uploads\/2025\/07\/kolesarska-luc-allty-400.webp\" alt=\"\" width=\"800\" height=\"600\" \/><\/p>\n<h3 style=\"text-align: center;\">LADEN \u00dcBER USB-C<\/h3>\n<p><img decoding=\"async\" class=\"aligncenter wp-image-7177\" src=\"https:\/\/www.sportshine.eu\/wp-content\/uploads\/2025\/07\/luc-za-kolo-allty-400-1.webp\" alt=\"\" width=\"800\" height=\"600\" \/><\/p>\n<h3 style=\"text-align: center;\">LEICHT ABLESBARE STROMANZEIGE<\/h3>\n<p style=\"text-align: center;\">Wenn das Ger\u00e4t eingeschaltet ist, zeigt die Leuchte am Netzschalter den Akkustand an. Wenn das Ger\u00e4t ausgeschaltet ist, dr\u00fccken Sie kurz den Netzschalter, um die Kontrollleuchte zu aktivieren. (Die Leuchte erlischt nach 3 Sekunden automatisch.) GR\u00dcN: 21%-100%; ROT: 11%-20%; ROT BLINKEND: 0%-10%.<\/p>\n<p><img decoding=\"async\" class=\"aligncenter wp-image-7178\" src=\"https:\/\/www.sportshine.eu\/wp-content\/uploads\/2025\/07\/luc-magicshine-1-1.webp\" alt=\"\" width=\"800\" height=\"600\" \/><\/p>\n<h3 style=\"text-align: center;\">WASSERDICHT NACH IPX7-STANDARD<\/h3>\n<p style=\"text-align: center;\">Die Wasserdichtigkeit von ALLTY 400 entspricht der Schutzklasse IPX7 gem\u00e4\u00df IEC 60529. Dies bedeutet, dass ALLTY 400 30 Minuten lang in Wasser bis zu einer Tiefe von 1 m verbleiben kann, ohne dass die Leistung des Produkts beeintr\u00e4chtigt wird.<\/p>\n<p><img decoding=\"async\" class=\"aligncenter wp-image-7179\" src=\"https:\/\/www.sportshine.eu\/wp-content\/uploads\/2025\/07\/kolesarska-luc-1-2.webp\" alt=\"\" width=\"800\" height=\"600\" \/><\/p>\n<h3 style=\"text-align: center;\">METALLGEH\u00c4USE UND LANGLEBIGE QUALIT\u00c4T<\/h3>\n<p style=\"text-align: center;\">Das gesamte Geh\u00e4use aus Aluminiumlegierung sorgt f\u00fcr lange Haltbarkeit. Die Taschenlampenhalterung ist mit allen Garmin-Halterungen kompatibel.<\/p>\n<p><img decoding=\"async\" class=\"aligncenter wp-image-7180\" src=\"https:\/\/www.sportshine.eu\/wp-content\/uploads\/2025\/07\/Allty-luc-za-kolo.webp\" alt=\"\" width=\"800\" height=\"600\" \/><\/p>","protected":false},"excerpt":{"rendered":"<p>Magicshine ALLTY 400 ist ein ultrakleines Fahrrad-Frontlicht mit 400 Lumen, einer Reichweite von bis zu 89 Metern und einer Laufzeit von bis zu 7 Stunden mit einer einzigen Ladung. Ausgestattet mit einem USB-C-Schnellladeanschluss verf\u00fcgt es \u00fcber einen leistungsstarken 900-mAh-Akku und eine integrierte Blendschutzlinse. Dank der Wasserdichtigkeitsklasse IPX7 h\u00e4lt es sogar Regen stand.<\/p>","protected":false},"featured_media":6069,"comment_status":"open","ping_status":"closed","template":"","meta":[],"product_brand":[131],"product_cat":[82,150],"product_tag":[],"class_list":{"0":"post-6471","1":"product","2":"type-product","3":"status-publish","4":"has-post-thumbnail","6":"product_brand-magicshine","7":"product_cat-kolesarske-luci","8":"product_cat-sprednje-kolesarske-luci","10":"first","11":"onbackorder","12":"taxable","13":"shipping-taxable","14":"purchasable","15":"product-type-simple"},"yoast_head":"<!-- This site is optimized with the Yoast SEO plugin v27.3 - https:\/\/yoast.com\/product\/yoast-seo-wordpress\/ -->\n<title>Magicshine Allty 400 lu\u010d za kolo<\/title>\n<meta name=\"description\" content=\"Magicshine ALLTY 400 je ultra majhna sprednja lu\u010d za kolo, ki lahko sveti s kar 400 lumni, dose\u017ee razdaljo do 89 metrov. Deluje do 7 ur z enim polnjenjem\" \/>\n<meta name=\"robots\" content=\"index, follow, max-snippet:-1, max-image-preview:large, max-video-preview:-1\" \/>\n<link rel=\"canonical\" href=\"https:\/\/www.sportshine.eu\/de\/geschaft\/magicshine-allty-400-fahrradlicht\/\" \/>\n<meta property=\"og:locale\" content=\"de_DE\" \/>\n<meta property=\"og:type\" content=\"article\" \/>\n<meta property=\"og:title\" content=\"Magicshine Allty 400 lu\u010d za kolo\" \/>\n<meta property=\"og:description\" content=\"Magicshine ALLTY 400 je ultra majhna sprednja lu\u010d za kolo, ki lahko sveti s kar 400 lumni, dose\u017ee razdaljo do 89 metrov. Deluje do 7 ur z enim polnjenjem\" \/>\n<meta property=\"og:url\" content=\"https:\/\/www.sportshine.eu\/de\/geschaft\/magicshine-allty-400-fahrradlicht\/\" \/>\n<meta property=\"og:site_name\" content=\"Sportshine\" \/>\n<meta property=\"article:publisher\" content=\"https:\/\/www.facebook.com\/sportshine.eu\/\" \/>\n<meta property=\"article:modified_time\" content=\"2025-11-21T22:18:58+00:00\" \/>\n<meta property=\"og:image\" content=\"https:\/\/www.sportshine.eu\/wp-content\/uploads\/2025\/07\/luc-za-kolo-Allty-400.webp\" \/>\n\t<meta property=\"og:image:width\" content=\"600\" \/>\n\t<meta property=\"og:image:height\" content=\"600\" \/>\n\t<meta property=\"og:image:type\" content=\"image\/webp\" \/>\n<meta name=\"twitter:card\" content=\"summary_large_image\" \/>\n<meta name=\"twitter:label1\" content=\"Gesch\u00e4tzte Lesezeit\" \/>\n\t<meta name=\"twitter:data1\" content=\"3 Minuten\" \/>\n<script type=\"application\/ld+json\" class=\"yoast-schema-graph\">{\"@context\":\"https:\\\/\\\/schema.org\",\"@graph\":[{\"@type\":\"WebPage\",\"@id\":\"https:\\\/\\\/www.sportshine.eu\\\/trgovina\\\/magicshine-allty-400-luc-za-kolo\\\/\",\"url\":\"https:\\\/\\\/www.sportshine.eu\\\/trgovina\\\/magicshine-allty-400-luc-za-kolo\\\/\",\"name\":\"Magicshine Allty 400 lu\u010d za kolo\",\"isPartOf\":{\"@id\":\"https:\\\/\\\/www.sportshine.eu\\\/#website\"},\"primaryImageOfPage\":{\"@id\":\"https:\\\/\\\/www.sportshine.eu\\\/trgovina\\\/magicshine-allty-400-luc-za-kolo\\\/#primaryimage\"},\"image\":{\"@id\":\"https:\\\/\\\/www.sportshine.eu\\\/trgovina\\\/magicshine-allty-400-luc-za-kolo\\\/#primaryimage\"},\"thumbnailUrl\":\"https:\\\/\\\/www.sportshine.eu\\\/wp-content\\\/uploads\\\/2025\\\/07\\\/luc-za-kolo-Allty-400.webp\",\"datePublished\":\"2025-07-05T19:57:30+00:00\",\"dateModified\":\"2025-11-21T22:18:58+00:00\",\"description\":\"Magicshine ALLTY 400 je ultra majhna sprednja lu\u010d za kolo, ki lahko sveti s kar 400 lumni, dose\u017ee razdaljo do 89 metrov. Deluje do 7 ur z enim polnjenjem\",\"breadcrumb\":{\"@id\":\"https:\\\/\\\/www.sportshine.eu\\\/trgovina\\\/magicshine-allty-400-luc-za-kolo\\\/#breadcrumb\"},\"inLanguage\":\"de-AT\",\"potentialAction\":[{\"@type\":\"ReadAction\",\"target\":[\"https:\\\/\\\/www.sportshine.eu\\\/trgovina\\\/magicshine-allty-400-luc-za-kolo\\\/\"]}]},{\"@type\":\"ImageObject\",\"inLanguage\":\"de-AT\",\"@id\":\"https:\\\/\\\/www.sportshine.eu\\\/trgovina\\\/magicshine-allty-400-luc-za-kolo\\\/#primaryimage\",\"url\":\"https:\\\/\\\/www.sportshine.eu\\\/wp-content\\\/uploads\\\/2025\\\/07\\\/luc-za-kolo-Allty-400.webp\",\"contentUrl\":\"https:\\\/\\\/www.sportshine.eu\\\/wp-content\\\/uploads\\\/2025\\\/07\\\/luc-za-kolo-Allty-400.webp\",\"width\":600,\"height\":600},{\"@type\":\"BreadcrumbList\",\"@id\":\"https:\\\/\\\/www.sportshine.eu\\\/trgovina\\\/magicshine-allty-400-luc-za-kolo\\\/#breadcrumb\",\"itemListElement\":[{\"@type\":\"ListItem\",\"position\":1,\"name\":\"Home\",\"item\":\"https:\\\/\\\/www.sportshine.eu\\\/\"},{\"@type\":\"ListItem\",\"position\":2,\"name\":\"Trgovina\",\"item\":\"https:\\\/\\\/www.sportshine.eu\\\/trgovina\\\/\"},{\"@type\":\"ListItem\",\"position\":3,\"name\":\"Magicshine Allty 400 lu\u010d za kolo\"}]},{\"@type\":\"WebSite\",\"@id\":\"https:\\\/\\\/www.sportshine.eu\\\/#website\",\"url\":\"https:\\\/\\\/www.sportshine.eu\\\/\",\"name\":\"Sportshine\",\"description\":\"Top spletna trgovina kolesarskih in naglavnih svetilk ter opreme\",\"publisher\":{\"@id\":\"https:\\\/\\\/www.sportshine.eu\\\/#organization\"},\"potentialAction\":[{\"@type\":\"SearchAction\",\"target\":{\"@type\":\"EntryPoint\",\"urlTemplate\":\"https:\\\/\\\/www.sportshine.eu\\\/?s={search_term_string}\"},\"query-input\":{\"@type\":\"PropertyValueSpecification\",\"valueRequired\":true,\"valueName\":\"search_term_string\"}}],\"inLanguage\":\"de-AT\"},{\"@type\":\"Organization\",\"@id\":\"https:\\\/\\\/www.sportshine.eu\\\/#organization\",\"name\":\"Sportshine\",\"url\":\"https:\\\/\\\/www.sportshine.eu\\\/\",\"logo\":{\"@type\":\"ImageObject\",\"inLanguage\":\"de-AT\",\"@id\":\"https:\\\/\\\/www.sportshine.eu\\\/#\\\/schema\\\/logo\\\/image\\\/\",\"url\":\"https:\\\/\\\/www.sportshine.eu\\\/wp-content\\\/uploads\\\/2026\\\/01\\\/cropped-Sportshine.webp\",\"contentUrl\":\"https:\\\/\\\/www.sportshine.eu\\\/wp-content\\\/uploads\\\/2026\\\/01\\\/cropped-Sportshine.webp\",\"width\":295,\"height\":128,\"caption\":\"Sportshine\"},\"image\":{\"@id\":\"https:\\\/\\\/www.sportshine.eu\\\/#\\\/schema\\\/logo\\\/image\\\/\"},\"sameAs\":[\"https:\\\/\\\/www.facebook.com\\\/sportshine.eu\\\/\"]}]}<\/script>\n<!-- \/ Yoast SEO plugin. -->","yoast_head_json":{"title":"Magicshine Allty 400 Fahrradlicht","description":"Magicshine ALLTY 400 ist ein ultrakleines Fahrrad-Frontlicht mit 400 Lumen und einer Reichweite von bis zu 89 Metern. Es funktioniert bis zu 7 Stunden mit einer einzigen Ladung","robots":{"index":"index","follow":"follow","max-snippet":"max-snippet:-1","max-image-preview":"max-image-preview:large","max-video-preview":"max-video-preview:-1"},"canonical":"https:\/\/www.sportshine.eu\/de\/geschaft\/magicshine-allty-400-fahrradlicht\/","og_locale":"de_DE","og_type":"article","og_title":"Magicshine Allty 400 lu\u010d za kolo","og_description":"Magicshine ALLTY 400 je ultra majhna sprednja lu\u010d za kolo, ki lahko sveti s kar 400 lumni, dose\u017ee razdaljo do 89 metrov. Deluje do 7 ur z enim polnjenjem","og_url":"https:\/\/www.sportshine.eu\/de\/geschaft\/magicshine-allty-400-fahrradlicht\/","og_site_name":"Sportshine","article_publisher":"https:\/\/www.facebook.com\/sportshine.eu\/","article_modified_time":"2025-11-21T22:18:58+00:00","og_image":[{"width":600,"height":600,"url":"https:\/\/www.sportshine.eu\/wp-content\/uploads\/2025\/07\/luc-za-kolo-Allty-400.webp","type":"image\/webp"}],"twitter_card":"summary_large_image","twitter_misc":{"Gesch\u00e4tzte Lesezeit":"3 Minuten"},"schema":{"@context":"https:\/\/schema.org","@graph":[{"@type":"WebPage","@id":"https:\/\/www.sportshine.eu\/trgovina\/magicshine-allty-400-luc-za-kolo\/","url":"https:\/\/www.sportshine.eu\/trgovina\/magicshine-allty-400-luc-za-kolo\/","name":"Magicshine Allty 400 Fahrradlicht","isPartOf":{"@id":"https:\/\/www.sportshine.eu\/#website"},"primaryImageOfPage":{"@id":"https:\/\/www.sportshine.eu\/trgovina\/magicshine-allty-400-luc-za-kolo\/#primaryimage"},"image":{"@id":"https:\/\/www.sportshine.eu\/trgovina\/magicshine-allty-400-luc-za-kolo\/#primaryimage"},"thumbnailUrl":"https:\/\/www.sportshine.eu\/wp-content\/uploads\/2025\/07\/luc-za-kolo-Allty-400.webp","datePublished":"2025-07-05T19:57:30+00:00","dateModified":"2025-11-21T22:18:58+00:00","description":"Magicshine ALLTY 400 ist ein ultrakleines Fahrrad-Frontlicht mit 400 Lumen und einer Reichweite von bis zu 89 Metern. Es funktioniert bis zu 7 Stunden mit einer einzigen Ladung","breadcrumb":{"@id":"https:\/\/www.sportshine.eu\/trgovina\/magicshine-allty-400-luc-za-kolo\/#breadcrumb"},"inLanguage":"de-AT","potentialAction":[{"@type":"ReadAction","target":["https:\/\/www.sportshine.eu\/trgovina\/magicshine-allty-400-luc-za-kolo\/"]}]},{"@type":"ImageObject","inLanguage":"de-AT","@id":"https:\/\/www.sportshine.eu\/trgovina\/magicshine-allty-400-luc-za-kolo\/#primaryimage","url":"https:\/\/www.sportshine.eu\/wp-content\/uploads\/2025\/07\/luc-za-kolo-Allty-400.webp","contentUrl":"https:\/\/www.sportshine.eu\/wp-content\/uploads\/2025\/07\/luc-za-kolo-Allty-400.webp","width":600,"height":600},{"@type":"BreadcrumbList","@id":"https:\/\/www.sportshine.eu\/trgovina\/magicshine-allty-400-luc-za-kolo\/#breadcrumb","itemListElement":[{"@type":"ListItem","position":1,"name":"Home","item":"https:\/\/www.sportshine.eu\/"},{"@type":"ListItem","position":2,"name":"Trgovina","item":"https:\/\/www.sportshine.eu\/trgovina\/"},{"@type":"ListItem","position":3,"name":"Magicshine Allty 400 lu\u010d za kolo"}]},{"@type":"WebSite","@id":"https:\/\/www.sportshine.eu\/#website","url":"https:\/\/www.sportshine.eu\/","name":"Sportshine","description":"Top Online-Shop f\u00fcr Fahrrad- und Stirnlampen sowie Zubeh\u00f6r","publisher":{"@id":"https:\/\/www.sportshine.eu\/#organization"},"potentialAction":[{"@type":"SearchAction","target":{"@type":"EntryPoint","urlTemplate":"https:\/\/www.sportshine.eu\/?s={search_term_string}"},"query-input":{"@type":"PropertyValueSpecification","valueRequired":true,"valueName":"search_term_string"}}],"inLanguage":"de-AT"},{"@type":"Organization","@id":"https:\/\/www.sportshine.eu\/#organization","name":"Sportshine","url":"https:\/\/www.sportshine.eu\/","logo":{"@type":"ImageObject","inLanguage":"de-AT","@id":"https:\/\/www.sportshine.eu\/#\/schema\/logo\/image\/","url":"https:\/\/www.sportshine.eu\/wp-content\/uploads\/2026\/01\/cropped-Sportshine.webp","contentUrl":"https:\/\/www.sportshine.eu\/wp-content\/uploads\/2026\/01\/cropped-Sportshine.webp","width":295,"height":128,"caption":"Sportshine"},"image":{"@id":"https:\/\/www.sportshine.eu\/#\/schema\/logo\/image\/"},"sameAs":["https:\/\/www.facebook.com\/sportshine.eu\/"]}]}},"_links":{"self":[{"href":"https:\/\/www.sportshine.eu\/de\/wp-json\/wp\/v2\/product\/6471","targetHints":{"allow":["GET"]}}],"collection":[{"href":"https:\/\/www.sportshine.eu\/de\/wp-json\/wp\/v2\/product"}],"about":[{"href":"https:\/\/www.sportshine.eu\/de\/wp-json\/wp\/v2\/types\/product"}],"replies":[{"embeddable":true,"href":"https:\/\/www.sportshine.eu\/de\/wp-json\/wp\/v2\/comments?post=6471"}],"version-history":[{"count":0,"href":"https:\/\/www.sportshine.eu\/de\/wp-json\/wp\/v2\/product\/6471\/revisions"}],"wp:featuredmedia":[{"embeddable":true,"href":"https:\/\/www.sportshine.eu\/de\/wp-json\/wp\/v2\/media\/6069"}],"wp:attachment":[{"href":"https:\/\/www.sportshine.eu\/de\/wp-json\/wp\/v2\/media?parent=6471"}],"wp:term":[{"taxonomy":"product_brand","embeddable":true,"href":"https:\/\/www.sportshine.eu\/de\/wp-json\/wp\/v2\/product_brand?post=6471"},{"taxonomy":"product_cat","embeddable":true,"href":"https:\/\/www.sportshine.eu\/de\/wp-json\/wp\/v2\/product_cat?post=6471"},{"taxonomy":"product_tag","embeddable":true,"href":"https:\/\/www.sportshine.eu\/de\/wp-json\/wp\/v2\/product_tag?post=6471"}],"curies":[{"name":"wp","href":"https:\/\/api.w.org\/{rel}","templated":true}]}}