{"id":6470,"date":"2025-07-05T19:57:29","date_gmt":"2025-07-05T19:57:29","guid":{"rendered":"https:\/\/www.sportshine.eu\/?post_type=product&#038;p=6470"},"modified":"2026-04-14T10:46:41","modified_gmt":"2026-04-14T10:46:41","slug":"magicshine-monteer-12000-mountainbike-licht","status":"publish","type":"product","link":"https:\/\/www.sportshine.eu\/de\/geschaft\/magicshine-monteer-12000-mountainbike-licht\/","title":{"rendered":"Magicshine MONTEER 12000 Mountainbike-Licht"},"content":{"rendered":"<h3 style=\"text-align: center;\">VIDEOPR\u00c4SENTATION MAGICSHINE MONTEER 12000<\/h3>\n<p><iframe loading=\"lazy\" title=\"MAGICSHINE MONTEER 12000 Mountainbike-Licht\" width=\"500\" height=\"281\" src=\"https:\/\/www.youtube.com\/embed\/XN-63CZaG7s?feature=oembed\" frameborder=\"0\" allow=\"accelerometer; autoplay; clipboard-write; encrypted-media; gyroscope; picture-in-picture; web-share\" referrerpolicy=\"strict-origin-when-cross-origin\" allowfullscreen><\/iframe><\/p>\n<h3><\/h3>\n<h3 style=\"text-align: center;\">\u00c4NDERN SIE DAS THEMA HEUTE<\/h3>\n<p style=\"text-align: center;\">Ausgestattet mit zwei separaten optischen Systemen mit f\u00fcnf erstklassigen LEDs strahlt es beeindruckende 12.000 Lumen aus, um Ihre anspruchsvollsten Trails zu beleuchten.<\/p>\n<p><img decoding=\"async\" class=\"aligncenter wp-image-7181\" src=\"https:\/\/www.sportshine.eu\/wp-content\/uploads\/2025\/07\/Monteer-12000-kolesarska-luc.webp\" alt=\"\" width=\"800\" height=\"600\" \/><\/p>\n<p>&nbsp;<\/p>\n<h3 style=\"text-align: center;\">BLENDFREIER LICHTSTRAHL UND MEHRWINKEL-SCHEINWERFERSTRAHL<\/h3>\n<p style=\"text-align: center;\">Der blendfreie Lichtstrahl ist mit einer Bruchlinie pr\u00e4zise abgestimmt und erm\u00f6glicht Ihnen so eine sichere Fahrt im Stadtverkehr, ohne den Gegenverkehr zu blenden.<br \/>\nEin speziell entwickelter Strahl mit mehr als vier Linsenwinkeln bietet eine umfassende Abdeckung und Reichweite, mehr als ausreichend f\u00fcr anspruchsvolles Gel\u00e4nde.<\/p>\n<p><img decoding=\"async\" class=\"aligncenter wp-image-7182\" src=\"https:\/\/www.sportshine.eu\/wp-content\/uploads\/2025\/07\/MONTEER_12000_3.webp\" alt=\"\" width=\"800\" height=\"600\" \/><\/p>\n<p>&nbsp;<\/p>\n<h3 style=\"text-align: center;\">LANGLEBIGER AKKU MIT SCHNELLEM LADEN UND ENTLADEN \u00dcBER USB-C<\/h3>\n<p style=\"text-align: center;\">Mit einem leistungsstarken 14,4-V-Akku mit 10.000 mAh bietet der Monteer 12000 eine beeindruckende Betriebszeit von 121 Stunden.<br \/>\nDer integrierte USB-C-Anschluss unterst\u00fctzt eine schnelle Stromein- und -ausgabe mit 60 W, sodass Sie unterwegs bequem Ihren Akku aufladen oder Ihren Computer, Ihr Smartphone und andere Ger\u00e4te mit Strom versorgen k\u00f6nnen.<\/p>\n<p><img decoding=\"async\" class=\"aligncenter wp-image-7184 size-full\" src=\"https:\/\/www.sportshine.eu\/wp-content\/uploads\/2025\/07\/MONTEER12000_7-1.webp\" alt=\"\" width=\"800\" height=\"800\" srcset=\"https:\/\/www.sportshine.eu\/wp-content\/uploads\/2025\/07\/MONTEER12000_7-1.webp 800w, https:\/\/www.sportshine.eu\/wp-content\/uploads\/2025\/07\/MONTEER12000_7-1-768x768.webp 768w, https:\/\/www.sportshine.eu\/wp-content\/uploads\/2025\/07\/MONTEER12000_7-1-600x600.webp 600w\" sizes=\"(max-width: 800px) 100vw, 800px\" \/><\/p>\n<p>&nbsp;<\/p>\n<h3 style=\"text-align: center;\">LEICHT ABLESBARE ANZEIGE<\/h3>\n<p style=\"text-align: center;\">Sowohl das Fahrradlicht als auch der Akkupack und die Fernbedienung verf\u00fcgen \u00fcber eine gut ablesbare Batteriestatusanzeige.<\/p>\n<p><img decoding=\"async\" class=\"aligncenter wp-image-7185\" src=\"https:\/\/www.sportshine.eu\/wp-content\/uploads\/2025\/07\/MONTEER_12000_1.webp\" alt=\"\" width=\"800\" height=\"600\" \/><\/p>\n<p>&nbsp;<\/p>\n<h3 style=\"text-align: center;\">KABELLOSE FERNBEDIENUNG<\/h3>\n<p style=\"text-align: center;\">Steuern Sie das Licht mit der kabellosen Fernbedienung und wechseln Sie mit einem Knopfdruck in den Vollhelligkeitsmodus.<\/p>\n<p><img decoding=\"async\" class=\"aligncenter wp-image-7186\" src=\"https:\/\/www.sportshine.eu\/wp-content\/uploads\/2025\/07\/MONTEER_12000_4.webp\" alt=\"\" width=\"800\" height=\"600\" \/><\/p>\n<p>&nbsp;<\/p>\n<h3 style=\"text-align: center;\">FUNKTIONIERT MIT DER APP<\/h3>\n<p style=\"text-align: center;\">Verbinden Sie die Lampe mit der MAGICSHINE-App und passen Sie die Beleuchtungseinstellungen Ihren Bed\u00fcrfnissen an.<\/p>\n<p><img decoding=\"async\" class=\"aligncenter wp-image-7187 size-full\" src=\"https:\/\/www.sportshine.eu\/wp-content\/uploads\/2025\/07\/MONTEER12000_6-1.webp\" alt=\"\" width=\"800\" height=\"800\" srcset=\"https:\/\/www.sportshine.eu\/wp-content\/uploads\/2025\/07\/MONTEER12000_6-1.webp 800w, https:\/\/www.sportshine.eu\/wp-content\/uploads\/2025\/07\/MONTEER12000_6-1-768x768.webp 768w, https:\/\/www.sportshine.eu\/wp-content\/uploads\/2025\/07\/MONTEER12000_6-1-600x600.webp 600w\" sizes=\"(max-width: 800px) 100vw, 800px\" \/><\/p>\n<p>&nbsp;<\/p>\n<h3 style=\"text-align: center;\">EINSTELLBARES LICHT MIT SICHERER HALTERUNG<\/h3>\n<p style=\"text-align: center;\">Der verstellbare Leuchtenkopf erm\u00f6glicht eine einfache und werkzeuglose Ausrichtung der Leuchte und die beidseitige Lenkerhalterung sorgt daf\u00fcr, dass die Fahrradleuchte auch bei Fahrten in sehr anspruchsvollem Gel\u00e4nde sicher an ihrem Platz bleibt.<\/p>\n<p><img decoding=\"async\" class=\"aligncenter wp-image-7188\" src=\"https:\/\/www.sportshine.eu\/wp-content\/uploads\/2025\/07\/MONTEER_12000_10.webp\" alt=\"\" width=\"800\" height=\"600\" \/><\/p>\n<p>&nbsp;<\/p>\n<h3 style=\"text-align: center;\">Fahrradhelmlicht<\/h3>\n<p style=\"text-align: center;\">Es ist eine vielseitige Helmhalterung erh\u00e4ltlich, mit der Sie die Leuchte sicher an Ihrem Helm befestigen k\u00f6nnen.<\/p>\n<p><img decoding=\"async\" class=\"aligncenter wp-image-7189\" src=\"https:\/\/www.sportshine.eu\/wp-content\/uploads\/2025\/07\/MONTEER_12000_6.webp\" alt=\"\" width=\"800\" height=\"600\" \/><\/p>\n<p>&nbsp;<\/p>\n<h3 style=\"text-align: center;\">EFFIZIENTE K\u00dcHLUNG DES FAHRRADLICHTS<\/h3>\n<p style=\"text-align: center;\">Ein innovatives K\u00fchlsystem mit physikalischer Luftf\u00fchrung, internem W\u00e4rmemanagement und K\u00fchlrippen sorgt f\u00fcr optimale Leistung w\u00e4hrend der gesamten Betriebsdauer.<\/p>\n<p><img decoding=\"async\" class=\"aligncenter wp-image-7190 size-full\" src=\"https:\/\/www.sportshine.eu\/wp-content\/uploads\/2025\/07\/MONTEER12000_8-1.webp\" alt=\"\" width=\"800\" height=\"800\" srcset=\"https:\/\/www.sportshine.eu\/wp-content\/uploads\/2025\/07\/MONTEER12000_8-1.webp 800w, https:\/\/www.sportshine.eu\/wp-content\/uploads\/2025\/07\/MONTEER12000_8-1-768x768.webp 768w, https:\/\/www.sportshine.eu\/wp-content\/uploads\/2025\/07\/MONTEER12000_8-1-600x600.webp 600w\" sizes=\"(max-width: 800px) 100vw, 800px\" \/><\/p>\n<p>&nbsp;<\/p>\n<h3 style=\"text-align: center;\">WASSERDICHTIGKEIT IPX6<\/h3>\n<p style=\"text-align: center;\">Der Magicshine MONTEER 12000 ist wasserdicht nach IPX6-Standard und f\u00fcr alle Wetterbedingungen ger\u00fcstet.<\/p>\n<p><img decoding=\"async\" class=\"aligncenter wp-image-7191\" src=\"https:\/\/www.sportshine.eu\/wp-content\/uploads\/2025\/07\/Monteer_8000V2.0_5.webp\" alt=\"\" width=\"800\" height=\"600\" \/><\/p>\n<p>&nbsp;<\/p>\n<h3 style=\"text-align: center;\">SIE ERHALTEN IM PAKET<\/h3>\n<p style=\"text-align: center;\">MOUNTER 12000 *1<br \/>\nAkkupack MJ-6398 *1<br \/>\nFernbedienung MJ-6508 (inkl. Gurt) *1<br \/>\nHelmhalter *1<br \/>\nDoppelseitige Lenkerhalterung *1<br \/>\nNylon-Abstandshalter *4<br \/>\nKabelverl\u00e4ngerung *1<br \/>\nHelmbefestigungsgurte *2<br \/>\nBatteriebefestigungsb\u00e4nder *2<br \/>\nUSB-C-Ladekabel *1<br \/>\n3 mm dicker Inbusschl\u00fcssel *1<br \/>\nGarantiezertifikat *1<\/p>\n<p><img decoding=\"async\" class=\"aligncenter wp-image-7192\" src=\"https:\/\/www.sportshine.eu\/wp-content\/uploads\/2025\/07\/Monteer_12000_packinglist_2.webp\" alt=\"\" width=\"800\" height=\"600\" \/><\/p>\n<p>&nbsp;<\/p>\n<p>&nbsp;<\/p>","protected":false},"excerpt":{"rendered":"<p>Das neue MONTEER 12000 ist unser bisher leistungsst\u00e4rkstes Fahrradlicht und wurde speziell f\u00fcr Mountainbiken, Trailfahren, Stra\u00dfenrennen und Stadtfahrten entwickelt.<\/p>\n<p style=\"text-align: left;\">Haupteigenschaften:<br \/>\n\u2714 Maximale Lumen: 12000 LM<br \/>\n\u2714 Akkukapazit\u00e4t: 14,4V\/10.000mAh (144Wh)<br \/>\n\u2714 Maximale Betriebsdauer: 121 Stunden<br \/>\n\u2714 Maximale Leuchtweite: 360 Meter<br \/>\n\u2714 Flutlicht mit Schnittlinie und Spotlight: Unterst\u00fctzung<br \/>\n\u2714 Wasserbest\u00e4ndigkeit: IPX6<br \/>\n\u2714 Ladeger\u00e4t: USB-C (Laden und Entladen)<br \/>\n\u2714 Fernbedienung: Unterst\u00fctzung<br \/>\n\u2714 Anpassung per App: Support<\/p>\n<p>&nbsp;<\/p>","protected":false},"featured_media":6061,"comment_status":"open","ping_status":"closed","template":"","meta":[],"product_brand":[131],"product_cat":[82,150],"product_tag":[],"class_list":{"0":"post-6470","1":"product","2":"type-product","3":"status-publish","4":"has-post-thumbnail","6":"product_brand-magicshine","7":"product_cat-kolesarske-luci","8":"product_cat-sprednje-kolesarske-luci","10":"first","11":"instock","12":"sale","13":"taxable","14":"shipping-taxable","15":"purchasable","16":"product-type-simple"},"yoast_head":"<!-- This site is optimized with the Yoast SEO plugin v27.3 - https:\/\/yoast.com\/product\/yoast-seo-wordpress\/ -->\n<title>Magicshine MONTEER 12000 | Najmo\u010dnej\u0161a kolesarska lu\u010d<\/title>\n<meta name=\"description\" content=\"Gorska kolesarska lu\u010d MONTEER 12000 je na\u0161a najmo\u010dnej\u0161a kolesarska lu\u010d do zdaj, zasnovana posebej za gorsko kolesarstvo in pre\u010dkanje gorskih poti.\" \/>\n<meta name=\"robots\" content=\"index, follow, max-snippet:-1, max-image-preview:large, max-video-preview:-1\" \/>\n<link rel=\"canonical\" href=\"https:\/\/www.sportshine.eu\/de\/geschaft\/magicshine-monteer-12000-mountainbike-licht\/\" \/>\n<meta property=\"og:locale\" content=\"de_DE\" \/>\n<meta property=\"og:type\" content=\"article\" \/>\n<meta property=\"og:title\" content=\"Magicshine MONTEER 12000 | Najmo\u010dnej\u0161a kolesarska lu\u010d\" \/>\n<meta property=\"og:description\" content=\"Gorska kolesarska lu\u010d MONTEER 12000 je na\u0161a najmo\u010dnej\u0161a kolesarska lu\u010d do zdaj, zasnovana posebej za gorsko kolesarstvo in pre\u010dkanje gorskih poti.\" \/>\n<meta property=\"og:url\" content=\"https:\/\/www.sportshine.eu\/de\/geschaft\/magicshine-monteer-12000-mountainbike-licht\/\" \/>\n<meta property=\"og:site_name\" content=\"Sportshine\" \/>\n<meta property=\"article:publisher\" content=\"https:\/\/www.facebook.com\/sportshine.eu\/\" \/>\n<meta property=\"article:modified_time\" content=\"2026-04-14T10:46:41+00:00\" \/>\n<meta property=\"og:image\" content=\"https:\/\/www.sportshine.eu\/wp-content\/uploads\/2025\/07\/MONTEER12000bikeradar.webp\" \/>\n\t<meta property=\"og:image:width\" content=\"800\" \/>\n\t<meta property=\"og:image:height\" content=\"800\" \/>\n\t<meta property=\"og:image:type\" content=\"image\/webp\" \/>\n<meta name=\"twitter:card\" content=\"summary_large_image\" \/>\n<meta name=\"twitter:label1\" content=\"Gesch\u00e4tzte Lesezeit\" \/>\n\t<meta name=\"twitter:data1\" content=\"5 Minuten\" \/>\n<script type=\"application\/ld+json\" class=\"yoast-schema-graph\">{\"@context\":\"https:\\\/\\\/schema.org\",\"@graph\":[{\"@type\":\"WebPage\",\"@id\":\"https:\\\/\\\/www.sportshine.eu\\\/trgovina\\\/magicshine-monteer-12000-gorska-kolesarska-luc\\\/\",\"url\":\"https:\\\/\\\/www.sportshine.eu\\\/trgovina\\\/magicshine-monteer-12000-gorska-kolesarska-luc\\\/\",\"name\":\"Magicshine MONTEER 12000 | Najmo\u010dnej\u0161a kolesarska lu\u010d\",\"isPartOf\":{\"@id\":\"https:\\\/\\\/www.sportshine.eu\\\/#website\"},\"primaryImageOfPage\":{\"@id\":\"https:\\\/\\\/www.sportshine.eu\\\/trgovina\\\/magicshine-monteer-12000-gorska-kolesarska-luc\\\/#primaryimage\"},\"image\":{\"@id\":\"https:\\\/\\\/www.sportshine.eu\\\/trgovina\\\/magicshine-monteer-12000-gorska-kolesarska-luc\\\/#primaryimage\"},\"thumbnailUrl\":\"https:\\\/\\\/www.sportshine.eu\\\/wp-content\\\/uploads\\\/2025\\\/07\\\/MONTEER12000bikeradar.webp\",\"datePublished\":\"2025-07-05T19:57:29+00:00\",\"dateModified\":\"2026-04-14T10:46:41+00:00\",\"description\":\"Gorska kolesarska lu\u010d MONTEER 12000 je na\u0161a najmo\u010dnej\u0161a kolesarska lu\u010d do zdaj, zasnovana posebej za gorsko kolesarstvo in pre\u010dkanje gorskih poti.\",\"breadcrumb\":{\"@id\":\"https:\\\/\\\/www.sportshine.eu\\\/trgovina\\\/magicshine-monteer-12000-gorska-kolesarska-luc\\\/#breadcrumb\"},\"inLanguage\":\"de-AT\",\"potentialAction\":[{\"@type\":\"ReadAction\",\"target\":[\"https:\\\/\\\/www.sportshine.eu\\\/trgovina\\\/magicshine-monteer-12000-gorska-kolesarska-luc\\\/\"]}]},{\"@type\":\"ImageObject\",\"inLanguage\":\"de-AT\",\"@id\":\"https:\\\/\\\/www.sportshine.eu\\\/trgovina\\\/magicshine-monteer-12000-gorska-kolesarska-luc\\\/#primaryimage\",\"url\":\"https:\\\/\\\/www.sportshine.eu\\\/wp-content\\\/uploads\\\/2025\\\/07\\\/MONTEER12000bikeradar.webp\",\"contentUrl\":\"https:\\\/\\\/www.sportshine.eu\\\/wp-content\\\/uploads\\\/2025\\\/07\\\/MONTEER12000bikeradar.webp\",\"width\":800,\"height\":800},{\"@type\":\"BreadcrumbList\",\"@id\":\"https:\\\/\\\/www.sportshine.eu\\\/trgovina\\\/magicshine-monteer-12000-gorska-kolesarska-luc\\\/#breadcrumb\",\"itemListElement\":[{\"@type\":\"ListItem\",\"position\":1,\"name\":\"Home\",\"item\":\"https:\\\/\\\/www.sportshine.eu\\\/\"},{\"@type\":\"ListItem\",\"position\":2,\"name\":\"Trgovina\",\"item\":\"https:\\\/\\\/www.sportshine.eu\\\/trgovina\\\/\"},{\"@type\":\"ListItem\",\"position\":3,\"name\":\"Magicshine MONTEER 12000 gorska kolesarska lu\u010d\"}]},{\"@type\":\"WebSite\",\"@id\":\"https:\\\/\\\/www.sportshine.eu\\\/#website\",\"url\":\"https:\\\/\\\/www.sportshine.eu\\\/\",\"name\":\"Sportshine\",\"description\":\"Top spletna trgovina kolesarskih in naglavnih svetilk ter opreme\",\"publisher\":{\"@id\":\"https:\\\/\\\/www.sportshine.eu\\\/#organization\"},\"potentialAction\":[{\"@type\":\"SearchAction\",\"target\":{\"@type\":\"EntryPoint\",\"urlTemplate\":\"https:\\\/\\\/www.sportshine.eu\\\/?s={search_term_string}\"},\"query-input\":{\"@type\":\"PropertyValueSpecification\",\"valueRequired\":true,\"valueName\":\"search_term_string\"}}],\"inLanguage\":\"de-AT\"},{\"@type\":\"Organization\",\"@id\":\"https:\\\/\\\/www.sportshine.eu\\\/#organization\",\"name\":\"Sportshine\",\"url\":\"https:\\\/\\\/www.sportshine.eu\\\/\",\"logo\":{\"@type\":\"ImageObject\",\"inLanguage\":\"de-AT\",\"@id\":\"https:\\\/\\\/www.sportshine.eu\\\/#\\\/schema\\\/logo\\\/image\\\/\",\"url\":\"https:\\\/\\\/www.sportshine.eu\\\/wp-content\\\/uploads\\\/2026\\\/01\\\/cropped-Sportshine.webp\",\"contentUrl\":\"https:\\\/\\\/www.sportshine.eu\\\/wp-content\\\/uploads\\\/2026\\\/01\\\/cropped-Sportshine.webp\",\"width\":295,\"height\":128,\"caption\":\"Sportshine\"},\"image\":{\"@id\":\"https:\\\/\\\/www.sportshine.eu\\\/#\\\/schema\\\/logo\\\/image\\\/\"},\"sameAs\":[\"https:\\\/\\\/www.facebook.com\\\/sportshine.eu\\\/\"]}]}<\/script>\n<!-- \/ Yoast SEO plugin. -->","yoast_head_json":{"title":"Magicshine MONTEER 12000 | Das leistungsst\u00e4rkste Fahrradlicht","description":"Das Mountainbike-Licht MONTEER 12000 ist unser bisher leistungsst\u00e4rkstes Fahrradlicht und wurde speziell f\u00fcr das Mountainbiken und das Befahren von Bergpfaden entwickelt.","robots":{"index":"index","follow":"follow","max-snippet":"max-snippet:-1","max-image-preview":"max-image-preview:large","max-video-preview":"max-video-preview:-1"},"canonical":"https:\/\/www.sportshine.eu\/de\/geschaft\/magicshine-monteer-12000-mountainbike-licht\/","og_locale":"de_DE","og_type":"article","og_title":"Magicshine MONTEER 12000 | Najmo\u010dnej\u0161a kolesarska lu\u010d","og_description":"Gorska kolesarska lu\u010d MONTEER 12000 je na\u0161a najmo\u010dnej\u0161a kolesarska lu\u010d do zdaj, zasnovana posebej za gorsko kolesarstvo in pre\u010dkanje gorskih poti.","og_url":"https:\/\/www.sportshine.eu\/de\/geschaft\/magicshine-monteer-12000-mountainbike-licht\/","og_site_name":"Sportshine","article_publisher":"https:\/\/www.facebook.com\/sportshine.eu\/","article_modified_time":"2026-04-14T10:46:41+00:00","og_image":[{"width":800,"height":800,"url":"https:\/\/www.sportshine.eu\/wp-content\/uploads\/2025\/07\/MONTEER12000bikeradar.webp","type":"image\/webp"}],"twitter_card":"summary_large_image","twitter_misc":{"Gesch\u00e4tzte Lesezeit":"5 Minuten"},"schema":{"@context":"https:\/\/schema.org","@graph":[{"@type":"WebPage","@id":"https:\/\/www.sportshine.eu\/trgovina\/magicshine-monteer-12000-gorska-kolesarska-luc\/","url":"https:\/\/www.sportshine.eu\/trgovina\/magicshine-monteer-12000-gorska-kolesarska-luc\/","name":"Magicshine MONTEER 12000 | Das leistungsst\u00e4rkste Fahrradlicht","isPartOf":{"@id":"https:\/\/www.sportshine.eu\/#website"},"primaryImageOfPage":{"@id":"https:\/\/www.sportshine.eu\/trgovina\/magicshine-monteer-12000-gorska-kolesarska-luc\/#primaryimage"},"image":{"@id":"https:\/\/www.sportshine.eu\/trgovina\/magicshine-monteer-12000-gorska-kolesarska-luc\/#primaryimage"},"thumbnailUrl":"https:\/\/www.sportshine.eu\/wp-content\/uploads\/2025\/07\/MONTEER12000bikeradar.webp","datePublished":"2025-07-05T19:57:29+00:00","dateModified":"2026-04-14T10:46:41+00:00","description":"Das Mountainbike-Licht MONTEER 12000 ist unser bisher leistungsst\u00e4rkstes Fahrradlicht und wurde speziell f\u00fcr das Mountainbiken und das Befahren von Bergpfaden entwickelt.","breadcrumb":{"@id":"https:\/\/www.sportshine.eu\/trgovina\/magicshine-monteer-12000-gorska-kolesarska-luc\/#breadcrumb"},"inLanguage":"de-AT","potentialAction":[{"@type":"ReadAction","target":["https:\/\/www.sportshine.eu\/trgovina\/magicshine-monteer-12000-gorska-kolesarska-luc\/"]}]},{"@type":"ImageObject","inLanguage":"de-AT","@id":"https:\/\/www.sportshine.eu\/trgovina\/magicshine-monteer-12000-gorska-kolesarska-luc\/#primaryimage","url":"https:\/\/www.sportshine.eu\/wp-content\/uploads\/2025\/07\/MONTEER12000bikeradar.webp","contentUrl":"https:\/\/www.sportshine.eu\/wp-content\/uploads\/2025\/07\/MONTEER12000bikeradar.webp","width":800,"height":800},{"@type":"BreadcrumbList","@id":"https:\/\/www.sportshine.eu\/trgovina\/magicshine-monteer-12000-gorska-kolesarska-luc\/#breadcrumb","itemListElement":[{"@type":"ListItem","position":1,"name":"Home","item":"https:\/\/www.sportshine.eu\/"},{"@type":"ListItem","position":2,"name":"Trgovina","item":"https:\/\/www.sportshine.eu\/trgovina\/"},{"@type":"ListItem","position":3,"name":"Magicshine MONTEER 12000 gorska kolesarska lu\u010d"}]},{"@type":"WebSite","@id":"https:\/\/www.sportshine.eu\/#website","url":"https:\/\/www.sportshine.eu\/","name":"Sportshine","description":"Top Online-Shop f\u00fcr Fahrrad- und Stirnlampen sowie Zubeh\u00f6r","publisher":{"@id":"https:\/\/www.sportshine.eu\/#organization"},"potentialAction":[{"@type":"SearchAction","target":{"@type":"EntryPoint","urlTemplate":"https:\/\/www.sportshine.eu\/?s={search_term_string}"},"query-input":{"@type":"PropertyValueSpecification","valueRequired":true,"valueName":"search_term_string"}}],"inLanguage":"de-AT"},{"@type":"Organization","@id":"https:\/\/www.sportshine.eu\/#organization","name":"Sportshine","url":"https:\/\/www.sportshine.eu\/","logo":{"@type":"ImageObject","inLanguage":"de-AT","@id":"https:\/\/www.sportshine.eu\/#\/schema\/logo\/image\/","url":"https:\/\/www.sportshine.eu\/wp-content\/uploads\/2026\/01\/cropped-Sportshine.webp","contentUrl":"https:\/\/www.sportshine.eu\/wp-content\/uploads\/2026\/01\/cropped-Sportshine.webp","width":295,"height":128,"caption":"Sportshine"},"image":{"@id":"https:\/\/www.sportshine.eu\/#\/schema\/logo\/image\/"},"sameAs":["https:\/\/www.facebook.com\/sportshine.eu\/"]}]}},"_links":{"self":[{"href":"https:\/\/www.sportshine.eu\/de\/wp-json\/wp\/v2\/product\/6470","targetHints":{"allow":["GET"]}}],"collection":[{"href":"https:\/\/www.sportshine.eu\/de\/wp-json\/wp\/v2\/product"}],"about":[{"href":"https:\/\/www.sportshine.eu\/de\/wp-json\/wp\/v2\/types\/product"}],"replies":[{"embeddable":true,"href":"https:\/\/www.sportshine.eu\/de\/wp-json\/wp\/v2\/comments?post=6470"}],"version-history":[{"count":1,"href":"https:\/\/www.sportshine.eu\/de\/wp-json\/wp\/v2\/product\/6470\/revisions"}],"predecessor-version":[{"id":10362,"href":"https:\/\/www.sportshine.eu\/de\/wp-json\/wp\/v2\/product\/6470\/revisions\/10362"}],"wp:featuredmedia":[{"embeddable":true,"href":"https:\/\/www.sportshine.eu\/de\/wp-json\/wp\/v2\/media\/6061"}],"wp:attachment":[{"href":"https:\/\/www.sportshine.eu\/de\/wp-json\/wp\/v2\/media?parent=6470"}],"wp:term":[{"taxonomy":"product_brand","embeddable":true,"href":"https:\/\/www.sportshine.eu\/de\/wp-json\/wp\/v2\/product_brand?post=6470"},{"taxonomy":"product_cat","embeddable":true,"href":"https:\/\/www.sportshine.eu\/de\/wp-json\/wp\/v2\/product_cat?post=6470"},{"taxonomy":"product_tag","embeddable":true,"href":"https:\/\/www.sportshine.eu\/de\/wp-json\/wp\/v2\/product_tag?post=6470"}],"curies":[{"name":"wp","href":"https:\/\/api.w.org\/{rel}","templated":true}]}}