{"id":6468,"date":"2025-07-05T19:57:27","date_gmt":"2025-07-05T19:57:27","guid":{"rendered":"https:\/\/www.sportshine.eu\/?post_type=product&#038;p=6468"},"modified":"2026-04-19T09:15:42","modified_gmt":"2026-04-19T09:15:42","slug":"magicshine-ray-2600b-fahrradlicht","status":"publish","type":"product","link":"https:\/\/www.sportshine.eu\/de\/geschaft\/magicshine-ray-2600b-fahrradlicht\/","title":{"rendered":"Magicshine RAY 2600B Fahrradlicht"},"content":{"rendered":"<p><img decoding=\"async\" class=\"wp-image-7195 size-full aligncenter\" src=\"https:\/\/www.sportshine.eu\/wp-content\/uploads\/2025\/07\/magicshine_bike_light_ray_2600.webp\" alt=\"\" width=\"1024\" height=\"439\" srcset=\"https:\/\/www.sportshine.eu\/wp-content\/uploads\/2025\/07\/magicshine_bike_light_ray_2600.webp 1024w, https:\/\/www.sportshine.eu\/wp-content\/uploads\/2025\/07\/magicshine_bike_light_ray_2600-768x329.webp 768w, https:\/\/www.sportshine.eu\/wp-content\/uploads\/2025\/07\/magicshine_bike_light_ray_2600-600x257.webp 600w\" sizes=\"(max-width: 1024px) 100vw, 1024px\" \/><\/p>\n<h3 style=\"text-align: center;\">VIDEOPR\u00c4SENTATION VON MAGICSHINE RAY 2600B<\/h3>\n<p><iframe loading=\"lazy\" title=\"MAGICSHINE RAY 1600B &amp; RAY 2600B Fahrrad-Frontlicht (Version mit kabelloser Fernbedienung)\" width=\"500\" height=\"281\" src=\"https:\/\/www.youtube.com\/embed\/PZxC-ykV2Lw?feature=oembed\" frameborder=\"0\" allow=\"accelerometer; autoplay; clipboard-write; encrypted-media; gyroscope; picture-in-picture; web-share\" referrerpolicy=\"strict-origin-when-cross-origin\" allowfullscreen><\/iframe><\/p>\n<h3 style=\"text-align: center;\">ERLEUCHTE DEINEN WEG<\/h3>\n<p style=\"text-align: center;\">Mit zwei LED-Scheinwerfern und bis zu 2600 Lumen Lichtleistung bringt Sie der RAY 2600B sicher durch jede Situation.<\/p>\n<p><img decoding=\"async\" class=\"aligncenter wp-image-7196 size-full\" src=\"https:\/\/www.sportshine.eu\/wp-content\/uploads\/2025\/07\/2600B2-1.webp\" alt=\"\" width=\"800\" height=\"800\" srcset=\"https:\/\/www.sportshine.eu\/wp-content\/uploads\/2025\/07\/2600B2-1.webp 800w, https:\/\/www.sportshine.eu\/wp-content\/uploads\/2025\/07\/2600B2-1-768x768.webp 768w, https:\/\/www.sportshine.eu\/wp-content\/uploads\/2025\/07\/2600B2-1-600x600.webp 600w\" sizes=\"(max-width: 800px) 100vw, 800px\" \/><\/p>\n<h3 style=\"text-align: center;\">KOMBINIERTER BETRIEB VON SPOTLIGHT UND HYBRIDMODUS<\/h3>\n<p style=\"text-align: center;\">Der Scheinwerfer mit kurzer Reichweite und der Hybrid mit gro\u00dfer Reichweite bieten eine hervorragende Streckenabdeckung. Mehr als genug, um Stadtstra\u00dfen und anspruchsvolles Gel\u00e4nde zu bew\u00e4ltigen.<\/p>\n<p><img decoding=\"async\" class=\"aligncenter wp-image-7197\" src=\"https:\/\/www.sportshine.eu\/wp-content\/uploads\/2025\/07\/RAY_2600B_1.webp\" alt=\"\" width=\"800\" height=\"600\" \/><\/p>\n<h3 style=\"text-align: center;\">INSTALLIEREN SIE DIE APP<\/h3>\n<p style=\"text-align: center;\">Verbinden Sie das Fahrradlicht RAY 2600B mit der Magicshine-App, f\u00fcgen Sie neue Modi hinzu oder passen Sie die Helligkeit nach Ihren W\u00fcnschen an.<\/p>\n<p><img decoding=\"async\" class=\"aligncenter wp-image-7198 size-full\" src=\"https:\/\/www.sportshine.eu\/wp-content\/uploads\/2025\/07\/RAY_2600B_3-1.webp\" alt=\"\" width=\"800\" height=\"800\" srcset=\"https:\/\/www.sportshine.eu\/wp-content\/uploads\/2025\/07\/RAY_2600B_3-1.webp 800w, https:\/\/www.sportshine.eu\/wp-content\/uploads\/2025\/07\/RAY_2600B_3-1-768x768.webp 768w, https:\/\/www.sportshine.eu\/wp-content\/uploads\/2025\/07\/RAY_2600B_3-1-600x600.webp 600w\" sizes=\"(max-width: 800px) 100vw, 800px\" \/><\/p>\n<h3 style=\"text-align: center;\">EINGEBAUTER SMART-SENSOR<\/h3>\n<p style=\"text-align: center;\">Dank eines integrierten intelligenten Sensors wird das Licht beim Einfahren in einen Tunnel automatisch heller oder wechselt w\u00e4hrend eines Stopps in den Ruhemodus, um Energie zu sparen.<\/p>\n<p><img decoding=\"async\" class=\"aligncenter wp-image-7199\" src=\"https:\/\/www.sportshine.eu\/wp-content\/uploads\/2025\/07\/RAY_2600B_3-1-1.webp\" alt=\"\" width=\"800\" height=\"600\" \/><\/p>\n<h3 style=\"text-align: center;\">KABELLOSE FERNBEDIENUNG<\/h3>\n<p style=\"text-align: center;\">Passen Sie die Helligkeitsmodi mit der kabellosen Fernbedienung an oder wechseln Sie per Knopfdruck sofort in den Vollleistungsmodus. So bleiben Ihre H\u00e4nde dort, wo sie hingeh\u00f6ren \u2013 am Lenker!<\/p>\n<p><img decoding=\"async\" class=\"aligncenter wp-image-7200 size-full\" src=\"https:\/\/www.sportshine.eu\/wp-content\/uploads\/2025\/07\/Ray-luc-1.webp\" alt=\"\" width=\"800\" height=\"800\" srcset=\"https:\/\/www.sportshine.eu\/wp-content\/uploads\/2025\/07\/Ray-luc-1.webp 800w, https:\/\/www.sportshine.eu\/wp-content\/uploads\/2025\/07\/Ray-luc-1-768x768.webp 768w, https:\/\/www.sportshine.eu\/wp-content\/uploads\/2025\/07\/Ray-luc-1-600x600.webp 600w\" sizes=\"(max-width: 800px) 100vw, 800px\" \/><\/p>\n<h3 style=\"text-align: center;\">LANGLEBIGER AKKU MIT USB-C-LADUNG<\/h3>\n<p style=\"text-align: center;\">Mit seinem integrierten 6700 mAh Akku \u00fcberzeugt der RAY 2600B mit einer Akkulaufzeit von beeindruckenden 14,5 Stunden. \u00dcber den USB-C-Ladeanschluss k\u00f6nnen Sie den Akku unterwegs wieder aufladen oder externe Ger\u00e4te wie Fahrradcomputer oder Smartphones aufladen.<\/p>\n<p><img decoding=\"async\" class=\"aligncenter wp-image-7201\" src=\"https:\/\/www.sportshine.eu\/wp-content\/uploads\/2025\/07\/RAY_2600B_5.webp\" alt=\"\" width=\"800\" height=\"600\" \/><\/p>\n<h3 style=\"text-align: center;\">EINE GUTE WAHL F\u00dcR DIE MONTAGE EINER HELMLEUCHTE<\/h3>\n<p style=\"text-align: center;\">Der RAY 2600B kann auch als Helmlicht verwendet werden und macht Ihre Nachtfahrten sicherer.<\/p>\n<p><img decoding=\"async\" class=\"aligncenter wp-image-7202 size-full\" src=\"https:\/\/www.sportshine.eu\/wp-content\/uploads\/2025\/07\/led-svetilka-1.webp\" alt=\"\" width=\"800\" height=\"800\" srcset=\"https:\/\/www.sportshine.eu\/wp-content\/uploads\/2025\/07\/led-svetilka-1.webp 800w, https:\/\/www.sportshine.eu\/wp-content\/uploads\/2025\/07\/led-svetilka-1-768x768.webp 768w, https:\/\/www.sportshine.eu\/wp-content\/uploads\/2025\/07\/led-svetilka-1-600x600.webp 600w\" sizes=\"(max-width: 800px) 100vw, 800px\" \/><\/p>\n<h3 style=\"text-align: center;\">WASSERDICHTIGKEIT IPX6<\/h3>\n<p style=\"text-align: center;\">Das Aluminiumgeh\u00e4use leitet die W\u00e4rme effektiv ab, widersteht Witterungseinfl\u00fcssen und sch\u00fctzt die Leuchte auch bei starkem Regen oder N\u00e4sse.<\/p>\n<p><img decoding=\"async\" class=\"aligncenter wp-image-7203 size-full\" src=\"https:\/\/www.sportshine.eu\/wp-content\/uploads\/2025\/07\/kolesarska-luc-9.webp\" alt=\"\" width=\"800\" height=\"800\" srcset=\"https:\/\/www.sportshine.eu\/wp-content\/uploads\/2025\/07\/kolesarska-luc-9.webp 800w, https:\/\/www.sportshine.eu\/wp-content\/uploads\/2025\/07\/kolesarska-luc-9-768x768.webp 768w, https:\/\/www.sportshine.eu\/wp-content\/uploads\/2025\/07\/kolesarska-luc-9-600x600.webp 600w\" sizes=\"(max-width: 800px) 100vw, 800px\" \/><\/p>\n<h3 style=\"text-align: center;\">HELLIGKEITSREGLERTASTE ZUM AUF- UND ABNEHMEN MIT GUT LESBAREN ANZEIGEN<\/h3>\n<p style=\"text-align: center;\">Passen Sie die Helligkeit mit dem Helligkeitsregler direkt an der Lampe an. Pr\u00e4zise Anzeigen an Leuchteinheit und Fernbedienung zeigen Ihnen die verbleibende Akkukapazit\u00e4t an. Dank der Modus-Memory-Funktion k\u00f6nnen Sie schnell in Ihr n\u00e4chstes Raderlebnis eintauchen.<\/p>\n<p><img decoding=\"async\" class=\"aligncenter wp-image-7204\" src=\"https:\/\/www.sportshine.eu\/wp-content\/uploads\/2025\/07\/kolesarska-luc-Magicshine.webp\" alt=\"\" width=\"800\" height=\"600\" \/><\/p>\n<h3 style=\"text-align: center;\">SIE ERHALTEN IM PAKET<\/h3>\n<p style=\"text-align: center;\">RAY 2600B Fahrradlicht *1<br \/>\nGoPro-Adapter *1<br \/>\nFernbedienung MJ-6508 (inkl. Gurt) *1<br \/>\nKompatible B\u00e4nder *4<br \/>\n3 mm Sechskantschl\u00fcssel *1<br \/>\nUSB-C-Kabel *1<\/p>\n<p><img decoding=\"async\" class=\"aligncenter wp-image-7205\" src=\"https:\/\/www.sportshine.eu\/wp-content\/uploads\/2025\/07\/RAY_2600B_pl.webp\" alt=\"\" width=\"800\" height=\"600\" \/><\/p>","protected":false},"excerpt":{"rendered":"<p>\u2714 Maximale Lumen: 2600 LM<br \/>\n\u2714 Maximale Betriebsdauer: 14,5 Stunden<br \/>\n\u2714 Ladeger\u00e4t: USB-C<br \/>\n\u2714 Wasserbest\u00e4ndigkeit: IPX6<br \/>\n\u2714 Anwendungen: Ja, unterst\u00fctzte Verwendung<br \/>\n\u2714 Drahtlose Fernbedienung: JA<\/p>\n<p>Das Magicshine RAY 2600B ist ein leistungsstarkes Fahrradlicht mit einem Dual-LED-System, das 2600 Lumen Lichtleistung liefert. Es eignet sich f\u00fcr Mountainbiken, Rennradfahren und den t\u00e4glichen Weg zur Arbeit.<\/p>","protected":false},"featured_media":6052,"comment_status":"open","ping_status":"closed","template":"","meta":[],"product_brand":[131],"product_cat":[82,150],"product_tag":[],"class_list":{"0":"post-6468","1":"product","2":"type-product","3":"status-publish","4":"has-post-thumbnail","6":"product_brand-magicshine","7":"product_cat-kolesarske-luci","8":"product_cat-sprednje-kolesarske-luci","10":"first","11":"instock","12":"sale","13":"taxable","14":"shipping-taxable","15":"purchasable","16":"product-type-simple"},"yoast_head":"<!-- This site is optimized with the Yoast SEO plugin v27.3 - https:\/\/yoast.com\/product\/yoast-seo-wordpress\/ -->\n<title>Magicshine RAY 2600B kolesarska lu\u010d<\/title>\n<meta name=\"description\" content=\"Magicshine RAY 2600B kolesarska lu\u010d je zmogljiva lu\u010d z dvojnim LED-sistemom. Primerna za gorsko kolesarjenje, cestno kolesarjenje in vsakodnevno vo\u017enjo.\" \/>\n<meta name=\"robots\" content=\"index, follow, max-snippet:-1, max-image-preview:large, max-video-preview:-1\" \/>\n<link rel=\"canonical\" href=\"https:\/\/www.sportshine.eu\/de\/geschaft\/magicshine-ray-2600b-fahrradlicht\/\" \/>\n<meta property=\"og:locale\" content=\"de_DE\" \/>\n<meta property=\"og:type\" content=\"article\" \/>\n<meta property=\"og:title\" content=\"Magicshine RAY 2600B kolesarska lu\u010d\" \/>\n<meta property=\"og:description\" content=\"Magicshine RAY 2600B kolesarska lu\u010d je zmogljiva lu\u010d z dvojnim LED-sistemom. Primerna za gorsko kolesarjenje, cestno kolesarjenje in vsakodnevno vo\u017enjo.\" \/>\n<meta property=\"og:url\" content=\"https:\/\/www.sportshine.eu\/de\/geschaft\/magicshine-ray-2600b-fahrradlicht\/\" \/>\n<meta property=\"og:site_name\" content=\"Sportshine\" \/>\n<meta property=\"article:publisher\" content=\"https:\/\/www.facebook.com\/sportshine.eu\/\" \/>\n<meta property=\"article:modified_time\" content=\"2026-04-19T09:15:42+00:00\" \/>\n<meta property=\"og:image\" content=\"https:\/\/www.sportshine.eu\/wp-content\/uploads\/2025\/07\/Magicshine-RAY2600B-kolesarska-luc.webp\" \/>\n\t<meta property=\"og:image:width\" content=\"800\" \/>\n\t<meta property=\"og:image:height\" content=\"800\" \/>\n\t<meta property=\"og:image:type\" content=\"image\/webp\" \/>\n<meta name=\"twitter:card\" content=\"summary_large_image\" \/>\n<meta name=\"twitter:label1\" content=\"Gesch\u00e4tzte Lesezeit\" \/>\n\t<meta name=\"twitter:data1\" content=\"5 Minuten\" \/>\n<script type=\"application\/ld+json\" class=\"yoast-schema-graph\">{\"@context\":\"https:\\\/\\\/schema.org\",\"@graph\":[{\"@type\":\"WebPage\",\"@id\":\"https:\\\/\\\/www.sportshine.eu\\\/trgovina\\\/magicshine-ray-2600b-kolesarska-luc\\\/\",\"url\":\"https:\\\/\\\/www.sportshine.eu\\\/trgovina\\\/magicshine-ray-2600b-kolesarska-luc\\\/\",\"name\":\"Magicshine RAY 2600B kolesarska lu\u010d\",\"isPartOf\":{\"@id\":\"https:\\\/\\\/www.sportshine.eu\\\/#website\"},\"primaryImageOfPage\":{\"@id\":\"https:\\\/\\\/www.sportshine.eu\\\/trgovina\\\/magicshine-ray-2600b-kolesarska-luc\\\/#primaryimage\"},\"image\":{\"@id\":\"https:\\\/\\\/www.sportshine.eu\\\/trgovina\\\/magicshine-ray-2600b-kolesarska-luc\\\/#primaryimage\"},\"thumbnailUrl\":\"https:\\\/\\\/www.sportshine.eu\\\/wp-content\\\/uploads\\\/2025\\\/07\\\/Magicshine-RAY2600B-kolesarska-luc.webp\",\"datePublished\":\"2025-07-05T19:57:27+00:00\",\"dateModified\":\"2026-04-19T09:15:42+00:00\",\"description\":\"Magicshine RAY 2600B kolesarska lu\u010d je zmogljiva lu\u010d z dvojnim LED-sistemom. Primerna za gorsko kolesarjenje, cestno kolesarjenje in vsakodnevno vo\u017enjo.\",\"breadcrumb\":{\"@id\":\"https:\\\/\\\/www.sportshine.eu\\\/trgovina\\\/magicshine-ray-2600b-kolesarska-luc\\\/#breadcrumb\"},\"inLanguage\":\"de-AT\",\"potentialAction\":[{\"@type\":\"ReadAction\",\"target\":[\"https:\\\/\\\/www.sportshine.eu\\\/trgovina\\\/magicshine-ray-2600b-kolesarska-luc\\\/\"]}]},{\"@type\":\"ImageObject\",\"inLanguage\":\"de-AT\",\"@id\":\"https:\\\/\\\/www.sportshine.eu\\\/trgovina\\\/magicshine-ray-2600b-kolesarska-luc\\\/#primaryimage\",\"url\":\"https:\\\/\\\/www.sportshine.eu\\\/wp-content\\\/uploads\\\/2025\\\/07\\\/Magicshine-RAY2600B-kolesarska-luc.webp\",\"contentUrl\":\"https:\\\/\\\/www.sportshine.eu\\\/wp-content\\\/uploads\\\/2025\\\/07\\\/Magicshine-RAY2600B-kolesarska-luc.webp\",\"width\":800,\"height\":800},{\"@type\":\"BreadcrumbList\",\"@id\":\"https:\\\/\\\/www.sportshine.eu\\\/trgovina\\\/magicshine-ray-2600b-kolesarska-luc\\\/#breadcrumb\",\"itemListElement\":[{\"@type\":\"ListItem\",\"position\":1,\"name\":\"Home\",\"item\":\"https:\\\/\\\/www.sportshine.eu\\\/\"},{\"@type\":\"ListItem\",\"position\":2,\"name\":\"Trgovina\",\"item\":\"https:\\\/\\\/www.sportshine.eu\\\/trgovina\\\/\"},{\"@type\":\"ListItem\",\"position\":3,\"name\":\"Magicshine RAY 2600B kolesarska lu\u010d\"}]},{\"@type\":\"WebSite\",\"@id\":\"https:\\\/\\\/www.sportshine.eu\\\/#website\",\"url\":\"https:\\\/\\\/www.sportshine.eu\\\/\",\"name\":\"Sportshine\",\"description\":\"Top spletna trgovina kolesarskih in naglavnih svetilk ter opreme\",\"publisher\":{\"@id\":\"https:\\\/\\\/www.sportshine.eu\\\/#organization\"},\"potentialAction\":[{\"@type\":\"SearchAction\",\"target\":{\"@type\":\"EntryPoint\",\"urlTemplate\":\"https:\\\/\\\/www.sportshine.eu\\\/?s={search_term_string}\"},\"query-input\":{\"@type\":\"PropertyValueSpecification\",\"valueRequired\":true,\"valueName\":\"search_term_string\"}}],\"inLanguage\":\"de-AT\"},{\"@type\":\"Organization\",\"@id\":\"https:\\\/\\\/www.sportshine.eu\\\/#organization\",\"name\":\"Sportshine\",\"url\":\"https:\\\/\\\/www.sportshine.eu\\\/\",\"logo\":{\"@type\":\"ImageObject\",\"inLanguage\":\"de-AT\",\"@id\":\"https:\\\/\\\/www.sportshine.eu\\\/#\\\/schema\\\/logo\\\/image\\\/\",\"url\":\"https:\\\/\\\/www.sportshine.eu\\\/wp-content\\\/uploads\\\/2026\\\/01\\\/cropped-Sportshine.webp\",\"contentUrl\":\"https:\\\/\\\/www.sportshine.eu\\\/wp-content\\\/uploads\\\/2026\\\/01\\\/cropped-Sportshine.webp\",\"width\":295,\"height\":128,\"caption\":\"Sportshine\"},\"image\":{\"@id\":\"https:\\\/\\\/www.sportshine.eu\\\/#\\\/schema\\\/logo\\\/image\\\/\"},\"sameAs\":[\"https:\\\/\\\/www.facebook.com\\\/sportshine.eu\\\/\"]}]}<\/script>\n<!-- \/ Yoast SEO plugin. -->","yoast_head_json":{"title":"Magicshine RAY 2600B Fahrradlicht","description":"Das Magicshine RAY 2600B Fahrradlicht ist ein leistungsstarkes Licht mit einem Dual-LED-System. Geeignet f\u00fcr Mountainbiken, Rennradfahren und das t\u00e4gliche Fahren.","robots":{"index":"index","follow":"follow","max-snippet":"max-snippet:-1","max-image-preview":"max-image-preview:large","max-video-preview":"max-video-preview:-1"},"canonical":"https:\/\/www.sportshine.eu\/de\/geschaft\/magicshine-ray-2600b-fahrradlicht\/","og_locale":"de_DE","og_type":"article","og_title":"Magicshine RAY 2600B kolesarska lu\u010d","og_description":"Magicshine RAY 2600B kolesarska lu\u010d je zmogljiva lu\u010d z dvojnim LED-sistemom. Primerna za gorsko kolesarjenje, cestno kolesarjenje in vsakodnevno vo\u017enjo.","og_url":"https:\/\/www.sportshine.eu\/de\/geschaft\/magicshine-ray-2600b-fahrradlicht\/","og_site_name":"Sportshine","article_publisher":"https:\/\/www.facebook.com\/sportshine.eu\/","article_modified_time":"2026-04-19T09:15:42+00:00","og_image":[{"width":800,"height":800,"url":"https:\/\/www.sportshine.eu\/wp-content\/uploads\/2025\/07\/Magicshine-RAY2600B-kolesarska-luc.webp","type":"image\/webp"}],"twitter_card":"summary_large_image","twitter_misc":{"Gesch\u00e4tzte Lesezeit":"5 Minuten"},"schema":{"@context":"https:\/\/schema.org","@graph":[{"@type":"WebPage","@id":"https:\/\/www.sportshine.eu\/trgovina\/magicshine-ray-2600b-kolesarska-luc\/","url":"https:\/\/www.sportshine.eu\/trgovina\/magicshine-ray-2600b-kolesarska-luc\/","name":"Magicshine RAY 2600B Fahrradlicht","isPartOf":{"@id":"https:\/\/www.sportshine.eu\/#website"},"primaryImageOfPage":{"@id":"https:\/\/www.sportshine.eu\/trgovina\/magicshine-ray-2600b-kolesarska-luc\/#primaryimage"},"image":{"@id":"https:\/\/www.sportshine.eu\/trgovina\/magicshine-ray-2600b-kolesarska-luc\/#primaryimage"},"thumbnailUrl":"https:\/\/www.sportshine.eu\/wp-content\/uploads\/2025\/07\/Magicshine-RAY2600B-kolesarska-luc.webp","datePublished":"2025-07-05T19:57:27+00:00","dateModified":"2026-04-19T09:15:42+00:00","description":"Das Magicshine RAY 2600B Fahrradlicht ist ein leistungsstarkes Licht mit einem Dual-LED-System. Geeignet f\u00fcr Mountainbiken, Rennradfahren und das t\u00e4gliche Fahren.","breadcrumb":{"@id":"https:\/\/www.sportshine.eu\/trgovina\/magicshine-ray-2600b-kolesarska-luc\/#breadcrumb"},"inLanguage":"de-AT","potentialAction":[{"@type":"ReadAction","target":["https:\/\/www.sportshine.eu\/trgovina\/magicshine-ray-2600b-kolesarska-luc\/"]}]},{"@type":"ImageObject","inLanguage":"de-AT","@id":"https:\/\/www.sportshine.eu\/trgovina\/magicshine-ray-2600b-kolesarska-luc\/#primaryimage","url":"https:\/\/www.sportshine.eu\/wp-content\/uploads\/2025\/07\/Magicshine-RAY2600B-kolesarska-luc.webp","contentUrl":"https:\/\/www.sportshine.eu\/wp-content\/uploads\/2025\/07\/Magicshine-RAY2600B-kolesarska-luc.webp","width":800,"height":800},{"@type":"BreadcrumbList","@id":"https:\/\/www.sportshine.eu\/trgovina\/magicshine-ray-2600b-kolesarska-luc\/#breadcrumb","itemListElement":[{"@type":"ListItem","position":1,"name":"Home","item":"https:\/\/www.sportshine.eu\/"},{"@type":"ListItem","position":2,"name":"Trgovina","item":"https:\/\/www.sportshine.eu\/trgovina\/"},{"@type":"ListItem","position":3,"name":"Magicshine RAY 2600B kolesarska lu\u010d"}]},{"@type":"WebSite","@id":"https:\/\/www.sportshine.eu\/#website","url":"https:\/\/www.sportshine.eu\/","name":"Sportshine","description":"Top Online-Shop f\u00fcr Fahrrad- und Stirnlampen sowie Zubeh\u00f6r","publisher":{"@id":"https:\/\/www.sportshine.eu\/#organization"},"potentialAction":[{"@type":"SearchAction","target":{"@type":"EntryPoint","urlTemplate":"https:\/\/www.sportshine.eu\/?s={search_term_string}"},"query-input":{"@type":"PropertyValueSpecification","valueRequired":true,"valueName":"search_term_string"}}],"inLanguage":"de-AT"},{"@type":"Organization","@id":"https:\/\/www.sportshine.eu\/#organization","name":"Sportshine","url":"https:\/\/www.sportshine.eu\/","logo":{"@type":"ImageObject","inLanguage":"de-AT","@id":"https:\/\/www.sportshine.eu\/#\/schema\/logo\/image\/","url":"https:\/\/www.sportshine.eu\/wp-content\/uploads\/2026\/01\/cropped-Sportshine.webp","contentUrl":"https:\/\/www.sportshine.eu\/wp-content\/uploads\/2026\/01\/cropped-Sportshine.webp","width":295,"height":128,"caption":"Sportshine"},"image":{"@id":"https:\/\/www.sportshine.eu\/#\/schema\/logo\/image\/"},"sameAs":["https:\/\/www.facebook.com\/sportshine.eu\/"]}]}},"_links":{"self":[{"href":"https:\/\/www.sportshine.eu\/de\/wp-json\/wp\/v2\/product\/6468","targetHints":{"allow":["GET"]}}],"collection":[{"href":"https:\/\/www.sportshine.eu\/de\/wp-json\/wp\/v2\/product"}],"about":[{"href":"https:\/\/www.sportshine.eu\/de\/wp-json\/wp\/v2\/types\/product"}],"replies":[{"embeddable":true,"href":"https:\/\/www.sportshine.eu\/de\/wp-json\/wp\/v2\/comments?post=6468"}],"version-history":[{"count":1,"href":"https:\/\/www.sportshine.eu\/de\/wp-json\/wp\/v2\/product\/6468\/revisions"}],"predecessor-version":[{"id":10397,"href":"https:\/\/www.sportshine.eu\/de\/wp-json\/wp\/v2\/product\/6468\/revisions\/10397"}],"wp:featuredmedia":[{"embeddable":true,"href":"https:\/\/www.sportshine.eu\/de\/wp-json\/wp\/v2\/media\/6052"}],"wp:attachment":[{"href":"https:\/\/www.sportshine.eu\/de\/wp-json\/wp\/v2\/media?parent=6468"}],"wp:term":[{"taxonomy":"product_brand","embeddable":true,"href":"https:\/\/www.sportshine.eu\/de\/wp-json\/wp\/v2\/product_brand?post=6468"},{"taxonomy":"product_cat","embeddable":true,"href":"https:\/\/www.sportshine.eu\/de\/wp-json\/wp\/v2\/product_cat?post=6468"},{"taxonomy":"product_tag","embeddable":true,"href":"https:\/\/www.sportshine.eu\/de\/wp-json\/wp\/v2\/product_tag?post=6468"}],"curies":[{"name":"wp","href":"https:\/\/api.w.org\/{rel}","templated":true}]}}