{"id":6467,"date":"2025-07-05T19:57:26","date_gmt":"2025-07-05T19:57:26","guid":{"rendered":"https:\/\/www.sportshine.eu\/?post_type=product&#038;p=6467"},"modified":"2026-03-10T08:16:41","modified_gmt":"2026-03-10T08:16:41","slug":"magicshine-rn-3000-fahrradlichter","status":"publish","type":"product","link":"https:\/\/www.sportshine.eu\/de\/geschaft\/magicshine-rn-3000-fahrradlichter\/","title":{"rendered":"Magicshine RN 3000 Fahrradlicht"},"content":{"rendered":"<p>&nbsp;<\/p>\n<p><img decoding=\"async\" class=\"aligncenter wp-image-7206 size-full\" src=\"https:\/\/www.sportshine.eu\/wp-content\/uploads\/2025\/07\/Magicshine-luc-za-kolo-2-1024x643-1.webp\" alt=\"\" width=\"1024\" height=\"643\" srcset=\"https:\/\/www.sportshine.eu\/wp-content\/uploads\/2025\/07\/Magicshine-luc-za-kolo-2-1024x643-1.webp 1024w, https:\/\/www.sportshine.eu\/wp-content\/uploads\/2025\/07\/Magicshine-luc-za-kolo-2-1024x643-1-768x482.webp 768w, https:\/\/www.sportshine.eu\/wp-content\/uploads\/2025\/07\/Magicshine-luc-za-kolo-2-1024x643-1-600x377.webp 600w\" sizes=\"(max-width: 1024px) 100vw, 1024px\" \/><\/p>\n<h3 style=\"text-align: center;\">WIE VERWENDET MAN DAS MAGICSHINE RN3000 FAHRRADLICHT?<\/h3>\n<p><iframe loading=\"lazy\" title=\"Magicshine Leistungsstarkes Fahrradlicht RN 3000 \u2013 Bedienungsanleitung\" width=\"500\" height=\"281\" src=\"https:\/\/www.youtube.com\/embed\/VhZvNY6c0TU?feature=oembed\" frameborder=\"0\" allow=\"accelerometer; autoplay; clipboard-write; encrypted-media; gyroscope; picture-in-picture; web-share\" referrerpolicy=\"strict-origin-when-cross-origin\" allowfullscreen><\/iframe><\/p>\n<p>&nbsp;<\/p>\n<h3 style=\"text-align: center;\">STARKE LEISTUNG UND LANGE AKKULAUFZEIT<\/h3>\n<p style=\"text-align: center;\">Magicshine RN 3000 ist ein leistungsstarkes Fahrradlicht mit zwei integrierten 21700-Akkus mit einer hohen Kapazit\u00e4t von 10.000 mAh. Es ist mit zwei extrem hellen und energieeffizienten LEDs mit einer maximalen Lichtleistung von 3.000 Lumen ausgestattet. Die maximale Betriebsdauer betr\u00e4gt bis zu 62 Stunden. Es ist die beste Wahl f\u00fcr Langstreckenradtouren und extreme Herausforderungen.<\/p>\n<p>&nbsp;<\/p>\n<p><img decoding=\"async\" class=\"aligncenter wp-image-7207\" src=\"https:\/\/www.sportshine.eu\/wp-content\/uploads\/2025\/07\/Magicshine-RN300-luc.webp\" alt=\"\" width=\"800\" height=\"600\" \/><\/p>\n<p>&nbsp;<\/p>\n<h3 style=\"text-align: center;\">SICHERER FAHREN MIT ENTSPIEGELTENDER LINSE<\/h3>\n<p style=\"text-align: center;\">Das Linsendesign mit Antireflextechnologie verhindert die Blendung entgegenkommender Fahrer. Seitenbeleuchtung f\u00fcr bessere Sicht zu den Seiten.<\/p>\n<p><img decoding=\"async\" class=\"aligncenter wp-image-7209\" src=\"https:\/\/www.sportshine.eu\/wp-content\/uploads\/2025\/07\/RN_3000_2.webp\" alt=\"\" width=\"800\" height=\"600\" \/><\/p>\n<p>&nbsp;<\/p>\n<h3 style=\"text-align: center;\">EINGEBAUTES BATTERIEANZEIGE<\/h3>\n<p style=\"text-align: center;\">Dr\u00fccken Sie im Standby-Modus einfach die Einschalttaste, um die Akkuanzeige zu aktivieren. Die Farbe der Anzeige zeigt den unterschiedlichen Ladezustand an.<\/p>\n<p><img decoding=\"async\" class=\"aligncenter wp-image-7210\" src=\"https:\/\/www.sportshine.eu\/wp-content\/uploads\/2025\/07\/RN_3000_4.webp\" alt=\"\" width=\"800\" height=\"600\" \/><\/p>\n<p>&nbsp;<\/p>\n<h3 style=\"text-align: center;\">EINTEILIGES ALUMINIUMGEH\u00c4USE MIT EINGEBAUTEM THERMISCHEN CONTROL<\/h3>\n<p style=\"text-align: center;\">Das integrierte intelligente W\u00e4rmekontrollsystem und das nahtlose einteilige Aluminiumgeh\u00e4use halten die Betriebstemperatur des RN 3000 auf einem optimalen Niveau, sch\u00fctzen die internen Schaltkreise und sorgen f\u00fcr maximale Leistung.<\/p>\n<p><img decoding=\"async\" class=\"aligncenter wp-image-7211\" src=\"https:\/\/www.sportshine.eu\/wp-content\/uploads\/2025\/07\/RN3000-1.webp\" alt=\"\" width=\"800\" height=\"800\" srcset=\"https:\/\/www.sportshine.eu\/wp-content\/uploads\/2025\/07\/RN3000-1-768x768.webp 768w, https:\/\/www.sportshine.eu\/wp-content\/uploads\/2025\/07\/RN3000-1-600x600.webp 600w\" sizes=\"(max-width: 800px) 100vw, 800px\" \/><\/p>\n<p>&nbsp;<\/p>\n<h3 style=\"text-align: center;\">Verriegelungsm\u00f6glichkeit f\u00fcr die RN 3000 Lampe<\/h3>\n<p style=\"text-align: center;\">Um das Fahrradlicht vor unn\u00f6tigem Dr\u00fccken zu sch\u00fctzen, k\u00f6nnen Sie es sperren. Um das Licht zu aktivieren, halten Sie bei ausgeschaltetem Licht die Einschalttaste etwa 5 Sekunden lang gedr\u00fcckt, bis die Leuchtanzeige rot zu blinken beginnt.<\/p>\n<p><img decoding=\"async\" class=\"aligncenter wp-image-7212\" src=\"https:\/\/www.sportshine.eu\/wp-content\/uploads\/2025\/07\/RN_3000_3.webp\" alt=\"\" width=\"800\" height=\"600\" \/><\/p>\n<p>&nbsp;<\/p>\n<h3 style=\"text-align: center;\">SIE ERHALTEN IM PAKET<\/h3>\n<p style=\"text-align: center;\">RN 3000 Fahrradlicht *1<br \/>\nLampenfassung * 1<br \/>\nKompatible B\u00e4nder *4<br \/>\n3 mm Sechskantschl\u00fcssel *1<br \/>\nUSB-C-Kabel *1<\/p>\n<h3 style=\"text-align: center;\">VIDEOPR\u00c4SENTATION DES MAGICSHINE RN3000 LIGHT<\/h3>\n<p><iframe loading=\"lazy\" title=\"Magicshine RN3000 Licht Testbericht\" width=\"500\" height=\"281\" src=\"https:\/\/www.youtube.com\/embed\/1vo8ftWgvRQ?feature=oembed\" frameborder=\"0\" allow=\"accelerometer; autoplay; clipboard-write; encrypted-media; gyroscope; picture-in-picture; web-share\" referrerpolicy=\"strict-origin-when-cross-origin\" allowfullscreen><\/iframe><\/p>\n<p>&nbsp;<\/p>\n<p><iframe loading=\"lazy\" title=\"Magicshine RN 3000 Fahrrad-Frontscheinwerfer im Test \u2013 mit 3000 Lumen + Dual-LEDs + Garmin-Halterung\" width=\"500\" height=\"281\" src=\"https:\/\/www.youtube.com\/embed\/RpY-tGZyr54?feature=oembed\" frameborder=\"0\" allow=\"accelerometer; autoplay; clipboard-write; encrypted-media; gyroscope; picture-in-picture; web-share\" referrerpolicy=\"strict-origin-when-cross-origin\" allowfullscreen><\/iframe><\/p>\n<p>&nbsp;<\/p>","protected":false},"excerpt":{"rendered":"<p>\u2714 Maximale Lumen: 3000 LM<br \/>\n\u2714 Maximale Betriebsdauer: 62 Stunden<br \/>\n\u2714 Ladeger\u00e4t: USB-C<br \/>\n\u2714 Wasserbest\u00e4ndigkeit: IPX6<br \/>\n\u2714 Antireflexlinse: Ja<br \/>\n\u2714 Batteriekapazit\u00e4t: 10,00 mAh<\/p>\n<p>Magicshine RN 3000 ist ein leistungsstarkes Fahrradlicht mit hoher Helligkeit und langer Betriebsdauer. Es besteht komplett aus Aluminium. Es verf\u00fcgt \u00fcber zwei eingebaute LED-Lampen, die eine Helligkeit von bis zu 3000 Lumen liefern. Es eignet sich f\u00fcr alle Radfahrer, die eine zuverl\u00e4ssige Beleuchtung ben\u00f6tigen. Es kann auch an Aero-Lenkern montiert werden.<\/p>","protected":false},"featured_media":6046,"comment_status":"open","ping_status":"closed","template":"","meta":[],"product_brand":[131],"product_cat":[82,150],"product_tag":[],"class_list":{"0":"post-6467","1":"product","2":"type-product","3":"status-publish","4":"has-post-thumbnail","6":"product_brand-magicshine","7":"product_cat-kolesarske-luci","8":"product_cat-sprednje-kolesarske-luci","10":"first","11":"instock","12":"sale","13":"taxable","14":"shipping-taxable","15":"purchasable","16":"product-type-simple"},"yoast_head":"<!-- This site is optimized with the Yoast SEO plugin v27.3 - https:\/\/yoast.com\/product\/yoast-seo-wordpress\/ -->\n<title>Magicshine RN 3000 lu\u010d za kolo - 3000 lumnov<\/title>\n<meta name=\"description\" content=\"Magicshine RN 3000 je zmogljiva lu\u010d za kolo, ki uporablja bateriji z visoko kapaciteto 10.000 mAh. Vgrajeni ima dve LED \u017earnici z mo\u010djo 3.000 lumnov.\" \/>\n<meta name=\"robots\" content=\"index, follow, max-snippet:-1, max-image-preview:large, max-video-preview:-1\" \/>\n<link rel=\"canonical\" href=\"https:\/\/www.sportshine.eu\/de\/geschaft\/magicshine-rn-3000-fahrradlichter\/\" \/>\n<meta property=\"og:locale\" content=\"de_DE\" \/>\n<meta property=\"og:type\" content=\"article\" \/>\n<meta property=\"og:title\" content=\"Magicshine RN 3000 lu\u010d za kolo - 3000 lumnov\" \/>\n<meta property=\"og:description\" content=\"Magicshine RN 3000 je zmogljiva lu\u010d za kolo, ki uporablja bateriji z visoko kapaciteto 10.000 mAh. Vgrajeni ima dve LED \u017earnici z mo\u010djo 3.000 lumnov.\" \/>\n<meta property=\"og:url\" content=\"https:\/\/www.sportshine.eu\/de\/geschaft\/magicshine-rn-3000-fahrradlichter\/\" \/>\n<meta property=\"og:site_name\" content=\"Sportshine\" \/>\n<meta property=\"article:publisher\" content=\"https:\/\/www.facebook.com\/sportshine.eu\/\" \/>\n<meta property=\"article:modified_time\" content=\"2026-03-10T08:16:41+00:00\" \/>\n<meta property=\"og:image\" content=\"https:\/\/www.sportshine.eu\/wp-content\/uploads\/2025\/07\/RN3000_MJ-6512-ezgif.com-jpg-to-webp-converter-1.webp\" \/>\n\t<meta property=\"og:image:width\" content=\"800\" \/>\n\t<meta property=\"og:image:height\" content=\"800\" \/>\n\t<meta property=\"og:image:type\" content=\"image\/webp\" \/>\n<meta name=\"twitter:card\" content=\"summary_large_image\" \/>\n<meta name=\"twitter:label1\" content=\"Gesch\u00e4tzte Lesezeit\" \/>\n\t<meta name=\"twitter:data1\" content=\"3 Minuten\" \/>\n<script type=\"application\/ld+json\" class=\"yoast-schema-graph\">{\"@context\":\"https:\\\/\\\/schema.org\",\"@graph\":[{\"@type\":\"WebPage\",\"@id\":\"https:\\\/\\\/www.sportshine.eu\\\/trgovina\\\/magicshine-rn-3000-luc-za-kolo\\\/\",\"url\":\"https:\\\/\\\/www.sportshine.eu\\\/trgovina\\\/magicshine-rn-3000-luc-za-kolo\\\/\",\"name\":\"Magicshine RN 3000 lu\u010d za kolo - 3000 lumnov\",\"isPartOf\":{\"@id\":\"https:\\\/\\\/www.sportshine.eu\\\/#website\"},\"primaryImageOfPage\":{\"@id\":\"https:\\\/\\\/www.sportshine.eu\\\/trgovina\\\/magicshine-rn-3000-luc-za-kolo\\\/#primaryimage\"},\"image\":{\"@id\":\"https:\\\/\\\/www.sportshine.eu\\\/trgovina\\\/magicshine-rn-3000-luc-za-kolo\\\/#primaryimage\"},\"thumbnailUrl\":\"https:\\\/\\\/www.sportshine.eu\\\/wp-content\\\/uploads\\\/2025\\\/07\\\/RN3000_MJ-6512-ezgif.com-jpg-to-webp-converter-1.webp\",\"datePublished\":\"2025-07-05T19:57:26+00:00\",\"dateModified\":\"2026-03-10T08:16:41+00:00\",\"description\":\"Magicshine RN 3000 je zmogljiva lu\u010d za kolo, ki uporablja bateriji z visoko kapaciteto 10.000 mAh. Vgrajeni ima dve LED \u017earnici z mo\u010djo 3.000 lumnov.\",\"breadcrumb\":{\"@id\":\"https:\\\/\\\/www.sportshine.eu\\\/trgovina\\\/magicshine-rn-3000-luc-za-kolo\\\/#breadcrumb\"},\"inLanguage\":\"de-AT\",\"potentialAction\":[{\"@type\":\"ReadAction\",\"target\":[\"https:\\\/\\\/www.sportshine.eu\\\/trgovina\\\/magicshine-rn-3000-luc-za-kolo\\\/\"]}]},{\"@type\":\"ImageObject\",\"inLanguage\":\"de-AT\",\"@id\":\"https:\\\/\\\/www.sportshine.eu\\\/trgovina\\\/magicshine-rn-3000-luc-za-kolo\\\/#primaryimage\",\"url\":\"https:\\\/\\\/www.sportshine.eu\\\/wp-content\\\/uploads\\\/2025\\\/07\\\/RN3000_MJ-6512-ezgif.com-jpg-to-webp-converter-1.webp\",\"contentUrl\":\"https:\\\/\\\/www.sportshine.eu\\\/wp-content\\\/uploads\\\/2025\\\/07\\\/RN3000_MJ-6512-ezgif.com-jpg-to-webp-converter-1.webp\",\"width\":800,\"height\":800},{\"@type\":\"BreadcrumbList\",\"@id\":\"https:\\\/\\\/www.sportshine.eu\\\/trgovina\\\/magicshine-rn-3000-luc-za-kolo\\\/#breadcrumb\",\"itemListElement\":[{\"@type\":\"ListItem\",\"position\":1,\"name\":\"Home\",\"item\":\"https:\\\/\\\/www.sportshine.eu\\\/\"},{\"@type\":\"ListItem\",\"position\":2,\"name\":\"Trgovina\",\"item\":\"https:\\\/\\\/www.sportshine.eu\\\/trgovina\\\/\"},{\"@type\":\"ListItem\",\"position\":3,\"name\":\"Magicshine RN 3000 lu\u010d za kolo\"}]},{\"@type\":\"WebSite\",\"@id\":\"https:\\\/\\\/www.sportshine.eu\\\/#website\",\"url\":\"https:\\\/\\\/www.sportshine.eu\\\/\",\"name\":\"Sportshine\",\"description\":\"Top spletna trgovina kolesarskih in naglavnih svetilk ter opreme\",\"publisher\":{\"@id\":\"https:\\\/\\\/www.sportshine.eu\\\/#organization\"},\"potentialAction\":[{\"@type\":\"SearchAction\",\"target\":{\"@type\":\"EntryPoint\",\"urlTemplate\":\"https:\\\/\\\/www.sportshine.eu\\\/?s={search_term_string}\"},\"query-input\":{\"@type\":\"PropertyValueSpecification\",\"valueRequired\":true,\"valueName\":\"search_term_string\"}}],\"inLanguage\":\"de-AT\"},{\"@type\":\"Organization\",\"@id\":\"https:\\\/\\\/www.sportshine.eu\\\/#organization\",\"name\":\"Sportshine\",\"url\":\"https:\\\/\\\/www.sportshine.eu\\\/\",\"logo\":{\"@type\":\"ImageObject\",\"inLanguage\":\"de-AT\",\"@id\":\"https:\\\/\\\/www.sportshine.eu\\\/#\\\/schema\\\/logo\\\/image\\\/\",\"url\":\"https:\\\/\\\/www.sportshine.eu\\\/wp-content\\\/uploads\\\/2026\\\/01\\\/cropped-Sportshine.webp\",\"contentUrl\":\"https:\\\/\\\/www.sportshine.eu\\\/wp-content\\\/uploads\\\/2026\\\/01\\\/cropped-Sportshine.webp\",\"width\":295,\"height\":128,\"caption\":\"Sportshine\"},\"image\":{\"@id\":\"https:\\\/\\\/www.sportshine.eu\\\/#\\\/schema\\\/logo\\\/image\\\/\"},\"sameAs\":[\"https:\\\/\\\/www.facebook.com\\\/sportshine.eu\\\/\"]}]}<\/script>\n<!-- \/ Yoast SEO plugin. -->","yoast_head_json":{"title":"Magicshine RN 3000 Fahrradlicht - 3000 Lumen","description":"Das Magicshine RN 3000 ist ein leistungsstarkes Fahrradlicht, das einen 10.000 mAh-Akku mit hoher Kapazit\u00e4t verwendet. Es verf\u00fcgt \u00fcber zwei eingebaute LED-Lampen mit einer Leistung von 3.000 Lumen.","robots":{"index":"index","follow":"follow","max-snippet":"max-snippet:-1","max-image-preview":"max-image-preview:large","max-video-preview":"max-video-preview:-1"},"canonical":"https:\/\/www.sportshine.eu\/de\/geschaft\/magicshine-rn-3000-fahrradlichter\/","og_locale":"de_DE","og_type":"article","og_title":"Magicshine RN 3000 lu\u010d za kolo - 3000 lumnov","og_description":"Magicshine RN 3000 je zmogljiva lu\u010d za kolo, ki uporablja bateriji z visoko kapaciteto 10.000 mAh. Vgrajeni ima dve LED \u017earnici z mo\u010djo 3.000 lumnov.","og_url":"https:\/\/www.sportshine.eu\/de\/geschaft\/magicshine-rn-3000-fahrradlichter\/","og_site_name":"Sportshine","article_publisher":"https:\/\/www.facebook.com\/sportshine.eu\/","article_modified_time":"2026-03-10T08:16:41+00:00","og_image":[{"width":800,"height":800,"url":"https:\/\/www.sportshine.eu\/wp-content\/uploads\/2025\/07\/RN3000_MJ-6512-ezgif.com-jpg-to-webp-converter-1.webp","type":"image\/webp"}],"twitter_card":"summary_large_image","twitter_misc":{"Gesch\u00e4tzte Lesezeit":"3 Minuten"},"schema":{"@context":"https:\/\/schema.org","@graph":[{"@type":"WebPage","@id":"https:\/\/www.sportshine.eu\/trgovina\/magicshine-rn-3000-luc-za-kolo\/","url":"https:\/\/www.sportshine.eu\/trgovina\/magicshine-rn-3000-luc-za-kolo\/","name":"Magicshine RN 3000 Fahrradlicht - 3000 Lumen","isPartOf":{"@id":"https:\/\/www.sportshine.eu\/#website"},"primaryImageOfPage":{"@id":"https:\/\/www.sportshine.eu\/trgovina\/magicshine-rn-3000-luc-za-kolo\/#primaryimage"},"image":{"@id":"https:\/\/www.sportshine.eu\/trgovina\/magicshine-rn-3000-luc-za-kolo\/#primaryimage"},"thumbnailUrl":"https:\/\/www.sportshine.eu\/wp-content\/uploads\/2025\/07\/RN3000_MJ-6512-ezgif.com-jpg-to-webp-converter-1.webp","datePublished":"2025-07-05T19:57:26+00:00","dateModified":"2026-03-10T08:16:41+00:00","description":"Das Magicshine RN 3000 ist ein leistungsstarkes Fahrradlicht, das einen 10.000 mAh-Akku mit hoher Kapazit\u00e4t verwendet. Es verf\u00fcgt \u00fcber zwei eingebaute LED-Lampen mit einer Leistung von 3.000 Lumen.","breadcrumb":{"@id":"https:\/\/www.sportshine.eu\/trgovina\/magicshine-rn-3000-luc-za-kolo\/#breadcrumb"},"inLanguage":"de-AT","potentialAction":[{"@type":"ReadAction","target":["https:\/\/www.sportshine.eu\/trgovina\/magicshine-rn-3000-luc-za-kolo\/"]}]},{"@type":"ImageObject","inLanguage":"de-AT","@id":"https:\/\/www.sportshine.eu\/trgovina\/magicshine-rn-3000-luc-za-kolo\/#primaryimage","url":"https:\/\/www.sportshine.eu\/wp-content\/uploads\/2025\/07\/RN3000_MJ-6512-ezgif.com-jpg-to-webp-converter-1.webp","contentUrl":"https:\/\/www.sportshine.eu\/wp-content\/uploads\/2025\/07\/RN3000_MJ-6512-ezgif.com-jpg-to-webp-converter-1.webp","width":800,"height":800},{"@type":"BreadcrumbList","@id":"https:\/\/www.sportshine.eu\/trgovina\/magicshine-rn-3000-luc-za-kolo\/#breadcrumb","itemListElement":[{"@type":"ListItem","position":1,"name":"Home","item":"https:\/\/www.sportshine.eu\/"},{"@type":"ListItem","position":2,"name":"Trgovina","item":"https:\/\/www.sportshine.eu\/trgovina\/"},{"@type":"ListItem","position":3,"name":"Magicshine RN 3000 lu\u010d za kolo"}]},{"@type":"WebSite","@id":"https:\/\/www.sportshine.eu\/#website","url":"https:\/\/www.sportshine.eu\/","name":"Sportshine","description":"Top Online-Shop f\u00fcr Fahrrad- und Stirnlampen sowie Zubeh\u00f6r","publisher":{"@id":"https:\/\/www.sportshine.eu\/#organization"},"potentialAction":[{"@type":"SearchAction","target":{"@type":"EntryPoint","urlTemplate":"https:\/\/www.sportshine.eu\/?s={search_term_string}"},"query-input":{"@type":"PropertyValueSpecification","valueRequired":true,"valueName":"search_term_string"}}],"inLanguage":"de-AT"},{"@type":"Organization","@id":"https:\/\/www.sportshine.eu\/#organization","name":"Sportshine","url":"https:\/\/www.sportshine.eu\/","logo":{"@type":"ImageObject","inLanguage":"de-AT","@id":"https:\/\/www.sportshine.eu\/#\/schema\/logo\/image\/","url":"https:\/\/www.sportshine.eu\/wp-content\/uploads\/2026\/01\/cropped-Sportshine.webp","contentUrl":"https:\/\/www.sportshine.eu\/wp-content\/uploads\/2026\/01\/cropped-Sportshine.webp","width":295,"height":128,"caption":"Sportshine"},"image":{"@id":"https:\/\/www.sportshine.eu\/#\/schema\/logo\/image\/"},"sameAs":["https:\/\/www.facebook.com\/sportshine.eu\/"]}]}},"_links":{"self":[{"href":"https:\/\/www.sportshine.eu\/de\/wp-json\/wp\/v2\/product\/6467","targetHints":{"allow":["GET"]}}],"collection":[{"href":"https:\/\/www.sportshine.eu\/de\/wp-json\/wp\/v2\/product"}],"about":[{"href":"https:\/\/www.sportshine.eu\/de\/wp-json\/wp\/v2\/types\/product"}],"replies":[{"embeddable":true,"href":"https:\/\/www.sportshine.eu\/de\/wp-json\/wp\/v2\/comments?post=6467"}],"version-history":[{"count":0,"href":"https:\/\/www.sportshine.eu\/de\/wp-json\/wp\/v2\/product\/6467\/revisions"}],"wp:featuredmedia":[{"embeddable":true,"href":"https:\/\/www.sportshine.eu\/de\/wp-json\/wp\/v2\/media\/6046"}],"wp:attachment":[{"href":"https:\/\/www.sportshine.eu\/de\/wp-json\/wp\/v2\/media?parent=6467"}],"wp:term":[{"taxonomy":"product_brand","embeddable":true,"href":"https:\/\/www.sportshine.eu\/de\/wp-json\/wp\/v2\/product_brand?post=6467"},{"taxonomy":"product_cat","embeddable":true,"href":"https:\/\/www.sportshine.eu\/de\/wp-json\/wp\/v2\/product_cat?post=6467"},{"taxonomy":"product_tag","embeddable":true,"href":"https:\/\/www.sportshine.eu\/de\/wp-json\/wp\/v2\/product_tag?post=6467"}],"curies":[{"name":"wp","href":"https:\/\/api.w.org\/{rel}","templated":true}]}}