{"id":6465,"date":"2025-07-05T19:57:24","date_gmt":"2025-07-05T19:57:24","guid":{"rendered":"https:\/\/www.sportshine.eu\/?post_type=product&#038;p=6465"},"modified":"2025-11-14T22:26:56","modified_gmt":"2025-11-14T22:26:56","slug":"magicshine-allty-1500s-fahrradlicht","status":"publish","type":"product","link":"https:\/\/www.sportshine.eu\/de\/geschaft\/magicshine-allty-1500s-fahrradlicht\/","title":{"rendered":"Magicshine ALLTY 1500S Fahrradlicht"},"content":{"rendered":"<h3 style=\"text-align: center;\">VIDEO<\/h3>\n<p><iframe loading=\"lazy\" title=\"MAGICSHINE ALLTY1500S Fahrradlicht\" width=\"500\" height=\"281\" src=\"https:\/\/www.youtube.com\/embed\/9Nmtg-7bCJY?feature=oembed\" frameborder=\"0\" allow=\"accelerometer; autoplay; clipboard-write; encrypted-media; gyroscope; picture-in-picture; web-share\" referrerpolicy=\"strict-origin-when-cross-origin\" allowfullscreen><\/iframe><\/p>\n<h3 style=\"text-align: center;\">ERLEUCHTE DEINEN WEG<\/h3>\n<p style=\"text-align: center;\">Das Hauptlicht erzeugt einen starken Lichtstrahl von 1500 Lumen und verf\u00fcgt zus\u00e4tzlich \u00fcber ein permanent leuchtendes Tagfahrlicht, wodurch auch tags\u00fcber eine hervorragende Sicht gew\u00e4hrleistet ist.<\/p>\n<p><img decoding=\"async\" class=\"aligncenter wp-image-7230\" src=\"https:\/\/www.sportshine.eu\/wp-content\/uploads\/2025\/07\/Kolesarska-luc-Magicshine-ALLTY-1500S-7.webp\" alt=\"\" width=\"800\" height=\"600\" \/><\/p>\n<h3 style=\"text-align: center;\">OLED-DISPLAY<\/h3>\n<p style=\"text-align: center;\">Es zeigt den verbleibenden Akkustand, den Modus und die verf\u00fcgbare Betriebszeit minutengenau an und erleichtert Ihnen so die Planung.<\/p>\n<p><img decoding=\"async\" class=\"aligncenter wp-image-7231\" src=\"https:\/\/www.sportshine.eu\/wp-content\/uploads\/2025\/07\/Kolesarska-luc-Magicshine-ALLTY-1500S-8.webp\" alt=\"\" width=\"800\" height=\"600\" \/><\/p>\n<h3 style=\"text-align: center;\">ABNEHMBARER, LANGLEBIGER AKKU<\/h3>\n<p style=\"text-align: center;\">Der Akku l\u00e4sst sich einfach per Knopfdruck ohne Werkzeug entnehmen oder austauschen. Die Stromversorgung erfolgt \u00fcber einen austauschbaren 5000 mAh Akku, der \u00fcber USB-C aufgeladen wird und bis zu 31 Stunden maximale Akkulaufzeit bietet.<\/p>\n<p><img decoding=\"async\" class=\"aligncenter wp-image-7232\" src=\"https:\/\/www.sportshine.eu\/wp-content\/uploads\/2025\/07\/Kolesarska-luc-Magicshine-ALLTY-1500S9.webp\" alt=\"\" width=\"800\" height=\"600\" \/><\/p>\n<h3 style=\"text-align: center;\">KABELLOSE FERNBEDIENUNG<\/h3>\n<p style=\"text-align: center;\">Die kabellose Fernbedienung erm\u00f6glicht eine einfache und pr\u00e4zise Steuerung und schaltet mit einem Knopfdruck in den Vollleistungsmodus.<\/p>\n<p><img decoding=\"async\" class=\"aligncenter wp-image-7233\" src=\"https:\/\/www.sportshine.eu\/wp-content\/uploads\/2025\/07\/ALLTY_1500S_4.webp\" alt=\"\" width=\"800\" height=\"600\" \/><\/p>\n<h3 style=\"text-align: center;\">PERSONALISIERUNG \u00dcBER DIE ANWENDUNG<\/h3>\n<p style=\"text-align: center;\">Passen Sie Betriebsmodi an, aktivieren Sie den Licht-\/Vibrationssensor oder legen Sie bevorzugte SOS-Blinkmuster \u00fcber die App fest.<br \/>\n*Die App unterst\u00fctzt bis zu 20 benutzerdefinierte Modi.<\/p>\n<p><img decoding=\"async\" class=\"aligncenter wp-image-7234\" src=\"https:\/\/www.sportshine.eu\/wp-content\/uploads\/2025\/07\/ALLTY_1500S_5.webp\" alt=\"\" width=\"800\" height=\"600\" \/><\/p>\n<h3 style=\"text-align: center;\">KOMM GUT NACH HAUSE<\/h3>\n<p style=\"text-align: center;\">Wenn die Batterie schwach wird, wird der Energiesparmodus aktiviert, sodass das Licht an bleibt und Sie sicher nach Hause kommen.<\/p>\n<p><img decoding=\"async\" class=\"aligncenter wp-image-7235\" src=\"https:\/\/www.sportshine.eu\/wp-content\/uploads\/2025\/07\/ALLTY_1500S_7.webp\" alt=\"\" width=\"800\" height=\"600\" \/><\/p>","protected":false},"excerpt":{"rendered":"<p>Das Fahrradlicht ALLTY 1500S f\u00fchrt das klassisch-elegante Design des alten Modells ALLTY 1500 fort und besticht durch einen Hochleistungsscheinwerfer mit einer maximalen Helligkeit von 1500 Lumen und einem stets eingeschalteten Tagfahrlicht, das f\u00fcr Ihre Sicherheit bei Tag und Nacht sorgt.<\/p>\n<p><span style=\"color: #008000;\">\u2714<\/span> Maximale Helligkeit: 1500 Lumen<br \/>\n<span style=\"color: #008000;\">\u2714<\/span> Maximale Dauer: 31 Stunden<br \/>\n<span style=\"color: #008000;\">\u2714<\/span> Herausnehmbarer Akku: 3,6 V 5000 mAh<br \/>\n<span style=\"color: #008000;\">\u2714<\/span> OLED-Display: Ja<br \/>\n<span style=\"color: #008000;\">\u2714<\/span> Drahtlose Fernbedienung: Ja<br \/>\n<span style=\"color: #008000;\">\u2714<\/span> Anpassung per App: Ja<br \/>\n<span style=\"color: #008000;\">\u2714<\/span> Tagfahrlicht: Ja<br \/>\n<span style=\"color: #008000;\">\u2714<\/span> Ladeger\u00e4t: USB-C<\/p>\n<p>&nbsp;<\/p>","protected":false},"featured_media":5999,"comment_status":"open","ping_status":"closed","template":"","meta":[],"product_brand":[131],"product_cat":[82,150],"product_tag":[],"class_list":{"0":"post-6465","1":"product","2":"type-product","3":"status-publish","4":"has-post-thumbnail","6":"product_brand-magicshine","7":"product_cat-kolesarske-luci","8":"product_cat-sprednje-kolesarske-luci","10":"first","11":"instock","12":"sale","13":"taxable","14":"shipping-taxable","15":"purchasable","16":"product-type-simple"},"yoast_head":"<!-- This site is optimized with the Yoast SEO plugin v27.3 - https:\/\/yoast.com\/product\/yoast-seo-wordpress\/ -->\n<title>Kolesarska lu\u010d Magicshine ALLTY 1500S<\/title>\n<meta name=\"description\" content=\"Kolesarska lu\u010d Magicshine ALLTY 1500S nadaljuje klasi\u010den, eleganten dizajn prej\u0161njega modela in se pona\u0161a z glavno lu\u010djo, ki uporablja visoko mo\u010d.\" \/>\n<meta name=\"robots\" content=\"index, follow, max-snippet:-1, max-image-preview:large, max-video-preview:-1\" \/>\n<link rel=\"canonical\" href=\"https:\/\/www.sportshine.eu\/de\/geschaft\/magicshine-allty-1500s-fahrradlicht\/\" \/>\n<meta property=\"og:locale\" content=\"de_DE\" \/>\n<meta property=\"og:type\" content=\"article\" \/>\n<meta property=\"og:title\" content=\"Kolesarska lu\u010d Magicshine ALLTY 1500S\" \/>\n<meta property=\"og:description\" content=\"Kolesarska lu\u010d Magicshine ALLTY 1500S nadaljuje klasi\u010den, eleganten dizajn prej\u0161njega modela in se pona\u0161a z glavno lu\u010djo, ki uporablja visoko mo\u010d.\" \/>\n<meta property=\"og:url\" content=\"https:\/\/www.sportshine.eu\/de\/geschaft\/magicshine-allty-1500s-fahrradlicht\/\" \/>\n<meta property=\"og:site_name\" content=\"Sportshine\" \/>\n<meta property=\"article:publisher\" content=\"https:\/\/www.facebook.com\/sportshine.eu\/\" \/>\n<meta property=\"article:modified_time\" content=\"2025-11-14T22:26:56+00:00\" \/>\n<meta property=\"og:image\" content=\"https:\/\/www.sportshine.eu\/wp-content\/uploads\/2025\/07\/Kolesarska-luc-Magicshine-ALLTY-1500S.webp\" \/>\n\t<meta property=\"og:image:width\" content=\"800\" \/>\n\t<meta property=\"og:image:height\" content=\"800\" \/>\n\t<meta property=\"og:image:type\" content=\"image\/webp\" \/>\n<meta name=\"twitter:card\" content=\"summary_large_image\" \/>\n<meta name=\"twitter:label1\" content=\"Gesch\u00e4tzte Lesezeit\" \/>\n\t<meta name=\"twitter:data1\" content=\"3 Minuten\" \/>\n<script type=\"application\/ld+json\" class=\"yoast-schema-graph\">{\"@context\":\"https:\\\/\\\/schema.org\",\"@graph\":[{\"@type\":\"WebPage\",\"@id\":\"https:\\\/\\\/www.sportshine.eu\\\/trgovina\\\/kolesarska-luc-magicshine-allty-1500s\\\/\",\"url\":\"https:\\\/\\\/www.sportshine.eu\\\/trgovina\\\/kolesarska-luc-magicshine-allty-1500s\\\/\",\"name\":\"Kolesarska lu\u010d Magicshine ALLTY 1500S\",\"isPartOf\":{\"@id\":\"https:\\\/\\\/www.sportshine.eu\\\/#website\"},\"primaryImageOfPage\":{\"@id\":\"https:\\\/\\\/www.sportshine.eu\\\/trgovina\\\/kolesarska-luc-magicshine-allty-1500s\\\/#primaryimage\"},\"image\":{\"@id\":\"https:\\\/\\\/www.sportshine.eu\\\/trgovina\\\/kolesarska-luc-magicshine-allty-1500s\\\/#primaryimage\"},\"thumbnailUrl\":\"https:\\\/\\\/www.sportshine.eu\\\/wp-content\\\/uploads\\\/2025\\\/07\\\/Kolesarska-luc-Magicshine-ALLTY-1500S.webp\",\"datePublished\":\"2025-07-05T19:57:24+00:00\",\"dateModified\":\"2025-11-14T22:26:56+00:00\",\"description\":\"Kolesarska lu\u010d Magicshine ALLTY 1500S nadaljuje klasi\u010den, eleganten dizajn prej\u0161njega modela in se pona\u0161a z glavno lu\u010djo, ki uporablja visoko mo\u010d.\",\"breadcrumb\":{\"@id\":\"https:\\\/\\\/www.sportshine.eu\\\/trgovina\\\/kolesarska-luc-magicshine-allty-1500s\\\/#breadcrumb\"},\"inLanguage\":\"de-AT\",\"potentialAction\":[{\"@type\":\"ReadAction\",\"target\":[\"https:\\\/\\\/www.sportshine.eu\\\/trgovina\\\/kolesarska-luc-magicshine-allty-1500s\\\/\"]}]},{\"@type\":\"ImageObject\",\"inLanguage\":\"de-AT\",\"@id\":\"https:\\\/\\\/www.sportshine.eu\\\/trgovina\\\/kolesarska-luc-magicshine-allty-1500s\\\/#primaryimage\",\"url\":\"https:\\\/\\\/www.sportshine.eu\\\/wp-content\\\/uploads\\\/2025\\\/07\\\/Kolesarska-luc-Magicshine-ALLTY-1500S.webp\",\"contentUrl\":\"https:\\\/\\\/www.sportshine.eu\\\/wp-content\\\/uploads\\\/2025\\\/07\\\/Kolesarska-luc-Magicshine-ALLTY-1500S.webp\",\"width\":800,\"height\":800},{\"@type\":\"BreadcrumbList\",\"@id\":\"https:\\\/\\\/www.sportshine.eu\\\/trgovina\\\/kolesarska-luc-magicshine-allty-1500s\\\/#breadcrumb\",\"itemListElement\":[{\"@type\":\"ListItem\",\"position\":1,\"name\":\"Home\",\"item\":\"https:\\\/\\\/www.sportshine.eu\\\/\"},{\"@type\":\"ListItem\",\"position\":2,\"name\":\"Trgovina\",\"item\":\"https:\\\/\\\/www.sportshine.eu\\\/trgovina\\\/\"},{\"@type\":\"ListItem\",\"position\":3,\"name\":\"Kolesarska lu\u010d Magicshine ALLTY 1500S\"}]},{\"@type\":\"WebSite\",\"@id\":\"https:\\\/\\\/www.sportshine.eu\\\/#website\",\"url\":\"https:\\\/\\\/www.sportshine.eu\\\/\",\"name\":\"Sportshine\",\"description\":\"Top spletna trgovina kolesarskih in naglavnih svetilk ter opreme\",\"publisher\":{\"@id\":\"https:\\\/\\\/www.sportshine.eu\\\/#organization\"},\"potentialAction\":[{\"@type\":\"SearchAction\",\"target\":{\"@type\":\"EntryPoint\",\"urlTemplate\":\"https:\\\/\\\/www.sportshine.eu\\\/?s={search_term_string}\"},\"query-input\":{\"@type\":\"PropertyValueSpecification\",\"valueRequired\":true,\"valueName\":\"search_term_string\"}}],\"inLanguage\":\"de-AT\"},{\"@type\":\"Organization\",\"@id\":\"https:\\\/\\\/www.sportshine.eu\\\/#organization\",\"name\":\"Sportshine\",\"url\":\"https:\\\/\\\/www.sportshine.eu\\\/\",\"logo\":{\"@type\":\"ImageObject\",\"inLanguage\":\"de-AT\",\"@id\":\"https:\\\/\\\/www.sportshine.eu\\\/#\\\/schema\\\/logo\\\/image\\\/\",\"url\":\"https:\\\/\\\/www.sportshine.eu\\\/wp-content\\\/uploads\\\/2026\\\/01\\\/cropped-Sportshine.webp\",\"contentUrl\":\"https:\\\/\\\/www.sportshine.eu\\\/wp-content\\\/uploads\\\/2026\\\/01\\\/cropped-Sportshine.webp\",\"width\":295,\"height\":128,\"caption\":\"Sportshine\"},\"image\":{\"@id\":\"https:\\\/\\\/www.sportshine.eu\\\/#\\\/schema\\\/logo\\\/image\\\/\"},\"sameAs\":[\"https:\\\/\\\/www.facebook.com\\\/sportshine.eu\\\/\"]}]}<\/script>\n<!-- \/ Yoast SEO plugin. -->","yoast_head_json":{"title":"Magicshine ALLTY 1500S Fahrradlicht","description":"Das Fahrradlicht Magicshine ALLTY 1500S f\u00fchrt das klassisch-elegante Design des Vorg\u00e4ngermodells fort und besticht durch einen leistungsstarken Scheinwerfer.","robots":{"index":"index","follow":"follow","max-snippet":"max-snippet:-1","max-image-preview":"max-image-preview:large","max-video-preview":"max-video-preview:-1"},"canonical":"https:\/\/www.sportshine.eu\/de\/geschaft\/magicshine-allty-1500s-fahrradlicht\/","og_locale":"de_DE","og_type":"article","og_title":"Kolesarska lu\u010d Magicshine ALLTY 1500S","og_description":"Kolesarska lu\u010d Magicshine ALLTY 1500S nadaljuje klasi\u010den, eleganten dizajn prej\u0161njega modela in se pona\u0161a z glavno lu\u010djo, ki uporablja visoko mo\u010d.","og_url":"https:\/\/www.sportshine.eu\/de\/geschaft\/magicshine-allty-1500s-fahrradlicht\/","og_site_name":"Sportshine","article_publisher":"https:\/\/www.facebook.com\/sportshine.eu\/","article_modified_time":"2025-11-14T22:26:56+00:00","og_image":[{"width":800,"height":800,"url":"https:\/\/www.sportshine.eu\/wp-content\/uploads\/2025\/07\/Kolesarska-luc-Magicshine-ALLTY-1500S.webp","type":"image\/webp"}],"twitter_card":"summary_large_image","twitter_misc":{"Gesch\u00e4tzte Lesezeit":"3 Minuten"},"schema":{"@context":"https:\/\/schema.org","@graph":[{"@type":"WebPage","@id":"https:\/\/www.sportshine.eu\/trgovina\/kolesarska-luc-magicshine-allty-1500s\/","url":"https:\/\/www.sportshine.eu\/trgovina\/kolesarska-luc-magicshine-allty-1500s\/","name":"Magicshine ALLTY 1500S Fahrradlicht","isPartOf":{"@id":"https:\/\/www.sportshine.eu\/#website"},"primaryImageOfPage":{"@id":"https:\/\/www.sportshine.eu\/trgovina\/kolesarska-luc-magicshine-allty-1500s\/#primaryimage"},"image":{"@id":"https:\/\/www.sportshine.eu\/trgovina\/kolesarska-luc-magicshine-allty-1500s\/#primaryimage"},"thumbnailUrl":"https:\/\/www.sportshine.eu\/wp-content\/uploads\/2025\/07\/Kolesarska-luc-Magicshine-ALLTY-1500S.webp","datePublished":"2025-07-05T19:57:24+00:00","dateModified":"2025-11-14T22:26:56+00:00","description":"Das Fahrradlicht Magicshine ALLTY 1500S f\u00fchrt das klassisch-elegante Design des Vorg\u00e4ngermodells fort und besticht durch einen leistungsstarken Scheinwerfer.","breadcrumb":{"@id":"https:\/\/www.sportshine.eu\/trgovina\/kolesarska-luc-magicshine-allty-1500s\/#breadcrumb"},"inLanguage":"de-AT","potentialAction":[{"@type":"ReadAction","target":["https:\/\/www.sportshine.eu\/trgovina\/kolesarska-luc-magicshine-allty-1500s\/"]}]},{"@type":"ImageObject","inLanguage":"de-AT","@id":"https:\/\/www.sportshine.eu\/trgovina\/kolesarska-luc-magicshine-allty-1500s\/#primaryimage","url":"https:\/\/www.sportshine.eu\/wp-content\/uploads\/2025\/07\/Kolesarska-luc-Magicshine-ALLTY-1500S.webp","contentUrl":"https:\/\/www.sportshine.eu\/wp-content\/uploads\/2025\/07\/Kolesarska-luc-Magicshine-ALLTY-1500S.webp","width":800,"height":800},{"@type":"BreadcrumbList","@id":"https:\/\/www.sportshine.eu\/trgovina\/kolesarska-luc-magicshine-allty-1500s\/#breadcrumb","itemListElement":[{"@type":"ListItem","position":1,"name":"Home","item":"https:\/\/www.sportshine.eu\/"},{"@type":"ListItem","position":2,"name":"Trgovina","item":"https:\/\/www.sportshine.eu\/trgovina\/"},{"@type":"ListItem","position":3,"name":"Kolesarska lu\u010d Magicshine ALLTY 1500S"}]},{"@type":"WebSite","@id":"https:\/\/www.sportshine.eu\/#website","url":"https:\/\/www.sportshine.eu\/","name":"Sportshine","description":"Top Online-Shop f\u00fcr Fahrrad- und Stirnlampen sowie Zubeh\u00f6r","publisher":{"@id":"https:\/\/www.sportshine.eu\/#organization"},"potentialAction":[{"@type":"SearchAction","target":{"@type":"EntryPoint","urlTemplate":"https:\/\/www.sportshine.eu\/?s={search_term_string}"},"query-input":{"@type":"PropertyValueSpecification","valueRequired":true,"valueName":"search_term_string"}}],"inLanguage":"de-AT"},{"@type":"Organization","@id":"https:\/\/www.sportshine.eu\/#organization","name":"Sportshine","url":"https:\/\/www.sportshine.eu\/","logo":{"@type":"ImageObject","inLanguage":"de-AT","@id":"https:\/\/www.sportshine.eu\/#\/schema\/logo\/image\/","url":"https:\/\/www.sportshine.eu\/wp-content\/uploads\/2026\/01\/cropped-Sportshine.webp","contentUrl":"https:\/\/www.sportshine.eu\/wp-content\/uploads\/2026\/01\/cropped-Sportshine.webp","width":295,"height":128,"caption":"Sportshine"},"image":{"@id":"https:\/\/www.sportshine.eu\/#\/schema\/logo\/image\/"},"sameAs":["https:\/\/www.facebook.com\/sportshine.eu\/"]}]}},"_links":{"self":[{"href":"https:\/\/www.sportshine.eu\/de\/wp-json\/wp\/v2\/product\/6465","targetHints":{"allow":["GET"]}}],"collection":[{"href":"https:\/\/www.sportshine.eu\/de\/wp-json\/wp\/v2\/product"}],"about":[{"href":"https:\/\/www.sportshine.eu\/de\/wp-json\/wp\/v2\/types\/product"}],"replies":[{"embeddable":true,"href":"https:\/\/www.sportshine.eu\/de\/wp-json\/wp\/v2\/comments?post=6465"}],"version-history":[{"count":0,"href":"https:\/\/www.sportshine.eu\/de\/wp-json\/wp\/v2\/product\/6465\/revisions"}],"wp:featuredmedia":[{"embeddable":true,"href":"https:\/\/www.sportshine.eu\/de\/wp-json\/wp\/v2\/media\/5999"}],"wp:attachment":[{"href":"https:\/\/www.sportshine.eu\/de\/wp-json\/wp\/v2\/media?parent=6465"}],"wp:term":[{"taxonomy":"product_brand","embeddable":true,"href":"https:\/\/www.sportshine.eu\/de\/wp-json\/wp\/v2\/product_brand?post=6465"},{"taxonomy":"product_cat","embeddable":true,"href":"https:\/\/www.sportshine.eu\/de\/wp-json\/wp\/v2\/product_cat?post=6465"},{"taxonomy":"product_tag","embeddable":true,"href":"https:\/\/www.sportshine.eu\/de\/wp-json\/wp\/v2\/product_tag?post=6465"}],"curies":[{"name":"wp","href":"https:\/\/api.w.org\/{rel}","templated":true}]}}