{"id":6464,"date":"2025-07-05T19:57:23","date_gmt":"2025-07-05T19:57:23","guid":{"rendered":"https:\/\/www.sportshine.eu\/?post_type=product&#038;p=6464"},"modified":"2026-03-11T14:32:00","modified_gmt":"2026-03-11T14:32:00","slug":"fahrradrucklicht-magicshine-seemee-300","status":"publish","type":"product","link":"https:\/\/www.sportshine.eu\/de\/geschaft\/fahrradrucklicht-magicshine-seemee-300\/","title":{"rendered":"Fahrradr\u00fccklicht MAGICSHINE SEEMEE 300"},"content":{"rendered":"<p>&nbsp;<\/p>\n<p><img decoding=\"async\" class=\"aligncenter wp-image-7239 size-full\" src=\"https:\/\/www.sportshine.eu\/wp-content\/uploads\/2025\/07\/mocna-zadnja-luc-scaled-1.webp\" alt=\"\" width=\"2560\" height=\"728\" srcset=\"https:\/\/www.sportshine.eu\/wp-content\/uploads\/2025\/07\/mocna-zadnja-luc-scaled-1.webp 2560w, https:\/\/www.sportshine.eu\/wp-content\/uploads\/2025\/07\/mocna-zadnja-luc-scaled-1-768x218.webp 768w, https:\/\/www.sportshine.eu\/wp-content\/uploads\/2025\/07\/mocna-zadnja-luc-scaled-1-1536x437.webp 1536w, https:\/\/www.sportshine.eu\/wp-content\/uploads\/2025\/07\/mocna-zadnja-luc-scaled-1-2048x582.webp 2048w, https:\/\/www.sportshine.eu\/wp-content\/uploads\/2025\/07\/mocna-zadnja-luc-scaled-1-600x171.webp 600w\" sizes=\"(max-width: 2560px) 100vw, 2560px\" \/><\/p>\n<h3 style=\"text-align: center;\">VIDEOPR\u00c4SENTATION VON MAGICSHINE SEEMEE 300<\/h3>\n<p><iframe loading=\"lazy\" title=\"MAGICSHINE SEEMEE 300 Allround-Sicherheitsr\u00fccklicht\" width=\"500\" height=\"281\" src=\"https:\/\/www.youtube.com\/embed\/TJaVbScopi8?feature=oembed\" frameborder=\"0\" allow=\"accelerometer; autoplay; clipboard-write; encrypted-media; gyroscope; picture-in-picture; web-share\" referrerpolicy=\"strict-origin-when-cross-origin\" allowfullscreen><\/iframe><\/p>\n<h3 style=\"text-align: center;\">UNGLAUBLICHE HELLIGKEIT<\/h3>\n<p style=\"text-align: center;\">Das Fahrradlicht verwendet zwei LEDs mit einer kombinierten maximalen Helligkeit von 300 Lumen und unterschiedlichen Linsenwinkeln f\u00fcr eine bessere Sichtbarkeit. (Maximale Sichtweite 3000 Meter).<\/p>\n<p><img decoding=\"async\" class=\"aligncenter wp-image-7240\" src=\"https:\/\/www.sportshine.eu\/wp-content\/uploads\/2025\/07\/zadnja-kolesarska-luc-2-1.webp\" alt=\"\" width=\"800\" height=\"600\" \/><\/p>\n<h3 style=\"text-align: center;\">360\u00b0 OPTISCHES REISELICHT<\/h3>\n<p style=\"text-align: center;\">Es projiziert ein 360\u00b0 rotes Warnlicht, um Rundumsicht zu gew\u00e4hrleisten und f\u00fcr mehr Sicherheit im Stra\u00dfenverkehr zu sorgen.<\/p>\n<p><img decoding=\"async\" class=\"aligncenter wp-image-7241 size-full\" src=\"https:\/\/www.sportshine.eu\/wp-content\/uploads\/2025\/07\/kolesarska-luc-3-1-1.webp\" alt=\"\" width=\"800\" height=\"800\" srcset=\"https:\/\/www.sportshine.eu\/wp-content\/uploads\/2025\/07\/kolesarska-luc-3-1-1.webp 800w, https:\/\/www.sportshine.eu\/wp-content\/uploads\/2025\/07\/kolesarska-luc-3-1-1-768x768.webp 768w, https:\/\/www.sportshine.eu\/wp-content\/uploads\/2025\/07\/kolesarska-luc-3-1-1-600x600.webp 600w\" sizes=\"(max-width: 800px) 100vw, 800px\" \/><\/p>\n<h3 style=\"text-align: center;\">SICHTBARER LICHTWINKEL 260\u00b0<\/h3>\n<p style=\"text-align: center;\">Bringen Sie Ihre Sicherheit auf die n\u00e4chste Stufe mit au\u00dfergew\u00f6hnlicher 260\u00b0-Sicht, die es anderen Verkehrsteilnehmern erm\u00f6glicht, Sie von der Seite zu sehen.<\/p>\n<p><img decoding=\"async\" class=\"aligncenter wp-image-7242 size-full\" src=\"https:\/\/www.sportshine.eu\/wp-content\/uploads\/2025\/07\/kolesarska-svetilka-2-1-1.webp\" alt=\"\" width=\"800\" height=\"800\" srcset=\"https:\/\/www.sportshine.eu\/wp-content\/uploads\/2025\/07\/kolesarska-svetilka-2-1-1.webp 800w, https:\/\/www.sportshine.eu\/wp-content\/uploads\/2025\/07\/kolesarska-svetilka-2-1-1-768x768.webp 768w, https:\/\/www.sportshine.eu\/wp-content\/uploads\/2025\/07\/kolesarska-svetilka-2-1-1-600x600.webp 600w\" sizes=\"(max-width: 800px) 100vw, 800px\" \/><\/p>\n<h3 style=\"text-align: center;\">INTELLIGENTER BREMSSENSOR<\/h3>\n<p style=\"text-align: center;\">Es erkennt Ihre Bewegung zuverl\u00e4ssig und wird heller, sobald Sie bremsen.<\/p>\n<p><img decoding=\"async\" class=\"aligncenter wp-image-7243\" src=\"https:\/\/www.sportshine.eu\/wp-content\/uploads\/2025\/07\/300-lumnov-kolesarska-luc.webp\" alt=\"\" width=\"800\" height=\"600\" \/><\/p>\n<h3 style=\"text-align: center;\">Passt die Helligkeit automatisch an<\/h3>\n<p style=\"text-align: center;\">Seien Sie Tag und Nacht sichtbar. Der Lichtsensor erkennt die Umgebungsbedingungen in Echtzeit und passt die Helligkeit automatisch an. *Das OptiTracing-Licht wird durch einen Lichtsensor gesteuert und schaltet sich tags\u00fcber aus.<\/p>\n<p><img decoding=\"async\" class=\"aligncenter wp-image-7244\" src=\"https:\/\/www.sportshine.eu\/wp-content\/uploads\/2025\/07\/zadnja-mocna-kolesarska-luc-Magicshine.webp\" alt=\"\" width=\"800\" height=\"600\" \/><\/p>\n<h3 style=\"text-align: center;\">EINFACHE BATTERIEANZEIGE<\/h3>\n<p style=\"text-align: center;\">Die dreistufige Anzeige zeigt pr\u00e4zise die verbleibende Leistung Ihrer Taschenlampe an. GR\u00dcN: 21%-100%, ROT: 11%-20%, BLINKEND ROT: 1%-10%.<\/p>\n<p><img decoding=\"async\" class=\"aligncenter wp-image-7245 size-full\" src=\"https:\/\/www.sportshine.eu\/wp-content\/uploads\/2025\/07\/top-kolesarska-svetilka-1-1.webp\" alt=\"\" width=\"800\" height=\"800\" srcset=\"https:\/\/www.sportshine.eu\/wp-content\/uploads\/2025\/07\/top-kolesarska-svetilka-1-1.webp 800w, https:\/\/www.sportshine.eu\/wp-content\/uploads\/2025\/07\/top-kolesarska-svetilka-1-1-768x768.webp 768w, https:\/\/www.sportshine.eu\/wp-content\/uploads\/2025\/07\/top-kolesarska-svetilka-1-1-600x600.webp 600w\" sizes=\"(max-width: 800px) 100vw, 800px\" \/><\/p>\n<h3 style=\"text-align: center;\">KOMMEN SIE SICHER NACH HAUSE<\/h3>\n<p style=\"text-align: center;\">Wenn der Akku leer ist, wird der ECO-Modus aktiviert, damit die Taschenlampe eingeschaltet bleibt und Sie sicher nach Hause kommen. Wenn die verbleibende Akkuleistung 10% oder weniger betr\u00e4gt, wird automatisch in den ECO-Modus gewechselt. *Die Bremsfunktion ist w\u00e4hrend dieser Zeit deaktiviert.<\/p>\n<p><img decoding=\"async\" class=\"aligncenter wp-image-7246\" src=\"https:\/\/www.sportshine.eu\/wp-content\/uploads\/2025\/07\/KOLESARSKA-LUC-2.jpg\" alt=\"\" width=\"800\" height=\"600\" \/><\/p>\n<h3 style=\"text-align: center;\">SIE ERHALTEN IM PAKET<\/h3>\n<p style=\"text-align: center;\">1 * SEEMEE 300 Fahrradlicht<br \/>\n1 * unter-sitz montage halterung<br \/>\n1 * Sattelst\u00fctzenbefestigung<br \/>\n1 * USB-C-Ladekabel<\/p>\n<p><img decoding=\"async\" class=\"aligncenter wp-image-7247\" src=\"https:\/\/www.sportshine.eu\/wp-content\/uploads\/2025\/07\/luc-za-kolo-6.webp\" alt=\"\" width=\"800\" height=\"600\" \/><\/p>","protected":false},"excerpt":{"rendered":"<p>Magicshine SEEMEE 300 ist ein intelligentes R\u00fccklicht mit mehreren Betriebsmodi, die je nach Bedarf unterschiedliche Beleuchtungsoptionen erm\u00f6glichen. Das Hauptlicht bietet eine Helligkeit von bis zu 300 Lumen. Mithilfe von zwei LEDs mit unterschiedlichen Beleuchtungswinkeln verbessert es die Sichtbarkeit und kann eine Beleuchtungsdistanz von bis zu 3000 Metern erreichen.<\/p>","protected":false},"featured_media":5775,"comment_status":"open","ping_status":"closed","template":"","meta":[],"product_brand":[131],"product_cat":[82,86],"product_tag":[],"class_list":{"0":"post-6464","1":"product","2":"type-product","3":"status-publish","4":"has-post-thumbnail","6":"product_brand-magicshine","7":"product_cat-kolesarske-luci","8":"product_cat-zadnje-kolesarske-luci","10":"first","11":"onbackorder","12":"taxable","13":"shipping-taxable","14":"purchasable","15":"product-type-simple"},"yoast_head":"<!-- This site is optimized with the Yoast SEO plugin v27.3 - https:\/\/yoast.com\/product\/yoast-seo-wordpress\/ -->\n<title>Zadnja kolesarska lu\u010d MAGICSHINE SEEMEE 300<\/title>\n<meta name=\"description\" content=\"Zadnja kolesarska lu\u010d MAGICSHINE SEEMEE 300 ima neverjetno svetilnost 300-ih lumnov in max delovanje do 200 ur. Priporo\u010damo za vse kolesarje.\" \/>\n<meta name=\"robots\" content=\"index, follow, max-snippet:-1, max-image-preview:large, max-video-preview:-1\" \/>\n<link rel=\"canonical\" href=\"https:\/\/www.sportshine.eu\/de\/geschaft\/fahrradrucklicht-magicshine-seemee-300\/\" \/>\n<meta property=\"og:locale\" content=\"de_DE\" \/>\n<meta property=\"og:type\" content=\"article\" \/>\n<meta property=\"og:title\" content=\"Zadnja kolesarska lu\u010d MAGICSHINE SEEMEE 300\" \/>\n<meta property=\"og:description\" content=\"Zadnja kolesarska lu\u010d MAGICSHINE SEEMEE 300 ima neverjetno svetilnost 300-ih lumnov in max delovanje do 200 ur. Priporo\u010damo za vse kolesarje.\" \/>\n<meta property=\"og:url\" content=\"https:\/\/www.sportshine.eu\/de\/geschaft\/fahrradrucklicht-magicshine-seemee-300\/\" \/>\n<meta property=\"og:site_name\" content=\"Sportshine\" \/>\n<meta property=\"article:publisher\" content=\"https:\/\/www.facebook.com\/sportshine.eu\/\" \/>\n<meta property=\"article:modified_time\" content=\"2026-03-11T14:32:00+00:00\" \/>\n<meta property=\"og:image\" content=\"https:\/\/www.sportshine.eu\/wp-content\/uploads\/2025\/07\/mocna-zadnja-kolesarska-luc.webp\" \/>\n\t<meta property=\"og:image:width\" content=\"800\" \/>\n\t<meta property=\"og:image:height\" content=\"800\" \/>\n\t<meta property=\"og:image:type\" content=\"image\/webp\" \/>\n<meta name=\"twitter:card\" content=\"summary_large_image\" \/>\n<meta name=\"twitter:label1\" content=\"Gesch\u00e4tzte Lesezeit\" \/>\n\t<meta name=\"twitter:data1\" content=\"4 Minuten\" \/>\n<script type=\"application\/ld+json\" class=\"yoast-schema-graph\">{\"@context\":\"https:\\\/\\\/schema.org\",\"@graph\":[{\"@type\":\"WebPage\",\"@id\":\"https:\\\/\\\/www.sportshine.eu\\\/trgovina\\\/zadnja-kolesarska-luc-magicshine-seemee-300\\\/\",\"url\":\"https:\\\/\\\/www.sportshine.eu\\\/trgovina\\\/zadnja-kolesarska-luc-magicshine-seemee-300\\\/\",\"name\":\"Zadnja kolesarska lu\u010d MAGICSHINE SEEMEE 300\",\"isPartOf\":{\"@id\":\"https:\\\/\\\/www.sportshine.eu\\\/#website\"},\"primaryImageOfPage\":{\"@id\":\"https:\\\/\\\/www.sportshine.eu\\\/trgovina\\\/zadnja-kolesarska-luc-magicshine-seemee-300\\\/#primaryimage\"},\"image\":{\"@id\":\"https:\\\/\\\/www.sportshine.eu\\\/trgovina\\\/zadnja-kolesarska-luc-magicshine-seemee-300\\\/#primaryimage\"},\"thumbnailUrl\":\"https:\\\/\\\/www.sportshine.eu\\\/wp-content\\\/uploads\\\/2025\\\/07\\\/mocna-zadnja-kolesarska-luc.webp\",\"datePublished\":\"2025-07-05T19:57:23+00:00\",\"dateModified\":\"2026-03-11T14:32:00+00:00\",\"description\":\"Zadnja kolesarska lu\u010d MAGICSHINE SEEMEE 300 ima neverjetno svetilnost 300-ih lumnov in max delovanje do 200 ur. Priporo\u010damo za vse kolesarje.\",\"breadcrumb\":{\"@id\":\"https:\\\/\\\/www.sportshine.eu\\\/trgovina\\\/zadnja-kolesarska-luc-magicshine-seemee-300\\\/#breadcrumb\"},\"inLanguage\":\"de-AT\",\"potentialAction\":[{\"@type\":\"ReadAction\",\"target\":[\"https:\\\/\\\/www.sportshine.eu\\\/trgovina\\\/zadnja-kolesarska-luc-magicshine-seemee-300\\\/\"]}]},{\"@type\":\"ImageObject\",\"inLanguage\":\"de-AT\",\"@id\":\"https:\\\/\\\/www.sportshine.eu\\\/trgovina\\\/zadnja-kolesarska-luc-magicshine-seemee-300\\\/#primaryimage\",\"url\":\"https:\\\/\\\/www.sportshine.eu\\\/wp-content\\\/uploads\\\/2025\\\/07\\\/mocna-zadnja-kolesarska-luc.webp\",\"contentUrl\":\"https:\\\/\\\/www.sportshine.eu\\\/wp-content\\\/uploads\\\/2025\\\/07\\\/mocna-zadnja-kolesarska-luc.webp\",\"width\":800,\"height\":800},{\"@type\":\"BreadcrumbList\",\"@id\":\"https:\\\/\\\/www.sportshine.eu\\\/trgovina\\\/zadnja-kolesarska-luc-magicshine-seemee-300\\\/#breadcrumb\",\"itemListElement\":[{\"@type\":\"ListItem\",\"position\":1,\"name\":\"Home\",\"item\":\"https:\\\/\\\/www.sportshine.eu\\\/\"},{\"@type\":\"ListItem\",\"position\":2,\"name\":\"Trgovina\",\"item\":\"https:\\\/\\\/www.sportshine.eu\\\/trgovina\\\/\"},{\"@type\":\"ListItem\",\"position\":3,\"name\":\"Zadnja kolesarska lu\u010d MAGICSHINE SEEMEE 300\"}]},{\"@type\":\"WebSite\",\"@id\":\"https:\\\/\\\/www.sportshine.eu\\\/#website\",\"url\":\"https:\\\/\\\/www.sportshine.eu\\\/\",\"name\":\"Sportshine\",\"description\":\"Top spletna trgovina kolesarskih in naglavnih svetilk ter opreme\",\"publisher\":{\"@id\":\"https:\\\/\\\/www.sportshine.eu\\\/#organization\"},\"potentialAction\":[{\"@type\":\"SearchAction\",\"target\":{\"@type\":\"EntryPoint\",\"urlTemplate\":\"https:\\\/\\\/www.sportshine.eu\\\/?s={search_term_string}\"},\"query-input\":{\"@type\":\"PropertyValueSpecification\",\"valueRequired\":true,\"valueName\":\"search_term_string\"}}],\"inLanguage\":\"de-AT\"},{\"@type\":\"Organization\",\"@id\":\"https:\\\/\\\/www.sportshine.eu\\\/#organization\",\"name\":\"Sportshine\",\"url\":\"https:\\\/\\\/www.sportshine.eu\\\/\",\"logo\":{\"@type\":\"ImageObject\",\"inLanguage\":\"de-AT\",\"@id\":\"https:\\\/\\\/www.sportshine.eu\\\/#\\\/schema\\\/logo\\\/image\\\/\",\"url\":\"https:\\\/\\\/www.sportshine.eu\\\/wp-content\\\/uploads\\\/2026\\\/01\\\/cropped-Sportshine.webp\",\"contentUrl\":\"https:\\\/\\\/www.sportshine.eu\\\/wp-content\\\/uploads\\\/2026\\\/01\\\/cropped-Sportshine.webp\",\"width\":295,\"height\":128,\"caption\":\"Sportshine\"},\"image\":{\"@id\":\"https:\\\/\\\/www.sportshine.eu\\\/#\\\/schema\\\/logo\\\/image\\\/\"},\"sameAs\":[\"https:\\\/\\\/www.facebook.com\\\/sportshine.eu\\\/\"]}]}<\/script>\n<!-- \/ Yoast SEO plugin. -->","yoast_head_json":{"title":"Fahrradr\u00fccklicht MAGICSHINE SEEMEE 300","description":"Das MAGICSHINE SEEMEE 300 Fahrradr\u00fccklicht hat eine unglaubliche Helligkeit von 300 Lumen und eine maximale Betriebsdauer von bis zu 200 Stunden. Wir empfehlen es allen Radfahrern.","robots":{"index":"index","follow":"follow","max-snippet":"max-snippet:-1","max-image-preview":"max-image-preview:large","max-video-preview":"max-video-preview:-1"},"canonical":"https:\/\/www.sportshine.eu\/de\/geschaft\/fahrradrucklicht-magicshine-seemee-300\/","og_locale":"de_DE","og_type":"article","og_title":"Zadnja kolesarska lu\u010d MAGICSHINE SEEMEE 300","og_description":"Zadnja kolesarska lu\u010d MAGICSHINE SEEMEE 300 ima neverjetno svetilnost 300-ih lumnov in max delovanje do 200 ur. Priporo\u010damo za vse kolesarje.","og_url":"https:\/\/www.sportshine.eu\/de\/geschaft\/fahrradrucklicht-magicshine-seemee-300\/","og_site_name":"Sportshine","article_publisher":"https:\/\/www.facebook.com\/sportshine.eu\/","article_modified_time":"2026-03-11T14:32:00+00:00","og_image":[{"width":800,"height":800,"url":"https:\/\/www.sportshine.eu\/wp-content\/uploads\/2025\/07\/mocna-zadnja-kolesarska-luc.webp","type":"image\/webp"}],"twitter_card":"summary_large_image","twitter_misc":{"Gesch\u00e4tzte Lesezeit":"4 Minuten"},"schema":{"@context":"https:\/\/schema.org","@graph":[{"@type":"WebPage","@id":"https:\/\/www.sportshine.eu\/trgovina\/zadnja-kolesarska-luc-magicshine-seemee-300\/","url":"https:\/\/www.sportshine.eu\/trgovina\/zadnja-kolesarska-luc-magicshine-seemee-300\/","name":"Fahrradr\u00fccklicht MAGICSHINE SEEMEE 300","isPartOf":{"@id":"https:\/\/www.sportshine.eu\/#website"},"primaryImageOfPage":{"@id":"https:\/\/www.sportshine.eu\/trgovina\/zadnja-kolesarska-luc-magicshine-seemee-300\/#primaryimage"},"image":{"@id":"https:\/\/www.sportshine.eu\/trgovina\/zadnja-kolesarska-luc-magicshine-seemee-300\/#primaryimage"},"thumbnailUrl":"https:\/\/www.sportshine.eu\/wp-content\/uploads\/2025\/07\/mocna-zadnja-kolesarska-luc.webp","datePublished":"2025-07-05T19:57:23+00:00","dateModified":"2026-03-11T14:32:00+00:00","description":"Das MAGICSHINE SEEMEE 300 Fahrradr\u00fccklicht hat eine unglaubliche Helligkeit von 300 Lumen und eine maximale Betriebsdauer von bis zu 200 Stunden. Wir empfehlen es allen Radfahrern.","breadcrumb":{"@id":"https:\/\/www.sportshine.eu\/trgovina\/zadnja-kolesarska-luc-magicshine-seemee-300\/#breadcrumb"},"inLanguage":"de-AT","potentialAction":[{"@type":"ReadAction","target":["https:\/\/www.sportshine.eu\/trgovina\/zadnja-kolesarska-luc-magicshine-seemee-300\/"]}]},{"@type":"ImageObject","inLanguage":"de-AT","@id":"https:\/\/www.sportshine.eu\/trgovina\/zadnja-kolesarska-luc-magicshine-seemee-300\/#primaryimage","url":"https:\/\/www.sportshine.eu\/wp-content\/uploads\/2025\/07\/mocna-zadnja-kolesarska-luc.webp","contentUrl":"https:\/\/www.sportshine.eu\/wp-content\/uploads\/2025\/07\/mocna-zadnja-kolesarska-luc.webp","width":800,"height":800},{"@type":"BreadcrumbList","@id":"https:\/\/www.sportshine.eu\/trgovina\/zadnja-kolesarska-luc-magicshine-seemee-300\/#breadcrumb","itemListElement":[{"@type":"ListItem","position":1,"name":"Home","item":"https:\/\/www.sportshine.eu\/"},{"@type":"ListItem","position":2,"name":"Trgovina","item":"https:\/\/www.sportshine.eu\/trgovina\/"},{"@type":"ListItem","position":3,"name":"Zadnja kolesarska lu\u010d MAGICSHINE SEEMEE 300"}]},{"@type":"WebSite","@id":"https:\/\/www.sportshine.eu\/#website","url":"https:\/\/www.sportshine.eu\/","name":"Sportshine","description":"Top Online-Shop f\u00fcr Fahrrad- und Stirnlampen sowie Zubeh\u00f6r","publisher":{"@id":"https:\/\/www.sportshine.eu\/#organization"},"potentialAction":[{"@type":"SearchAction","target":{"@type":"EntryPoint","urlTemplate":"https:\/\/www.sportshine.eu\/?s={search_term_string}"},"query-input":{"@type":"PropertyValueSpecification","valueRequired":true,"valueName":"search_term_string"}}],"inLanguage":"de-AT"},{"@type":"Organization","@id":"https:\/\/www.sportshine.eu\/#organization","name":"Sportshine","url":"https:\/\/www.sportshine.eu\/","logo":{"@type":"ImageObject","inLanguage":"de-AT","@id":"https:\/\/www.sportshine.eu\/#\/schema\/logo\/image\/","url":"https:\/\/www.sportshine.eu\/wp-content\/uploads\/2026\/01\/cropped-Sportshine.webp","contentUrl":"https:\/\/www.sportshine.eu\/wp-content\/uploads\/2026\/01\/cropped-Sportshine.webp","width":295,"height":128,"caption":"Sportshine"},"image":{"@id":"https:\/\/www.sportshine.eu\/#\/schema\/logo\/image\/"},"sameAs":["https:\/\/www.facebook.com\/sportshine.eu\/"]}]}},"_links":{"self":[{"href":"https:\/\/www.sportshine.eu\/de\/wp-json\/wp\/v2\/product\/6464","targetHints":{"allow":["GET"]}}],"collection":[{"href":"https:\/\/www.sportshine.eu\/de\/wp-json\/wp\/v2\/product"}],"about":[{"href":"https:\/\/www.sportshine.eu\/de\/wp-json\/wp\/v2\/types\/product"}],"replies":[{"embeddable":true,"href":"https:\/\/www.sportshine.eu\/de\/wp-json\/wp\/v2\/comments?post=6464"}],"version-history":[{"count":0,"href":"https:\/\/www.sportshine.eu\/de\/wp-json\/wp\/v2\/product\/6464\/revisions"}],"wp:featuredmedia":[{"embeddable":true,"href":"https:\/\/www.sportshine.eu\/de\/wp-json\/wp\/v2\/media\/5775"}],"wp:attachment":[{"href":"https:\/\/www.sportshine.eu\/de\/wp-json\/wp\/v2\/media?parent=6464"}],"wp:term":[{"taxonomy":"product_brand","embeddable":true,"href":"https:\/\/www.sportshine.eu\/de\/wp-json\/wp\/v2\/product_brand?post=6464"},{"taxonomy":"product_cat","embeddable":true,"href":"https:\/\/www.sportshine.eu\/de\/wp-json\/wp\/v2\/product_cat?post=6464"},{"taxonomy":"product_tag","embeddable":true,"href":"https:\/\/www.sportshine.eu\/de\/wp-json\/wp\/v2\/product_tag?post=6464"}],"curies":[{"name":"wp","href":"https:\/\/api.w.org\/{rel}","templated":true}]}}