{"id":6452,"date":"2025-07-05T19:45:15","date_gmt":"2025-07-05T19:45:15","guid":{"rendered":"https:\/\/www.sportshine.eu\/?post_type=product&#038;p=6452"},"modified":"2025-11-25T23:15:55","modified_gmt":"2025-11-25T23:15:55","slug":"magicshine-evo-1700sd-shimano-di2-fahrradlicht","status":"publish","type":"product","link":"https:\/\/www.sportshine.eu\/de\/geschaft\/magicshine-evo-1700sd-shimano-di2-fahrradlicht\/","title":{"rendered":"Magicshine EVO 1700SD SHIMANO Di2 Fahrradlicht"},"content":{"rendered":"<h3 style=\"text-align: center;\">WIR PR\u00c4SENTIEREN DAS MAGICSHINE EVO 1700SD SHIMANO Di2 FAHRRADLICHT<\/h3>\n<p><iframe loading=\"lazy\" title=\"Magicshine EVO 1700SD Shimano Di2\" width=\"500\" height=\"281\" src=\"https:\/\/www.youtube.com\/embed\/ulkRGIFUv-E?feature=oembed\" frameborder=\"0\" allow=\"accelerometer; autoplay; clipboard-write; encrypted-media; gyroscope; picture-in-picture; web-share\" referrerpolicy=\"strict-origin-when-cross-origin\" allowfullscreen><\/iframe><\/p>\n<h3 style=\"text-align: center;\">ERLEUCHTE DEINEN WEG<\/h3>\n<p style=\"text-align: center;\">Mit einer beeindruckenden Lichtleistung von 1700 Lumen in einem unglaublich kompakten Paket ist der EVO 1700SD speziell f\u00fcr das t\u00e4gliche Fahren in st\u00e4dtischen Umgebungen konzipiert.<\/p>\n<p><img decoding=\"async\" class=\"aligncenter wp-image-7387 size-full\" src=\"https:\/\/www.sportshine.eu\/wp-content\/uploads\/2025\/07\/Magicshine-EVO-1700SD-SHIMANO-Di2-kolesarska-luc-1.webp\" alt=\"Magicshine EVO 1700SD SHIMANO Di2 \" width=\"800\" height=\"800\" srcset=\"https:\/\/www.sportshine.eu\/wp-content\/uploads\/2025\/07\/Magicshine-EVO-1700SD-SHIMANO-Di2-kolesarska-luc-1.webp 800w, https:\/\/www.sportshine.eu\/wp-content\/uploads\/2025\/07\/Magicshine-EVO-1700SD-SHIMANO-Di2-kolesarska-luc-1-768x768.webp 768w, https:\/\/www.sportshine.eu\/wp-content\/uploads\/2025\/07\/Magicshine-EVO-1700SD-SHIMANO-Di2-kolesarska-luc-1-600x600.webp 600w\" sizes=\"(max-width: 800px) 100vw, 800px\" \/><\/p>\n<h3 style=\"text-align: center;\">MAGICSHINE EVO 1700SD FAHRRADLICHT UNTER DER HALTERUNG<\/h3>\n<p style=\"text-align: center;\">Dank der Leistung von Shimano Di2 l\u00e4sst sich die EVO 1700SD ganz einfach mit Ihren Di2-Schalthebeln steuern. Schalten Sie das Licht ein und aus, passen Sie die Helligkeit an, wechseln Sie den Modus oder entfesseln Sie die volle Leistung von 1700 Lumen mit einem Tastendruck am Schalthebel, ohne die H\u00e4nde vom Lenker nehmen zu m\u00fcssen.<\/p>\n<p><img decoding=\"async\" class=\"aligncenter wp-image-7389 size-full\" src=\"https:\/\/www.sportshine.eu\/wp-content\/uploads\/2025\/07\/Magicshine-EVO-1700SD-SHIMANO-Di2.webp\" alt=\"Magicshine EVO 1700SD SHIMANO Di2 \" width=\"800\" height=\"800\" srcset=\"https:\/\/www.sportshine.eu\/wp-content\/uploads\/2025\/07\/Magicshine-EVO-1700SD-SHIMANO-Di2.webp 800w, https:\/\/www.sportshine.eu\/wp-content\/uploads\/2025\/07\/Magicshine-EVO-1700SD-SHIMANO-Di2-768x768.webp 768w, https:\/\/www.sportshine.eu\/wp-content\/uploads\/2025\/07\/Magicshine-EVO-1700SD-SHIMANO-Di2-600x600.webp 600w\" sizes=\"(max-width: 800px) 100vw, 800px\" \/><\/p>\n<h3 style=\"text-align: center;\">ABBLEND- UND FERNLICHTFUNKTION<\/h3>\n<p style=\"text-align: center;\">Dr\u00fccken Sie einfach zweimal die Taste, um zwischen Abblend- und Fernlicht zu wechseln. Die einzigartige Kombination aus Abblend- und Fernlicht erm\u00f6glicht Ihnen die Sicht unter unterschiedlichsten Bedingungen.<\/p>\n<p><img decoding=\"async\" class=\"aligncenter wp-image-7390\" src=\"https:\/\/www.sportshine.eu\/wp-content\/uploads\/2025\/07\/Magicshine-EVO-1700SD-SHIMANO-Di2-1.webp\" alt=\"Magicshine EVO 1700SD SHIMANO Di2 \" width=\"800\" height=\"600\" \/><\/p>\n<h3 style=\"text-align: center;\">Blendfreies Abblendlicht f\u00fcr den Weiterverkehr<\/h3>\n<p style=\"text-align: center;\">Das pr\u00e4zise eingestellte Abblendlicht erzeugt eine klare Lichtlinie, die das Licht direkt auf die Stra\u00dfe richtet und so eine Blendung des Gegenverkehrs verhindert.<\/p>\n<p><img decoding=\"async\" class=\"aligncenter wp-image-7391\" src=\"https:\/\/www.sportshine.eu\/wp-content\/uploads\/2025\/07\/Magicshine-EVO-1700SD-SHIMANO-Di2.jpg\" alt=\"Magicshine EVO 1700SD SHIMANO Di2 \" width=\"800\" height=\"600\" \/><\/p>\n<h3 style=\"text-align: center;\">LEISTUNGSSTARKER AKKU MIT USB-C-ANSCHLUSS<\/h3>\n<p style=\"text-align: center;\">Die EVO 1700 Stirnlampe verf\u00fcgt \u00fcber einen langlebigen 4000 mAh Akku, der zuverl\u00e4ssige 11 Stunden Betriebszeit erm\u00f6glicht. Der Akku l\u00e4sst sich bequem \u00fcber den USB-C-Anschluss aufladen.<\/p>\n<p><img decoding=\"async\" class=\"aligncenter wp-image-7392 size-full\" src=\"https:\/\/www.sportshine.eu\/wp-content\/uploads\/2025\/07\/Magicshine-EVO-1700SD-SHIMANO-Di2-2.webp\" alt=\"Magicshine EVO 1700SD SHIMANO Di2 \" width=\"800\" height=\"800\" srcset=\"https:\/\/www.sportshine.eu\/wp-content\/uploads\/2025\/07\/Magicshine-EVO-1700SD-SHIMANO-Di2-2.webp 800w, https:\/\/www.sportshine.eu\/wp-content\/uploads\/2025\/07\/Magicshine-EVO-1700SD-SHIMANO-Di2-2-768x768.webp 768w, https:\/\/www.sportshine.eu\/wp-content\/uploads\/2025\/07\/Magicshine-EVO-1700SD-SHIMANO-Di2-2-600x600.webp 600w\" sizes=\"(max-width: 800px) 100vw, 800px\" \/><\/p>\n<h3 style=\"text-align: center;\">WASSERDICHT NACH IPX6-STANDARD<\/h3>\n<p style=\"text-align: center;\">Dank der Wasserdichtigkeitsklasse IPX7 h\u00e4lt die Leuchte auch harten Bedingungen stand und beleuchtet den Weg sogar bei starkem Regen.<\/p>\n<p><img decoding=\"async\" class=\"aligncenter wp-image-7393 size-full\" src=\"https:\/\/www.sportshine.eu\/wp-content\/uploads\/2025\/07\/Magicshine-EVO-1700SD-SHIMANO-Di2-3.webp\" alt=\"Magicshine EVO 1700SD SHIMANO Di2 \" width=\"800\" height=\"800\" srcset=\"https:\/\/www.sportshine.eu\/wp-content\/uploads\/2025\/07\/Magicshine-EVO-1700SD-SHIMANO-Di2-3.webp 800w, https:\/\/www.sportshine.eu\/wp-content\/uploads\/2025\/07\/Magicshine-EVO-1700SD-SHIMANO-Di2-3-768x768.webp 768w, https:\/\/www.sportshine.eu\/wp-content\/uploads\/2025\/07\/Magicshine-EVO-1700SD-SHIMANO-Di2-3-600x600.webp 600w\" sizes=\"(max-width: 800px) 100vw, 800px\" \/><\/p>\n<h3 style=\"text-align: center;\">SHIMANO DI2-INTEGRATION<\/h3>\n<p style=\"text-align: center;\">Passen Sie die Lichteinstellungen m\u00fchelos \u00fcber die Shimano Di2-Tasten an, so einfach wie das Schalten.<\/p>\n<p style=\"text-align: center;\">Kopplungsanleitung: Erste Kopplung: Klicken Sie einmal auf eine beliebige Taste am Schalthebel, um das SHIMANO Di2-System zu aktivieren. Halten Sie anschlie\u00dfend die Lichttaste 1 Sekunde lang gedr\u00fcckt, bis die Anzeige blau blinkt, um in den Kopplungsmodus zu wechseln. Platzieren Sie die Lampe in einem Umkreis von 30 cm in der N\u00e4he des Schaltwerks. Die Anzeige leuchtet 3 Sekunden lang durchgehend blau, um die erfolgreiche Kopplung zu best\u00e4tigen.<\/p>\n<p><img decoding=\"async\" class=\"aligncenter wp-image-7394 size-full\" src=\"https:\/\/www.sportshine.eu\/wp-content\/uploads\/2025\/07\/Magicshine-EVO-1700SD-SHIMANO-Di2-4.webp\" alt=\"Magicshine EVO 1700SD SHIMANO Di2 \" width=\"800\" height=\"800\" srcset=\"https:\/\/www.sportshine.eu\/wp-content\/uploads\/2025\/07\/Magicshine-EVO-1700SD-SHIMANO-Di2-4.webp 800w, https:\/\/www.sportshine.eu\/wp-content\/uploads\/2025\/07\/Magicshine-EVO-1700SD-SHIMANO-Di2-4-768x768.webp 768w, https:\/\/www.sportshine.eu\/wp-content\/uploads\/2025\/07\/Magicshine-EVO-1700SD-SHIMANO-Di2-4-600x600.webp 600w\" sizes=\"(max-width: 800px) 100vw, 800px\" \/><\/p>\n<h3 style=\"text-align: center;\">WAS IST IM PAKET ENTHALTEN?<\/h3>\n<p><img decoding=\"async\" class=\"aligncenter wp-image-7395\" src=\"https:\/\/www.sportshine.eu\/wp-content\/uploads\/2025\/07\/Magicshine-EVO-1700SD-SHIMANO-Di2-5.webp\" alt=\"Magicshine EVO 1700SD SHIMANO Di2 \" width=\"800\" height=\"600\" \/><\/p>\n<p>&nbsp;<\/p>","protected":false},"excerpt":{"rendered":"<p>Die Magicshine Evo 1700SD Fahrradleuchte ist die ultimative Beleuchtungsl\u00f6sung f\u00fcr Radfahrer, die hohe Leistung und eine nahtlose Integration in die Komponenten ihres Fahrrads w\u00fcnschen. Die Magicshine EVO 1700SD beh\u00e4lt das ultrakompakte Geh\u00e4use der EVO 1700 bei und liefert 1700 Lumen, um Ihnen den Weg zu erhellen. Der Unterschied liegt in der vereinfachten Integration. Ohne Fernbedienung l\u00e4sst sich die EVO 1700SD direkt mit dem Shimano Di2-System (kabellose Einheit) Ihres Fahrrads verbinden.<\/p>","protected":false},"featured_media":5991,"comment_status":"open","ping_status":"closed","template":"","meta":[],"product_brand":[131],"product_cat":[82,150],"product_tag":[],"class_list":{"0":"post-6452","1":"product","2":"type-product","3":"status-publish","4":"has-post-thumbnail","6":"product_brand-magicshine","7":"product_cat-kolesarske-luci","8":"product_cat-sprednje-kolesarske-luci","10":"first","11":"instock","12":"sale","13":"taxable","14":"shipping-taxable","15":"purchasable","16":"product-type-simple"},"yoast_head":"<!-- This site is optimized with the Yoast SEO plugin v27.3 - https:\/\/yoast.com\/product\/yoast-seo-wordpress\/ -->\n<title>Magicshine EVO 1700SD SHIMANO Di2 kolesarska lu\u010d<\/title>\n<meta name=\"description\" content=\"Magicshine EVO 1700SD SHIMANO Di2 je prva kolesarska lu\u010d, ki omogo\u010da povezavo z Di2 menjalnikom. Vgrajenih 1700 lumnov mo\u010di.\" \/>\n<meta name=\"robots\" content=\"index, follow, max-snippet:-1, max-image-preview:large, max-video-preview:-1\" \/>\n<link rel=\"canonical\" href=\"https:\/\/www.sportshine.eu\/de\/geschaft\/magicshine-evo-1700sd-shimano-di2-fahrradlicht\/\" \/>\n<meta property=\"og:locale\" content=\"de_DE\" \/>\n<meta property=\"og:type\" content=\"article\" \/>\n<meta property=\"og:title\" content=\"Magicshine EVO 1700SD SHIMANO Di2 kolesarska lu\u010d\" \/>\n<meta property=\"og:description\" content=\"Magicshine EVO 1700SD SHIMANO Di2 je prva kolesarska lu\u010d, ki omogo\u010da povezavo z Di2 menjalnikom. Vgrajenih 1700 lumnov mo\u010di.\" \/>\n<meta property=\"og:url\" content=\"https:\/\/www.sportshine.eu\/de\/geschaft\/magicshine-evo-1700sd-shimano-di2-fahrradlicht\/\" \/>\n<meta property=\"og:site_name\" content=\"Sportshine\" \/>\n<meta property=\"article:publisher\" content=\"https:\/\/www.facebook.com\/sportshine.eu\/\" \/>\n<meta property=\"article:modified_time\" content=\"2025-11-25T23:15:55+00:00\" \/>\n<meta property=\"og:image\" content=\"https:\/\/www.sportshine.eu\/wp-content\/uploads\/2025\/07\/Magicshine-EVO-1700SD-SHIMANO-Di2-kolesarska-luc.webp\" \/>\n\t<meta property=\"og:image:width\" content=\"800\" \/>\n\t<meta property=\"og:image:height\" content=\"800\" \/>\n\t<meta property=\"og:image:type\" content=\"image\/webp\" \/>\n<meta name=\"twitter:card\" content=\"summary_large_image\" \/>\n<meta name=\"twitter:label1\" content=\"Gesch\u00e4tzte Lesezeit\" \/>\n\t<meta name=\"twitter:data1\" content=\"4 Minuten\" \/>\n<script type=\"application\/ld+json\" class=\"yoast-schema-graph\">{\"@context\":\"https:\\\/\\\/schema.org\",\"@graph\":[{\"@type\":\"WebPage\",\"@id\":\"https:\\\/\\\/www.sportshine.eu\\\/trgovina\\\/magicshine-evo-1700sd-shimano-di2-kolesarska-luc\\\/\",\"url\":\"https:\\\/\\\/www.sportshine.eu\\\/trgovina\\\/magicshine-evo-1700sd-shimano-di2-kolesarska-luc\\\/\",\"name\":\"Magicshine EVO 1700SD SHIMANO Di2 kolesarska lu\u010d\",\"isPartOf\":{\"@id\":\"https:\\\/\\\/www.sportshine.eu\\\/#website\"},\"primaryImageOfPage\":{\"@id\":\"https:\\\/\\\/www.sportshine.eu\\\/trgovina\\\/magicshine-evo-1700sd-shimano-di2-kolesarska-luc\\\/#primaryimage\"},\"image\":{\"@id\":\"https:\\\/\\\/www.sportshine.eu\\\/trgovina\\\/magicshine-evo-1700sd-shimano-di2-kolesarska-luc\\\/#primaryimage\"},\"thumbnailUrl\":\"https:\\\/\\\/www.sportshine.eu\\\/wp-content\\\/uploads\\\/2025\\\/07\\\/Magicshine-EVO-1700SD-SHIMANO-Di2-kolesarska-luc.webp\",\"datePublished\":\"2025-07-05T19:45:15+00:00\",\"dateModified\":\"2025-11-25T23:15:55+00:00\",\"description\":\"Magicshine EVO 1700SD SHIMANO Di2 je prva kolesarska lu\u010d, ki omogo\u010da povezavo z Di2 menjalnikom. Vgrajenih 1700 lumnov mo\u010di.\",\"breadcrumb\":{\"@id\":\"https:\\\/\\\/www.sportshine.eu\\\/trgovina\\\/magicshine-evo-1700sd-shimano-di2-kolesarska-luc\\\/#breadcrumb\"},\"inLanguage\":\"de-AT\",\"potentialAction\":[{\"@type\":\"ReadAction\",\"target\":[\"https:\\\/\\\/www.sportshine.eu\\\/trgovina\\\/magicshine-evo-1700sd-shimano-di2-kolesarska-luc\\\/\"]}]},{\"@type\":\"ImageObject\",\"inLanguage\":\"de-AT\",\"@id\":\"https:\\\/\\\/www.sportshine.eu\\\/trgovina\\\/magicshine-evo-1700sd-shimano-di2-kolesarska-luc\\\/#primaryimage\",\"url\":\"https:\\\/\\\/www.sportshine.eu\\\/wp-content\\\/uploads\\\/2025\\\/07\\\/Magicshine-EVO-1700SD-SHIMANO-Di2-kolesarska-luc.webp\",\"contentUrl\":\"https:\\\/\\\/www.sportshine.eu\\\/wp-content\\\/uploads\\\/2025\\\/07\\\/Magicshine-EVO-1700SD-SHIMANO-Di2-kolesarska-luc.webp\",\"width\":800,\"height\":800},{\"@type\":\"BreadcrumbList\",\"@id\":\"https:\\\/\\\/www.sportshine.eu\\\/trgovina\\\/magicshine-evo-1700sd-shimano-di2-kolesarska-luc\\\/#breadcrumb\",\"itemListElement\":[{\"@type\":\"ListItem\",\"position\":1,\"name\":\"Home\",\"item\":\"https:\\\/\\\/www.sportshine.eu\\\/\"},{\"@type\":\"ListItem\",\"position\":2,\"name\":\"Trgovina\",\"item\":\"https:\\\/\\\/www.sportshine.eu\\\/trgovina\\\/\"},{\"@type\":\"ListItem\",\"position\":3,\"name\":\"Magicshine EVO 1700SD SHIMANO Di2 kolesarska lu\u010d\"}]},{\"@type\":\"WebSite\",\"@id\":\"https:\\\/\\\/www.sportshine.eu\\\/#website\",\"url\":\"https:\\\/\\\/www.sportshine.eu\\\/\",\"name\":\"Sportshine\",\"description\":\"Top spletna trgovina kolesarskih in naglavnih svetilk ter opreme\",\"publisher\":{\"@id\":\"https:\\\/\\\/www.sportshine.eu\\\/#organization\"},\"potentialAction\":[{\"@type\":\"SearchAction\",\"target\":{\"@type\":\"EntryPoint\",\"urlTemplate\":\"https:\\\/\\\/www.sportshine.eu\\\/?s={search_term_string}\"},\"query-input\":{\"@type\":\"PropertyValueSpecification\",\"valueRequired\":true,\"valueName\":\"search_term_string\"}}],\"inLanguage\":\"de-AT\"},{\"@type\":\"Organization\",\"@id\":\"https:\\\/\\\/www.sportshine.eu\\\/#organization\",\"name\":\"Sportshine\",\"url\":\"https:\\\/\\\/www.sportshine.eu\\\/\",\"logo\":{\"@type\":\"ImageObject\",\"inLanguage\":\"de-AT\",\"@id\":\"https:\\\/\\\/www.sportshine.eu\\\/#\\\/schema\\\/logo\\\/image\\\/\",\"url\":\"https:\\\/\\\/www.sportshine.eu\\\/wp-content\\\/uploads\\\/2026\\\/01\\\/cropped-Sportshine.webp\",\"contentUrl\":\"https:\\\/\\\/www.sportshine.eu\\\/wp-content\\\/uploads\\\/2026\\\/01\\\/cropped-Sportshine.webp\",\"width\":295,\"height\":128,\"caption\":\"Sportshine\"},\"image\":{\"@id\":\"https:\\\/\\\/www.sportshine.eu\\\/#\\\/schema\\\/logo\\\/image\\\/\"},\"sameAs\":[\"https:\\\/\\\/www.facebook.com\\\/sportshine.eu\\\/\"]}]}<\/script>\n<!-- \/ Yoast SEO plugin. -->","yoast_head_json":{"title":"Magicshine EVO 1700SD SHIMANO Di2 Fahrradlicht","description":"Magicshine EVO 1700SD SHIMANO Di2 ist das erste Fahrradlicht, das den Anschluss an ein Di2-Schaltwerk erm\u00f6glicht. Eingebaute 1700 Lumen Leistung.","robots":{"index":"index","follow":"follow","max-snippet":"max-snippet:-1","max-image-preview":"max-image-preview:large","max-video-preview":"max-video-preview:-1"},"canonical":"https:\/\/www.sportshine.eu\/de\/geschaft\/magicshine-evo-1700sd-shimano-di2-fahrradlicht\/","og_locale":"de_DE","og_type":"article","og_title":"Magicshine EVO 1700SD SHIMANO Di2 kolesarska lu\u010d","og_description":"Magicshine EVO 1700SD SHIMANO Di2 je prva kolesarska lu\u010d, ki omogo\u010da povezavo z Di2 menjalnikom. Vgrajenih 1700 lumnov mo\u010di.","og_url":"https:\/\/www.sportshine.eu\/de\/geschaft\/magicshine-evo-1700sd-shimano-di2-fahrradlicht\/","og_site_name":"Sportshine","article_publisher":"https:\/\/www.facebook.com\/sportshine.eu\/","article_modified_time":"2025-11-25T23:15:55+00:00","og_image":[{"width":800,"height":800,"url":"https:\/\/www.sportshine.eu\/wp-content\/uploads\/2025\/07\/Magicshine-EVO-1700SD-SHIMANO-Di2-kolesarska-luc.webp","type":"image\/webp"}],"twitter_card":"summary_large_image","twitter_misc":{"Gesch\u00e4tzte Lesezeit":"4 Minuten"},"schema":{"@context":"https:\/\/schema.org","@graph":[{"@type":"WebPage","@id":"https:\/\/www.sportshine.eu\/trgovina\/magicshine-evo-1700sd-shimano-di2-kolesarska-luc\/","url":"https:\/\/www.sportshine.eu\/trgovina\/magicshine-evo-1700sd-shimano-di2-kolesarska-luc\/","name":"Magicshine EVO 1700SD SHIMANO Di2 Fahrradlicht","isPartOf":{"@id":"https:\/\/www.sportshine.eu\/#website"},"primaryImageOfPage":{"@id":"https:\/\/www.sportshine.eu\/trgovina\/magicshine-evo-1700sd-shimano-di2-kolesarska-luc\/#primaryimage"},"image":{"@id":"https:\/\/www.sportshine.eu\/trgovina\/magicshine-evo-1700sd-shimano-di2-kolesarska-luc\/#primaryimage"},"thumbnailUrl":"https:\/\/www.sportshine.eu\/wp-content\/uploads\/2025\/07\/Magicshine-EVO-1700SD-SHIMANO-Di2-kolesarska-luc.webp","datePublished":"2025-07-05T19:45:15+00:00","dateModified":"2025-11-25T23:15:55+00:00","description":"Magicshine EVO 1700SD SHIMANO Di2 ist das erste Fahrradlicht, das den Anschluss an ein Di2-Schaltwerk erm\u00f6glicht. Eingebaute 1700 Lumen Leistung.","breadcrumb":{"@id":"https:\/\/www.sportshine.eu\/trgovina\/magicshine-evo-1700sd-shimano-di2-kolesarska-luc\/#breadcrumb"},"inLanguage":"de-AT","potentialAction":[{"@type":"ReadAction","target":["https:\/\/www.sportshine.eu\/trgovina\/magicshine-evo-1700sd-shimano-di2-kolesarska-luc\/"]}]},{"@type":"ImageObject","inLanguage":"de-AT","@id":"https:\/\/www.sportshine.eu\/trgovina\/magicshine-evo-1700sd-shimano-di2-kolesarska-luc\/#primaryimage","url":"https:\/\/www.sportshine.eu\/wp-content\/uploads\/2025\/07\/Magicshine-EVO-1700SD-SHIMANO-Di2-kolesarska-luc.webp","contentUrl":"https:\/\/www.sportshine.eu\/wp-content\/uploads\/2025\/07\/Magicshine-EVO-1700SD-SHIMANO-Di2-kolesarska-luc.webp","width":800,"height":800},{"@type":"BreadcrumbList","@id":"https:\/\/www.sportshine.eu\/trgovina\/magicshine-evo-1700sd-shimano-di2-kolesarska-luc\/#breadcrumb","itemListElement":[{"@type":"ListItem","position":1,"name":"Home","item":"https:\/\/www.sportshine.eu\/"},{"@type":"ListItem","position":2,"name":"Trgovina","item":"https:\/\/www.sportshine.eu\/trgovina\/"},{"@type":"ListItem","position":3,"name":"Magicshine EVO 1700SD SHIMANO Di2 kolesarska lu\u010d"}]},{"@type":"WebSite","@id":"https:\/\/www.sportshine.eu\/#website","url":"https:\/\/www.sportshine.eu\/","name":"Sportshine","description":"Top Online-Shop f\u00fcr Fahrrad- und Stirnlampen sowie Zubeh\u00f6r","publisher":{"@id":"https:\/\/www.sportshine.eu\/#organization"},"potentialAction":[{"@type":"SearchAction","target":{"@type":"EntryPoint","urlTemplate":"https:\/\/www.sportshine.eu\/?s={search_term_string}"},"query-input":{"@type":"PropertyValueSpecification","valueRequired":true,"valueName":"search_term_string"}}],"inLanguage":"de-AT"},{"@type":"Organization","@id":"https:\/\/www.sportshine.eu\/#organization","name":"Sportshine","url":"https:\/\/www.sportshine.eu\/","logo":{"@type":"ImageObject","inLanguage":"de-AT","@id":"https:\/\/www.sportshine.eu\/#\/schema\/logo\/image\/","url":"https:\/\/www.sportshine.eu\/wp-content\/uploads\/2026\/01\/cropped-Sportshine.webp","contentUrl":"https:\/\/www.sportshine.eu\/wp-content\/uploads\/2026\/01\/cropped-Sportshine.webp","width":295,"height":128,"caption":"Sportshine"},"image":{"@id":"https:\/\/www.sportshine.eu\/#\/schema\/logo\/image\/"},"sameAs":["https:\/\/www.facebook.com\/sportshine.eu\/"]}]}},"_links":{"self":[{"href":"https:\/\/www.sportshine.eu\/de\/wp-json\/wp\/v2\/product\/6452","targetHints":{"allow":["GET"]}}],"collection":[{"href":"https:\/\/www.sportshine.eu\/de\/wp-json\/wp\/v2\/product"}],"about":[{"href":"https:\/\/www.sportshine.eu\/de\/wp-json\/wp\/v2\/types\/product"}],"replies":[{"embeddable":true,"href":"https:\/\/www.sportshine.eu\/de\/wp-json\/wp\/v2\/comments?post=6452"}],"version-history":[{"count":0,"href":"https:\/\/www.sportshine.eu\/de\/wp-json\/wp\/v2\/product\/6452\/revisions"}],"wp:featuredmedia":[{"embeddable":true,"href":"https:\/\/www.sportshine.eu\/de\/wp-json\/wp\/v2\/media\/5991"}],"wp:attachment":[{"href":"https:\/\/www.sportshine.eu\/de\/wp-json\/wp\/v2\/media?parent=6452"}],"wp:term":[{"taxonomy":"product_brand","embeddable":true,"href":"https:\/\/www.sportshine.eu\/de\/wp-json\/wp\/v2\/product_brand?post=6452"},{"taxonomy":"product_cat","embeddable":true,"href":"https:\/\/www.sportshine.eu\/de\/wp-json\/wp\/v2\/product_cat?post=6452"},{"taxonomy":"product_tag","embeddable":true,"href":"https:\/\/www.sportshine.eu\/de\/wp-json\/wp\/v2\/product_tag?post=6452"}],"curies":[{"name":"wp","href":"https:\/\/api.w.org\/{rel}","templated":true}]}}