{"id":6451,"date":"2025-07-05T19:45:14","date_gmt":"2025-07-05T19:45:14","guid":{"rendered":"https:\/\/www.sportshine.eu\/?post_type=product&#038;p=6451"},"modified":"2026-04-15T07:36:49","modified_gmt":"2026-04-15T07:36:49","slug":"magicshine-evo-1300-fahrradlicht","status":"publish","type":"product","link":"https:\/\/www.sportshine.eu\/de\/geschaft\/magicshine-evo-1300-fahrradlicht\/","title":{"rendered":"Magicshine EVO 1300 Fahrradlicht"},"content":{"rendered":"<h3 style=\"text-align: center;\">VIDEO PREDSTAVITEV<\/h3>\n<p><iframe loading=\"lazy\" title=\"MAGICSHINE EVO 1300 Underneath Mounted Bike Light\" width=\"500\" height=\"281\" src=\"https:\/\/www.youtube.com\/embed\/whupKyl8p3c?feature=oembed\" frameborder=\"0\" allow=\"accelerometer; autoplay; clipboard-write; encrypted-media; gyroscope; picture-in-picture; web-share\" referrerpolicy=\"strict-origin-when-cross-origin\" allowfullscreen><\/iframe><\/p>\n<h3 style=\"text-align: center;\">OSVETLITE SVOJO POT<\/h3>\n<p style=\"text-align: center;\">Kolesarska lu\u010d Magicshine EVO 1300 z mo\u010djo 1300 lumnov, vas bo varno spremljala v vsaki situaciji.<\/p>\n<p><img decoding=\"async\" class=\"aligncenter wp-image-7400\" src=\"https:\/\/www.sportshine.eu\/wp-content\/uploads\/2025\/07\/Magicshine-EVO-1300.webp\" alt=\"Magicshine EVO 1300\" width=\"800\" height=\"600\" \/><\/p>\n<h3 style=\"text-align: center;\">SISTEM ZA PRITRDITEV POD \u0160TEVCEM<\/h3>\n<p style=\"text-align: center;\">Lahki sprednji nosilec uporablja Garminov sistem namestitve, z lu\u010djo spodaj in kolesarskim ra\u010dunalnikom zgoraj.<\/p>\n<p><img decoding=\"async\" class=\"aligncenter wp-image-7402\" src=\"https:\/\/www.sportshine.eu\/wp-content\/uploads\/2025\/07\/Magicshine-EVO-1300-1.webp\" alt=\"Magicshine EVO 1300\" width=\"800\" height=\"600\" \/><\/p>\n<h3 style=\"text-align: center;\">KRATEK IN DOLG SNOP OSVETLITVE<\/h3>\n<p style=\"text-align: center;\">Kratek snop osvetlitve je posebej primeren za vo\u017enjo po mestu ali na obmo\u010djih z gostim prometom. Ko pa potrebujete ve\u010d svetlobe za hitrej\u0161o vo\u017enjo ali gozdno pot, lahko s pritiskom na gumb preklopite na dolgi svetlobni snop.<\/p>\n<p><img decoding=\"async\" class=\"aligncenter wp-image-7403\" src=\"https:\/\/www.sportshine.eu\/wp-content\/uploads\/2025\/07\/Magicshine-EVO-1300-2.webp\" alt=\"Magicshine EVO 1300\" width=\"800\" height=\"600\" \/><\/p>\n<h3 style=\"text-align: center;\">PRILAGODI OSVETLITEV PREKO APLIKACIJE<\/h3>\n<p style=\"text-align: center;\">Z aplikacijo Magicshine prilagodite izhodno mo\u010d in poskrbite za pravilne nastavitve za vo\u017enjo po cestah, temnih poteh ali gorskih strminah.<\/p>\n<p><img decoding=\"async\" class=\"aligncenter wp-image-7404\" src=\"https:\/\/www.sportshine.eu\/wp-content\/uploads\/2025\/07\/Magicshine-EVO-1300-3.webp\" alt=\"Magicshine EVO 1300\" width=\"800\" height=\"600\" \/><\/p>\n<h3 style=\"text-align: center;\">PRIRO\u010cNO UPRAVLJANJE<\/h3>\n<p style=\"text-align: center;\">Z dvojnim gumbom ali opcijskim brez\u017ei\u010dnim daljinskim upravljalnikom enostavno preklapljajte med kratkimi in dolgimi svetlobnimi snopom.<\/p>\n<p><img decoding=\"async\" class=\"aligncenter wp-image-7405\" src=\"https:\/\/www.sportshine.eu\/wp-content\/uploads\/2025\/07\/Magicshine-EVO-1300-4.webp\" alt=\"Magicshine EVO 1300\" width=\"800\" height=\"600\" \/><\/p>\n<h3 style=\"text-align: center;\">BATERIJA Z DOLGO \u017dIVLJENJSKO DOBO IN USB-C PRIKLJU\u010cKOM<\/h3>\n<p><img decoding=\"async\" class=\"aligncenter wp-image-7406\" src=\"https:\/\/www.sportshine.eu\/wp-content\/uploads\/2025\/07\/Magicshine-EVO-1300-5.webp\" alt=\"Magicshine EVO 1300\" width=\"800\" height=\"600\" \/><\/p>\n<h3 style=\"text-align: center;\">VODOODPORNOST PO STANDARDU IPX6<\/h3>\n<p style=\"text-align: center;\">Vodoodpornost IPX6 pomeni, da lu\u010d dobro deluje v vseh pogojih vo\u017enje in vam osvetljuje pot tudi v mo\u010dnem de\u017eju.<\/p>\n<p><img decoding=\"async\" class=\"aligncenter wp-image-7407\" src=\"https:\/\/www.sportshine.eu\/wp-content\/uploads\/2025\/07\/Magicshine-EVO-1300-6.webp\" alt=\"Magicshine EVO 1300\" width=\"800\" height=\"600\" \/><\/p>\n<h3 style=\"text-align: center;\">V PAKETU PREJMETE<\/h3>\n<div class=\"flex flex-grow flex-col max-w-full\">\n<div class=\"min-h-[20px] text-message flex flex-col items-start whitespace-pre-wrap break-words [.text-message+&amp;]:mt-5 juice:w-full juice:items-end overflow-x-auto gap-2\" dir=\"auto\" data-message-author-role=\"assistant\" data-message-id=\"725cb542-5f1a-46cc-bb48-b6f207c0dd25\">\n<div class=\"flex w-full flex-col gap-1 juice:empty:hidden juice:first:pt-[3px]\">\n<div class=\"markdown prose w-full break-words dark:prose-invert light\">\n<p style=\"text-align: center;\">Magicshine EVO1300 *1<br \/>\nKomplet sprednjega nosilca za krmilo *1<br \/>\nDaljinski upravljalnik MJ-6508 (vklj. trak) *1<br \/>\nNosilec Wahoo *1<br \/>\nVijak *2<br \/>\n2 mm imbus klju\u010d *1<br \/>\n3 mm imbus klju\u010d *1<br \/>\nUSB-C polnilni kabel *1<\/p>\n<p><img decoding=\"async\" class=\"aligncenter wp-image-7408\" src=\"https:\/\/www.sportshine.eu\/wp-content\/uploads\/2025\/07\/Magicshine-EVO-1300-7.webp\" alt=\"Magicshine EVO 1300\" width=\"800\" height=\"600\" \/><\/p>\n<\/div>\n<\/div>\n<\/div>\n<\/div>\n<div class=\"mt-1 flex gap-3 empty:hidden juice:-ml-3\">\n<div class=\"items-center justify-start rounded-xl p-1 flex\">\n<div class=\"flex items-center\">\n<div class=\"flex items-center pb-0.5 juice:pb-0\">\n<div class=\"[&amp;_svg]:h-full [&amp;_svg]:w-full icon-md h-4 w-4\"><\/div>\n<\/div>\n<\/div>\n<\/div>\n<\/div>\n","protected":false},"excerpt":{"rendered":"<p>Die Magicshine EVO 1300 Fahrradleuchte bietet bis zu 1300 Lumen. Das Licht ist bis zu einer Entfernung von 150 Metern sichtbar, sodass Sie sicher und gut sichtbar Rad fahren k\u00f6nnen. Der Vorteil dieser Leuchte: Beim Kauf erhalten Sie eine Halterung, an der Sie einen Tachometer montieren k\u00f6nnen, sowie einen Adapter zur freih\u00e4ndigen Lichtsteuerung.<\/p>","protected":false},"featured_media":5971,"comment_status":"open","ping_status":"closed","template":"","meta":[],"product_brand":[131],"product_cat":[82,150],"product_tag":[],"class_list":{"0":"post-6451","1":"product","2":"type-product","3":"status-publish","4":"has-post-thumbnail","6":"product_brand-magicshine","7":"product_cat-kolesarske-luci","8":"product_cat-sprednje-kolesarske-luci","10":"first","11":"instock","12":"taxable","13":"shipping-taxable","14":"purchasable","15":"product-type-simple"},"yoast_head":"<!-- This site is optimized with the Yoast SEO plugin v27.3 - https:\/\/yoast.com\/product\/yoast-seo-wordpress\/ -->\n<title>Magicshine EVO 1300 kolesarska lu\u010d<\/title>\n<meta name=\"description\" content=\"Magicshine EVO 1300 kolesarska lu\u010d omogo\u010da neverjetno svetilnost, v paketu pa je prilo\u017een \u017ee nosilec za \u0161tevec in adapter za prostoro\u010dno uporabo.\" \/>\n<meta name=\"robots\" content=\"index, follow, max-snippet:-1, max-image-preview:large, max-video-preview:-1\" \/>\n<link rel=\"canonical\" href=\"https:\/\/www.sportshine.eu\/de\/geschaft\/magicshine-evo-1300-fahrradlicht\/\" \/>\n<meta property=\"og:locale\" content=\"de_DE\" \/>\n<meta property=\"og:type\" content=\"article\" \/>\n<meta property=\"og:title\" content=\"Magicshine EVO 1300 kolesarska lu\u010d\" \/>\n<meta property=\"og:description\" content=\"Magicshine EVO 1300 kolesarska lu\u010d omogo\u010da neverjetno svetilnost, v paketu pa je prilo\u017een \u017ee nosilec za \u0161tevec in adapter za prostoro\u010dno uporabo.\" \/>\n<meta property=\"og:url\" content=\"https:\/\/www.sportshine.eu\/de\/geschaft\/magicshine-evo-1300-fahrradlicht\/\" \/>\n<meta property=\"og:site_name\" content=\"Sportshine\" \/>\n<meta property=\"article:publisher\" content=\"https:\/\/www.facebook.com\/sportshine.eu\/\" \/>\n<meta property=\"article:modified_time\" content=\"2026-04-15T07:36:49+00:00\" \/>\n<meta property=\"og:image\" content=\"https:\/\/www.sportshine.eu\/wp-content\/uploads\/2025\/07\/Magicshine-EVO-kolesarska-luc.webp\" \/>\n\t<meta property=\"og:image:width\" content=\"800\" \/>\n\t<meta property=\"og:image:height\" content=\"800\" \/>\n\t<meta property=\"og:image:type\" content=\"image\/webp\" \/>\n<meta name=\"twitter:card\" content=\"summary_large_image\" \/>\n<meta name=\"twitter:label1\" content=\"Gesch\u00e4tzte Lesezeit\" \/>\n\t<meta name=\"twitter:data1\" content=\"3 Minuten\" \/>\n<script type=\"application\/ld+json\" class=\"yoast-schema-graph\">{\"@context\":\"https:\\\/\\\/schema.org\",\"@graph\":[{\"@type\":\"WebPage\",\"@id\":\"https:\\\/\\\/www.sportshine.eu\\\/trgovina\\\/magicshine-evo-1300-kolesarska-luc\\\/\",\"url\":\"https:\\\/\\\/www.sportshine.eu\\\/trgovina\\\/magicshine-evo-1300-kolesarska-luc\\\/\",\"name\":\"Magicshine EVO 1300 kolesarska lu\u010d\",\"isPartOf\":{\"@id\":\"https:\\\/\\\/www.sportshine.eu\\\/#website\"},\"primaryImageOfPage\":{\"@id\":\"https:\\\/\\\/www.sportshine.eu\\\/trgovina\\\/magicshine-evo-1300-kolesarska-luc\\\/#primaryimage\"},\"image\":{\"@id\":\"https:\\\/\\\/www.sportshine.eu\\\/trgovina\\\/magicshine-evo-1300-kolesarska-luc\\\/#primaryimage\"},\"thumbnailUrl\":\"https:\\\/\\\/www.sportshine.eu\\\/wp-content\\\/uploads\\\/2025\\\/07\\\/Magicshine-EVO-kolesarska-luc.webp\",\"datePublished\":\"2025-07-05T19:45:14+00:00\",\"dateModified\":\"2026-04-15T07:36:49+00:00\",\"description\":\"Magicshine EVO 1300 kolesarska lu\u010d omogo\u010da neverjetno svetilnost, v paketu pa je prilo\u017een \u017ee nosilec za \u0161tevec in adapter za prostoro\u010dno uporabo.\",\"breadcrumb\":{\"@id\":\"https:\\\/\\\/www.sportshine.eu\\\/trgovina\\\/magicshine-evo-1300-kolesarska-luc\\\/#breadcrumb\"},\"inLanguage\":\"de-AT\",\"potentialAction\":[{\"@type\":\"ReadAction\",\"target\":[\"https:\\\/\\\/www.sportshine.eu\\\/trgovina\\\/magicshine-evo-1300-kolesarska-luc\\\/\"]}]},{\"@type\":\"ImageObject\",\"inLanguage\":\"de-AT\",\"@id\":\"https:\\\/\\\/www.sportshine.eu\\\/trgovina\\\/magicshine-evo-1300-kolesarska-luc\\\/#primaryimage\",\"url\":\"https:\\\/\\\/www.sportshine.eu\\\/wp-content\\\/uploads\\\/2025\\\/07\\\/Magicshine-EVO-kolesarska-luc.webp\",\"contentUrl\":\"https:\\\/\\\/www.sportshine.eu\\\/wp-content\\\/uploads\\\/2025\\\/07\\\/Magicshine-EVO-kolesarska-luc.webp\",\"width\":800,\"height\":800},{\"@type\":\"BreadcrumbList\",\"@id\":\"https:\\\/\\\/www.sportshine.eu\\\/trgovina\\\/magicshine-evo-1300-kolesarska-luc\\\/#breadcrumb\",\"itemListElement\":[{\"@type\":\"ListItem\",\"position\":1,\"name\":\"Home\",\"item\":\"https:\\\/\\\/www.sportshine.eu\\\/\"},{\"@type\":\"ListItem\",\"position\":2,\"name\":\"Trgovina\",\"item\":\"https:\\\/\\\/www.sportshine.eu\\\/trgovina\\\/\"},{\"@type\":\"ListItem\",\"position\":3,\"name\":\"Magicshine EVO 1300 kolesarska lu\u010d\"}]},{\"@type\":\"WebSite\",\"@id\":\"https:\\\/\\\/www.sportshine.eu\\\/#website\",\"url\":\"https:\\\/\\\/www.sportshine.eu\\\/\",\"name\":\"Sportshine\",\"description\":\"Top spletna trgovina kolesarskih in naglavnih svetilk ter opreme\",\"publisher\":{\"@id\":\"https:\\\/\\\/www.sportshine.eu\\\/#organization\"},\"potentialAction\":[{\"@type\":\"SearchAction\",\"target\":{\"@type\":\"EntryPoint\",\"urlTemplate\":\"https:\\\/\\\/www.sportshine.eu\\\/?s={search_term_string}\"},\"query-input\":{\"@type\":\"PropertyValueSpecification\",\"valueRequired\":true,\"valueName\":\"search_term_string\"}}],\"inLanguage\":\"de-AT\"},{\"@type\":\"Organization\",\"@id\":\"https:\\\/\\\/www.sportshine.eu\\\/#organization\",\"name\":\"Sportshine\",\"url\":\"https:\\\/\\\/www.sportshine.eu\\\/\",\"logo\":{\"@type\":\"ImageObject\",\"inLanguage\":\"de-AT\",\"@id\":\"https:\\\/\\\/www.sportshine.eu\\\/#\\\/schema\\\/logo\\\/image\\\/\",\"url\":\"https:\\\/\\\/www.sportshine.eu\\\/wp-content\\\/uploads\\\/2026\\\/01\\\/cropped-Sportshine.webp\",\"contentUrl\":\"https:\\\/\\\/www.sportshine.eu\\\/wp-content\\\/uploads\\\/2026\\\/01\\\/cropped-Sportshine.webp\",\"width\":295,\"height\":128,\"caption\":\"Sportshine\"},\"image\":{\"@id\":\"https:\\\/\\\/www.sportshine.eu\\\/#\\\/schema\\\/logo\\\/image\\\/\"},\"sameAs\":[\"https:\\\/\\\/www.facebook.com\\\/sportshine.eu\\\/\"]}]}<\/script>\n<!-- \/ Yoast SEO plugin. -->","yoast_head_json":{"title":"Magicshine EVO 1300 Fahrradlicht","description":"Das Fahrradlicht Magicshine EVO 1300 bietet eine unglaubliche Helligkeit und im Lieferumfang sind eine Computerhalterung und ein Adapter f\u00fcr die freih\u00e4ndige Verwendung enthalten.","robots":{"index":"index","follow":"follow","max-snippet":"max-snippet:-1","max-image-preview":"max-image-preview:large","max-video-preview":"max-video-preview:-1"},"canonical":"https:\/\/www.sportshine.eu\/de\/geschaft\/magicshine-evo-1300-fahrradlicht\/","og_locale":"de_DE","og_type":"article","og_title":"Magicshine EVO 1300 kolesarska lu\u010d","og_description":"Magicshine EVO 1300 kolesarska lu\u010d omogo\u010da neverjetno svetilnost, v paketu pa je prilo\u017een \u017ee nosilec za \u0161tevec in adapter za prostoro\u010dno uporabo.","og_url":"https:\/\/www.sportshine.eu\/de\/geschaft\/magicshine-evo-1300-fahrradlicht\/","og_site_name":"Sportshine","article_publisher":"https:\/\/www.facebook.com\/sportshine.eu\/","article_modified_time":"2026-04-15T07:36:49+00:00","og_image":[{"width":800,"height":800,"url":"https:\/\/www.sportshine.eu\/wp-content\/uploads\/2025\/07\/Magicshine-EVO-kolesarska-luc.webp","type":"image\/webp"}],"twitter_card":"summary_large_image","twitter_misc":{"Gesch\u00e4tzte Lesezeit":"3 Minuten"},"schema":{"@context":"https:\/\/schema.org","@graph":[{"@type":"WebPage","@id":"https:\/\/www.sportshine.eu\/trgovina\/magicshine-evo-1300-kolesarska-luc\/","url":"https:\/\/www.sportshine.eu\/trgovina\/magicshine-evo-1300-kolesarska-luc\/","name":"Magicshine EVO 1300 Fahrradlicht","isPartOf":{"@id":"https:\/\/www.sportshine.eu\/#website"},"primaryImageOfPage":{"@id":"https:\/\/www.sportshine.eu\/trgovina\/magicshine-evo-1300-kolesarska-luc\/#primaryimage"},"image":{"@id":"https:\/\/www.sportshine.eu\/trgovina\/magicshine-evo-1300-kolesarska-luc\/#primaryimage"},"thumbnailUrl":"https:\/\/www.sportshine.eu\/wp-content\/uploads\/2025\/07\/Magicshine-EVO-kolesarska-luc.webp","datePublished":"2025-07-05T19:45:14+00:00","dateModified":"2026-04-15T07:36:49+00:00","description":"Das Fahrradlicht Magicshine EVO 1300 bietet eine unglaubliche Helligkeit und im Lieferumfang sind eine Computerhalterung und ein Adapter f\u00fcr die freih\u00e4ndige Verwendung enthalten.","breadcrumb":{"@id":"https:\/\/www.sportshine.eu\/trgovina\/magicshine-evo-1300-kolesarska-luc\/#breadcrumb"},"inLanguage":"de-AT","potentialAction":[{"@type":"ReadAction","target":["https:\/\/www.sportshine.eu\/trgovina\/magicshine-evo-1300-kolesarska-luc\/"]}]},{"@type":"ImageObject","inLanguage":"de-AT","@id":"https:\/\/www.sportshine.eu\/trgovina\/magicshine-evo-1300-kolesarska-luc\/#primaryimage","url":"https:\/\/www.sportshine.eu\/wp-content\/uploads\/2025\/07\/Magicshine-EVO-kolesarska-luc.webp","contentUrl":"https:\/\/www.sportshine.eu\/wp-content\/uploads\/2025\/07\/Magicshine-EVO-kolesarska-luc.webp","width":800,"height":800},{"@type":"BreadcrumbList","@id":"https:\/\/www.sportshine.eu\/trgovina\/magicshine-evo-1300-kolesarska-luc\/#breadcrumb","itemListElement":[{"@type":"ListItem","position":1,"name":"Home","item":"https:\/\/www.sportshine.eu\/"},{"@type":"ListItem","position":2,"name":"Trgovina","item":"https:\/\/www.sportshine.eu\/trgovina\/"},{"@type":"ListItem","position":3,"name":"Magicshine EVO 1300 kolesarska lu\u010d"}]},{"@type":"WebSite","@id":"https:\/\/www.sportshine.eu\/#website","url":"https:\/\/www.sportshine.eu\/","name":"Sportshine","description":"Top Online-Shop f\u00fcr Fahrrad- und Stirnlampen sowie Zubeh\u00f6r","publisher":{"@id":"https:\/\/www.sportshine.eu\/#organization"},"potentialAction":[{"@type":"SearchAction","target":{"@type":"EntryPoint","urlTemplate":"https:\/\/www.sportshine.eu\/?s={search_term_string}"},"query-input":{"@type":"PropertyValueSpecification","valueRequired":true,"valueName":"search_term_string"}}],"inLanguage":"de-AT"},{"@type":"Organization","@id":"https:\/\/www.sportshine.eu\/#organization","name":"Sportshine","url":"https:\/\/www.sportshine.eu\/","logo":{"@type":"ImageObject","inLanguage":"de-AT","@id":"https:\/\/www.sportshine.eu\/#\/schema\/logo\/image\/","url":"https:\/\/www.sportshine.eu\/wp-content\/uploads\/2026\/01\/cropped-Sportshine.webp","contentUrl":"https:\/\/www.sportshine.eu\/wp-content\/uploads\/2026\/01\/cropped-Sportshine.webp","width":295,"height":128,"caption":"Sportshine"},"image":{"@id":"https:\/\/www.sportshine.eu\/#\/schema\/logo\/image\/"},"sameAs":["https:\/\/www.facebook.com\/sportshine.eu\/"]}]}},"_links":{"self":[{"href":"https:\/\/www.sportshine.eu\/de\/wp-json\/wp\/v2\/product\/6451","targetHints":{"allow":["GET"]}}],"collection":[{"href":"https:\/\/www.sportshine.eu\/de\/wp-json\/wp\/v2\/product"}],"about":[{"href":"https:\/\/www.sportshine.eu\/de\/wp-json\/wp\/v2\/types\/product"}],"replies":[{"embeddable":true,"href":"https:\/\/www.sportshine.eu\/de\/wp-json\/wp\/v2\/comments?post=6451"}],"version-history":[{"count":0,"href":"https:\/\/www.sportshine.eu\/de\/wp-json\/wp\/v2\/product\/6451\/revisions"}],"wp:featuredmedia":[{"embeddable":true,"href":"https:\/\/www.sportshine.eu\/de\/wp-json\/wp\/v2\/media\/5971"}],"wp:attachment":[{"href":"https:\/\/www.sportshine.eu\/de\/wp-json\/wp\/v2\/media?parent=6451"}],"wp:term":[{"taxonomy":"product_brand","embeddable":true,"href":"https:\/\/www.sportshine.eu\/de\/wp-json\/wp\/v2\/product_brand?post=6451"},{"taxonomy":"product_cat","embeddable":true,"href":"https:\/\/www.sportshine.eu\/de\/wp-json\/wp\/v2\/product_cat?post=6451"},{"taxonomy":"product_tag","embeddable":true,"href":"https:\/\/www.sportshine.eu\/de\/wp-json\/wp\/v2\/product_tag?post=6451"}],"curies":[{"name":"wp","href":"https:\/\/api.w.org\/{rel}","templated":true}]}}