{"id":6450,"date":"2025-07-05T19:45:12","date_gmt":"2025-07-05T19:45:12","guid":{"rendered":"https:\/\/www.sportshine.eu\/?post_type=product&#038;p=6450"},"modified":"2025-08-09T22:57:28","modified_gmt":"2025-08-09T22:57:28","slug":"magicshine-allty-200-scheinwerfer","status":"publish","type":"product","link":"https:\/\/www.sportshine.eu\/de\/geschaft\/magicshine-allty-200-scheinwerfer\/","title":{"rendered":"Magicshine ALLTY 200 Frontleuchte"},"content":{"rendered":"<h3 style=\"text-align: center;\">200 LUMEN LEISTUNG UND EINGEBAUTES ENTBLENDUNGSOBJEKTIV<\/h3>\n<p style=\"text-align: center;\">Die Allty 200 Stirnlampe bietet gute Sicht zur Seite und blendet den Gegenverkehr nicht. Die kleine, leichte und wasserdichte Stirnlampe sorgt daf\u00fcr, dass Sie auch bei schlechten Lichtverh\u00e4ltnissen sicher im Stra\u00dfenverkehr unterwegs sind.<\/p>\n<p><img decoding=\"async\" class=\"aligncenter wp-image-7411\" src=\"https:\/\/www.sportshine.eu\/wp-content\/uploads\/2025\/07\/Magicshine-ALLTY-200-1.webp\" alt=\"Magicshine ALLTY 200 \" width=\"800\" height=\"800\" \/><\/p>\n<h3 style=\"text-align: center;\">LANGE LAUFZEIT UND UCB-C-LADUNG<\/h3>\n<p style=\"text-align: center;\">Eingebauter 900 mAh Lithium-Ionen-Akku, l\u00e4dt in 2\u20133 Stunden und funktioniert 42 Stunden. Die Anzeige f\u00fcr niedrigen Batteriestand leuchtet rot, wenn die Leistung weniger als 20% betr\u00e4gt, sodass Sie nie im Dunkeln stehen.<\/p>\n<p><img decoding=\"async\" class=\"aligncenter wp-image-7413\" src=\"https:\/\/www.sportshine.eu\/wp-content\/uploads\/2025\/07\/Magicshine-ALLTY-200-2.webp\" alt=\"Magicshine ALLTY 200 \" width=\"800\" height=\"800\" \/><\/p>\n<h3 style=\"text-align: center;\">BLITZFUNKTION F\u00dcR BESSERE SICHTBARKEIT AM TAG<\/h3>\n<p style=\"text-align: center;\">Das Licht ist mit einem speziellen Blitz, Fokus und einer Reichweite ausgestattet, um es tags\u00fcber besser sichtbar zu machen. Tags\u00fcber k\u00f6nnen Sie durch Doppelklicken der Einschalttaste schnell zwischen Blitz- und Beleuchtungsmodus wechseln.<\/p>\n<p><img decoding=\"async\" class=\"aligncenter wp-image-7414\" src=\"https:\/\/www.sportshine.eu\/wp-content\/uploads\/2025\/07\/Magicshine-ALLTY-200-3.webp\" alt=\"Magicshine ALLTY 200 \" width=\"800\" height=\"800\" \/><\/p>\n<h3 style=\"text-align: center;\">EXTREM LEICHT UND WASSERDICHT<\/h3>\n<p style=\"text-align: center;\">Das wasserdichte IPX 6-Geh\u00e4use sieht auf jedem Fahrrad gut aus und wiegt nur 60 Gramm.<\/p>\n<p><img decoding=\"async\" class=\"aligncenter wp-image-7415\" src=\"https:\/\/www.sportshine.eu\/wp-content\/uploads\/2025\/07\/Magicshine-ALLTY-200-4.webp\" alt=\"Magicshine ALLTY 200 \" width=\"800\" height=\"800\" \/><\/p>\n<h3 style=\"text-align: center;\">WERKZEUGLOSES MONTAGESYSTEM<\/h3>\n<p style=\"text-align: center;\">ALLTY 200 ist mit einem abnehmbaren Silikonband ausgestattet, das die Befestigung der Leuchte extrem einfach macht. Der verbesserte Silikonknopf f\u00e4llt im Dunkeln auf.<\/p>\n<p><img decoding=\"async\" class=\"aligncenter wp-image-7416\" src=\"https:\/\/www.sportshine.eu\/wp-content\/uploads\/2025\/07\/Magicshine-ALLTY-200-5.webp\" alt=\"Magicshine ALLTY 200 \" width=\"800\" height=\"800\" \/><\/p>\n<h3 style=\"text-align: center;\">SIE ERHALTEN IM PAKET<\/h3>\n<p style=\"text-align: center;\">ALLTY 200 Fahrradlicht<br \/>\nGummihalterung mit Ring, passend f\u00fcr Lenker mit einem Durchmesser von 22 bis 33 mm<br \/>\nUSB-Typ-C-Kabel<\/p>\n<p><img decoding=\"async\" class=\"aligncenter wp-image-7417\" src=\"https:\/\/www.sportshine.eu\/wp-content\/uploads\/2025\/07\/Magicshine-ALLTY-200-6.webp\" alt=\"Magicshine ALLTY 200 \" width=\"800\" height=\"800\" \/><\/p>","protected":false},"excerpt":{"rendered":"<p>Magicshine ALLTY 200 ist ein Frontlicht f\u00fcrs Fahrrad im Taschenformat. Leicht und wasserdicht nach IPX6-Standard. Die Front-LED erreicht eine maximale Leistung von 200 Lumen und bietet 3 Helligkeitsstufen und 2 Blinkmodi.<\/p>","protected":false},"featured_media":5964,"comment_status":"open","ping_status":"closed","template":"","meta":[],"product_brand":[131],"product_cat":[82,150],"product_tag":[],"class_list":{"0":"post-6450","1":"product","2":"type-product","3":"status-publish","4":"has-post-thumbnail","6":"product_brand-magicshine","7":"product_cat-kolesarske-luci","8":"product_cat-sprednje-kolesarske-luci","10":"first","11":"instock","12":"taxable","13":"shipping-taxable","14":"purchasable","15":"product-type-simple"},"yoast_head":"<!-- This site is optimized with the Yoast SEO plugin v27.3 - https:\/\/yoast.com\/product\/yoast-seo-wordpress\/ -->\n<title>Magicshine ALLTY 200 sprednja lu\u010d<\/title>\n<meta name=\"description\" content=\"Magicshine ALLTY 200 je sprednja kolesarska lu\u010d \u017eepne velikosti. Lahka in vodoodporna po standardu IPX6 s 5-imi na\u010dini delovanja.\" \/>\n<meta name=\"robots\" content=\"index, follow, max-snippet:-1, max-image-preview:large, max-video-preview:-1\" \/>\n<link rel=\"canonical\" href=\"https:\/\/www.sportshine.eu\/de\/geschaft\/magicshine-allty-200-scheinwerfer\/\" \/>\n<meta property=\"og:locale\" content=\"de_DE\" \/>\n<meta property=\"og:type\" content=\"article\" \/>\n<meta property=\"og:title\" content=\"Magicshine ALLTY 200 sprednja lu\u010d\" \/>\n<meta property=\"og:description\" content=\"Magicshine ALLTY 200 je sprednja kolesarska lu\u010d \u017eepne velikosti. Lahka in vodoodporna po standardu IPX6 s 5-imi na\u010dini delovanja.\" \/>\n<meta property=\"og:url\" content=\"https:\/\/www.sportshine.eu\/de\/geschaft\/magicshine-allty-200-scheinwerfer\/\" \/>\n<meta property=\"og:site_name\" content=\"Sportshine\" \/>\n<meta property=\"article:publisher\" content=\"https:\/\/www.facebook.com\/sportshine.eu\/\" \/>\n<meta property=\"article:modified_time\" content=\"2025-08-09T22:57:28+00:00\" \/>\n<meta property=\"og:image\" content=\"https:\/\/www.sportshine.eu\/wp-content\/uploads\/2025\/07\/Magicshine-allty-200.webp\" \/>\n\t<meta property=\"og:image:width\" content=\"800\" \/>\n\t<meta property=\"og:image:height\" content=\"800\" \/>\n\t<meta property=\"og:image:type\" content=\"image\/webp\" \/>\n<meta name=\"twitter:card\" content=\"summary_large_image\" \/>\n<meta name=\"twitter:label1\" content=\"Gesch\u00e4tzte Lesezeit\" \/>\n\t<meta name=\"twitter:data1\" content=\"3 Minuten\" \/>\n<script type=\"application\/ld+json\" class=\"yoast-schema-graph\">{\"@context\":\"https:\\\/\\\/schema.org\",\"@graph\":[{\"@type\":\"WebPage\",\"@id\":\"https:\\\/\\\/www.sportshine.eu\\\/trgovina\\\/magicshine-allty-200-sprednja-luc\\\/\",\"url\":\"https:\\\/\\\/www.sportshine.eu\\\/trgovina\\\/magicshine-allty-200-sprednja-luc\\\/\",\"name\":\"Magicshine ALLTY 200 sprednja lu\u010d\",\"isPartOf\":{\"@id\":\"https:\\\/\\\/www.sportshine.eu\\\/#website\"},\"primaryImageOfPage\":{\"@id\":\"https:\\\/\\\/www.sportshine.eu\\\/trgovina\\\/magicshine-allty-200-sprednja-luc\\\/#primaryimage\"},\"image\":{\"@id\":\"https:\\\/\\\/www.sportshine.eu\\\/trgovina\\\/magicshine-allty-200-sprednja-luc\\\/#primaryimage\"},\"thumbnailUrl\":\"https:\\\/\\\/www.sportshine.eu\\\/wp-content\\\/uploads\\\/2025\\\/07\\\/Magicshine-allty-200.webp\",\"datePublished\":\"2025-07-05T19:45:12+00:00\",\"dateModified\":\"2025-08-09T22:57:28+00:00\",\"description\":\"Magicshine ALLTY 200 je sprednja kolesarska lu\u010d \u017eepne velikosti. Lahka in vodoodporna po standardu IPX6 s 5-imi na\u010dini delovanja.\",\"breadcrumb\":{\"@id\":\"https:\\\/\\\/www.sportshine.eu\\\/trgovina\\\/magicshine-allty-200-sprednja-luc\\\/#breadcrumb\"},\"inLanguage\":\"de-AT\",\"potentialAction\":[{\"@type\":\"ReadAction\",\"target\":[\"https:\\\/\\\/www.sportshine.eu\\\/trgovina\\\/magicshine-allty-200-sprednja-luc\\\/\"]}]},{\"@type\":\"ImageObject\",\"inLanguage\":\"de-AT\",\"@id\":\"https:\\\/\\\/www.sportshine.eu\\\/trgovina\\\/magicshine-allty-200-sprednja-luc\\\/#primaryimage\",\"url\":\"https:\\\/\\\/www.sportshine.eu\\\/wp-content\\\/uploads\\\/2025\\\/07\\\/Magicshine-allty-200.webp\",\"contentUrl\":\"https:\\\/\\\/www.sportshine.eu\\\/wp-content\\\/uploads\\\/2025\\\/07\\\/Magicshine-allty-200.webp\",\"width\":800,\"height\":800},{\"@type\":\"BreadcrumbList\",\"@id\":\"https:\\\/\\\/www.sportshine.eu\\\/trgovina\\\/magicshine-allty-200-sprednja-luc\\\/#breadcrumb\",\"itemListElement\":[{\"@type\":\"ListItem\",\"position\":1,\"name\":\"Home\",\"item\":\"https:\\\/\\\/www.sportshine.eu\\\/\"},{\"@type\":\"ListItem\",\"position\":2,\"name\":\"Trgovina\",\"item\":\"https:\\\/\\\/www.sportshine.eu\\\/trgovina\\\/\"},{\"@type\":\"ListItem\",\"position\":3,\"name\":\"Magicshine ALLTY 200 sprednja lu\u010d\"}]},{\"@type\":\"WebSite\",\"@id\":\"https:\\\/\\\/www.sportshine.eu\\\/#website\",\"url\":\"https:\\\/\\\/www.sportshine.eu\\\/\",\"name\":\"Sportshine\",\"description\":\"Top spletna trgovina kolesarskih in naglavnih svetilk ter opreme\",\"publisher\":{\"@id\":\"https:\\\/\\\/www.sportshine.eu\\\/#organization\"},\"potentialAction\":[{\"@type\":\"SearchAction\",\"target\":{\"@type\":\"EntryPoint\",\"urlTemplate\":\"https:\\\/\\\/www.sportshine.eu\\\/?s={search_term_string}\"},\"query-input\":{\"@type\":\"PropertyValueSpecification\",\"valueRequired\":true,\"valueName\":\"search_term_string\"}}],\"inLanguage\":\"de-AT\"},{\"@type\":\"Organization\",\"@id\":\"https:\\\/\\\/www.sportshine.eu\\\/#organization\",\"name\":\"Sportshine\",\"url\":\"https:\\\/\\\/www.sportshine.eu\\\/\",\"logo\":{\"@type\":\"ImageObject\",\"inLanguage\":\"de-AT\",\"@id\":\"https:\\\/\\\/www.sportshine.eu\\\/#\\\/schema\\\/logo\\\/image\\\/\",\"url\":\"https:\\\/\\\/www.sportshine.eu\\\/wp-content\\\/uploads\\\/2026\\\/01\\\/cropped-Sportshine.webp\",\"contentUrl\":\"https:\\\/\\\/www.sportshine.eu\\\/wp-content\\\/uploads\\\/2026\\\/01\\\/cropped-Sportshine.webp\",\"width\":295,\"height\":128,\"caption\":\"Sportshine\"},\"image\":{\"@id\":\"https:\\\/\\\/www.sportshine.eu\\\/#\\\/schema\\\/logo\\\/image\\\/\"},\"sameAs\":[\"https:\\\/\\\/www.facebook.com\\\/sportshine.eu\\\/\"]}]}<\/script>\n<!-- \/ Yoast SEO plugin. -->","yoast_head_json":{"title":"Magicshine ALLTY 200 Frontleuchte","description":"Magicshine ALLTY 200 ist ein Fahrrad-Frontlicht im Taschenformat. Leicht und wasserdicht nach IPX6-Standard mit 5 Betriebsmodi.","robots":{"index":"index","follow":"follow","max-snippet":"max-snippet:-1","max-image-preview":"max-image-preview:large","max-video-preview":"max-video-preview:-1"},"canonical":"https:\/\/www.sportshine.eu\/de\/geschaft\/magicshine-allty-200-scheinwerfer\/","og_locale":"de_DE","og_type":"article","og_title":"Magicshine ALLTY 200 sprednja lu\u010d","og_description":"Magicshine ALLTY 200 je sprednja kolesarska lu\u010d \u017eepne velikosti. Lahka in vodoodporna po standardu IPX6 s 5-imi na\u010dini delovanja.","og_url":"https:\/\/www.sportshine.eu\/de\/geschaft\/magicshine-allty-200-scheinwerfer\/","og_site_name":"Sportshine","article_publisher":"https:\/\/www.facebook.com\/sportshine.eu\/","article_modified_time":"2025-08-09T22:57:28+00:00","og_image":[{"width":800,"height":800,"url":"https:\/\/www.sportshine.eu\/wp-content\/uploads\/2025\/07\/Magicshine-allty-200.webp","type":"image\/webp"}],"twitter_card":"summary_large_image","twitter_misc":{"Gesch\u00e4tzte Lesezeit":"3 Minuten"},"schema":{"@context":"https:\/\/schema.org","@graph":[{"@type":"WebPage","@id":"https:\/\/www.sportshine.eu\/trgovina\/magicshine-allty-200-sprednja-luc\/","url":"https:\/\/www.sportshine.eu\/trgovina\/magicshine-allty-200-sprednja-luc\/","name":"Magicshine ALLTY 200 Frontleuchte","isPartOf":{"@id":"https:\/\/www.sportshine.eu\/#website"},"primaryImageOfPage":{"@id":"https:\/\/www.sportshine.eu\/trgovina\/magicshine-allty-200-sprednja-luc\/#primaryimage"},"image":{"@id":"https:\/\/www.sportshine.eu\/trgovina\/magicshine-allty-200-sprednja-luc\/#primaryimage"},"thumbnailUrl":"https:\/\/www.sportshine.eu\/wp-content\/uploads\/2025\/07\/Magicshine-allty-200.webp","datePublished":"2025-07-05T19:45:12+00:00","dateModified":"2025-08-09T22:57:28+00:00","description":"Magicshine ALLTY 200 ist ein Fahrrad-Frontlicht im Taschenformat. Leicht und wasserdicht nach IPX6-Standard mit 5 Betriebsmodi.","breadcrumb":{"@id":"https:\/\/www.sportshine.eu\/trgovina\/magicshine-allty-200-sprednja-luc\/#breadcrumb"},"inLanguage":"de-AT","potentialAction":[{"@type":"ReadAction","target":["https:\/\/www.sportshine.eu\/trgovina\/magicshine-allty-200-sprednja-luc\/"]}]},{"@type":"ImageObject","inLanguage":"de-AT","@id":"https:\/\/www.sportshine.eu\/trgovina\/magicshine-allty-200-sprednja-luc\/#primaryimage","url":"https:\/\/www.sportshine.eu\/wp-content\/uploads\/2025\/07\/Magicshine-allty-200.webp","contentUrl":"https:\/\/www.sportshine.eu\/wp-content\/uploads\/2025\/07\/Magicshine-allty-200.webp","width":800,"height":800},{"@type":"BreadcrumbList","@id":"https:\/\/www.sportshine.eu\/trgovina\/magicshine-allty-200-sprednja-luc\/#breadcrumb","itemListElement":[{"@type":"ListItem","position":1,"name":"Home","item":"https:\/\/www.sportshine.eu\/"},{"@type":"ListItem","position":2,"name":"Trgovina","item":"https:\/\/www.sportshine.eu\/trgovina\/"},{"@type":"ListItem","position":3,"name":"Magicshine ALLTY 200 sprednja lu\u010d"}]},{"@type":"WebSite","@id":"https:\/\/www.sportshine.eu\/#website","url":"https:\/\/www.sportshine.eu\/","name":"Sportshine","description":"Top Online-Shop f\u00fcr Fahrrad- und Stirnlampen sowie Zubeh\u00f6r","publisher":{"@id":"https:\/\/www.sportshine.eu\/#organization"},"potentialAction":[{"@type":"SearchAction","target":{"@type":"EntryPoint","urlTemplate":"https:\/\/www.sportshine.eu\/?s={search_term_string}"},"query-input":{"@type":"PropertyValueSpecification","valueRequired":true,"valueName":"search_term_string"}}],"inLanguage":"de-AT"},{"@type":"Organization","@id":"https:\/\/www.sportshine.eu\/#organization","name":"Sportshine","url":"https:\/\/www.sportshine.eu\/","logo":{"@type":"ImageObject","inLanguage":"de-AT","@id":"https:\/\/www.sportshine.eu\/#\/schema\/logo\/image\/","url":"https:\/\/www.sportshine.eu\/wp-content\/uploads\/2026\/01\/cropped-Sportshine.webp","contentUrl":"https:\/\/www.sportshine.eu\/wp-content\/uploads\/2026\/01\/cropped-Sportshine.webp","width":295,"height":128,"caption":"Sportshine"},"image":{"@id":"https:\/\/www.sportshine.eu\/#\/schema\/logo\/image\/"},"sameAs":["https:\/\/www.facebook.com\/sportshine.eu\/"]}]}},"_links":{"self":[{"href":"https:\/\/www.sportshine.eu\/de\/wp-json\/wp\/v2\/product\/6450","targetHints":{"allow":["GET"]}}],"collection":[{"href":"https:\/\/www.sportshine.eu\/de\/wp-json\/wp\/v2\/product"}],"about":[{"href":"https:\/\/www.sportshine.eu\/de\/wp-json\/wp\/v2\/types\/product"}],"replies":[{"embeddable":true,"href":"https:\/\/www.sportshine.eu\/de\/wp-json\/wp\/v2\/comments?post=6450"}],"version-history":[{"count":0,"href":"https:\/\/www.sportshine.eu\/de\/wp-json\/wp\/v2\/product\/6450\/revisions"}],"wp:featuredmedia":[{"embeddable":true,"href":"https:\/\/www.sportshine.eu\/de\/wp-json\/wp\/v2\/media\/5964"}],"wp:attachment":[{"href":"https:\/\/www.sportshine.eu\/de\/wp-json\/wp\/v2\/media?parent=6450"}],"wp:term":[{"taxonomy":"product_brand","embeddable":true,"href":"https:\/\/www.sportshine.eu\/de\/wp-json\/wp\/v2\/product_brand?post=6450"},{"taxonomy":"product_cat","embeddable":true,"href":"https:\/\/www.sportshine.eu\/de\/wp-json\/wp\/v2\/product_cat?post=6450"},{"taxonomy":"product_tag","embeddable":true,"href":"https:\/\/www.sportshine.eu\/de\/wp-json\/wp\/v2\/product_tag?post=6450"}],"curies":[{"name":"wp","href":"https:\/\/api.w.org\/{rel}","templated":true}]}}