{"id":6444,"date":"2025-07-08T19:45:04","date_gmt":"2025-07-08T19:45:04","guid":{"rendered":"https:\/\/www.sportshine.eu\/?post_type=product&#038;p=6444"},"modified":"2026-01-23T22:12:47","modified_gmt":"2026-01-23T22:12:47","slug":"magicshine-windbreaker-brille-in-gold","status":"publish","type":"product","link":"https:\/\/www.sportshine.eu\/de\/geschaft\/magicshine-windbreaker-brille-in-gold\/","title":{"rendered":"Magicshine Windbreaker Brille gold"},"content":{"rendered":"<p>Die Windbreaker-Brille ist die erste professionelle Radsport-Sonnenbrillenserie von Magicshine. Sie zeichnet sich durch au\u00dfergew\u00f6hnliche Klarheit aus und ist sowohl f\u00fcr den professionellen Radsport als auch f\u00fcr den Alltag geeignet. Sie erhielt hervorragende Bewertungen im unabh\u00e4ngigen und weltweit renommierten Online-Portal road.cc. \u201eSie hat eine hervorragende Linse, ein geringes Gewicht und eine gute Verarbeitungsqualit\u00e4t. Und das alles zu einem sehr wettbewerbsf\u00e4higen Preis.\u201c<\/p>\n<p>Der verstellbare Nasensteg sorgt f\u00fcr einen guten Sitz im Gesicht, und die Brille sitzt w\u00e4hrend der Fahrt stabil und sicher, ohne zu verrutschen oder zu springen. Die Gl\u00e4ser beschlagen nicht, was durch die Bel\u00fcftungskan\u00e4le an der Unterseite der Gl\u00e4ser und ihre offene Form, die einen besseren Luftstrom erm\u00f6glicht, unterst\u00fctzt wird. Sie bietet umfassenden Schutz vor sch\u00e4dlichen UV-Strahlen und sch\u00fctzt Ihre Augen vor Wind, Staub und anderen Wettereinfl\u00fcssen. Die au\u00dfergew\u00f6hnlichen REVO- und OAR-Beschichtungen sorgen f\u00fcr eine naturgetreue Farbwiedergabe und einen verbesserten Kontrast f\u00fcr unvergleichliche optische Klarheit unter allen Bedingungen.<\/p>\n<p>&nbsp;<\/p>\n<p><iframe loading=\"lazy\" title=\"Magicshine WINDBREAKER\" width=\"500\" height=\"281\" src=\"https:\/\/www.youtube.com\/embed\/aeMY_kcMBAE?feature=oembed\" frameborder=\"0\" allow=\"accelerometer; autoplay; clipboard-write; encrypted-media; gyroscope; picture-in-picture; web-share\" referrerpolicy=\"strict-origin-when-cross-origin\" allowfullscreen><\/iframe><\/p>\n<div class=\"elementor-element elementor-element-c209278 elementor-widget elementor-widget-heading\" style=\"text-align: center;\" data-id=\"c209278\" data-element_type=\"widget\" data-widget_type=\"heading.default\">\n<div class=\"elementor-element elementor-element-25b12d99 elementor-widget elementor-widget-heading\" data-id=\"25b12d99\" data-element_type=\"widget\" data-widget_type=\"heading.default\">\n<div class=\"elementor-widget-container\">\n<section class=\"elementor-section elementor-top-section elementor-element elementor-element-31009ff8 elementor-section-boxed elementor-section-height-default elementor-section-height-default\" data-id=\"31009ff8\" data-element_type=\"section\">\n<div class=\"elementor-container elementor-column-gap-default\">\n<div class=\"elementor-column elementor-col-100 elementor-top-column elementor-element elementor-element-16b76c01\" data-id=\"16b76c01\" data-element_type=\"column\">\n<div class=\"elementor-widget-wrap elementor-element-populated\">\n<div class=\"elementor-element elementor-element-2982363a elementor-widget elementor-widget-heading\" style=\"text-align: center;\" data-id=\"2982363a\" data-element_type=\"widget\" data-widget_type=\"heading.default\">\n<div class=\"elementor-container elementor-column-gap-no\" style=\"text-align: center;\">\n<div class=\"elementor-column elementor-col-100 elementor-top-column elementor-element elementor-element-612882c9\" data-id=\"612882c9\" data-element_type=\"column\">\n<div class=\"elementor-widget-wrap elementor-element-populated\">\n<div class=\"elementor-element elementor-element-298f08b6 elementor-widget elementor-widget-heading\" data-id=\"298f08b6\" data-element_type=\"widget\" data-widget_type=\"heading.default\"><\/div>\n<\/div>\n<\/div>\n<\/div>\n<section class=\"elementor-section elementor-top-section elementor-element elementor-element-41477614 elementor-section-boxed elementor-section-height-default elementor-section-height-default\" data-id=\"41477614\" data-element_type=\"section\">\n<div class=\"elementor-container elementor-column-gap-default\">\n<div class=\"elementor-column elementor-col-100 elementor-top-column elementor-element elementor-element-efcd3\" data-id=\"efcd3\" data-element_type=\"column\">\n<div class=\"elementor-widget-wrap elementor-element-populated\">\n<div class=\"elementor-element elementor-element-54a03f68 elementor-widget elementor-widget-heading\" data-id=\"54a03f68\" data-element_type=\"widget\" data-widget_type=\"heading.default\">\n<p class=\"elementor-widget-container\">\n<\/div>\n<\/div>\n<\/div>\n<\/div>\n<\/section>\n<\/div>\n<\/div>\n<\/div>\n<\/div>\n<\/section>\n<\/div>\n<\/div>\n<\/div>","protected":false},"excerpt":{"rendered":"<p>Die Magicshine Windbreaker Brille verf\u00fcgt \u00fcber sto\u00dffeste Gl\u00e4ser mit 100% UV-Schutz. Die REVO-Beschichtung auf der Vorderseite der Gl\u00e4ser verst\u00e4rkt den Kontrast und sorgt f\u00fcr Klarheit, w\u00e4hrend die OAR-Beschichtung auf der R\u00fcckseite f\u00fcr blendfreies Sehen sorgt. Zus\u00e4tzlich ist auf beiden Seiten eine schmutzabweisende Beschichtung aufgetragen, die Schmutzablagerungen verhindert und so zus\u00e4tzlichen Schutz und eine problemlose Linsenpflege bietet.<\/p>\n<p>Was ist REVO-Beschichtung? Klick <span style=\"color: #339966;\"><a style=\"color: #339966;\" href=\"https:\/\/www.sportshine.eu\/de\/originalstran\/revo-abdeckung\/\">Hier<\/a><\/span><\/p>\n<p>&nbsp;<\/p>","protected":false},"featured_media":5906,"comment_status":"open","ping_status":"closed","template":"","meta":[],"product_brand":[131],"product_cat":[104,103],"product_tag":[],"class_list":{"0":"post-6444","1":"product","2":"type-product","3":"status-publish","4":"has-post-thumbnail","6":"product_brand-magicshine","7":"product_cat-klasicna-kolesarska-ocala","8":"product_cat-kolesarska-ocala","10":"first","11":"outofstock","12":"taxable","13":"shipping-taxable","14":"purchasable","15":"product-type-simple"},"yoast_head":"<!-- This site is optimized with the Yoast SEO plugin v27.3 - https:\/\/yoast.com\/product\/yoast-seo-wordpress\/ -->\n<title>O\u010dala Magicshine Windbreaker gold<\/title>\n<meta name=\"robots\" content=\"index, follow, max-snippet:-1, max-image-preview:large, max-video-preview:-1\" \/>\n<link rel=\"canonical\" href=\"https:\/\/www.sportshine.eu\/de\/geschaft\/magicshine-windbreaker-brille-in-gold\/\" \/>\n<meta property=\"og:locale\" content=\"de_DE\" \/>\n<meta property=\"og:type\" content=\"article\" \/>\n<meta property=\"og:title\" content=\"O\u010dala Magicshine Windbreaker gold\" \/>\n<meta property=\"og:description\" content=\"O\u010dala Magicshine Windbreaker se pona\u0161ajo z le\u010dami, ki so odporne na udarce in zagotavljajo 100% za\u0161\u010dito pred UV-\u017earki. Na sprednji strani le\u010d REVO prevleka pove\u010duje kontrast in zagotavlja jasnost, medtem ko zadnja prevleka OAR omogo\u010da izku\u0161njo brez ble\u0161\u010danja. Poleg tega je na obeh straneh nanesena prevleka, odporna proti made\u017eem, kar prepre\u010duje nabiranje umazanije\u00a0 ter tako zagotavlja dodatno za\u0161\u010dito in brezskrbno vzdr\u017eevanje le\u010d.  Kaj je REVO prevleka? Klikni tukaj  &nbsp;\" \/>\n<meta property=\"og:url\" content=\"https:\/\/www.sportshine.eu\/de\/geschaft\/magicshine-windbreaker-brille-in-gold\/\" \/>\n<meta property=\"og:site_name\" content=\"Sportshine\" \/>\n<meta property=\"article:publisher\" content=\"https:\/\/www.facebook.com\/sportshine.eu\/\" \/>\n<meta property=\"article:modified_time\" content=\"2026-01-23T22:12:47+00:00\" \/>\n<meta property=\"og:image\" content=\"https:\/\/www.sportshine.eu\/wp-content\/uploads\/2025\/07\/kolesarska-ocala-polarized.webp\" \/>\n\t<meta property=\"og:image:width\" content=\"800\" \/>\n\t<meta property=\"og:image:height\" content=\"800\" \/>\n\t<meta property=\"og:image:type\" content=\"image\/webp\" \/>\n<meta name=\"twitter:card\" content=\"summary_large_image\" \/>\n<meta name=\"twitter:label1\" content=\"Gesch\u00e4tzte Lesezeit\" \/>\n\t<meta name=\"twitter:data1\" content=\"1 Minute\" \/>\n<script type=\"application\/ld+json\" class=\"yoast-schema-graph\">{\"@context\":\"https:\\\/\\\/schema.org\",\"@graph\":[{\"@type\":\"WebPage\",\"@id\":\"https:\\\/\\\/www.sportshine.eu\\\/trgovina\\\/ocala-magicshine-windbreaker-gold\\\/\",\"url\":\"https:\\\/\\\/www.sportshine.eu\\\/trgovina\\\/ocala-magicshine-windbreaker-gold\\\/\",\"name\":\"O\u010dala Magicshine Windbreaker gold\",\"isPartOf\":{\"@id\":\"https:\\\/\\\/www.sportshine.eu\\\/#website\"},\"primaryImageOfPage\":{\"@id\":\"https:\\\/\\\/www.sportshine.eu\\\/trgovina\\\/ocala-magicshine-windbreaker-gold\\\/#primaryimage\"},\"image\":{\"@id\":\"https:\\\/\\\/www.sportshine.eu\\\/trgovina\\\/ocala-magicshine-windbreaker-gold\\\/#primaryimage\"},\"thumbnailUrl\":\"https:\\\/\\\/www.sportshine.eu\\\/wp-content\\\/uploads\\\/2025\\\/07\\\/kolesarska-ocala-polarized.webp\",\"datePublished\":\"2025-07-08T19:45:04+00:00\",\"dateModified\":\"2026-01-23T22:12:47+00:00\",\"breadcrumb\":{\"@id\":\"https:\\\/\\\/www.sportshine.eu\\\/trgovina\\\/ocala-magicshine-windbreaker-gold\\\/#breadcrumb\"},\"inLanguage\":\"de-AT\",\"potentialAction\":[{\"@type\":\"ReadAction\",\"target\":[\"https:\\\/\\\/www.sportshine.eu\\\/trgovina\\\/ocala-magicshine-windbreaker-gold\\\/\"]}]},{\"@type\":\"ImageObject\",\"inLanguage\":\"de-AT\",\"@id\":\"https:\\\/\\\/www.sportshine.eu\\\/trgovina\\\/ocala-magicshine-windbreaker-gold\\\/#primaryimage\",\"url\":\"https:\\\/\\\/www.sportshine.eu\\\/wp-content\\\/uploads\\\/2025\\\/07\\\/kolesarska-ocala-polarized.webp\",\"contentUrl\":\"https:\\\/\\\/www.sportshine.eu\\\/wp-content\\\/uploads\\\/2025\\\/07\\\/kolesarska-ocala-polarized.webp\",\"width\":800,\"height\":800},{\"@type\":\"BreadcrumbList\",\"@id\":\"https:\\\/\\\/www.sportshine.eu\\\/trgovina\\\/ocala-magicshine-windbreaker-gold\\\/#breadcrumb\",\"itemListElement\":[{\"@type\":\"ListItem\",\"position\":1,\"name\":\"Home\",\"item\":\"https:\\\/\\\/www.sportshine.eu\\\/\"},{\"@type\":\"ListItem\",\"position\":2,\"name\":\"Trgovina\",\"item\":\"https:\\\/\\\/www.sportshine.eu\\\/trgovina\\\/\"},{\"@type\":\"ListItem\",\"position\":3,\"name\":\"O\u010dala Magicshine Windbreaker gold\"}]},{\"@type\":\"WebSite\",\"@id\":\"https:\\\/\\\/www.sportshine.eu\\\/#website\",\"url\":\"https:\\\/\\\/www.sportshine.eu\\\/\",\"name\":\"Sportshine\",\"description\":\"Top spletna trgovina kolesarskih in naglavnih svetilk ter opreme\",\"publisher\":{\"@id\":\"https:\\\/\\\/www.sportshine.eu\\\/#organization\"},\"potentialAction\":[{\"@type\":\"SearchAction\",\"target\":{\"@type\":\"EntryPoint\",\"urlTemplate\":\"https:\\\/\\\/www.sportshine.eu\\\/?s={search_term_string}\"},\"query-input\":{\"@type\":\"PropertyValueSpecification\",\"valueRequired\":true,\"valueName\":\"search_term_string\"}}],\"inLanguage\":\"de-AT\"},{\"@type\":\"Organization\",\"@id\":\"https:\\\/\\\/www.sportshine.eu\\\/#organization\",\"name\":\"Sportshine\",\"url\":\"https:\\\/\\\/www.sportshine.eu\\\/\",\"logo\":{\"@type\":\"ImageObject\",\"inLanguage\":\"de-AT\",\"@id\":\"https:\\\/\\\/www.sportshine.eu\\\/#\\\/schema\\\/logo\\\/image\\\/\",\"url\":\"https:\\\/\\\/www.sportshine.eu\\\/wp-content\\\/uploads\\\/2026\\\/01\\\/cropped-Sportshine.webp\",\"contentUrl\":\"https:\\\/\\\/www.sportshine.eu\\\/wp-content\\\/uploads\\\/2026\\\/01\\\/cropped-Sportshine.webp\",\"width\":295,\"height\":128,\"caption\":\"Sportshine\"},\"image\":{\"@id\":\"https:\\\/\\\/www.sportshine.eu\\\/#\\\/schema\\\/logo\\\/image\\\/\"},\"sameAs\":[\"https:\\\/\\\/www.facebook.com\\\/sportshine.eu\\\/\"]}]}<\/script>\n<!-- \/ Yoast SEO plugin. -->","yoast_head_json":{"title":"Magicshine Windbreaker Brille gold","robots":{"index":"index","follow":"follow","max-snippet":"max-snippet:-1","max-image-preview":"max-image-preview:large","max-video-preview":"max-video-preview:-1"},"canonical":"https:\/\/www.sportshine.eu\/de\/geschaft\/magicshine-windbreaker-brille-in-gold\/","og_locale":"de_DE","og_type":"article","og_title":"O\u010dala Magicshine Windbreaker gold","og_description":"O\u010dala Magicshine Windbreaker se pona\u0161ajo z le\u010dami, ki so odporne na udarce in zagotavljajo 100% za\u0161\u010dito pred UV-\u017earki. Na sprednji strani le\u010d REVO prevleka pove\u010duje kontrast in zagotavlja jasnost, medtem ko zadnja prevleka OAR omogo\u010da izku\u0161njo brez ble\u0161\u010danja. Poleg tega je na obeh straneh nanesena prevleka, odporna proti made\u017eem, kar prepre\u010duje nabiranje umazanije\u00a0 ter tako zagotavlja dodatno za\u0161\u010dito in brezskrbno vzdr\u017eevanje le\u010d.  Kaj je REVO prevleka? Klikni tukaj  &nbsp;","og_url":"https:\/\/www.sportshine.eu\/de\/geschaft\/magicshine-windbreaker-brille-in-gold\/","og_site_name":"Sportshine","article_publisher":"https:\/\/www.facebook.com\/sportshine.eu\/","article_modified_time":"2026-01-23T22:12:47+00:00","og_image":[{"width":800,"height":800,"url":"https:\/\/www.sportshine.eu\/wp-content\/uploads\/2025\/07\/kolesarska-ocala-polarized.webp","type":"image\/webp"}],"twitter_card":"summary_large_image","twitter_misc":{"Gesch\u00e4tzte Lesezeit":"1 Minute"},"schema":{"@context":"https:\/\/schema.org","@graph":[{"@type":"WebPage","@id":"https:\/\/www.sportshine.eu\/trgovina\/ocala-magicshine-windbreaker-gold\/","url":"https:\/\/www.sportshine.eu\/trgovina\/ocala-magicshine-windbreaker-gold\/","name":"Magicshine Windbreaker Brille gold","isPartOf":{"@id":"https:\/\/www.sportshine.eu\/#website"},"primaryImageOfPage":{"@id":"https:\/\/www.sportshine.eu\/trgovina\/ocala-magicshine-windbreaker-gold\/#primaryimage"},"image":{"@id":"https:\/\/www.sportshine.eu\/trgovina\/ocala-magicshine-windbreaker-gold\/#primaryimage"},"thumbnailUrl":"https:\/\/www.sportshine.eu\/wp-content\/uploads\/2025\/07\/kolesarska-ocala-polarized.webp","datePublished":"2025-07-08T19:45:04+00:00","dateModified":"2026-01-23T22:12:47+00:00","breadcrumb":{"@id":"https:\/\/www.sportshine.eu\/trgovina\/ocala-magicshine-windbreaker-gold\/#breadcrumb"},"inLanguage":"de-AT","potentialAction":[{"@type":"ReadAction","target":["https:\/\/www.sportshine.eu\/trgovina\/ocala-magicshine-windbreaker-gold\/"]}]},{"@type":"ImageObject","inLanguage":"de-AT","@id":"https:\/\/www.sportshine.eu\/trgovina\/ocala-magicshine-windbreaker-gold\/#primaryimage","url":"https:\/\/www.sportshine.eu\/wp-content\/uploads\/2025\/07\/kolesarska-ocala-polarized.webp","contentUrl":"https:\/\/www.sportshine.eu\/wp-content\/uploads\/2025\/07\/kolesarska-ocala-polarized.webp","width":800,"height":800},{"@type":"BreadcrumbList","@id":"https:\/\/www.sportshine.eu\/trgovina\/ocala-magicshine-windbreaker-gold\/#breadcrumb","itemListElement":[{"@type":"ListItem","position":1,"name":"Home","item":"https:\/\/www.sportshine.eu\/"},{"@type":"ListItem","position":2,"name":"Trgovina","item":"https:\/\/www.sportshine.eu\/trgovina\/"},{"@type":"ListItem","position":3,"name":"O\u010dala Magicshine Windbreaker gold"}]},{"@type":"WebSite","@id":"https:\/\/www.sportshine.eu\/#website","url":"https:\/\/www.sportshine.eu\/","name":"Sportshine","description":"Top Online-Shop f\u00fcr Fahrrad- und Stirnlampen sowie Zubeh\u00f6r","publisher":{"@id":"https:\/\/www.sportshine.eu\/#organization"},"potentialAction":[{"@type":"SearchAction","target":{"@type":"EntryPoint","urlTemplate":"https:\/\/www.sportshine.eu\/?s={search_term_string}"},"query-input":{"@type":"PropertyValueSpecification","valueRequired":true,"valueName":"search_term_string"}}],"inLanguage":"de-AT"},{"@type":"Organization","@id":"https:\/\/www.sportshine.eu\/#organization","name":"Sportshine","url":"https:\/\/www.sportshine.eu\/","logo":{"@type":"ImageObject","inLanguage":"de-AT","@id":"https:\/\/www.sportshine.eu\/#\/schema\/logo\/image\/","url":"https:\/\/www.sportshine.eu\/wp-content\/uploads\/2026\/01\/cropped-Sportshine.webp","contentUrl":"https:\/\/www.sportshine.eu\/wp-content\/uploads\/2026\/01\/cropped-Sportshine.webp","width":295,"height":128,"caption":"Sportshine"},"image":{"@id":"https:\/\/www.sportshine.eu\/#\/schema\/logo\/image\/"},"sameAs":["https:\/\/www.facebook.com\/sportshine.eu\/"]}]}},"_links":{"self":[{"href":"https:\/\/www.sportshine.eu\/de\/wp-json\/wp\/v2\/product\/6444","targetHints":{"allow":["GET"]}}],"collection":[{"href":"https:\/\/www.sportshine.eu\/de\/wp-json\/wp\/v2\/product"}],"about":[{"href":"https:\/\/www.sportshine.eu\/de\/wp-json\/wp\/v2\/types\/product"}],"replies":[{"embeddable":true,"href":"https:\/\/www.sportshine.eu\/de\/wp-json\/wp\/v2\/comments?post=6444"}],"version-history":[{"count":0,"href":"https:\/\/www.sportshine.eu\/de\/wp-json\/wp\/v2\/product\/6444\/revisions"}],"wp:featuredmedia":[{"embeddable":true,"href":"https:\/\/www.sportshine.eu\/de\/wp-json\/wp\/v2\/media\/5906"}],"wp:attachment":[{"href":"https:\/\/www.sportshine.eu\/de\/wp-json\/wp\/v2\/media?parent=6444"}],"wp:term":[{"taxonomy":"product_brand","embeddable":true,"href":"https:\/\/www.sportshine.eu\/de\/wp-json\/wp\/v2\/product_brand?post=6444"},{"taxonomy":"product_cat","embeddable":true,"href":"https:\/\/www.sportshine.eu\/de\/wp-json\/wp\/v2\/product_cat?post=6444"},{"taxonomy":"product_tag","embeddable":true,"href":"https:\/\/www.sportshine.eu\/de\/wp-json\/wp\/v2\/product_tag?post=6444"}],"curies":[{"name":"wp","href":"https:\/\/api.w.org\/{rel}","templated":true}]}}