{"id":6440,"date":"2025-07-08T19:45:00","date_gmt":"2025-07-08T19:45:00","guid":{"rendered":"https:\/\/www.sportshine.eu\/?post_type=product&#038;p=6440"},"modified":"2026-01-23T22:14:31","modified_gmt":"2026-01-23T22:14:31","slug":"brille-magicshine-windbreaker-hellgrau-blau","status":"publish","type":"product","link":"https:\/\/www.sportshine.eu\/de\/geschaft\/brille-magicshine-windbreaker-hellgrau-blau\/","title":{"rendered":"Brille Magicshine Windbreaker hellgrau\/blau"},"content":{"rendered":"<div id=\"elementor-tab-content-1293\" class=\"elementor-tab-content elementor-clearfix elementor-active\" role=\"region\" data-tab=\"3\" aria-labelledby=\"elementor-tab-title-1293\">\n<p>Wir pr\u00e4sentieren stolz das photochrome Modell der Windbreaker-Radbrille \u2013 das flexibelste Brillenmodell unserer Serie. Die Gl\u00e4ser passen sich automatisch den Lichtverh\u00e4ltnissen von Kategorie 1 bis Kategorie 3 an, was bedeutet, dass sich die Intensit\u00e4t der T\u00f6nung je nach Umgebungshelligkeit \u00e4ndert. Dies bietet umfassenden Schutz f\u00fcr Ihre Augen bei unterschiedlichen Wetterbedingungen. Die photochromen Modelle verf\u00fcgen \u00fcber einen ergonomisch geformten Rahmen aus TR-90 + TPR-Material.<\/p>\n<p>Die Radsportbrille hat ein sportliches und attraktives Design und ist sowohl f\u00fcr M\u00e4nner als auch f\u00fcr Frauen geeignet. Die ergonomisch geformten Rahmen sorgen f\u00fcr hohen Tragekomfort auch bei intensiver Radsportaktivit\u00e4t. Die hervorragende Bel\u00fcftung verhindert das Beschlagen der Gl\u00e4ser auch bei anspruchsvollen Radtouren.<\/p>\n<p>Alle Modelle verf\u00fcgen \u00fcber einen UV400-Schutz, der Ihre Augen vor sch\u00e4dlicher Sonneneinstrahlung sch\u00fctzt. Zus\u00e4tzliche Features wie Gummigriffe an der Nase und rutschfeste Gummispitzen an den Seiten sorgen daf\u00fcr, dass die Brille auch bei anstrengenden Radtouren sicher auf Ihrem Gesicht sitzt.<\/p>\n<\/div>","protected":false},"excerpt":{"rendered":"<p>Das photochrome Modell Magicshine Windbreaker verwendet eine Linse, deren Farbton sich je nach Lichteinfall von Kategorie 1 bis Kategorie 3 \u00e4ndert. Es sch\u00fctzt Ihre Augen effektiv vor starker Sonneneinstrahlung, UV-Strahlung und Blendung und ist zudem f\u00fcr den Einsatz bei allen Wetterbedingungen geeignet.<\/p>","protected":false},"featured_media":5886,"comment_status":"open","ping_status":"closed","template":"","meta":[],"product_brand":[131],"product_cat":[106,103],"product_tag":[174],"class_list":{"0":"post-6440","1":"product","2":"type-product","3":"status-publish","4":"has-post-thumbnail","6":"product_brand-magicshine","7":"product_cat-fotokromatska-ocala","8":"product_cat-kolesarska-ocala","9":"product_tag-magicshine-ocala","11":"first","12":"outofstock","13":"taxable","14":"shipping-taxable","15":"purchasable","16":"product-type-simple"},"yoast_head":"<!-- This site is optimized with the Yoast SEO plugin v27.3 - https:\/\/yoast.com\/product\/yoast-seo-wordpress\/ -->\n<title>O\u010dala Magicshine Windbreaker light grey\/blue<\/title>\n<meta name=\"robots\" content=\"index, follow, max-snippet:-1, max-image-preview:large, max-video-preview:-1\" \/>\n<link rel=\"canonical\" href=\"https:\/\/www.sportshine.eu\/de\/geschaft\/brille-magicshine-windbreaker-hellgrau-blau\/\" \/>\n<meta property=\"og:locale\" content=\"de_DE\" \/>\n<meta property=\"og:type\" content=\"article\" \/>\n<meta property=\"og:title\" content=\"O\u010dala Magicshine Windbreaker light grey\/blue\" \/>\n<meta property=\"og:description\" content=\"Fotokromatski model Magicshine Windbreaker uporablja le\u010do, kjer se barvni odtenek spreminja glede na svetlobo, od kategorije 1 do kategorije 3. U\u010dinkovito \u0161\u010diti va\u0161e o\u010di pred mo\u010dno son\u010dno svetlobo, UV-\u017earki in ble\u0161\u010danjem, poleg tega pa je primeren za uporabo v vseh vremenskih pogojih.\" \/>\n<meta property=\"og:url\" content=\"https:\/\/www.sportshine.eu\/de\/geschaft\/brille-magicshine-windbreaker-hellgrau-blau\/\" \/>\n<meta property=\"og:site_name\" content=\"Sportshine\" \/>\n<meta property=\"article:publisher\" content=\"https:\/\/www.facebook.com\/sportshine.eu\/\" \/>\n<meta property=\"article:modified_time\" content=\"2026-01-23T22:14:31+00:00\" \/>\n<meta property=\"og:image\" content=\"https:\/\/www.sportshine.eu\/wp-content\/uploads\/2025\/07\/Ocala-Magicshine-2.webp\" \/>\n\t<meta property=\"og:image:width\" content=\"800\" \/>\n\t<meta property=\"og:image:height\" content=\"800\" \/>\n\t<meta property=\"og:image:type\" content=\"image\/webp\" \/>\n<meta name=\"twitter:card\" content=\"summary_large_image\" \/>\n<meta name=\"twitter:label1\" content=\"Gesch\u00e4tzte Lesezeit\" \/>\n\t<meta name=\"twitter:data1\" content=\"2 Minuten\" \/>\n<script type=\"application\/ld+json\" class=\"yoast-schema-graph\">{\"@context\":\"https:\\\/\\\/schema.org\",\"@graph\":[{\"@type\":\"WebPage\",\"@id\":\"https:\\\/\\\/www.sportshine.eu\\\/trgovina\\\/ocala-magicshine-windbreaker-light-grey-blue\\\/\",\"url\":\"https:\\\/\\\/www.sportshine.eu\\\/trgovina\\\/ocala-magicshine-windbreaker-light-grey-blue\\\/\",\"name\":\"O\u010dala Magicshine Windbreaker light grey\\\/blue\",\"isPartOf\":{\"@id\":\"https:\\\/\\\/www.sportshine.eu\\\/#website\"},\"primaryImageOfPage\":{\"@id\":\"https:\\\/\\\/www.sportshine.eu\\\/trgovina\\\/ocala-magicshine-windbreaker-light-grey-blue\\\/#primaryimage\"},\"image\":{\"@id\":\"https:\\\/\\\/www.sportshine.eu\\\/trgovina\\\/ocala-magicshine-windbreaker-light-grey-blue\\\/#primaryimage\"},\"thumbnailUrl\":\"https:\\\/\\\/www.sportshine.eu\\\/wp-content\\\/uploads\\\/2025\\\/07\\\/Ocala-Magicshine-2.webp\",\"datePublished\":\"2025-07-08T19:45:00+00:00\",\"dateModified\":\"2026-01-23T22:14:31+00:00\",\"breadcrumb\":{\"@id\":\"https:\\\/\\\/www.sportshine.eu\\\/trgovina\\\/ocala-magicshine-windbreaker-light-grey-blue\\\/#breadcrumb\"},\"inLanguage\":\"de-AT\",\"potentialAction\":[{\"@type\":\"ReadAction\",\"target\":[\"https:\\\/\\\/www.sportshine.eu\\\/trgovina\\\/ocala-magicshine-windbreaker-light-grey-blue\\\/\"]}]},{\"@type\":\"ImageObject\",\"inLanguage\":\"de-AT\",\"@id\":\"https:\\\/\\\/www.sportshine.eu\\\/trgovina\\\/ocala-magicshine-windbreaker-light-grey-blue\\\/#primaryimage\",\"url\":\"https:\\\/\\\/www.sportshine.eu\\\/wp-content\\\/uploads\\\/2025\\\/07\\\/Ocala-Magicshine-2.webp\",\"contentUrl\":\"https:\\\/\\\/www.sportshine.eu\\\/wp-content\\\/uploads\\\/2025\\\/07\\\/Ocala-Magicshine-2.webp\",\"width\":800,\"height\":800},{\"@type\":\"BreadcrumbList\",\"@id\":\"https:\\\/\\\/www.sportshine.eu\\\/trgovina\\\/ocala-magicshine-windbreaker-light-grey-blue\\\/#breadcrumb\",\"itemListElement\":[{\"@type\":\"ListItem\",\"position\":1,\"name\":\"Home\",\"item\":\"https:\\\/\\\/www.sportshine.eu\\\/\"},{\"@type\":\"ListItem\",\"position\":2,\"name\":\"Trgovina\",\"item\":\"https:\\\/\\\/www.sportshine.eu\\\/trgovina\\\/\"},{\"@type\":\"ListItem\",\"position\":3,\"name\":\"O\u010dala Magicshine Windbreaker light grey\\\/blue\"}]},{\"@type\":\"WebSite\",\"@id\":\"https:\\\/\\\/www.sportshine.eu\\\/#website\",\"url\":\"https:\\\/\\\/www.sportshine.eu\\\/\",\"name\":\"Sportshine\",\"description\":\"Top spletna trgovina kolesarskih in naglavnih svetilk ter opreme\",\"publisher\":{\"@id\":\"https:\\\/\\\/www.sportshine.eu\\\/#organization\"},\"potentialAction\":[{\"@type\":\"SearchAction\",\"target\":{\"@type\":\"EntryPoint\",\"urlTemplate\":\"https:\\\/\\\/www.sportshine.eu\\\/?s={search_term_string}\"},\"query-input\":{\"@type\":\"PropertyValueSpecification\",\"valueRequired\":true,\"valueName\":\"search_term_string\"}}],\"inLanguage\":\"de-AT\"},{\"@type\":\"Organization\",\"@id\":\"https:\\\/\\\/www.sportshine.eu\\\/#organization\",\"name\":\"Sportshine\",\"url\":\"https:\\\/\\\/www.sportshine.eu\\\/\",\"logo\":{\"@type\":\"ImageObject\",\"inLanguage\":\"de-AT\",\"@id\":\"https:\\\/\\\/www.sportshine.eu\\\/#\\\/schema\\\/logo\\\/image\\\/\",\"url\":\"https:\\\/\\\/www.sportshine.eu\\\/wp-content\\\/uploads\\\/2026\\\/01\\\/cropped-Sportshine.webp\",\"contentUrl\":\"https:\\\/\\\/www.sportshine.eu\\\/wp-content\\\/uploads\\\/2026\\\/01\\\/cropped-Sportshine.webp\",\"width\":295,\"height\":128,\"caption\":\"Sportshine\"},\"image\":{\"@id\":\"https:\\\/\\\/www.sportshine.eu\\\/#\\\/schema\\\/logo\\\/image\\\/\"},\"sameAs\":[\"https:\\\/\\\/www.facebook.com\\\/sportshine.eu\\\/\"]}]}<\/script>\n<!-- \/ Yoast SEO plugin. -->","yoast_head_json":{"title":"Brille Magicshine Windbreaker hellgrau\/blau","robots":{"index":"index","follow":"follow","max-snippet":"max-snippet:-1","max-image-preview":"max-image-preview:large","max-video-preview":"max-video-preview:-1"},"canonical":"https:\/\/www.sportshine.eu\/de\/geschaft\/brille-magicshine-windbreaker-hellgrau-blau\/","og_locale":"de_DE","og_type":"article","og_title":"O\u010dala Magicshine Windbreaker light grey\/blue","og_description":"Fotokromatski model Magicshine Windbreaker uporablja le\u010do, kjer se barvni odtenek spreminja glede na svetlobo, od kategorije 1 do kategorije 3. U\u010dinkovito \u0161\u010diti va\u0161e o\u010di pred mo\u010dno son\u010dno svetlobo, UV-\u017earki in ble\u0161\u010danjem, poleg tega pa je primeren za uporabo v vseh vremenskih pogojih.","og_url":"https:\/\/www.sportshine.eu\/de\/geschaft\/brille-magicshine-windbreaker-hellgrau-blau\/","og_site_name":"Sportshine","article_publisher":"https:\/\/www.facebook.com\/sportshine.eu\/","article_modified_time":"2026-01-23T22:14:31+00:00","og_image":[{"width":800,"height":800,"url":"https:\/\/www.sportshine.eu\/wp-content\/uploads\/2025\/07\/Ocala-Magicshine-2.webp","type":"image\/webp"}],"twitter_card":"summary_large_image","twitter_misc":{"Gesch\u00e4tzte Lesezeit":"2 Minuten"},"schema":{"@context":"https:\/\/schema.org","@graph":[{"@type":"WebPage","@id":"https:\/\/www.sportshine.eu\/trgovina\/ocala-magicshine-windbreaker-light-grey-blue\/","url":"https:\/\/www.sportshine.eu\/trgovina\/ocala-magicshine-windbreaker-light-grey-blue\/","name":"Brille Magicshine Windbreaker hellgrau\/blau","isPartOf":{"@id":"https:\/\/www.sportshine.eu\/#website"},"primaryImageOfPage":{"@id":"https:\/\/www.sportshine.eu\/trgovina\/ocala-magicshine-windbreaker-light-grey-blue\/#primaryimage"},"image":{"@id":"https:\/\/www.sportshine.eu\/trgovina\/ocala-magicshine-windbreaker-light-grey-blue\/#primaryimage"},"thumbnailUrl":"https:\/\/www.sportshine.eu\/wp-content\/uploads\/2025\/07\/Ocala-Magicshine-2.webp","datePublished":"2025-07-08T19:45:00+00:00","dateModified":"2026-01-23T22:14:31+00:00","breadcrumb":{"@id":"https:\/\/www.sportshine.eu\/trgovina\/ocala-magicshine-windbreaker-light-grey-blue\/#breadcrumb"},"inLanguage":"de-AT","potentialAction":[{"@type":"ReadAction","target":["https:\/\/www.sportshine.eu\/trgovina\/ocala-magicshine-windbreaker-light-grey-blue\/"]}]},{"@type":"ImageObject","inLanguage":"de-AT","@id":"https:\/\/www.sportshine.eu\/trgovina\/ocala-magicshine-windbreaker-light-grey-blue\/#primaryimage","url":"https:\/\/www.sportshine.eu\/wp-content\/uploads\/2025\/07\/Ocala-Magicshine-2.webp","contentUrl":"https:\/\/www.sportshine.eu\/wp-content\/uploads\/2025\/07\/Ocala-Magicshine-2.webp","width":800,"height":800},{"@type":"BreadcrumbList","@id":"https:\/\/www.sportshine.eu\/trgovina\/ocala-magicshine-windbreaker-light-grey-blue\/#breadcrumb","itemListElement":[{"@type":"ListItem","position":1,"name":"Home","item":"https:\/\/www.sportshine.eu\/"},{"@type":"ListItem","position":2,"name":"Trgovina","item":"https:\/\/www.sportshine.eu\/trgovina\/"},{"@type":"ListItem","position":3,"name":"O\u010dala Magicshine Windbreaker light grey\/blue"}]},{"@type":"WebSite","@id":"https:\/\/www.sportshine.eu\/#website","url":"https:\/\/www.sportshine.eu\/","name":"Sportshine","description":"Top Online-Shop f\u00fcr Fahrrad- und Stirnlampen sowie Zubeh\u00f6r","publisher":{"@id":"https:\/\/www.sportshine.eu\/#organization"},"potentialAction":[{"@type":"SearchAction","target":{"@type":"EntryPoint","urlTemplate":"https:\/\/www.sportshine.eu\/?s={search_term_string}"},"query-input":{"@type":"PropertyValueSpecification","valueRequired":true,"valueName":"search_term_string"}}],"inLanguage":"de-AT"},{"@type":"Organization","@id":"https:\/\/www.sportshine.eu\/#organization","name":"Sportshine","url":"https:\/\/www.sportshine.eu\/","logo":{"@type":"ImageObject","inLanguage":"de-AT","@id":"https:\/\/www.sportshine.eu\/#\/schema\/logo\/image\/","url":"https:\/\/www.sportshine.eu\/wp-content\/uploads\/2026\/01\/cropped-Sportshine.webp","contentUrl":"https:\/\/www.sportshine.eu\/wp-content\/uploads\/2026\/01\/cropped-Sportshine.webp","width":295,"height":128,"caption":"Sportshine"},"image":{"@id":"https:\/\/www.sportshine.eu\/#\/schema\/logo\/image\/"},"sameAs":["https:\/\/www.facebook.com\/sportshine.eu\/"]}]}},"_links":{"self":[{"href":"https:\/\/www.sportshine.eu\/de\/wp-json\/wp\/v2\/product\/6440","targetHints":{"allow":["GET"]}}],"collection":[{"href":"https:\/\/www.sportshine.eu\/de\/wp-json\/wp\/v2\/product"}],"about":[{"href":"https:\/\/www.sportshine.eu\/de\/wp-json\/wp\/v2\/types\/product"}],"replies":[{"embeddable":true,"href":"https:\/\/www.sportshine.eu\/de\/wp-json\/wp\/v2\/comments?post=6440"}],"version-history":[{"count":0,"href":"https:\/\/www.sportshine.eu\/de\/wp-json\/wp\/v2\/product\/6440\/revisions"}],"wp:featuredmedia":[{"embeddable":true,"href":"https:\/\/www.sportshine.eu\/de\/wp-json\/wp\/v2\/media\/5886"}],"wp:attachment":[{"href":"https:\/\/www.sportshine.eu\/de\/wp-json\/wp\/v2\/media?parent=6440"}],"wp:term":[{"taxonomy":"product_brand","embeddable":true,"href":"https:\/\/www.sportshine.eu\/de\/wp-json\/wp\/v2\/product_brand?post=6440"},{"taxonomy":"product_cat","embeddable":true,"href":"https:\/\/www.sportshine.eu\/de\/wp-json\/wp\/v2\/product_cat?post=6440"},{"taxonomy":"product_tag","embeddable":true,"href":"https:\/\/www.sportshine.eu\/de\/wp-json\/wp\/v2\/product_tag?post=6440"}],"curies":[{"name":"wp","href":"https:\/\/api.w.org\/{rel}","templated":true}]}}