{"id":6438,"date":"2025-07-09T19:44:58","date_gmt":"2025-07-09T19:44:58","guid":{"rendered":"https:\/\/www.sportshine.eu\/?post_type=product&#038;p=6438"},"modified":"2026-03-11T14:50:51","modified_gmt":"2026-03-11T14:50:51","slug":"magicshine-versatile-goldbrille","status":"publish","type":"product","link":"https:\/\/www.sportshine.eu\/de\/geschaft\/magicshine-versatile-goldbrille\/","title":{"rendered":"Magicshine Versatiler Goldbrille"},"content":{"rendered":"<p style=\"text-align: left;\">Die Magicshine Versatiler Sportbrille bietet hervorragenden Schutz und Komfort. Sie eignet sich zum Radfahren, Laufen, Langlaufen, Wassersport und anderen Freizeitaktivit\u00e4ten.<\/p>\n<p><strong>Merkmale:<\/strong><\/p>\n<ul>\n<li style=\"text-align: left;\"><strong>Polycarbonatlinse<\/strong>: Die gesamte Serie ist mit einer Polycarbonatlinse ausgestattet, die einen hervorragenden Schutz vor Sonnenstrahlen bietet und Ihr Sichtfeld erweitert.<\/li>\n<li><strong>Abnehmbare Aufs\u00e4tze<\/strong>: F\u00fcr zus\u00e4tzliche Sicherheit sind abnehmbare Aufs\u00e4tze erh\u00e4ltlich, die den Kontakt zwischen Linse und Gesicht bei intensiven Fahrten verhindern.<\/li>\n<li><strong>Verbesserte Bel\u00fcftung<\/strong>: Ein Bel\u00fcftungssystem mit L\u00f6chern an den unteren Rahmenbefestigungen verhindert das Beschlagen und verringert den Windwiderstand, sodass Ihre Sicht auch unter schwierigen Bedingungen klar bleibt.<\/li>\n<li><strong>Robuster Rahmen<\/strong>: Der aus TR90- und TPR-Materialien gefertigte Rahmen ist widerstandsf\u00e4hig gegen Belastungen und beh\u00e4lt seine Form im Laufe der Zeit, unabh\u00e4ngig von Ihren Aktivit\u00e4ten.<\/li>\n<li style=\"text-align: left;\"><strong>Ultra-Grip-Nasenpads<\/strong>: Sie sorgen f\u00fcr einen sicheren Sitz auch bei intensiver Aktivit\u00e4t, ohne dass ein Verrutschen bef\u00fcrchtet werden muss.<\/li>\n<li style=\"text-align: left;\"><strong>100% UV-Schutz<\/strong>: Die sto\u00dffeste Linse bietet vollst\u00e4ndigen Schutz vor sch\u00e4dlichen UV-Strahlen, w\u00e4hrend die vordere REVO-Beschichtung die Farben wiederherstellt und den Kontrast verbessert und die hintere OAR-Beschichtung Blendung reduziert.<\/li>\n<li style=\"text-align: left;\"><strong>Anti-Flecken-Beschichtung<\/strong>: H\u00e4lt Linsen sauber und schmutzfrei und erm\u00f6glicht so eine einfache Wartung und lange Nutzungsdauer.<\/li>\n<\/ul>\n<p><img decoding=\"async\" class=\"aligncenter wp-image-7424 size-full\" src=\"https:\/\/www.sportshine.eu\/wp-content\/uploads\/2025\/07\/Ocala-Magicshine-Versatiler-2.webp\" alt=\"Magicshine Versatiler Brille \" width=\"800\" height=\"800\" srcset=\"https:\/\/www.sportshine.eu\/wp-content\/uploads\/2025\/07\/Ocala-Magicshine-Versatiler-2.webp 800w, https:\/\/www.sportshine.eu\/wp-content\/uploads\/2025\/07\/Ocala-Magicshine-Versatiler-2-768x768.webp 768w, https:\/\/www.sportshine.eu\/wp-content\/uploads\/2025\/07\/Ocala-Magicshine-Versatiler-2-600x600.webp 600w\" sizes=\"(max-width: 800px) 100vw, 800px\" \/><\/p>\n<p>&nbsp;<\/p>\n<p>&nbsp;<\/p>","protected":false},"excerpt":{"rendered":"<p>Die Magichsine Versatiler Sonnenbrille vereint Sicherheit, Leistung, Stil und Komfort. Sie verf\u00fcgt \u00fcber einen abnehmbaren Rahmenaufsatz (Ober- und Unterseite k\u00f6nnen entfernt werden), Polycarbonatgl\u00e4ser f\u00fcr einen gr\u00f6\u00dferen Betrachtungswinkel, ultragriffige Gummipolster f\u00fcr einen bequemen Sitz, ein fortschrittliches Bel\u00fcftungssystem, eine Anti-Schmier-Beschichtung sowie REVO- und OAR-Beschichtung.<\/p>\n<p>Was ist REVO-Beschichtung? Klick\u00a0<span style=\"color: #339966;\"><a style=\"color: #339966;\" href=\"https:\/\/www.sportshine.eu\/de\/originalstran\/revo-abdeckung\/\">Hier<\/a><\/span><\/p>","protected":false},"featured_media":5873,"comment_status":"closed","ping_status":"closed","template":"","meta":[],"product_brand":[131],"product_cat":[104,103],"product_tag":[174],"class_list":{"0":"post-6438","1":"product","2":"type-product","3":"status-publish","4":"has-post-thumbnail","6":"product_brand-magicshine","7":"product_cat-klasicna-kolesarska-ocala","8":"product_cat-kolesarska-ocala","9":"product_tag-magicshine-ocala","11":"first","12":"instock","13":"sale","14":"taxable","15":"shipping-taxable","16":"purchasable","17":"product-type-simple"},"yoast_head":"<!-- This site is optimized with the Yoast SEO plugin v27.3 - https:\/\/yoast.com\/product\/yoast-seo-wordpress\/ -->\n<title>O\u010dala Magicshine Versatiler gold<\/title>\n<meta name=\"description\" content=\"O\u010dala Magicshine Versatiler so izdelana iz trpe\u017enih materialov in nudijo za\u0161\u010dito za vse vrste aktivnosti. Zaradi nizke te\u017ee, so odli\u010dne za kolesarjenje in tek.\" \/>\n<meta name=\"robots\" content=\"index, follow, max-snippet:-1, max-image-preview:large, max-video-preview:-1\" \/>\n<link rel=\"canonical\" href=\"https:\/\/www.sportshine.eu\/de\/geschaft\/magicshine-versatile-goldbrille\/\" \/>\n<meta property=\"og:locale\" content=\"de_DE\" \/>\n<meta property=\"og:type\" content=\"article\" \/>\n<meta property=\"og:title\" content=\"O\u010dala Magicshine Versatiler gold\" \/>\n<meta property=\"og:description\" content=\"O\u010dala Magicshine Versatiler so izdelana iz trpe\u017enih materialov in nudijo za\u0161\u010dito za vse vrste aktivnosti. Zaradi nizke te\u017ee, so odli\u010dne za kolesarjenje in tek.\" \/>\n<meta property=\"og:url\" content=\"https:\/\/www.sportshine.eu\/de\/geschaft\/magicshine-versatile-goldbrille\/\" \/>\n<meta property=\"og:site_name\" content=\"Sportshine\" \/>\n<meta property=\"article:publisher\" content=\"https:\/\/www.facebook.com\/sportshine.eu\/\" \/>\n<meta property=\"article:modified_time\" content=\"2026-03-11T14:50:51+00:00\" \/>\n<meta property=\"og:image\" content=\"https:\/\/www.sportshine.eu\/wp-content\/uploads\/2025\/07\/ocala-1.webp\" \/>\n\t<meta property=\"og:image:width\" content=\"800\" \/>\n\t<meta property=\"og:image:height\" content=\"800\" \/>\n\t<meta property=\"og:image:type\" content=\"image\/webp\" \/>\n<meta name=\"twitter:card\" content=\"summary_large_image\" \/>\n<meta name=\"twitter:label1\" content=\"Gesch\u00e4tzte Lesezeit\" \/>\n\t<meta name=\"twitter:data1\" content=\"2 Minuten\" \/>\n<script type=\"application\/ld+json\" class=\"yoast-schema-graph\">{\"@context\":\"https:\\\/\\\/schema.org\",\"@graph\":[{\"@type\":\"WebPage\",\"@id\":\"https:\\\/\\\/www.sportshine.eu\\\/trgovina\\\/ocala-magicshine-versatiler-gold\\\/\",\"url\":\"https:\\\/\\\/www.sportshine.eu\\\/trgovina\\\/ocala-magicshine-versatiler-gold\\\/\",\"name\":\"O\u010dala Magicshine Versatiler gold\",\"isPartOf\":{\"@id\":\"https:\\\/\\\/www.sportshine.eu\\\/#website\"},\"primaryImageOfPage\":{\"@id\":\"https:\\\/\\\/www.sportshine.eu\\\/trgovina\\\/ocala-magicshine-versatiler-gold\\\/#primaryimage\"},\"image\":{\"@id\":\"https:\\\/\\\/www.sportshine.eu\\\/trgovina\\\/ocala-magicshine-versatiler-gold\\\/#primaryimage\"},\"thumbnailUrl\":\"https:\\\/\\\/www.sportshine.eu\\\/wp-content\\\/uploads\\\/2025\\\/07\\\/ocala-1.webp\",\"datePublished\":\"2025-07-09T19:44:58+00:00\",\"dateModified\":\"2026-03-11T14:50:51+00:00\",\"description\":\"O\u010dala Magicshine Versatiler so izdelana iz trpe\u017enih materialov in nudijo za\u0161\u010dito za vse vrste aktivnosti. Zaradi nizke te\u017ee, so odli\u010dne za kolesarjenje in tek.\",\"breadcrumb\":{\"@id\":\"https:\\\/\\\/www.sportshine.eu\\\/trgovina\\\/ocala-magicshine-versatiler-gold\\\/#breadcrumb\"},\"inLanguage\":\"de-AT\",\"potentialAction\":[{\"@type\":\"ReadAction\",\"target\":[\"https:\\\/\\\/www.sportshine.eu\\\/trgovina\\\/ocala-magicshine-versatiler-gold\\\/\"]}]},{\"@type\":\"ImageObject\",\"inLanguage\":\"de-AT\",\"@id\":\"https:\\\/\\\/www.sportshine.eu\\\/trgovina\\\/ocala-magicshine-versatiler-gold\\\/#primaryimage\",\"url\":\"https:\\\/\\\/www.sportshine.eu\\\/wp-content\\\/uploads\\\/2025\\\/07\\\/ocala-1.webp\",\"contentUrl\":\"https:\\\/\\\/www.sportshine.eu\\\/wp-content\\\/uploads\\\/2025\\\/07\\\/ocala-1.webp\",\"width\":800,\"height\":800},{\"@type\":\"BreadcrumbList\",\"@id\":\"https:\\\/\\\/www.sportshine.eu\\\/trgovina\\\/ocala-magicshine-versatiler-gold\\\/#breadcrumb\",\"itemListElement\":[{\"@type\":\"ListItem\",\"position\":1,\"name\":\"Home\",\"item\":\"https:\\\/\\\/www.sportshine.eu\\\/\"},{\"@type\":\"ListItem\",\"position\":2,\"name\":\"Trgovina\",\"item\":\"https:\\\/\\\/www.sportshine.eu\\\/trgovina\\\/\"},{\"@type\":\"ListItem\",\"position\":3,\"name\":\"O\u010dala Magicshine Versatiler gold\"}]},{\"@type\":\"WebSite\",\"@id\":\"https:\\\/\\\/www.sportshine.eu\\\/#website\",\"url\":\"https:\\\/\\\/www.sportshine.eu\\\/\",\"name\":\"Sportshine\",\"description\":\"Top spletna trgovina kolesarskih in naglavnih svetilk ter opreme\",\"publisher\":{\"@id\":\"https:\\\/\\\/www.sportshine.eu\\\/#organization\"},\"potentialAction\":[{\"@type\":\"SearchAction\",\"target\":{\"@type\":\"EntryPoint\",\"urlTemplate\":\"https:\\\/\\\/www.sportshine.eu\\\/?s={search_term_string}\"},\"query-input\":{\"@type\":\"PropertyValueSpecification\",\"valueRequired\":true,\"valueName\":\"search_term_string\"}}],\"inLanguage\":\"de-AT\"},{\"@type\":\"Organization\",\"@id\":\"https:\\\/\\\/www.sportshine.eu\\\/#organization\",\"name\":\"Sportshine\",\"url\":\"https:\\\/\\\/www.sportshine.eu\\\/\",\"logo\":{\"@type\":\"ImageObject\",\"inLanguage\":\"de-AT\",\"@id\":\"https:\\\/\\\/www.sportshine.eu\\\/#\\\/schema\\\/logo\\\/image\\\/\",\"url\":\"https:\\\/\\\/www.sportshine.eu\\\/wp-content\\\/uploads\\\/2026\\\/01\\\/cropped-Sportshine.webp\",\"contentUrl\":\"https:\\\/\\\/www.sportshine.eu\\\/wp-content\\\/uploads\\\/2026\\\/01\\\/cropped-Sportshine.webp\",\"width\":295,\"height\":128,\"caption\":\"Sportshine\"},\"image\":{\"@id\":\"https:\\\/\\\/www.sportshine.eu\\\/#\\\/schema\\\/logo\\\/image\\\/\"},\"sameAs\":[\"https:\\\/\\\/www.facebook.com\\\/sportshine.eu\\\/\"]}]}<\/script>\n<!-- \/ Yoast SEO plugin. -->","yoast_head_json":{"title":"Magicshine Versatiler Goldbrille","description":"Die Magicshine Versatiler Brille besteht aus langlebigen Materialien und bietet Schutz bei Aktivit\u00e4ten aller Art. Durch ihr geringes Gewicht eignet sie sich hervorragend zum Radfahren und Laufen.","robots":{"index":"index","follow":"follow","max-snippet":"max-snippet:-1","max-image-preview":"max-image-preview:large","max-video-preview":"max-video-preview:-1"},"canonical":"https:\/\/www.sportshine.eu\/de\/geschaft\/magicshine-versatile-goldbrille\/","og_locale":"de_DE","og_type":"article","og_title":"O\u010dala Magicshine Versatiler gold","og_description":"O\u010dala Magicshine Versatiler so izdelana iz trpe\u017enih materialov in nudijo za\u0161\u010dito za vse vrste aktivnosti. Zaradi nizke te\u017ee, so odli\u010dne za kolesarjenje in tek.","og_url":"https:\/\/www.sportshine.eu\/de\/geschaft\/magicshine-versatile-goldbrille\/","og_site_name":"Sportshine","article_publisher":"https:\/\/www.facebook.com\/sportshine.eu\/","article_modified_time":"2026-03-11T14:50:51+00:00","og_image":[{"width":800,"height":800,"url":"https:\/\/www.sportshine.eu\/wp-content\/uploads\/2025\/07\/ocala-1.webp","type":"image\/webp"}],"twitter_card":"summary_large_image","twitter_misc":{"Gesch\u00e4tzte Lesezeit":"2 Minuten"},"schema":{"@context":"https:\/\/schema.org","@graph":[{"@type":"WebPage","@id":"https:\/\/www.sportshine.eu\/trgovina\/ocala-magicshine-versatiler-gold\/","url":"https:\/\/www.sportshine.eu\/trgovina\/ocala-magicshine-versatiler-gold\/","name":"Magicshine Versatiler Goldbrille","isPartOf":{"@id":"https:\/\/www.sportshine.eu\/#website"},"primaryImageOfPage":{"@id":"https:\/\/www.sportshine.eu\/trgovina\/ocala-magicshine-versatiler-gold\/#primaryimage"},"image":{"@id":"https:\/\/www.sportshine.eu\/trgovina\/ocala-magicshine-versatiler-gold\/#primaryimage"},"thumbnailUrl":"https:\/\/www.sportshine.eu\/wp-content\/uploads\/2025\/07\/ocala-1.webp","datePublished":"2025-07-09T19:44:58+00:00","dateModified":"2026-03-11T14:50:51+00:00","description":"Die Magicshine Versatiler Brille besteht aus langlebigen Materialien und bietet Schutz bei Aktivit\u00e4ten aller Art. Durch ihr geringes Gewicht eignet sie sich hervorragend zum Radfahren und Laufen.","breadcrumb":{"@id":"https:\/\/www.sportshine.eu\/trgovina\/ocala-magicshine-versatiler-gold\/#breadcrumb"},"inLanguage":"de-AT","potentialAction":[{"@type":"ReadAction","target":["https:\/\/www.sportshine.eu\/trgovina\/ocala-magicshine-versatiler-gold\/"]}]},{"@type":"ImageObject","inLanguage":"de-AT","@id":"https:\/\/www.sportshine.eu\/trgovina\/ocala-magicshine-versatiler-gold\/#primaryimage","url":"https:\/\/www.sportshine.eu\/wp-content\/uploads\/2025\/07\/ocala-1.webp","contentUrl":"https:\/\/www.sportshine.eu\/wp-content\/uploads\/2025\/07\/ocala-1.webp","width":800,"height":800},{"@type":"BreadcrumbList","@id":"https:\/\/www.sportshine.eu\/trgovina\/ocala-magicshine-versatiler-gold\/#breadcrumb","itemListElement":[{"@type":"ListItem","position":1,"name":"Home","item":"https:\/\/www.sportshine.eu\/"},{"@type":"ListItem","position":2,"name":"Trgovina","item":"https:\/\/www.sportshine.eu\/trgovina\/"},{"@type":"ListItem","position":3,"name":"O\u010dala Magicshine Versatiler gold"}]},{"@type":"WebSite","@id":"https:\/\/www.sportshine.eu\/#website","url":"https:\/\/www.sportshine.eu\/","name":"Sportshine","description":"Top Online-Shop f\u00fcr Fahrrad- und Stirnlampen sowie Zubeh\u00f6r","publisher":{"@id":"https:\/\/www.sportshine.eu\/#organization"},"potentialAction":[{"@type":"SearchAction","target":{"@type":"EntryPoint","urlTemplate":"https:\/\/www.sportshine.eu\/?s={search_term_string}"},"query-input":{"@type":"PropertyValueSpecification","valueRequired":true,"valueName":"search_term_string"}}],"inLanguage":"de-AT"},{"@type":"Organization","@id":"https:\/\/www.sportshine.eu\/#organization","name":"Sportshine","url":"https:\/\/www.sportshine.eu\/","logo":{"@type":"ImageObject","inLanguage":"de-AT","@id":"https:\/\/www.sportshine.eu\/#\/schema\/logo\/image\/","url":"https:\/\/www.sportshine.eu\/wp-content\/uploads\/2026\/01\/cropped-Sportshine.webp","contentUrl":"https:\/\/www.sportshine.eu\/wp-content\/uploads\/2026\/01\/cropped-Sportshine.webp","width":295,"height":128,"caption":"Sportshine"},"image":{"@id":"https:\/\/www.sportshine.eu\/#\/schema\/logo\/image\/"},"sameAs":["https:\/\/www.facebook.com\/sportshine.eu\/"]}]}},"_links":{"self":[{"href":"https:\/\/www.sportshine.eu\/de\/wp-json\/wp\/v2\/product\/6438","targetHints":{"allow":["GET"]}}],"collection":[{"href":"https:\/\/www.sportshine.eu\/de\/wp-json\/wp\/v2\/product"}],"about":[{"href":"https:\/\/www.sportshine.eu\/de\/wp-json\/wp\/v2\/types\/product"}],"replies":[{"embeddable":true,"href":"https:\/\/www.sportshine.eu\/de\/wp-json\/wp\/v2\/comments?post=6438"}],"version-history":[{"count":0,"href":"https:\/\/www.sportshine.eu\/de\/wp-json\/wp\/v2\/product\/6438\/revisions"}],"wp:featuredmedia":[{"embeddable":true,"href":"https:\/\/www.sportshine.eu\/de\/wp-json\/wp\/v2\/media\/5873"}],"wp:attachment":[{"href":"https:\/\/www.sportshine.eu\/de\/wp-json\/wp\/v2\/media?parent=6438"}],"wp:term":[{"taxonomy":"product_brand","embeddable":true,"href":"https:\/\/www.sportshine.eu\/de\/wp-json\/wp\/v2\/product_brand?post=6438"},{"taxonomy":"product_cat","embeddable":true,"href":"https:\/\/www.sportshine.eu\/de\/wp-json\/wp\/v2\/product_cat?post=6438"},{"taxonomy":"product_tag","embeddable":true,"href":"https:\/\/www.sportshine.eu\/de\/wp-json\/wp\/v2\/product_tag?post=6438"}],"curies":[{"name":"wp","href":"https:\/\/api.w.org\/{rel}","templated":true}]}}