{"id":6434,"date":"2025-07-05T19:43:45","date_gmt":"2025-07-05T19:43:45","guid":{"rendered":"https:\/\/www.sportshine.eu\/?post_type=product&#038;p=6434"},"modified":"2026-04-24T07:49:56","modified_gmt":"2026-04-24T07:49:56","slug":"magicshine-seemee-r300-radar-rucklicht-2","status":"publish","type":"product","link":"https:\/\/www.sportshine.eu\/de\/geschaft\/magicshine-seemee-r300-radar-rucklicht-2\/","title":{"rendered":"Magicshine SEEMEE R300 Radar-R\u00fccklicht"},"content":{"rendered":"<h3 style=\"text-align: center;\">Stellen Sie sicher, dass Sie wissen, was auf der Stra\u00dfe passiert. Achten Sie auf den Verkehr hinter Ihnen.<\/h3>\n<p style=\"text-align: center;\">Der Magicshine SEEMEE R300 l\u00f6st eine Warnung mit bis zu 300 Lumen aus, wenn sich ein Fahrzeug in einer Entfernung von 70 m n\u00e4hert.<\/p>\n<p><img decoding=\"async\" class=\"aligncenter wp-image-7429\" src=\"https:\/\/www.sportshine.eu\/wp-content\/uploads\/2025\/07\/Magicshine-Seemee-r300-8.webp\" alt=\"Magicshine SEEMEE R300 \" width=\"800\" height=\"600\" srcset=\"https:\/\/www.sportshine.eu\/wp-content\/uploads\/2025\/07\/Magicshine-Seemee-r300-8-768x576.webp 768w, https:\/\/www.sportshine.eu\/wp-content\/uploads\/2025\/07\/Magicshine-Seemee-r300-8-600x450.webp 600w\" sizes=\"(max-width: 800px) 100vw, 800px\" \/><\/p>\n<h3 style=\"text-align: center;\">BESEITIGEN SIE DEN TOTEN WINKEL UND SCH\u00dcTZEN SIE SICH BEI JEDEM SCHRITT<\/h3>\n<p style=\"text-align: center;\">Es warnt Sie optisch und akustisch vor entgegenkommenden Fahrzeugen aus einer Entfernung von 140 m und \u00fcberwacht auch Fahrzeuge in Kurven.<\/p>\n<p><img decoding=\"async\" class=\"aligncenter wp-image-7430\" src=\"https:\/\/www.sportshine.eu\/wp-content\/uploads\/2025\/07\/Magicshine-Seemee-r300-9.webp\" alt=\"Magicshine SEEMEE R300 \" width=\"800\" height=\"600\" srcset=\"https:\/\/www.sportshine.eu\/wp-content\/uploads\/2025\/07\/Magicshine-Seemee-r300-9-768x576.webp 768w, https:\/\/www.sportshine.eu\/wp-content\/uploads\/2025\/07\/Magicshine-Seemee-r300-9-600x450.webp 600w\" sizes=\"(max-width: 800px) 100vw, 800px\" \/><\/p>\n<h3 style=\"text-align: center;\">VIDEOPR\u00c4SENTATION VON MAGICSHINE SEEMEE R300<\/h3>\n<h3 style=\"text-align: center;\"><\/h3>\n<p><iframe loading=\"lazy\" title=\"MAGICSHINE SEEMEE R300 Smart Radar R\u00fccklicht\" width=\"500\" height=\"281\" src=\"https:\/\/www.youtube.com\/embed\/zqCq_Qfmf50?feature=oembed\" frameborder=\"0\" allow=\"accelerometer; autoplay; clipboard-write; encrypted-media; gyroscope; picture-in-picture; web-share\" referrerpolicy=\"strict-origin-when-cross-origin\" allowfullscreen><\/iframe><\/p>\n<h3 style=\"text-align: center;\">AUSSERGEW\u00d6HNLICHE SICHT<\/h3>\n<p style=\"text-align: center;\">Mit dem Magicshine SEEMEE R300 bleiben Sie auch auf einer Entfernung von 2,4 Kilometern sichtbar und sicher.<\/p>\n<p><img decoding=\"async\" class=\"aligncenter wp-image-7431\" src=\"https:\/\/www.sportshine.eu\/wp-content\/uploads\/2025\/07\/Magicshine-Seemee-r300-10.webp\" alt=\"Magicshine SEEMEE R300 \" width=\"800\" height=\"600\" srcset=\"https:\/\/www.sportshine.eu\/wp-content\/uploads\/2025\/07\/Magicshine-Seemee-r300-10-768x576.webp 768w, https:\/\/www.sportshine.eu\/wp-content\/uploads\/2025\/07\/Magicshine-Seemee-r300-10-600x450.webp 600w\" sizes=\"(max-width: 800px) 100vw, 800px\" \/><\/p>\n<h3 style=\"text-align: center;\">KOMPATIBLE FAHRRADCOMPUTER<\/h3>\n<p style=\"text-align: center;\">Es l\u00e4sst sich nahtlos mit f\u00fchrenden Fahrradcomputern wie Garmin, Magene, Wahoo, Sigma, Bontrager, Pioneer und Hammerhead verbinden.<\/p>\n<p><img decoding=\"async\" class=\"aligncenter wp-image-7432\" src=\"https:\/\/www.sportshine.eu\/wp-content\/uploads\/2025\/07\/Radarska-luc-SEEMEE_R300.webp\" alt=\"Magicshine SEEMEE R300 \" width=\"800\" height=\"600\" srcset=\"https:\/\/www.sportshine.eu\/wp-content\/uploads\/2025\/07\/Radarska-luc-SEEMEE_R300-768x576.webp 768w, https:\/\/www.sportshine.eu\/wp-content\/uploads\/2025\/07\/Radarska-luc-SEEMEE_R300-600x450.webp 600w\" sizes=\"(max-width: 800px) 100vw, 800px\" \/><\/p>\n<h3 style=\"text-align: center;\">LEISTUNGSSTARKER AKKU<\/h3>\n<p style=\"text-align: center;\">Der leistungsstarke 3350 mAh-Akku sorgt f\u00fcr unglaubliche 100 Stunden Betriebszeit. \u00dcber USB-C l\u00e4sst er sich in nur 2,15 Stunden schnell aufladen.<\/p>\n<p><img decoding=\"async\" class=\"aligncenter wp-image-7434 size-full\" src=\"https:\/\/www.sportshine.eu\/wp-content\/uploads\/2025\/07\/Magicshine-seemee-r300-11.webp\" alt=\"Magicshine SEEMEE R300 \" width=\"800\" height=\"800\" srcset=\"https:\/\/www.sportshine.eu\/wp-content\/uploads\/2025\/07\/Magicshine-seemee-r300-11.webp 800w, https:\/\/www.sportshine.eu\/wp-content\/uploads\/2025\/07\/Magicshine-seemee-r300-11-768x768.webp 768w, https:\/\/www.sportshine.eu\/wp-content\/uploads\/2025\/07\/Magicshine-seemee-r300-11-600x600.webp 600w\" sizes=\"(max-width: 800px) 100vw, 800px\" \/><\/p>\n<h3 style=\"text-align: center;\">PELOTONSYNC BLINKT<\/h3>\n<p style=\"text-align: center;\">Koordiniert automatisch Blinkmuster zwischen kompatiblen R\u00fccklichtern, verbessert so die Sichtbarkeit und verbessert den Teamstil auf der Stra\u00dfe.<\/p>\n<p><img decoding=\"async\" class=\"aligncenter wp-image-7435\" src=\"https:\/\/www.sportshine.eu\/wp-content\/uploads\/2025\/07\/Magicshine-Seemee-r300-12.webp\" alt=\"Magicshine SEEMEE R300 \" width=\"800\" height=\"600\" srcset=\"https:\/\/www.sportshine.eu\/wp-content\/uploads\/2025\/07\/Magicshine-Seemee-r300-12-768x576.webp 768w, https:\/\/www.sportshine.eu\/wp-content\/uploads\/2025\/07\/Magicshine-Seemee-r300-12-600x450.webp 600w\" sizes=\"(max-width: 800px) 100vw, 800px\" \/><\/p>\n<h3 style=\"text-align: center;\">DOPPELSTEUERTASTE<\/h3>\n<p style=\"text-align: center;\">Einfach, effizient und unterhaltsam, mit separaten Tasten zur Steuerung der R\u00fccklicht- und Radarfunktionen.<\/p>\n<p><img decoding=\"async\" class=\"aligncenter wp-image-7436\" src=\"https:\/\/www.sportshine.eu\/wp-content\/uploads\/2025\/07\/Magicshine-Seemee-r300-13.webp\" alt=\"Magicshine SEEMEE R300 \" width=\"800\" height=\"600\" srcset=\"https:\/\/www.sportshine.eu\/wp-content\/uploads\/2025\/07\/Magicshine-Seemee-r300-13-768x576.webp 768w, https:\/\/www.sportshine.eu\/wp-content\/uploads\/2025\/07\/Magicshine-Seemee-r300-13-600x450.webp 600w\" sizes=\"(max-width: 800px) 100vw, 800px\" \/><\/p>\n<h3 style=\"text-align: center;\">INTELLIGENTES SCHLIESSSYSTEM<\/h3>\n<p style=\"text-align: center;\">Die Sperrfunktion verhindert eine versehentliche Aktivierung und verl\u00e4ngert die Batterielebensdauer erheblich.<\/p>\n<p><img decoding=\"async\" class=\"aligncenter wp-image-7437\" src=\"https:\/\/www.sportshine.eu\/wp-content\/uploads\/2025\/07\/Magicshine-Seemee-r300-14.webp\" alt=\"Magicshine Seemee r300\" width=\"800\" height=\"600\" srcset=\"https:\/\/www.sportshine.eu\/wp-content\/uploads\/2025\/07\/Magicshine-Seemee-r300-14-768x576.webp 768w, https:\/\/www.sportshine.eu\/wp-content\/uploads\/2025\/07\/Magicshine-Seemee-r300-14-600x450.webp 600w\" sizes=\"(max-width: 800px) 100vw, 800px\" \/><\/p>\n<h3 style=\"text-align: center;\">AUTOMATISCHES EINSCHALTEN<\/h3>\n<p style=\"text-align: center;\">Das Radarlicht des Magicshine SEEMEE R300 schaltet sich nach 5 Minuten Inaktivit\u00e4t automatisch aus und bei jeder Vibration wieder ein.<\/p>\n<p><img decoding=\"async\" class=\"aligncenter wp-image-7438\" src=\"https:\/\/www.sportshine.eu\/wp-content\/uploads\/2025\/07\/Magicshine-SEEMEE-R300-radar-4.webp\" alt=\"Magicshine Seemee r300\" width=\"800\" height=\"600\" srcset=\"https:\/\/www.sportshine.eu\/wp-content\/uploads\/2025\/07\/Magicshine-SEEMEE-R300-radar-4-768x576.webp 768w, https:\/\/www.sportshine.eu\/wp-content\/uploads\/2025\/07\/Magicshine-SEEMEE-R300-radar-4-600x450.webp 600w\" sizes=\"(max-width: 800px) 100vw, 800px\" \/><\/p>\n<h3 style=\"text-align: center;\">EINFACHE INSTALLATION<\/h3>\n<p><img decoding=\"async\" class=\"aligncenter wp-image-7439\" src=\"https:\/\/www.sportshine.eu\/wp-content\/uploads\/2025\/07\/Magicshine-SEEMEE-R300-radar-3.webp\" alt=\"Magicshine Seemee r300\" width=\"800\" height=\"600\" srcset=\"https:\/\/www.sportshine.eu\/wp-content\/uploads\/2025\/07\/Magicshine-SEEMEE-R300-radar-3-768x576.webp 768w, https:\/\/www.sportshine.eu\/wp-content\/uploads\/2025\/07\/Magicshine-SEEMEE-R300-radar-3-600x450.webp 600w\" sizes=\"(max-width: 800px) 100vw, 800px\" \/><\/p>\n<h3 style=\"text-align: center;\">WASSERDICHT NACH IPX6-STANDARD<\/h3>\n<p style=\"text-align: center;\">Das Magicshine Radarlicht ist witterungsbest\u00e4ndig konstruiert, der IPX6-Standard gew\u00e4hrleistet einen einwandfreien Betrieb bei Regen oder Sturm.<\/p>\n<p><img decoding=\"async\" class=\"aligncenter wp-image-7440\" src=\"https:\/\/www.sportshine.eu\/wp-content\/uploads\/2025\/07\/Radarska-luc-Magicshine-2.webp\" alt=\"Magicshine Seemee r300\" width=\"800\" height=\"600\" srcset=\"https:\/\/www.sportshine.eu\/wp-content\/uploads\/2025\/07\/Radarska-luc-Magicshine-2-768x576.webp 768w, https:\/\/www.sportshine.eu\/wp-content\/uploads\/2025\/07\/Radarska-luc-Magicshine-2-600x450.webp 600w\" sizes=\"(max-width: 800px) 100vw, 800px\" \/><\/p>\n<h3 style=\"text-align: center;\">WAS SIE IN DER BOX ERHALTEN<\/h3>\n<p style=\"text-align: center;\">Neben dem Magicshine SEEMEE R300 Radarlicht enth\u00e4lt das Paket auch eine robuste Lichthalterung, eine Aero-Halterung, ein Ladekabel und eine Anleitung.<\/p>\n<p style=\"text-align: center;\"><img decoding=\"async\" class=\"aligncenter wp-image-7441\" src=\"https:\/\/www.sportshine.eu\/wp-content\/uploads\/2025\/07\/Magicshine-Seemee-r300-15.webp\" alt=\"Magicshine Seemee r300\" width=\"800\" height=\"450\" srcset=\"https:\/\/www.sportshine.eu\/wp-content\/uploads\/2025\/07\/Magicshine-Seemee-r300-15-768x432.webp 768w, https:\/\/www.sportshine.eu\/wp-content\/uploads\/2025\/07\/Magicshine-Seemee-r300-15-600x337.webp 600w\" sizes=\"(max-width: 800px) 100vw, 800px\" \/><\/p>","protected":false},"excerpt":{"rendered":"<p>Das Magicshine SEEMEE R300 mit modernster Radartechnologie ist nicht nur ein R\u00fccklicht \u2013 es ist ein fortschrittliches Sicherheitsger\u00e4t. Es erkennt entgegenkommende Fahrzeuge in bis zu 140 Metern Entfernung und \u00fcberwacht Geschwindigkeiten von 5 bis 100 km\/h. So haben Sie immer einen genauen \u00dcberblick \u00fcber das Geschehen um Sie herum. Diese proaktive Verkehrs\u00fcberwachung reduziert das Risiko von Auffahrunf\u00e4llen \u2013 egal ob mit Autos, E-Bikes oder anderen Radfahrern \u2013 deutlich und sorgt f\u00fcr mehr Sicherheit und ein ruhiges Fahrgef\u00fchl.<\/p>\n<p><strong>Haupteigenschaften:<\/strong><\/p>\n<p>\u2714 ANT+ Radarsystem<br \/>\n\u2714 Kompatibilit\u00e4t mit Fahrradcomputern<br \/>\n\u2714 Maximale Leistung: 300 Lumen<br \/>\n\u2714 Maximale Betriebsdauer: 100 Stunden<br \/>\n\u2714 Sichtweite: 2400 m<br \/>\n\u2714 Maximale Erfassungsdistanz: 140 m<br \/>\n\u2714 Weiter Betrachtungswinkel: 270\u00b0<br \/>\n\u2714 Breiter Adapter zur Montage an der St\u00fctze + Adapter f\u00fcr Aero-Sattelst\u00fctze<\/p>\n<p>&nbsp;<\/p>","protected":false},"featured_media":5820,"comment_status":"open","ping_status":"closed","template":"","meta":[],"product_brand":[131],"product_cat":[86],"product_tag":[],"class_list":{"0":"post-6434","1":"product","2":"type-product","3":"status-publish","4":"has-post-thumbnail","6":"product_brand-magicshine","7":"product_cat-zadnje-kolesarske-luci","9":"first","10":"instock","11":"sale","12":"taxable","13":"shipping-taxable","14":"purchasable","15":"product-type-simple"},"yoast_head":"<!-- This site is optimized with the Yoast SEO plugin v27.4 - https:\/\/yoast.com\/product\/yoast-seo-wordpress\/ -->\n<title>Magicshine SEEMEE R300 radarska zadnja lu\u010d<\/title>\n<meta name=\"description\" content=\"Magicshine SEEMEE R300 je vrhunska radarska lu\u010d za kolesarje. S svojo radar tehnologijo zazna vozila do 140 metrov in sveti z mo\u010djo 300 lumnov.\" \/>\n<meta name=\"robots\" content=\"index, follow, max-snippet:-1, max-image-preview:large, max-video-preview:-1\" \/>\n<link rel=\"canonical\" href=\"https:\/\/www.sportshine.eu\/de\/originalstran\/geschaft\/magene_l508\/\" \/>\n<meta property=\"og:locale\" content=\"de_DE\" \/>\n<meta property=\"og:type\" content=\"article\" \/>\n<meta property=\"og:title\" content=\"Magicshine SEEMEE R300 radarska zadnja lu\u010d\" \/>\n<meta property=\"og:description\" content=\"Magicshine SEEMEE R300 je vrhunska radarska lu\u010d za kolesarje. S svojo radar tehnologijo zazna vozila do 140 metrov in sveti z mo\u010djo 300 lumnov.\" \/>\n<meta property=\"og:url\" content=\"https:\/\/www.sportshine.eu\/de\/originalstran\/geschaft\/magene_l508\/\" \/>\n<meta property=\"og:site_name\" content=\"Sportshine\" \/>\n<meta property=\"article:publisher\" content=\"https:\/\/www.facebook.com\/sportshine.eu\/\" \/>\n<meta property=\"article:modified_time\" content=\"2026-04-24T07:49:56+00:00\" \/>\n<meta property=\"og:image\" content=\"https:\/\/www.sportshine.eu\/wp-content\/uploads\/2025\/07\/Magicshine-seemee-r300-1.webp\" \/>\n\t<meta property=\"og:image:width\" content=\"800\" \/>\n\t<meta property=\"og:image:height\" content=\"800\" \/>\n\t<meta property=\"og:image:type\" content=\"image\/webp\" \/>\n<meta name=\"twitter:card\" content=\"summary_large_image\" \/>\n<meta name=\"twitter:label1\" content=\"Gesch\u00e4tzte Lesezeit\" \/>\n\t<meta name=\"twitter:data1\" content=\"4 Minuten\" \/>\n<script type=\"application\/ld+json\" class=\"yoast-schema-graph\">{\"@context\":\"https:\\\/\\\/schema.org\",\"@graph\":[{\"@type\":\"WebPage\",\"@id\":\"https:\\\/\\\/www.sportshine.eu\\\/trgovina\\\/magicshine-seemee-r300-radarska-zadnja-luc-2\\\/\",\"url\":\"https:\\\/\\\/www.sportshine.eu\\\/originalstran\\\/trgovina\\\/magene_l508\\\/\",\"name\":\"Magicshine SEEMEE R300 radarska zadnja lu\u010d\",\"isPartOf\":{\"@id\":\"https:\\\/\\\/www.sportshine.eu\\\/#website\"},\"primaryImageOfPage\":{\"@id\":\"https:\\\/\\\/www.sportshine.eu\\\/originalstran\\\/trgovina\\\/magene_l508\\\/#primaryimage\"},\"image\":{\"@id\":\"https:\\\/\\\/www.sportshine.eu\\\/originalstran\\\/trgovina\\\/magene_l508\\\/#primaryimage\"},\"thumbnailUrl\":\"https:\\\/\\\/www.sportshine.eu\\\/wp-content\\\/uploads\\\/2025\\\/07\\\/Magicshine-seemee-r300-1.webp\",\"datePublished\":\"2025-07-05T19:43:45+00:00\",\"dateModified\":\"2026-04-24T07:49:56+00:00\",\"description\":\"Magicshine SEEMEE R300 je vrhunska radarska lu\u010d za kolesarje. S svojo radar tehnologijo zazna vozila do 140 metrov in sveti z mo\u010djo 300 lumnov.\",\"breadcrumb\":{\"@id\":\"https:\\\/\\\/www.sportshine.eu\\\/originalstran\\\/trgovina\\\/magene_l508\\\/#breadcrumb\"},\"inLanguage\":\"de-AT\",\"potentialAction\":[{\"@type\":\"ReadAction\",\"target\":[\"https:\\\/\\\/www.sportshine.eu\\\/originalstran\\\/trgovina\\\/magene_l508\\\/\"]}]},{\"@type\":\"ImageObject\",\"inLanguage\":\"de-AT\",\"@id\":\"https:\\\/\\\/www.sportshine.eu\\\/originalstran\\\/trgovina\\\/magene_l508\\\/#primaryimage\",\"url\":\"https:\\\/\\\/www.sportshine.eu\\\/wp-content\\\/uploads\\\/2025\\\/07\\\/Magicshine-seemee-r300-1.webp\",\"contentUrl\":\"https:\\\/\\\/www.sportshine.eu\\\/wp-content\\\/uploads\\\/2025\\\/07\\\/Magicshine-seemee-r300-1.webp\",\"width\":800,\"height\":800},{\"@type\":\"BreadcrumbList\",\"@id\":\"https:\\\/\\\/www.sportshine.eu\\\/originalstran\\\/trgovina\\\/magene_l508\\\/#breadcrumb\",\"itemListElement\":[{\"@type\":\"ListItem\",\"position\":1,\"name\":\"Home\",\"item\":\"https:\\\/\\\/www.sportshine.eu\\\/\"},{\"@type\":\"ListItem\",\"position\":2,\"name\":\"Trgovina\",\"item\":\"https:\\\/\\\/www.sportshine.eu\\\/trgovina\\\/\"},{\"@type\":\"ListItem\",\"position\":3,\"name\":\"Magicshine SEEMEE R300 radarska zadnja lu\u010d\"}]},{\"@type\":\"WebSite\",\"@id\":\"https:\\\/\\\/www.sportshine.eu\\\/#website\",\"url\":\"https:\\\/\\\/www.sportshine.eu\\\/\",\"name\":\"Sportshine\",\"description\":\"Top spletna trgovina kolesarskih in naglavnih svetilk ter opreme\",\"publisher\":{\"@id\":\"https:\\\/\\\/www.sportshine.eu\\\/#organization\"},\"potentialAction\":[{\"@type\":\"SearchAction\",\"target\":{\"@type\":\"EntryPoint\",\"urlTemplate\":\"https:\\\/\\\/www.sportshine.eu\\\/?s={search_term_string}\"},\"query-input\":{\"@type\":\"PropertyValueSpecification\",\"valueRequired\":true,\"valueName\":\"search_term_string\"}}],\"inLanguage\":\"de-AT\"},{\"@type\":\"Organization\",\"@id\":\"https:\\\/\\\/www.sportshine.eu\\\/#organization\",\"name\":\"Sportshine\",\"url\":\"https:\\\/\\\/www.sportshine.eu\\\/\",\"logo\":{\"@type\":\"ImageObject\",\"inLanguage\":\"de-AT\",\"@id\":\"https:\\\/\\\/www.sportshine.eu\\\/#\\\/schema\\\/logo\\\/image\\\/\",\"url\":\"https:\\\/\\\/www.sportshine.eu\\\/wp-content\\\/uploads\\\/2026\\\/01\\\/cropped-Sportshine.webp\",\"contentUrl\":\"https:\\\/\\\/www.sportshine.eu\\\/wp-content\\\/uploads\\\/2026\\\/01\\\/cropped-Sportshine.webp\",\"width\":295,\"height\":128,\"caption\":\"Sportshine\"},\"image\":{\"@id\":\"https:\\\/\\\/www.sportshine.eu\\\/#\\\/schema\\\/logo\\\/image\\\/\"},\"sameAs\":[\"https:\\\/\\\/www.facebook.com\\\/sportshine.eu\\\/\"]}]}<\/script>\n<!-- \/ Yoast SEO plugin. -->","yoast_head_json":{"title":"Magicshine SEEMEE R300 Radar-R\u00fccklicht","description":"Das Magicshine SEEMEE R300 ist ein Radarlicht der Spitzenklasse f\u00fcr Radfahrer. Es nutzt Radartechnologie, um Fahrzeuge in bis zu 140 Metern Entfernung zu erkennen und leuchtet mit einer Leistung von 300 Lumen.","robots":{"index":"index","follow":"follow","max-snippet":"max-snippet:-1","max-image-preview":"max-image-preview:large","max-video-preview":"max-video-preview:-1"},"canonical":"https:\/\/www.sportshine.eu\/de\/originalstran\/geschaft\/magene_l508\/","og_locale":"de_DE","og_type":"article","og_title":"Magicshine SEEMEE R300 radarska zadnja lu\u010d","og_description":"Magicshine SEEMEE R300 je vrhunska radarska lu\u010d za kolesarje. S svojo radar tehnologijo zazna vozila do 140 metrov in sveti z mo\u010djo 300 lumnov.","og_url":"https:\/\/www.sportshine.eu\/de\/originalstran\/geschaft\/magene_l508\/","og_site_name":"Sportshine","article_publisher":"https:\/\/www.facebook.com\/sportshine.eu\/","article_modified_time":"2026-04-24T07:49:56+00:00","og_image":[{"width":800,"height":800,"url":"https:\/\/www.sportshine.eu\/wp-content\/uploads\/2025\/07\/Magicshine-seemee-r300-1.webp","type":"image\/webp"}],"twitter_card":"summary_large_image","twitter_misc":{"Gesch\u00e4tzte Lesezeit":"4 Minuten"},"schema":{"@context":"https:\/\/schema.org","@graph":[{"@type":"WebPage","@id":"https:\/\/www.sportshine.eu\/trgovina\/magicshine-seemee-r300-radarska-zadnja-luc-2\/","url":"https:\/\/www.sportshine.eu\/originalstran\/trgovina\/magene_l508\/","name":"Magicshine SEEMEE R300 Radar-R\u00fccklicht","isPartOf":{"@id":"https:\/\/www.sportshine.eu\/#website"},"primaryImageOfPage":{"@id":"https:\/\/www.sportshine.eu\/originalstran\/trgovina\/magene_l508\/#primaryimage"},"image":{"@id":"https:\/\/www.sportshine.eu\/originalstran\/trgovina\/magene_l508\/#primaryimage"},"thumbnailUrl":"https:\/\/www.sportshine.eu\/wp-content\/uploads\/2025\/07\/Magicshine-seemee-r300-1.webp","datePublished":"2025-07-05T19:43:45+00:00","dateModified":"2026-04-24T07:49:56+00:00","description":"Das Magicshine SEEMEE R300 ist ein Radarlicht der Spitzenklasse f\u00fcr Radfahrer. Es nutzt Radartechnologie, um Fahrzeuge in bis zu 140 Metern Entfernung zu erkennen und leuchtet mit einer Leistung von 300 Lumen.","breadcrumb":{"@id":"https:\/\/www.sportshine.eu\/originalstran\/trgovina\/magene_l508\/#breadcrumb"},"inLanguage":"de-AT","potentialAction":[{"@type":"ReadAction","target":["https:\/\/www.sportshine.eu\/originalstran\/trgovina\/magene_l508\/"]}]},{"@type":"ImageObject","inLanguage":"de-AT","@id":"https:\/\/www.sportshine.eu\/originalstran\/trgovina\/magene_l508\/#primaryimage","url":"https:\/\/www.sportshine.eu\/wp-content\/uploads\/2025\/07\/Magicshine-seemee-r300-1.webp","contentUrl":"https:\/\/www.sportshine.eu\/wp-content\/uploads\/2025\/07\/Magicshine-seemee-r300-1.webp","width":800,"height":800},{"@type":"BreadcrumbList","@id":"https:\/\/www.sportshine.eu\/originalstran\/trgovina\/magene_l508\/#breadcrumb","itemListElement":[{"@type":"ListItem","position":1,"name":"Home","item":"https:\/\/www.sportshine.eu\/"},{"@type":"ListItem","position":2,"name":"Trgovina","item":"https:\/\/www.sportshine.eu\/trgovina\/"},{"@type":"ListItem","position":3,"name":"Magicshine SEEMEE R300 radarska zadnja lu\u010d"}]},{"@type":"WebSite","@id":"https:\/\/www.sportshine.eu\/#website","url":"https:\/\/www.sportshine.eu\/","name":"Sportshine","description":"Top Online-Shop f\u00fcr Fahrrad- und Stirnlampen sowie Zubeh\u00f6r","publisher":{"@id":"https:\/\/www.sportshine.eu\/#organization"},"potentialAction":[{"@type":"SearchAction","target":{"@type":"EntryPoint","urlTemplate":"https:\/\/www.sportshine.eu\/?s={search_term_string}"},"query-input":{"@type":"PropertyValueSpecification","valueRequired":true,"valueName":"search_term_string"}}],"inLanguage":"de-AT"},{"@type":"Organization","@id":"https:\/\/www.sportshine.eu\/#organization","name":"Sportshine","url":"https:\/\/www.sportshine.eu\/","logo":{"@type":"ImageObject","inLanguage":"de-AT","@id":"https:\/\/www.sportshine.eu\/#\/schema\/logo\/image\/","url":"https:\/\/www.sportshine.eu\/wp-content\/uploads\/2026\/01\/cropped-Sportshine.webp","contentUrl":"https:\/\/www.sportshine.eu\/wp-content\/uploads\/2026\/01\/cropped-Sportshine.webp","width":295,"height":128,"caption":"Sportshine"},"image":{"@id":"https:\/\/www.sportshine.eu\/#\/schema\/logo\/image\/"},"sameAs":["https:\/\/www.facebook.com\/sportshine.eu\/"]}]}},"_links":{"self":[{"href":"https:\/\/www.sportshine.eu\/de\/wp-json\/wp\/v2\/product\/6434","targetHints":{"allow":["GET"]}}],"collection":[{"href":"https:\/\/www.sportshine.eu\/de\/wp-json\/wp\/v2\/product"}],"about":[{"href":"https:\/\/www.sportshine.eu\/de\/wp-json\/wp\/v2\/types\/product"}],"replies":[{"embeddable":true,"href":"https:\/\/www.sportshine.eu\/de\/wp-json\/wp\/v2\/comments?post=6434"}],"version-history":[{"count":0,"href":"https:\/\/www.sportshine.eu\/de\/wp-json\/wp\/v2\/product\/6434\/revisions"}],"wp:featuredmedia":[{"embeddable":true,"href":"https:\/\/www.sportshine.eu\/de\/wp-json\/wp\/v2\/media\/5820"}],"wp:attachment":[{"href":"https:\/\/www.sportshine.eu\/de\/wp-json\/wp\/v2\/media?parent=6434"}],"wp:term":[{"taxonomy":"product_brand","embeddable":true,"href":"https:\/\/www.sportshine.eu\/de\/wp-json\/wp\/v2\/product_brand?post=6434"},{"taxonomy":"product_cat","embeddable":true,"href":"https:\/\/www.sportshine.eu\/de\/wp-json\/wp\/v2\/product_cat?post=6434"},{"taxonomy":"product_tag","embeddable":true,"href":"https:\/\/www.sportshine.eu\/de\/wp-json\/wp\/v2\/product_tag?post=6434"}],"curies":[{"name":"wp","href":"https:\/\/api.w.org\/{rel}","templated":true}]}}