{"id":6427,"date":"2025-07-05T19:40:22","date_gmt":"2025-07-05T19:40:22","guid":{"rendered":"https:\/\/www.sportshine.eu\/?post_type=product&#038;p=6427"},"modified":"2025-11-21T21:24:24","modified_gmt":"2025-11-21T21:24:24","slug":"magicshine-evo-1100-fahrradlicht","status":"publish","type":"product","link":"https:\/\/www.sportshine.eu\/de\/geschaft\/magicshine-evo-1100-fahrradlicht\/","title":{"rendered":"Magicshine EVO 1100 Fahrradlicht"},"content":{"rendered":"<h3 style=\"text-align: center;\">VIDEOPR\u00c4SENTATION DES MAGICSHINE EVO 1100 SCHEINWERFERS<\/h3>\n<p><iframe loading=\"lazy\" title=\"MAGICSHINE EVO 1100 Unterbau-Fahrradlicht\" width=\"500\" height=\"281\" src=\"https:\/\/www.youtube.com\/embed\/GIhhePiV98c?feature=oembed\" frameborder=\"0\" allow=\"accelerometer; autoplay; clipboard-write; encrypted-media; gyroscope; picture-in-picture; web-share\" referrerpolicy=\"strict-origin-when-cross-origin\" allowfullscreen><\/iframe><\/p>\n<h3 style=\"text-align: center;\">ERLEUCHTE DEINEN WEG<\/h3>\n<p style=\"text-align: center;\">Mit beeindruckenden 1100 Lumen in einem kompakten Paket ist die EVO 1100 Ihr idealer Partner f\u00fcr den t\u00e4glichen Stadtverkehr.<\/p>\n<p><img decoding=\"async\" class=\"aligncenter wp-image-7489\" src=\"https:\/\/www.sportshine.eu\/wp-content\/uploads\/2025\/07\/Magicshine-EVO-1100.webp\" alt=\"\" width=\"800\" height=\"600\" srcset=\"https:\/\/www.sportshine.eu\/wp-content\/uploads\/2025\/07\/Magicshine-EVO-1100-768x576.webp 768w, https:\/\/www.sportshine.eu\/wp-content\/uploads\/2025\/07\/Magicshine-EVO-1100-600x450.webp 600w\" sizes=\"(max-width: 800px) 100vw, 800px\" \/><\/p>\n<h3 style=\"text-align: center;\">Abblendlicht ohne Blendung des weiteren Verkehrs<\/h3>\n<p style=\"text-align: center;\">Das pr\u00e4zise eingestellte Abblendlicht erzeugt eine klare Lichtlinie, die das Licht direkt auf die Stra\u00dfe richtet und so eine Blendung des Gegenverkehrs verhindert.<\/p>\n<p><img decoding=\"async\" class=\"aligncenter wp-image-7490\" src=\"https:\/\/www.sportshine.eu\/wp-content\/uploads\/2025\/07\/Magicshine-EVO-1100-1.webp\" alt=\"Magicshine EVO 1100 \" width=\"800\" height=\"600\" srcset=\"https:\/\/www.sportshine.eu\/wp-content\/uploads\/2025\/07\/Magicshine-EVO-1100-1-768x576.webp 768w, https:\/\/www.sportshine.eu\/wp-content\/uploads\/2025\/07\/Magicshine-EVO-1100-1-600x450.webp 600w\" sizes=\"(max-width: 800px) 100vw, 800px\" \/><\/p>\n<h3 style=\"text-align: center;\">STRAHLEINSTELLUNGEN \u00dcBER DIE APP<\/h3>\n<p style=\"text-align: center;\">Verbinden Sie das Licht mit der Magicshine-App, f\u00fcgen Sie neue Modi hinzu oder passen Sie die Helligkeit an, um die perfekte Beleuchtung f\u00fcr Ihre Bed\u00fcrfnisse zu finden.<\/p>\n<p><img decoding=\"async\" class=\"aligncenter wp-image-7491\" src=\"https:\/\/www.sportshine.eu\/wp-content\/uploads\/2025\/07\/Magicshine-EVO-1100-2.webp\" alt=\"Magicshine EVO 1100 \" width=\"800\" height=\"600\" \/><\/p>\n<h3 style=\"text-align: center;\">KABELLOSE FERNBEDIENUNG<\/h3>\n<p style=\"text-align: center;\">Sofortiger Zugriff auf Ein\/Aus und Moduswechsel, ohne den Lenker loslassen zu m\u00fcssen.<\/p>\n<p><img decoding=\"async\" class=\"aligncenter wp-image-7492\" src=\"https:\/\/www.sportshine.eu\/wp-content\/uploads\/2025\/07\/Magicshine-EVO-1100-3.webp\" alt=\"Magicshine EVO 1100 \" width=\"800\" height=\"600\" \/><\/p>\n<h3 style=\"text-align: center;\">MAGICSHINE EVO 1100 FAHRRADLICHT UNTER DER HALTERUNG<\/h3>\n<p style=\"text-align: center;\">Montieren Sie die Leuchte an der mitgelieferten Halterung unter dem Lenker und schaffen Sie Platz f\u00fcr einen Tachometer. Das Fahrradlicht wird unter der Halterung montiert, um eine optimale Lichtrichtung zu gew\u00e4hrleisten.<\/p>\n<p><img decoding=\"async\" class=\"aligncenter wp-image-7493\" src=\"https:\/\/www.sportshine.eu\/wp-content\/uploads\/2025\/07\/Magicshine-EVO-1100-4.webp\" alt=\"Magicshine EVO 1100 \" width=\"800\" height=\"600\" srcset=\"https:\/\/www.sportshine.eu\/wp-content\/uploads\/2025\/07\/Magicshine-EVO-1100-4-768x576.webp 768w, https:\/\/www.sportshine.eu\/wp-content\/uploads\/2025\/07\/Magicshine-EVO-1100-4-600x450.webp 600w\" sizes=\"(max-width: 800px) 100vw, 800px\" \/><\/p>\n<h3 style=\"text-align: center;\">LEISTUNGSSTARKER AKKU MIT USB-C-ANSCHLUSS<\/h3>\n<p style=\"text-align: center;\">Die EVO 1700 Stirnlampe verf\u00fcgt \u00fcber einen langlebigen 4000 mAh Akku, der zuverl\u00e4ssige 11 Stunden Betriebszeit erm\u00f6glicht. Der Akku l\u00e4sst sich bequem \u00fcber den USB-C-Anschluss aufladen.<\/p>\n<p><img decoding=\"async\" class=\"aligncenter wp-image-7494\" src=\"https:\/\/www.sportshine.eu\/wp-content\/uploads\/2025\/07\/Magicshine-EVO-1100-5.webp\" alt=\"Magicshine EVO 1100 \" width=\"800\" height=\"600\" srcset=\"https:\/\/www.sportshine.eu\/wp-content\/uploads\/2025\/07\/Magicshine-EVO-1100-5-768x576.webp 768w, https:\/\/www.sportshine.eu\/wp-content\/uploads\/2025\/07\/Magicshine-EVO-1100-5-600x450.webp 600w\" sizes=\"(max-width: 800px) 100vw, 800px\" \/><\/p>\n<h3 style=\"text-align: center;\">WASSERDICHT NACH IPX6-STANDARD<\/h3>\n<p style=\"text-align: center;\">Dank der Wasserdichtigkeitsklasse IPX7 h\u00e4lt die Leuchte auch harten Bedingungen stand und beleuchtet den Weg sogar bei starkem Regen.<\/p>\n<p><img decoding=\"async\" class=\"aligncenter wp-image-7495\" src=\"https:\/\/www.sportshine.eu\/wp-content\/uploads\/2025\/07\/Magicshine-EVO-1100-6.webp\" alt=\"\" width=\"800\" height=\"600\" srcset=\"https:\/\/www.sportshine.eu\/wp-content\/uploads\/2025\/07\/Magicshine-EVO-1100-6-768x576.webp 768w, https:\/\/www.sportshine.eu\/wp-content\/uploads\/2025\/07\/Magicshine-EVO-1100-6-600x450.webp 600w\" sizes=\"(max-width: 800px) 100vw, 800px\" \/><\/p>\n<h3 style=\"text-align: center;\">WAS IST IM PAKET ENTHALTEN?<\/h3>\n<p style=\"text-align: center;\">EVO 1100 x1<br \/>\nVordere Lenkerhalterung x1<br \/>\nFernbedienung MJ-6558 (inkl. Gurt) x1<br \/>\nWahoo-Halterung x1<br \/>\nNylon-Abstandshalter (28 mm \/ 32 mm \/ 35 mm) x3<br \/>\nSchraube x2<br \/>\nInbusschl\u00fcssel 2 mm \/ 3 mm x2<br \/>\nUSB-C-Ladekabel x1<br \/>\nBenutzerhandbuch x1<\/p>\n<p><img decoding=\"async\" class=\"aligncenter wp-image-7496\" src=\"https:\/\/www.sportshine.eu\/wp-content\/uploads\/2025\/07\/Magicshine-EVO-1100-7.webp\" alt=\"Magicshine EVO 1100 \" width=\"800\" height=\"600\" \/><\/p>\n<p>&nbsp;<\/p>","protected":false},"excerpt":{"rendered":"<p>Die Magicshine EVO 1100 ist der neuste Zuwachs der Magicshine EVO-Serie und mit ihren 1100 Lumen im kompakten Design der ideale Begleiter f\u00fcr Stadt- und Rennradfahrer. Das Fahrradlicht mit seiner pr\u00e4zise geformten Lichtlinie verhindert Blendung durch entgegenkommende Fahrzeuge, w\u00e4hrend die kabellose Fernbedienung eine einfache Bedienung erm\u00f6glicht. Sie ist aus robustem Aluminium gefertigt, wasserdicht nach IPX6-Standard und \u00fcber die Magicshine-App anpassbar. Der Akku wird \u00fcber den USB-C-Anschluss geladen, und die Memory-Funktion speichert die letzten Einstellungen.<\/p>","protected":false},"featured_media":5791,"comment_status":"open","ping_status":"closed","template":"","meta":[],"product_brand":[131],"product_cat":[82,150],"product_tag":[],"class_list":{"0":"post-6427","1":"product","2":"type-product","3":"status-publish","4":"has-post-thumbnail","6":"product_brand-magicshine","7":"product_cat-kolesarske-luci","8":"product_cat-sprednje-kolesarske-luci","10":"first","11":"instock","12":"sale","13":"taxable","14":"shipping-taxable","15":"purchasable","16":"product-type-simple"},"yoast_head":"<!-- This site is optimized with the Yoast SEO plugin v27.4 - https:\/\/yoast.com\/product\/yoast-seo-wordpress\/ -->\n<title>Magicshine EVO 1100 kolesarska lu\u010d<\/title>\n<meta name=\"description\" content=\"Z mo\u010djo 1100 lumnov v kompaktnem ohi\u0161ju je EVO 1100 odli\u010dna izbira za vse kolesarje, ki potrebujete majhno, a zmogljivo kolesarsko lu\u010d.\" \/>\n<meta name=\"robots\" content=\"index, follow, max-snippet:-1, max-image-preview:large, max-video-preview:-1\" \/>\n<link rel=\"canonical\" href=\"https:\/\/www.sportshine.eu\/de\/geschaft\/magicshine-evo-1100-fahrradlicht\/\" \/>\n<meta property=\"og:locale\" content=\"de_DE\" \/>\n<meta property=\"og:type\" content=\"article\" \/>\n<meta property=\"og:title\" content=\"Magicshine EVO 1100 kolesarska lu\u010d\" \/>\n<meta property=\"og:description\" content=\"Z mo\u010djo 1100 lumnov v kompaktnem ohi\u0161ju je EVO 1100 odli\u010dna izbira za vse kolesarje, ki potrebujete majhno, a zmogljivo kolesarsko lu\u010d.\" \/>\n<meta property=\"og:url\" content=\"https:\/\/www.sportshine.eu\/de\/geschaft\/magicshine-evo-1100-fahrradlicht\/\" \/>\n<meta property=\"og:site_name\" content=\"Sportshine\" \/>\n<meta property=\"article:publisher\" content=\"https:\/\/www.facebook.com\/sportshine.eu\/\" \/>\n<meta property=\"article:modified_time\" content=\"2025-11-21T21:24:24+00:00\" \/>\n<meta property=\"og:image\" content=\"https:\/\/www.sportshine.eu\/wp-content\/uploads\/2025\/07\/Magicshine-EVO-1100-kolesarska-luc.webp\" \/>\n\t<meta property=\"og:image:width\" content=\"800\" \/>\n\t<meta property=\"og:image:height\" content=\"800\" \/>\n\t<meta property=\"og:image:type\" content=\"image\/webp\" \/>\n<meta name=\"twitter:card\" content=\"summary_large_image\" \/>\n<meta name=\"twitter:label1\" content=\"Gesch\u00e4tzte Lesezeit\" \/>\n\t<meta name=\"twitter:data1\" content=\"3 Minuten\" \/>\n<script type=\"application\/ld+json\" class=\"yoast-schema-graph\">{\"@context\":\"https:\\\/\\\/schema.org\",\"@graph\":[{\"@type\":\"WebPage\",\"@id\":\"https:\\\/\\\/www.sportshine.eu\\\/trgovina\\\/magicshine-evo-1100-kolesarska-luc\\\/\",\"url\":\"https:\\\/\\\/www.sportshine.eu\\\/trgovina\\\/magicshine-evo-1100-kolesarska-luc\\\/\",\"name\":\"Magicshine EVO 1100 kolesarska lu\u010d\",\"isPartOf\":{\"@id\":\"https:\\\/\\\/www.sportshine.eu\\\/#website\"},\"primaryImageOfPage\":{\"@id\":\"https:\\\/\\\/www.sportshine.eu\\\/trgovina\\\/magicshine-evo-1100-kolesarska-luc\\\/#primaryimage\"},\"image\":{\"@id\":\"https:\\\/\\\/www.sportshine.eu\\\/trgovina\\\/magicshine-evo-1100-kolesarska-luc\\\/#primaryimage\"},\"thumbnailUrl\":\"https:\\\/\\\/www.sportshine.eu\\\/wp-content\\\/uploads\\\/2025\\\/07\\\/Magicshine-EVO-1100-kolesarska-luc.webp\",\"datePublished\":\"2025-07-05T19:40:22+00:00\",\"dateModified\":\"2025-11-21T21:24:24+00:00\",\"description\":\"Z mo\u010djo 1100 lumnov v kompaktnem ohi\u0161ju je EVO 1100 odli\u010dna izbira za vse kolesarje, ki potrebujete majhno, a zmogljivo kolesarsko lu\u010d.\",\"breadcrumb\":{\"@id\":\"https:\\\/\\\/www.sportshine.eu\\\/trgovina\\\/magicshine-evo-1100-kolesarska-luc\\\/#breadcrumb\"},\"inLanguage\":\"de-AT\",\"potentialAction\":[{\"@type\":\"ReadAction\",\"target\":[\"https:\\\/\\\/www.sportshine.eu\\\/trgovina\\\/magicshine-evo-1100-kolesarska-luc\\\/\"]}]},{\"@type\":\"ImageObject\",\"inLanguage\":\"de-AT\",\"@id\":\"https:\\\/\\\/www.sportshine.eu\\\/trgovina\\\/magicshine-evo-1100-kolesarska-luc\\\/#primaryimage\",\"url\":\"https:\\\/\\\/www.sportshine.eu\\\/wp-content\\\/uploads\\\/2025\\\/07\\\/Magicshine-EVO-1100-kolesarska-luc.webp\",\"contentUrl\":\"https:\\\/\\\/www.sportshine.eu\\\/wp-content\\\/uploads\\\/2025\\\/07\\\/Magicshine-EVO-1100-kolesarska-luc.webp\",\"width\":800,\"height\":800},{\"@type\":\"BreadcrumbList\",\"@id\":\"https:\\\/\\\/www.sportshine.eu\\\/trgovina\\\/magicshine-evo-1100-kolesarska-luc\\\/#breadcrumb\",\"itemListElement\":[{\"@type\":\"ListItem\",\"position\":1,\"name\":\"Home\",\"item\":\"https:\\\/\\\/www.sportshine.eu\\\/\"},{\"@type\":\"ListItem\",\"position\":2,\"name\":\"Trgovina\",\"item\":\"https:\\\/\\\/www.sportshine.eu\\\/trgovina\\\/\"},{\"@type\":\"ListItem\",\"position\":3,\"name\":\"Magicshine EVO 1100 kolesarska lu\u010d\"}]},{\"@type\":\"WebSite\",\"@id\":\"https:\\\/\\\/www.sportshine.eu\\\/#website\",\"url\":\"https:\\\/\\\/www.sportshine.eu\\\/\",\"name\":\"Sportshine\",\"description\":\"Top spletna trgovina kolesarskih in naglavnih svetilk ter opreme\",\"publisher\":{\"@id\":\"https:\\\/\\\/www.sportshine.eu\\\/#organization\"},\"potentialAction\":[{\"@type\":\"SearchAction\",\"target\":{\"@type\":\"EntryPoint\",\"urlTemplate\":\"https:\\\/\\\/www.sportshine.eu\\\/?s={search_term_string}\"},\"query-input\":{\"@type\":\"PropertyValueSpecification\",\"valueRequired\":true,\"valueName\":\"search_term_string\"}}],\"inLanguage\":\"de-AT\"},{\"@type\":\"Organization\",\"@id\":\"https:\\\/\\\/www.sportshine.eu\\\/#organization\",\"name\":\"Sportshine\",\"url\":\"https:\\\/\\\/www.sportshine.eu\\\/\",\"logo\":{\"@type\":\"ImageObject\",\"inLanguage\":\"de-AT\",\"@id\":\"https:\\\/\\\/www.sportshine.eu\\\/#\\\/schema\\\/logo\\\/image\\\/\",\"url\":\"https:\\\/\\\/www.sportshine.eu\\\/wp-content\\\/uploads\\\/2026\\\/01\\\/cropped-Sportshine.webp\",\"contentUrl\":\"https:\\\/\\\/www.sportshine.eu\\\/wp-content\\\/uploads\\\/2026\\\/01\\\/cropped-Sportshine.webp\",\"width\":295,\"height\":128,\"caption\":\"Sportshine\"},\"image\":{\"@id\":\"https:\\\/\\\/www.sportshine.eu\\\/#\\\/schema\\\/logo\\\/image\\\/\"},\"sameAs\":[\"https:\\\/\\\/www.facebook.com\\\/sportshine.eu\\\/\"]}]}<\/script>\n<!-- \/ Yoast SEO plugin. -->","yoast_head_json":{"title":"Magicshine EVO 1100 Fahrradlicht","description":"Mit 1100 Lumen in einem kompakten Paket ist das EVO 1100 eine gro\u00dfartige Wahl f\u00fcr alle Radfahrer, die ein kleines, aber leistungsstarkes Fahrradlicht ben\u00f6tigen.","robots":{"index":"index","follow":"follow","max-snippet":"max-snippet:-1","max-image-preview":"max-image-preview:large","max-video-preview":"max-video-preview:-1"},"canonical":"https:\/\/www.sportshine.eu\/de\/geschaft\/magicshine-evo-1100-fahrradlicht\/","og_locale":"de_DE","og_type":"article","og_title":"Magicshine EVO 1100 kolesarska lu\u010d","og_description":"Z mo\u010djo 1100 lumnov v kompaktnem ohi\u0161ju je EVO 1100 odli\u010dna izbira za vse kolesarje, ki potrebujete majhno, a zmogljivo kolesarsko lu\u010d.","og_url":"https:\/\/www.sportshine.eu\/de\/geschaft\/magicshine-evo-1100-fahrradlicht\/","og_site_name":"Sportshine","article_publisher":"https:\/\/www.facebook.com\/sportshine.eu\/","article_modified_time":"2025-11-21T21:24:24+00:00","og_image":[{"width":800,"height":800,"url":"https:\/\/www.sportshine.eu\/wp-content\/uploads\/2025\/07\/Magicshine-EVO-1100-kolesarska-luc.webp","type":"image\/webp"}],"twitter_card":"summary_large_image","twitter_misc":{"Gesch\u00e4tzte Lesezeit":"3 Minuten"},"schema":{"@context":"https:\/\/schema.org","@graph":[{"@type":"WebPage","@id":"https:\/\/www.sportshine.eu\/trgovina\/magicshine-evo-1100-kolesarska-luc\/","url":"https:\/\/www.sportshine.eu\/trgovina\/magicshine-evo-1100-kolesarska-luc\/","name":"Magicshine EVO 1100 Fahrradlicht","isPartOf":{"@id":"https:\/\/www.sportshine.eu\/#website"},"primaryImageOfPage":{"@id":"https:\/\/www.sportshine.eu\/trgovina\/magicshine-evo-1100-kolesarska-luc\/#primaryimage"},"image":{"@id":"https:\/\/www.sportshine.eu\/trgovina\/magicshine-evo-1100-kolesarska-luc\/#primaryimage"},"thumbnailUrl":"https:\/\/www.sportshine.eu\/wp-content\/uploads\/2025\/07\/Magicshine-EVO-1100-kolesarska-luc.webp","datePublished":"2025-07-05T19:40:22+00:00","dateModified":"2025-11-21T21:24:24+00:00","description":"Mit 1100 Lumen in einem kompakten Paket ist das EVO 1100 eine gro\u00dfartige Wahl f\u00fcr alle Radfahrer, die ein kleines, aber leistungsstarkes Fahrradlicht ben\u00f6tigen.","breadcrumb":{"@id":"https:\/\/www.sportshine.eu\/trgovina\/magicshine-evo-1100-kolesarska-luc\/#breadcrumb"},"inLanguage":"de-AT","potentialAction":[{"@type":"ReadAction","target":["https:\/\/www.sportshine.eu\/trgovina\/magicshine-evo-1100-kolesarska-luc\/"]}]},{"@type":"ImageObject","inLanguage":"de-AT","@id":"https:\/\/www.sportshine.eu\/trgovina\/magicshine-evo-1100-kolesarska-luc\/#primaryimage","url":"https:\/\/www.sportshine.eu\/wp-content\/uploads\/2025\/07\/Magicshine-EVO-1100-kolesarska-luc.webp","contentUrl":"https:\/\/www.sportshine.eu\/wp-content\/uploads\/2025\/07\/Magicshine-EVO-1100-kolesarska-luc.webp","width":800,"height":800},{"@type":"BreadcrumbList","@id":"https:\/\/www.sportshine.eu\/trgovina\/magicshine-evo-1100-kolesarska-luc\/#breadcrumb","itemListElement":[{"@type":"ListItem","position":1,"name":"Home","item":"https:\/\/www.sportshine.eu\/"},{"@type":"ListItem","position":2,"name":"Trgovina","item":"https:\/\/www.sportshine.eu\/trgovina\/"},{"@type":"ListItem","position":3,"name":"Magicshine EVO 1100 kolesarska lu\u010d"}]},{"@type":"WebSite","@id":"https:\/\/www.sportshine.eu\/#website","url":"https:\/\/www.sportshine.eu\/","name":"Sportshine","description":"Top Online-Shop f\u00fcr Fahrrad- und Stirnlampen sowie Zubeh\u00f6r","publisher":{"@id":"https:\/\/www.sportshine.eu\/#organization"},"potentialAction":[{"@type":"SearchAction","target":{"@type":"EntryPoint","urlTemplate":"https:\/\/www.sportshine.eu\/?s={search_term_string}"},"query-input":{"@type":"PropertyValueSpecification","valueRequired":true,"valueName":"search_term_string"}}],"inLanguage":"de-AT"},{"@type":"Organization","@id":"https:\/\/www.sportshine.eu\/#organization","name":"Sportshine","url":"https:\/\/www.sportshine.eu\/","logo":{"@type":"ImageObject","inLanguage":"de-AT","@id":"https:\/\/www.sportshine.eu\/#\/schema\/logo\/image\/","url":"https:\/\/www.sportshine.eu\/wp-content\/uploads\/2026\/01\/cropped-Sportshine.webp","contentUrl":"https:\/\/www.sportshine.eu\/wp-content\/uploads\/2026\/01\/cropped-Sportshine.webp","width":295,"height":128,"caption":"Sportshine"},"image":{"@id":"https:\/\/www.sportshine.eu\/#\/schema\/logo\/image\/"},"sameAs":["https:\/\/www.facebook.com\/sportshine.eu\/"]}]}},"_links":{"self":[{"href":"https:\/\/www.sportshine.eu\/de\/wp-json\/wp\/v2\/product\/6427","targetHints":{"allow":["GET"]}}],"collection":[{"href":"https:\/\/www.sportshine.eu\/de\/wp-json\/wp\/v2\/product"}],"about":[{"href":"https:\/\/www.sportshine.eu\/de\/wp-json\/wp\/v2\/types\/product"}],"replies":[{"embeddable":true,"href":"https:\/\/www.sportshine.eu\/de\/wp-json\/wp\/v2\/comments?post=6427"}],"version-history":[{"count":0,"href":"https:\/\/www.sportshine.eu\/de\/wp-json\/wp\/v2\/product\/6427\/revisions"}],"wp:featuredmedia":[{"embeddable":true,"href":"https:\/\/www.sportshine.eu\/de\/wp-json\/wp\/v2\/media\/5791"}],"wp:attachment":[{"href":"https:\/\/www.sportshine.eu\/de\/wp-json\/wp\/v2\/media?parent=6427"}],"wp:term":[{"taxonomy":"product_brand","embeddable":true,"href":"https:\/\/www.sportshine.eu\/de\/wp-json\/wp\/v2\/product_brand?post=6427"},{"taxonomy":"product_cat","embeddable":true,"href":"https:\/\/www.sportshine.eu\/de\/wp-json\/wp\/v2\/product_cat?post=6427"},{"taxonomy":"product_tag","embeddable":true,"href":"https:\/\/www.sportshine.eu\/de\/wp-json\/wp\/v2\/product_tag?post=6427"}],"curies":[{"name":"wp","href":"https:\/\/api.w.org\/{rel}","templated":true}]}}