{"id":6426,"date":"2025-07-05T19:40:21","date_gmt":"2025-07-05T19:40:21","guid":{"rendered":"https:\/\/www.sportshine.eu\/?post_type=product&#038;p=6426"},"modified":"2026-03-11T14:36:10","modified_gmt":"2026-03-11T14:36:10","slug":"magisches-fahrradlichtpaket","status":"publish","type":"product","link":"https:\/\/www.sportshine.eu\/de\/geschaft\/magisches-fahrradlichtpaket\/","title":{"rendered":"Fahrradlichtpaket \u2013 MAGIC"},"content":{"rendered":"<p>&nbsp;<\/p>\n<h3><img decoding=\"async\" class=\"aligncenter wp-image-7500\" src=\"https:\/\/www.sportshine.eu\/wp-content\/uploads\/2025\/07\/magicshine_bike_light_ray_2600_171-1024x439-1.webp\" alt=\"\" width=\"1024\" height=\"439\" srcset=\"https:\/\/www.sportshine.eu\/wp-content\/uploads\/2025\/07\/magicshine_bike_light_ray_2600_171-1024x439-1.webp 1024w, https:\/\/www.sportshine.eu\/wp-content\/uploads\/2025\/07\/magicshine_bike_light_ray_2600_171-1024x439-1-768x329.webp 768w, https:\/\/www.sportshine.eu\/wp-content\/uploads\/2025\/07\/magicshine_bike_light_ray_2600_171-1024x439-1-600x257.webp 600w\" sizes=\"(max-width: 1024px) 100vw, 1024px\" \/><\/h3>\n<h3 style=\"text-align: center;\">VIDEOPR\u00c4SENTATION VON MAGICSHINE RAY 2600B<\/h3>\n<p><iframe loading=\"lazy\" title=\"MAGICSHINE RAY 1600B &amp; RAY 2600B Fahrrad-Frontlicht (Version mit kabelloser Fernbedienung)\" width=\"500\" height=\"281\" src=\"https:\/\/www.youtube.com\/embed\/PZxC-ykV2Lw?feature=oembed\" frameborder=\"0\" allow=\"accelerometer; autoplay; clipboard-write; encrypted-media; gyroscope; picture-in-picture; web-share\" referrerpolicy=\"strict-origin-when-cross-origin\" allowfullscreen><\/iframe><\/p>\n<h3 style=\"text-align: center;\">ERLEUCHTE DEINEN WEG<\/h3>\n<p style=\"text-align: center;\">Mit zwei LED-Scheinwerfern und bis zu 2600 Lumen Lichtleistung bringt Sie der RAY 2600B sicher durch jede Situation.<\/p>\n<p><img decoding=\"async\" class=\"aligncenter wp-image-7502 size-full\" src=\"https:\/\/www.sportshine.eu\/wp-content\/uploads\/2025\/07\/2600B2-2.webp\" alt=\"\" width=\"800\" height=\"800\" srcset=\"https:\/\/www.sportshine.eu\/wp-content\/uploads\/2025\/07\/2600B2-2.webp 800w, https:\/\/www.sportshine.eu\/wp-content\/uploads\/2025\/07\/2600B2-2-768x768.webp 768w, https:\/\/www.sportshine.eu\/wp-content\/uploads\/2025\/07\/2600B2-2-600x600.webp 600w\" sizes=\"(max-width: 800px) 100vw, 800px\" \/><\/p>\n<h3 style=\"text-align: center;\">KOMBINIERTER BETRIEB VON SPOTLIGHT UND HYBRIDMODUS<\/h3>\n<p style=\"text-align: center;\">Der Scheinwerfer mit kurzer Reichweite und der Hybrid mit gro\u00dfer Reichweite bieten eine hervorragende Streckenabdeckung. Mehr als genug, um Stadtstra\u00dfen und anspruchsvolles Gel\u00e4nde zu bew\u00e4ltigen.<\/p>\n<p><img decoding=\"async\" class=\"aligncenter wp-image-7503\" src=\"https:\/\/www.sportshine.eu\/wp-content\/uploads\/2025\/07\/RAY_2600B_1-1.webp\" alt=\"\" width=\"800\" height=\"600\" \/><\/p>\n<h3 style=\"text-align: center;\">INSTALLIEREN SIE DIE APP<\/h3>\n<p style=\"text-align: center;\">Verbinden Sie das Fahrradlicht RAY 2600B mit der Magicshine-App, f\u00fcgen Sie neue Modi hinzu oder passen Sie die Helligkeit nach Ihren W\u00fcnschen an.<\/p>\n<p><img decoding=\"async\" class=\"aligncenter wp-image-7504 size-full\" src=\"https:\/\/www.sportshine.eu\/wp-content\/uploads\/2025\/07\/RAY_2600B_3-2.webp\" alt=\"\" width=\"800\" height=\"800\" srcset=\"https:\/\/www.sportshine.eu\/wp-content\/uploads\/2025\/07\/RAY_2600B_3-2.webp 800w, https:\/\/www.sportshine.eu\/wp-content\/uploads\/2025\/07\/RAY_2600B_3-2-768x768.webp 768w, https:\/\/www.sportshine.eu\/wp-content\/uploads\/2025\/07\/RAY_2600B_3-2-600x600.webp 600w\" sizes=\"(max-width: 800px) 100vw, 800px\" \/><\/p>\n<h3 style=\"text-align: center;\">EINGEBAUTER SMART-SENSOR<\/h3>\n<p style=\"text-align: center;\">Dank eines integrierten intelligenten Sensors wird das Licht beim Einfahren in einen Tunnel automatisch heller oder wechselt w\u00e4hrend eines Stopps in den Ruhemodus, um Energie zu sparen.<\/p>\n<p><img decoding=\"async\" class=\"aligncenter wp-image-7505\" src=\"https:\/\/www.sportshine.eu\/wp-content\/uploads\/2025\/07\/RAY_2600B_3-1-2.webp\" alt=\"\" width=\"800\" height=\"600\" \/><\/p>\n<h3 style=\"text-align: center;\">KABELLOSE FERNBEDIENUNG<\/h3>\n<p style=\"text-align: center;\">Passen Sie die Helligkeitsmodi mit der kabellosen Fernbedienung an oder wechseln Sie per Knopfdruck sofort in den Vollleistungsmodus. So bleiben Ihre H\u00e4nde dort, wo sie hingeh\u00f6ren \u2013 am Lenker!<\/p>\n<p><img decoding=\"async\" class=\"aligncenter wp-image-7506 size-full\" src=\"https:\/\/www.sportshine.eu\/wp-content\/uploads\/2025\/07\/Ray-luc-2.webp\" alt=\"\" width=\"800\" height=\"800\" srcset=\"https:\/\/www.sportshine.eu\/wp-content\/uploads\/2025\/07\/Ray-luc-2.webp 800w, https:\/\/www.sportshine.eu\/wp-content\/uploads\/2025\/07\/Ray-luc-2-768x768.webp 768w, https:\/\/www.sportshine.eu\/wp-content\/uploads\/2025\/07\/Ray-luc-2-600x600.webp 600w\" sizes=\"(max-width: 800px) 100vw, 800px\" \/><\/p>\n<h3 style=\"text-align: center;\">LANGLEBIGER AKKU MIT USB-C-LADUNG<\/h3>\n<p style=\"text-align: center;\">Mit seinem integrierten 6700 mAh Akku \u00fcberzeugt der RAY 2600B mit einer Akkulaufzeit von beeindruckenden 14,5 Stunden. \u00dcber den USB-C-Ladeanschluss k\u00f6nnen Sie den Akku unterwegs wieder aufladen oder externe Ger\u00e4te wie Fahrradcomputer oder Smartphones aufladen.<\/p>\n<p><img decoding=\"async\" class=\"aligncenter wp-image-7507\" src=\"https:\/\/www.sportshine.eu\/wp-content\/uploads\/2025\/07\/RAY_2600B_5-1.webp\" alt=\"\" width=\"800\" height=\"600\" \/><\/p>\n<h3 style=\"text-align: center;\">EINE GUTE WAHL F\u00dcR DIE MONTAGE EINER HELMLEUCHTE<\/h3>\n<p style=\"text-align: center;\">Der RAY 2600B kann auch als Helmlicht verwendet werden und macht Ihre Nachtfahrten sicherer.<\/p>\n<p><img decoding=\"async\" class=\"aligncenter wp-image-7508 size-full\" src=\"https:\/\/www.sportshine.eu\/wp-content\/uploads\/2025\/07\/led-svetilka-2.webp\" alt=\"\" width=\"800\" height=\"800\" srcset=\"https:\/\/www.sportshine.eu\/wp-content\/uploads\/2025\/07\/led-svetilka-2.webp 800w, https:\/\/www.sportshine.eu\/wp-content\/uploads\/2025\/07\/led-svetilka-2-768x768.webp 768w, https:\/\/www.sportshine.eu\/wp-content\/uploads\/2025\/07\/led-svetilka-2-600x600.webp 600w\" sizes=\"(max-width: 800px) 100vw, 800px\" \/><\/p>\n<h3 style=\"text-align: center;\">WASSERDICHTIGKEIT IPX6<\/h3>\n<p style=\"text-align: center;\">Das Aluminiumgeh\u00e4use leitet die W\u00e4rme effektiv ab, widersteht Witterungseinfl\u00fcssen und sch\u00fctzt die Leuchte auch bei starkem Regen oder N\u00e4sse.<\/p>\n<p><img decoding=\"async\" class=\"aligncenter wp-image-7512 size-full\" src=\"https:\/\/www.sportshine.eu\/wp-content\/uploads\/2025\/07\/Ray2600-Seemee-3000.webp\" alt=\"\" width=\"800\" height=\"800\" srcset=\"https:\/\/www.sportshine.eu\/wp-content\/uploads\/2025\/07\/Ray2600-Seemee-3000.webp 800w, https:\/\/www.sportshine.eu\/wp-content\/uploads\/2025\/07\/Ray2600-Seemee-3000-768x768.webp 768w, https:\/\/www.sportshine.eu\/wp-content\/uploads\/2025\/07\/Ray2600-Seemee-3000-600x600.webp 600w\" sizes=\"(max-width: 800px) 100vw, 800px\" \/><\/p>\n<h3 style=\"text-align: center;\">HELLIGKEITSREGLERTASTE ZUM AUF- UND ABNEHMEN MIT GUT LESBAREN ANZEIGEN<\/h3>\n<p style=\"text-align: center;\">Passen Sie die Helligkeit mit dem Helligkeitsregler direkt an der Lampe an. Pr\u00e4zise Anzeigen an Leuchteinheit und Fernbedienung zeigen Ihnen die verbleibende Akkukapazit\u00e4t an. Dank der Modus-Memory-Funktion k\u00f6nnen Sie schnell in Ihr n\u00e4chstes Raderlebnis eintauchen.<\/p>\n<p><img decoding=\"async\" class=\"aligncenter wp-image-7513\" src=\"https:\/\/www.sportshine.eu\/wp-content\/uploads\/2025\/07\/kolesarska-luc-Magicshine-1.webp\" alt=\"\" width=\"800\" height=\"600\" \/><\/p>\n<h3 style=\"text-align: center;\">SIE ERHALTEN IM PAKET<\/h3>\n<p style=\"text-align: center;\">RAY 2600B Fahrradlicht *1<br \/>\nGoPro-Adapter *1<br \/>\nFernbedienung MJ-6508 (inkl. Gurt) *1<br \/>\nKompatible B\u00e4nder *4<br \/>\n3 mm Sechskantschl\u00fcssel *1<br \/>\nUSB-C-Kabel *1<\/p>\n<p><img decoding=\"async\" class=\"aligncenter wp-image-7514\" src=\"https:\/\/www.sportshine.eu\/wp-content\/uploads\/2025\/07\/RAY_2600B_pl-1.webp\" alt=\"\" width=\"800\" height=\"600\" \/><\/p>\n<p>&nbsp;<\/p>\n<h3 style=\"text-align: center;\">VIDEOPR\u00c4SENTATION VON MAGICSHINE SEEMEE 300<\/h3>\n<p><iframe loading=\"lazy\" title=\"MAGICSHINE SEEMEE 300 Allround-Sicherheitsr\u00fccklicht\" width=\"500\" height=\"281\" src=\"https:\/\/www.youtube.com\/embed\/TJaVbScopi8?feature=oembed\" frameborder=\"0\" allow=\"accelerometer; autoplay; clipboard-write; encrypted-media; gyroscope; picture-in-picture; web-share\" referrerpolicy=\"strict-origin-when-cross-origin\" allowfullscreen><\/iframe><\/p>\n<h3 style=\"text-align: center;\">UNGLAUBLICHE HELLIGKEIT<\/h3>\n<p style=\"text-align: center;\">Das Fahrradlicht verwendet zwei LEDs mit einer kombinierten maximalen Helligkeit von 300 Lumen und unterschiedlichen Linsenwinkeln f\u00fcr eine bessere Sichtbarkeit. (Maximale Sichtweite 3000 Meter)<\/p>\n<p><img decoding=\"async\" class=\"aligncenter wp-image-7515\" src=\"https:\/\/www.sportshine.eu\/wp-content\/uploads\/2025\/07\/Magicshine-SEEMEE-300.webp\" alt=\"\" width=\"800\" height=\"600\" \/><\/p>\n<h3 style=\"text-align: center;\">360\u00b0 OPTISCHES REISELICHT<\/h3>\n<p style=\"text-align: center;\">Es projiziert ein 360\u00b0 rotes Warnlicht, um Rundumsicht zu gew\u00e4hrleisten und f\u00fcr mehr Sicherheit im Stra\u00dfenverkehr zu sorgen.<\/p>\n<p><img decoding=\"async\" class=\"aligncenter wp-image-7516 size-full\" src=\"https:\/\/www.sportshine.eu\/wp-content\/uploads\/2025\/07\/kolesarska-luc-3-1-2.webp\" alt=\"\" width=\"800\" height=\"800\" srcset=\"https:\/\/www.sportshine.eu\/wp-content\/uploads\/2025\/07\/kolesarska-luc-3-1-2.webp 800w, https:\/\/www.sportshine.eu\/wp-content\/uploads\/2025\/07\/kolesarska-luc-3-1-2-768x768.webp 768w, https:\/\/www.sportshine.eu\/wp-content\/uploads\/2025\/07\/kolesarska-luc-3-1-2-600x600.webp 600w\" sizes=\"(max-width: 800px) 100vw, 800px\" \/><\/p>\n<h3 style=\"text-align: center;\">SICHTBARER LICHTWINKEL 260\u00b0<\/h3>\n<p style=\"text-align: center;\">Bringen Sie Ihre Sicherheit auf die n\u00e4chste Stufe mit au\u00dfergew\u00f6hnlicher 260\u00b0-Sicht, die es anderen Verkehrsteilnehmern erm\u00f6glicht, Sie von der Seite zu sehen.<\/p>\n<p><img decoding=\"async\" class=\"aligncenter wp-image-7517 size-full\" src=\"https:\/\/www.sportshine.eu\/wp-content\/uploads\/2025\/07\/Magicshine-SEEMEE-300-1.webp\" alt=\"\" width=\"800\" height=\"800\" srcset=\"https:\/\/www.sportshine.eu\/wp-content\/uploads\/2025\/07\/Magicshine-SEEMEE-300-1.webp 800w, https:\/\/www.sportshine.eu\/wp-content\/uploads\/2025\/07\/Magicshine-SEEMEE-300-1-768x768.webp 768w, https:\/\/www.sportshine.eu\/wp-content\/uploads\/2025\/07\/Magicshine-SEEMEE-300-1-600x600.webp 600w\" sizes=\"(max-width: 800px) 100vw, 800px\" \/><\/p>\n<h3 style=\"text-align: center;\">INTELLIGENTER BREMSSENSOR<\/h3>\n<p style=\"text-align: center;\">Es erkennt Ihre Bewegung zuverl\u00e4ssig und wird heller, sobald Sie bremsen.<\/p>\n<p><img decoding=\"async\" class=\"aligncenter wp-image-7518\" src=\"https:\/\/www.sportshine.eu\/wp-content\/uploads\/2025\/07\/Magicshine-SEEMEE-300-2.webp\" alt=\"Magicshine SEEMEE 300\" width=\"800\" height=\"600\" \/><\/p>\n<h3 style=\"text-align: center;\">Passt die Helligkeit automatisch an<\/h3>\n<p style=\"text-align: center;\">Seien Sie Tag und Nacht sichtbar. Der Lichtsensor erkennt die Umgebungsbedingungen in Echtzeit und passt die Helligkeit automatisch an. *Das OptiTracing-Licht wird durch einen Lichtsensor gesteuert und schaltet sich tags\u00fcber aus.<\/p>\n<p><img decoding=\"async\" class=\"aligncenter wp-image-7519\" src=\"https:\/\/www.sportshine.eu\/wp-content\/uploads\/2025\/07\/Magicshine-SEEMEE-300-3.webp\" alt=\"Magicshine SEEMEE 300\" width=\"800\" height=\"600\" \/><\/p>\n<h3 style=\"text-align: center;\">EINFACHE BATTERIEANZEIGE<\/h3>\n<p style=\"text-align: center;\">Die dreistufige Anzeige zeigt pr\u00e4zise die verbleibende Leistung Ihrer Taschenlampe an. GR\u00dcN: 21%-100%, ROT: 11%-20%, BLINKEND ROT: 1%-10%.<\/p>\n<p><img decoding=\"async\" class=\"aligncenter wp-image-7520 size-full\" src=\"https:\/\/www.sportshine.eu\/wp-content\/uploads\/2025\/07\/Magicshine-SEEMEE-300-4.webp\" alt=\"\" width=\"800\" height=\"800\" srcset=\"https:\/\/www.sportshine.eu\/wp-content\/uploads\/2025\/07\/Magicshine-SEEMEE-300-4.webp 800w, https:\/\/www.sportshine.eu\/wp-content\/uploads\/2025\/07\/Magicshine-SEEMEE-300-4-768x768.webp 768w, https:\/\/www.sportshine.eu\/wp-content\/uploads\/2025\/07\/Magicshine-SEEMEE-300-4-600x600.webp 600w\" sizes=\"(max-width: 800px) 100vw, 800px\" \/><\/p>\n<h3 style=\"text-align: center;\">KOMMEN SIE SICHER NACH HAUSE<\/h3>\n<p style=\"text-align: center;\">Wenn der Akku leer ist, wird der ECO-Modus aktiviert, damit die Taschenlampe eingeschaltet bleibt und Sie sicher nach Hause kommen. Wenn die verbleibende Akkuleistung 10% oder weniger betr\u00e4gt, wird automatisch in den ECO-Modus gewechselt. *Die Bremsfunktion ist w\u00e4hrend dieser Zeit deaktiviert.<\/p>\n<p><img decoding=\"async\" class=\"aligncenter wp-image-7521\" src=\"https:\/\/www.sportshine.eu\/wp-content\/uploads\/2025\/07\/Magicshine-SEEMEE-300.jpg\" alt=\"\" width=\"800\" height=\"600\" \/><\/p>\n<h3 style=\"text-align: center;\">SIE ERHALTEN IM PAKET<\/h3>\n<p style=\"text-align: center;\">1 * SEEMEE 300 Fahrradlicht<br \/>\n1 * unter-sitz montage halterung<br \/>\n1 * Sattelst\u00fctzenbefestigung<br \/>\n1 * USB-C-Ladekabel<\/p>\n<p><img decoding=\"async\" class=\"aligncenter wp-image-7522\" src=\"https:\/\/www.sportshine.eu\/wp-content\/uploads\/2025\/07\/Magicshine-SEEMEE-300-5.webp\" alt=\"Magicshine SEEMEE 300\" width=\"800\" height=\"600\" \/><\/p>","protected":false},"excerpt":{"rendered":"<p>Wir haben ein Magic-Fahrradlicht-Paket zusammengestellt. Unsere beiden Bestseller-Leuchten \u00fcberzeugen durch ihre hochwertige Verarbeitung und Beleuchtung. Das Frontlicht Magicshine RAY 2600B ist ein v\u00f6llig neues Modell und das leistungsst\u00e4rkste Licht der Ray-Serie. Es leuchtet mit einer Leistung von 2600 Lumen und besticht vor allem durch seinen leistungsstarken Akku. Die Helligkeit l\u00e4sst sich per App regeln und mit dem mitgelieferten Adapter die Stufen \u00e4ndern, ohne den Lenker loszulassen. Das R\u00fccklicht Magicshine SEEMEE 300 ist das leistungsst\u00e4rkste R\u00fccklicht in unserem Sortiment. Es verf\u00fcgt \u00fcber eine eingebaute Leistung von 300 Lumen, einen eingebauten Bremssensor (abschaltbar) und ein zus\u00e4tzliches Optitracing-Unterlicht, das das Fahrrad zus\u00e4tzlich ausleuchtet und f\u00fcr bessere Sichtbarkeit sorgt.<\/p>","protected":false},"featured_media":5773,"comment_status":"open","ping_status":"closed","template":"","meta":[],"product_brand":[131],"product_cat":[82,93],"product_tag":[],"class_list":{"0":"post-6426","1":"product","2":"type-product","3":"status-publish","4":"has-post-thumbnail","6":"product_brand-magicshine","7":"product_cat-kolesarske-luci","8":"product_cat-kolesarske-svetilke-paketi","10":"first","11":"outofstock","12":"taxable","13":"shipping-taxable","14":"purchasable","15":"product-type-simple"},"yoast_head":"<!-- This site is optimized with the Yoast SEO plugin v27.3 - https:\/\/yoast.com\/product\/yoast-seo-wordpress\/ -->\n<title>Paket kolesarskih lu\u010di - MAGIC<\/title>\n<meta name=\"description\" content=\"V setu kolesarskih lu\u010di Magic prejmete zmogljive kolesarske lu\u010di. Zadnjo lu\u010d SEEMEE 300 z neverjetno svetilnostjo in senzorjem svetlobe in sprednjo 2600 lumnov mo\u010dno lu\u010d.\" \/>\n<meta name=\"robots\" content=\"index, follow, max-snippet:-1, max-image-preview:large, max-video-preview:-1\" \/>\n<link rel=\"canonical\" href=\"https:\/\/www.sportshine.eu\/de\/geschaft\/magisches-fahrradlichtpaket\/\" \/>\n<meta property=\"og:locale\" content=\"de_DE\" \/>\n<meta property=\"og:type\" content=\"article\" \/>\n<meta property=\"og:title\" content=\"Paket kolesarskih lu\u010di - MAGIC\" \/>\n<meta property=\"og:description\" content=\"V setu kolesarskih lu\u010di Magic prejmete zmogljive kolesarske lu\u010di. Zadnjo lu\u010d SEEMEE 300 z neverjetno svetilnostjo in senzorjem svetlobe in sprednjo 2600 lumnov mo\u010dno lu\u010d.\" \/>\n<meta property=\"og:url\" content=\"https:\/\/www.sportshine.eu\/de\/geschaft\/magisches-fahrradlichtpaket\/\" \/>\n<meta property=\"og:site_name\" content=\"Sportshine\" \/>\n<meta property=\"article:publisher\" content=\"https:\/\/www.facebook.com\/sportshine.eu\/\" \/>\n<meta property=\"article:modified_time\" content=\"2026-03-11T14:36:10+00:00\" \/>\n<meta property=\"og:image\" content=\"https:\/\/www.sportshine.eu\/wp-content\/uploads\/2025\/07\/Paket-kolesarskih-luci-Magic.webp\" \/>\n\t<meta property=\"og:image:width\" content=\"800\" \/>\n\t<meta property=\"og:image:height\" content=\"800\" \/>\n\t<meta property=\"og:image:type\" content=\"image\/webp\" \/>\n<meta name=\"twitter:card\" content=\"summary_large_image\" \/>\n<meta name=\"twitter:label1\" content=\"Gesch\u00e4tzte Lesezeit\" \/>\n\t<meta name=\"twitter:data1\" content=\"7 Minuten\" \/>\n<script type=\"application\/ld+json\" class=\"yoast-schema-graph\">{\"@context\":\"https:\\\/\\\/schema.org\",\"@graph\":[{\"@type\":\"WebPage\",\"@id\":\"https:\\\/\\\/www.sportshine.eu\\\/trgovina\\\/paket-kolesarskih-luci-magic\\\/\",\"url\":\"https:\\\/\\\/www.sportshine.eu\\\/trgovina\\\/paket-kolesarskih-luci-magic\\\/\",\"name\":\"Paket kolesarskih lu\u010di - MAGIC\",\"isPartOf\":{\"@id\":\"https:\\\/\\\/www.sportshine.eu\\\/#website\"},\"primaryImageOfPage\":{\"@id\":\"https:\\\/\\\/www.sportshine.eu\\\/trgovina\\\/paket-kolesarskih-luci-magic\\\/#primaryimage\"},\"image\":{\"@id\":\"https:\\\/\\\/www.sportshine.eu\\\/trgovina\\\/paket-kolesarskih-luci-magic\\\/#primaryimage\"},\"thumbnailUrl\":\"https:\\\/\\\/www.sportshine.eu\\\/wp-content\\\/uploads\\\/2025\\\/07\\\/Paket-kolesarskih-luci-Magic.webp\",\"datePublished\":\"2025-07-05T19:40:21+00:00\",\"dateModified\":\"2026-03-11T14:36:10+00:00\",\"description\":\"V setu kolesarskih lu\u010di Magic prejmete zmogljive kolesarske lu\u010di. Zadnjo lu\u010d SEEMEE 300 z neverjetno svetilnostjo in senzorjem svetlobe in sprednjo 2600 lumnov mo\u010dno lu\u010d.\",\"breadcrumb\":{\"@id\":\"https:\\\/\\\/www.sportshine.eu\\\/trgovina\\\/paket-kolesarskih-luci-magic\\\/#breadcrumb\"},\"inLanguage\":\"de-AT\",\"potentialAction\":[{\"@type\":\"ReadAction\",\"target\":[\"https:\\\/\\\/www.sportshine.eu\\\/trgovina\\\/paket-kolesarskih-luci-magic\\\/\"]}]},{\"@type\":\"ImageObject\",\"inLanguage\":\"de-AT\",\"@id\":\"https:\\\/\\\/www.sportshine.eu\\\/trgovina\\\/paket-kolesarskih-luci-magic\\\/#primaryimage\",\"url\":\"https:\\\/\\\/www.sportshine.eu\\\/wp-content\\\/uploads\\\/2025\\\/07\\\/Paket-kolesarskih-luci-Magic.webp\",\"contentUrl\":\"https:\\\/\\\/www.sportshine.eu\\\/wp-content\\\/uploads\\\/2025\\\/07\\\/Paket-kolesarskih-luci-Magic.webp\",\"width\":800,\"height\":800},{\"@type\":\"BreadcrumbList\",\"@id\":\"https:\\\/\\\/www.sportshine.eu\\\/trgovina\\\/paket-kolesarskih-luci-magic\\\/#breadcrumb\",\"itemListElement\":[{\"@type\":\"ListItem\",\"position\":1,\"name\":\"Home\",\"item\":\"https:\\\/\\\/www.sportshine.eu\\\/\"},{\"@type\":\"ListItem\",\"position\":2,\"name\":\"Trgovina\",\"item\":\"https:\\\/\\\/www.sportshine.eu\\\/trgovina\\\/\"},{\"@type\":\"ListItem\",\"position\":3,\"name\":\"Paket kolesarskih lu\u010di &#8211; MAGIC\"}]},{\"@type\":\"WebSite\",\"@id\":\"https:\\\/\\\/www.sportshine.eu\\\/#website\",\"url\":\"https:\\\/\\\/www.sportshine.eu\\\/\",\"name\":\"Sportshine\",\"description\":\"Top spletna trgovina kolesarskih in naglavnih svetilk ter opreme\",\"publisher\":{\"@id\":\"https:\\\/\\\/www.sportshine.eu\\\/#organization\"},\"potentialAction\":[{\"@type\":\"SearchAction\",\"target\":{\"@type\":\"EntryPoint\",\"urlTemplate\":\"https:\\\/\\\/www.sportshine.eu\\\/?s={search_term_string}\"},\"query-input\":{\"@type\":\"PropertyValueSpecification\",\"valueRequired\":true,\"valueName\":\"search_term_string\"}}],\"inLanguage\":\"de-AT\"},{\"@type\":\"Organization\",\"@id\":\"https:\\\/\\\/www.sportshine.eu\\\/#organization\",\"name\":\"Sportshine\",\"url\":\"https:\\\/\\\/www.sportshine.eu\\\/\",\"logo\":{\"@type\":\"ImageObject\",\"inLanguage\":\"de-AT\",\"@id\":\"https:\\\/\\\/www.sportshine.eu\\\/#\\\/schema\\\/logo\\\/image\\\/\",\"url\":\"https:\\\/\\\/www.sportshine.eu\\\/wp-content\\\/uploads\\\/2026\\\/01\\\/cropped-Sportshine.webp\",\"contentUrl\":\"https:\\\/\\\/www.sportshine.eu\\\/wp-content\\\/uploads\\\/2026\\\/01\\\/cropped-Sportshine.webp\",\"width\":295,\"height\":128,\"caption\":\"Sportshine\"},\"image\":{\"@id\":\"https:\\\/\\\/www.sportshine.eu\\\/#\\\/schema\\\/logo\\\/image\\\/\"},\"sameAs\":[\"https:\\\/\\\/www.facebook.com\\\/sportshine.eu\\\/\"]}]}<\/script>\n<!-- \/ Yoast SEO plugin. -->","yoast_head_json":{"title":"Fahrradlichtpaket - MAGIC","description":"Das Magic Fahrradlicht-Set beinhaltet leistungsstarke Fahrradlichter. Das SEEMEE 300 R\u00fccklicht mit unglaublicher Helligkeit und Lichtsensor sowie ein leistungsstarkes 2600 Lumen Frontlicht.","robots":{"index":"index","follow":"follow","max-snippet":"max-snippet:-1","max-image-preview":"max-image-preview:large","max-video-preview":"max-video-preview:-1"},"canonical":"https:\/\/www.sportshine.eu\/de\/geschaft\/magisches-fahrradlichtpaket\/","og_locale":"de_DE","og_type":"article","og_title":"Paket kolesarskih lu\u010di - MAGIC","og_description":"V setu kolesarskih lu\u010di Magic prejmete zmogljive kolesarske lu\u010di. Zadnjo lu\u010d SEEMEE 300 z neverjetno svetilnostjo in senzorjem svetlobe in sprednjo 2600 lumnov mo\u010dno lu\u010d.","og_url":"https:\/\/www.sportshine.eu\/de\/geschaft\/magisches-fahrradlichtpaket\/","og_site_name":"Sportshine","article_publisher":"https:\/\/www.facebook.com\/sportshine.eu\/","article_modified_time":"2026-03-11T14:36:10+00:00","og_image":[{"width":800,"height":800,"url":"https:\/\/www.sportshine.eu\/wp-content\/uploads\/2025\/07\/Paket-kolesarskih-luci-Magic.webp","type":"image\/webp"}],"twitter_card":"summary_large_image","twitter_misc":{"Gesch\u00e4tzte Lesezeit":"7 Minuten"},"schema":{"@context":"https:\/\/schema.org","@graph":[{"@type":"WebPage","@id":"https:\/\/www.sportshine.eu\/trgovina\/paket-kolesarskih-luci-magic\/","url":"https:\/\/www.sportshine.eu\/trgovina\/paket-kolesarskih-luci-magic\/","name":"Fahrradlichtpaket - MAGIC","isPartOf":{"@id":"https:\/\/www.sportshine.eu\/#website"},"primaryImageOfPage":{"@id":"https:\/\/www.sportshine.eu\/trgovina\/paket-kolesarskih-luci-magic\/#primaryimage"},"image":{"@id":"https:\/\/www.sportshine.eu\/trgovina\/paket-kolesarskih-luci-magic\/#primaryimage"},"thumbnailUrl":"https:\/\/www.sportshine.eu\/wp-content\/uploads\/2025\/07\/Paket-kolesarskih-luci-Magic.webp","datePublished":"2025-07-05T19:40:21+00:00","dateModified":"2026-03-11T14:36:10+00:00","description":"Das Magic Fahrradlicht-Set beinhaltet leistungsstarke Fahrradlichter. Das SEEMEE 300 R\u00fccklicht mit unglaublicher Helligkeit und Lichtsensor sowie ein leistungsstarkes 2600 Lumen Frontlicht.","breadcrumb":{"@id":"https:\/\/www.sportshine.eu\/trgovina\/paket-kolesarskih-luci-magic\/#breadcrumb"},"inLanguage":"de-AT","potentialAction":[{"@type":"ReadAction","target":["https:\/\/www.sportshine.eu\/trgovina\/paket-kolesarskih-luci-magic\/"]}]},{"@type":"ImageObject","inLanguage":"de-AT","@id":"https:\/\/www.sportshine.eu\/trgovina\/paket-kolesarskih-luci-magic\/#primaryimage","url":"https:\/\/www.sportshine.eu\/wp-content\/uploads\/2025\/07\/Paket-kolesarskih-luci-Magic.webp","contentUrl":"https:\/\/www.sportshine.eu\/wp-content\/uploads\/2025\/07\/Paket-kolesarskih-luci-Magic.webp","width":800,"height":800},{"@type":"BreadcrumbList","@id":"https:\/\/www.sportshine.eu\/trgovina\/paket-kolesarskih-luci-magic\/#breadcrumb","itemListElement":[{"@type":"ListItem","position":1,"name":"Home","item":"https:\/\/www.sportshine.eu\/"},{"@type":"ListItem","position":2,"name":"Trgovina","item":"https:\/\/www.sportshine.eu\/trgovina\/"},{"@type":"ListItem","position":3,"name":"Paket kolesarskih lu\u010di &#8211; MAGIC"}]},{"@type":"WebSite","@id":"https:\/\/www.sportshine.eu\/#website","url":"https:\/\/www.sportshine.eu\/","name":"Sportshine","description":"Top Online-Shop f\u00fcr Fahrrad- und Stirnlampen sowie Zubeh\u00f6r","publisher":{"@id":"https:\/\/www.sportshine.eu\/#organization"},"potentialAction":[{"@type":"SearchAction","target":{"@type":"EntryPoint","urlTemplate":"https:\/\/www.sportshine.eu\/?s={search_term_string}"},"query-input":{"@type":"PropertyValueSpecification","valueRequired":true,"valueName":"search_term_string"}}],"inLanguage":"de-AT"},{"@type":"Organization","@id":"https:\/\/www.sportshine.eu\/#organization","name":"Sportshine","url":"https:\/\/www.sportshine.eu\/","logo":{"@type":"ImageObject","inLanguage":"de-AT","@id":"https:\/\/www.sportshine.eu\/#\/schema\/logo\/image\/","url":"https:\/\/www.sportshine.eu\/wp-content\/uploads\/2026\/01\/cropped-Sportshine.webp","contentUrl":"https:\/\/www.sportshine.eu\/wp-content\/uploads\/2026\/01\/cropped-Sportshine.webp","width":295,"height":128,"caption":"Sportshine"},"image":{"@id":"https:\/\/www.sportshine.eu\/#\/schema\/logo\/image\/"},"sameAs":["https:\/\/www.facebook.com\/sportshine.eu\/"]}]}},"_links":{"self":[{"href":"https:\/\/www.sportshine.eu\/de\/wp-json\/wp\/v2\/product\/6426","targetHints":{"allow":["GET"]}}],"collection":[{"href":"https:\/\/www.sportshine.eu\/de\/wp-json\/wp\/v2\/product"}],"about":[{"href":"https:\/\/www.sportshine.eu\/de\/wp-json\/wp\/v2\/types\/product"}],"replies":[{"embeddable":true,"href":"https:\/\/www.sportshine.eu\/de\/wp-json\/wp\/v2\/comments?post=6426"}],"version-history":[{"count":0,"href":"https:\/\/www.sportshine.eu\/de\/wp-json\/wp\/v2\/product\/6426\/revisions"}],"wp:featuredmedia":[{"embeddable":true,"href":"https:\/\/www.sportshine.eu\/de\/wp-json\/wp\/v2\/media\/5773"}],"wp:attachment":[{"href":"https:\/\/www.sportshine.eu\/de\/wp-json\/wp\/v2\/media?parent=6426"}],"wp:term":[{"taxonomy":"product_brand","embeddable":true,"href":"https:\/\/www.sportshine.eu\/de\/wp-json\/wp\/v2\/product_brand?post=6426"},{"taxonomy":"product_cat","embeddable":true,"href":"https:\/\/www.sportshine.eu\/de\/wp-json\/wp\/v2\/product_cat?post=6426"},{"taxonomy":"product_tag","embeddable":true,"href":"https:\/\/www.sportshine.eu\/de\/wp-json\/wp\/v2\/product_tag?post=6426"}],"curies":[{"name":"wp","href":"https:\/\/api.w.org\/{rel}","templated":true}]}}