{"id":6422,"date":"2025-07-08T19:40:16","date_gmt":"2025-07-08T19:40:16","guid":{"rendered":"https:\/\/www.sportshine.eu\/?post_type=product&#038;p=6422"},"modified":"2026-03-11T14:56:12","modified_gmt":"2026-03-11T14:56:12","slug":"blaue-nachtsichtbrille-von-magicshine-rouleur","status":"publish","type":"product","link":"https:\/\/www.sportshine.eu\/de\/geschaft\/blaue-nachtsichtbrille-von-magicshine-rouleur\/","title":{"rendered":"Blaue Brille Magicshine Rouleur \u2013 Nachtsicht"},"content":{"rendered":"<p>Die Magicshine Rouleur Nachtsichtbrille verf\u00fcgt \u00fcber sto\u00dffeste Linsen. Die R\u00fcckseite der Linse ist mit der propriet\u00e4ren OAR-Beschichtung von Magicshine ausgestattet, die f\u00fcr optimale Blendfreiheit sorgt. Die wischfeste Beschichtung auf beiden Seiten der Linsen weist Schmutz, Fingerabdr\u00fccke und \u00d6le ab, bietet hervorragenden Schutz und erleichtert die Reinigung der Linsen.<\/p>\n<p><img decoding=\"async\" class=\"aligncenter wp-image-7533 size-full\" src=\"https:\/\/www.sportshine.eu\/wp-content\/uploads\/2025\/07\/Ocala-Magicshine-Rouleur-11.webp\" alt=\"Magicshine Rouleur-Brille \" width=\"800\" height=\"800\" srcset=\"https:\/\/www.sportshine.eu\/wp-content\/uploads\/2025\/07\/Ocala-Magicshine-Rouleur-11.webp 800w, https:\/\/www.sportshine.eu\/wp-content\/uploads\/2025\/07\/Ocala-Magicshine-Rouleur-11-768x768.webp 768w, https:\/\/www.sportshine.eu\/wp-content\/uploads\/2025\/07\/Ocala-Magicshine-Rouleur-11-600x600.webp 600w\" sizes=\"(max-width: 800px) 100vw, 800px\" \/><\/p>\n<p>Gro\u00dfe Bel\u00fcftungsl\u00f6cher um die Gl\u00e4ser und B\u00fcgelenden verhindern ein Beschlagen und sorgen f\u00fcr klare Sicht. Der Rahmen besteht aus TR90- und TPR-Materialien und verf\u00fcgt \u00fcber rutschfeste Nasenpads und B\u00fcgelenden, die einen bequemen Sitz bei allen Aktivit\u00e4ten gew\u00e4hrleisten.<\/p>\n<p><iframe loading=\"lazy\" title=\"MAGICSHINE ROLLER CYCLING SPORT-SONNENBRILLE\" width=\"500\" height=\"281\" src=\"https:\/\/www.youtube.com\/embed\/UCXbHHS1K_Q?feature=oembed\" frameborder=\"0\" allow=\"accelerometer; autoplay; clipboard-write; encrypted-media; gyroscope; picture-in-picture; web-share\" referrerpolicy=\"strict-origin-when-cross-origin\" allowfullscreen><\/iframe><\/p>","protected":false},"excerpt":{"rendered":"<p>Die Magicshine Rouleur Nachtsichtbrille ist in erster Linie f\u00fcr gute Nachtsicht konzipiert und verf\u00fcgt \u00fcber kontrastreiche Polycarbonat-Gl\u00e4ser. Sie bietet au\u00dfergew\u00f6hnliche Klarheit bei schlechten Lichtverh\u00e4ltnissen und hebt durch verst\u00e4rkten Kontrast feine Details hervor. Die OAR-Beschichtung auf der R\u00fcckseite reduziert Blendeffekte und sorgt f\u00fcr optimalen Sehkomfort. Die wischfeste Technologie verhindert, dass sich Schmutz, Fingerabdr\u00fccke und \u00d6l auf den Gl\u00e4sern ablagern, was die Pflege erleichtert und ihre Lebensdauer verl\u00e4ngert.<\/p>","protected":false},"featured_media":5752,"comment_status":"open","ping_status":"closed","template":"","meta":[],"product_brand":[131],"product_cat":[104,103],"product_tag":[174],"class_list":{"0":"post-6422","1":"product","2":"type-product","3":"status-publish","4":"has-post-thumbnail","6":"product_brand-magicshine","7":"product_cat-klasicna-kolesarska-ocala","8":"product_cat-kolesarska-ocala","9":"product_tag-magicshine-ocala","11":"first","12":"instock","13":"sale","14":"taxable","15":"shipping-taxable","16":"purchasable","17":"product-type-simple"},"yoast_head":"<!-- This site is optimized with the Yoast SEO plugin v27.3 - https:\/\/yoast.com\/product\/yoast-seo-wordpress\/ -->\n<title>O\u010dala Magicshine Rouleur blue - night vision<\/title>\n<meta name=\"description\" content=\"Izjemna \u0161portna o\u010dala priznane znamke Magicshine. Z OAR prevleko le\u010d in te\u017eo le 29 gramov. Priporo\u010damo za vse \u0161portne aktivnosti.\" \/>\n<meta name=\"robots\" content=\"index, follow, max-snippet:-1, max-image-preview:large, max-video-preview:-1\" \/>\n<link rel=\"canonical\" href=\"https:\/\/www.sportshine.eu\/de\/geschaft\/blaue-nachtsichtbrille-von-magicshine-rouleur\/\" \/>\n<meta property=\"og:locale\" content=\"de_DE\" \/>\n<meta property=\"og:type\" content=\"article\" \/>\n<meta property=\"og:title\" content=\"O\u010dala Magicshine Rouleur blue - night vision\" \/>\n<meta property=\"og:description\" content=\"Izjemna \u0161portna o\u010dala priznane znamke Magicshine. Z OAR prevleko le\u010d in te\u017eo le 29 gramov. Priporo\u010damo za vse \u0161portne aktivnosti.\" \/>\n<meta property=\"og:url\" content=\"https:\/\/www.sportshine.eu\/de\/geschaft\/blaue-nachtsichtbrille-von-magicshine-rouleur\/\" \/>\n<meta property=\"og:site_name\" content=\"Sportshine\" \/>\n<meta property=\"article:publisher\" content=\"https:\/\/www.facebook.com\/sportshine.eu\/\" \/>\n<meta property=\"article:modified_time\" content=\"2026-03-11T14:56:12+00:00\" \/>\n<meta property=\"og:image\" content=\"https:\/\/www.sportshine.eu\/wp-content\/uploads\/2025\/07\/Ocala-Magicshine-Rouleur-greenblue.webp\" \/>\n\t<meta property=\"og:image:width\" content=\"800\" \/>\n\t<meta property=\"og:image:height\" content=\"800\" \/>\n\t<meta property=\"og:image:type\" content=\"image\/webp\" \/>\n<meta name=\"twitter:card\" content=\"summary_large_image\" \/>\n<meta name=\"twitter:label1\" content=\"Gesch\u00e4tzte Lesezeit\" \/>\n\t<meta name=\"twitter:data1\" content=\"1 Minute\" \/>\n<script type=\"application\/ld+json\" class=\"yoast-schema-graph\">{\"@context\":\"https:\\\/\\\/schema.org\",\"@graph\":[{\"@type\":\"WebPage\",\"@id\":\"https:\\\/\\\/www.sportshine.eu\\\/trgovina\\\/ocala-magicshine-rouleur-blue-night-vision\\\/\",\"url\":\"https:\\\/\\\/www.sportshine.eu\\\/trgovina\\\/ocala-magicshine-rouleur-blue-night-vision\\\/\",\"name\":\"O\u010dala Magicshine Rouleur blue - night vision\",\"isPartOf\":{\"@id\":\"https:\\\/\\\/www.sportshine.eu\\\/#website\"},\"primaryImageOfPage\":{\"@id\":\"https:\\\/\\\/www.sportshine.eu\\\/trgovina\\\/ocala-magicshine-rouleur-blue-night-vision\\\/#primaryimage\"},\"image\":{\"@id\":\"https:\\\/\\\/www.sportshine.eu\\\/trgovina\\\/ocala-magicshine-rouleur-blue-night-vision\\\/#primaryimage\"},\"thumbnailUrl\":\"https:\\\/\\\/www.sportshine.eu\\\/wp-content\\\/uploads\\\/2025\\\/07\\\/Ocala-Magicshine-Rouleur-greenblue.webp\",\"datePublished\":\"2025-07-08T19:40:16+00:00\",\"dateModified\":\"2026-03-11T14:56:12+00:00\",\"description\":\"Izjemna \u0161portna o\u010dala priznane znamke Magicshine. Z OAR prevleko le\u010d in te\u017eo le 29 gramov. Priporo\u010damo za vse \u0161portne aktivnosti.\",\"breadcrumb\":{\"@id\":\"https:\\\/\\\/www.sportshine.eu\\\/trgovina\\\/ocala-magicshine-rouleur-blue-night-vision\\\/#breadcrumb\"},\"inLanguage\":\"de-AT\",\"potentialAction\":[{\"@type\":\"ReadAction\",\"target\":[\"https:\\\/\\\/www.sportshine.eu\\\/trgovina\\\/ocala-magicshine-rouleur-blue-night-vision\\\/\"]}]},{\"@type\":\"ImageObject\",\"inLanguage\":\"de-AT\",\"@id\":\"https:\\\/\\\/www.sportshine.eu\\\/trgovina\\\/ocala-magicshine-rouleur-blue-night-vision\\\/#primaryimage\",\"url\":\"https:\\\/\\\/www.sportshine.eu\\\/wp-content\\\/uploads\\\/2025\\\/07\\\/Ocala-Magicshine-Rouleur-greenblue.webp\",\"contentUrl\":\"https:\\\/\\\/www.sportshine.eu\\\/wp-content\\\/uploads\\\/2025\\\/07\\\/Ocala-Magicshine-Rouleur-greenblue.webp\",\"width\":800,\"height\":800},{\"@type\":\"BreadcrumbList\",\"@id\":\"https:\\\/\\\/www.sportshine.eu\\\/trgovina\\\/ocala-magicshine-rouleur-blue-night-vision\\\/#breadcrumb\",\"itemListElement\":[{\"@type\":\"ListItem\",\"position\":1,\"name\":\"Home\",\"item\":\"https:\\\/\\\/www.sportshine.eu\\\/\"},{\"@type\":\"ListItem\",\"position\":2,\"name\":\"Trgovina\",\"item\":\"https:\\\/\\\/www.sportshine.eu\\\/trgovina\\\/\"},{\"@type\":\"ListItem\",\"position\":3,\"name\":\"O\u010dala Magicshine Rouleur blue &#8211; night vision\"}]},{\"@type\":\"WebSite\",\"@id\":\"https:\\\/\\\/www.sportshine.eu\\\/#website\",\"url\":\"https:\\\/\\\/www.sportshine.eu\\\/\",\"name\":\"Sportshine\",\"description\":\"Top spletna trgovina kolesarskih in naglavnih svetilk ter opreme\",\"publisher\":{\"@id\":\"https:\\\/\\\/www.sportshine.eu\\\/#organization\"},\"potentialAction\":[{\"@type\":\"SearchAction\",\"target\":{\"@type\":\"EntryPoint\",\"urlTemplate\":\"https:\\\/\\\/www.sportshine.eu\\\/?s={search_term_string}\"},\"query-input\":{\"@type\":\"PropertyValueSpecification\",\"valueRequired\":true,\"valueName\":\"search_term_string\"}}],\"inLanguage\":\"de-AT\"},{\"@type\":\"Organization\",\"@id\":\"https:\\\/\\\/www.sportshine.eu\\\/#organization\",\"name\":\"Sportshine\",\"url\":\"https:\\\/\\\/www.sportshine.eu\\\/\",\"logo\":{\"@type\":\"ImageObject\",\"inLanguage\":\"de-AT\",\"@id\":\"https:\\\/\\\/www.sportshine.eu\\\/#\\\/schema\\\/logo\\\/image\\\/\",\"url\":\"https:\\\/\\\/www.sportshine.eu\\\/wp-content\\\/uploads\\\/2026\\\/01\\\/cropped-Sportshine.webp\",\"contentUrl\":\"https:\\\/\\\/www.sportshine.eu\\\/wp-content\\\/uploads\\\/2026\\\/01\\\/cropped-Sportshine.webp\",\"width\":295,\"height\":128,\"caption\":\"Sportshine\"},\"image\":{\"@id\":\"https:\\\/\\\/www.sportshine.eu\\\/#\\\/schema\\\/logo\\\/image\\\/\"},\"sameAs\":[\"https:\\\/\\\/www.facebook.com\\\/sportshine.eu\\\/\"]}]}<\/script>\n<!-- \/ Yoast SEO plugin. -->","yoast_head_json":{"title":"Blaue Brille Magicshine Rouleur \u2013 Nachtsicht","description":"Au\u00dfergew\u00f6hnliche Sportbrille der renommierten Marke Magicshine. Mit OAR-Linsenbeschichtung und nur 29 Gramm Gewicht. Empfohlen f\u00fcr alle sportlichen Aktivit\u00e4ten.","robots":{"index":"index","follow":"follow","max-snippet":"max-snippet:-1","max-image-preview":"max-image-preview:large","max-video-preview":"max-video-preview:-1"},"canonical":"https:\/\/www.sportshine.eu\/de\/geschaft\/blaue-nachtsichtbrille-von-magicshine-rouleur\/","og_locale":"de_DE","og_type":"article","og_title":"O\u010dala Magicshine Rouleur blue - night vision","og_description":"Izjemna \u0161portna o\u010dala priznane znamke Magicshine. Z OAR prevleko le\u010d in te\u017eo le 29 gramov. Priporo\u010damo za vse \u0161portne aktivnosti.","og_url":"https:\/\/www.sportshine.eu\/de\/geschaft\/blaue-nachtsichtbrille-von-magicshine-rouleur\/","og_site_name":"Sportshine","article_publisher":"https:\/\/www.facebook.com\/sportshine.eu\/","article_modified_time":"2026-03-11T14:56:12+00:00","og_image":[{"width":800,"height":800,"url":"https:\/\/www.sportshine.eu\/wp-content\/uploads\/2025\/07\/Ocala-Magicshine-Rouleur-greenblue.webp","type":"image\/webp"}],"twitter_card":"summary_large_image","twitter_misc":{"Gesch\u00e4tzte Lesezeit":"1 Minute"},"schema":{"@context":"https:\/\/schema.org","@graph":[{"@type":"WebPage","@id":"https:\/\/www.sportshine.eu\/trgovina\/ocala-magicshine-rouleur-blue-night-vision\/","url":"https:\/\/www.sportshine.eu\/trgovina\/ocala-magicshine-rouleur-blue-night-vision\/","name":"Blaue Brille Magicshine Rouleur \u2013 Nachtsicht","isPartOf":{"@id":"https:\/\/www.sportshine.eu\/#website"},"primaryImageOfPage":{"@id":"https:\/\/www.sportshine.eu\/trgovina\/ocala-magicshine-rouleur-blue-night-vision\/#primaryimage"},"image":{"@id":"https:\/\/www.sportshine.eu\/trgovina\/ocala-magicshine-rouleur-blue-night-vision\/#primaryimage"},"thumbnailUrl":"https:\/\/www.sportshine.eu\/wp-content\/uploads\/2025\/07\/Ocala-Magicshine-Rouleur-greenblue.webp","datePublished":"2025-07-08T19:40:16+00:00","dateModified":"2026-03-11T14:56:12+00:00","description":"Au\u00dfergew\u00f6hnliche Sportbrille der renommierten Marke Magicshine. Mit OAR-Linsenbeschichtung und nur 29 Gramm Gewicht. Empfohlen f\u00fcr alle sportlichen Aktivit\u00e4ten.","breadcrumb":{"@id":"https:\/\/www.sportshine.eu\/trgovina\/ocala-magicshine-rouleur-blue-night-vision\/#breadcrumb"},"inLanguage":"de-AT","potentialAction":[{"@type":"ReadAction","target":["https:\/\/www.sportshine.eu\/trgovina\/ocala-magicshine-rouleur-blue-night-vision\/"]}]},{"@type":"ImageObject","inLanguage":"de-AT","@id":"https:\/\/www.sportshine.eu\/trgovina\/ocala-magicshine-rouleur-blue-night-vision\/#primaryimage","url":"https:\/\/www.sportshine.eu\/wp-content\/uploads\/2025\/07\/Ocala-Magicshine-Rouleur-greenblue.webp","contentUrl":"https:\/\/www.sportshine.eu\/wp-content\/uploads\/2025\/07\/Ocala-Magicshine-Rouleur-greenblue.webp","width":800,"height":800},{"@type":"BreadcrumbList","@id":"https:\/\/www.sportshine.eu\/trgovina\/ocala-magicshine-rouleur-blue-night-vision\/#breadcrumb","itemListElement":[{"@type":"ListItem","position":1,"name":"Home","item":"https:\/\/www.sportshine.eu\/"},{"@type":"ListItem","position":2,"name":"Trgovina","item":"https:\/\/www.sportshine.eu\/trgovina\/"},{"@type":"ListItem","position":3,"name":"O\u010dala Magicshine Rouleur blue &#8211; night vision"}]},{"@type":"WebSite","@id":"https:\/\/www.sportshine.eu\/#website","url":"https:\/\/www.sportshine.eu\/","name":"Sportshine","description":"Top Online-Shop f\u00fcr Fahrrad- und Stirnlampen sowie Zubeh\u00f6r","publisher":{"@id":"https:\/\/www.sportshine.eu\/#organization"},"potentialAction":[{"@type":"SearchAction","target":{"@type":"EntryPoint","urlTemplate":"https:\/\/www.sportshine.eu\/?s={search_term_string}"},"query-input":{"@type":"PropertyValueSpecification","valueRequired":true,"valueName":"search_term_string"}}],"inLanguage":"de-AT"},{"@type":"Organization","@id":"https:\/\/www.sportshine.eu\/#organization","name":"Sportshine","url":"https:\/\/www.sportshine.eu\/","logo":{"@type":"ImageObject","inLanguage":"de-AT","@id":"https:\/\/www.sportshine.eu\/#\/schema\/logo\/image\/","url":"https:\/\/www.sportshine.eu\/wp-content\/uploads\/2026\/01\/cropped-Sportshine.webp","contentUrl":"https:\/\/www.sportshine.eu\/wp-content\/uploads\/2026\/01\/cropped-Sportshine.webp","width":295,"height":128,"caption":"Sportshine"},"image":{"@id":"https:\/\/www.sportshine.eu\/#\/schema\/logo\/image\/"},"sameAs":["https:\/\/www.facebook.com\/sportshine.eu\/"]}]}},"_links":{"self":[{"href":"https:\/\/www.sportshine.eu\/de\/wp-json\/wp\/v2\/product\/6422","targetHints":{"allow":["GET"]}}],"collection":[{"href":"https:\/\/www.sportshine.eu\/de\/wp-json\/wp\/v2\/product"}],"about":[{"href":"https:\/\/www.sportshine.eu\/de\/wp-json\/wp\/v2\/types\/product"}],"replies":[{"embeddable":true,"href":"https:\/\/www.sportshine.eu\/de\/wp-json\/wp\/v2\/comments?post=6422"}],"version-history":[{"count":0,"href":"https:\/\/www.sportshine.eu\/de\/wp-json\/wp\/v2\/product\/6422\/revisions"}],"wp:featuredmedia":[{"embeddable":true,"href":"https:\/\/www.sportshine.eu\/de\/wp-json\/wp\/v2\/media\/5752"}],"wp:attachment":[{"href":"https:\/\/www.sportshine.eu\/de\/wp-json\/wp\/v2\/media?parent=6422"}],"wp:term":[{"taxonomy":"product_brand","embeddable":true,"href":"https:\/\/www.sportshine.eu\/de\/wp-json\/wp\/v2\/product_brand?post=6422"},{"taxonomy":"product_cat","embeddable":true,"href":"https:\/\/www.sportshine.eu\/de\/wp-json\/wp\/v2\/product_cat?post=6422"},{"taxonomy":"product_tag","embeddable":true,"href":"https:\/\/www.sportshine.eu\/de\/wp-json\/wp\/v2\/product_tag?post=6422"}],"curies":[{"name":"wp","href":"https:\/\/api.w.org\/{rel}","templated":true}]}}