{"id":6413,"date":"2025-07-09T19:40:06","date_gmt":"2025-07-09T19:40:06","guid":{"rendered":"https:\/\/www.sportshine.eu\/?post_type=product&#038;p=6413"},"modified":"2026-03-06T12:22:42","modified_gmt":"2026-03-06T12:22:42","slug":"radbrille-magicshine-sprinter-hellgrau-blau","status":"publish","type":"product","link":"https:\/\/www.sportshine.eu\/de\/geschaft\/radbrille-magicshine-sprinter-hellgrau-blau\/","title":{"rendered":"Radbrille Magicshine Sprinter hellgrau\/blau"},"content":{"rendered":"<div class=\"elementor-element elementor-element-c209278 elementor-widget elementor-widget-heading\" data-id=\"c209278\" data-element_type=\"widget\" data-widget_type=\"heading.default\">\n<p>Ausgestattet mit vier Bel\u00fcftungs\u00f6ffnungen an den Gl\u00e4sern und zus\u00e4tzlichen B\u00fcgeln sorgt die Sprinter Radbrille f\u00fcr optimale Luftzirkulation, verhindert Beschlagen und reduziert den Luftwiderstand, sodass die Sicht w\u00e4hrend der Fahrt klar bleibt. Die aus strapazierf\u00e4higem TR90 und TPR gefertigten Materialien sind verformungsbest\u00e4ndig und gew\u00e4hrleisten so eine lange Lebensdauer. Der ultragriffige Nasensteg und die gummierten B\u00fcgelenden sorgen f\u00fcr sicheren Halt, auch bei starkem Schwitzen oder intensiven Aktivit\u00e4ten.<\/p>\n<p><img decoding=\"async\" class=\"aligncenter wp-image-7539 size-full\" src=\"https:\/\/www.sportshine.eu\/wp-content\/uploads\/2025\/07\/Kolesarska-ocala-Magicshine-Sprinter-light-grey-1.webp\" alt=\"\" width=\"800\" height=\"800\" srcset=\"https:\/\/www.sportshine.eu\/wp-content\/uploads\/2025\/07\/Kolesarska-ocala-Magicshine-Sprinter-light-grey-1.webp 800w, https:\/\/www.sportshine.eu\/wp-content\/uploads\/2025\/07\/Kolesarska-ocala-Magicshine-Sprinter-light-grey-1-768x768.webp 768w, https:\/\/www.sportshine.eu\/wp-content\/uploads\/2025\/07\/Kolesarska-ocala-Magicshine-Sprinter-light-grey-1-600x600.webp 600w\" sizes=\"(max-width: 800px) 100vw, 800px\" \/><\/p>\n<p>&nbsp;<\/p>\n<\/div>\n<div class=\"elementor-element elementor-element-c209278 elementor-widget elementor-widget-heading\" data-id=\"c209278\" data-element_type=\"widget\" data-widget_type=\"heading.default\">\n<div class=\"elementor-element elementor-element-25b12d99 elementor-widget elementor-widget-heading\" data-id=\"25b12d99\" data-element_type=\"widget\" data-widget_type=\"heading.default\">\n<div class=\"elementor-widget-container\">\n<section class=\"elementor-section elementor-top-section elementor-element elementor-element-31009ff8 elementor-section-boxed elementor-section-height-default elementor-section-height-default\" data-id=\"31009ff8\" data-element_type=\"section\">\n<div class=\"elementor-container elementor-column-gap-default\">\n<div class=\"elementor-column elementor-col-100 elementor-top-column elementor-element elementor-element-16b76c01\" data-id=\"16b76c01\" data-element_type=\"column\">\n<div class=\"elementor-widget-wrap elementor-element-populated\">\n<div class=\"elementor-element elementor-element-2982363a elementor-widget elementor-widget-heading\" data-id=\"2982363a\" data-element_type=\"widget\" data-widget_type=\"heading.default\">\n<section class=\"elementor-section elementor-top-section elementor-element elementor-element-41477614 elementor-section-boxed elementor-section-height-default elementor-section-height-default\" data-id=\"41477614\" data-element_type=\"section\">\n<div class=\"elementor-container elementor-column-gap-default\">\n<div class=\"elementor-column elementor-col-100 elementor-top-column elementor-element elementor-element-efcd3\" data-id=\"efcd3\" data-element_type=\"column\">\n<div class=\"elementor-widget-wrap elementor-element-populated\">\n<div class=\"elementor-element elementor-element-54a03f68 elementor-widget elementor-widget-heading\" data-id=\"54a03f68\" data-element_type=\"widget\" data-widget_type=\"heading.default\">\n<div class=\"elementor-widget-container\">\n<p class=\"elementor-heading-title elementor-size-default\" style=\"text-align: center;\">\n<\/div>\n<\/div>\n<\/div>\n<\/div>\n<\/div>\n<\/section>\n<\/div>\n<\/div>\n<\/div>\n<\/div>\n<\/section>\n<\/div>\n<\/div>\n<\/div>","protected":false},"excerpt":{"rendered":"<p>Die Magicshine Sprinter Radsportbrille ist die neueste Serie photochromer Radsport-Sonnenbrillen und bietet unvergleichliche Klarheit f\u00fcr allt\u00e4gliche Fahrten und intensive Radtouren. Die gesamte Serie verf\u00fcgt \u00fcber einen leichten Halbrahmen, der modern aussieht und sportlichen Geist ausstrahlt.<\/p>\n<p>Sie zeichnen sich aus durch:<\/p>\n<p>\u25cf Hochbest\u00e4ndige Polycarbonat-Gl\u00e4ser bieten 100% UV-Schutz.<br \/>\n\u25cf Leichter rahmenloser Halbrahmen, der Eleganz und Sportlichkeit vereint.<br \/>\n\u25cf Zylindrische 6-Basis-Gl\u00e4ser f\u00fcr verbesserte periphere Sicht und Schutz.<br \/>\n\u25cf Ultra-griffige gummierte Nasenpads und Griffoberfl\u00e4chen sorgen f\u00fcr einen sicheren Halt auch bei intensiven Aktivit\u00e4ten.<br \/>\n\u25cf Das fortschrittliche Bel\u00fcftungssystem erm\u00f6glicht eine au\u00dfergew\u00f6hnliche Luftzirkulation und verhindert das Beschlagen der Linse.<br \/>\n\u25cf Photochrome Linsen sorgen f\u00fcr scharfe Sehsch\u00e4rfe und ein kristallklares Bild bei allen Wetterbedingungen.<br \/>\n\u25cf Au\u00dfergew\u00f6hnliche REVO-Beschichtung und OAR-Beschichtung f\u00fcr optimale visuelle Klarheit.<br \/>\n\u25cf Die wischfeste Beschichtung auf beiden Seiten bietet zus\u00e4tzlichen Schutz und erleichtert die Linsenpflege.<\/p>","protected":false},"featured_media":5686,"comment_status":"open","ping_status":"closed","template":"","meta":[],"product_brand":[131],"product_cat":[106,103],"product_tag":[174],"class_list":{"0":"post-6413","1":"product","2":"type-product","3":"status-publish","4":"has-post-thumbnail","6":"product_brand-magicshine","7":"product_cat-fotokromatska-ocala","8":"product_cat-kolesarska-ocala","9":"product_tag-magicshine-ocala","11":"first","12":"outofstock","13":"taxable","14":"shipping-taxable","15":"purchasable","16":"product-type-simple"},"yoast_head":"<!-- This site is optimized with the Yoast SEO plugin v27.3 - https:\/\/yoast.com\/product\/yoast-seo-wordpress\/ -->\n<title>Kolesarska o\u010dala Magicshine Sprinter light grey\/blue<\/title>\n<meta name=\"robots\" content=\"index, follow, max-snippet:-1, max-image-preview:large, max-video-preview:-1\" \/>\n<link rel=\"canonical\" href=\"https:\/\/www.sportshine.eu\/de\/geschaft\/radbrille-magicshine-sprinter-hellgrau-blau\/\" \/>\n<meta property=\"og:locale\" content=\"de_DE\" \/>\n<meta property=\"og:type\" content=\"article\" \/>\n<meta property=\"og:title\" content=\"Kolesarska o\u010dala Magicshine Sprinter light grey\/blue\" \/>\n<meta property=\"og:description\" content=\"Kolesarska o\u010dala Magicshine Sprinter so najnovej\u0161a serija fotokromatskih son\u010dnih o\u010dal za kolesarjenje in ponujajo neprimerljivo jasnost za vsakodnevne vo\u017enje in intenzivne kolesarske vo\u017enje . Celotna serija ima lahek pol okvir, ki izgleda moderno in iz\u017eareva \u0161porten duh.  Odlikuje jih:  \u25cf Le\u010de iz visoko odpornega polikarbonata zagotavljajo 100% UV za\u0161\u010dito. \u25cf Lahek polokvir brez okvirja, ki zdru\u017euje eleganco in \u0161portnost. \u25cf Cilindri\u010dne 6-bazne le\u010de za pove\u010dano periferno vidljivost in za\u0161\u010dito. \u25cf Ultraoprijemljive gumirane blazinice za nos in zaklju\u010dki na ro\u010dajih zagotavljajo varen oprijem tudi med intenzivnimi aktivnostmi. \u25cf Napreden prezra\u010devalni sistem omogo\u010da izjemno kro\u017eenje zraka in prepre\u010duje ro\u0161enje le\u010d. \u25cf Fotokromatske le\u010de zagotavljajo ostro vizualno ostrino in kristalno \u010disto sliko v vseh vremenskih razmerah. \u25cf Izjemen REVO premaz in OAR premaz za optimalno jasnost vida. \u25cf Premaz, odporen na made\u017ee na obeh straneh, zagotavlja dodatno za\u0161\u010dito in enostavno vzdr\u017eevanje le\u010d.\" \/>\n<meta property=\"og:url\" content=\"https:\/\/www.sportshine.eu\/de\/geschaft\/radbrille-magicshine-sprinter-hellgrau-blau\/\" \/>\n<meta property=\"og:site_name\" content=\"Sportshine\" \/>\n<meta property=\"article:publisher\" content=\"https:\/\/www.facebook.com\/sportshine.eu\/\" \/>\n<meta property=\"article:modified_time\" content=\"2026-03-06T12:22:42+00:00\" \/>\n<meta property=\"og:image\" content=\"https:\/\/www.sportshine.eu\/wp-content\/uploads\/2025\/07\/Kolesarska-ocala-Magicshine-Sprinter-light-grey.webp\" \/>\n\t<meta property=\"og:image:width\" content=\"800\" \/>\n\t<meta property=\"og:image:height\" content=\"800\" \/>\n\t<meta property=\"og:image:type\" content=\"image\/webp\" \/>\n<meta name=\"twitter:card\" content=\"summary_large_image\" \/>\n<meta name=\"twitter:label1\" content=\"Gesch\u00e4tzte Lesezeit\" \/>\n\t<meta name=\"twitter:data1\" content=\"1 Minute\" \/>\n<script type=\"application\/ld+json\" class=\"yoast-schema-graph\">{\"@context\":\"https:\\\/\\\/schema.org\",\"@graph\":[{\"@type\":\"WebPage\",\"@id\":\"https:\\\/\\\/www.sportshine.eu\\\/trgovina\\\/kolesarska-ocala-magicshine-sprinter-light-grey-blue\\\/\",\"url\":\"https:\\\/\\\/www.sportshine.eu\\\/trgovina\\\/kolesarska-ocala-magicshine-sprinter-light-grey-blue\\\/\",\"name\":\"Kolesarska o\u010dala Magicshine Sprinter light grey\\\/blue\",\"isPartOf\":{\"@id\":\"https:\\\/\\\/www.sportshine.eu\\\/#website\"},\"primaryImageOfPage\":{\"@id\":\"https:\\\/\\\/www.sportshine.eu\\\/trgovina\\\/kolesarska-ocala-magicshine-sprinter-light-grey-blue\\\/#primaryimage\"},\"image\":{\"@id\":\"https:\\\/\\\/www.sportshine.eu\\\/trgovina\\\/kolesarska-ocala-magicshine-sprinter-light-grey-blue\\\/#primaryimage\"},\"thumbnailUrl\":\"https:\\\/\\\/www.sportshine.eu\\\/wp-content\\\/uploads\\\/2025\\\/07\\\/Kolesarska-ocala-Magicshine-Sprinter-light-grey.webp\",\"datePublished\":\"2025-07-09T19:40:06+00:00\",\"dateModified\":\"2026-03-06T12:22:42+00:00\",\"breadcrumb\":{\"@id\":\"https:\\\/\\\/www.sportshine.eu\\\/trgovina\\\/kolesarska-ocala-magicshine-sprinter-light-grey-blue\\\/#breadcrumb\"},\"inLanguage\":\"de-AT\",\"potentialAction\":[{\"@type\":\"ReadAction\",\"target\":[\"https:\\\/\\\/www.sportshine.eu\\\/trgovina\\\/kolesarska-ocala-magicshine-sprinter-light-grey-blue\\\/\"]}]},{\"@type\":\"ImageObject\",\"inLanguage\":\"de-AT\",\"@id\":\"https:\\\/\\\/www.sportshine.eu\\\/trgovina\\\/kolesarska-ocala-magicshine-sprinter-light-grey-blue\\\/#primaryimage\",\"url\":\"https:\\\/\\\/www.sportshine.eu\\\/wp-content\\\/uploads\\\/2025\\\/07\\\/Kolesarska-ocala-Magicshine-Sprinter-light-grey.webp\",\"contentUrl\":\"https:\\\/\\\/www.sportshine.eu\\\/wp-content\\\/uploads\\\/2025\\\/07\\\/Kolesarska-ocala-Magicshine-Sprinter-light-grey.webp\",\"width\":800,\"height\":800},{\"@type\":\"BreadcrumbList\",\"@id\":\"https:\\\/\\\/www.sportshine.eu\\\/trgovina\\\/kolesarska-ocala-magicshine-sprinter-light-grey-blue\\\/#breadcrumb\",\"itemListElement\":[{\"@type\":\"ListItem\",\"position\":1,\"name\":\"Home\",\"item\":\"https:\\\/\\\/www.sportshine.eu\\\/\"},{\"@type\":\"ListItem\",\"position\":2,\"name\":\"Trgovina\",\"item\":\"https:\\\/\\\/www.sportshine.eu\\\/trgovina\\\/\"},{\"@type\":\"ListItem\",\"position\":3,\"name\":\"Kolesarska o\u010dala Magicshine Sprinter light grey\\\/blue\"}]},{\"@type\":\"WebSite\",\"@id\":\"https:\\\/\\\/www.sportshine.eu\\\/#website\",\"url\":\"https:\\\/\\\/www.sportshine.eu\\\/\",\"name\":\"Sportshine\",\"description\":\"Top spletna trgovina kolesarskih in naglavnih svetilk ter opreme\",\"publisher\":{\"@id\":\"https:\\\/\\\/www.sportshine.eu\\\/#organization\"},\"potentialAction\":[{\"@type\":\"SearchAction\",\"target\":{\"@type\":\"EntryPoint\",\"urlTemplate\":\"https:\\\/\\\/www.sportshine.eu\\\/?s={search_term_string}\"},\"query-input\":{\"@type\":\"PropertyValueSpecification\",\"valueRequired\":true,\"valueName\":\"search_term_string\"}}],\"inLanguage\":\"de-AT\"},{\"@type\":\"Organization\",\"@id\":\"https:\\\/\\\/www.sportshine.eu\\\/#organization\",\"name\":\"Sportshine\",\"url\":\"https:\\\/\\\/www.sportshine.eu\\\/\",\"logo\":{\"@type\":\"ImageObject\",\"inLanguage\":\"de-AT\",\"@id\":\"https:\\\/\\\/www.sportshine.eu\\\/#\\\/schema\\\/logo\\\/image\\\/\",\"url\":\"https:\\\/\\\/www.sportshine.eu\\\/wp-content\\\/uploads\\\/2026\\\/01\\\/cropped-Sportshine.webp\",\"contentUrl\":\"https:\\\/\\\/www.sportshine.eu\\\/wp-content\\\/uploads\\\/2026\\\/01\\\/cropped-Sportshine.webp\",\"width\":295,\"height\":128,\"caption\":\"Sportshine\"},\"image\":{\"@id\":\"https:\\\/\\\/www.sportshine.eu\\\/#\\\/schema\\\/logo\\\/image\\\/\"},\"sameAs\":[\"https:\\\/\\\/www.facebook.com\\\/sportshine.eu\\\/\"]}]}<\/script>\n<!-- \/ Yoast SEO plugin. -->","yoast_head_json":{"title":"Radbrille Magicshine Sprinter hellgrau\/blau","robots":{"index":"index","follow":"follow","max-snippet":"max-snippet:-1","max-image-preview":"max-image-preview:large","max-video-preview":"max-video-preview:-1"},"canonical":"https:\/\/www.sportshine.eu\/de\/geschaft\/radbrille-magicshine-sprinter-hellgrau-blau\/","og_locale":"de_DE","og_type":"article","og_title":"Kolesarska o\u010dala Magicshine Sprinter light grey\/blue","og_description":"Kolesarska o\u010dala Magicshine Sprinter so najnovej\u0161a serija fotokromatskih son\u010dnih o\u010dal za kolesarjenje in ponujajo neprimerljivo jasnost za vsakodnevne vo\u017enje in intenzivne kolesarske vo\u017enje . Celotna serija ima lahek pol okvir, ki izgleda moderno in iz\u017eareva \u0161porten duh.  Odlikuje jih:  \u25cf Le\u010de iz visoko odpornega polikarbonata zagotavljajo 100% UV za\u0161\u010dito. \u25cf Lahek polokvir brez okvirja, ki zdru\u017euje eleganco in \u0161portnost. \u25cf Cilindri\u010dne 6-bazne le\u010de za pove\u010dano periferno vidljivost in za\u0161\u010dito. \u25cf Ultraoprijemljive gumirane blazinice za nos in zaklju\u010dki na ro\u010dajih zagotavljajo varen oprijem tudi med intenzivnimi aktivnostmi. \u25cf Napreden prezra\u010devalni sistem omogo\u010da izjemno kro\u017eenje zraka in prepre\u010duje ro\u0161enje le\u010d. \u25cf Fotokromatske le\u010de zagotavljajo ostro vizualno ostrino in kristalno \u010disto sliko v vseh vremenskih razmerah. \u25cf Izjemen REVO premaz in OAR premaz za optimalno jasnost vida. \u25cf Premaz, odporen na made\u017ee na obeh straneh, zagotavlja dodatno za\u0161\u010dito in enostavno vzdr\u017eevanje le\u010d.","og_url":"https:\/\/www.sportshine.eu\/de\/geschaft\/radbrille-magicshine-sprinter-hellgrau-blau\/","og_site_name":"Sportshine","article_publisher":"https:\/\/www.facebook.com\/sportshine.eu\/","article_modified_time":"2026-03-06T12:22:42+00:00","og_image":[{"width":800,"height":800,"url":"https:\/\/www.sportshine.eu\/wp-content\/uploads\/2025\/07\/Kolesarska-ocala-Magicshine-Sprinter-light-grey.webp","type":"image\/webp"}],"twitter_card":"summary_large_image","twitter_misc":{"Gesch\u00e4tzte Lesezeit":"1 Minute"},"schema":{"@context":"https:\/\/schema.org","@graph":[{"@type":"WebPage","@id":"https:\/\/www.sportshine.eu\/trgovina\/kolesarska-ocala-magicshine-sprinter-light-grey-blue\/","url":"https:\/\/www.sportshine.eu\/trgovina\/kolesarska-ocala-magicshine-sprinter-light-grey-blue\/","name":"Radbrille Magicshine Sprinter hellgrau\/blau","isPartOf":{"@id":"https:\/\/www.sportshine.eu\/#website"},"primaryImageOfPage":{"@id":"https:\/\/www.sportshine.eu\/trgovina\/kolesarska-ocala-magicshine-sprinter-light-grey-blue\/#primaryimage"},"image":{"@id":"https:\/\/www.sportshine.eu\/trgovina\/kolesarska-ocala-magicshine-sprinter-light-grey-blue\/#primaryimage"},"thumbnailUrl":"https:\/\/www.sportshine.eu\/wp-content\/uploads\/2025\/07\/Kolesarska-ocala-Magicshine-Sprinter-light-grey.webp","datePublished":"2025-07-09T19:40:06+00:00","dateModified":"2026-03-06T12:22:42+00:00","breadcrumb":{"@id":"https:\/\/www.sportshine.eu\/trgovina\/kolesarska-ocala-magicshine-sprinter-light-grey-blue\/#breadcrumb"},"inLanguage":"de-AT","potentialAction":[{"@type":"ReadAction","target":["https:\/\/www.sportshine.eu\/trgovina\/kolesarska-ocala-magicshine-sprinter-light-grey-blue\/"]}]},{"@type":"ImageObject","inLanguage":"de-AT","@id":"https:\/\/www.sportshine.eu\/trgovina\/kolesarska-ocala-magicshine-sprinter-light-grey-blue\/#primaryimage","url":"https:\/\/www.sportshine.eu\/wp-content\/uploads\/2025\/07\/Kolesarska-ocala-Magicshine-Sprinter-light-grey.webp","contentUrl":"https:\/\/www.sportshine.eu\/wp-content\/uploads\/2025\/07\/Kolesarska-ocala-Magicshine-Sprinter-light-grey.webp","width":800,"height":800},{"@type":"BreadcrumbList","@id":"https:\/\/www.sportshine.eu\/trgovina\/kolesarska-ocala-magicshine-sprinter-light-grey-blue\/#breadcrumb","itemListElement":[{"@type":"ListItem","position":1,"name":"Home","item":"https:\/\/www.sportshine.eu\/"},{"@type":"ListItem","position":2,"name":"Trgovina","item":"https:\/\/www.sportshine.eu\/trgovina\/"},{"@type":"ListItem","position":3,"name":"Kolesarska o\u010dala Magicshine Sprinter light grey\/blue"}]},{"@type":"WebSite","@id":"https:\/\/www.sportshine.eu\/#website","url":"https:\/\/www.sportshine.eu\/","name":"Sportshine","description":"Top Online-Shop f\u00fcr Fahrrad- und Stirnlampen sowie Zubeh\u00f6r","publisher":{"@id":"https:\/\/www.sportshine.eu\/#organization"},"potentialAction":[{"@type":"SearchAction","target":{"@type":"EntryPoint","urlTemplate":"https:\/\/www.sportshine.eu\/?s={search_term_string}"},"query-input":{"@type":"PropertyValueSpecification","valueRequired":true,"valueName":"search_term_string"}}],"inLanguage":"de-AT"},{"@type":"Organization","@id":"https:\/\/www.sportshine.eu\/#organization","name":"Sportshine","url":"https:\/\/www.sportshine.eu\/","logo":{"@type":"ImageObject","inLanguage":"de-AT","@id":"https:\/\/www.sportshine.eu\/#\/schema\/logo\/image\/","url":"https:\/\/www.sportshine.eu\/wp-content\/uploads\/2026\/01\/cropped-Sportshine.webp","contentUrl":"https:\/\/www.sportshine.eu\/wp-content\/uploads\/2026\/01\/cropped-Sportshine.webp","width":295,"height":128,"caption":"Sportshine"},"image":{"@id":"https:\/\/www.sportshine.eu\/#\/schema\/logo\/image\/"},"sameAs":["https:\/\/www.facebook.com\/sportshine.eu\/"]}]}},"_links":{"self":[{"href":"https:\/\/www.sportshine.eu\/de\/wp-json\/wp\/v2\/product\/6413","targetHints":{"allow":["GET"]}}],"collection":[{"href":"https:\/\/www.sportshine.eu\/de\/wp-json\/wp\/v2\/product"}],"about":[{"href":"https:\/\/www.sportshine.eu\/de\/wp-json\/wp\/v2\/types\/product"}],"replies":[{"embeddable":true,"href":"https:\/\/www.sportshine.eu\/de\/wp-json\/wp\/v2\/comments?post=6413"}],"version-history":[{"count":0,"href":"https:\/\/www.sportshine.eu\/de\/wp-json\/wp\/v2\/product\/6413\/revisions"}],"wp:featuredmedia":[{"embeddable":true,"href":"https:\/\/www.sportshine.eu\/de\/wp-json\/wp\/v2\/media\/5686"}],"wp:attachment":[{"href":"https:\/\/www.sportshine.eu\/de\/wp-json\/wp\/v2\/media?parent=6413"}],"wp:term":[{"taxonomy":"product_brand","embeddable":true,"href":"https:\/\/www.sportshine.eu\/de\/wp-json\/wp\/v2\/product_brand?post=6413"},{"taxonomy":"product_cat","embeddable":true,"href":"https:\/\/www.sportshine.eu\/de\/wp-json\/wp\/v2\/product_cat?post=6413"},{"taxonomy":"product_tag","embeddable":true,"href":"https:\/\/www.sportshine.eu\/de\/wp-json\/wp\/v2\/product_tag?post=6413"}],"curies":[{"name":"wp","href":"https:\/\/api.w.org\/{rel}","templated":true}]}}