{"id":6412,"date":"2025-07-05T19:40:04","date_gmt":"2025-07-05T19:40:04","guid":{"rendered":"https:\/\/www.sportshine.eu\/?post_type=product&#038;p=6412"},"modified":"2026-03-11T14:36:43","modified_gmt":"2026-03-11T14:36:43","slug":"radsportpaket-luci-magicshine-allty-800-seemee-50","status":"publish","type":"product","link":"https:\/\/www.sportshine.eu\/de\/geschaft\/radsportpaket-luci-magicshine-allty-800-seemee-50\/","title":{"rendered":"Magicshine Allty 800 + SEEMEE 50 Fahrradlichtpaket"},"content":{"rendered":"<h3 style=\"text-align: center;\">VIDEO-SCHEINWERFER ALLTY 800<\/h3>\n<p><iframe loading=\"lazy\" title=\"MAGICSHINE ALLTY 800 BEDIENUNGSANLEITUNG\" width=\"500\" height=\"281\" src=\"https:\/\/www.youtube.com\/embed\/FkGIK-Vw-Uk?feature=oembed\" frameborder=\"0\" allow=\"accelerometer; autoplay; clipboard-write; encrypted-media; gyroscope; picture-in-picture; web-share\" referrerpolicy=\"strict-origin-when-cross-origin\" allowfullscreen><\/iframe><\/p>\n<h3 style=\"text-align: center;\">VIDEO R\u00dcCKLICHT SEEMEE 50<\/h3>\n<p><iframe loading=\"lazy\" title=\"MAGICHSINE SEEMEE 50 Bedienungsanleitung\" width=\"500\" height=\"281\" src=\"https:\/\/www.youtube.com\/embed\/weqjgAF7ZZc?feature=oembed\" frameborder=\"0\" allow=\"accelerometer; autoplay; clipboard-write; encrypted-media; gyroscope; picture-in-picture; web-share\" referrerpolicy=\"strict-origin-when-cross-origin\" allowfullscreen><\/iframe><\/p>\n<h3 style=\"text-align: center;\">HOCHLEISTUNGSOPTISCHE LINSE<\/h3>\n<p style=\"text-align: center;\">Der ALLTY 800 verwendet eine hocheffiziente optische Linse, um eine maximale Lichtleistung von 800 Lumen zu erzielen. Das durchdachte Design der Seitenbeleuchtung sorgt f\u00fcr mehr Aufmerksamkeit der Fahrer.<\/p>\n<p><img decoding=\"async\" class=\"aligncenter wp-image-7173\" src=\"https:\/\/www.sportshine.eu\/wp-content\/uploads\/2025\/07\/luc-za-kolo-1-3.webp\" alt=\"\" width=\"800\" height=\"600\" \/><\/p>\n<h3 style=\"text-align: center;\">LEISTUNG \u00dcBERSTEIGT DIE GR\u00d6SSE DER LAMPE<\/h3>\n<p style=\"text-align: center;\">Das Allty 800 Fahrradlicht ist mit einem Hochleistungsakku (4000 mAh) ausgestattet und sorgt f\u00fcr lange Betriebsdauer und zuverl\u00e4ssige Beleuchtung.<\/p>\n<p><img decoding=\"async\" class=\"aligncenter wp-image-7156\" src=\"https:\/\/www.sportshine.eu\/wp-content\/uploads\/2025\/07\/allty-800-kolesarska-luc-1.webp\" alt=\"\" width=\"800\" height=\"600\" \/><\/p>\n<h3 style=\"text-align: center;\">AUFLADEN \u00dcBER USB-C-EINGANG<\/h3>\n<p style=\"text-align: center;\">Dank des USB-C-Schnellladeanschlusses erm\u00f6glicht die ALLTY 800 ein schnelles Aufladen. Das Besondere an dieser Lampe ist, dass sie auch als Ladestation fungiert, sodass Sie Ihr Telefon oder Messger\u00e4t unterwegs aufladen k\u00f6nnen.<\/p>\n<p><img decoding=\"async\" class=\"aligncenter wp-image-7157\" src=\"https:\/\/www.sportshine.eu\/wp-content\/uploads\/2025\/07\/luc-allty-800.webp\" alt=\"\" width=\"800\" height=\"600\" \/><\/p>\n<h3 style=\"text-align: center;\">LEICHT ABLESBARE STROMANZEIGE<\/h3>\n<p style=\"text-align: center;\">Bei eingeschaltetem Ger\u00e4t zeigt die Leuchte am Netzschalter den Akkuladestand an. Bei ausgeschaltetem Ger\u00e4t aktivieren Sie die Leuchte durch kurzes Dr\u00fccken des Netzschalters (sie erlischt nach 3 Sekunden automatisch).<\/p>\n<p style=\"text-align: center;\">GR\u00dcN: 21%-100%<br \/>\nROT: 11%-20%<br \/>\nBLINKEND ROT: 0%-10%<\/p>\n<p><img decoding=\"async\" class=\"aligncenter wp-image-7158\" src=\"https:\/\/www.sportshine.eu\/wp-content\/uploads\/2025\/07\/allty-800-luc-za-kolo.webp\" alt=\"\" width=\"800\" height=\"600\" \/><\/p>\n<h3 style=\"text-align: center;\">WASSERDICHT NACH IPX7-STANDARD<\/h3>\n<p style=\"text-align: center;\">Die Wasserdichtigkeit des Fahrradlichts ALLTY 800 entspricht der Schutzklasse IPX7 gem\u00e4\u00df IEC 60529. Dies bedeutet, dass das ALLTY 800 30 Minuten lang in Wasser bis zu einer Tiefe von 1 m verbleiben kann, ohne dass die Leistung des Produkts beeintr\u00e4chtigt wird.<\/p>\n<p><img decoding=\"async\" class=\"aligncenter wp-image-7159\" src=\"https:\/\/www.sportshine.eu\/wp-content\/uploads\/2025\/07\/allty-800-kolesarska-luc-2.webp\" alt=\"\" width=\"800\" height=\"600\" \/><\/p>\n<h3 style=\"text-align: center;\">METALLGEH\u00c4USE UND LANGLEBIGE QUALIT\u00c4T<\/h3>\n<p style=\"text-align: center;\">Das gesamte Geh\u00e4use aus Aluminiumlegierung sorgt f\u00fcr eine lange Haltbarkeit.<\/p>\n<p><img decoding=\"async\" class=\"aligncenter wp-image-7180\" src=\"https:\/\/www.sportshine.eu\/wp-content\/uploads\/2025\/07\/Allty-luc-za-kolo.webp\" alt=\"\" width=\"800\" height=\"600\" \/><\/p>\n<h3 style=\"text-align: center;\">AUSSERGEW\u00d6HNLICHES OBJEKTIV<\/h3>\n<p style=\"text-align: center;\">Es bietet ein beeindruckendes Warnlicht mit bis zu 50 Lumen, wodurch Sie auch von der Seite hervorragend sichtbar sind.<\/p>\n<p><img decoding=\"async\" class=\"aligncenter wp-image-7541\" src=\"https:\/\/www.sportshine.eu\/wp-content\/uploads\/2025\/07\/SEEMEE_50_1.webp\" alt=\"\" width=\"800\" height=\"600\" \/><\/p>\n<h3 style=\"text-align: center;\">AUTOMATISCHE GRUPPENSYNCHRONISIERUNG<\/h3>\n<p style=\"text-align: center;\">Der GROUP RIDE-Modus umfasst eine innovative Auto-Sync-Funktion, mit der Sie alle SEEMEE 50-Ger\u00e4te in Ihrer Gruppe ohne komplizierte Einstellungen auf dasselbe Blinkmuster einstellen k\u00f6nnen \u2013 das erh\u00f6ht die Sichtbarkeit auf der Stra\u00dfe und st\u00e4rkt den Teamgeist. *Halten Sie den Abstand zwischen den R\u00fccklichtern innerhalb von 10 Metern, um eine stabile Verbindung und optimale Warnwirkung zu gew\u00e4hrleisten.<\/p>\n<p><img decoding=\"async\" class=\"aligncenter wp-image-7542\" src=\"https:\/\/www.sportshine.eu\/wp-content\/uploads\/2025\/07\/SEEMEE_50_2_gif.webp\" alt=\"\" width=\"800\" height=\"600\" \/><\/p>\n<h3 style=\"text-align: center;\">LEICHT ABLESBARE ANZEIGE<\/h3>\n<p style=\"text-align: center;\">Dr\u00fccken Sie einfach den Schalter, um anzuzeigen, wie viel Kapazit\u00e4t Ihnen noch zur Verf\u00fcgung steht.<\/p>\n<p><img decoding=\"async\" class=\"aligncenter wp-image-7543\" src=\"https:\/\/www.sportshine.eu\/wp-content\/uploads\/2025\/07\/SEEMEE_50_3.webp\" alt=\"\" width=\"800\" height=\"600\" \/><\/p>\n<h3 style=\"text-align: center;\">EINFACHE INSTALLATION<\/h3>\n<p style=\"text-align: center;\">Das universelle Silikonband erm\u00f6glicht eine schnelle, einfache und sichere Befestigung an den meisten Sattelst\u00fctzen.<\/p>\n<p><img decoding=\"async\" class=\"aligncenter wp-image-7544\" src=\"https:\/\/www.sportshine.eu\/wp-content\/uploads\/2025\/07\/SEEMEE_50_5.webp\" alt=\"\" width=\"800\" height=\"600\" \/><\/p>","protected":false},"excerpt":{"rendered":"<p>Das Magicshine Allty 800 Frontlicht und das Seemee 50 R\u00fccklichtpaket werden \u00fcber den USB-C-Anschluss aufgeladen. Mit 800 Lumen Helligkeit, einer Reichweite von bis zu 141 Metern und einer langen Betriebszeit (bis zu 11 Stunden) ist das Frontlicht ein idealer Begleiter f\u00fcr sicheres und komfortables Radfahren bei jedem Wetter. Dar\u00fcber hinaus ist es wasserdicht und verf\u00fcgt \u00fcber die hohe Schutzklasse IPX7, was Zuverl\u00e4ssigkeit auch bei Regen gew\u00e4hrleistet. Das R\u00fccklicht erm\u00f6glicht im SMART-Modus eine Betriebsdauer von bis zu 21 Stunden. Mit einer maximalen Helligkeit von bis zu 50 Lumen sorgt es daf\u00fcr, dass Sie auf der Stra\u00dfe gut sichtbar sind.<\/p>","protected":false},"featured_media":5676,"comment_status":"open","ping_status":"closed","template":"","meta":[],"product_brand":[131],"product_cat":[82,93],"product_tag":[],"class_list":{"0":"post-6412","1":"product","2":"type-product","3":"status-publish","4":"has-post-thumbnail","6":"product_brand-magicshine","7":"product_cat-kolesarske-luci","8":"product_cat-kolesarske-svetilke-paketi","10":"first","11":"instock","12":"sale","13":"taxable","14":"shipping-taxable","15":"purchasable","16":"product-type-simple"},"yoast_head":"<!-- This site is optimized with the Yoast SEO plugin v27.3 - https:\/\/yoast.com\/product\/yoast-seo-wordpress\/ -->\n<title>Kolesarski paket lu\u010di Magicshine Allty 800 + SEEMEE 50<\/title>\n<meta name=\"robots\" content=\"index, follow, max-snippet:-1, max-image-preview:large, max-video-preview:-1\" \/>\n<link rel=\"canonical\" href=\"https:\/\/www.sportshine.eu\/de\/geschaft\/radsportpaket-luci-magicshine-allty-800-seemee-50\/\" \/>\n<meta property=\"og:locale\" content=\"de_DE\" \/>\n<meta property=\"og:type\" content=\"article\" \/>\n<meta property=\"og:title\" content=\"Kolesarski paket lu\u010di Magicshine Allty 800 + SEEMEE 50\" \/>\n<meta property=\"og:description\" content=\"Kolesarski paket sprednje lu\u010di Magicshine Allty 800 in zadnje Seemee 50 se polni preko USB-C vhoda. Sprednja lu\u010d je s svojimi 800 lumnov svetilnosti, dosegom do 141 metrov in dolgim \u010dasom delovanja ( do 11 ur) idealna sopotnica za varno in udobno kolesarjenje v vseh vremenskih razmerah. Poleg tega je vodoodporna z visoko oceno IPX7, kar zagotavlja zanesljivost tudi v de\u017eju. Zadnja lu\u010d omogo\u010da do 21 ur delovanja v SMART na\u010dinu. Z max svetilnostjo do 50 lumnov bo poskrbela, da boste na cesti dobro vidni.\" \/>\n<meta property=\"og:url\" content=\"https:\/\/www.sportshine.eu\/de\/geschaft\/radsportpaket-luci-magicshine-allty-800-seemee-50\/\" \/>\n<meta property=\"og:site_name\" content=\"Sportshine\" \/>\n<meta property=\"article:publisher\" content=\"https:\/\/www.facebook.com\/sportshine.eu\/\" \/>\n<meta property=\"article:modified_time\" content=\"2026-03-11T14:36:43+00:00\" \/>\n<meta property=\"og:image\" content=\"https:\/\/www.sportshine.eu\/wp-content\/uploads\/2025\/07\/Kolesarski-paket-luci-Magicshine-Allty-800-SEEMEE-50.webp\" \/>\n\t<meta property=\"og:image:width\" content=\"800\" \/>\n\t<meta property=\"og:image:height\" content=\"800\" \/>\n\t<meta property=\"og:image:type\" content=\"image\/webp\" \/>\n<meta name=\"twitter:card\" content=\"summary_large_image\" \/>\n<meta name=\"twitter:label1\" content=\"Gesch\u00e4tzte Lesezeit\" \/>\n\t<meta name=\"twitter:data1\" content=\"4 Minuten\" \/>\n<script type=\"application\/ld+json\" class=\"yoast-schema-graph\">{\"@context\":\"https:\\\/\\\/schema.org\",\"@graph\":[{\"@type\":\"WebPage\",\"@id\":\"https:\\\/\\\/www.sportshine.eu\\\/trgovina\\\/kolesarski-paket-luci-magicshine-allty-800-seemee-50\\\/\",\"url\":\"https:\\\/\\\/www.sportshine.eu\\\/trgovina\\\/kolesarski-paket-luci-magicshine-allty-800-seemee-50\\\/\",\"name\":\"Kolesarski paket lu\u010di Magicshine Allty 800 + SEEMEE 50\",\"isPartOf\":{\"@id\":\"https:\\\/\\\/www.sportshine.eu\\\/#website\"},\"primaryImageOfPage\":{\"@id\":\"https:\\\/\\\/www.sportshine.eu\\\/trgovina\\\/kolesarski-paket-luci-magicshine-allty-800-seemee-50\\\/#primaryimage\"},\"image\":{\"@id\":\"https:\\\/\\\/www.sportshine.eu\\\/trgovina\\\/kolesarski-paket-luci-magicshine-allty-800-seemee-50\\\/#primaryimage\"},\"thumbnailUrl\":\"https:\\\/\\\/www.sportshine.eu\\\/wp-content\\\/uploads\\\/2025\\\/07\\\/Kolesarski-paket-luci-Magicshine-Allty-800-SEEMEE-50.webp\",\"datePublished\":\"2025-07-05T19:40:04+00:00\",\"dateModified\":\"2026-03-11T14:36:43+00:00\",\"breadcrumb\":{\"@id\":\"https:\\\/\\\/www.sportshine.eu\\\/trgovina\\\/kolesarski-paket-luci-magicshine-allty-800-seemee-50\\\/#breadcrumb\"},\"inLanguage\":\"de-AT\",\"potentialAction\":[{\"@type\":\"ReadAction\",\"target\":[\"https:\\\/\\\/www.sportshine.eu\\\/trgovina\\\/kolesarski-paket-luci-magicshine-allty-800-seemee-50\\\/\"]}]},{\"@type\":\"ImageObject\",\"inLanguage\":\"de-AT\",\"@id\":\"https:\\\/\\\/www.sportshine.eu\\\/trgovina\\\/kolesarski-paket-luci-magicshine-allty-800-seemee-50\\\/#primaryimage\",\"url\":\"https:\\\/\\\/www.sportshine.eu\\\/wp-content\\\/uploads\\\/2025\\\/07\\\/Kolesarski-paket-luci-Magicshine-Allty-800-SEEMEE-50.webp\",\"contentUrl\":\"https:\\\/\\\/www.sportshine.eu\\\/wp-content\\\/uploads\\\/2025\\\/07\\\/Kolesarski-paket-luci-Magicshine-Allty-800-SEEMEE-50.webp\",\"width\":800,\"height\":800},{\"@type\":\"BreadcrumbList\",\"@id\":\"https:\\\/\\\/www.sportshine.eu\\\/trgovina\\\/kolesarski-paket-luci-magicshine-allty-800-seemee-50\\\/#breadcrumb\",\"itemListElement\":[{\"@type\":\"ListItem\",\"position\":1,\"name\":\"Home\",\"item\":\"https:\\\/\\\/www.sportshine.eu\\\/\"},{\"@type\":\"ListItem\",\"position\":2,\"name\":\"Trgovina\",\"item\":\"https:\\\/\\\/www.sportshine.eu\\\/trgovina\\\/\"},{\"@type\":\"ListItem\",\"position\":3,\"name\":\"Kolesarski paket lu\u010di Magicshine Allty 800 + SEEMEE 50\"}]},{\"@type\":\"WebSite\",\"@id\":\"https:\\\/\\\/www.sportshine.eu\\\/#website\",\"url\":\"https:\\\/\\\/www.sportshine.eu\\\/\",\"name\":\"Sportshine\",\"description\":\"Top spletna trgovina kolesarskih in naglavnih svetilk ter opreme\",\"publisher\":{\"@id\":\"https:\\\/\\\/www.sportshine.eu\\\/#organization\"},\"potentialAction\":[{\"@type\":\"SearchAction\",\"target\":{\"@type\":\"EntryPoint\",\"urlTemplate\":\"https:\\\/\\\/www.sportshine.eu\\\/?s={search_term_string}\"},\"query-input\":{\"@type\":\"PropertyValueSpecification\",\"valueRequired\":true,\"valueName\":\"search_term_string\"}}],\"inLanguage\":\"de-AT\"},{\"@type\":\"Organization\",\"@id\":\"https:\\\/\\\/www.sportshine.eu\\\/#organization\",\"name\":\"Sportshine\",\"url\":\"https:\\\/\\\/www.sportshine.eu\\\/\",\"logo\":{\"@type\":\"ImageObject\",\"inLanguage\":\"de-AT\",\"@id\":\"https:\\\/\\\/www.sportshine.eu\\\/#\\\/schema\\\/logo\\\/image\\\/\",\"url\":\"https:\\\/\\\/www.sportshine.eu\\\/wp-content\\\/uploads\\\/2026\\\/01\\\/cropped-Sportshine.webp\",\"contentUrl\":\"https:\\\/\\\/www.sportshine.eu\\\/wp-content\\\/uploads\\\/2026\\\/01\\\/cropped-Sportshine.webp\",\"width\":295,\"height\":128,\"caption\":\"Sportshine\"},\"image\":{\"@id\":\"https:\\\/\\\/www.sportshine.eu\\\/#\\\/schema\\\/logo\\\/image\\\/\"},\"sameAs\":[\"https:\\\/\\\/www.facebook.com\\\/sportshine.eu\\\/\"]}]}<\/script>\n<!-- \/ Yoast SEO plugin. -->","yoast_head_json":{"title":"Magicshine Allty 800 + SEEMEE 50 Fahrradlichtpaket","robots":{"index":"index","follow":"follow","max-snippet":"max-snippet:-1","max-image-preview":"max-image-preview:large","max-video-preview":"max-video-preview:-1"},"canonical":"https:\/\/www.sportshine.eu\/de\/geschaft\/radsportpaket-luci-magicshine-allty-800-seemee-50\/","og_locale":"de_DE","og_type":"article","og_title":"Kolesarski paket lu\u010di Magicshine Allty 800 + SEEMEE 50","og_description":"Kolesarski paket sprednje lu\u010di Magicshine Allty 800 in zadnje Seemee 50 se polni preko USB-C vhoda. Sprednja lu\u010d je s svojimi 800 lumnov svetilnosti, dosegom do 141 metrov in dolgim \u010dasom delovanja ( do 11 ur) idealna sopotnica za varno in udobno kolesarjenje v vseh vremenskih razmerah. Poleg tega je vodoodporna z visoko oceno IPX7, kar zagotavlja zanesljivost tudi v de\u017eju. Zadnja lu\u010d omogo\u010da do 21 ur delovanja v SMART na\u010dinu. Z max svetilnostjo do 50 lumnov bo poskrbela, da boste na cesti dobro vidni.","og_url":"https:\/\/www.sportshine.eu\/de\/geschaft\/radsportpaket-luci-magicshine-allty-800-seemee-50\/","og_site_name":"Sportshine","article_publisher":"https:\/\/www.facebook.com\/sportshine.eu\/","article_modified_time":"2026-03-11T14:36:43+00:00","og_image":[{"width":800,"height":800,"url":"https:\/\/www.sportshine.eu\/wp-content\/uploads\/2025\/07\/Kolesarski-paket-luci-Magicshine-Allty-800-SEEMEE-50.webp","type":"image\/webp"}],"twitter_card":"summary_large_image","twitter_misc":{"Gesch\u00e4tzte Lesezeit":"4 Minuten"},"schema":{"@context":"https:\/\/schema.org","@graph":[{"@type":"WebPage","@id":"https:\/\/www.sportshine.eu\/trgovina\/kolesarski-paket-luci-magicshine-allty-800-seemee-50\/","url":"https:\/\/www.sportshine.eu\/trgovina\/kolesarski-paket-luci-magicshine-allty-800-seemee-50\/","name":"Magicshine Allty 800 + SEEMEE 50 Fahrradlichtpaket","isPartOf":{"@id":"https:\/\/www.sportshine.eu\/#website"},"primaryImageOfPage":{"@id":"https:\/\/www.sportshine.eu\/trgovina\/kolesarski-paket-luci-magicshine-allty-800-seemee-50\/#primaryimage"},"image":{"@id":"https:\/\/www.sportshine.eu\/trgovina\/kolesarski-paket-luci-magicshine-allty-800-seemee-50\/#primaryimage"},"thumbnailUrl":"https:\/\/www.sportshine.eu\/wp-content\/uploads\/2025\/07\/Kolesarski-paket-luci-Magicshine-Allty-800-SEEMEE-50.webp","datePublished":"2025-07-05T19:40:04+00:00","dateModified":"2026-03-11T14:36:43+00:00","breadcrumb":{"@id":"https:\/\/www.sportshine.eu\/trgovina\/kolesarski-paket-luci-magicshine-allty-800-seemee-50\/#breadcrumb"},"inLanguage":"de-AT","potentialAction":[{"@type":"ReadAction","target":["https:\/\/www.sportshine.eu\/trgovina\/kolesarski-paket-luci-magicshine-allty-800-seemee-50\/"]}]},{"@type":"ImageObject","inLanguage":"de-AT","@id":"https:\/\/www.sportshine.eu\/trgovina\/kolesarski-paket-luci-magicshine-allty-800-seemee-50\/#primaryimage","url":"https:\/\/www.sportshine.eu\/wp-content\/uploads\/2025\/07\/Kolesarski-paket-luci-Magicshine-Allty-800-SEEMEE-50.webp","contentUrl":"https:\/\/www.sportshine.eu\/wp-content\/uploads\/2025\/07\/Kolesarski-paket-luci-Magicshine-Allty-800-SEEMEE-50.webp","width":800,"height":800},{"@type":"BreadcrumbList","@id":"https:\/\/www.sportshine.eu\/trgovina\/kolesarski-paket-luci-magicshine-allty-800-seemee-50\/#breadcrumb","itemListElement":[{"@type":"ListItem","position":1,"name":"Home","item":"https:\/\/www.sportshine.eu\/"},{"@type":"ListItem","position":2,"name":"Trgovina","item":"https:\/\/www.sportshine.eu\/trgovina\/"},{"@type":"ListItem","position":3,"name":"Kolesarski paket lu\u010di Magicshine Allty 800 + SEEMEE 50"}]},{"@type":"WebSite","@id":"https:\/\/www.sportshine.eu\/#website","url":"https:\/\/www.sportshine.eu\/","name":"Sportshine","description":"Top Online-Shop f\u00fcr Fahrrad- und Stirnlampen sowie Zubeh\u00f6r","publisher":{"@id":"https:\/\/www.sportshine.eu\/#organization"},"potentialAction":[{"@type":"SearchAction","target":{"@type":"EntryPoint","urlTemplate":"https:\/\/www.sportshine.eu\/?s={search_term_string}"},"query-input":{"@type":"PropertyValueSpecification","valueRequired":true,"valueName":"search_term_string"}}],"inLanguage":"de-AT"},{"@type":"Organization","@id":"https:\/\/www.sportshine.eu\/#organization","name":"Sportshine","url":"https:\/\/www.sportshine.eu\/","logo":{"@type":"ImageObject","inLanguage":"de-AT","@id":"https:\/\/www.sportshine.eu\/#\/schema\/logo\/image\/","url":"https:\/\/www.sportshine.eu\/wp-content\/uploads\/2026\/01\/cropped-Sportshine.webp","contentUrl":"https:\/\/www.sportshine.eu\/wp-content\/uploads\/2026\/01\/cropped-Sportshine.webp","width":295,"height":128,"caption":"Sportshine"},"image":{"@id":"https:\/\/www.sportshine.eu\/#\/schema\/logo\/image\/"},"sameAs":["https:\/\/www.facebook.com\/sportshine.eu\/"]}]}},"_links":{"self":[{"href":"https:\/\/www.sportshine.eu\/de\/wp-json\/wp\/v2\/product\/6412","targetHints":{"allow":["GET"]}}],"collection":[{"href":"https:\/\/www.sportshine.eu\/de\/wp-json\/wp\/v2\/product"}],"about":[{"href":"https:\/\/www.sportshine.eu\/de\/wp-json\/wp\/v2\/types\/product"}],"replies":[{"embeddable":true,"href":"https:\/\/www.sportshine.eu\/de\/wp-json\/wp\/v2\/comments?post=6412"}],"version-history":[{"count":0,"href":"https:\/\/www.sportshine.eu\/de\/wp-json\/wp\/v2\/product\/6412\/revisions"}],"wp:featuredmedia":[{"embeddable":true,"href":"https:\/\/www.sportshine.eu\/de\/wp-json\/wp\/v2\/media\/5676"}],"wp:attachment":[{"href":"https:\/\/www.sportshine.eu\/de\/wp-json\/wp\/v2\/media?parent=6412"}],"wp:term":[{"taxonomy":"product_brand","embeddable":true,"href":"https:\/\/www.sportshine.eu\/de\/wp-json\/wp\/v2\/product_brand?post=6412"},{"taxonomy":"product_cat","embeddable":true,"href":"https:\/\/www.sportshine.eu\/de\/wp-json\/wp\/v2\/product_cat?post=6412"},{"taxonomy":"product_tag","embeddable":true,"href":"https:\/\/www.sportshine.eu\/de\/wp-json\/wp\/v2\/product_tag?post=6412"}],"curies":[{"name":"wp","href":"https:\/\/api.w.org\/{rel}","templated":true}]}}