{"id":6409,"date":"2025-07-05T19:32:32","date_gmt":"2025-07-05T19:32:32","guid":{"rendered":"https:\/\/www.sportshine.eu\/?post_type=product&#038;p=6409"},"modified":"2026-04-01T06:33:49","modified_gmt":"2026-04-01T06:33:49","slug":"bryton-rider-s510-fahrradcomputer","status":"publish","type":"product","link":"https:\/\/www.sportshine.eu\/de\/geschaft\/bryton-rider-s510-fahrradcomputer\/","title":{"rendered":"Bryton Rider S510 Fahrradcomputer"},"content":{"rendered":"<h3 style=\"text-align: center;\">BRYTON RIDER S510 VIDEOPR\u00c4SENTATION<\/h3>\n<p><iframe loading=\"lazy\" title=\"Bryton Rider S510\" width=\"500\" height=\"281\" src=\"https:\/\/www.youtube.com\/embed\/lEKtFCwdEPc?feature=oembed\" frameborder=\"0\" allow=\"accelerometer; autoplay; clipboard-write; encrypted-media; gyroscope; picture-in-picture; web-share\" referrerpolicy=\"strict-origin-when-cross-origin\" allowfullscreen><\/iframe><\/p>\n<h3 style=\"text-align: center;\">SCHNELLSTATUS AUF DEM BILDSCHIRM<\/h3>\n<p style=\"text-align: center;\">Die neu gestalteten Schnellstatus zeigen die wichtigsten Informationen wie Standort, Uhrzeit und Batteriestatus an. F\u00fcr ein personalisiertes Radfahrerlebnis k\u00f6nnen Sie sie zus\u00e4tzlich mit Rundenzeit, Leistungsdaten und mehr anpassen.<\/p>\n<p><img decoding=\"async\" class=\"aligncenter wp-image-5653 size-full\" src=\"https:\/\/www.sportshine.eu\/wp-content\/uploads\/2025\/07\/Bryton-rider-s510-E-4.webp\" alt=\"\" width=\"800\" height=\"800\" srcset=\"https:\/\/www.sportshine.eu\/wp-content\/uploads\/2025\/07\/Bryton-rider-s510-E-4.webp 800w, https:\/\/www.sportshine.eu\/wp-content\/uploads\/2025\/07\/Bryton-rider-s510-E-4-768x768.webp 768w, https:\/\/www.sportshine.eu\/wp-content\/uploads\/2025\/07\/Bryton-rider-s510-E-4-600x600.webp 600w\" sizes=\"(max-width: 800px) 100vw, 800px\" \/><\/p>\n<h3 style=\"text-align: center;\">NAVIGATION MIT KARTEN<\/h3>\n<p style=\"text-align: center;\">Auf dem Bryton Rider S510 sind OpenStreetMaps mit zus\u00e4tzlichen Details und Sonderzielen (POI) f\u00fcr Radfahrer vorinstalliert. Die Karten enthalten auch Mountainbike-Strecken und andere Offroad-Aktivit\u00e4ten.<\/p>\n<p><img decoding=\"async\" class=\"wp-image-7710 size-full aligncenter\" src=\"https:\/\/www.sportshine.eu\/wp-content\/uploads\/2025\/07\/Kolesarski-stevec-Brytom-7.webp\" alt=\"\" width=\"800\" height=\"600\" srcset=\"https:\/\/www.sportshine.eu\/wp-content\/uploads\/2025\/07\/Kolesarski-stevec-Brytom-7.webp 800w, https:\/\/www.sportshine.eu\/wp-content\/uploads\/2025\/07\/Kolesarski-stevec-Brytom-7-768x576.webp 768w, https:\/\/www.sportshine.eu\/wp-content\/uploads\/2025\/07\/Kolesarski-stevec-Brytom-7-600x450.webp 600w\" sizes=\"(max-width: 800px) 100vw, 800px\" \/><\/p>\n<h3 style=\"text-align: center;\">INTELLIGENTE TRAININGSPROGRAMME<\/h3>\n<div>\n<p style=\"text-align: center;\">Bei Verbindung mit ANT+FE-C Smarttrainern k\u00f6nnen Sie mit dem Rider S510 eine virtuelle Fahrt unternehmen, die den Widerstand entsprechend dem importierten Plan verwaltet.<\/p>\n<p><img decoding=\"async\" class=\"aligncenter wp-image-7711\" src=\"https:\/\/www.sportshine.eu\/wp-content\/uploads\/2025\/07\/Stevec-za-kolo.webp\" alt=\"\" width=\"800\" height=\"600\" srcset=\"https:\/\/www.sportshine.eu\/wp-content\/uploads\/2025\/07\/Stevec-za-kolo-768x576.webp 768w, https:\/\/www.sportshine.eu\/wp-content\/uploads\/2025\/07\/Stevec-za-kolo-600x450.webp 600w\" sizes=\"(max-width: 800px) 100vw, 800px\" \/><\/p>\n<\/div>\n<h3 style=\"text-align: center;\">JEDER AUFSTIEG IST M\u00d6GLICH<\/h3>\n<div>\n<p style=\"text-align: center;\">Der Rider S510 Fahrradcomputer bietet Ihnen eine sorgenfreie Turn-by-Turn-Navigation mit Stra\u00dfennamen, POIs, Gipfelnamen, Entfernungen und vielem mehr auf vorinstallierten Karten. Karten k\u00f6nnen auch ge\u00e4ndert oder aktualisiert werden.<\/p>\n<p><img decoding=\"async\" class=\"aligncenter wp-image-5654 size-full\" src=\"https:\/\/www.sportshine.eu\/wp-content\/uploads\/2025\/07\/Bryton-rider-s510-E-5.webp\" alt=\"\" width=\"800\" height=\"800\" srcset=\"https:\/\/www.sportshine.eu\/wp-content\/uploads\/2025\/07\/Bryton-rider-s510-E-5.webp 800w, https:\/\/www.sportshine.eu\/wp-content\/uploads\/2025\/07\/Bryton-rider-s510-E-5-768x768.webp 768w, https:\/\/www.sportshine.eu\/wp-content\/uploads\/2025\/07\/Bryton-rider-s510-E-5-600x600.webp 600w\" sizes=\"(max-width: 800px) 100vw, 800px\" \/><\/p>\n<h3 style=\"text-align: center;\">ERWEITERTE NEUORIENTIERUNGEN<\/h3>\n<p style=\"text-align: center;\">Wenn Sie einer vordefinierten Route folgen und vom Weg abkommen, f\u00fchrt Sie der Rider S510 wieder auf die richtige Spur. Sie m\u00fcssen dazu keine Verbindung zu Ihrem Telefon oder Ihrer App herstellen.<\/p>\n<p><img decoding=\"async\" class=\"aligncenter wp-image-7712\" src=\"https:\/\/www.sportshine.eu\/wp-content\/uploads\/2025\/07\/stevec-za-kolo-Bryton.webp\" alt=\"\" width=\"800\" height=\"600\" srcset=\"https:\/\/www.sportshine.eu\/wp-content\/uploads\/2025\/07\/stevec-za-kolo-Bryton-768x576.webp 768w, https:\/\/www.sportshine.eu\/wp-content\/uploads\/2025\/07\/stevec-za-kolo-Bryton-600x450.webp 600w\" sizes=\"(max-width: 800px) 100vw, 800px\" \/><\/p>\n<\/div>","protected":false},"excerpt":{"rendered":"<p>Der Bryton Rider S510 Fahrradcomputer mit Farb-LCD-Touchscreen erm\u00f6glicht die Verbindung mit Radarleuchten, GPS-Navigation mit vorinstallierten Karten, Smart Workouts, Climb Challenge 2.0 und eine einfache Synchronisierung mit der Bryton Active App. Der Akku bietet eine Laufzeit von 30 Stunden und wird \u00fcber ein USB-C-Kabel aufgeladen. Das Set enth\u00e4lt au\u00dferdem eine einfache Lenkerhalterung, ein Ladekabel und eine Sicherheitsschlaufe.<\/p>","protected":false},"featured_media":7721,"comment_status":"open","ping_status":"closed","template":"","meta":[],"product_brand":[],"product_cat":[94],"product_tag":[],"class_list":{"0":"post-6409","1":"product","2":"type-product","3":"status-publish","4":"has-post-thumbnail","6":"product_cat-kolesarski-stevci","8":"first","9":"instock","10":"taxable","11":"shipping-taxable","12":"purchasable","13":"product-type-simple"},"yoast_head":"<!-- This site is optimized with the Yoast SEO plugin v27.3 - https:\/\/yoast.com\/product\/yoast-seo-wordpress\/ -->\n<title>Bryton Rider S510 E kolesarski ra\u010dunalnik<\/title>\n<meta name=\"description\" content=\"Bryton Rider S510 ima ogromno funkcij, je preprost za uporabo in je primeren tako za hobi kolesarje kot za profesionalce in semi-profesionalce.\" \/>\n<meta name=\"robots\" content=\"index, follow, max-snippet:-1, max-image-preview:large, max-video-preview:-1\" \/>\n<link rel=\"canonical\" href=\"https:\/\/www.sportshine.eu\/de\/geschaft\/bryton-rider-s510-fahrradcomputer\/\" \/>\n<meta property=\"og:locale\" content=\"de_DE\" \/>\n<meta property=\"og:type\" content=\"article\" \/>\n<meta property=\"og:title\" content=\"Bryton Rider S510 E kolesarski ra\u010dunalnik\" \/>\n<meta property=\"og:description\" content=\"Bryton Rider S510 ima ogromno funkcij, je preprost za uporabo in je primeren tako za hobi kolesarje kot za profesionalce in semi-profesionalce.\" \/>\n<meta property=\"og:url\" content=\"https:\/\/www.sportshine.eu\/de\/geschaft\/bryton-rider-s510-fahrradcomputer\/\" \/>\n<meta property=\"og:site_name\" content=\"Sportshine\" \/>\n<meta property=\"article:publisher\" content=\"https:\/\/www.facebook.com\/sportshine.eu\/\" \/>\n<meta property=\"article:modified_time\" content=\"2026-04-01T06:33:49+00:00\" \/>\n<meta property=\"og:image\" content=\"https:\/\/www.sportshine.eu\/wp-content\/uploads\/2025\/07\/Bryton-S510.webp\" \/>\n\t<meta property=\"og:image:width\" content=\"800\" \/>\n\t<meta property=\"og:image:height\" content=\"800\" \/>\n\t<meta property=\"og:image:type\" content=\"image\/webp\" \/>\n<meta name=\"twitter:card\" content=\"summary_large_image\" \/>\n<meta name=\"twitter:label1\" content=\"Gesch\u00e4tzte Lesezeit\" \/>\n\t<meta name=\"twitter:data1\" content=\"3 Minuten\" \/>\n<script type=\"application\/ld+json\" class=\"yoast-schema-graph\">{\"@context\":\"https:\\\/\\\/schema.org\",\"@graph\":[{\"@type\":\"WebPage\",\"@id\":\"https:\\\/\\\/www.sportshine.eu\\\/trgovina\\\/bryton-rider-s510-kolesarski-racunalnik\\\/\",\"url\":\"https:\\\/\\\/www.sportshine.eu\\\/trgovina\\\/bryton-rider-s510-kolesarski-racunalnik\\\/\",\"name\":\"Bryton Rider S510 E kolesarski ra\u010dunalnik\",\"isPartOf\":{\"@id\":\"https:\\\/\\\/www.sportshine.eu\\\/#website\"},\"primaryImageOfPage\":{\"@id\":\"https:\\\/\\\/www.sportshine.eu\\\/trgovina\\\/bryton-rider-s510-kolesarski-racunalnik\\\/#primaryimage\"},\"image\":{\"@id\":\"https:\\\/\\\/www.sportshine.eu\\\/trgovina\\\/bryton-rider-s510-kolesarski-racunalnik\\\/#primaryimage\"},\"thumbnailUrl\":\"https:\\\/\\\/www.sportshine.eu\\\/wp-content\\\/uploads\\\/2025\\\/07\\\/Bryton-S510.webp\",\"datePublished\":\"2025-07-05T19:32:32+00:00\",\"dateModified\":\"2026-04-01T06:33:49+00:00\",\"description\":\"Bryton Rider S510 ima ogromno funkcij, je preprost za uporabo in je primeren tako za hobi kolesarje kot za profesionalce in semi-profesionalce.\",\"breadcrumb\":{\"@id\":\"https:\\\/\\\/www.sportshine.eu\\\/trgovina\\\/bryton-rider-s510-kolesarski-racunalnik\\\/#breadcrumb\"},\"inLanguage\":\"de-AT\",\"potentialAction\":[{\"@type\":\"ReadAction\",\"target\":[\"https:\\\/\\\/www.sportshine.eu\\\/trgovina\\\/bryton-rider-s510-kolesarski-racunalnik\\\/\"]}]},{\"@type\":\"ImageObject\",\"inLanguage\":\"de-AT\",\"@id\":\"https:\\\/\\\/www.sportshine.eu\\\/trgovina\\\/bryton-rider-s510-kolesarski-racunalnik\\\/#primaryimage\",\"url\":\"https:\\\/\\\/www.sportshine.eu\\\/wp-content\\\/uploads\\\/2025\\\/07\\\/Bryton-S510.webp\",\"contentUrl\":\"https:\\\/\\\/www.sportshine.eu\\\/wp-content\\\/uploads\\\/2025\\\/07\\\/Bryton-S510.webp\",\"width\":800,\"height\":800},{\"@type\":\"BreadcrumbList\",\"@id\":\"https:\\\/\\\/www.sportshine.eu\\\/trgovina\\\/bryton-rider-s510-kolesarski-racunalnik\\\/#breadcrumb\",\"itemListElement\":[{\"@type\":\"ListItem\",\"position\":1,\"name\":\"Home\",\"item\":\"https:\\\/\\\/www.sportshine.eu\\\/\"},{\"@type\":\"ListItem\",\"position\":2,\"name\":\"Trgovina\",\"item\":\"https:\\\/\\\/www.sportshine.eu\\\/trgovina\\\/\"},{\"@type\":\"ListItem\",\"position\":3,\"name\":\"Bryton Rider S510 kolesarski ra\u010dunalnik\"}]},{\"@type\":\"WebSite\",\"@id\":\"https:\\\/\\\/www.sportshine.eu\\\/#website\",\"url\":\"https:\\\/\\\/www.sportshine.eu\\\/\",\"name\":\"Sportshine\",\"description\":\"Top spletna trgovina kolesarskih in naglavnih svetilk ter opreme\",\"publisher\":{\"@id\":\"https:\\\/\\\/www.sportshine.eu\\\/#organization\"},\"potentialAction\":[{\"@type\":\"SearchAction\",\"target\":{\"@type\":\"EntryPoint\",\"urlTemplate\":\"https:\\\/\\\/www.sportshine.eu\\\/?s={search_term_string}\"},\"query-input\":{\"@type\":\"PropertyValueSpecification\",\"valueRequired\":true,\"valueName\":\"search_term_string\"}}],\"inLanguage\":\"de-AT\"},{\"@type\":\"Organization\",\"@id\":\"https:\\\/\\\/www.sportshine.eu\\\/#organization\",\"name\":\"Sportshine\",\"url\":\"https:\\\/\\\/www.sportshine.eu\\\/\",\"logo\":{\"@type\":\"ImageObject\",\"inLanguage\":\"de-AT\",\"@id\":\"https:\\\/\\\/www.sportshine.eu\\\/#\\\/schema\\\/logo\\\/image\\\/\",\"url\":\"https:\\\/\\\/www.sportshine.eu\\\/wp-content\\\/uploads\\\/2026\\\/01\\\/cropped-Sportshine.webp\",\"contentUrl\":\"https:\\\/\\\/www.sportshine.eu\\\/wp-content\\\/uploads\\\/2026\\\/01\\\/cropped-Sportshine.webp\",\"width\":295,\"height\":128,\"caption\":\"Sportshine\"},\"image\":{\"@id\":\"https:\\\/\\\/www.sportshine.eu\\\/#\\\/schema\\\/logo\\\/image\\\/\"},\"sameAs\":[\"https:\\\/\\\/www.facebook.com\\\/sportshine.eu\\\/\"]}]}<\/script>\n<!-- \/ Yoast SEO plugin. -->","yoast_head_json":{"title":"Bryton Rider S510 E-Bike-Computer","description":"Der Bryton Rider S510 verf\u00fcgt \u00fcber viele Funktionen, ist einfach zu bedienen und eignet sich sowohl f\u00fcr Hobbyradler als auch f\u00fcr Profis und Semi-Profis.","robots":{"index":"index","follow":"follow","max-snippet":"max-snippet:-1","max-image-preview":"max-image-preview:large","max-video-preview":"max-video-preview:-1"},"canonical":"https:\/\/www.sportshine.eu\/de\/geschaft\/bryton-rider-s510-fahrradcomputer\/","og_locale":"de_DE","og_type":"article","og_title":"Bryton Rider S510 E kolesarski ra\u010dunalnik","og_description":"Bryton Rider S510 ima ogromno funkcij, je preprost za uporabo in je primeren tako za hobi kolesarje kot za profesionalce in semi-profesionalce.","og_url":"https:\/\/www.sportshine.eu\/de\/geschaft\/bryton-rider-s510-fahrradcomputer\/","og_site_name":"Sportshine","article_publisher":"https:\/\/www.facebook.com\/sportshine.eu\/","article_modified_time":"2026-04-01T06:33:49+00:00","og_image":[{"width":800,"height":800,"url":"https:\/\/www.sportshine.eu\/wp-content\/uploads\/2025\/07\/Bryton-S510.webp","type":"image\/webp"}],"twitter_card":"summary_large_image","twitter_misc":{"Gesch\u00e4tzte Lesezeit":"3 Minuten"},"schema":{"@context":"https:\/\/schema.org","@graph":[{"@type":"WebPage","@id":"https:\/\/www.sportshine.eu\/trgovina\/bryton-rider-s510-kolesarski-racunalnik\/","url":"https:\/\/www.sportshine.eu\/trgovina\/bryton-rider-s510-kolesarski-racunalnik\/","name":"Bryton Rider S510 E-Bike-Computer","isPartOf":{"@id":"https:\/\/www.sportshine.eu\/#website"},"primaryImageOfPage":{"@id":"https:\/\/www.sportshine.eu\/trgovina\/bryton-rider-s510-kolesarski-racunalnik\/#primaryimage"},"image":{"@id":"https:\/\/www.sportshine.eu\/trgovina\/bryton-rider-s510-kolesarski-racunalnik\/#primaryimage"},"thumbnailUrl":"https:\/\/www.sportshine.eu\/wp-content\/uploads\/2025\/07\/Bryton-S510.webp","datePublished":"2025-07-05T19:32:32+00:00","dateModified":"2026-04-01T06:33:49+00:00","description":"Der Bryton Rider S510 verf\u00fcgt \u00fcber viele Funktionen, ist einfach zu bedienen und eignet sich sowohl f\u00fcr Hobbyradler als auch f\u00fcr Profis und Semi-Profis.","breadcrumb":{"@id":"https:\/\/www.sportshine.eu\/trgovina\/bryton-rider-s510-kolesarski-racunalnik\/#breadcrumb"},"inLanguage":"de-AT","potentialAction":[{"@type":"ReadAction","target":["https:\/\/www.sportshine.eu\/trgovina\/bryton-rider-s510-kolesarski-racunalnik\/"]}]},{"@type":"ImageObject","inLanguage":"de-AT","@id":"https:\/\/www.sportshine.eu\/trgovina\/bryton-rider-s510-kolesarski-racunalnik\/#primaryimage","url":"https:\/\/www.sportshine.eu\/wp-content\/uploads\/2025\/07\/Bryton-S510.webp","contentUrl":"https:\/\/www.sportshine.eu\/wp-content\/uploads\/2025\/07\/Bryton-S510.webp","width":800,"height":800},{"@type":"BreadcrumbList","@id":"https:\/\/www.sportshine.eu\/trgovina\/bryton-rider-s510-kolesarski-racunalnik\/#breadcrumb","itemListElement":[{"@type":"ListItem","position":1,"name":"Home","item":"https:\/\/www.sportshine.eu\/"},{"@type":"ListItem","position":2,"name":"Trgovina","item":"https:\/\/www.sportshine.eu\/trgovina\/"},{"@type":"ListItem","position":3,"name":"Bryton Rider S510 kolesarski ra\u010dunalnik"}]},{"@type":"WebSite","@id":"https:\/\/www.sportshine.eu\/#website","url":"https:\/\/www.sportshine.eu\/","name":"Sportshine","description":"Top Online-Shop f\u00fcr Fahrrad- und Stirnlampen sowie Zubeh\u00f6r","publisher":{"@id":"https:\/\/www.sportshine.eu\/#organization"},"potentialAction":[{"@type":"SearchAction","target":{"@type":"EntryPoint","urlTemplate":"https:\/\/www.sportshine.eu\/?s={search_term_string}"},"query-input":{"@type":"PropertyValueSpecification","valueRequired":true,"valueName":"search_term_string"}}],"inLanguage":"de-AT"},{"@type":"Organization","@id":"https:\/\/www.sportshine.eu\/#organization","name":"Sportshine","url":"https:\/\/www.sportshine.eu\/","logo":{"@type":"ImageObject","inLanguage":"de-AT","@id":"https:\/\/www.sportshine.eu\/#\/schema\/logo\/image\/","url":"https:\/\/www.sportshine.eu\/wp-content\/uploads\/2026\/01\/cropped-Sportshine.webp","contentUrl":"https:\/\/www.sportshine.eu\/wp-content\/uploads\/2026\/01\/cropped-Sportshine.webp","width":295,"height":128,"caption":"Sportshine"},"image":{"@id":"https:\/\/www.sportshine.eu\/#\/schema\/logo\/image\/"},"sameAs":["https:\/\/www.facebook.com\/sportshine.eu\/"]}]}},"_links":{"self":[{"href":"https:\/\/www.sportshine.eu\/de\/wp-json\/wp\/v2\/product\/6409","targetHints":{"allow":["GET"]}}],"collection":[{"href":"https:\/\/www.sportshine.eu\/de\/wp-json\/wp\/v2\/product"}],"about":[{"href":"https:\/\/www.sportshine.eu\/de\/wp-json\/wp\/v2\/types\/product"}],"replies":[{"embeddable":true,"href":"https:\/\/www.sportshine.eu\/de\/wp-json\/wp\/v2\/comments?post=6409"}],"version-history":[{"count":1,"href":"https:\/\/www.sportshine.eu\/de\/wp-json\/wp\/v2\/product\/6409\/revisions"}],"predecessor-version":[{"id":10338,"href":"https:\/\/www.sportshine.eu\/de\/wp-json\/wp\/v2\/product\/6409\/revisions\/10338"}],"wp:featuredmedia":[{"embeddable":true,"href":"https:\/\/www.sportshine.eu\/de\/wp-json\/wp\/v2\/media\/7721"}],"wp:attachment":[{"href":"https:\/\/www.sportshine.eu\/de\/wp-json\/wp\/v2\/media?parent=6409"}],"wp:term":[{"taxonomy":"product_brand","embeddable":true,"href":"https:\/\/www.sportshine.eu\/de\/wp-json\/wp\/v2\/product_brand?post=6409"},{"taxonomy":"product_cat","embeddable":true,"href":"https:\/\/www.sportshine.eu\/de\/wp-json\/wp\/v2\/product_cat?post=6409"},{"taxonomy":"product_tag","embeddable":true,"href":"https:\/\/www.sportshine.eu\/de\/wp-json\/wp\/v2\/product_tag?post=6409"}],"curies":[{"name":"wp","href":"https:\/\/api.w.org\/{rel}","templated":true}]}}