{"id":6406,"date":"2025-07-05T19:32:28","date_gmt":"2025-07-05T19:32:28","guid":{"rendered":"https:\/\/www.sportshine.eu\/?post_type=product&#038;p=6406"},"modified":"2026-04-01T06:33:14","modified_gmt":"2026-04-01T06:33:14","slug":"bryton-gardia-r300l-radar-rucklicht","status":"publish","type":"product","link":"https:\/\/www.sportshine.eu\/de\/geschaft\/bryton-gardia-r300l-radar-rucklicht\/","title":{"rendered":"Bryton Gardia R300L Radar-R\u00fccklicht"},"content":{"rendered":"<h3 style=\"text-align: center;\">RADARRUCKLICHT BRYTON GARDIA R300L<\/h3>\n<p><iframe loading=\"lazy\" title=\"Bryton Guardia R300L\" width=\"500\" height=\"281\" src=\"https:\/\/www.youtube.com\/embed\/H5y0CNTwkbA?feature=oembed\" frameborder=\"0\" allow=\"accelerometer; autoplay; clipboard-write; encrypted-media; gyroscope; picture-in-picture; web-share\" referrerpolicy=\"strict-origin-when-cross-origin\" allowfullscreen><\/iframe><\/p>\n<h3 style=\"text-align: center;\">HECKSCHUTZ<\/h3>\n<p style=\"text-align: center;\">Mit dem Gardia R300L Radar fahren Sie sicherer. Das Radar erkennt Fahrzeuge bis zu 190 m hinter dem Radfahrer. Es kann an verschiedene unterst\u00fctzte Fahrradcomputer angeschlossen werden, die optisch und akustisch vor herannahenden Fahrzeugen warnen.<\/p>\n<p><img decoding=\"async\" class=\"aligncenter wp-image-7746\" src=\"https:\/\/www.sportshine.eu\/wp-content\/uploads\/2025\/07\/radarska-luc-bryton.webp\" alt=\"\" width=\"800\" height=\"600\" srcset=\"https:\/\/www.sportshine.eu\/wp-content\/uploads\/2025\/07\/radarska-luc-bryton-768x576.webp 768w, https:\/\/www.sportshine.eu\/wp-content\/uploads\/2025\/07\/radarska-luc-bryton-600x450.webp 600w\" sizes=\"(max-width: 800px) 100vw, 800px\" \/><\/p>\n<h3 style=\"text-align: center;\">WARNLEUCHTEN<\/h3>\n<p style=\"text-align: center;\">Das Radar ist mit einem hellen roten LED-Licht ausgestattet. Erkennt Gardia ein Fahrzeug hinter dem Radfahrer, beginnt es entsprechend der Geschwindigkeit des sich n\u00e4hernden Fahrzeugs zu blinken. Ist Gardia mit einem Bryton-Fahrradcomputer verbunden, wird die Lichtintensit\u00e4t zudem tageszeitabh\u00e4ngig angepasst. Das Radar verf\u00fcgt au\u00dferdem \u00fcber einen eingebauten G-Kraft-Sensor, wodurch das Licht als Bremslicht verwendet werden kann. Zus\u00e4tzlich ist es m\u00f6glich, die Blinkintensit\u00e4t und Lichtintensit\u00e4t anzupassen, um Batterie zu sparen.<\/p>\n<p><img decoding=\"async\" class=\"aligncenter wp-image-7747\" src=\"https:\/\/www.sportshine.eu\/wp-content\/uploads\/2025\/07\/radarska-luc.webp\" alt=\"\" width=\"800\" height=\"600\" srcset=\"https:\/\/www.sportshine.eu\/wp-content\/uploads\/2025\/07\/radarska-luc-768x576.webp 768w, https:\/\/www.sportshine.eu\/wp-content\/uploads\/2025\/07\/radarska-luc-600x450.webp 600w\" sizes=\"(max-width: 800px) 100vw, 800px\" \/><\/p>\n<h3 style=\"text-align: center;\">ANT+- UND BLUETOOTH-KOMPATIBILIT\u00c4T<\/h3>\n<div>\n<p style=\"text-align: center;\">Das Gardia verf\u00fcgt \u00fcber die drahtlose ANT+-Konnektivit\u00e4t und kann so mit kompatiblen Lampen und Fahrradcomputern verbunden werden. Es kann auch mit einem Smartphone und der Bryton Gardia App verbunden werden. Mit der App k\u00f6nnen Sie au\u00dferdem Radar- und Lichtfunktionen anpassen, Software aktualisieren und den Akkuladestand \u00fcberwachen.<\/p>\n<p><img decoding=\"async\" class=\"aligncenter wp-image-7749\" src=\"https:\/\/www.sportshine.eu\/wp-content\/uploads\/2025\/07\/radar.webp\" alt=\"\" width=\"800\" height=\"600\" srcset=\"https:\/\/www.sportshine.eu\/wp-content\/uploads\/2025\/07\/radar-768x576.webp 768w, https:\/\/www.sportshine.eu\/wp-content\/uploads\/2025\/07\/radar-600x450.webp 600w\" sizes=\"(max-width: 800px) 100vw, 800px\" \/><\/p>\n<\/div>\n<h3 style=\"text-align: center;\">LEISTUNGSSTARKER AKKU<\/h3>\n<div>\n<p style=\"text-align: center;\">Der Akku der Bryton Gardia R300L erm\u00f6glicht eine Laufzeit von bis zu 17 Stunden im Tagblinkmodus und bis zu 12 Stunden im Dauerbetrieb. Bei niedrigem Akkustand verringert sich die Helligkeit automatisch, was die Nutzungsdauer verl\u00e4ngert. Der Akku wird \u00fcber ein USB-C-Kabel aufgeladen.<\/p>\n<p><img decoding=\"async\" class=\"aligncenter wp-image-7750\" src=\"https:\/\/www.sportshine.eu\/wp-content\/uploads\/2025\/07\/bryton-radar.webp\" alt=\"\" width=\"800\" height=\"600\" srcset=\"https:\/\/www.sportshine.eu\/wp-content\/uploads\/2025\/07\/bryton-radar-768x576.webp 768w, https:\/\/www.sportshine.eu\/wp-content\/uploads\/2025\/07\/bryton-radar-600x450.webp 600w\" sizes=\"(max-width: 800px) 100vw, 800px\" \/><\/p>\n<h3 style=\"text-align: center;\">EINFACHE INSTALLATION<\/h3>\n<p style=\"text-align: center;\">Das Paket enth\u00e4lt alles f\u00fcr eine schnelle und einfache Montage am Fahrrad. Die Montage erfolgt mit einer Gummihalterung, die nur einmal montiert wird, da sich Gardia einfach und sicher an der Halterung befestigen l\u00e4sst. Es erm\u00f6glicht die Montage an klassischen, Aero- und D-Typ-Sattelst\u00fctzen mit 27,2 mm, 30,9 mm und 31,6 mm.<\/p>\n<p><img decoding=\"async\" class=\"aligncenter wp-image-7751\" src=\"https:\/\/www.sportshine.eu\/wp-content\/uploads\/2025\/07\/bryton-r300.webp\" alt=\"\" width=\"800\" height=\"600\" srcset=\"https:\/\/www.sportshine.eu\/wp-content\/uploads\/2025\/07\/bryton-r300-768x576.webp 768w, https:\/\/www.sportshine.eu\/wp-content\/uploads\/2025\/07\/bryton-r300-600x450.webp 600w\" sizes=\"(max-width: 800px) 100vw, 800px\" \/><\/p>\n<\/div>","protected":false},"excerpt":{"rendered":"<p>Das Bryton Gardia R300L Radar-R\u00fccklicht ist mit Fahrradcomputern mit ANT+-Protokoll und Smartphones per Bluetooth-Verbindung kompatibel. Das Radar warnt den Radfahrer vor sich von hinten n\u00e4hernden Fahrzeugen, und das Blinklicht mit einer Helligkeit von bis zu 73 Lumen macht Fahrzeuge hinter dem Radfahrer auf seine Anwesenheit auf der Stra\u00dfe aufmerksam. Das Radar ist wasserdicht (IPX7), hat einen Erfassungswinkel von 220\u00b0, ist kompakt geformt und mit nur 66 g leicht. Der Akku erm\u00f6glicht eine Betriebsdauer von bis zu 17 Stunden am Tag und wird mit dem mitgelieferten USB-C-Kabel aufgeladen. Inklusive Halterung mit Adaptern f\u00fcr verschiedene Sattelst\u00fctzentypen.<\/p>","protected":false},"featured_media":5642,"comment_status":"open","ping_status":"closed","template":"","meta":[],"product_brand":[],"product_cat":[86],"product_tag":[],"class_list":{"0":"post-6406","1":"product","2":"type-product","3":"status-publish","4":"has-post-thumbnail","6":"product_cat-zadnje-kolesarske-luci","8":"first","9":"outofstock","10":"taxable","11":"shipping-taxable","12":"purchasable","13":"product-type-simple"},"yoast_head":"<!-- This site is optimized with the Yoast SEO plugin v27.3 - https:\/\/yoast.com\/product\/yoast-seo-wordpress\/ -->\n<title>Radarska zadnja lu\u010d Bryton Gardia R300L<\/title>\n<meta name=\"description\" content=\"Radarska zadnja lu\u010d Bryton Gardia R300L je vrhunska kolesarska lu\u010d, zasnovana za kolesarje, ki cenijo varnost in zanesljivost.\" \/>\n<meta name=\"robots\" content=\"index, follow, max-snippet:-1, max-image-preview:large, max-video-preview:-1\" \/>\n<link rel=\"canonical\" href=\"https:\/\/www.sportshine.eu\/de\/geschaft\/bryton-gardia-r300l-radar-rucklicht\/\" \/>\n<meta property=\"og:locale\" content=\"de_DE\" \/>\n<meta property=\"og:type\" content=\"article\" \/>\n<meta property=\"og:title\" content=\"Radarska zadnja lu\u010d Bryton Gardia R300L\" \/>\n<meta property=\"og:description\" content=\"Radarska zadnja lu\u010d Bryton Gardia R300L je vrhunska kolesarska lu\u010d, zasnovana za kolesarje, ki cenijo varnost in zanesljivost.\" \/>\n<meta property=\"og:url\" content=\"https:\/\/www.sportshine.eu\/de\/geschaft\/bryton-gardia-r300l-radar-rucklicht\/\" \/>\n<meta property=\"og:site_name\" content=\"Sportshine\" \/>\n<meta property=\"article:publisher\" content=\"https:\/\/www.facebook.com\/sportshine.eu\/\" \/>\n<meta property=\"article:modified_time\" content=\"2026-04-01T06:33:14+00:00\" \/>\n<meta property=\"og:image\" content=\"https:\/\/www.sportshine.eu\/wp-content\/uploads\/2025\/07\/Radarska-zadnja-luc-Bryton-Gardia-R300L.webp\" \/>\n\t<meta property=\"og:image:width\" content=\"800\" \/>\n\t<meta property=\"og:image:height\" content=\"600\" \/>\n\t<meta property=\"og:image:type\" content=\"image\/webp\" \/>\n<meta name=\"twitter:card\" content=\"summary_large_image\" \/>\n<meta name=\"twitter:label1\" content=\"Gesch\u00e4tzte Lesezeit\" \/>\n\t<meta name=\"twitter:data1\" content=\"3 Minuten\" \/>\n<script type=\"application\/ld+json\" class=\"yoast-schema-graph\">{\"@context\":\"https:\\\/\\\/schema.org\",\"@graph\":[{\"@type\":\"WebPage\",\"@id\":\"https:\\\/\\\/www.sportshine.eu\\\/trgovina\\\/bryton-gardia-r300l-radarska-zadnja-luc\\\/\",\"url\":\"https:\\\/\\\/www.sportshine.eu\\\/trgovina\\\/bryton-gardia-r300l-radarska-zadnja-luc\\\/\",\"name\":\"Radarska zadnja lu\u010d Bryton Gardia R300L\",\"isPartOf\":{\"@id\":\"https:\\\/\\\/www.sportshine.eu\\\/#website\"},\"primaryImageOfPage\":{\"@id\":\"https:\\\/\\\/www.sportshine.eu\\\/trgovina\\\/bryton-gardia-r300l-radarska-zadnja-luc\\\/#primaryimage\"},\"image\":{\"@id\":\"https:\\\/\\\/www.sportshine.eu\\\/trgovina\\\/bryton-gardia-r300l-radarska-zadnja-luc\\\/#primaryimage\"},\"thumbnailUrl\":\"https:\\\/\\\/www.sportshine.eu\\\/wp-content\\\/uploads\\\/2025\\\/07\\\/Radarska-zadnja-luc-Bryton-Gardia-R300L.webp\",\"datePublished\":\"2025-07-05T19:32:28+00:00\",\"dateModified\":\"2026-04-01T06:33:14+00:00\",\"description\":\"Radarska zadnja lu\u010d Bryton Gardia R300L je vrhunska kolesarska lu\u010d, zasnovana za kolesarje, ki cenijo varnost in zanesljivost.\",\"breadcrumb\":{\"@id\":\"https:\\\/\\\/www.sportshine.eu\\\/trgovina\\\/bryton-gardia-r300l-radarska-zadnja-luc\\\/#breadcrumb\"},\"inLanguage\":\"de-AT\",\"potentialAction\":[{\"@type\":\"ReadAction\",\"target\":[\"https:\\\/\\\/www.sportshine.eu\\\/trgovina\\\/bryton-gardia-r300l-radarska-zadnja-luc\\\/\"]}]},{\"@type\":\"ImageObject\",\"inLanguage\":\"de-AT\",\"@id\":\"https:\\\/\\\/www.sportshine.eu\\\/trgovina\\\/bryton-gardia-r300l-radarska-zadnja-luc\\\/#primaryimage\",\"url\":\"https:\\\/\\\/www.sportshine.eu\\\/wp-content\\\/uploads\\\/2025\\\/07\\\/Radarska-zadnja-luc-Bryton-Gardia-R300L.webp\",\"contentUrl\":\"https:\\\/\\\/www.sportshine.eu\\\/wp-content\\\/uploads\\\/2025\\\/07\\\/Radarska-zadnja-luc-Bryton-Gardia-R300L.webp\",\"width\":800,\"height\":600},{\"@type\":\"BreadcrumbList\",\"@id\":\"https:\\\/\\\/www.sportshine.eu\\\/trgovina\\\/bryton-gardia-r300l-radarska-zadnja-luc\\\/#breadcrumb\",\"itemListElement\":[{\"@type\":\"ListItem\",\"position\":1,\"name\":\"Home\",\"item\":\"https:\\\/\\\/www.sportshine.eu\\\/\"},{\"@type\":\"ListItem\",\"position\":2,\"name\":\"Trgovina\",\"item\":\"https:\\\/\\\/www.sportshine.eu\\\/trgovina\\\/\"},{\"@type\":\"ListItem\",\"position\":3,\"name\":\"Bryton Gardia R300L radarska zadnja lu\u010d\"}]},{\"@type\":\"WebSite\",\"@id\":\"https:\\\/\\\/www.sportshine.eu\\\/#website\",\"url\":\"https:\\\/\\\/www.sportshine.eu\\\/\",\"name\":\"Sportshine\",\"description\":\"Top spletna trgovina kolesarskih in naglavnih svetilk ter opreme\",\"publisher\":{\"@id\":\"https:\\\/\\\/www.sportshine.eu\\\/#organization\"},\"potentialAction\":[{\"@type\":\"SearchAction\",\"target\":{\"@type\":\"EntryPoint\",\"urlTemplate\":\"https:\\\/\\\/www.sportshine.eu\\\/?s={search_term_string}\"},\"query-input\":{\"@type\":\"PropertyValueSpecification\",\"valueRequired\":true,\"valueName\":\"search_term_string\"}}],\"inLanguage\":\"de-AT\"},{\"@type\":\"Organization\",\"@id\":\"https:\\\/\\\/www.sportshine.eu\\\/#organization\",\"name\":\"Sportshine\",\"url\":\"https:\\\/\\\/www.sportshine.eu\\\/\",\"logo\":{\"@type\":\"ImageObject\",\"inLanguage\":\"de-AT\",\"@id\":\"https:\\\/\\\/www.sportshine.eu\\\/#\\\/schema\\\/logo\\\/image\\\/\",\"url\":\"https:\\\/\\\/www.sportshine.eu\\\/wp-content\\\/uploads\\\/2026\\\/01\\\/cropped-Sportshine.webp\",\"contentUrl\":\"https:\\\/\\\/www.sportshine.eu\\\/wp-content\\\/uploads\\\/2026\\\/01\\\/cropped-Sportshine.webp\",\"width\":295,\"height\":128,\"caption\":\"Sportshine\"},\"image\":{\"@id\":\"https:\\\/\\\/www.sportshine.eu\\\/#\\\/schema\\\/logo\\\/image\\\/\"},\"sameAs\":[\"https:\\\/\\\/www.facebook.com\\\/sportshine.eu\\\/\"]}]}<\/script>\n<!-- \/ Yoast SEO plugin. -->","yoast_head_json":{"title":"Bryton Gardia R300L Radar-R\u00fccklicht","description":"Das Radar-R\u00fccklicht Bryton Gardia R300L ist ein Premium-Fahrradlicht f\u00fcr Radfahrer, die Wert auf Sicherheit und Zuverl\u00e4ssigkeit legen.","robots":{"index":"index","follow":"follow","max-snippet":"max-snippet:-1","max-image-preview":"max-image-preview:large","max-video-preview":"max-video-preview:-1"},"canonical":"https:\/\/www.sportshine.eu\/de\/geschaft\/bryton-gardia-r300l-radar-rucklicht\/","og_locale":"de_DE","og_type":"article","og_title":"Radarska zadnja lu\u010d Bryton Gardia R300L","og_description":"Radarska zadnja lu\u010d Bryton Gardia R300L je vrhunska kolesarska lu\u010d, zasnovana za kolesarje, ki cenijo varnost in zanesljivost.","og_url":"https:\/\/www.sportshine.eu\/de\/geschaft\/bryton-gardia-r300l-radar-rucklicht\/","og_site_name":"Sportshine","article_publisher":"https:\/\/www.facebook.com\/sportshine.eu\/","article_modified_time":"2026-04-01T06:33:14+00:00","og_image":[{"width":800,"height":600,"url":"https:\/\/www.sportshine.eu\/wp-content\/uploads\/2025\/07\/Radarska-zadnja-luc-Bryton-Gardia-R300L.webp","type":"image\/webp"}],"twitter_card":"summary_large_image","twitter_misc":{"Gesch\u00e4tzte Lesezeit":"3 Minuten"},"schema":{"@context":"https:\/\/schema.org","@graph":[{"@type":"WebPage","@id":"https:\/\/www.sportshine.eu\/trgovina\/bryton-gardia-r300l-radarska-zadnja-luc\/","url":"https:\/\/www.sportshine.eu\/trgovina\/bryton-gardia-r300l-radarska-zadnja-luc\/","name":"Bryton Gardia R300L Radar-R\u00fccklicht","isPartOf":{"@id":"https:\/\/www.sportshine.eu\/#website"},"primaryImageOfPage":{"@id":"https:\/\/www.sportshine.eu\/trgovina\/bryton-gardia-r300l-radarska-zadnja-luc\/#primaryimage"},"image":{"@id":"https:\/\/www.sportshine.eu\/trgovina\/bryton-gardia-r300l-radarska-zadnja-luc\/#primaryimage"},"thumbnailUrl":"https:\/\/www.sportshine.eu\/wp-content\/uploads\/2025\/07\/Radarska-zadnja-luc-Bryton-Gardia-R300L.webp","datePublished":"2025-07-05T19:32:28+00:00","dateModified":"2026-04-01T06:33:14+00:00","description":"Das Radar-R\u00fccklicht Bryton Gardia R300L ist ein Premium-Fahrradlicht f\u00fcr Radfahrer, die Wert auf Sicherheit und Zuverl\u00e4ssigkeit legen.","breadcrumb":{"@id":"https:\/\/www.sportshine.eu\/trgovina\/bryton-gardia-r300l-radarska-zadnja-luc\/#breadcrumb"},"inLanguage":"de-AT","potentialAction":[{"@type":"ReadAction","target":["https:\/\/www.sportshine.eu\/trgovina\/bryton-gardia-r300l-radarska-zadnja-luc\/"]}]},{"@type":"ImageObject","inLanguage":"de-AT","@id":"https:\/\/www.sportshine.eu\/trgovina\/bryton-gardia-r300l-radarska-zadnja-luc\/#primaryimage","url":"https:\/\/www.sportshine.eu\/wp-content\/uploads\/2025\/07\/Radarska-zadnja-luc-Bryton-Gardia-R300L.webp","contentUrl":"https:\/\/www.sportshine.eu\/wp-content\/uploads\/2025\/07\/Radarska-zadnja-luc-Bryton-Gardia-R300L.webp","width":800,"height":600},{"@type":"BreadcrumbList","@id":"https:\/\/www.sportshine.eu\/trgovina\/bryton-gardia-r300l-radarska-zadnja-luc\/#breadcrumb","itemListElement":[{"@type":"ListItem","position":1,"name":"Home","item":"https:\/\/www.sportshine.eu\/"},{"@type":"ListItem","position":2,"name":"Trgovina","item":"https:\/\/www.sportshine.eu\/trgovina\/"},{"@type":"ListItem","position":3,"name":"Bryton Gardia R300L radarska zadnja lu\u010d"}]},{"@type":"WebSite","@id":"https:\/\/www.sportshine.eu\/#website","url":"https:\/\/www.sportshine.eu\/","name":"Sportshine","description":"Top Online-Shop f\u00fcr Fahrrad- und Stirnlampen sowie Zubeh\u00f6r","publisher":{"@id":"https:\/\/www.sportshine.eu\/#organization"},"potentialAction":[{"@type":"SearchAction","target":{"@type":"EntryPoint","urlTemplate":"https:\/\/www.sportshine.eu\/?s={search_term_string}"},"query-input":{"@type":"PropertyValueSpecification","valueRequired":true,"valueName":"search_term_string"}}],"inLanguage":"de-AT"},{"@type":"Organization","@id":"https:\/\/www.sportshine.eu\/#organization","name":"Sportshine","url":"https:\/\/www.sportshine.eu\/","logo":{"@type":"ImageObject","inLanguage":"de-AT","@id":"https:\/\/www.sportshine.eu\/#\/schema\/logo\/image\/","url":"https:\/\/www.sportshine.eu\/wp-content\/uploads\/2026\/01\/cropped-Sportshine.webp","contentUrl":"https:\/\/www.sportshine.eu\/wp-content\/uploads\/2026\/01\/cropped-Sportshine.webp","width":295,"height":128,"caption":"Sportshine"},"image":{"@id":"https:\/\/www.sportshine.eu\/#\/schema\/logo\/image\/"},"sameAs":["https:\/\/www.facebook.com\/sportshine.eu\/"]}]}},"_links":{"self":[{"href":"https:\/\/www.sportshine.eu\/de\/wp-json\/wp\/v2\/product\/6406","targetHints":{"allow":["GET"]}}],"collection":[{"href":"https:\/\/www.sportshine.eu\/de\/wp-json\/wp\/v2\/product"}],"about":[{"href":"https:\/\/www.sportshine.eu\/de\/wp-json\/wp\/v2\/types\/product"}],"replies":[{"embeddable":true,"href":"https:\/\/www.sportshine.eu\/de\/wp-json\/wp\/v2\/comments?post=6406"}],"version-history":[{"count":1,"href":"https:\/\/www.sportshine.eu\/de\/wp-json\/wp\/v2\/product\/6406\/revisions"}],"predecessor-version":[{"id":10337,"href":"https:\/\/www.sportshine.eu\/de\/wp-json\/wp\/v2\/product\/6406\/revisions\/10337"}],"wp:featuredmedia":[{"embeddable":true,"href":"https:\/\/www.sportshine.eu\/de\/wp-json\/wp\/v2\/media\/5642"}],"wp:attachment":[{"href":"https:\/\/www.sportshine.eu\/de\/wp-json\/wp\/v2\/media?parent=6406"}],"wp:term":[{"taxonomy":"product_brand","embeddable":true,"href":"https:\/\/www.sportshine.eu\/de\/wp-json\/wp\/v2\/product_brand?post=6406"},{"taxonomy":"product_cat","embeddable":true,"href":"https:\/\/www.sportshine.eu\/de\/wp-json\/wp\/v2\/product_cat?post=6406"},{"taxonomy":"product_tag","embeddable":true,"href":"https:\/\/www.sportshine.eu\/de\/wp-json\/wp\/v2\/product_tag?post=6406"}],"curies":[{"name":"wp","href":"https:\/\/api.w.org\/{rel}","templated":true}]}}