{"id":6405,"date":"2025-07-05T19:32:27","date_gmt":"2025-07-05T19:32:27","guid":{"rendered":"https:\/\/www.sportshine.eu\/?post_type=product&#038;p=6405"},"modified":"2026-04-01T06:34:08","modified_gmt":"2026-04-01T06:34:08","slug":"bryton-rider-s810-e-fahrradcomputer","status":"publish","type":"product","link":"https:\/\/www.sportshine.eu\/de\/geschaft\/bryton-rider-s810-e-fahrradcomputer\/","title":{"rendered":"Bryton Rider S810 Fahrradcomputer"},"content":{"rendered":"<h3 style=\"text-align: center;\">BRYTON RIDER S810 VIDEOPR\u00c4SENTATION<\/h3>\n<p><iframe loading=\"lazy\" title=\"Bryton Rider S810 \uff5cLeistung leicht gemacht\" width=\"500\" height=\"281\" src=\"https:\/\/www.youtube.com\/embed\/apLoD1vYq-o?feature=oembed\" frameborder=\"0\" allow=\"accelerometer; autoplay; clipboard-write; encrypted-media; gyroscope; picture-in-picture; web-share\" referrerpolicy=\"strict-origin-when-cross-origin\" allowfullscreen><\/iframe><\/p>\n<h3 style=\"text-align: center;\">FARB-TOUCHSCREEN<\/h3>\n<p style=\"text-align: center;\">Der Rider S810 E ist mit einem 8,6 cm gro\u00dfen Farb-Touchscreen ausgestattet, der \u00fcber eine intuitive grafische Benutzeroberfl\u00e4che mit klaren Symbolen verf\u00fcgt. Ein Umgebungslichtsensor passt die Bildschirmhelligkeit an die Umgebungshelligkeit an. Das Display nutzt die MIP-Technologie (Memory in Pixel), die in Kombination mit einer Antireflexbeschichtung eine hervorragende Sicht auf die angezeigten Inhalte bei allen Wetterbedingungen gew\u00e4hrleistet.<\/p>\n<p>\u00a0\u00a0 <img decoding=\"async\" class=\"aligncenter wp-image-5641 size-full\" src=\"https:\/\/www.sportshine.eu\/wp-content\/uploads\/2025\/07\/Kolesarski-stevec-Brytom-10-1.webp\" alt=\"\" width=\"800\" height=\"600\" srcset=\"https:\/\/www.sportshine.eu\/wp-content\/uploads\/2025\/07\/Kolesarski-stevec-Brytom-10-1.webp 800w, https:\/\/www.sportshine.eu\/wp-content\/uploads\/2025\/07\/Kolesarski-stevec-Brytom-10-1-768x576.webp 768w, https:\/\/www.sportshine.eu\/wp-content\/uploads\/2025\/07\/Kolesarski-stevec-Brytom-10-1-600x450.webp 600w\" sizes=\"(max-width: 800px) 100vw, 800px\" \/><\/p>\n<h3 style=\"text-align: center;\">NAVIGATION MIT KARTEN<\/h3>\n<p style=\"text-align: center;\">Der Rider S810 Fahrradcomputer bietet Ihnen eine sorgenfreie Turn-by-Turn-Navigation mit Stra\u00dfennamen, POIs, Gipfelnamen, Entfernungen und vielem mehr auf vorinstallierten Karten. Karten k\u00f6nnen auch ge\u00e4ndert oder aktualisiert werden.<\/p>\n<p><img decoding=\"async\" class=\"aligncenter wp-image-7710 size-full\" src=\"https:\/\/www.sportshine.eu\/wp-content\/uploads\/2025\/07\/Kolesarski-stevec-Brytom-7.webp\" alt=\"\" width=\"800\" height=\"600\" srcset=\"https:\/\/www.sportshine.eu\/wp-content\/uploads\/2025\/07\/Kolesarski-stevec-Brytom-7.webp 800w, https:\/\/www.sportshine.eu\/wp-content\/uploads\/2025\/07\/Kolesarski-stevec-Brytom-7-768x576.webp 768w, https:\/\/www.sportshine.eu\/wp-content\/uploads\/2025\/07\/Kolesarski-stevec-Brytom-7-600x450.webp 600w\" sizes=\"(max-width: 800px) 100vw, 800px\" \/><\/p>\n<h3 style=\"text-align: center;\">INTELLIGENTE TRAININGSPROGRAMME<\/h3>\n<div>\n<div>\n<p style=\"text-align: center;\">Der Computer erm\u00f6glicht erweiterte Trainingsprogramme, Intensit\u00e4tsanpassung und unterst\u00fctzt TrainingPeaks. Er ist mit Smart-Trainern mit ANT+ FE-C kompatibel, um virtuelles Streckenfahren und Smart-Training zu simulieren. Trainings lassen sich einfach mit der Bryton Active App verwalten.<\/p>\n<p><img decoding=\"async\" class=\"aligncenter wp-image-7711\" src=\"https:\/\/www.sportshine.eu\/wp-content\/uploads\/2025\/07\/Stevec-za-kolo.webp\" alt=\"\" width=\"800\" height=\"600\" srcset=\"https:\/\/www.sportshine.eu\/wp-content\/uploads\/2025\/07\/Stevec-za-kolo-768x576.webp 768w, https:\/\/www.sportshine.eu\/wp-content\/uploads\/2025\/07\/Stevec-za-kolo-600x450.webp 600w\" sizes=\"(max-width: 800px) 100vw, 800px\" \/><\/p>\n<\/div>\n<\/div>\n<h3 style=\"text-align: center;\">JEDER AUFSTIEG IST M\u00d6GLICH<\/h3>\n<div>\n<div>\n<p style=\"text-align: center;\">Wenn Sie sich einem Anstieg n\u00e4hern, wird auf dem Display ein Diagramm mit dem Schwierigkeitsgrad des Anstiegs in leuchtenden Farben angezeigt. Ein Z\u00e4hler zeigt H\u00f6henmeter, Anstiegszeit, verbleibende Distanz und Schwierigkeitsgrad an, sobald sich der Radfahrer einem Anstieg n\u00e4hert. Beim Importieren von Strecken generiert die Bryton Active App automatisch Anstiegsdaten, die auf Ihren Bryton-Computer und in Apps wie Strava oder Komoot importiert werden k\u00f6nnen.<\/p>\n<p><img decoding=\"async\" class=\"aligncenter wp-image-7712\" src=\"https:\/\/www.sportshine.eu\/wp-content\/uploads\/2025\/07\/stevec-za-kolo-Bryton.webp\" alt=\"\" width=\"800\" height=\"600\" srcset=\"https:\/\/www.sportshine.eu\/wp-content\/uploads\/2025\/07\/stevec-za-kolo-Bryton-768x576.webp 768w, https:\/\/www.sportshine.eu\/wp-content\/uploads\/2025\/07\/stevec-za-kolo-Bryton-600x450.webp 600w\" sizes=\"(max-width: 800px) 100vw, 800px\" \/><\/p>\n<h3 style=\"text-align: center;\">ERWEITERTE SICHERHEITSFUNKTIONEN<\/h3>\n<p style=\"text-align: center;\">Mit dem S810 E k\u00f6nnen Sie Ihren Live-Standort mit Verwandten oder Freunden teilen, indem Sie einfach die Verbindung teilen. Es ist mit ANT+-Radaren (z. B. Bryton Gardia R300L) kompatibel, was das Fahren auf stark befahrenen Stra\u00dfen sicherer und einfacher macht. Bei Verbindung mit einem Smartphone kann es auch Benachrichtigungen \u00fcber eingehende Anrufe und Nachrichten anzeigen.<\/p>\n<p><img decoding=\"async\" class=\"aligncenter wp-image-7713\" src=\"https:\/\/www.sportshine.eu\/wp-content\/uploads\/2025\/07\/stevci-za-kolo.webp\" alt=\"\" width=\"800\" height=\"600\" srcset=\"https:\/\/www.sportshine.eu\/wp-content\/uploads\/2025\/07\/stevci-za-kolo-768x576.webp 768w, https:\/\/www.sportshine.eu\/wp-content\/uploads\/2025\/07\/stevci-za-kolo-600x450.webp 600w\" sizes=\"(max-width: 800px) 100vw, 800px\" \/><\/p>\n<\/div>\n<\/div>","protected":false},"excerpt":{"rendered":"<p>Fahrradcomputer mit 8,6 cm gro\u00dfem TFT-MIP-Farb-Touchscreen, vorinstallierten Karten, Navigation, Steigungs- und Trainingsanzeige sowie erweiterten Trainingseinheiten. Geeignet f\u00fcr alle Fahrradtypen und zum Anschluss an Smarttrainer und E-Bikes. Kompatibel mit ESS- und ANT+-Sensoren und Radarger\u00e4ten. Akku bietet bis zu 36 Stunden Betriebszeit. Aufladen mit USB-C-Kabel.<\/p>","protected":false},"featured_media":7721,"comment_status":"open","ping_status":"closed","template":"","meta":[],"product_brand":[],"product_cat":[94],"product_tag":[],"class_list":{"0":"post-6405","1":"product","2":"type-product","3":"status-publish","4":"has-post-thumbnail","6":"product_cat-kolesarski-stevci","8":"first","9":"instock","10":"taxable","11":"shipping-taxable","12":"purchasable","13":"product-type-simple"},"yoast_head":"<!-- This site is optimized with the Yoast SEO plugin v27.3 - https:\/\/yoast.com\/product\/yoast-seo-wordpress\/ -->\n<title>Bryton Rider S810 E kolesarski \u0161tevec<\/title>\n<meta name=\"description\" content=\"Bryton Rider S810 je najve\u010dji Brytonov kolesarski ra\u010dunalnik s preglednim zaslonom. Je preprost za uporabo in podpira ogromno funkcij.\" \/>\n<meta name=\"robots\" content=\"index, follow, max-snippet:-1, max-image-preview:large, max-video-preview:-1\" \/>\n<link rel=\"canonical\" href=\"https:\/\/www.sportshine.eu\/de\/geschaft\/bryton-rider-s810-e-fahrradcomputer\/\" \/>\n<meta property=\"og:locale\" content=\"de_DE\" \/>\n<meta property=\"og:type\" content=\"article\" \/>\n<meta property=\"og:title\" content=\"Bryton Rider S810 E kolesarski \u0161tevec\" \/>\n<meta property=\"og:description\" content=\"Bryton Rider S810 je najve\u010dji Brytonov kolesarski ra\u010dunalnik s preglednim zaslonom. Je preprost za uporabo in podpira ogromno funkcij.\" \/>\n<meta property=\"og:url\" content=\"https:\/\/www.sportshine.eu\/de\/geschaft\/bryton-rider-s810-e-fahrradcomputer\/\" \/>\n<meta property=\"og:site_name\" content=\"Sportshine\" \/>\n<meta property=\"article:publisher\" content=\"https:\/\/www.facebook.com\/sportshine.eu\/\" \/>\n<meta property=\"article:modified_time\" content=\"2026-04-01T06:34:08+00:00\" \/>\n<meta property=\"og:image\" content=\"https:\/\/www.sportshine.eu\/wp-content\/uploads\/2025\/07\/Bryton-S510.webp\" \/>\n\t<meta property=\"og:image:width\" content=\"800\" \/>\n\t<meta property=\"og:image:height\" content=\"800\" \/>\n\t<meta property=\"og:image:type\" content=\"image\/webp\" \/>\n<meta name=\"twitter:card\" content=\"summary_large_image\" \/>\n<meta name=\"twitter:label1\" content=\"Gesch\u00e4tzte Lesezeit\" \/>\n\t<meta name=\"twitter:data1\" content=\"3 Minuten\" \/>\n<script type=\"application\/ld+json\" class=\"yoast-schema-graph\">{\"@context\":\"https:\\\/\\\/schema.org\",\"@graph\":[{\"@type\":\"WebPage\",\"@id\":\"https:\\\/\\\/www.sportshine.eu\\\/trgovina\\\/bryton-rider-s810-e-kolesarski-stevec\\\/\",\"url\":\"https:\\\/\\\/www.sportshine.eu\\\/trgovina\\\/bryton-rider-s810-e-kolesarski-stevec\\\/\",\"name\":\"Bryton Rider S810 E kolesarski \u0161tevec\",\"isPartOf\":{\"@id\":\"https:\\\/\\\/www.sportshine.eu\\\/#website\"},\"primaryImageOfPage\":{\"@id\":\"https:\\\/\\\/www.sportshine.eu\\\/trgovina\\\/bryton-rider-s810-e-kolesarski-stevec\\\/#primaryimage\"},\"image\":{\"@id\":\"https:\\\/\\\/www.sportshine.eu\\\/trgovina\\\/bryton-rider-s810-e-kolesarski-stevec\\\/#primaryimage\"},\"thumbnailUrl\":\"https:\\\/\\\/www.sportshine.eu\\\/wp-content\\\/uploads\\\/2025\\\/07\\\/Bryton-S510.webp\",\"datePublished\":\"2025-07-05T19:32:27+00:00\",\"dateModified\":\"2026-04-01T06:34:08+00:00\",\"description\":\"Bryton Rider S810 je najve\u010dji Brytonov kolesarski ra\u010dunalnik s preglednim zaslonom. Je preprost za uporabo in podpira ogromno funkcij.\",\"breadcrumb\":{\"@id\":\"https:\\\/\\\/www.sportshine.eu\\\/trgovina\\\/bryton-rider-s810-e-kolesarski-stevec\\\/#breadcrumb\"},\"inLanguage\":\"de-AT\",\"potentialAction\":[{\"@type\":\"ReadAction\",\"target\":[\"https:\\\/\\\/www.sportshine.eu\\\/trgovina\\\/bryton-rider-s810-e-kolesarski-stevec\\\/\"]}]},{\"@type\":\"ImageObject\",\"inLanguage\":\"de-AT\",\"@id\":\"https:\\\/\\\/www.sportshine.eu\\\/trgovina\\\/bryton-rider-s810-e-kolesarski-stevec\\\/#primaryimage\",\"url\":\"https:\\\/\\\/www.sportshine.eu\\\/wp-content\\\/uploads\\\/2025\\\/07\\\/Bryton-S510.webp\",\"contentUrl\":\"https:\\\/\\\/www.sportshine.eu\\\/wp-content\\\/uploads\\\/2025\\\/07\\\/Bryton-S510.webp\",\"width\":800,\"height\":800},{\"@type\":\"BreadcrumbList\",\"@id\":\"https:\\\/\\\/www.sportshine.eu\\\/trgovina\\\/bryton-rider-s810-e-kolesarski-stevec\\\/#breadcrumb\",\"itemListElement\":[{\"@type\":\"ListItem\",\"position\":1,\"name\":\"Home\",\"item\":\"https:\\\/\\\/www.sportshine.eu\\\/\"},{\"@type\":\"ListItem\",\"position\":2,\"name\":\"Trgovina\",\"item\":\"https:\\\/\\\/www.sportshine.eu\\\/trgovina\\\/\"},{\"@type\":\"ListItem\",\"position\":3,\"name\":\"Bryton Rider S810 kolesarski \u0161tevec\"}]},{\"@type\":\"WebSite\",\"@id\":\"https:\\\/\\\/www.sportshine.eu\\\/#website\",\"url\":\"https:\\\/\\\/www.sportshine.eu\\\/\",\"name\":\"Sportshine\",\"description\":\"Top spletna trgovina kolesarskih in naglavnih svetilk ter opreme\",\"publisher\":{\"@id\":\"https:\\\/\\\/www.sportshine.eu\\\/#organization\"},\"potentialAction\":[{\"@type\":\"SearchAction\",\"target\":{\"@type\":\"EntryPoint\",\"urlTemplate\":\"https:\\\/\\\/www.sportshine.eu\\\/?s={search_term_string}\"},\"query-input\":{\"@type\":\"PropertyValueSpecification\",\"valueRequired\":true,\"valueName\":\"search_term_string\"}}],\"inLanguage\":\"de-AT\"},{\"@type\":\"Organization\",\"@id\":\"https:\\\/\\\/www.sportshine.eu\\\/#organization\",\"name\":\"Sportshine\",\"url\":\"https:\\\/\\\/www.sportshine.eu\\\/\",\"logo\":{\"@type\":\"ImageObject\",\"inLanguage\":\"de-AT\",\"@id\":\"https:\\\/\\\/www.sportshine.eu\\\/#\\\/schema\\\/logo\\\/image\\\/\",\"url\":\"https:\\\/\\\/www.sportshine.eu\\\/wp-content\\\/uploads\\\/2026\\\/01\\\/cropped-Sportshine.webp\",\"contentUrl\":\"https:\\\/\\\/www.sportshine.eu\\\/wp-content\\\/uploads\\\/2026\\\/01\\\/cropped-Sportshine.webp\",\"width\":295,\"height\":128,\"caption\":\"Sportshine\"},\"image\":{\"@id\":\"https:\\\/\\\/www.sportshine.eu\\\/#\\\/schema\\\/logo\\\/image\\\/\"},\"sameAs\":[\"https:\\\/\\\/www.facebook.com\\\/sportshine.eu\\\/\"]}]}<\/script>\n<!-- \/ Yoast SEO plugin. -->","yoast_head_json":{"title":"Bryton Rider S810 E Fahrradcomputer","description":"Bryton Rider S810 ist Brytons gr\u00f6\u00dfter Fahrradcomputer mit \u00fcbersichtlichem Display. Er ist einfach zu bedienen und unterst\u00fctzt eine Vielzahl von Funktionen.","robots":{"index":"index","follow":"follow","max-snippet":"max-snippet:-1","max-image-preview":"max-image-preview:large","max-video-preview":"max-video-preview:-1"},"canonical":"https:\/\/www.sportshine.eu\/de\/geschaft\/bryton-rider-s810-e-fahrradcomputer\/","og_locale":"de_DE","og_type":"article","og_title":"Bryton Rider S810 E kolesarski \u0161tevec","og_description":"Bryton Rider S810 je najve\u010dji Brytonov kolesarski ra\u010dunalnik s preglednim zaslonom. Je preprost za uporabo in podpira ogromno funkcij.","og_url":"https:\/\/www.sportshine.eu\/de\/geschaft\/bryton-rider-s810-e-fahrradcomputer\/","og_site_name":"Sportshine","article_publisher":"https:\/\/www.facebook.com\/sportshine.eu\/","article_modified_time":"2026-04-01T06:34:08+00:00","og_image":[{"width":800,"height":800,"url":"https:\/\/www.sportshine.eu\/wp-content\/uploads\/2025\/07\/Bryton-S510.webp","type":"image\/webp"}],"twitter_card":"summary_large_image","twitter_misc":{"Gesch\u00e4tzte Lesezeit":"3 Minuten"},"schema":{"@context":"https:\/\/schema.org","@graph":[{"@type":"WebPage","@id":"https:\/\/www.sportshine.eu\/trgovina\/bryton-rider-s810-e-kolesarski-stevec\/","url":"https:\/\/www.sportshine.eu\/trgovina\/bryton-rider-s810-e-kolesarski-stevec\/","name":"Bryton Rider S810 E Fahrradcomputer","isPartOf":{"@id":"https:\/\/www.sportshine.eu\/#website"},"primaryImageOfPage":{"@id":"https:\/\/www.sportshine.eu\/trgovina\/bryton-rider-s810-e-kolesarski-stevec\/#primaryimage"},"image":{"@id":"https:\/\/www.sportshine.eu\/trgovina\/bryton-rider-s810-e-kolesarski-stevec\/#primaryimage"},"thumbnailUrl":"https:\/\/www.sportshine.eu\/wp-content\/uploads\/2025\/07\/Bryton-S510.webp","datePublished":"2025-07-05T19:32:27+00:00","dateModified":"2026-04-01T06:34:08+00:00","description":"Bryton Rider S810 ist Brytons gr\u00f6\u00dfter Fahrradcomputer mit \u00fcbersichtlichem Display. Er ist einfach zu bedienen und unterst\u00fctzt eine Vielzahl von Funktionen.","breadcrumb":{"@id":"https:\/\/www.sportshine.eu\/trgovina\/bryton-rider-s810-e-kolesarski-stevec\/#breadcrumb"},"inLanguage":"de-AT","potentialAction":[{"@type":"ReadAction","target":["https:\/\/www.sportshine.eu\/trgovina\/bryton-rider-s810-e-kolesarski-stevec\/"]}]},{"@type":"ImageObject","inLanguage":"de-AT","@id":"https:\/\/www.sportshine.eu\/trgovina\/bryton-rider-s810-e-kolesarski-stevec\/#primaryimage","url":"https:\/\/www.sportshine.eu\/wp-content\/uploads\/2025\/07\/Bryton-S510.webp","contentUrl":"https:\/\/www.sportshine.eu\/wp-content\/uploads\/2025\/07\/Bryton-S510.webp","width":800,"height":800},{"@type":"BreadcrumbList","@id":"https:\/\/www.sportshine.eu\/trgovina\/bryton-rider-s810-e-kolesarski-stevec\/#breadcrumb","itemListElement":[{"@type":"ListItem","position":1,"name":"Home","item":"https:\/\/www.sportshine.eu\/"},{"@type":"ListItem","position":2,"name":"Trgovina","item":"https:\/\/www.sportshine.eu\/trgovina\/"},{"@type":"ListItem","position":3,"name":"Bryton Rider S810 kolesarski \u0161tevec"}]},{"@type":"WebSite","@id":"https:\/\/www.sportshine.eu\/#website","url":"https:\/\/www.sportshine.eu\/","name":"Sportshine","description":"Top Online-Shop f\u00fcr Fahrrad- und Stirnlampen sowie Zubeh\u00f6r","publisher":{"@id":"https:\/\/www.sportshine.eu\/#organization"},"potentialAction":[{"@type":"SearchAction","target":{"@type":"EntryPoint","urlTemplate":"https:\/\/www.sportshine.eu\/?s={search_term_string}"},"query-input":{"@type":"PropertyValueSpecification","valueRequired":true,"valueName":"search_term_string"}}],"inLanguage":"de-AT"},{"@type":"Organization","@id":"https:\/\/www.sportshine.eu\/#organization","name":"Sportshine","url":"https:\/\/www.sportshine.eu\/","logo":{"@type":"ImageObject","inLanguage":"de-AT","@id":"https:\/\/www.sportshine.eu\/#\/schema\/logo\/image\/","url":"https:\/\/www.sportshine.eu\/wp-content\/uploads\/2026\/01\/cropped-Sportshine.webp","contentUrl":"https:\/\/www.sportshine.eu\/wp-content\/uploads\/2026\/01\/cropped-Sportshine.webp","width":295,"height":128,"caption":"Sportshine"},"image":{"@id":"https:\/\/www.sportshine.eu\/#\/schema\/logo\/image\/"},"sameAs":["https:\/\/www.facebook.com\/sportshine.eu\/"]}]}},"_links":{"self":[{"href":"https:\/\/www.sportshine.eu\/de\/wp-json\/wp\/v2\/product\/6405","targetHints":{"allow":["GET"]}}],"collection":[{"href":"https:\/\/www.sportshine.eu\/de\/wp-json\/wp\/v2\/product"}],"about":[{"href":"https:\/\/www.sportshine.eu\/de\/wp-json\/wp\/v2\/types\/product"}],"replies":[{"embeddable":true,"href":"https:\/\/www.sportshine.eu\/de\/wp-json\/wp\/v2\/comments?post=6405"}],"version-history":[{"count":1,"href":"https:\/\/www.sportshine.eu\/de\/wp-json\/wp\/v2\/product\/6405\/revisions"}],"predecessor-version":[{"id":10340,"href":"https:\/\/www.sportshine.eu\/de\/wp-json\/wp\/v2\/product\/6405\/revisions\/10340"}],"wp:featuredmedia":[{"embeddable":true,"href":"https:\/\/www.sportshine.eu\/de\/wp-json\/wp\/v2\/media\/7721"}],"wp:attachment":[{"href":"https:\/\/www.sportshine.eu\/de\/wp-json\/wp\/v2\/media?parent=6405"}],"wp:term":[{"taxonomy":"product_brand","embeddable":true,"href":"https:\/\/www.sportshine.eu\/de\/wp-json\/wp\/v2\/product_brand?post=6405"},{"taxonomy":"product_cat","embeddable":true,"href":"https:\/\/www.sportshine.eu\/de\/wp-json\/wp\/v2\/product_cat?post=6405"},{"taxonomy":"product_tag","embeddable":true,"href":"https:\/\/www.sportshine.eu\/de\/wp-json\/wp\/v2\/product_tag?post=6405"}],"curies":[{"name":"wp","href":"https:\/\/api.w.org\/{rel}","templated":true}]}}