{"id":6348,"date":"2026-01-28T21:22:30","date_gmt":"2026-01-28T21:22:30","guid":{"rendered":"https:\/\/www.sportshine.eu\/?post_type=product&#038;p=6348"},"modified":"2026-01-30T19:31:27","modified_gmt":"2026-01-30T19:31:27","slug":"fahrradrucklicht-led-gaciron-w06","status":"publish","type":"product","link":"https:\/\/www.sportshine.eu\/de\/geschaft\/fahrradrucklicht-led-gaciron-w06\/","title":{"rendered":"Gaciron W06 LED Fahrradr\u00fccklicht"},"content":{"rendered":"<h3 style=\"text-align: center;\">VOLLAUTOMATISCHES FAHRRADR\u00dcCKLICHT<\/h3>\n<p style=\"text-align: center;\">Es verf\u00fcgt \u00fcber einen eingebauten 200 mAh Lithium-Ionen-Akku und leuchtet mit einer einzigen Ladung bis zu 27 Stunden lang.<\/p>\n<p><img decoding=\"async\" class=\"aligncenter wp-image-7579\" src=\"https:\/\/www.sportshine.eu\/wp-content\/uploads\/2025\/07\/LED-Gaciron-W06.jpg\" alt=\"LED Gaciron W06\" width=\"800\" height=\"800\" srcset=\"https:\/\/www.sportshine.eu\/wp-content\/uploads\/2025\/07\/LED-Gaciron-W06.jpg 679w, https:\/\/www.sportshine.eu\/wp-content\/uploads\/2025\/07\/LED-Gaciron-W06-600x600.jpg 600w\" sizes=\"(max-width: 800px) 100vw, 800px\" \/><\/p>\n<p>&nbsp;<\/p>\n<h3 style=\"text-align: center;\">GEMACHT F\u00dcR ALLE WETTERBEDINGUNGEN.<\/h3>\n<p style=\"text-align: center;\">Die Lampe hat einen Wasserschutzgrad von IPX5.<\/p>\n<p><img decoding=\"async\" class=\"aligncenter wp-image-7581\" src=\"https:\/\/www.sportshine.eu\/wp-content\/uploads\/2025\/07\/LED-Gaciron-W06.webp\" alt=\"LED Gaciron W06\" width=\"800\" height=\"800\" \/><\/p>\n<p>&nbsp;<\/p>\n<h3 style=\"text-align: center;\">VIDEOPR\u00c4SENTATION DES FAHRRADR\u00dcCKLICHTS<\/h3>\n<p><iframe loading=\"lazy\" title=\"Gaciron W06\" width=\"500\" height=\"281\" src=\"https:\/\/www.youtube.com\/embed\/qLNmVOCUJrU?feature=oembed\" frameborder=\"0\" allow=\"accelerometer; autoplay; clipboard-write; encrypted-media; gyroscope; picture-in-picture; web-share\" referrerpolicy=\"strict-origin-when-cross-origin\" allowfullscreen><\/iframe><\/p>\n<p>&nbsp;<\/p>\n<h3 style=\"text-align: center;\">Gut sichtbares Blinklicht<\/h3>\n<p style=\"text-align: center;\">Ein Fahrradlicht ist aus einer Entfernung von 1000 Metern sichtbar.<\/p>\n<p><img decoding=\"async\" class=\"aligncenter wp-image-7582\" src=\"https:\/\/www.sportshine.eu\/wp-content\/uploads\/2025\/07\/LED-Gaciron-W06-1.webp\" alt=\"LED Gaciron W06\" width=\"800\" height=\"538\" srcset=\"https:\/\/www.sportshine.eu\/wp-content\/uploads\/2025\/07\/LED-Gaciron-W06-1.webp 790w, https:\/\/www.sportshine.eu\/wp-content\/uploads\/2025\/07\/LED-Gaciron-W06-1-768x516.webp 768w, https:\/\/www.sportshine.eu\/wp-content\/uploads\/2025\/07\/LED-Gaciron-W06-1-600x403.webp 600w\" sizes=\"(max-width: 800px) 100vw, 800px\" \/><\/p>\n<p>&nbsp;<\/p>\n<h3 style=\"text-align: center;\">SIE ERHALTEN IM PAKET<\/h3>\n<p><img decoding=\"async\" class=\"aligncenter wp-image-7583\" src=\"https:\/\/www.sportshine.eu\/wp-content\/uploads\/2025\/07\/LED-Gaciron-W06-2.webp\" alt=\"LED Gaciron W06\" width=\"800\" height=\"534\" srcset=\"https:\/\/www.sportshine.eu\/wp-content\/uploads\/2025\/07\/LED-Gaciron-W06-2-768x512.webp 768w, https:\/\/www.sportshine.eu\/wp-content\/uploads\/2025\/07\/LED-Gaciron-W06-2-600x400.webp 600w\" sizes=\"(max-width: 800px) 100vw, 800px\" \/><\/p>\n<p>&nbsp;<\/p>","protected":false},"excerpt":{"rendered":"<p>Das Gaciron W06 Fahrradr\u00fccklicht besteht aus robustem Aluminium und ist wasserdicht nach IPX5-Standard. Das Besondere an diesem Licht ist, dass es zun\u00e4chst aktiviert werden muss, sich dann aber bei D\u00e4mmerung und Dunkelheit automatisch einschaltet. Wir empfehlen es allen Radfahrern, die auf der Stra\u00dfe sichtbar sein m\u00f6chten, ohne sich Gedanken dar\u00fcber machen zu m\u00fcssen, wann sie das Licht einschalten m\u00fcssen.<\/p>","protected":false},"featured_media":5235,"comment_status":"open","ping_status":"closed","template":"","meta":[],"product_brand":[132],"product_cat":[86],"product_tag":[],"class_list":{"0":"post-6348","1":"product","2":"type-product","3":"status-publish","4":"has-post-thumbnail","6":"product_brand-gaciron","7":"product_cat-zadnje-kolesarske-luci","9":"first","10":"onbackorder","11":"taxable","12":"shipping-taxable","13":"purchasable","14":"product-type-simple"},"yoast_head":"<!-- This site is optimized with the Yoast SEO plugin v27.3 - https:\/\/yoast.com\/product\/yoast-seo-wordpress\/ -->\n<title>Zadnja kolesarska svetilka LED Gaciron W06<\/title>\n<meta name=\"description\" content=\"Avtomatska zadnja kolesarska lu\u010dka - vgrajen senzor - podnevi ugasnjena v mraku se pri\u017ege\" \/>\n<meta name=\"robots\" content=\"index, follow, max-snippet:-1, max-image-preview:large, max-video-preview:-1\" \/>\n<link rel=\"canonical\" href=\"https:\/\/www.sportshine.eu\/de\/geschaft\/fahrradrucklicht-led-gaciron-w06\/\" \/>\n<meta property=\"og:locale\" content=\"de_DE\" \/>\n<meta property=\"og:type\" content=\"article\" \/>\n<meta property=\"og:title\" content=\"Zadnja kolesarska svetilka LED Gaciron W06\" \/>\n<meta property=\"og:description\" content=\"Avtomatska zadnja kolesarska lu\u010dka - vgrajen senzor - podnevi ugasnjena v mraku se pri\u017ege\" \/>\n<meta property=\"og:url\" content=\"https:\/\/www.sportshine.eu\/de\/geschaft\/fahrradrucklicht-led-gaciron-w06\/\" \/>\n<meta property=\"og:site_name\" content=\"Sportshine\" \/>\n<meta property=\"article:publisher\" content=\"https:\/\/www.facebook.com\/sportshine.eu\/\" \/>\n<meta property=\"article:modified_time\" content=\"2026-01-30T19:31:27+00:00\" \/>\n<meta property=\"og:image\" content=\"https:\/\/www.sportshine.eu\/wp-content\/uploads\/2025\/07\/pametna-kolesarska-luc.webp\" \/>\n\t<meta property=\"og:image:width\" content=\"800\" \/>\n\t<meta property=\"og:image:height\" content=\"800\" \/>\n\t<meta property=\"og:image:type\" content=\"image\/webp\" \/>\n<meta name=\"twitter:card\" content=\"summary_large_image\" \/>\n<meta name=\"twitter:label1\" content=\"Gesch\u00e4tzte Lesezeit\" \/>\n\t<meta name=\"twitter:data1\" content=\"2 Minuten\" \/>\n<script type=\"application\/ld+json\" class=\"yoast-schema-graph\">{\"@context\":\"https:\\\/\\\/schema.org\",\"@graph\":[{\"@type\":\"WebPage\",\"@id\":\"https:\\\/\\\/www.sportshine.eu\\\/trgovina\\\/zadnja-kolesarska-svetilka-led-gaciron-w06\\\/\",\"url\":\"https:\\\/\\\/www.sportshine.eu\\\/trgovina\\\/zadnja-kolesarska-svetilka-led-gaciron-w06\\\/\",\"name\":\"Zadnja kolesarska svetilka LED Gaciron W06\",\"isPartOf\":{\"@id\":\"https:\\\/\\\/www.sportshine.eu\\\/#website\"},\"primaryImageOfPage\":{\"@id\":\"https:\\\/\\\/www.sportshine.eu\\\/trgovina\\\/zadnja-kolesarska-svetilka-led-gaciron-w06\\\/#primaryimage\"},\"image\":{\"@id\":\"https:\\\/\\\/www.sportshine.eu\\\/trgovina\\\/zadnja-kolesarska-svetilka-led-gaciron-w06\\\/#primaryimage\"},\"thumbnailUrl\":\"https:\\\/\\\/www.sportshine.eu\\\/wp-content\\\/uploads\\\/2025\\\/07\\\/pametna-kolesarska-luc.webp\",\"datePublished\":\"2026-01-28T21:22:30+00:00\",\"dateModified\":\"2026-01-30T19:31:27+00:00\",\"description\":\"Avtomatska zadnja kolesarska lu\u010dka - vgrajen senzor - podnevi ugasnjena v mraku se pri\u017ege\",\"breadcrumb\":{\"@id\":\"https:\\\/\\\/www.sportshine.eu\\\/trgovina\\\/zadnja-kolesarska-svetilka-led-gaciron-w06\\\/#breadcrumb\"},\"inLanguage\":\"de-AT\",\"potentialAction\":[{\"@type\":\"ReadAction\",\"target\":[\"https:\\\/\\\/www.sportshine.eu\\\/trgovina\\\/zadnja-kolesarska-svetilka-led-gaciron-w06\\\/\"]}]},{\"@type\":\"ImageObject\",\"inLanguage\":\"de-AT\",\"@id\":\"https:\\\/\\\/www.sportshine.eu\\\/trgovina\\\/zadnja-kolesarska-svetilka-led-gaciron-w06\\\/#primaryimage\",\"url\":\"https:\\\/\\\/www.sportshine.eu\\\/wp-content\\\/uploads\\\/2025\\\/07\\\/pametna-kolesarska-luc.webp\",\"contentUrl\":\"https:\\\/\\\/www.sportshine.eu\\\/wp-content\\\/uploads\\\/2025\\\/07\\\/pametna-kolesarska-luc.webp\",\"width\":800,\"height\":800},{\"@type\":\"BreadcrumbList\",\"@id\":\"https:\\\/\\\/www.sportshine.eu\\\/trgovina\\\/zadnja-kolesarska-svetilka-led-gaciron-w06\\\/#breadcrumb\",\"itemListElement\":[{\"@type\":\"ListItem\",\"position\":1,\"name\":\"Home\",\"item\":\"https:\\\/\\\/www.sportshine.eu\\\/\"},{\"@type\":\"ListItem\",\"position\":2,\"name\":\"Trgovina\",\"item\":\"https:\\\/\\\/www.sportshine.eu\\\/trgovina\\\/\"},{\"@type\":\"ListItem\",\"position\":3,\"name\":\"Zadnja kolesarska svetilka LED Gaciron W06\"}]},{\"@type\":\"WebSite\",\"@id\":\"https:\\\/\\\/www.sportshine.eu\\\/#website\",\"url\":\"https:\\\/\\\/www.sportshine.eu\\\/\",\"name\":\"Sportshine\",\"description\":\"Top spletna trgovina kolesarskih in naglavnih svetilk ter opreme\",\"publisher\":{\"@id\":\"https:\\\/\\\/www.sportshine.eu\\\/#organization\"},\"potentialAction\":[{\"@type\":\"SearchAction\",\"target\":{\"@type\":\"EntryPoint\",\"urlTemplate\":\"https:\\\/\\\/www.sportshine.eu\\\/?s={search_term_string}\"},\"query-input\":{\"@type\":\"PropertyValueSpecification\",\"valueRequired\":true,\"valueName\":\"search_term_string\"}}],\"inLanguage\":\"de-AT\"},{\"@type\":\"Organization\",\"@id\":\"https:\\\/\\\/www.sportshine.eu\\\/#organization\",\"name\":\"Sportshine\",\"url\":\"https:\\\/\\\/www.sportshine.eu\\\/\",\"logo\":{\"@type\":\"ImageObject\",\"inLanguage\":\"de-AT\",\"@id\":\"https:\\\/\\\/www.sportshine.eu\\\/#\\\/schema\\\/logo\\\/image\\\/\",\"url\":\"https:\\\/\\\/www.sportshine.eu\\\/wp-content\\\/uploads\\\/2026\\\/01\\\/cropped-Sportshine.webp\",\"contentUrl\":\"https:\\\/\\\/www.sportshine.eu\\\/wp-content\\\/uploads\\\/2026\\\/01\\\/cropped-Sportshine.webp\",\"width\":295,\"height\":128,\"caption\":\"Sportshine\"},\"image\":{\"@id\":\"https:\\\/\\\/www.sportshine.eu\\\/#\\\/schema\\\/logo\\\/image\\\/\"},\"sameAs\":[\"https:\\\/\\\/www.facebook.com\\\/sportshine.eu\\\/\"]}]}<\/script>\n<!-- \/ Yoast SEO plugin. -->","yoast_head_json":{"title":"Gaciron W06 LED Fahrradr\u00fccklicht","description":"Automatisches Fahrradr\u00fccklicht - eingebauter Sensor - schaltet sich tags\u00fcber aus, schaltet sich bei D\u00e4mmerung ein","robots":{"index":"index","follow":"follow","max-snippet":"max-snippet:-1","max-image-preview":"max-image-preview:large","max-video-preview":"max-video-preview:-1"},"canonical":"https:\/\/www.sportshine.eu\/de\/geschaft\/fahrradrucklicht-led-gaciron-w06\/","og_locale":"de_DE","og_type":"article","og_title":"Zadnja kolesarska svetilka LED Gaciron W06","og_description":"Avtomatska zadnja kolesarska lu\u010dka - vgrajen senzor - podnevi ugasnjena v mraku se pri\u017ege","og_url":"https:\/\/www.sportshine.eu\/de\/geschaft\/fahrradrucklicht-led-gaciron-w06\/","og_site_name":"Sportshine","article_publisher":"https:\/\/www.facebook.com\/sportshine.eu\/","article_modified_time":"2026-01-30T19:31:27+00:00","og_image":[{"width":800,"height":800,"url":"https:\/\/www.sportshine.eu\/wp-content\/uploads\/2025\/07\/pametna-kolesarska-luc.webp","type":"image\/webp"}],"twitter_card":"summary_large_image","twitter_misc":{"Gesch\u00e4tzte Lesezeit":"2 Minuten"},"schema":{"@context":"https:\/\/schema.org","@graph":[{"@type":"WebPage","@id":"https:\/\/www.sportshine.eu\/trgovina\/zadnja-kolesarska-svetilka-led-gaciron-w06\/","url":"https:\/\/www.sportshine.eu\/trgovina\/zadnja-kolesarska-svetilka-led-gaciron-w06\/","name":"Gaciron W06 LED Fahrradr\u00fccklicht","isPartOf":{"@id":"https:\/\/www.sportshine.eu\/#website"},"primaryImageOfPage":{"@id":"https:\/\/www.sportshine.eu\/trgovina\/zadnja-kolesarska-svetilka-led-gaciron-w06\/#primaryimage"},"image":{"@id":"https:\/\/www.sportshine.eu\/trgovina\/zadnja-kolesarska-svetilka-led-gaciron-w06\/#primaryimage"},"thumbnailUrl":"https:\/\/www.sportshine.eu\/wp-content\/uploads\/2025\/07\/pametna-kolesarska-luc.webp","datePublished":"2026-01-28T21:22:30+00:00","dateModified":"2026-01-30T19:31:27+00:00","description":"Automatisches Fahrradr\u00fccklicht - eingebauter Sensor - schaltet sich tags\u00fcber aus, schaltet sich bei D\u00e4mmerung ein","breadcrumb":{"@id":"https:\/\/www.sportshine.eu\/trgovina\/zadnja-kolesarska-svetilka-led-gaciron-w06\/#breadcrumb"},"inLanguage":"de-AT","potentialAction":[{"@type":"ReadAction","target":["https:\/\/www.sportshine.eu\/trgovina\/zadnja-kolesarska-svetilka-led-gaciron-w06\/"]}]},{"@type":"ImageObject","inLanguage":"de-AT","@id":"https:\/\/www.sportshine.eu\/trgovina\/zadnja-kolesarska-svetilka-led-gaciron-w06\/#primaryimage","url":"https:\/\/www.sportshine.eu\/wp-content\/uploads\/2025\/07\/pametna-kolesarska-luc.webp","contentUrl":"https:\/\/www.sportshine.eu\/wp-content\/uploads\/2025\/07\/pametna-kolesarska-luc.webp","width":800,"height":800},{"@type":"BreadcrumbList","@id":"https:\/\/www.sportshine.eu\/trgovina\/zadnja-kolesarska-svetilka-led-gaciron-w06\/#breadcrumb","itemListElement":[{"@type":"ListItem","position":1,"name":"Home","item":"https:\/\/www.sportshine.eu\/"},{"@type":"ListItem","position":2,"name":"Trgovina","item":"https:\/\/www.sportshine.eu\/trgovina\/"},{"@type":"ListItem","position":3,"name":"Zadnja kolesarska svetilka LED Gaciron W06"}]},{"@type":"WebSite","@id":"https:\/\/www.sportshine.eu\/#website","url":"https:\/\/www.sportshine.eu\/","name":"Sportshine","description":"Top Online-Shop f\u00fcr Fahrrad- und Stirnlampen sowie Zubeh\u00f6r","publisher":{"@id":"https:\/\/www.sportshine.eu\/#organization"},"potentialAction":[{"@type":"SearchAction","target":{"@type":"EntryPoint","urlTemplate":"https:\/\/www.sportshine.eu\/?s={search_term_string}"},"query-input":{"@type":"PropertyValueSpecification","valueRequired":true,"valueName":"search_term_string"}}],"inLanguage":"de-AT"},{"@type":"Organization","@id":"https:\/\/www.sportshine.eu\/#organization","name":"Sportshine","url":"https:\/\/www.sportshine.eu\/","logo":{"@type":"ImageObject","inLanguage":"de-AT","@id":"https:\/\/www.sportshine.eu\/#\/schema\/logo\/image\/","url":"https:\/\/www.sportshine.eu\/wp-content\/uploads\/2026\/01\/cropped-Sportshine.webp","contentUrl":"https:\/\/www.sportshine.eu\/wp-content\/uploads\/2026\/01\/cropped-Sportshine.webp","width":295,"height":128,"caption":"Sportshine"},"image":{"@id":"https:\/\/www.sportshine.eu\/#\/schema\/logo\/image\/"},"sameAs":["https:\/\/www.facebook.com\/sportshine.eu\/"]}]}},"_links":{"self":[{"href":"https:\/\/www.sportshine.eu\/de\/wp-json\/wp\/v2\/product\/6348","targetHints":{"allow":["GET"]}}],"collection":[{"href":"https:\/\/www.sportshine.eu\/de\/wp-json\/wp\/v2\/product"}],"about":[{"href":"https:\/\/www.sportshine.eu\/de\/wp-json\/wp\/v2\/types\/product"}],"replies":[{"embeddable":true,"href":"https:\/\/www.sportshine.eu\/de\/wp-json\/wp\/v2\/comments?post=6348"}],"version-history":[{"count":0,"href":"https:\/\/www.sportshine.eu\/de\/wp-json\/wp\/v2\/product\/6348\/revisions"}],"wp:featuredmedia":[{"embeddable":true,"href":"https:\/\/www.sportshine.eu\/de\/wp-json\/wp\/v2\/media\/5235"}],"wp:attachment":[{"href":"https:\/\/www.sportshine.eu\/de\/wp-json\/wp\/v2\/media?parent=6348"}],"wp:term":[{"taxonomy":"product_brand","embeddable":true,"href":"https:\/\/www.sportshine.eu\/de\/wp-json\/wp\/v2\/product_brand?post=6348"},{"taxonomy":"product_cat","embeddable":true,"href":"https:\/\/www.sportshine.eu\/de\/wp-json\/wp\/v2\/product_cat?post=6348"},{"taxonomy":"product_tag","embeddable":true,"href":"https:\/\/www.sportshine.eu\/de\/wp-json\/wp\/v2\/product_tag?post=6348"}],"curies":[{"name":"wp","href":"https:\/\/api.w.org\/{rel}","templated":true}]}}