{"id":6329,"date":"2026-01-29T21:09:23","date_gmt":"2026-01-29T21:09:23","guid":{"rendered":"https:\/\/www.sportshine.eu\/?post_type=product&#038;p=6329"},"modified":"2026-03-06T12:24:48","modified_gmt":"2026-03-06T12:24:48","slug":"fahrradlicht-gaciron-raptor-1800","status":"publish","type":"product","link":"https:\/\/www.sportshine.eu\/de\/geschaft\/fahrradlicht-gaciron-raptor-1800\/","title":{"rendered":"Gaciron Raptor 1800 Fahrradlicht"},"content":{"rendered":"<h3 style=\"text-align: center;\">HOHE HELLIGKEIT MIT 1800 LUMEN<\/h3>\n<p style=\"text-align: center;\">Das Fahrradlicht Gaciron Raptor 1800 bietet au\u00dfergew\u00f6hnliche Helligkeit und ist daher ideal f\u00fcr Mountainbiken und Waldfahrten. Es verf\u00fcgt \u00fcber zwei integrierte LED-Leuchten der renommierten Marke Luminus.<\/p>\n<p><img decoding=\"async\" class=\"aligncenter wp-image-7624 size-full\" src=\"https:\/\/www.sportshine.eu\/wp-content\/uploads\/2025\/07\/Kolesarska-luc-Gaciron-Raptor-1800.webp\" alt=\"\" width=\"800\" height=\"600\" srcset=\"https:\/\/www.sportshine.eu\/wp-content\/uploads\/2025\/07\/Kolesarska-luc-Gaciron-Raptor-1800.webp 800w, https:\/\/www.sportshine.eu\/wp-content\/uploads\/2025\/07\/Kolesarska-luc-Gaciron-Raptor-1800-768x576.webp 768w, https:\/\/www.sportshine.eu\/wp-content\/uploads\/2025\/07\/Kolesarska-luc-Gaciron-Raptor-1800-600x450.webp 600w\" sizes=\"(max-width: 800px) 100vw, 800px\" \/><\/p>\n<h3 style=\"text-align: center;\">M\u00d6GLICHE MONTAGE AM LENKER ODER UNTER DER THEKE<\/h3>\n<p style=\"text-align: center;\">Das Fahrradlicht l\u00e4sst sich einfach an der mitgelieferten Halterung montieren. Wenn Sie das Licht unter dem Fahrradcomputer haben m\u00f6chten, k\u00f6nnen Sie es mit dem mitgelieferten Adapter (Gopro) an der Computerhalterung montieren.<br \/>\n(** Messger\u00e4tehalter nicht im Lieferumfang enthalten)<\/p>\n<p><img decoding=\"async\" class=\"aligncenter wp-image-7625 size-full\" src=\"https:\/\/www.sportshine.eu\/wp-content\/uploads\/2025\/07\/Kolesarska-luc-Gaciron-Raptor-1800-1.webp\" alt=\"\" width=\"800\" height=\"600\" srcset=\"https:\/\/www.sportshine.eu\/wp-content\/uploads\/2025\/07\/Kolesarska-luc-Gaciron-Raptor-1800-1.webp 800w, https:\/\/www.sportshine.eu\/wp-content\/uploads\/2025\/07\/Kolesarska-luc-Gaciron-Raptor-1800-1-768x576.webp 768w, https:\/\/www.sportshine.eu\/wp-content\/uploads\/2025\/07\/Kolesarska-luc-Gaciron-Raptor-1800-1-600x450.webp 600w\" sizes=\"(max-width: 800px) 100vw, 800px\" \/><\/p>\n<h3 style=\"text-align: center;\">Fern- und Abblendlichtoption<\/h3>\n<p style=\"text-align: center;\"><strong>Fernlicht<\/strong>: Erm\u00f6glicht dem Frontlicht des Fahrrads, einen stark fokussierten Lichtstrahl mit maximaler Helligkeit auszustrahlen, vergleichbar mit einem Autoscheinwerfer. Dieser Modus eignet sich sehr gut f\u00fcr das Fahren im Gel\u00e4nde.<br \/>\n<strong>Abblendlicht<\/strong>: Erm\u00f6glicht dem Frontlicht des Fahrrads, einen ged\u00e4mpften Lichtstrahl abzugeben, sodass Fu\u00dfg\u00e4nger nicht durch das helle Licht geblendet werden. Dieser Modus eignet sich besonders gut f\u00fcr das Radfahren in der Stadt.<\/p>\n<p><img decoding=\"async\" class=\"wp-image-7626 size-full aligncenter\" src=\"https:\/\/www.sportshine.eu\/wp-content\/uploads\/2025\/07\/Kolesarska-luc-Gaciron-Raptor-1800-2.webp\" alt=\"\" width=\"800\" height=\"453\" srcset=\"https:\/\/www.sportshine.eu\/wp-content\/uploads\/2025\/07\/Kolesarska-luc-Gaciron-Raptor-1800-2.webp 800w, https:\/\/www.sportshine.eu\/wp-content\/uploads\/2025\/07\/Kolesarska-luc-Gaciron-Raptor-1800-2-768x435.webp 768w, https:\/\/www.sportshine.eu\/wp-content\/uploads\/2025\/07\/Kolesarska-luc-Gaciron-Raptor-1800-2-600x340.webp 600w\" sizes=\"(max-width: 800px) 100vw, 800px\" \/><\/p>\n<h3 style=\"text-align: center;\">ALUMINIUMGEH\u00c4USE<\/h3>\n<p style=\"text-align: center;\">\u00a0Das Fahrradlicht hat ein Geh\u00e4use aus Aluminiumlegierung (CNC-Bearbeitung). Es ist robust, langlebig und hitzebest\u00e4ndig. Es erm\u00f6glicht eine effektive W\u00e4rmeableitung. Die \u00e4u\u00dfere Struktur ist so konzipiert, dass der Luftwiderstand reduziert wird.<\/p>\n<p><img decoding=\"async\" class=\"aligncenter wp-image-7627 size-full\" src=\"https:\/\/www.sportshine.eu\/wp-content\/uploads\/2025\/07\/Kolesarska-luc-Gaciron-Raptor-1800-3.webp\" alt=\"\" width=\"800\" height=\"600\" srcset=\"https:\/\/www.sportshine.eu\/wp-content\/uploads\/2025\/07\/Kolesarska-luc-Gaciron-Raptor-1800-3.webp 800w, https:\/\/www.sportshine.eu\/wp-content\/uploads\/2025\/07\/Kolesarska-luc-Gaciron-Raptor-1800-3-768x576.webp 768w, https:\/\/www.sportshine.eu\/wp-content\/uploads\/2025\/07\/Kolesarska-luc-Gaciron-Raptor-1800-3-600x450.webp 600w\" sizes=\"(max-width: 800px) 100vw, 800px\" \/><\/p>\n<h3 style=\"text-align: center;\">KABELLOSE FERNBEDIENUNG<\/h3>\n<p style=\"text-align: center;\">Dies ist eine kabellose Fernbedienung mit leuchtendem Design. Sie absorbiert tags\u00fcber ausreichend Sonnenlicht und leuchtet nachts gr\u00fcn. Beim Radfahren in der Nacht finden Sie die Tastenpositionen auf der Fernbedienung leicht. Im Notfall k\u00f6nnen Sie schnell reagieren, das Licht einschalten und einstellen, um die Sicherheit beim Radfahren zu gew\u00e4hrleisten.<\/p>\n<p style=\"text-align: center;\">Es enth\u00e4lt eine langlebige Batterie mit einer Lebensdauer von \u00fcber 8.000 Bet\u00e4tigungen.<\/p>\n<p><img decoding=\"async\" class=\"aligncenter wp-image-7628 size-full\" src=\"https:\/\/www.sportshine.eu\/wp-content\/uploads\/2025\/07\/Kolesarska-luc-Gaciron-Raptor-1800-4.webp\" alt=\"\" width=\"800\" height=\"453\" srcset=\"https:\/\/www.sportshine.eu\/wp-content\/uploads\/2025\/07\/Kolesarska-luc-Gaciron-Raptor-1800-4.webp 800w, https:\/\/www.sportshine.eu\/wp-content\/uploads\/2025\/07\/Kolesarska-luc-Gaciron-Raptor-1800-4-768x435.webp 768w, https:\/\/www.sportshine.eu\/wp-content\/uploads\/2025\/07\/Kolesarska-luc-Gaciron-Raptor-1800-4-600x340.webp 600w\" sizes=\"(max-width: 800px) 100vw, 800px\" \/><\/p>\n<h3 style=\"text-align: center;\">WASSERDICHT NACH IPX6-STANDARD<\/h3>\n<p style=\"text-align: center;\">Dank des wasserdichten Schutzes k\u00f6nnen Sie die Taschenlampe bei Regenwetter bedenkenlos bedienen.<\/p>\n<p><img decoding=\"async\" class=\"aligncenter wp-image-7629 size-full\" src=\"https:\/\/www.sportshine.eu\/wp-content\/uploads\/2025\/07\/Kolesarska-luc-Gaciron-Raptor-1800-5.webp\" alt=\"\" width=\"800\" height=\"600\" srcset=\"https:\/\/www.sportshine.eu\/wp-content\/uploads\/2025\/07\/Kolesarska-luc-Gaciron-Raptor-1800-5.webp 800w, https:\/\/www.sportshine.eu\/wp-content\/uploads\/2025\/07\/Kolesarska-luc-Gaciron-Raptor-1800-5-768x576.webp 768w, https:\/\/www.sportshine.eu\/wp-content\/uploads\/2025\/07\/Kolesarska-luc-Gaciron-Raptor-1800-5-600x450.webp 600w\" sizes=\"(max-width: 800px) 100vw, 800px\" \/><\/p>\n<h3 style=\"text-align: center;\">BATTERIE-WIEDERAUFLADFUNKTION<\/h3>\n<p style=\"text-align: center;\">Die Leuchte verf\u00fcgt \u00fcber einen eingebauten 10.000 mAh-Akku, mit dem Sie Ihr Telefon, Messger\u00e4t oder andere elektronische Ger\u00e4te aufladen k\u00f6nnen.<\/p>\n<p><img decoding=\"async\" class=\"aligncenter wp-image-7630 size-full\" src=\"https:\/\/www.sportshine.eu\/wp-content\/uploads\/2025\/07\/Kolesarska-luc-Gaciron-Raptor-1800-6.webp\" alt=\"\" width=\"800\" height=\"600\" srcset=\"https:\/\/www.sportshine.eu\/wp-content\/uploads\/2025\/07\/Kolesarska-luc-Gaciron-Raptor-1800-6.webp 800w, https:\/\/www.sportshine.eu\/wp-content\/uploads\/2025\/07\/Kolesarska-luc-Gaciron-Raptor-1800-6-768x576.webp 768w, https:\/\/www.sportshine.eu\/wp-content\/uploads\/2025\/07\/Kolesarska-luc-Gaciron-Raptor-1800-6-600x450.webp 600w\" sizes=\"(max-width: 800px) 100vw, 800px\" \/><\/p>\n<h3 style=\"text-align: center;\">SIE ERHALTEN IM PAKET<\/h3>\n<p style=\"text-align: center;\">RAPTOR-1800 *1<br \/>\nUSB-C-Ladekabel *1<br \/>\nDrahtlose Fernbedienung *1<br \/>\nHalterung *1<br \/>\nGoPro-Adapter *1<br \/>\nUSB-C-Ladekabel *1<br \/>\n1 Werkzeug zum Wiederzusammenbau<\/p>\n<p><img decoding=\"async\" class=\"aligncenter wp-image-7631 size-full\" src=\"https:\/\/www.sportshine.eu\/wp-content\/uploads\/2025\/07\/Kolesarska-luc-Gaciron-Raptor-1800-7.webp\" alt=\"\" width=\"800\" height=\"600\" srcset=\"https:\/\/www.sportshine.eu\/wp-content\/uploads\/2025\/07\/Kolesarska-luc-Gaciron-Raptor-1800-7.webp 800w, https:\/\/www.sportshine.eu\/wp-content\/uploads\/2025\/07\/Kolesarska-luc-Gaciron-Raptor-1800-7-768x576.webp 768w, https:\/\/www.sportshine.eu\/wp-content\/uploads\/2025\/07\/Kolesarska-luc-Gaciron-Raptor-1800-7-600x450.webp 600w\" sizes=\"(max-width: 800px) 100vw, 800px\" \/><\/p>","protected":false},"excerpt":{"rendered":"<p>Die Gaciron RAPTOR 1800 ist eine leistungsstarke LED-Leuchte mit Funktionen wie einer kabellosen Fernbedienung, mehreren Beleuchtungsmodi und einem leistungsstarken Akku, der gleichzeitig als Powerbank dient. Die Fahrradleuchte ist robust, wasserdicht und l\u00e4sst sich einfach am Lenker oder Helm befestigen.<\/p>","protected":false},"featured_media":5184,"comment_status":"open","ping_status":"closed","template":"","meta":[],"product_brand":[132],"product_cat":[82,150],"product_tag":[],"class_list":{"0":"post-6329","1":"product","2":"type-product","3":"status-publish","4":"has-post-thumbnail","6":"product_brand-gaciron","7":"product_cat-kolesarske-luci","8":"product_cat-sprednje-kolesarske-luci","10":"first","11":"instock","12":"sale","13":"taxable","14":"shipping-taxable","15":"purchasable","16":"product-type-simple"},"yoast_head":"<!-- This site is optimized with the Yoast SEO plugin v27.3 - https:\/\/yoast.com\/product\/yoast-seo-wordpress\/ -->\n<title>Kolesarska lu\u010d Gaciron Raptor 1800<\/title>\n<meta name=\"description\" content=\"Kolesarska lu\u010d Gaciron Raptor 1800 z neverjetno mo\u010djo 1800 lumnov. Za svojo mo\u010d uporablja 6700 mAh litij-ionsko baterijo. Vodoodporna je po standardu IPX6.\" \/>\n<meta name=\"robots\" content=\"index, follow, max-snippet:-1, max-image-preview:large, max-video-preview:-1\" \/>\n<link rel=\"canonical\" href=\"https:\/\/www.sportshine.eu\/de\/geschaft\/fahrradlicht-gaciron-raptor-1800\/\" \/>\n<meta property=\"og:locale\" content=\"de_DE\" \/>\n<meta property=\"og:type\" content=\"article\" \/>\n<meta property=\"og:title\" content=\"Kolesarska lu\u010d Gaciron Raptor 1800\" \/>\n<meta property=\"og:description\" content=\"Kolesarska lu\u010d Gaciron Raptor 1800 z neverjetno mo\u010djo 1800 lumnov. Za svojo mo\u010d uporablja 6700 mAh litij-ionsko baterijo. Vodoodporna je po standardu IPX6.\" \/>\n<meta property=\"og:url\" content=\"https:\/\/www.sportshine.eu\/de\/geschaft\/fahrradlicht-gaciron-raptor-1800\/\" \/>\n<meta property=\"og:site_name\" content=\"Sportshine\" \/>\n<meta property=\"article:publisher\" content=\"https:\/\/www.facebook.com\/sportshine.eu\/\" \/>\n<meta property=\"article:modified_time\" content=\"2026-03-06T12:24:48+00:00\" \/>\n<meta property=\"og:image\" content=\"https:\/\/www.sportshine.eu\/wp-content\/uploads\/2025\/07\/d30856173cdb915ad2f0c03d8361a5fa.webp\" \/>\n\t<meta property=\"og:image:width\" content=\"800\" \/>\n\t<meta property=\"og:image:height\" content=\"800\" \/>\n\t<meta property=\"og:image:type\" content=\"image\/webp\" \/>\n<meta name=\"twitter:card\" content=\"summary_large_image\" \/>\n<meta name=\"twitter:label1\" content=\"Gesch\u00e4tzte Lesezeit\" \/>\n\t<meta name=\"twitter:data1\" content=\"4 Minuten\" \/>\n<script type=\"application\/ld+json\" class=\"yoast-schema-graph\">{\"@context\":\"https:\\\/\\\/schema.org\",\"@graph\":[{\"@type\":\"WebPage\",\"@id\":\"https:\\\/\\\/www.sportshine.eu\\\/trgovina\\\/kolesarska-luc-gaciron-raptor-1800\\\/\",\"url\":\"https:\\\/\\\/www.sportshine.eu\\\/trgovina\\\/kolesarska-luc-gaciron-raptor-1800\\\/\",\"name\":\"Kolesarska lu\u010d Gaciron Raptor 1800\",\"isPartOf\":{\"@id\":\"https:\\\/\\\/www.sportshine.eu\\\/#website\"},\"primaryImageOfPage\":{\"@id\":\"https:\\\/\\\/www.sportshine.eu\\\/trgovina\\\/kolesarska-luc-gaciron-raptor-1800\\\/#primaryimage\"},\"image\":{\"@id\":\"https:\\\/\\\/www.sportshine.eu\\\/trgovina\\\/kolesarska-luc-gaciron-raptor-1800\\\/#primaryimage\"},\"thumbnailUrl\":\"https:\\\/\\\/www.sportshine.eu\\\/wp-content\\\/uploads\\\/2025\\\/07\\\/d30856173cdb915ad2f0c03d8361a5fa.webp\",\"datePublished\":\"2026-01-29T21:09:23+00:00\",\"dateModified\":\"2026-03-06T12:24:48+00:00\",\"description\":\"Kolesarska lu\u010d Gaciron Raptor 1800 z neverjetno mo\u010djo 1800 lumnov. Za svojo mo\u010d uporablja 6700 mAh litij-ionsko baterijo. Vodoodporna je po standardu IPX6.\",\"breadcrumb\":{\"@id\":\"https:\\\/\\\/www.sportshine.eu\\\/trgovina\\\/kolesarska-luc-gaciron-raptor-1800\\\/#breadcrumb\"},\"inLanguage\":\"de-AT\",\"potentialAction\":[{\"@type\":\"ReadAction\",\"target\":[\"https:\\\/\\\/www.sportshine.eu\\\/trgovina\\\/kolesarska-luc-gaciron-raptor-1800\\\/\"]}]},{\"@type\":\"ImageObject\",\"inLanguage\":\"de-AT\",\"@id\":\"https:\\\/\\\/www.sportshine.eu\\\/trgovina\\\/kolesarska-luc-gaciron-raptor-1800\\\/#primaryimage\",\"url\":\"https:\\\/\\\/www.sportshine.eu\\\/wp-content\\\/uploads\\\/2025\\\/07\\\/d30856173cdb915ad2f0c03d8361a5fa.webp\",\"contentUrl\":\"https:\\\/\\\/www.sportshine.eu\\\/wp-content\\\/uploads\\\/2025\\\/07\\\/d30856173cdb915ad2f0c03d8361a5fa.webp\",\"width\":800,\"height\":800},{\"@type\":\"BreadcrumbList\",\"@id\":\"https:\\\/\\\/www.sportshine.eu\\\/trgovina\\\/kolesarska-luc-gaciron-raptor-1800\\\/#breadcrumb\",\"itemListElement\":[{\"@type\":\"ListItem\",\"position\":1,\"name\":\"Home\",\"item\":\"https:\\\/\\\/www.sportshine.eu\\\/\"},{\"@type\":\"ListItem\",\"position\":2,\"name\":\"Trgovina\",\"item\":\"https:\\\/\\\/www.sportshine.eu\\\/trgovina\\\/\"},{\"@type\":\"ListItem\",\"position\":3,\"name\":\"Kolesarska lu\u010d Gaciron Raptor 1800\"}]},{\"@type\":\"WebSite\",\"@id\":\"https:\\\/\\\/www.sportshine.eu\\\/#website\",\"url\":\"https:\\\/\\\/www.sportshine.eu\\\/\",\"name\":\"Sportshine\",\"description\":\"Top spletna trgovina kolesarskih in naglavnih svetilk ter opreme\",\"publisher\":{\"@id\":\"https:\\\/\\\/www.sportshine.eu\\\/#organization\"},\"potentialAction\":[{\"@type\":\"SearchAction\",\"target\":{\"@type\":\"EntryPoint\",\"urlTemplate\":\"https:\\\/\\\/www.sportshine.eu\\\/?s={search_term_string}\"},\"query-input\":{\"@type\":\"PropertyValueSpecification\",\"valueRequired\":true,\"valueName\":\"search_term_string\"}}],\"inLanguage\":\"de-AT\"},{\"@type\":\"Organization\",\"@id\":\"https:\\\/\\\/www.sportshine.eu\\\/#organization\",\"name\":\"Sportshine\",\"url\":\"https:\\\/\\\/www.sportshine.eu\\\/\",\"logo\":{\"@type\":\"ImageObject\",\"inLanguage\":\"de-AT\",\"@id\":\"https:\\\/\\\/www.sportshine.eu\\\/#\\\/schema\\\/logo\\\/image\\\/\",\"url\":\"https:\\\/\\\/www.sportshine.eu\\\/wp-content\\\/uploads\\\/2026\\\/01\\\/cropped-Sportshine.webp\",\"contentUrl\":\"https:\\\/\\\/www.sportshine.eu\\\/wp-content\\\/uploads\\\/2026\\\/01\\\/cropped-Sportshine.webp\",\"width\":295,\"height\":128,\"caption\":\"Sportshine\"},\"image\":{\"@id\":\"https:\\\/\\\/www.sportshine.eu\\\/#\\\/schema\\\/logo\\\/image\\\/\"},\"sameAs\":[\"https:\\\/\\\/www.facebook.com\\\/sportshine.eu\\\/\"]}]}<\/script>\n<!-- \/ Yoast SEO plugin. -->","yoast_head_json":{"title":"Gaciron Raptor 1800 Fahrradlicht","description":"Das Gaciron Raptor 1800 Fahrradlicht hat unglaubliche 1800 Lumen. Es wird von einem 6700 mAh Lithium-Ionen-Akku betrieben. Es ist wasserdicht nach IPX6-Standard.","robots":{"index":"index","follow":"follow","max-snippet":"max-snippet:-1","max-image-preview":"max-image-preview:large","max-video-preview":"max-video-preview:-1"},"canonical":"https:\/\/www.sportshine.eu\/de\/geschaft\/fahrradlicht-gaciron-raptor-1800\/","og_locale":"de_DE","og_type":"article","og_title":"Kolesarska lu\u010d Gaciron Raptor 1800","og_description":"Kolesarska lu\u010d Gaciron Raptor 1800 z neverjetno mo\u010djo 1800 lumnov. Za svojo mo\u010d uporablja 6700 mAh litij-ionsko baterijo. Vodoodporna je po standardu IPX6.","og_url":"https:\/\/www.sportshine.eu\/de\/geschaft\/fahrradlicht-gaciron-raptor-1800\/","og_site_name":"Sportshine","article_publisher":"https:\/\/www.facebook.com\/sportshine.eu\/","article_modified_time":"2026-03-06T12:24:48+00:00","og_image":[{"width":800,"height":800,"url":"https:\/\/www.sportshine.eu\/wp-content\/uploads\/2025\/07\/d30856173cdb915ad2f0c03d8361a5fa.webp","type":"image\/webp"}],"twitter_card":"summary_large_image","twitter_misc":{"Gesch\u00e4tzte Lesezeit":"4 Minuten"},"schema":{"@context":"https:\/\/schema.org","@graph":[{"@type":"WebPage","@id":"https:\/\/www.sportshine.eu\/trgovina\/kolesarska-luc-gaciron-raptor-1800\/","url":"https:\/\/www.sportshine.eu\/trgovina\/kolesarska-luc-gaciron-raptor-1800\/","name":"Gaciron Raptor 1800 Fahrradlicht","isPartOf":{"@id":"https:\/\/www.sportshine.eu\/#website"},"primaryImageOfPage":{"@id":"https:\/\/www.sportshine.eu\/trgovina\/kolesarska-luc-gaciron-raptor-1800\/#primaryimage"},"image":{"@id":"https:\/\/www.sportshine.eu\/trgovina\/kolesarska-luc-gaciron-raptor-1800\/#primaryimage"},"thumbnailUrl":"https:\/\/www.sportshine.eu\/wp-content\/uploads\/2025\/07\/d30856173cdb915ad2f0c03d8361a5fa.webp","datePublished":"2026-01-29T21:09:23+00:00","dateModified":"2026-03-06T12:24:48+00:00","description":"Das Gaciron Raptor 1800 Fahrradlicht hat unglaubliche 1800 Lumen. Es wird von einem 6700 mAh Lithium-Ionen-Akku betrieben. Es ist wasserdicht nach IPX6-Standard.","breadcrumb":{"@id":"https:\/\/www.sportshine.eu\/trgovina\/kolesarska-luc-gaciron-raptor-1800\/#breadcrumb"},"inLanguage":"de-AT","potentialAction":[{"@type":"ReadAction","target":["https:\/\/www.sportshine.eu\/trgovina\/kolesarska-luc-gaciron-raptor-1800\/"]}]},{"@type":"ImageObject","inLanguage":"de-AT","@id":"https:\/\/www.sportshine.eu\/trgovina\/kolesarska-luc-gaciron-raptor-1800\/#primaryimage","url":"https:\/\/www.sportshine.eu\/wp-content\/uploads\/2025\/07\/d30856173cdb915ad2f0c03d8361a5fa.webp","contentUrl":"https:\/\/www.sportshine.eu\/wp-content\/uploads\/2025\/07\/d30856173cdb915ad2f0c03d8361a5fa.webp","width":800,"height":800},{"@type":"BreadcrumbList","@id":"https:\/\/www.sportshine.eu\/trgovina\/kolesarska-luc-gaciron-raptor-1800\/#breadcrumb","itemListElement":[{"@type":"ListItem","position":1,"name":"Home","item":"https:\/\/www.sportshine.eu\/"},{"@type":"ListItem","position":2,"name":"Trgovina","item":"https:\/\/www.sportshine.eu\/trgovina\/"},{"@type":"ListItem","position":3,"name":"Kolesarska lu\u010d Gaciron Raptor 1800"}]},{"@type":"WebSite","@id":"https:\/\/www.sportshine.eu\/#website","url":"https:\/\/www.sportshine.eu\/","name":"Sportshine","description":"Top Online-Shop f\u00fcr Fahrrad- und Stirnlampen sowie Zubeh\u00f6r","publisher":{"@id":"https:\/\/www.sportshine.eu\/#organization"},"potentialAction":[{"@type":"SearchAction","target":{"@type":"EntryPoint","urlTemplate":"https:\/\/www.sportshine.eu\/?s={search_term_string}"},"query-input":{"@type":"PropertyValueSpecification","valueRequired":true,"valueName":"search_term_string"}}],"inLanguage":"de-AT"},{"@type":"Organization","@id":"https:\/\/www.sportshine.eu\/#organization","name":"Sportshine","url":"https:\/\/www.sportshine.eu\/","logo":{"@type":"ImageObject","inLanguage":"de-AT","@id":"https:\/\/www.sportshine.eu\/#\/schema\/logo\/image\/","url":"https:\/\/www.sportshine.eu\/wp-content\/uploads\/2026\/01\/cropped-Sportshine.webp","contentUrl":"https:\/\/www.sportshine.eu\/wp-content\/uploads\/2026\/01\/cropped-Sportshine.webp","width":295,"height":128,"caption":"Sportshine"},"image":{"@id":"https:\/\/www.sportshine.eu\/#\/schema\/logo\/image\/"},"sameAs":["https:\/\/www.facebook.com\/sportshine.eu\/"]}]}},"_links":{"self":[{"href":"https:\/\/www.sportshine.eu\/de\/wp-json\/wp\/v2\/product\/6329","targetHints":{"allow":["GET"]}}],"collection":[{"href":"https:\/\/www.sportshine.eu\/de\/wp-json\/wp\/v2\/product"}],"about":[{"href":"https:\/\/www.sportshine.eu\/de\/wp-json\/wp\/v2\/types\/product"}],"replies":[{"embeddable":true,"href":"https:\/\/www.sportshine.eu\/de\/wp-json\/wp\/v2\/comments?post=6329"}],"version-history":[{"count":0,"href":"https:\/\/www.sportshine.eu\/de\/wp-json\/wp\/v2\/product\/6329\/revisions"}],"wp:featuredmedia":[{"embeddable":true,"href":"https:\/\/www.sportshine.eu\/de\/wp-json\/wp\/v2\/media\/5184"}],"wp:attachment":[{"href":"https:\/\/www.sportshine.eu\/de\/wp-json\/wp\/v2\/media?parent=6329"}],"wp:term":[{"taxonomy":"product_brand","embeddable":true,"href":"https:\/\/www.sportshine.eu\/de\/wp-json\/wp\/v2\/product_brand?post=6329"},{"taxonomy":"product_cat","embeddable":true,"href":"https:\/\/www.sportshine.eu\/de\/wp-json\/wp\/v2\/product_cat?post=6329"},{"taxonomy":"product_tag","embeddable":true,"href":"https:\/\/www.sportshine.eu\/de\/wp-json\/wp\/v2\/product_tag?post=6329"}],"curies":[{"name":"wp","href":"https:\/\/api.w.org\/{rel}","templated":true}]}}