{"id":6326,"date":"2026-01-28T21:09:19","date_gmt":"2026-01-28T21:09:19","guid":{"rendered":"https:\/\/www.sportshine.eu\/?post_type=product&#038;p=6326"},"modified":"2026-01-30T19:31:15","modified_gmt":"2026-01-30T19:31:15","slug":"fahrradrucklicht-led-gaciron-w16c","status":"publish","type":"product","link":"https:\/\/www.sportshine.eu\/de\/geschaft\/fahrradrucklicht-led-gaciron-w16c\/","title":{"rendered":"Gaciron W16C LED-Fahrradr\u00fccklicht"},"content":{"rendered":"<h3 style=\"text-align: center;\">GACIRON W16C FAHRRAD-R\u00dcCKLICHT MIT MAGNETHALTERUNG UND HELLIGKEIT BIS ZU 30 LUMEN.<\/h3>\n<p><img decoding=\"async\" class=\"aligncenter wp-image-7642\" src=\"https:\/\/www.sportshine.eu\/wp-content\/uploads\/2025\/07\/Gaciron-W16C.webp\" alt=\"\" width=\"800\" height=\"996\" srcset=\"https:\/\/www.sportshine.eu\/wp-content\/uploads\/2025\/07\/Gaciron-W16C.webp 750w, https:\/\/www.sportshine.eu\/wp-content\/uploads\/2025\/07\/Gaciron-W16C-600x747.webp 600w\" sizes=\"(max-width: 800px) 100vw, 800px\" \/><\/p>\n<h3 style=\"text-align: center;\">TRANSPARENTES LEUCHTGEH\u00c4USE ERM\u00d6GLICHT SICHTBARKEIT AUF 1000 METER<\/h3>\n<p><img decoding=\"async\" class=\"aligncenter wp-image-7643\" src=\"https:\/\/www.sportshine.eu\/wp-content\/uploads\/2025\/07\/Gaciron-W16C-1.webp\" alt=\"\" width=\"800\" height=\"1176\" \/><\/p>\n<h3 style=\"text-align: center;\">5 BETRIEBS- UND LADUNGSSTUFEN \u00dcBER USB-C-EINGANG<\/h3>\n<p><img decoding=\"async\" class=\"aligncenter wp-image-7645\" src=\"https:\/\/www.sportshine.eu\/wp-content\/uploads\/2025\/07\/zadnja-luc-za-kolo-Gaciron.webp\" alt=\"\" width=\"800\" height=\"1207\" srcset=\"https:\/\/www.sportshine.eu\/wp-content\/uploads\/2025\/07\/zadnja-luc-za-kolo-Gaciron.webp 750w, https:\/\/www.sportshine.eu\/wp-content\/uploads\/2025\/07\/zadnja-luc-za-kolo-Gaciron-600x906.webp 600w\" sizes=\"(max-width: 800px) 100vw, 800px\" \/><\/p>\n<h3 style=\"text-align: center;\">VIDEOPR\u00c4SENTATION DES CYCLE LIGHT<\/h3>\n<p><iframe loading=\"lazy\" title=\"Gaciron W16C\" width=\"500\" height=\"281\" src=\"https:\/\/www.youtube.com\/embed\/cflxZQ1148s?feature=oembed\" frameborder=\"0\" allow=\"accelerometer; autoplay; clipboard-write; encrypted-media; gyroscope; picture-in-picture; web-share\" referrerpolicy=\"strict-origin-when-cross-origin\" allowfullscreen><\/iframe><\/p>\n<h3 style=\"text-align: center;\">WASSERDICHT NACH IPX7-STANDARD<\/h3>\n<p style=\"text-align: center;\">Es gew\u00e4hrleistet zuverl\u00e4ssige Leistung auch unter anspruchsvollsten Wetterbedingungen. Fahren Sie sorgenfrei, denn Ihr Licht ist so konzipiert, dass es Regen, Schnee und Schlamm standh\u00e4lt.<\/p>\n<p><img decoding=\"async\" class=\"aligncenter wp-image-7646 size-full\" src=\"https:\/\/www.sportshine.eu\/wp-content\/uploads\/2025\/07\/Gaciron-W16C-2.webp\" alt=\"\" width=\"800\" height=\"800\" srcset=\"https:\/\/www.sportshine.eu\/wp-content\/uploads\/2025\/07\/Gaciron-W16C-2.webp 800w, https:\/\/www.sportshine.eu\/wp-content\/uploads\/2025\/07\/Gaciron-W16C-2-768x768.webp 768w, https:\/\/www.sportshine.eu\/wp-content\/uploads\/2025\/07\/Gaciron-W16C-2-600x600.webp 600w\" sizes=\"(max-width: 800px) 100vw, 800px\" \/><\/p>\n<h3 style=\"text-align: center;\">SIE ERHALTEN IM PAKET<\/h3>\n<p><img decoding=\"async\" class=\"aligncenter wp-image-7647 size-full\" src=\"https:\/\/www.sportshine.eu\/wp-content\/uploads\/2025\/07\/Gaciron-W16C-3.webp\" alt=\"\" width=\"800\" height=\"800\" srcset=\"https:\/\/www.sportshine.eu\/wp-content\/uploads\/2025\/07\/Gaciron-W16C-3.webp 800w, https:\/\/www.sportshine.eu\/wp-content\/uploads\/2025\/07\/Gaciron-W16C-3-768x768.webp 768w, https:\/\/www.sportshine.eu\/wp-content\/uploads\/2025\/07\/Gaciron-W16C-3-600x600.webp 600w\" sizes=\"(max-width: 800px) 100vw, 800px\" \/><\/p>\n<p>&nbsp;<\/p>","protected":false},"excerpt":{"rendered":"<p>Das Gaciron W16C Fahrradr\u00fccklicht bietet bis zu 30 Lumen Helligkeit und ist wasserdicht nach IPX7-Standard. Aufgrund seiner Leistung eignet es sich auch f\u00fcr Fahrten bei sonnigem Wetter. Es verf\u00fcgt \u00fcber einen eingebauten 200 mAh Lithium-Ionen-Akku, der auf niedrigster Stufe bis zu 35 Stunden Betrieb erm\u00f6glicht. Dank der innovativen Magnetbefestigung l\u00e4sst es sich einfach fest an der mitgelieferten Halterung befestigen. Das Fahrradlicht ist in einer Entfernung von 1000 Metern sichtbar.<\/p>","protected":false},"featured_media":5174,"comment_status":"open","ping_status":"closed","template":"","meta":[],"product_brand":[132],"product_cat":[86],"product_tag":[],"class_list":{"0":"post-6326","1":"product","2":"type-product","3":"status-publish","4":"has-post-thumbnail","6":"product_brand-gaciron","7":"product_cat-zadnje-kolesarske-luci","9":"first","10":"instock","11":"taxable","12":"shipping-taxable","13":"purchasable","14":"product-type-simple"},"yoast_head":"<!-- This site is optimized with the Yoast SEO plugin v27.3 - https:\/\/yoast.com\/product\/yoast-seo-wordpress\/ -->\n<title>Kolesarska lu\u010d Gaciron W16C. - Visoka svetilnost<\/title>\n<meta name=\"description\" content=\"Zadnja kolesarska lu\u010d z mo\u010djo 30 lumnov. Omogo\u010da 5 stopenj delovanja in je vodoodporna po standardu IPX7. Vgrajeno ima 200 mAh litij-ionsko baterijo.\" \/>\n<meta name=\"robots\" content=\"index, follow, max-snippet:-1, max-image-preview:large, max-video-preview:-1\" \/>\n<link rel=\"canonical\" href=\"https:\/\/www.sportshine.eu\/de\/geschaft\/fahrradrucklicht-led-gaciron-w16c\/\" \/>\n<meta property=\"og:locale\" content=\"de_DE\" \/>\n<meta property=\"og:type\" content=\"article\" \/>\n<meta property=\"og:title\" content=\"Kolesarska lu\u010d Gaciron W16C. - Visoka svetilnost\" \/>\n<meta property=\"og:description\" content=\"Zadnja kolesarska lu\u010d z mo\u010djo 30 lumnov. Omogo\u010da 5 stopenj delovanja in je vodoodporna po standardu IPX7. Vgrajeno ima 200 mAh litij-ionsko baterijo.\" \/>\n<meta property=\"og:url\" content=\"https:\/\/www.sportshine.eu\/de\/geschaft\/fahrradrucklicht-led-gaciron-w16c\/\" \/>\n<meta property=\"og:site_name\" content=\"Sportshine\" \/>\n<meta property=\"article:publisher\" content=\"https:\/\/www.facebook.com\/sportshine.eu\/\" \/>\n<meta property=\"article:modified_time\" content=\"2026-01-30T19:31:15+00:00\" \/>\n<meta property=\"og:image\" content=\"https:\/\/www.sportshine.eu\/wp-content\/uploads\/2025\/07\/zadnja-kolesarska-luc.webp\" \/>\n\t<meta property=\"og:image:width\" content=\"800\" \/>\n\t<meta property=\"og:image:height\" content=\"800\" \/>\n\t<meta property=\"og:image:type\" content=\"image\/webp\" \/>\n<meta name=\"twitter:card\" content=\"summary_large_image\" \/>\n<meta name=\"twitter:label1\" content=\"Gesch\u00e4tzte Lesezeit\" \/>\n\t<meta name=\"twitter:data1\" content=\"2 Minuten\" \/>\n<script type=\"application\/ld+json\" class=\"yoast-schema-graph\">{\"@context\":\"https:\\\/\\\/schema.org\",\"@graph\":[{\"@type\":\"WebPage\",\"@id\":\"https:\\\/\\\/www.sportshine.eu\\\/trgovina\\\/zadnja-kolesarska-svetilka-led-gaciron-w16c\\\/\",\"url\":\"https:\\\/\\\/www.sportshine.eu\\\/trgovina\\\/zadnja-kolesarska-svetilka-led-gaciron-w16c\\\/\",\"name\":\"Kolesarska lu\u010d Gaciron W16C. - Visoka svetilnost\",\"isPartOf\":{\"@id\":\"https:\\\/\\\/www.sportshine.eu\\\/#website\"},\"primaryImageOfPage\":{\"@id\":\"https:\\\/\\\/www.sportshine.eu\\\/trgovina\\\/zadnja-kolesarska-svetilka-led-gaciron-w16c\\\/#primaryimage\"},\"image\":{\"@id\":\"https:\\\/\\\/www.sportshine.eu\\\/trgovina\\\/zadnja-kolesarska-svetilka-led-gaciron-w16c\\\/#primaryimage\"},\"thumbnailUrl\":\"https:\\\/\\\/www.sportshine.eu\\\/wp-content\\\/uploads\\\/2025\\\/07\\\/zadnja-kolesarska-luc.webp\",\"datePublished\":\"2026-01-28T21:09:19+00:00\",\"dateModified\":\"2026-01-30T19:31:15+00:00\",\"description\":\"Zadnja kolesarska lu\u010d z mo\u010djo 30 lumnov. Omogo\u010da 5 stopenj delovanja in je vodoodporna po standardu IPX7. Vgrajeno ima 200 mAh litij-ionsko baterijo.\",\"breadcrumb\":{\"@id\":\"https:\\\/\\\/www.sportshine.eu\\\/trgovina\\\/zadnja-kolesarska-svetilka-led-gaciron-w16c\\\/#breadcrumb\"},\"inLanguage\":\"de-AT\",\"potentialAction\":[{\"@type\":\"ReadAction\",\"target\":[\"https:\\\/\\\/www.sportshine.eu\\\/trgovina\\\/zadnja-kolesarska-svetilka-led-gaciron-w16c\\\/\"]}]},{\"@type\":\"ImageObject\",\"inLanguage\":\"de-AT\",\"@id\":\"https:\\\/\\\/www.sportshine.eu\\\/trgovina\\\/zadnja-kolesarska-svetilka-led-gaciron-w16c\\\/#primaryimage\",\"url\":\"https:\\\/\\\/www.sportshine.eu\\\/wp-content\\\/uploads\\\/2025\\\/07\\\/zadnja-kolesarska-luc.webp\",\"contentUrl\":\"https:\\\/\\\/www.sportshine.eu\\\/wp-content\\\/uploads\\\/2025\\\/07\\\/zadnja-kolesarska-luc.webp\",\"width\":800,\"height\":800},{\"@type\":\"BreadcrumbList\",\"@id\":\"https:\\\/\\\/www.sportshine.eu\\\/trgovina\\\/zadnja-kolesarska-svetilka-led-gaciron-w16c\\\/#breadcrumb\",\"itemListElement\":[{\"@type\":\"ListItem\",\"position\":1,\"name\":\"Home\",\"item\":\"https:\\\/\\\/www.sportshine.eu\\\/\"},{\"@type\":\"ListItem\",\"position\":2,\"name\":\"Trgovina\",\"item\":\"https:\\\/\\\/www.sportshine.eu\\\/trgovina\\\/\"},{\"@type\":\"ListItem\",\"position\":3,\"name\":\"Zadnja kolesarska svetilka LED Gaciron W16C\"}]},{\"@type\":\"WebSite\",\"@id\":\"https:\\\/\\\/www.sportshine.eu\\\/#website\",\"url\":\"https:\\\/\\\/www.sportshine.eu\\\/\",\"name\":\"Sportshine\",\"description\":\"Top spletna trgovina kolesarskih in naglavnih svetilk ter opreme\",\"publisher\":{\"@id\":\"https:\\\/\\\/www.sportshine.eu\\\/#organization\"},\"potentialAction\":[{\"@type\":\"SearchAction\",\"target\":{\"@type\":\"EntryPoint\",\"urlTemplate\":\"https:\\\/\\\/www.sportshine.eu\\\/?s={search_term_string}\"},\"query-input\":{\"@type\":\"PropertyValueSpecification\",\"valueRequired\":true,\"valueName\":\"search_term_string\"}}],\"inLanguage\":\"de-AT\"},{\"@type\":\"Organization\",\"@id\":\"https:\\\/\\\/www.sportshine.eu\\\/#organization\",\"name\":\"Sportshine\",\"url\":\"https:\\\/\\\/www.sportshine.eu\\\/\",\"logo\":{\"@type\":\"ImageObject\",\"inLanguage\":\"de-AT\",\"@id\":\"https:\\\/\\\/www.sportshine.eu\\\/#\\\/schema\\\/logo\\\/image\\\/\",\"url\":\"https:\\\/\\\/www.sportshine.eu\\\/wp-content\\\/uploads\\\/2026\\\/01\\\/cropped-Sportshine.webp\",\"contentUrl\":\"https:\\\/\\\/www.sportshine.eu\\\/wp-content\\\/uploads\\\/2026\\\/01\\\/cropped-Sportshine.webp\",\"width\":295,\"height\":128,\"caption\":\"Sportshine\"},\"image\":{\"@id\":\"https:\\\/\\\/www.sportshine.eu\\\/#\\\/schema\\\/logo\\\/image\\\/\"},\"sameAs\":[\"https:\\\/\\\/www.facebook.com\\\/sportshine.eu\\\/\"]}]}<\/script>\n<!-- \/ Yoast SEO plugin. -->","yoast_head_json":{"title":"Gaciron W16C Fahrradlicht. - Hohe Helligkeit","description":"Fahrradr\u00fccklicht mit 30 Lumen. Es verf\u00fcgt \u00fcber 5 Betriebsstufen und ist wasserdicht nach IPX7-Standard. Es verf\u00fcgt \u00fcber einen eingebauten 200 mAh Lithium-Ionen-Akku.","robots":{"index":"index","follow":"follow","max-snippet":"max-snippet:-1","max-image-preview":"max-image-preview:large","max-video-preview":"max-video-preview:-1"},"canonical":"https:\/\/www.sportshine.eu\/de\/geschaft\/fahrradrucklicht-led-gaciron-w16c\/","og_locale":"de_DE","og_type":"article","og_title":"Kolesarska lu\u010d Gaciron W16C. - Visoka svetilnost","og_description":"Zadnja kolesarska lu\u010d z mo\u010djo 30 lumnov. Omogo\u010da 5 stopenj delovanja in je vodoodporna po standardu IPX7. Vgrajeno ima 200 mAh litij-ionsko baterijo.","og_url":"https:\/\/www.sportshine.eu\/de\/geschaft\/fahrradrucklicht-led-gaciron-w16c\/","og_site_name":"Sportshine","article_publisher":"https:\/\/www.facebook.com\/sportshine.eu\/","article_modified_time":"2026-01-30T19:31:15+00:00","og_image":[{"width":800,"height":800,"url":"https:\/\/www.sportshine.eu\/wp-content\/uploads\/2025\/07\/zadnja-kolesarska-luc.webp","type":"image\/webp"}],"twitter_card":"summary_large_image","twitter_misc":{"Gesch\u00e4tzte Lesezeit":"2 Minuten"},"schema":{"@context":"https:\/\/schema.org","@graph":[{"@type":"WebPage","@id":"https:\/\/www.sportshine.eu\/trgovina\/zadnja-kolesarska-svetilka-led-gaciron-w16c\/","url":"https:\/\/www.sportshine.eu\/trgovina\/zadnja-kolesarska-svetilka-led-gaciron-w16c\/","name":"Gaciron W16C Fahrradlicht. - Hohe Helligkeit","isPartOf":{"@id":"https:\/\/www.sportshine.eu\/#website"},"primaryImageOfPage":{"@id":"https:\/\/www.sportshine.eu\/trgovina\/zadnja-kolesarska-svetilka-led-gaciron-w16c\/#primaryimage"},"image":{"@id":"https:\/\/www.sportshine.eu\/trgovina\/zadnja-kolesarska-svetilka-led-gaciron-w16c\/#primaryimage"},"thumbnailUrl":"https:\/\/www.sportshine.eu\/wp-content\/uploads\/2025\/07\/zadnja-kolesarska-luc.webp","datePublished":"2026-01-28T21:09:19+00:00","dateModified":"2026-01-30T19:31:15+00:00","description":"Fahrradr\u00fccklicht mit 30 Lumen. Es verf\u00fcgt \u00fcber 5 Betriebsstufen und ist wasserdicht nach IPX7-Standard. Es verf\u00fcgt \u00fcber einen eingebauten 200 mAh Lithium-Ionen-Akku.","breadcrumb":{"@id":"https:\/\/www.sportshine.eu\/trgovina\/zadnja-kolesarska-svetilka-led-gaciron-w16c\/#breadcrumb"},"inLanguage":"de-AT","potentialAction":[{"@type":"ReadAction","target":["https:\/\/www.sportshine.eu\/trgovina\/zadnja-kolesarska-svetilka-led-gaciron-w16c\/"]}]},{"@type":"ImageObject","inLanguage":"de-AT","@id":"https:\/\/www.sportshine.eu\/trgovina\/zadnja-kolesarska-svetilka-led-gaciron-w16c\/#primaryimage","url":"https:\/\/www.sportshine.eu\/wp-content\/uploads\/2025\/07\/zadnja-kolesarska-luc.webp","contentUrl":"https:\/\/www.sportshine.eu\/wp-content\/uploads\/2025\/07\/zadnja-kolesarska-luc.webp","width":800,"height":800},{"@type":"BreadcrumbList","@id":"https:\/\/www.sportshine.eu\/trgovina\/zadnja-kolesarska-svetilka-led-gaciron-w16c\/#breadcrumb","itemListElement":[{"@type":"ListItem","position":1,"name":"Home","item":"https:\/\/www.sportshine.eu\/"},{"@type":"ListItem","position":2,"name":"Trgovina","item":"https:\/\/www.sportshine.eu\/trgovina\/"},{"@type":"ListItem","position":3,"name":"Zadnja kolesarska svetilka LED Gaciron W16C"}]},{"@type":"WebSite","@id":"https:\/\/www.sportshine.eu\/#website","url":"https:\/\/www.sportshine.eu\/","name":"Sportshine","description":"Top Online-Shop f\u00fcr Fahrrad- und Stirnlampen sowie Zubeh\u00f6r","publisher":{"@id":"https:\/\/www.sportshine.eu\/#organization"},"potentialAction":[{"@type":"SearchAction","target":{"@type":"EntryPoint","urlTemplate":"https:\/\/www.sportshine.eu\/?s={search_term_string}"},"query-input":{"@type":"PropertyValueSpecification","valueRequired":true,"valueName":"search_term_string"}}],"inLanguage":"de-AT"},{"@type":"Organization","@id":"https:\/\/www.sportshine.eu\/#organization","name":"Sportshine","url":"https:\/\/www.sportshine.eu\/","logo":{"@type":"ImageObject","inLanguage":"de-AT","@id":"https:\/\/www.sportshine.eu\/#\/schema\/logo\/image\/","url":"https:\/\/www.sportshine.eu\/wp-content\/uploads\/2026\/01\/cropped-Sportshine.webp","contentUrl":"https:\/\/www.sportshine.eu\/wp-content\/uploads\/2026\/01\/cropped-Sportshine.webp","width":295,"height":128,"caption":"Sportshine"},"image":{"@id":"https:\/\/www.sportshine.eu\/#\/schema\/logo\/image\/"},"sameAs":["https:\/\/www.facebook.com\/sportshine.eu\/"]}]}},"_links":{"self":[{"href":"https:\/\/www.sportshine.eu\/de\/wp-json\/wp\/v2\/product\/6326","targetHints":{"allow":["GET"]}}],"collection":[{"href":"https:\/\/www.sportshine.eu\/de\/wp-json\/wp\/v2\/product"}],"about":[{"href":"https:\/\/www.sportshine.eu\/de\/wp-json\/wp\/v2\/types\/product"}],"replies":[{"embeddable":true,"href":"https:\/\/www.sportshine.eu\/de\/wp-json\/wp\/v2\/comments?post=6326"}],"version-history":[{"count":0,"href":"https:\/\/www.sportshine.eu\/de\/wp-json\/wp\/v2\/product\/6326\/revisions"}],"wp:featuredmedia":[{"embeddable":true,"href":"https:\/\/www.sportshine.eu\/de\/wp-json\/wp\/v2\/media\/5174"}],"wp:attachment":[{"href":"https:\/\/www.sportshine.eu\/de\/wp-json\/wp\/v2\/media?parent=6326"}],"wp:term":[{"taxonomy":"product_brand","embeddable":true,"href":"https:\/\/www.sportshine.eu\/de\/wp-json\/wp\/v2\/product_brand?post=6326"},{"taxonomy":"product_cat","embeddable":true,"href":"https:\/\/www.sportshine.eu\/de\/wp-json\/wp\/v2\/product_cat?post=6326"},{"taxonomy":"product_tag","embeddable":true,"href":"https:\/\/www.sportshine.eu\/de\/wp-json\/wp\/v2\/product_tag?post=6326"}],"curies":[{"name":"wp","href":"https:\/\/api.w.org\/{rel}","templated":true}]}}