{"id":6325,"date":"2026-02-05T21:09:18","date_gmt":"2026-02-05T21:09:18","guid":{"rendered":"https:\/\/www.sportshine.eu\/?post_type=product&#038;p=6325"},"modified":"2026-03-11T16:17:58","modified_gmt":"2026-03-11T16:17:58","slug":"fahrradlicht-led-gaciron-v9dp-2000","status":"publish","type":"product","link":"https:\/\/www.sportshine.eu\/de\/geschaft\/fahrradlicht-led-gaciron-v9dp-2000\/","title":{"rendered":"Gaciron V9DP-2000 LED Fahrradlicht"},"content":{"rendered":"<h3 style=\"text-align: center;\">2000 LUMEN MAXIMALE HELLIGKEIT<\/h3>\n<p style=\"text-align: center;\">Unsere professionelle Gaciron V9DP-2000-Leuchte hat eine echte Helligkeit von 2000 Lumen und ist mehr als 6-mal heller als herk\u00f6mmliche Fahrradleuchten auf dem Markt.<\/p>\n<p><img decoding=\"async\" class=\"aligncenter wp-image-7650 size-full\" src=\"https:\/\/www.sportshine.eu\/wp-content\/uploads\/2025\/07\/Gaciron-V9DP-2000.webp\" alt=\"\" width=\"800\" height=\"600\" srcset=\"https:\/\/www.sportshine.eu\/wp-content\/uploads\/2025\/07\/Gaciron-V9DP-2000.webp 800w, https:\/\/www.sportshine.eu\/wp-content\/uploads\/2025\/07\/Gaciron-V9DP-2000-768x576.webp 768w, https:\/\/www.sportshine.eu\/wp-content\/uploads\/2025\/07\/Gaciron-V9DP-2000-600x450.webp 600w\" sizes=\"(max-width: 800px) 100vw, 800px\" \/><\/p>\n<h3 style=\"text-align: center;\">CNC-BEARBEITUNG EINES GEH\u00c4USES AUS ALUMINIUMLEGIERUNG<\/h3>\n<p style=\"text-align: center;\">Die Konstruktion ist robust, langlebig und hitzebest\u00e4ndig. Sie erm\u00f6glicht eine effiziente W\u00e4rmeableitung. Die Au\u00dfenstruktur reduziert den Luftwiderstand und gew\u00e4hrleistet so die Leistung auch unter anspruchsvollen Radfahrbedingungen.<\/p>\n<p><img decoding=\"async\" class=\"aligncenter wp-image-7651 size-full\" src=\"https:\/\/www.sportshine.eu\/wp-content\/uploads\/2025\/07\/Gaciron-V9DP-2000-1.webp\" alt=\"\" width=\"800\" height=\"600\" srcset=\"https:\/\/www.sportshine.eu\/wp-content\/uploads\/2025\/07\/Gaciron-V9DP-2000-1.webp 800w, https:\/\/www.sportshine.eu\/wp-content\/uploads\/2025\/07\/Gaciron-V9DP-2000-1-768x576.webp 768w, https:\/\/www.sportshine.eu\/wp-content\/uploads\/2025\/07\/Gaciron-V9DP-2000-1-600x450.webp 600w\" sizes=\"(max-width: 800px) 100vw, 800px\" \/><\/p>\n<h3 style=\"text-align: center;\">POWERBANK-FUNKTION<\/h3>\n<p style=\"text-align: center;\">Der Gaciron V9DP-2000 bietet mit seinem leistungsstarken Akku eine wiederaufladbare Akkufunktion, mit der Sie mobile Ger\u00e4te w\u00e4hrend langer Fahrten oder in Notf\u00e4llen aufladen k\u00f6nnen.<\/p>\n<p><img decoding=\"async\" class=\"aligncenter wp-image-7653 size-full\" src=\"https:\/\/www.sportshine.eu\/wp-content\/uploads\/2025\/07\/Gaciron-V9DP-2000-2.webp\" alt=\"\" width=\"800\" height=\"600\" srcset=\"https:\/\/www.sportshine.eu\/wp-content\/uploads\/2025\/07\/Gaciron-V9DP-2000-2.webp 800w, https:\/\/www.sportshine.eu\/wp-content\/uploads\/2025\/07\/Gaciron-V9DP-2000-2-768x576.webp 768w, https:\/\/www.sportshine.eu\/wp-content\/uploads\/2025\/07\/Gaciron-V9DP-2000-2-600x450.webp 600w\" sizes=\"(max-width: 800px) 100vw, 800px\" \/><\/p>\n<h3 style=\"text-align: center;\">OPTISCHE ACRYLLINSE<\/h3>\n<p style=\"text-align: center;\">Bietet Schutz vor Blendung von Fu\u00dfg\u00e4ngern durch helles Licht.<\/p>\n<p><img decoding=\"async\" class=\"aligncenter wp-image-7654 size-full\" src=\"https:\/\/www.sportshine.eu\/wp-content\/uploads\/2025\/07\/Gaciron-V9DP-2000-3.webp\" alt=\"\" width=\"800\" height=\"600\" srcset=\"https:\/\/www.sportshine.eu\/wp-content\/uploads\/2025\/07\/Gaciron-V9DP-2000-3.webp 800w, https:\/\/www.sportshine.eu\/wp-content\/uploads\/2025\/07\/Gaciron-V9DP-2000-3-768x576.webp 768w, https:\/\/www.sportshine.eu\/wp-content\/uploads\/2025\/07\/Gaciron-V9DP-2000-3-600x450.webp 600w\" sizes=\"(max-width: 800px) 100vw, 800px\" \/><\/p>\n<h3 style=\"text-align: center;\">TEST DES GACIRON V9DP-2000 FAHRRADLICHTS IN V\u00d6LLIGER DUNKELHEIT.<\/h3>\n<p><iframe loading=\"lazy\" title=\"Gaciron V9DP- 2000\" width=\"500\" height=\"281\" src=\"https:\/\/www.youtube.com\/embed\/WFZs_fdlW3c?feature=oembed\" frameborder=\"0\" allow=\"accelerometer; autoplay; clipboard-write; encrypted-media; gyroscope; picture-in-picture; web-share\" referrerpolicy=\"strict-origin-when-cross-origin\" allowfullscreen><\/iframe><\/p>\n<h3 style=\"text-align: center;\">ERM\u00d6GLICHT DIE MONTAGE \u00dcBER ODER UNTER DEM LENKER<\/h3>\n<p style=\"text-align: center;\">Die Leuchte wird standardm\u00e4\u00dfig am Lenker montiert. Im Lieferumfang ist au\u00dferdem eine H07P-Montagehalterung enthalten. F\u00fcr die Montage unter dem Lenker ist eine zus\u00e4tzliche Halterung erforderlich.<\/p>\n<p><img decoding=\"async\" class=\"aligncenter wp-image-7655 size-full\" src=\"https:\/\/www.sportshine.eu\/wp-content\/uploads\/2025\/07\/Gaciron-V9DP-2000-4.webp\" alt=\"\" width=\"800\" height=\"800\" srcset=\"https:\/\/www.sportshine.eu\/wp-content\/uploads\/2025\/07\/Gaciron-V9DP-2000-4.webp 800w, https:\/\/www.sportshine.eu\/wp-content\/uploads\/2025\/07\/Gaciron-V9DP-2000-4-768x768.webp 768w, https:\/\/www.sportshine.eu\/wp-content\/uploads\/2025\/07\/Gaciron-V9DP-2000-4-600x600.webp 600w\" sizes=\"(max-width: 800px) 100vw, 800px\" \/><\/p>\n<h3 style=\"text-align: center;\">EINGEBAUTE ZWEI 6700 mAh LITHIUM-IONEN-BATTERIEN<\/h3>\n<p style=\"text-align: center;\">Das Fahrradlicht ist in 4 Stunden aufgeladen und h\u00e4lt auf der niedrigsten Stufe von 250 Lumen bis zu 12 Stunden.<\/p>\n<p><img decoding=\"async\" class=\"aligncenter wp-image-7656 size-full\" src=\"https:\/\/www.sportshine.eu\/wp-content\/uploads\/2025\/07\/Gaciron-V9DP-2000-5.webp\" alt=\"\" width=\"800\" height=\"600\" srcset=\"https:\/\/www.sportshine.eu\/wp-content\/uploads\/2025\/07\/Gaciron-V9DP-2000-5.webp 800w, https:\/\/www.sportshine.eu\/wp-content\/uploads\/2025\/07\/Gaciron-V9DP-2000-5-768x576.webp 768w, https:\/\/www.sportshine.eu\/wp-content\/uploads\/2025\/07\/Gaciron-V9DP-2000-5-600x450.webp 600w\" sizes=\"(max-width: 800px) 100vw, 800px\" \/><\/p>\n<h3 style=\"text-align: center;\">UNTERST\u00dcTZTE VERWENDUNG VON ADAPTERN ZUR LICHTSTEUERUNG<\/h3>\n<p style=\"text-align: center;\">Der Adapter kann am Lenker des Fahrrads montiert werden, was ein sichereres Radfahren erm\u00f6glicht, da Sie die Bedienebenen verschieben k\u00f6nnen, ohne den Lenker absenken zu m\u00fcssen (im Lieferumfang enthalten).<\/p>\n<p><img decoding=\"async\" class=\"aligncenter wp-image-7657 size-full\" src=\"https:\/\/www.sportshine.eu\/wp-content\/uploads\/2025\/07\/Gaciron-V9DP-2000-6.webp\" alt=\"\" width=\"800\" height=\"600\" srcset=\"https:\/\/www.sportshine.eu\/wp-content\/uploads\/2025\/07\/Gaciron-V9DP-2000-6.webp 800w, https:\/\/www.sportshine.eu\/wp-content\/uploads\/2025\/07\/Gaciron-V9DP-2000-6-768x576.webp 768w, https:\/\/www.sportshine.eu\/wp-content\/uploads\/2025\/07\/Gaciron-V9DP-2000-6-600x450.webp 600w\" sizes=\"(max-width: 800px) 100vw, 800px\" \/><\/p>\n<h3 style=\"text-align: center;\">BREIT- UND LANGSTRAHLENWINKEL -125 GRAD<\/h3>\n<p style=\"text-align: center;\">Der 125-Grad-Winkel erm\u00f6glicht Ihnen eine totwinkelfreie Ausleuchtung Ihres Weges und sorgt so f\u00fcr mehr Sicherheit.<\/p>\n<p><img decoding=\"async\" class=\"aligncenter wp-image-7658 size-full\" src=\"https:\/\/www.sportshine.eu\/wp-content\/uploads\/2025\/07\/Gaciron-V9DP-2000-7.webp\" alt=\"\" width=\"800\" height=\"600\" srcset=\"https:\/\/www.sportshine.eu\/wp-content\/uploads\/2025\/07\/Gaciron-V9DP-2000-7.webp 800w, https:\/\/www.sportshine.eu\/wp-content\/uploads\/2025\/07\/Gaciron-V9DP-2000-7-768x576.webp 768w, https:\/\/www.sportshine.eu\/wp-content\/uploads\/2025\/07\/Gaciron-V9DP-2000-7-600x450.webp 600w\" sizes=\"(max-width: 800px) 100vw, 800px\" \/><\/p>\n<h3 style=\"text-align: center;\">WASSERDICHT NACH IPX6-STANDARD<\/h3>\n<p style=\"text-align: center;\">Dank des wasserdichten Schutzes k\u00f6nnen Sie die Taschenlampe bei Regenwetter bedenkenlos bedienen.<\/p>\n<p><img decoding=\"async\" class=\"aligncenter wp-image-7659 size-full\" src=\"https:\/\/www.sportshine.eu\/wp-content\/uploads\/2025\/07\/Gaciron-V9DP-2000-8.webp\" alt=\"\" width=\"800\" height=\"800\" srcset=\"https:\/\/www.sportshine.eu\/wp-content\/uploads\/2025\/07\/Gaciron-V9DP-2000-8.webp 800w, https:\/\/www.sportshine.eu\/wp-content\/uploads\/2025\/07\/Gaciron-V9DP-2000-8-768x768.webp 768w, https:\/\/www.sportshine.eu\/wp-content\/uploads\/2025\/07\/Gaciron-V9DP-2000-8-600x600.webp 600w\" sizes=\"(max-width: 800px) 100vw, 800px\" \/><\/p>\n<h3 style=\"text-align: center;\">IM CYCLE LIGHT PAKET ERHALTEN SIE<\/h3>\n<p style=\"text-align: center;\">Gaciron V9DP-2000 Taschenlampe<br \/>\nFahrradtr\u00e4ger<br \/>\nUSB-C-Ladekabel<br \/>\nLichtsteuerungsadapter<\/p>\n<p><img decoding=\"async\" class=\"aligncenter wp-image-7660 size-full\" src=\"https:\/\/www.sportshine.eu\/wp-content\/uploads\/2025\/07\/Gaciron-V9DP-2000-9.webp\" alt=\"\" width=\"800\" height=\"600\" srcset=\"https:\/\/www.sportshine.eu\/wp-content\/uploads\/2025\/07\/Gaciron-V9DP-2000-9.webp 800w, https:\/\/www.sportshine.eu\/wp-content\/uploads\/2025\/07\/Gaciron-V9DP-2000-9-768x576.webp 768w, https:\/\/www.sportshine.eu\/wp-content\/uploads\/2025\/07\/Gaciron-V9DP-2000-9-600x450.webp 600w\" sizes=\"(max-width: 800px) 100vw, 800px\" \/><\/p>","protected":false},"excerpt":{"rendered":"<p><strong>Fahrradlicht<\/strong> Gaciron V9DP-2000 ist ein bew\u00e4hrtes, hochwertiges LED-Fahrradlicht mit einer Leistung von 2000 Lumen, das Ihnen Tag und Nacht hervorragende Dienste leistet. Es wird von einem 6700-mAh-Lithium-Ionen-Akku mit Strom versorgt. Es zeichnet sich durch eine lange Lebensdauer aus. Wir empfehlen es allen Radfahrern, die eine zuverl\u00e4ssige Beleuchtung ben\u00f6tigen. Es erm\u00f6glicht mehrere Betriebsstufen, sodass Sie die Beleuchtung je nach Fahrumgebung anpassen k\u00f6nnen. Es kann auch als Akku f\u00fcr ein Messger\u00e4t, Telefon oder andere Ger\u00e4te verwendet werden.<\/p>\n<p>Wir testen die Lampe regelm\u00e4\u00dfig auf unseren Radtouren und garantieren Ihnen, dass sie Sie mit ihrer Verarbeitung und Lichtqualit\u00e4t \u00fcberzeugen wird.<\/p>","protected":false},"featured_media":5085,"comment_status":"open","ping_status":"closed","template":"","meta":[],"product_brand":[132],"product_cat":[82,150],"product_tag":[],"class_list":{"0":"post-6325","1":"product","2":"type-product","3":"status-publish","4":"has-post-thumbnail","6":"product_brand-gaciron","7":"product_cat-kolesarske-luci","8":"product_cat-sprednje-kolesarske-luci","10":"first","11":"instock","12":"sale","13":"taxable","14":"shipping-taxable","15":"purchasable","16":"product-type-simple"},"yoast_head":"<!-- This site is optimized with the Yoast SEO plugin v27.3 - https:\/\/yoast.com\/product\/yoast-seo-wordpress\/ -->\n<title>Kolesarska lu\u010d Gaciron V9DP-2000 - mo\u010dna svetilnost<\/title>\n<meta name=\"description\" content=\"Kolesarska lu\u010d z neverjetno mo\u010djo 2000 lumnov. Za svojo mo\u010d uporablja 6700-mAh litij-ionsko baterijo. Vodoodporna je po standardu IPX6.\" \/>\n<meta name=\"robots\" content=\"index, follow, max-snippet:-1, max-image-preview:large, max-video-preview:-1\" \/>\n<link rel=\"canonical\" href=\"https:\/\/www.sportshine.eu\/de\/geschaft\/fahrradlicht-led-gaciron-v9dp-2000\/\" \/>\n<meta property=\"og:locale\" content=\"de_DE\" \/>\n<meta property=\"og:type\" content=\"article\" \/>\n<meta property=\"og:title\" content=\"Kolesarska lu\u010d Gaciron V9DP-2000 - mo\u010dna svetilnost\" \/>\n<meta property=\"og:description\" content=\"Kolesarska lu\u010d z neverjetno mo\u010djo 2000 lumnov. Za svojo mo\u010d uporablja 6700-mAh litij-ionsko baterijo. Vodoodporna je po standardu IPX6.\" \/>\n<meta property=\"og:url\" content=\"https:\/\/www.sportshine.eu\/de\/geschaft\/fahrradlicht-led-gaciron-v9dp-2000\/\" \/>\n<meta property=\"og:site_name\" content=\"Sportshine\" \/>\n<meta property=\"article:publisher\" content=\"https:\/\/www.facebook.com\/sportshine.eu\/\" \/>\n<meta property=\"article:modified_time\" content=\"2026-03-11T16:17:58+00:00\" \/>\n<meta property=\"og:image\" content=\"https:\/\/www.sportshine.eu\/wp-content\/uploads\/2025\/07\/Mocnakolesarska-luc-1.webp\" \/>\n\t<meta property=\"og:image:width\" content=\"800\" \/>\n\t<meta property=\"og:image:height\" content=\"800\" \/>\n\t<meta property=\"og:image:type\" content=\"image\/webp\" \/>\n<meta name=\"twitter:card\" content=\"summary_large_image\" \/>\n<meta name=\"twitter:label1\" content=\"Gesch\u00e4tzte Lesezeit\" \/>\n\t<meta name=\"twitter:data1\" content=\"4 Minuten\" \/>\n<script type=\"application\/ld+json\" class=\"yoast-schema-graph\">{\"@context\":\"https:\\\/\\\/schema.org\",\"@graph\":[{\"@type\":\"WebPage\",\"@id\":\"https:\\\/\\\/www.sportshine.eu\\\/trgovina\\\/kolesarska-luc-led-gaciron-v9dp-2000\\\/\",\"url\":\"https:\\\/\\\/www.sportshine.eu\\\/trgovina\\\/kolesarska-luc-led-gaciron-v9dp-2000\\\/\",\"name\":\"Kolesarska lu\u010d Gaciron V9DP-2000 - mo\u010dna svetilnost\",\"isPartOf\":{\"@id\":\"https:\\\/\\\/www.sportshine.eu\\\/#website\"},\"primaryImageOfPage\":{\"@id\":\"https:\\\/\\\/www.sportshine.eu\\\/trgovina\\\/kolesarska-luc-led-gaciron-v9dp-2000\\\/#primaryimage\"},\"image\":{\"@id\":\"https:\\\/\\\/www.sportshine.eu\\\/trgovina\\\/kolesarska-luc-led-gaciron-v9dp-2000\\\/#primaryimage\"},\"thumbnailUrl\":\"https:\\\/\\\/www.sportshine.eu\\\/wp-content\\\/uploads\\\/2025\\\/07\\\/Mocnakolesarska-luc-1.webp\",\"datePublished\":\"2026-02-05T21:09:18+00:00\",\"dateModified\":\"2026-03-11T16:17:58+00:00\",\"description\":\"Kolesarska lu\u010d z neverjetno mo\u010djo 2000 lumnov. Za svojo mo\u010d uporablja 6700-mAh litij-ionsko baterijo. Vodoodporna je po standardu IPX6.\",\"breadcrumb\":{\"@id\":\"https:\\\/\\\/www.sportshine.eu\\\/trgovina\\\/kolesarska-luc-led-gaciron-v9dp-2000\\\/#breadcrumb\"},\"inLanguage\":\"de-AT\",\"potentialAction\":[{\"@type\":\"ReadAction\",\"target\":[\"https:\\\/\\\/www.sportshine.eu\\\/trgovina\\\/kolesarska-luc-led-gaciron-v9dp-2000\\\/\"]}]},{\"@type\":\"ImageObject\",\"inLanguage\":\"de-AT\",\"@id\":\"https:\\\/\\\/www.sportshine.eu\\\/trgovina\\\/kolesarska-luc-led-gaciron-v9dp-2000\\\/#primaryimage\",\"url\":\"https:\\\/\\\/www.sportshine.eu\\\/wp-content\\\/uploads\\\/2025\\\/07\\\/Mocnakolesarska-luc-1.webp\",\"contentUrl\":\"https:\\\/\\\/www.sportshine.eu\\\/wp-content\\\/uploads\\\/2025\\\/07\\\/Mocnakolesarska-luc-1.webp\",\"width\":800,\"height\":800},{\"@type\":\"BreadcrumbList\",\"@id\":\"https:\\\/\\\/www.sportshine.eu\\\/trgovina\\\/kolesarska-luc-led-gaciron-v9dp-2000\\\/#breadcrumb\",\"itemListElement\":[{\"@type\":\"ListItem\",\"position\":1,\"name\":\"Home\",\"item\":\"https:\\\/\\\/www.sportshine.eu\\\/\"},{\"@type\":\"ListItem\",\"position\":2,\"name\":\"Trgovina\",\"item\":\"https:\\\/\\\/www.sportshine.eu\\\/trgovina\\\/\"},{\"@type\":\"ListItem\",\"position\":3,\"name\":\"Kolesarska lu\u010d LED Gaciron V9DP-2000\"}]},{\"@type\":\"WebSite\",\"@id\":\"https:\\\/\\\/www.sportshine.eu\\\/#website\",\"url\":\"https:\\\/\\\/www.sportshine.eu\\\/\",\"name\":\"Sportshine\",\"description\":\"Top spletna trgovina kolesarskih in naglavnih svetilk ter opreme\",\"publisher\":{\"@id\":\"https:\\\/\\\/www.sportshine.eu\\\/#organization\"},\"potentialAction\":[{\"@type\":\"SearchAction\",\"target\":{\"@type\":\"EntryPoint\",\"urlTemplate\":\"https:\\\/\\\/www.sportshine.eu\\\/?s={search_term_string}\"},\"query-input\":{\"@type\":\"PropertyValueSpecification\",\"valueRequired\":true,\"valueName\":\"search_term_string\"}}],\"inLanguage\":\"de-AT\"},{\"@type\":\"Organization\",\"@id\":\"https:\\\/\\\/www.sportshine.eu\\\/#organization\",\"name\":\"Sportshine\",\"url\":\"https:\\\/\\\/www.sportshine.eu\\\/\",\"logo\":{\"@type\":\"ImageObject\",\"inLanguage\":\"de-AT\",\"@id\":\"https:\\\/\\\/www.sportshine.eu\\\/#\\\/schema\\\/logo\\\/image\\\/\",\"url\":\"https:\\\/\\\/www.sportshine.eu\\\/wp-content\\\/uploads\\\/2026\\\/01\\\/cropped-Sportshine.webp\",\"contentUrl\":\"https:\\\/\\\/www.sportshine.eu\\\/wp-content\\\/uploads\\\/2026\\\/01\\\/cropped-Sportshine.webp\",\"width\":295,\"height\":128,\"caption\":\"Sportshine\"},\"image\":{\"@id\":\"https:\\\/\\\/www.sportshine.eu\\\/#\\\/schema\\\/logo\\\/image\\\/\"},\"sameAs\":[\"https:\\\/\\\/www.facebook.com\\\/sportshine.eu\\\/\"]}]}<\/script>\n<!-- \/ Yoast SEO plugin. -->","yoast_head_json":{"title":"Gaciron V9DP-2000 Fahrradlicht - hohe Helligkeit","description":"Ein Fahrradlicht mit unglaublichen 2000 Lumen. Betrieben wird es von einem 6700mAh Lithium-Ionen-Akku. Wasserdicht nach IPX6-Standard.","robots":{"index":"index","follow":"follow","max-snippet":"max-snippet:-1","max-image-preview":"max-image-preview:large","max-video-preview":"max-video-preview:-1"},"canonical":"https:\/\/www.sportshine.eu\/de\/geschaft\/fahrradlicht-led-gaciron-v9dp-2000\/","og_locale":"de_DE","og_type":"article","og_title":"Kolesarska lu\u010d Gaciron V9DP-2000 - mo\u010dna svetilnost","og_description":"Kolesarska lu\u010d z neverjetno mo\u010djo 2000 lumnov. Za svojo mo\u010d uporablja 6700-mAh litij-ionsko baterijo. Vodoodporna je po standardu IPX6.","og_url":"https:\/\/www.sportshine.eu\/de\/geschaft\/fahrradlicht-led-gaciron-v9dp-2000\/","og_site_name":"Sportshine","article_publisher":"https:\/\/www.facebook.com\/sportshine.eu\/","article_modified_time":"2026-03-11T16:17:58+00:00","og_image":[{"width":800,"height":800,"url":"https:\/\/www.sportshine.eu\/wp-content\/uploads\/2025\/07\/Mocnakolesarska-luc-1.webp","type":"image\/webp"}],"twitter_card":"summary_large_image","twitter_misc":{"Gesch\u00e4tzte Lesezeit":"4 Minuten"},"schema":{"@context":"https:\/\/schema.org","@graph":[{"@type":"WebPage","@id":"https:\/\/www.sportshine.eu\/trgovina\/kolesarska-luc-led-gaciron-v9dp-2000\/","url":"https:\/\/www.sportshine.eu\/trgovina\/kolesarska-luc-led-gaciron-v9dp-2000\/","name":"Gaciron V9DP-2000 Fahrradlicht - hohe Helligkeit","isPartOf":{"@id":"https:\/\/www.sportshine.eu\/#website"},"primaryImageOfPage":{"@id":"https:\/\/www.sportshine.eu\/trgovina\/kolesarska-luc-led-gaciron-v9dp-2000\/#primaryimage"},"image":{"@id":"https:\/\/www.sportshine.eu\/trgovina\/kolesarska-luc-led-gaciron-v9dp-2000\/#primaryimage"},"thumbnailUrl":"https:\/\/www.sportshine.eu\/wp-content\/uploads\/2025\/07\/Mocnakolesarska-luc-1.webp","datePublished":"2026-02-05T21:09:18+00:00","dateModified":"2026-03-11T16:17:58+00:00","description":"Ein Fahrradlicht mit unglaublichen 2000 Lumen. Betrieben wird es von einem 6700mAh Lithium-Ionen-Akku. Wasserdicht nach IPX6-Standard.","breadcrumb":{"@id":"https:\/\/www.sportshine.eu\/trgovina\/kolesarska-luc-led-gaciron-v9dp-2000\/#breadcrumb"},"inLanguage":"de-AT","potentialAction":[{"@type":"ReadAction","target":["https:\/\/www.sportshine.eu\/trgovina\/kolesarska-luc-led-gaciron-v9dp-2000\/"]}]},{"@type":"ImageObject","inLanguage":"de-AT","@id":"https:\/\/www.sportshine.eu\/trgovina\/kolesarska-luc-led-gaciron-v9dp-2000\/#primaryimage","url":"https:\/\/www.sportshine.eu\/wp-content\/uploads\/2025\/07\/Mocnakolesarska-luc-1.webp","contentUrl":"https:\/\/www.sportshine.eu\/wp-content\/uploads\/2025\/07\/Mocnakolesarska-luc-1.webp","width":800,"height":800},{"@type":"BreadcrumbList","@id":"https:\/\/www.sportshine.eu\/trgovina\/kolesarska-luc-led-gaciron-v9dp-2000\/#breadcrumb","itemListElement":[{"@type":"ListItem","position":1,"name":"Home","item":"https:\/\/www.sportshine.eu\/"},{"@type":"ListItem","position":2,"name":"Trgovina","item":"https:\/\/www.sportshine.eu\/trgovina\/"},{"@type":"ListItem","position":3,"name":"Kolesarska lu\u010d LED Gaciron V9DP-2000"}]},{"@type":"WebSite","@id":"https:\/\/www.sportshine.eu\/#website","url":"https:\/\/www.sportshine.eu\/","name":"Sportshine","description":"Top Online-Shop f\u00fcr Fahrrad- und Stirnlampen sowie Zubeh\u00f6r","publisher":{"@id":"https:\/\/www.sportshine.eu\/#organization"},"potentialAction":[{"@type":"SearchAction","target":{"@type":"EntryPoint","urlTemplate":"https:\/\/www.sportshine.eu\/?s={search_term_string}"},"query-input":{"@type":"PropertyValueSpecification","valueRequired":true,"valueName":"search_term_string"}}],"inLanguage":"de-AT"},{"@type":"Organization","@id":"https:\/\/www.sportshine.eu\/#organization","name":"Sportshine","url":"https:\/\/www.sportshine.eu\/","logo":{"@type":"ImageObject","inLanguage":"de-AT","@id":"https:\/\/www.sportshine.eu\/#\/schema\/logo\/image\/","url":"https:\/\/www.sportshine.eu\/wp-content\/uploads\/2026\/01\/cropped-Sportshine.webp","contentUrl":"https:\/\/www.sportshine.eu\/wp-content\/uploads\/2026\/01\/cropped-Sportshine.webp","width":295,"height":128,"caption":"Sportshine"},"image":{"@id":"https:\/\/www.sportshine.eu\/#\/schema\/logo\/image\/"},"sameAs":["https:\/\/www.facebook.com\/sportshine.eu\/"]}]}},"_links":{"self":[{"href":"https:\/\/www.sportshine.eu\/de\/wp-json\/wp\/v2\/product\/6325","targetHints":{"allow":["GET"]}}],"collection":[{"href":"https:\/\/www.sportshine.eu\/de\/wp-json\/wp\/v2\/product"}],"about":[{"href":"https:\/\/www.sportshine.eu\/de\/wp-json\/wp\/v2\/types\/product"}],"replies":[{"embeddable":true,"href":"https:\/\/www.sportshine.eu\/de\/wp-json\/wp\/v2\/comments?post=6325"}],"version-history":[{"count":0,"href":"https:\/\/www.sportshine.eu\/de\/wp-json\/wp\/v2\/product\/6325\/revisions"}],"wp:featuredmedia":[{"embeddable":true,"href":"https:\/\/www.sportshine.eu\/de\/wp-json\/wp\/v2\/media\/5085"}],"wp:attachment":[{"href":"https:\/\/www.sportshine.eu\/de\/wp-json\/wp\/v2\/media?parent=6325"}],"wp:term":[{"taxonomy":"product_brand","embeddable":true,"href":"https:\/\/www.sportshine.eu\/de\/wp-json\/wp\/v2\/product_brand?post=6325"},{"taxonomy":"product_cat","embeddable":true,"href":"https:\/\/www.sportshine.eu\/de\/wp-json\/wp\/v2\/product_cat?post=6325"},{"taxonomy":"product_tag","embeddable":true,"href":"https:\/\/www.sportshine.eu\/de\/wp-json\/wp\/v2\/product_tag?post=6325"}],"curies":[{"name":"wp","href":"https:\/\/api.w.org\/{rel}","templated":true}]}}