{"id":6324,"date":"2026-01-28T21:09:17","date_gmt":"2026-01-28T21:09:17","guid":{"rendered":"https:\/\/www.sportshine.eu\/?post_type=product&#038;p=6324"},"modified":"2026-01-30T19:31:04","modified_gmt":"2026-01-30T19:31:04","slug":"mountainbike-lichtpaket","status":"publish","type":"product","link":"https:\/\/www.sportshine.eu\/de\/geschaft\/mountainbike-lichtpaket\/","title":{"rendered":"GORC Fahrradlichtpaket"},"content":{"rendered":"<h3 style=\"text-align: center;\">TEST DES GACIRON V9DP-1800-ZYKLUSLICHTS IN V\u00d6LLIGER DUNKELHEIT.<\/h3>\n<p><iframe loading=\"lazy\" title=\"Gaciron V9DP - 1800\" width=\"500\" height=\"281\" src=\"https:\/\/www.youtube.com\/embed\/IGHceLSRfKk?feature=oembed\" frameborder=\"0\" allow=\"accelerometer; autoplay; clipboard-write; encrypted-media; gyroscope; picture-in-picture; web-share\" referrerpolicy=\"strict-origin-when-cross-origin\" allowfullscreen><\/iframe><\/p>\n<h3 style=\"text-align: center;\">EINGEBAUTE ZWEI 5000 mAh LITHIUM-IONEN-BATTERIEN<\/h3>\n<p><img decoding=\"async\" class=\"aligncenter wp-image-7551 size-full\" src=\"https:\/\/www.sportshine.eu\/wp-content\/uploads\/2025\/07\/Kolesarska-luc-LED-Gaciron-V9DP-1800.webp\" alt=\"\" width=\"800\" height=\"800\" srcset=\"https:\/\/www.sportshine.eu\/wp-content\/uploads\/2025\/07\/Kolesarska-luc-LED-Gaciron-V9DP-1800.webp 800w, https:\/\/www.sportshine.eu\/wp-content\/uploads\/2025\/07\/Kolesarska-luc-LED-Gaciron-V9DP-1800-768x768.webp 768w, https:\/\/www.sportshine.eu\/wp-content\/uploads\/2025\/07\/Kolesarska-luc-LED-Gaciron-V9DP-1800-600x600.webp 600w\" sizes=\"(max-width: 800px) 100vw, 800px\" \/><\/p>\n<p>&nbsp;<\/p>\n<h3 style=\"text-align: center;\">Es wird in 3,5 Stunden aufgeladen und funktioniert bei niedriger Helligkeit mehr als 9 Stunden lang.<\/h3>\n<p><img decoding=\"async\" class=\"aligncenter wp-image-7552 size-full\" src=\"https:\/\/www.sportshine.eu\/wp-content\/uploads\/2025\/07\/Kolesarska-luc-LED-Gaciron-V9DP-1800-1.webp\" alt=\"\" width=\"800\" height=\"800\" srcset=\"https:\/\/www.sportshine.eu\/wp-content\/uploads\/2025\/07\/Kolesarska-luc-LED-Gaciron-V9DP-1800-1.webp 800w, https:\/\/www.sportshine.eu\/wp-content\/uploads\/2025\/07\/Kolesarska-luc-LED-Gaciron-V9DP-1800-1-768x768.webp 768w, https:\/\/www.sportshine.eu\/wp-content\/uploads\/2025\/07\/Kolesarska-luc-LED-Gaciron-V9DP-1800-1-600x600.webp 600w\" sizes=\"(max-width: 800px) 100vw, 800px\" \/><\/p>\n<h3 style=\"text-align: center;\">IM CYCLE LIGHT PAKET ERHALTEN SIE<\/h3>\n<p style=\"text-align: center;\">Gaciron V9DP-1600 Taschenlampe<br \/>\nFahrradtr\u00e4ger<br \/>\nUSB-C-Ladekabel<br \/>\nLichtsteuerungsadapter<\/p>\n<p><img decoding=\"async\" class=\"aligncenter wp-image-7554 size-full\" src=\"https:\/\/www.sportshine.eu\/wp-content\/uploads\/2025\/07\/Kolesarska-luc-LED-Gaciron-V9DP-1800-2.webp\" alt=\"\" width=\"800\" height=\"800\" srcset=\"https:\/\/www.sportshine.eu\/wp-content\/uploads\/2025\/07\/Kolesarska-luc-LED-Gaciron-V9DP-1800-2.webp 800w, https:\/\/www.sportshine.eu\/wp-content\/uploads\/2025\/07\/Kolesarska-luc-LED-Gaciron-V9DP-1800-2-768x768.webp 768w, https:\/\/www.sportshine.eu\/wp-content\/uploads\/2025\/07\/Kolesarska-luc-LED-Gaciron-V9DP-1800-2-600x600.webp 600w\" sizes=\"(max-width: 800px) 100vw, 800px\" \/><\/p>\n<h3 style=\"text-align: center;\">UNTERST\u00dcTZTE VERWENDUNG VON ADAPTERN ZUR LICHTSTEUERUNG<\/h3>\n<p style=\"text-align: center;\">Der Adapter l\u00e4sst sich am Lenker des Fahrrads montieren, was ein sichereres Radfahren erm\u00f6glicht, da Sie die Bedienebenen verschieben k\u00f6nnen, ohne den Lenker loslassen zu m\u00fcssen.<\/p>\n<p><img decoding=\"async\" class=\"aligncenter wp-image-7555 size-full\" src=\"https:\/\/www.sportshine.eu\/wp-content\/uploads\/2025\/07\/Kolesarska-luc-LED-Gaciron-V9DP-1800-3.webp\" alt=\"\" width=\"800\" height=\"800\" srcset=\"https:\/\/www.sportshine.eu\/wp-content\/uploads\/2025\/07\/Kolesarska-luc-LED-Gaciron-V9DP-1800-3.webp 800w, https:\/\/www.sportshine.eu\/wp-content\/uploads\/2025\/07\/Kolesarska-luc-LED-Gaciron-V9DP-1800-3-768x768.webp 768w, https:\/\/www.sportshine.eu\/wp-content\/uploads\/2025\/07\/Kolesarska-luc-LED-Gaciron-V9DP-1800-3-600x600.webp 600w\" sizes=\"(max-width: 800px) 100vw, 800px\" \/><\/p>\n<h3 style=\"text-align: center;\">BREIT- UND LANGSTRAHLENWINKEL -125 GRAD<\/h3>\n<p style=\"text-align: center;\">Der 125-Grad-Winkel erm\u00f6glicht Ihnen eine totwinkelfreie Ausleuchtung Ihres Weges und sorgt so f\u00fcr mehr Sicherheit.<\/p>\n<p><img decoding=\"async\" class=\"aligncenter wp-image-7556 size-full\" src=\"https:\/\/www.sportshine.eu\/wp-content\/uploads\/2025\/07\/Kolesarska-luc-LED-Gaciron-V9DP-1800-4.webp\" alt=\"\" width=\"800\" height=\"800\" srcset=\"https:\/\/www.sportshine.eu\/wp-content\/uploads\/2025\/07\/Kolesarska-luc-LED-Gaciron-V9DP-1800-4.webp 800w, https:\/\/www.sportshine.eu\/wp-content\/uploads\/2025\/07\/Kolesarska-luc-LED-Gaciron-V9DP-1800-4-768x768.webp 768w, https:\/\/www.sportshine.eu\/wp-content\/uploads\/2025\/07\/Kolesarska-luc-LED-Gaciron-V9DP-1800-4-600x600.webp 600w\" sizes=\"(max-width: 800px) 100vw, 800px\" \/><\/p>\n<h3 style=\"text-align: center;\">WASSERDICHT NACH IPX6-STANDARD<\/h3>\n<p style=\"text-align: center;\">Dank des wasserdichten Schutzes k\u00f6nnen Sie die Taschenlampe bei Regenwetter bedenkenlos bedienen.<\/p>\n<p><img decoding=\"async\" class=\"aligncenter wp-image-7557\" src=\"https:\/\/www.sportshine.eu\/wp-content\/uploads\/2025\/07\/Kolesarska-luc-LED-Gaciron-V9DP-1800-5.webp\" alt=\"Gaciron V9DP-1800 LED Fahrradlicht\" width=\"800\" height=\"800\" srcset=\"https:\/\/www.sportshine.eu\/wp-content\/uploads\/2025\/07\/Kolesarska-luc-LED-Gaciron-V9DP-1800-5-768x768.webp 768w, https:\/\/www.sportshine.eu\/wp-content\/uploads\/2025\/07\/Kolesarska-luc-LED-Gaciron-V9DP-1800-5-600x600.webp 600w\" sizes=\"(max-width: 800px) 100vw, 800px\" \/><\/p>\n<h3 style=\"text-align: center;\">GACIRON W16C FAHRRAD-R\u00dcCKLICHT MIT MAGNETHALTERUNG UND HELLIGKEIT BIS ZU 30 LUMEN.<\/h3>\n<p><img decoding=\"async\" class=\"aligncenter wp-image-7642\" src=\"https:\/\/www.sportshine.eu\/wp-content\/uploads\/2025\/07\/Gaciron-W16C.webp\" alt=\"\" width=\"800\" height=\"996\" srcset=\"https:\/\/www.sportshine.eu\/wp-content\/uploads\/2025\/07\/Gaciron-W16C.webp 750w, https:\/\/www.sportshine.eu\/wp-content\/uploads\/2025\/07\/Gaciron-W16C-600x747.webp 600w\" sizes=\"(max-width: 800px) 100vw, 800px\" \/><\/p>\n<h3 style=\"text-align: center;\">5 BETRIEBS- UND LADUNGSSTUFEN \u00dcBER USB-C-EINGANG<\/h3>\n<p style=\"text-align: center;\">Mit einem eingebauten 200 mAh Lithium-Ionen-Akku versorgt es Radfahrer mit lang anhaltendem Licht. Die Lichtanzeige blinkt beim Laden rot und leuchtet bei voller Ladung dauerhaft.<\/p>\n<p><img decoding=\"async\" class=\"aligncenter wp-image-7645\" src=\"https:\/\/www.sportshine.eu\/wp-content\/uploads\/2025\/07\/zadnja-luc-za-kolo-Gaciron.webp\" alt=\"\" width=\"800\" height=\"1207\" srcset=\"https:\/\/www.sportshine.eu\/wp-content\/uploads\/2025\/07\/zadnja-luc-za-kolo-Gaciron.webp 750w, https:\/\/www.sportshine.eu\/wp-content\/uploads\/2025\/07\/zadnja-luc-za-kolo-Gaciron-600x906.webp 600w\" sizes=\"(max-width: 800px) 100vw, 800px\" \/><\/p>\n<h3 style=\"text-align: center;\">VIDEOPR\u00c4SENTATION DES GACIRON W16C FAHRRADR\u00dcCKLICHTS<\/h3>\n<p><iframe loading=\"lazy\" title=\"Gaciron W16C\" width=\"500\" height=\"281\" src=\"https:\/\/www.youtube.com\/embed\/cflxZQ1148s?feature=oembed\" frameborder=\"0\" allow=\"accelerometer; autoplay; clipboard-write; encrypted-media; gyroscope; picture-in-picture; web-share\" referrerpolicy=\"strict-origin-when-cross-origin\" allowfullscreen><\/iframe><\/p>","protected":false},"excerpt":{"rendered":"<p>Im Gorc-Paket erhalten Sie ein \u00e4u\u00dferst hochwertiges LED-Fahrradlicht Gaciron V9DP-1600 mit einer Leistung von 1600 Lumen und ein Fahrradr\u00fccklicht Gaciron W16C mit einer Leistung von 30 Lumen. Einfache Installation und bew\u00e4hrte Lichtqualit\u00e4t. Wir empfehlen es allen Radfahrern, die eine zuverl\u00e4ssige Beleuchtung ben\u00f6tigen.<\/p>","protected":false},"featured_media":5166,"comment_status":"open","ping_status":"closed","template":"","meta":[],"product_brand":[132],"product_cat":[93],"product_tag":[],"class_list":{"0":"post-6324","1":"product","2":"type-product","3":"status-publish","4":"has-post-thumbnail","6":"product_brand-gaciron","7":"product_cat-kolesarske-svetilke-paketi","9":"first","10":"instock","11":"taxable","12":"shipping-taxable","13":"purchasable","14":"product-type-simple"},"yoast_head":"<!-- This site is optimized with the Yoast SEO plugin v27.3 - https:\/\/yoast.com\/product\/yoast-seo-wordpress\/ -->\n<title>Paket kolesarskih lu\u010di Gorc<\/title>\n<meta name=\"description\" content=\"Zmogljiva sprednja lu\u010d za kolo in zadnja LED lu\u010d z vgrajeno litij-ionsko baterijo in vrhunsko svetilnostjo. Dolga \u017eivljenska doba kolesarski svetilk.\" \/>\n<meta name=\"robots\" content=\"index, follow, max-snippet:-1, max-image-preview:large, max-video-preview:-1\" \/>\n<link rel=\"canonical\" href=\"https:\/\/www.sportshine.eu\/de\/geschaft\/mountainbike-lichtpaket\/\" \/>\n<meta property=\"og:locale\" content=\"de_DE\" \/>\n<meta property=\"og:type\" content=\"article\" \/>\n<meta property=\"og:title\" content=\"Paket kolesarskih lu\u010di Gorc\" \/>\n<meta property=\"og:description\" content=\"Zmogljiva sprednja lu\u010d za kolo in zadnja LED lu\u010d z vgrajeno litij-ionsko baterijo in vrhunsko svetilnostjo. Dolga \u017eivljenska doba kolesarski svetilk.\" \/>\n<meta property=\"og:url\" content=\"https:\/\/www.sportshine.eu\/de\/geschaft\/mountainbike-lichtpaket\/\" \/>\n<meta property=\"og:site_name\" content=\"Sportshine\" \/>\n<meta property=\"article:publisher\" content=\"https:\/\/www.facebook.com\/sportshine.eu\/\" \/>\n<meta property=\"article:modified_time\" content=\"2026-01-30T19:31:04+00:00\" \/>\n<meta property=\"og:image\" content=\"https:\/\/www.sportshine.eu\/wp-content\/uploads\/2025\/07\/PAKET-KOLESARSKIH-LUCI-gorc.webp\" \/>\n\t<meta property=\"og:image:width\" content=\"800\" \/>\n\t<meta property=\"og:image:height\" content=\"800\" \/>\n\t<meta property=\"og:image:type\" content=\"image\/webp\" \/>\n<meta name=\"twitter:card\" content=\"summary_large_image\" \/>\n<meta name=\"twitter:label1\" content=\"Gesch\u00e4tzte Lesezeit\" \/>\n\t<meta name=\"twitter:data1\" content=\"3 Minuten\" \/>\n<script type=\"application\/ld+json\" class=\"yoast-schema-graph\">{\"@context\":\"https:\\\/\\\/schema.org\",\"@graph\":[{\"@type\":\"WebPage\",\"@id\":\"https:\\\/\\\/www.sportshine.eu\\\/trgovina\\\/paket-kolesarskih-svetilk-gorc\\\/\",\"url\":\"https:\\\/\\\/www.sportshine.eu\\\/trgovina\\\/paket-kolesarskih-svetilk-gorc\\\/\",\"name\":\"Paket kolesarskih lu\u010di Gorc\",\"isPartOf\":{\"@id\":\"https:\\\/\\\/www.sportshine.eu\\\/#website\"},\"primaryImageOfPage\":{\"@id\":\"https:\\\/\\\/www.sportshine.eu\\\/trgovina\\\/paket-kolesarskih-svetilk-gorc\\\/#primaryimage\"},\"image\":{\"@id\":\"https:\\\/\\\/www.sportshine.eu\\\/trgovina\\\/paket-kolesarskih-svetilk-gorc\\\/#primaryimage\"},\"thumbnailUrl\":\"https:\\\/\\\/www.sportshine.eu\\\/wp-content\\\/uploads\\\/2025\\\/07\\\/PAKET-KOLESARSKIH-LUCI-gorc.webp\",\"datePublished\":\"2026-01-28T21:09:17+00:00\",\"dateModified\":\"2026-01-30T19:31:04+00:00\",\"description\":\"Zmogljiva sprednja lu\u010d za kolo in zadnja LED lu\u010d z vgrajeno litij-ionsko baterijo in vrhunsko svetilnostjo. Dolga \u017eivljenska doba kolesarski svetilk.\",\"breadcrumb\":{\"@id\":\"https:\\\/\\\/www.sportshine.eu\\\/trgovina\\\/paket-kolesarskih-svetilk-gorc\\\/#breadcrumb\"},\"inLanguage\":\"de-AT\",\"potentialAction\":[{\"@type\":\"ReadAction\",\"target\":[\"https:\\\/\\\/www.sportshine.eu\\\/trgovina\\\/paket-kolesarskih-svetilk-gorc\\\/\"]}]},{\"@type\":\"ImageObject\",\"inLanguage\":\"de-AT\",\"@id\":\"https:\\\/\\\/www.sportshine.eu\\\/trgovina\\\/paket-kolesarskih-svetilk-gorc\\\/#primaryimage\",\"url\":\"https:\\\/\\\/www.sportshine.eu\\\/wp-content\\\/uploads\\\/2025\\\/07\\\/PAKET-KOLESARSKIH-LUCI-gorc.webp\",\"contentUrl\":\"https:\\\/\\\/www.sportshine.eu\\\/wp-content\\\/uploads\\\/2025\\\/07\\\/PAKET-KOLESARSKIH-LUCI-gorc.webp\",\"width\":800,\"height\":800},{\"@type\":\"BreadcrumbList\",\"@id\":\"https:\\\/\\\/www.sportshine.eu\\\/trgovina\\\/paket-kolesarskih-svetilk-gorc\\\/#breadcrumb\",\"itemListElement\":[{\"@type\":\"ListItem\",\"position\":1,\"name\":\"Home\",\"item\":\"https:\\\/\\\/www.sportshine.eu\\\/\"},{\"@type\":\"ListItem\",\"position\":2,\"name\":\"Trgovina\",\"item\":\"https:\\\/\\\/www.sportshine.eu\\\/trgovina\\\/\"},{\"@type\":\"ListItem\",\"position\":3,\"name\":\"Paket kolesarskih svetilk GORC\"}]},{\"@type\":\"WebSite\",\"@id\":\"https:\\\/\\\/www.sportshine.eu\\\/#website\",\"url\":\"https:\\\/\\\/www.sportshine.eu\\\/\",\"name\":\"Sportshine\",\"description\":\"Top spletna trgovina kolesarskih in naglavnih svetilk ter opreme\",\"publisher\":{\"@id\":\"https:\\\/\\\/www.sportshine.eu\\\/#organization\"},\"potentialAction\":[{\"@type\":\"SearchAction\",\"target\":{\"@type\":\"EntryPoint\",\"urlTemplate\":\"https:\\\/\\\/www.sportshine.eu\\\/?s={search_term_string}\"},\"query-input\":{\"@type\":\"PropertyValueSpecification\",\"valueRequired\":true,\"valueName\":\"search_term_string\"}}],\"inLanguage\":\"de-AT\"},{\"@type\":\"Organization\",\"@id\":\"https:\\\/\\\/www.sportshine.eu\\\/#organization\",\"name\":\"Sportshine\",\"url\":\"https:\\\/\\\/www.sportshine.eu\\\/\",\"logo\":{\"@type\":\"ImageObject\",\"inLanguage\":\"de-AT\",\"@id\":\"https:\\\/\\\/www.sportshine.eu\\\/#\\\/schema\\\/logo\\\/image\\\/\",\"url\":\"https:\\\/\\\/www.sportshine.eu\\\/wp-content\\\/uploads\\\/2026\\\/01\\\/cropped-Sportshine.webp\",\"contentUrl\":\"https:\\\/\\\/www.sportshine.eu\\\/wp-content\\\/uploads\\\/2026\\\/01\\\/cropped-Sportshine.webp\",\"width\":295,\"height\":128,\"caption\":\"Sportshine\"},\"image\":{\"@id\":\"https:\\\/\\\/www.sportshine.eu\\\/#\\\/schema\\\/logo\\\/image\\\/\"},\"sameAs\":[\"https:\\\/\\\/www.facebook.com\\\/sportshine.eu\\\/\"]}]}<\/script>\n<!-- \/ Yoast SEO plugin. -->","yoast_head_json":{"title":"Gorc Fahrradlichtpaket","description":"Leistungsstarkes Fahrrad-Frontlicht und LED-R\u00fccklicht mit eingebautem Lithium-Ionen-Akku und \u00fcberragender Helligkeit. Lange Lebensdauer des Fahrradlichts.","robots":{"index":"index","follow":"follow","max-snippet":"max-snippet:-1","max-image-preview":"max-image-preview:large","max-video-preview":"max-video-preview:-1"},"canonical":"https:\/\/www.sportshine.eu\/de\/geschaft\/mountainbike-lichtpaket\/","og_locale":"de_DE","og_type":"article","og_title":"Paket kolesarskih lu\u010di Gorc","og_description":"Zmogljiva sprednja lu\u010d za kolo in zadnja LED lu\u010d z vgrajeno litij-ionsko baterijo in vrhunsko svetilnostjo. Dolga \u017eivljenska doba kolesarski svetilk.","og_url":"https:\/\/www.sportshine.eu\/de\/geschaft\/mountainbike-lichtpaket\/","og_site_name":"Sportshine","article_publisher":"https:\/\/www.facebook.com\/sportshine.eu\/","article_modified_time":"2026-01-30T19:31:04+00:00","og_image":[{"width":800,"height":800,"url":"https:\/\/www.sportshine.eu\/wp-content\/uploads\/2025\/07\/PAKET-KOLESARSKIH-LUCI-gorc.webp","type":"image\/webp"}],"twitter_card":"summary_large_image","twitter_misc":{"Gesch\u00e4tzte Lesezeit":"3 Minuten"},"schema":{"@context":"https:\/\/schema.org","@graph":[{"@type":"WebPage","@id":"https:\/\/www.sportshine.eu\/trgovina\/paket-kolesarskih-svetilk-gorc\/","url":"https:\/\/www.sportshine.eu\/trgovina\/paket-kolesarskih-svetilk-gorc\/","name":"Gorc Fahrradlichtpaket","isPartOf":{"@id":"https:\/\/www.sportshine.eu\/#website"},"primaryImageOfPage":{"@id":"https:\/\/www.sportshine.eu\/trgovina\/paket-kolesarskih-svetilk-gorc\/#primaryimage"},"image":{"@id":"https:\/\/www.sportshine.eu\/trgovina\/paket-kolesarskih-svetilk-gorc\/#primaryimage"},"thumbnailUrl":"https:\/\/www.sportshine.eu\/wp-content\/uploads\/2025\/07\/PAKET-KOLESARSKIH-LUCI-gorc.webp","datePublished":"2026-01-28T21:09:17+00:00","dateModified":"2026-01-30T19:31:04+00:00","description":"Leistungsstarkes Fahrrad-Frontlicht und LED-R\u00fccklicht mit eingebautem Lithium-Ionen-Akku und \u00fcberragender Helligkeit. Lange Lebensdauer des Fahrradlichts.","breadcrumb":{"@id":"https:\/\/www.sportshine.eu\/trgovina\/paket-kolesarskih-svetilk-gorc\/#breadcrumb"},"inLanguage":"de-AT","potentialAction":[{"@type":"ReadAction","target":["https:\/\/www.sportshine.eu\/trgovina\/paket-kolesarskih-svetilk-gorc\/"]}]},{"@type":"ImageObject","inLanguage":"de-AT","@id":"https:\/\/www.sportshine.eu\/trgovina\/paket-kolesarskih-svetilk-gorc\/#primaryimage","url":"https:\/\/www.sportshine.eu\/wp-content\/uploads\/2025\/07\/PAKET-KOLESARSKIH-LUCI-gorc.webp","contentUrl":"https:\/\/www.sportshine.eu\/wp-content\/uploads\/2025\/07\/PAKET-KOLESARSKIH-LUCI-gorc.webp","width":800,"height":800},{"@type":"BreadcrumbList","@id":"https:\/\/www.sportshine.eu\/trgovina\/paket-kolesarskih-svetilk-gorc\/#breadcrumb","itemListElement":[{"@type":"ListItem","position":1,"name":"Home","item":"https:\/\/www.sportshine.eu\/"},{"@type":"ListItem","position":2,"name":"Trgovina","item":"https:\/\/www.sportshine.eu\/trgovina\/"},{"@type":"ListItem","position":3,"name":"Paket kolesarskih svetilk GORC"}]},{"@type":"WebSite","@id":"https:\/\/www.sportshine.eu\/#website","url":"https:\/\/www.sportshine.eu\/","name":"Sportshine","description":"Top Online-Shop f\u00fcr Fahrrad- und Stirnlampen sowie Zubeh\u00f6r","publisher":{"@id":"https:\/\/www.sportshine.eu\/#organization"},"potentialAction":[{"@type":"SearchAction","target":{"@type":"EntryPoint","urlTemplate":"https:\/\/www.sportshine.eu\/?s={search_term_string}"},"query-input":{"@type":"PropertyValueSpecification","valueRequired":true,"valueName":"search_term_string"}}],"inLanguage":"de-AT"},{"@type":"Organization","@id":"https:\/\/www.sportshine.eu\/#organization","name":"Sportshine","url":"https:\/\/www.sportshine.eu\/","logo":{"@type":"ImageObject","inLanguage":"de-AT","@id":"https:\/\/www.sportshine.eu\/#\/schema\/logo\/image\/","url":"https:\/\/www.sportshine.eu\/wp-content\/uploads\/2026\/01\/cropped-Sportshine.webp","contentUrl":"https:\/\/www.sportshine.eu\/wp-content\/uploads\/2026\/01\/cropped-Sportshine.webp","width":295,"height":128,"caption":"Sportshine"},"image":{"@id":"https:\/\/www.sportshine.eu\/#\/schema\/logo\/image\/"},"sameAs":["https:\/\/www.facebook.com\/sportshine.eu\/"]}]}},"_links":{"self":[{"href":"https:\/\/www.sportshine.eu\/de\/wp-json\/wp\/v2\/product\/6324","targetHints":{"allow":["GET"]}}],"collection":[{"href":"https:\/\/www.sportshine.eu\/de\/wp-json\/wp\/v2\/product"}],"about":[{"href":"https:\/\/www.sportshine.eu\/de\/wp-json\/wp\/v2\/types\/product"}],"replies":[{"embeddable":true,"href":"https:\/\/www.sportshine.eu\/de\/wp-json\/wp\/v2\/comments?post=6324"}],"version-history":[{"count":0,"href":"https:\/\/www.sportshine.eu\/de\/wp-json\/wp\/v2\/product\/6324\/revisions"}],"wp:featuredmedia":[{"embeddable":true,"href":"https:\/\/www.sportshine.eu\/de\/wp-json\/wp\/v2\/media\/5166"}],"wp:attachment":[{"href":"https:\/\/www.sportshine.eu\/de\/wp-json\/wp\/v2\/media?parent=6324"}],"wp:term":[{"taxonomy":"product_brand","embeddable":true,"href":"https:\/\/www.sportshine.eu\/de\/wp-json\/wp\/v2\/product_brand?post=6324"},{"taxonomy":"product_cat","embeddable":true,"href":"https:\/\/www.sportshine.eu\/de\/wp-json\/wp\/v2\/product_cat?post=6324"},{"taxonomy":"product_tag","embeddable":true,"href":"https:\/\/www.sportshine.eu\/de\/wp-json\/wp\/v2\/product_tag?post=6324"}],"curies":[{"name":"wp","href":"https:\/\/api.w.org\/{rel}","templated":true}]}}