{"id":6320,"date":"2026-01-29T21:09:13","date_gmt":"2026-01-29T21:09:13","guid":{"rendered":"https:\/\/www.sportshine.eu\/?post_type=product&#038;p=6320"},"modified":"2026-04-18T08:39:37","modified_gmt":"2026-04-18T08:39:37","slug":"fahrradrucklicht-led-gaciron-w15a-100-carbon","status":"publish","type":"product","link":"https:\/\/www.sportshine.eu\/de\/geschaft\/fahrradrucklicht-led-gaciron-w15a-100-carbon\/","title":{"rendered":"Fahrradr\u00fccklicht LED Gaciron W15A-100 CARBON"},"content":{"rendered":"<h3 style=\"text-align: center;\">100 LUMEN HELLIGKEIT MIT EINGEBAUTEM BREMSSENSOR UND MAGNETISCHER MONTAGEBEFESTIGUNG<\/h3>\n<p><img decoding=\"async\" class=\"aligncenter wp-image-7590 size-full\" src=\"https:\/\/www.sportshine.eu\/wp-content\/uploads\/2025\/07\/Gaciron-W15A-100-5.webp\" alt=\"Gaciron W15A-100\" width=\"800\" height=\"600\" srcset=\"https:\/\/www.sportshine.eu\/wp-content\/uploads\/2025\/07\/Gaciron-W15A-100-5.webp 800w, https:\/\/www.sportshine.eu\/wp-content\/uploads\/2025\/07\/Gaciron-W15A-100-5-768x576.webp 768w, https:\/\/www.sportshine.eu\/wp-content\/uploads\/2025\/07\/Gaciron-W15A-100-5-600x450.webp 600w\" sizes=\"(max-width: 800px) 100vw, 800px\" \/><\/p>\n<h3 style=\"text-align: center;\">DER BREMSSENSOR ARBEITET MIT UNGLAUBLICHER PR\u00c4ZISION<\/h3>\n<p style=\"text-align: center;\">Bei erkannter Bremsung leuchtet f\u00fcr 3 Sekunden eine Warnleuchte mit einer Helligkeit von 100 Lumen auf. Am Power-Button selbst l\u00e4sst sich durch langes Dr\u00fccken f\u00fcr 3 Sekunden die Bremsfunktion ein- bzw. ausschalten.<\/p>\n<p><img decoding=\"async\" class=\"aligncenter wp-image-7702 size-full\" src=\"https:\/\/www.sportshine.eu\/wp-content\/uploads\/2025\/07\/Gaciron-carbon.jpg\" alt=\"\" width=\"800\" height=\"800\" srcset=\"https:\/\/www.sportshine.eu\/wp-content\/uploads\/2025\/07\/Gaciron-carbon.jpg 800w, https:\/\/www.sportshine.eu\/wp-content\/uploads\/2025\/07\/Gaciron-carbon-768x768.jpg 768w, https:\/\/www.sportshine.eu\/wp-content\/uploads\/2025\/07\/Gaciron-carbon-600x600.jpg 600w\" sizes=\"(max-width: 800px) 100vw, 800px\" \/><\/p>\n<h3 style=\"text-align: center;\">VIDEOPR\u00c4SENTATION DES CYCLE LIGHT<\/h3>\n<p><iframe loading=\"lazy\" title=\"GACIRON W15A-100\" width=\"500\" height=\"281\" src=\"https:\/\/www.youtube.com\/embed\/YEcB6oaU11Y?feature=oembed\" frameborder=\"0\" allow=\"accelerometer; autoplay; clipboard-write; encrypted-media; gyroscope; picture-in-picture; web-share\" referrerpolicy=\"strict-origin-when-cross-origin\" allowfullscreen><\/iframe><\/p>\n<h3 style=\"text-align: center;\">INNOVATIVE MAGNETISCHE BEFESTIGUNG DES FAHRRADLICHTS<\/h3>\n<p style=\"text-align: center;\">Die Magnethalterung erm\u00f6glicht eine schnelle Montage und Demontage des R\u00fccklichts. Die Magnethalterung fixiert das Licht in der Halterung und sorgt f\u00fcr einen sicheren und festen Halt.<\/p>\n<p><img decoding=\"async\" class=\"aligncenter wp-image-7704 size-full\" src=\"https:\/\/www.sportshine.eu\/wp-content\/uploads\/2025\/07\/Gaciron.webp\" alt=\"\" width=\"800\" height=\"800\" srcset=\"https:\/\/www.sportshine.eu\/wp-content\/uploads\/2025\/07\/Gaciron.webp 800w, https:\/\/www.sportshine.eu\/wp-content\/uploads\/2025\/07\/Gaciron-768x768.webp 768w, https:\/\/www.sportshine.eu\/wp-content\/uploads\/2025\/07\/Gaciron-600x600.webp 600w\" sizes=\"(max-width: 800px) 100vw, 800px\" \/><\/p>\n<h3 style=\"text-align: center;\">LADEN DES FAHRRADR\u00dcCKLICHTS<\/h3>\n<p style=\"text-align: center;\">Ein blinkendes rotes Licht zeigt an, dass die Lampe noch aufgeladen wird, w\u00e4hrend ein durchgehend blaues Licht anzeigt, dass das Fahrradlicht voll und einsatzbereit ist.<\/p>\n<p><img decoding=\"async\" class=\"aligncenter wp-image-5148 size-full\" src=\"https:\/\/www.sportshine.eu\/wp-content\/uploads\/2025\/07\/Gaciron-luc.jpg\" alt=\"\" width=\"800\" height=\"800\" srcset=\"https:\/\/www.sportshine.eu\/wp-content\/uploads\/2025\/07\/Gaciron-luc.jpg 800w, https:\/\/www.sportshine.eu\/wp-content\/uploads\/2025\/07\/Gaciron-luc-768x768.jpg 768w, https:\/\/www.sportshine.eu\/wp-content\/uploads\/2025\/07\/Gaciron-luc-600x600.jpg 600w\" sizes=\"(max-width: 800px) 100vw, 800px\" \/><\/p>\n<h3 style=\"text-align: center;\">SIE ERHALTEN IM PAKET<\/h3>\n<p><img decoding=\"async\" class=\"aligncenter wp-image-7593\" src=\"https:\/\/www.sportshine.eu\/wp-content\/uploads\/2025\/07\/Gaciron-W15A-100-8.webp\" alt=\"\" width=\"800\" height=\"800\" srcset=\"https:\/\/www.sportshine.eu\/wp-content\/uploads\/2025\/07\/Gaciron-W15A-100-8.webp 750w, https:\/\/www.sportshine.eu\/wp-content\/uploads\/2025\/07\/Gaciron-W15A-100-8-600x600.webp 600w\" sizes=\"(max-width: 800px) 100vw, 800px\" \/><\/p>\n<p>&nbsp;<\/p>\n<p><img decoding=\"async\" class=\"aligncenter wp-image-5146 size-full\" src=\"https:\/\/www.sportshine.eu\/wp-content\/uploads\/2025\/07\/zadnja-luc-za-kolo-karbon.webp\" alt=\"\" width=\"800\" height=\"800\" srcset=\"https:\/\/www.sportshine.eu\/wp-content\/uploads\/2025\/07\/zadnja-luc-za-kolo-karbon.webp 800w, https:\/\/www.sportshine.eu\/wp-content\/uploads\/2025\/07\/zadnja-luc-za-kolo-karbon-768x768.webp 768w, https:\/\/www.sportshine.eu\/wp-content\/uploads\/2025\/07\/zadnja-luc-za-kolo-karbon-600x600.webp 600w\" sizes=\"(max-width: 800px) 100vw, 800px\" \/><\/p>\n<p>&nbsp;<\/p>","protected":false},"excerpt":{"rendered":"<p>Das Gaciron W15A-100 Fahrradr\u00fccklicht besteht aus Carbon und ist wasserdicht nach IPX6-Standard. Es leuchtet mit einer maximalen Leistung von 100 Lumen und verf\u00fcgt \u00fcber einen eingebauten pr\u00e4zisen Bremssensor, der Bremsvorg\u00e4nge perfekt erkennt. Wir empfehlen es allen Radfahrern, die auch tags\u00fcber gut sichtbar sein wollen.<\/p>","protected":false},"featured_media":5146,"comment_status":"open","ping_status":"closed","template":"","meta":[],"product_brand":[132],"product_cat":[86],"product_tag":[],"class_list":{"0":"post-6320","1":"product","2":"type-product","3":"status-publish","4":"has-post-thumbnail","6":"product_brand-gaciron","7":"product_cat-zadnje-kolesarske-luci","9":"first","10":"instock","11":"sale","12":"taxable","13":"shipping-taxable","14":"purchasable","15":"product-type-simple"},"yoast_head":"<!-- This site is optimized with the Yoast SEO plugin v27.3 - https:\/\/yoast.com\/product\/yoast-seo-wordpress\/ -->\n<title>Zadnja lu\u010d za kolo Gaciron W15A-100 karbon<\/title>\n<meta name=\"description\" content=\"Zmogljiva zadnja lu\u010d za kolo z vgrajenim natan\u010dnim senzorjem za zaviranje. Do 40 ur delovanja in do 100 lumnov mo\u010di. Izdelana iz karbona.\" \/>\n<meta name=\"robots\" content=\"index, follow, max-snippet:-1, max-image-preview:large, max-video-preview:-1\" \/>\n<link rel=\"canonical\" href=\"https:\/\/www.sportshine.eu\/de\/geschaft\/fahrradrucklicht-led-gaciron-w15a-100-carbon\/\" \/>\n<meta property=\"og:locale\" content=\"de_DE\" \/>\n<meta property=\"og:type\" content=\"article\" \/>\n<meta property=\"og:title\" content=\"Zadnja lu\u010d za kolo Gaciron W15A-100 karbon\" \/>\n<meta property=\"og:description\" content=\"Zmogljiva zadnja lu\u010d za kolo z vgrajenim natan\u010dnim senzorjem za zaviranje. Do 40 ur delovanja in do 100 lumnov mo\u010di. Izdelana iz karbona.\" \/>\n<meta property=\"og:url\" content=\"https:\/\/www.sportshine.eu\/de\/geschaft\/fahrradrucklicht-led-gaciron-w15a-100-carbon\/\" \/>\n<meta property=\"og:site_name\" content=\"Sportshine\" \/>\n<meta property=\"article:publisher\" content=\"https:\/\/www.facebook.com\/sportshine.eu\/\" \/>\n<meta property=\"article:modified_time\" content=\"2026-04-18T08:39:37+00:00\" \/>\n<meta property=\"og:image\" content=\"https:\/\/www.sportshine.eu\/wp-content\/uploads\/2025\/07\/zadnja-luc-za-kolo-karbon.webp\" \/>\n\t<meta property=\"og:image:width\" content=\"800\" \/>\n\t<meta property=\"og:image:height\" content=\"800\" \/>\n\t<meta property=\"og:image:type\" content=\"image\/webp\" \/>\n<meta name=\"twitter:card\" content=\"summary_large_image\" \/>\n<meta name=\"twitter:label1\" content=\"Gesch\u00e4tzte Lesezeit\" \/>\n\t<meta name=\"twitter:data1\" content=\"3 Minuten\" \/>\n<script type=\"application\/ld+json\" class=\"yoast-schema-graph\">{\"@context\":\"https:\\\/\\\/schema.org\",\"@graph\":[{\"@type\":\"WebPage\",\"@id\":\"https:\\\/\\\/www.sportshine.eu\\\/trgovina\\\/zadnja-kolesarska-luc-led-gaciron-w15a-100-karbon\\\/\",\"url\":\"https:\\\/\\\/www.sportshine.eu\\\/trgovina\\\/zadnja-kolesarska-luc-led-gaciron-w15a-100-karbon\\\/\",\"name\":\"Zadnja lu\u010d za kolo Gaciron W15A-100 karbon\",\"isPartOf\":{\"@id\":\"https:\\\/\\\/www.sportshine.eu\\\/#website\"},\"primaryImageOfPage\":{\"@id\":\"https:\\\/\\\/www.sportshine.eu\\\/trgovina\\\/zadnja-kolesarska-luc-led-gaciron-w15a-100-karbon\\\/#primaryimage\"},\"image\":{\"@id\":\"https:\\\/\\\/www.sportshine.eu\\\/trgovina\\\/zadnja-kolesarska-luc-led-gaciron-w15a-100-karbon\\\/#primaryimage\"},\"thumbnailUrl\":\"https:\\\/\\\/www.sportshine.eu\\\/wp-content\\\/uploads\\\/2025\\\/07\\\/zadnja-luc-za-kolo-karbon.webp\",\"datePublished\":\"2026-01-29T21:09:13+00:00\",\"dateModified\":\"2026-04-18T08:39:37+00:00\",\"description\":\"Zmogljiva zadnja lu\u010d za kolo z vgrajenim natan\u010dnim senzorjem za zaviranje. Do 40 ur delovanja in do 100 lumnov mo\u010di. Izdelana iz karbona.\",\"breadcrumb\":{\"@id\":\"https:\\\/\\\/www.sportshine.eu\\\/trgovina\\\/zadnja-kolesarska-luc-led-gaciron-w15a-100-karbon\\\/#breadcrumb\"},\"inLanguage\":\"de-AT\",\"potentialAction\":[{\"@type\":\"ReadAction\",\"target\":[\"https:\\\/\\\/www.sportshine.eu\\\/trgovina\\\/zadnja-kolesarska-luc-led-gaciron-w15a-100-karbon\\\/\"]}]},{\"@type\":\"ImageObject\",\"inLanguage\":\"de-AT\",\"@id\":\"https:\\\/\\\/www.sportshine.eu\\\/trgovina\\\/zadnja-kolesarska-luc-led-gaciron-w15a-100-karbon\\\/#primaryimage\",\"url\":\"https:\\\/\\\/www.sportshine.eu\\\/wp-content\\\/uploads\\\/2025\\\/07\\\/zadnja-luc-za-kolo-karbon.webp\",\"contentUrl\":\"https:\\\/\\\/www.sportshine.eu\\\/wp-content\\\/uploads\\\/2025\\\/07\\\/zadnja-luc-za-kolo-karbon.webp\",\"width\":800,\"height\":800},{\"@type\":\"BreadcrumbList\",\"@id\":\"https:\\\/\\\/www.sportshine.eu\\\/trgovina\\\/zadnja-kolesarska-luc-led-gaciron-w15a-100-karbon\\\/#breadcrumb\",\"itemListElement\":[{\"@type\":\"ListItem\",\"position\":1,\"name\":\"Home\",\"item\":\"https:\\\/\\\/www.sportshine.eu\\\/\"},{\"@type\":\"ListItem\",\"position\":2,\"name\":\"Trgovina\",\"item\":\"https:\\\/\\\/www.sportshine.eu\\\/trgovina\\\/\"},{\"@type\":\"ListItem\",\"position\":3,\"name\":\"Zadnja kolesarska lu\u010d LED Gaciron W15A-100 KARBON\"}]},{\"@type\":\"WebSite\",\"@id\":\"https:\\\/\\\/www.sportshine.eu\\\/#website\",\"url\":\"https:\\\/\\\/www.sportshine.eu\\\/\",\"name\":\"Sportshine\",\"description\":\"Top spletna trgovina kolesarskih in naglavnih svetilk ter opreme\",\"publisher\":{\"@id\":\"https:\\\/\\\/www.sportshine.eu\\\/#organization\"},\"potentialAction\":[{\"@type\":\"SearchAction\",\"target\":{\"@type\":\"EntryPoint\",\"urlTemplate\":\"https:\\\/\\\/www.sportshine.eu\\\/?s={search_term_string}\"},\"query-input\":{\"@type\":\"PropertyValueSpecification\",\"valueRequired\":true,\"valueName\":\"search_term_string\"}}],\"inLanguage\":\"de-AT\"},{\"@type\":\"Organization\",\"@id\":\"https:\\\/\\\/www.sportshine.eu\\\/#organization\",\"name\":\"Sportshine\",\"url\":\"https:\\\/\\\/www.sportshine.eu\\\/\",\"logo\":{\"@type\":\"ImageObject\",\"inLanguage\":\"de-AT\",\"@id\":\"https:\\\/\\\/www.sportshine.eu\\\/#\\\/schema\\\/logo\\\/image\\\/\",\"url\":\"https:\\\/\\\/www.sportshine.eu\\\/wp-content\\\/uploads\\\/2026\\\/01\\\/cropped-Sportshine.webp\",\"contentUrl\":\"https:\\\/\\\/www.sportshine.eu\\\/wp-content\\\/uploads\\\/2026\\\/01\\\/cropped-Sportshine.webp\",\"width\":295,\"height\":128,\"caption\":\"Sportshine\"},\"image\":{\"@id\":\"https:\\\/\\\/www.sportshine.eu\\\/#\\\/schema\\\/logo\\\/image\\\/\"},\"sameAs\":[\"https:\\\/\\\/www.facebook.com\\\/sportshine.eu\\\/\"]}]}<\/script>\n<!-- \/ Yoast SEO plugin. -->","yoast_head_json":{"title":"Fahrradr\u00fccklicht Gaciron W15A-100 Carbon","description":"Leistungsstarkes Fahrradr\u00fccklicht mit integriertem, pr\u00e4zisem Bremssensor. Bis zu 40 Stunden Leuchtdauer und bis zu 100 Lumen Lichtleistung. Aus Carbon.","robots":{"index":"index","follow":"follow","max-snippet":"max-snippet:-1","max-image-preview":"max-image-preview:large","max-video-preview":"max-video-preview:-1"},"canonical":"https:\/\/www.sportshine.eu\/de\/geschaft\/fahrradrucklicht-led-gaciron-w15a-100-carbon\/","og_locale":"de_DE","og_type":"article","og_title":"Zadnja lu\u010d za kolo Gaciron W15A-100 karbon","og_description":"Zmogljiva zadnja lu\u010d za kolo z vgrajenim natan\u010dnim senzorjem za zaviranje. Do 40 ur delovanja in do 100 lumnov mo\u010di. Izdelana iz karbona.","og_url":"https:\/\/www.sportshine.eu\/de\/geschaft\/fahrradrucklicht-led-gaciron-w15a-100-carbon\/","og_site_name":"Sportshine","article_publisher":"https:\/\/www.facebook.com\/sportshine.eu\/","article_modified_time":"2026-04-18T08:39:37+00:00","og_image":[{"width":800,"height":800,"url":"https:\/\/www.sportshine.eu\/wp-content\/uploads\/2025\/07\/zadnja-luc-za-kolo-karbon.webp","type":"image\/webp"}],"twitter_card":"summary_large_image","twitter_misc":{"Gesch\u00e4tzte Lesezeit":"3 Minuten"},"schema":{"@context":"https:\/\/schema.org","@graph":[{"@type":"WebPage","@id":"https:\/\/www.sportshine.eu\/trgovina\/zadnja-kolesarska-luc-led-gaciron-w15a-100-karbon\/","url":"https:\/\/www.sportshine.eu\/trgovina\/zadnja-kolesarska-luc-led-gaciron-w15a-100-karbon\/","name":"Fahrradr\u00fccklicht Gaciron W15A-100 Carbon","isPartOf":{"@id":"https:\/\/www.sportshine.eu\/#website"},"primaryImageOfPage":{"@id":"https:\/\/www.sportshine.eu\/trgovina\/zadnja-kolesarska-luc-led-gaciron-w15a-100-karbon\/#primaryimage"},"image":{"@id":"https:\/\/www.sportshine.eu\/trgovina\/zadnja-kolesarska-luc-led-gaciron-w15a-100-karbon\/#primaryimage"},"thumbnailUrl":"https:\/\/www.sportshine.eu\/wp-content\/uploads\/2025\/07\/zadnja-luc-za-kolo-karbon.webp","datePublished":"2026-01-29T21:09:13+00:00","dateModified":"2026-04-18T08:39:37+00:00","description":"Leistungsstarkes Fahrradr\u00fccklicht mit integriertem, pr\u00e4zisem Bremssensor. Bis zu 40 Stunden Leuchtdauer und bis zu 100 Lumen Lichtleistung. Aus Carbon.","breadcrumb":{"@id":"https:\/\/www.sportshine.eu\/trgovina\/zadnja-kolesarska-luc-led-gaciron-w15a-100-karbon\/#breadcrumb"},"inLanguage":"de-AT","potentialAction":[{"@type":"ReadAction","target":["https:\/\/www.sportshine.eu\/trgovina\/zadnja-kolesarska-luc-led-gaciron-w15a-100-karbon\/"]}]},{"@type":"ImageObject","inLanguage":"de-AT","@id":"https:\/\/www.sportshine.eu\/trgovina\/zadnja-kolesarska-luc-led-gaciron-w15a-100-karbon\/#primaryimage","url":"https:\/\/www.sportshine.eu\/wp-content\/uploads\/2025\/07\/zadnja-luc-za-kolo-karbon.webp","contentUrl":"https:\/\/www.sportshine.eu\/wp-content\/uploads\/2025\/07\/zadnja-luc-za-kolo-karbon.webp","width":800,"height":800},{"@type":"BreadcrumbList","@id":"https:\/\/www.sportshine.eu\/trgovina\/zadnja-kolesarska-luc-led-gaciron-w15a-100-karbon\/#breadcrumb","itemListElement":[{"@type":"ListItem","position":1,"name":"Home","item":"https:\/\/www.sportshine.eu\/"},{"@type":"ListItem","position":2,"name":"Trgovina","item":"https:\/\/www.sportshine.eu\/trgovina\/"},{"@type":"ListItem","position":3,"name":"Zadnja kolesarska lu\u010d LED Gaciron W15A-100 KARBON"}]},{"@type":"WebSite","@id":"https:\/\/www.sportshine.eu\/#website","url":"https:\/\/www.sportshine.eu\/","name":"Sportshine","description":"Top Online-Shop f\u00fcr Fahrrad- und Stirnlampen sowie Zubeh\u00f6r","publisher":{"@id":"https:\/\/www.sportshine.eu\/#organization"},"potentialAction":[{"@type":"SearchAction","target":{"@type":"EntryPoint","urlTemplate":"https:\/\/www.sportshine.eu\/?s={search_term_string}"},"query-input":{"@type":"PropertyValueSpecification","valueRequired":true,"valueName":"search_term_string"}}],"inLanguage":"de-AT"},{"@type":"Organization","@id":"https:\/\/www.sportshine.eu\/#organization","name":"Sportshine","url":"https:\/\/www.sportshine.eu\/","logo":{"@type":"ImageObject","inLanguage":"de-AT","@id":"https:\/\/www.sportshine.eu\/#\/schema\/logo\/image\/","url":"https:\/\/www.sportshine.eu\/wp-content\/uploads\/2026\/01\/cropped-Sportshine.webp","contentUrl":"https:\/\/www.sportshine.eu\/wp-content\/uploads\/2026\/01\/cropped-Sportshine.webp","width":295,"height":128,"caption":"Sportshine"},"image":{"@id":"https:\/\/www.sportshine.eu\/#\/schema\/logo\/image\/"},"sameAs":["https:\/\/www.facebook.com\/sportshine.eu\/"]}]}},"_links":{"self":[{"href":"https:\/\/www.sportshine.eu\/de\/wp-json\/wp\/v2\/product\/6320","targetHints":{"allow":["GET"]}}],"collection":[{"href":"https:\/\/www.sportshine.eu\/de\/wp-json\/wp\/v2\/product"}],"about":[{"href":"https:\/\/www.sportshine.eu\/de\/wp-json\/wp\/v2\/types\/product"}],"replies":[{"embeddable":true,"href":"https:\/\/www.sportshine.eu\/de\/wp-json\/wp\/v2\/comments?post=6320"}],"version-history":[{"count":1,"href":"https:\/\/www.sportshine.eu\/de\/wp-json\/wp\/v2\/product\/6320\/revisions"}],"predecessor-version":[{"id":10388,"href":"https:\/\/www.sportshine.eu\/de\/wp-json\/wp\/v2\/product\/6320\/revisions\/10388"}],"wp:featuredmedia":[{"embeddable":true,"href":"https:\/\/www.sportshine.eu\/de\/wp-json\/wp\/v2\/media\/5146"}],"wp:attachment":[{"href":"https:\/\/www.sportshine.eu\/de\/wp-json\/wp\/v2\/media?parent=6320"}],"wp:term":[{"taxonomy":"product_brand","embeddable":true,"href":"https:\/\/www.sportshine.eu\/de\/wp-json\/wp\/v2\/product_brand?post=6320"},{"taxonomy":"product_cat","embeddable":true,"href":"https:\/\/www.sportshine.eu\/de\/wp-json\/wp\/v2\/product_cat?post=6320"},{"taxonomy":"product_tag","embeddable":true,"href":"https:\/\/www.sportshine.eu\/de\/wp-json\/wp\/v2\/product_tag?post=6320"}],"curies":[{"name":"wp","href":"https:\/\/api.w.org\/{rel}","templated":true}]}}