{"id":6232,"date":"2025-07-04T12:24:31","date_gmt":"2025-07-04T12:24:31","guid":{"rendered":"https:\/\/www.sportshine.eu\/?post_type=product&#038;p=6232"},"modified":"2025-07-04T12:26:51","modified_gmt":"2025-07-04T12:26:51","slug":"kinder-celada-marvel-captain-america","status":"publish","type":"product","link":"https:\/\/www.sportshine.eu\/de\/geschaft\/kinder-celada-marvel-captain-america\/","title":{"rendered":"Marvel Captain America Kinderhelm"},"content":{"rendered":"<p>Der Helm ist mit 13 Bel\u00fcftungs\u00f6ffnungen ausgestattet, die f\u00fcr eine gute Atmungsaktivit\u00e4t sorgen. Die Gr\u00f6\u00dfe des Helms und des Kinnriemens l\u00e4sst sich durch weiche Polster anpassen. Dieser Sporthelm ist mit nur 400 g extrem leicht. Er entspricht der Norm EN 1078 und ist f\u00fcr Kopfumf\u00e4nge von 54 bis 58 cm geeignet.<\/p>","protected":false},"excerpt":{"rendered":"<p>Kinderhelm basierend auf dem ber\u00fchmten Marvel-Helden Captain America.<\/p>","protected":false},"featured_media":6236,"comment_status":"open","ping_status":"closed","template":"","meta":[],"product_brand":[],"product_cat":[118,108,109],"product_tag":[],"class_list":{"0":"post-6232","1":"product","2":"type-product","3":"status-publish","4":"has-post-thumbnail","6":"product_cat-brn","7":"product_cat-kolesarske-celade","8":"product_cat-otroske-celade","10":"first","11":"instock","12":"taxable","13":"shipping-taxable","14":"purchasable","15":"product-type-variable","16":"has-default-attributes"},"yoast_head":"<!-- This site is optimized with the Yoast SEO plugin v27.3 - https:\/\/yoast.com\/product\/yoast-seo-wordpress\/ -->\n<title>Otro\u0161ka \u010delada Marvel Captain America - Sportshine<\/title>\n<meta name=\"robots\" content=\"index, follow, max-snippet:-1, max-image-preview:large, max-video-preview:-1\" \/>\n<link rel=\"canonical\" href=\"https:\/\/www.sportshine.eu\/de\/geschaft\/kinder-celada-marvel-captain-america\/\" \/>\n<meta property=\"og:locale\" content=\"de_DE\" \/>\n<meta property=\"og:type\" content=\"article\" \/>\n<meta property=\"og:title\" content=\"Otro\u0161ka \u010delada Marvel Captain America - Sportshine\" \/>\n<meta property=\"og:description\" content=\"Otro\u0161ka \u010delada izdelana po znanem Marvel junaku Captain America.\" \/>\n<meta property=\"og:url\" content=\"https:\/\/www.sportshine.eu\/de\/geschaft\/kinder-celada-marvel-captain-america\/\" \/>\n<meta property=\"og:site_name\" content=\"Sportshine\" \/>\n<meta property=\"article:publisher\" content=\"https:\/\/www.facebook.com\/sportshine.eu\/\" \/>\n<meta property=\"article:modified_time\" content=\"2025-07-04T12:26:51+00:00\" \/>\n<meta name=\"twitter:card\" content=\"summary_large_image\" \/>\n<script type=\"application\/ld+json\" class=\"yoast-schema-graph\">{\"@context\":\"https:\\\/\\\/schema.org\",\"@graph\":[{\"@type\":\"WebPage\",\"@id\":\"https:\\\/\\\/www.sportshine.eu\\\/trgovina\\\/otroska-celada-marvel-captain-america\\\/\",\"url\":\"https:\\\/\\\/www.sportshine.eu\\\/trgovina\\\/otroska-celada-marvel-captain-america\\\/\",\"name\":\"Otro\u0161ka \u010delada Marvel Captain America - Sportshine\",\"isPartOf\":{\"@id\":\"https:\\\/\\\/www.sportshine.eu\\\/#website\"},\"primaryImageOfPage\":{\"@id\":\"https:\\\/\\\/www.sportshine.eu\\\/trgovina\\\/otroska-celada-marvel-captain-america\\\/#primaryimage\"},\"image\":{\"@id\":\"https:\\\/\\\/www.sportshine.eu\\\/trgovina\\\/otroska-celada-marvel-captain-america\\\/#primaryimage\"},\"thumbnailUrl\":\"https:\\\/\\\/www.sportshine.eu\\\/wp-content\\\/uploads\\\/2025\\\/07\\\/Otroska-celada-Marvel-Captain-America-1.webp\",\"datePublished\":\"2025-07-04T12:24:31+00:00\",\"dateModified\":\"2025-07-04T12:26:51+00:00\",\"breadcrumb\":{\"@id\":\"https:\\\/\\\/www.sportshine.eu\\\/trgovina\\\/otroska-celada-marvel-captain-america\\\/#breadcrumb\"},\"inLanguage\":\"de-AT\",\"potentialAction\":[{\"@type\":\"ReadAction\",\"target\":[\"https:\\\/\\\/www.sportshine.eu\\\/trgovina\\\/otroska-celada-marvel-captain-america\\\/\"]}]},{\"@type\":\"ImageObject\",\"inLanguage\":\"de-AT\",\"@id\":\"https:\\\/\\\/www.sportshine.eu\\\/trgovina\\\/otroska-celada-marvel-captain-america\\\/#primaryimage\",\"url\":\"https:\\\/\\\/www.sportshine.eu\\\/wp-content\\\/uploads\\\/2025\\\/07\\\/Otroska-celada-Marvel-Captain-America-1.webp\",\"contentUrl\":\"https:\\\/\\\/www.sportshine.eu\\\/wp-content\\\/uploads\\\/2025\\\/07\\\/Otroska-celada-Marvel-Captain-America-1.webp\",\"width\":800,\"height\":800},{\"@type\":\"BreadcrumbList\",\"@id\":\"https:\\\/\\\/www.sportshine.eu\\\/trgovina\\\/otroska-celada-marvel-captain-america\\\/#breadcrumb\",\"itemListElement\":[{\"@type\":\"ListItem\",\"position\":1,\"name\":\"Home\",\"item\":\"https:\\\/\\\/www.sportshine.eu\\\/\"},{\"@type\":\"ListItem\",\"position\":2,\"name\":\"Trgovina\",\"item\":\"https:\\\/\\\/www.sportshine.eu\\\/trgovina\\\/\"},{\"@type\":\"ListItem\",\"position\":3,\"name\":\"Otro\u0161ka \u010delada Marvel Captain America\"}]},{\"@type\":\"WebSite\",\"@id\":\"https:\\\/\\\/www.sportshine.eu\\\/#website\",\"url\":\"https:\\\/\\\/www.sportshine.eu\\\/\",\"name\":\"Sportshine\",\"description\":\"Top spletna trgovina kolesarskih in naglavnih svetilk ter opreme\",\"publisher\":{\"@id\":\"https:\\\/\\\/www.sportshine.eu\\\/#organization\"},\"potentialAction\":[{\"@type\":\"SearchAction\",\"target\":{\"@type\":\"EntryPoint\",\"urlTemplate\":\"https:\\\/\\\/www.sportshine.eu\\\/?s={search_term_string}\"},\"query-input\":{\"@type\":\"PropertyValueSpecification\",\"valueRequired\":true,\"valueName\":\"search_term_string\"}}],\"inLanguage\":\"de-AT\"},{\"@type\":\"Organization\",\"@id\":\"https:\\\/\\\/www.sportshine.eu\\\/#organization\",\"name\":\"Sportshine\",\"url\":\"https:\\\/\\\/www.sportshine.eu\\\/\",\"logo\":{\"@type\":\"ImageObject\",\"inLanguage\":\"de-AT\",\"@id\":\"https:\\\/\\\/www.sportshine.eu\\\/#\\\/schema\\\/logo\\\/image\\\/\",\"url\":\"https:\\\/\\\/www.sportshine.eu\\\/wp-content\\\/uploads\\\/2026\\\/01\\\/cropped-Sportshine.webp\",\"contentUrl\":\"https:\\\/\\\/www.sportshine.eu\\\/wp-content\\\/uploads\\\/2026\\\/01\\\/cropped-Sportshine.webp\",\"width\":295,\"height\":128,\"caption\":\"Sportshine\"},\"image\":{\"@id\":\"https:\\\/\\\/www.sportshine.eu\\\/#\\\/schema\\\/logo\\\/image\\\/\"},\"sameAs\":[\"https:\\\/\\\/www.facebook.com\\\/sportshine.eu\\\/\"]}]}<\/script>\n<!-- \/ Yoast SEO plugin. -->","yoast_head_json":{"title":"Marvel Captain America Kinderhelm - Sportshine","robots":{"index":"index","follow":"follow","max-snippet":"max-snippet:-1","max-image-preview":"max-image-preview:large","max-video-preview":"max-video-preview:-1"},"canonical":"https:\/\/www.sportshine.eu\/de\/geschaft\/kinder-celada-marvel-captain-america\/","og_locale":"de_DE","og_type":"article","og_title":"Otro\u0161ka \u010delada Marvel Captain America - Sportshine","og_description":"Otro\u0161ka \u010delada izdelana po znanem Marvel junaku Captain America.","og_url":"https:\/\/www.sportshine.eu\/de\/geschaft\/kinder-celada-marvel-captain-america\/","og_site_name":"Sportshine","article_publisher":"https:\/\/www.facebook.com\/sportshine.eu\/","article_modified_time":"2025-07-04T12:26:51+00:00","twitter_card":"summary_large_image","schema":{"@context":"https:\/\/schema.org","@graph":[{"@type":"WebPage","@id":"https:\/\/www.sportshine.eu\/trgovina\/otroska-celada-marvel-captain-america\/","url":"https:\/\/www.sportshine.eu\/trgovina\/otroska-celada-marvel-captain-america\/","name":"Marvel Captain America Kinderhelm - Sportshine","isPartOf":{"@id":"https:\/\/www.sportshine.eu\/#website"},"primaryImageOfPage":{"@id":"https:\/\/www.sportshine.eu\/trgovina\/otroska-celada-marvel-captain-america\/#primaryimage"},"image":{"@id":"https:\/\/www.sportshine.eu\/trgovina\/otroska-celada-marvel-captain-america\/#primaryimage"},"thumbnailUrl":"https:\/\/www.sportshine.eu\/wp-content\/uploads\/2025\/07\/Otroska-celada-Marvel-Captain-America-1.webp","datePublished":"2025-07-04T12:24:31+00:00","dateModified":"2025-07-04T12:26:51+00:00","breadcrumb":{"@id":"https:\/\/www.sportshine.eu\/trgovina\/otroska-celada-marvel-captain-america\/#breadcrumb"},"inLanguage":"de-AT","potentialAction":[{"@type":"ReadAction","target":["https:\/\/www.sportshine.eu\/trgovina\/otroska-celada-marvel-captain-america\/"]}]},{"@type":"ImageObject","inLanguage":"de-AT","@id":"https:\/\/www.sportshine.eu\/trgovina\/otroska-celada-marvel-captain-america\/#primaryimage","url":"https:\/\/www.sportshine.eu\/wp-content\/uploads\/2025\/07\/Otroska-celada-Marvel-Captain-America-1.webp","contentUrl":"https:\/\/www.sportshine.eu\/wp-content\/uploads\/2025\/07\/Otroska-celada-Marvel-Captain-America-1.webp","width":800,"height":800},{"@type":"BreadcrumbList","@id":"https:\/\/www.sportshine.eu\/trgovina\/otroska-celada-marvel-captain-america\/#breadcrumb","itemListElement":[{"@type":"ListItem","position":1,"name":"Home","item":"https:\/\/www.sportshine.eu\/"},{"@type":"ListItem","position":2,"name":"Trgovina","item":"https:\/\/www.sportshine.eu\/trgovina\/"},{"@type":"ListItem","position":3,"name":"Otro\u0161ka \u010delada Marvel Captain America"}]},{"@type":"WebSite","@id":"https:\/\/www.sportshine.eu\/#website","url":"https:\/\/www.sportshine.eu\/","name":"Sportshine","description":"Top Online-Shop f\u00fcr Fahrrad- und Stirnlampen sowie Zubeh\u00f6r","publisher":{"@id":"https:\/\/www.sportshine.eu\/#organization"},"potentialAction":[{"@type":"SearchAction","target":{"@type":"EntryPoint","urlTemplate":"https:\/\/www.sportshine.eu\/?s={search_term_string}"},"query-input":{"@type":"PropertyValueSpecification","valueRequired":true,"valueName":"search_term_string"}}],"inLanguage":"de-AT"},{"@type":"Organization","@id":"https:\/\/www.sportshine.eu\/#organization","name":"Sportshine","url":"https:\/\/www.sportshine.eu\/","logo":{"@type":"ImageObject","inLanguage":"de-AT","@id":"https:\/\/www.sportshine.eu\/#\/schema\/logo\/image\/","url":"https:\/\/www.sportshine.eu\/wp-content\/uploads\/2026\/01\/cropped-Sportshine.webp","contentUrl":"https:\/\/www.sportshine.eu\/wp-content\/uploads\/2026\/01\/cropped-Sportshine.webp","width":295,"height":128,"caption":"Sportshine"},"image":{"@id":"https:\/\/www.sportshine.eu\/#\/schema\/logo\/image\/"},"sameAs":["https:\/\/www.facebook.com\/sportshine.eu\/"]}]}},"_links":{"self":[{"href":"https:\/\/www.sportshine.eu\/de\/wp-json\/wp\/v2\/product\/6232","targetHints":{"allow":["GET"]}}],"collection":[{"href":"https:\/\/www.sportshine.eu\/de\/wp-json\/wp\/v2\/product"}],"about":[{"href":"https:\/\/www.sportshine.eu\/de\/wp-json\/wp\/v2\/types\/product"}],"replies":[{"embeddable":true,"href":"https:\/\/www.sportshine.eu\/de\/wp-json\/wp\/v2\/comments?post=6232"}],"version-history":[{"count":0,"href":"https:\/\/www.sportshine.eu\/de\/wp-json\/wp\/v2\/product\/6232\/revisions"}],"wp:featuredmedia":[{"embeddable":true,"href":"https:\/\/www.sportshine.eu\/de\/wp-json\/wp\/v2\/media\/6236"}],"wp:attachment":[{"href":"https:\/\/www.sportshine.eu\/de\/wp-json\/wp\/v2\/media?parent=6232"}],"wp:term":[{"taxonomy":"product_brand","embeddable":true,"href":"https:\/\/www.sportshine.eu\/de\/wp-json\/wp\/v2\/product_brand?post=6232"},{"taxonomy":"product_cat","embeddable":true,"href":"https:\/\/www.sportshine.eu\/de\/wp-json\/wp\/v2\/product_cat?post=6232"},{"taxonomy":"product_tag","embeddable":true,"href":"https:\/\/www.sportshine.eu\/de\/wp-json\/wp\/v2\/product_tag?post=6232"}],"curies":[{"name":"wp","href":"https:\/\/api.w.org\/{rel}","templated":true}]}}