{"id":6189,"date":"2025-07-04T12:18:20","date_gmt":"2025-07-04T12:18:20","guid":{"rendered":"https:\/\/www.sportshine.eu\/?post_type=product&#038;p=6189"},"modified":"2025-11-26T10:16:10","modified_gmt":"2025-11-26T10:16:10","slug":"magene-c206-pro-fahrradcomputer-2","status":"publish","type":"product","link":"https:\/\/www.sportshine.eu\/de\/geschaft\/magene-c206-pro-fahrradcomputer-2\/","title":{"rendered":"Magene C206 PRO Fahrradcomputer"},"content":{"rendered":"<h3 style=\"text-align: center;\">UMFANGREICHE UND REICHHALTIGE DATEN UND EINSTELLUNGEN<\/h3>\n<p style=\"text-align: center;\">Der C206 Pro verf\u00fcgt \u00fcber insgesamt 29 ausw\u00e4hlbare Datenelemente in 9 Kategorien und 25 Elemente zur Fahrradcomputerkonfiguration.<\/p>\n<p><img decoding=\"async\" class=\"aligncenter wp-image-7666 size-full\" src=\"https:\/\/www.sportshine.eu\/wp-content\/uploads\/2025\/07\/Magene-C206.webp\" alt=\"\" width=\"800\" height=\"800\" srcset=\"https:\/\/www.sportshine.eu\/wp-content\/uploads\/2025\/07\/Magene-C206.webp 800w, https:\/\/www.sportshine.eu\/wp-content\/uploads\/2025\/07\/Magene-C206-768x768.webp 768w, https:\/\/www.sportshine.eu\/wp-content\/uploads\/2025\/07\/Magene-C206-600x600.webp 600w\" sizes=\"(max-width: 800px) 100vw, 800px\" \/><\/p>\n<h3 style=\"text-align: center;\">\u201eINFINITY SCREEN\u201c-EINSTELLUNGEN \u00dcBERSCHREITEN DIE EINSCHR\u00c4NKUNGEN ENTSPRECHEND IHREN BED\u00dcRFNISSEN<\/h3>\n<p style=\"text-align: center;\">Verbessern Sie Ihr Erlebnis mit einer Vielzahl von Datenseiteneinstellungen. \u2013 Bis zu 10 Seiten zum Konfigurieren<br \/>\n\u2013 Bis zu 5 Datenelemente k\u00f6nnen auf jeder Seite eingestellt werden<br \/>\n\u2013 Bis zu 9 Datenoptionen f\u00fcr jedes Element<\/p>\n<p><iframe loading=\"lazy\" title=\"Auspacken und Produkthandbuch: Wie verwende ich den Fahrradcomputer Magene C206\/C206Pro?\" width=\"500\" height=\"281\" src=\"https:\/\/www.youtube.com\/embed\/Pu-T9LVN058?feature=oembed\" frameborder=\"0\" allow=\"accelerometer; autoplay; clipboard-write; encrypted-media; gyroscope; picture-in-picture; web-share\" referrerpolicy=\"strict-origin-when-cross-origin\" allowfullscreen><\/iframe><\/p>\n<h3 style=\"text-align: center;\">4,8 CM FSTN-DISPLAY<\/h3>\n<p style=\"text-align: center;\">Die Bildschirme der Fahrradcomputer C206 und C206 Pro bestehen aus leistungsstarkem FSTN-Material in einer Gr\u00f6\u00dfe von 4,8 cm, was Ihnen bessere Betrachtungswinkel, Kontrast und Reaktionsgeschwindigkeit bietet.<\/p>\n<p><img decoding=\"async\" class=\"aligncenter wp-image-7678\" src=\"https:\/\/www.sportshine.eu\/wp-content\/uploads\/2025\/07\/Kolesarski-stevec-Magene-C206.webp\" alt=\"\" width=\"800\" height=\"676\" srcset=\"https:\/\/www.sportshine.eu\/wp-content\/uploads\/2025\/07\/Kolesarski-stevec-Magene-C206-768x649.webp 768w, https:\/\/www.sportshine.eu\/wp-content\/uploads\/2025\/07\/Kolesarski-stevec-Magene-C206-600x507.webp 600w\" sizes=\"(max-width: 800px) 100vw, 800px\" \/><\/p>\n<h3 style=\"text-align: center;\">AUTOMATISCHE BELEUCHTUNG UND AUTOMATISCHE ZEITKALIBRIERUNG<\/h3>\n<p style=\"text-align: center;\">Unterst\u00fctzt die automatische Zeitkalibrierung mit Bluetooth- und GPS-Technologie zur Anzeige der genauen Zeit. Schaltet die Hintergrundbeleuchtung nachts automatisch ein.<\/p>\n<p><img decoding=\"async\" class=\"aligncenter wp-image-7679\" src=\"https:\/\/www.sportshine.eu\/wp-content\/uploads\/2025\/07\/Kolesarski-stevec-Magene-pro.webp\" alt=\"\" width=\"800\" height=\"676\" srcset=\"https:\/\/www.sportshine.eu\/wp-content\/uploads\/2025\/07\/Kolesarski-stevec-Magene-pro-768x649.webp 768w, https:\/\/www.sportshine.eu\/wp-content\/uploads\/2025\/07\/Kolesarski-stevec-Magene-pro-600x507.webp 600w\" sizes=\"(max-width: 800px) 100vw, 800px\" \/><\/p>","protected":false},"excerpt":{"rendered":"<p>Die Magene C206 PRO-Serie geh\u00f6rt zu den Fahrradcomputern mit der h\u00f6chsten Datenunterst\u00fctzung in ihrer Preisklasse. Das Infinity-Display optimiert Ihr Erlebnis mit einer Vielzahl von Datenseiteneinstellungen. Die benutzerdefinierte C-Taste, die automatische Helligkeits- und Kalibrierungsregelung sowie weitere Zusatzfunktionen helfen Ihnen, bessere Ergebnisse zu erzielen.<\/p>","protected":false},"featured_media":6191,"comment_status":"open","ping_status":"closed","template":"","meta":[],"product_brand":[],"product_cat":[94],"product_tag":[],"class_list":{"0":"post-6189","1":"product","2":"type-product","3":"status-publish","4":"has-post-thumbnail","6":"product_cat-kolesarski-stevci","8":"first","9":"outofstock","10":"taxable","11":"shipping-taxable","12":"purchasable","13":"product-type-simple"},"yoast_head":"<!-- This site is optimized with the Yoast SEO plugin v27.3 - https:\/\/yoast.com\/product\/yoast-seo-wordpress\/ -->\n<title>Magene C206 PRO kolesarski \u0161tevec - Sportshine<\/title>\n<meta name=\"description\" content=\"Magene C206 PRO je odli\u010den kolesarski \u0161tevec z mo\u017enostjo prenosa podatkov na Stravo. Pona\u0161a se z 4,8 cm velikim ekranom in veliko dodatnih funkcij.\" \/>\n<meta name=\"robots\" content=\"index, follow, max-snippet:-1, max-image-preview:large, max-video-preview:-1\" \/>\n<link rel=\"canonical\" href=\"https:\/\/www.sportshine.eu\/de\/geschaft\/magene-c206-pro-fahrradcomputer-2\/\" \/>\n<meta property=\"og:locale\" content=\"de_DE\" \/>\n<meta property=\"og:type\" content=\"article\" \/>\n<meta property=\"og:title\" content=\"Magene C206 PRO kolesarski \u0161tevec - Sportshine\" \/>\n<meta property=\"og:description\" content=\"Magene C206 PRO je odli\u010den kolesarski \u0161tevec z mo\u017enostjo prenosa podatkov na Stravo. Pona\u0161a se z 4,8 cm velikim ekranom in veliko dodatnih funkcij.\" \/>\n<meta property=\"og:url\" content=\"https:\/\/www.sportshine.eu\/de\/geschaft\/magene-c206-pro-fahrradcomputer-2\/\" \/>\n<meta property=\"og:site_name\" content=\"Sportshine\" \/>\n<meta property=\"article:publisher\" content=\"https:\/\/www.facebook.com\/sportshine.eu\/\" \/>\n<meta property=\"article:modified_time\" content=\"2025-11-26T10:16:10+00:00\" \/>\n<meta property=\"og:image\" content=\"https:\/\/www.sportshine.eu\/wp-content\/uploads\/2025\/07\/Magene-C206-pro-stevec.webp\" \/>\n\t<meta property=\"og:image:width\" content=\"720\" \/>\n\t<meta property=\"og:image:height\" content=\"720\" \/>\n\t<meta property=\"og:image:type\" content=\"image\/webp\" \/>\n<meta name=\"twitter:card\" content=\"summary_large_image\" \/>\n<meta name=\"twitter:label1\" content=\"Gesch\u00e4tzte Lesezeit\" \/>\n\t<meta name=\"twitter:data1\" content=\"2 Minuten\" \/>\n<script type=\"application\/ld+json\" class=\"yoast-schema-graph\">{\"@context\":\"https:\\\/\\\/schema.org\",\"@graph\":[{\"@type\":\"WebPage\",\"@id\":\"https:\\\/\\\/www.sportshine.eu\\\/trgovina\\\/magene-c206-pro-kolesarski-stevec-2\\\/\",\"url\":\"https:\\\/\\\/www.sportshine.eu\\\/trgovina\\\/magene-c206-pro-kolesarski-stevec-2\\\/\",\"name\":\"Magene C206 PRO kolesarski \u0161tevec - Sportshine\",\"isPartOf\":{\"@id\":\"https:\\\/\\\/www.sportshine.eu\\\/#website\"},\"primaryImageOfPage\":{\"@id\":\"https:\\\/\\\/www.sportshine.eu\\\/trgovina\\\/magene-c206-pro-kolesarski-stevec-2\\\/#primaryimage\"},\"image\":{\"@id\":\"https:\\\/\\\/www.sportshine.eu\\\/trgovina\\\/magene-c206-pro-kolesarski-stevec-2\\\/#primaryimage\"},\"thumbnailUrl\":\"https:\\\/\\\/www.sportshine.eu\\\/wp-content\\\/uploads\\\/2025\\\/07\\\/Magene-C206-pro-stevec.webp\",\"datePublished\":\"2025-07-04T12:18:20+00:00\",\"dateModified\":\"2025-11-26T10:16:10+00:00\",\"description\":\"Magene C206 PRO je odli\u010den kolesarski \u0161tevec z mo\u017enostjo prenosa podatkov na Stravo. Pona\u0161a se z 4,8 cm velikim ekranom in veliko dodatnih funkcij.\",\"breadcrumb\":{\"@id\":\"https:\\\/\\\/www.sportshine.eu\\\/trgovina\\\/magene-c206-pro-kolesarski-stevec-2\\\/#breadcrumb\"},\"inLanguage\":\"de-AT\",\"potentialAction\":[{\"@type\":\"ReadAction\",\"target\":[\"https:\\\/\\\/www.sportshine.eu\\\/trgovina\\\/magene-c206-pro-kolesarski-stevec-2\\\/\"]}]},{\"@type\":\"ImageObject\",\"inLanguage\":\"de-AT\",\"@id\":\"https:\\\/\\\/www.sportshine.eu\\\/trgovina\\\/magene-c206-pro-kolesarski-stevec-2\\\/#primaryimage\",\"url\":\"https:\\\/\\\/www.sportshine.eu\\\/wp-content\\\/uploads\\\/2025\\\/07\\\/Magene-C206-pro-stevec.webp\",\"contentUrl\":\"https:\\\/\\\/www.sportshine.eu\\\/wp-content\\\/uploads\\\/2025\\\/07\\\/Magene-C206-pro-stevec.webp\",\"width\":720,\"height\":720},{\"@type\":\"BreadcrumbList\",\"@id\":\"https:\\\/\\\/www.sportshine.eu\\\/trgovina\\\/magene-c206-pro-kolesarski-stevec-2\\\/#breadcrumb\",\"itemListElement\":[{\"@type\":\"ListItem\",\"position\":1,\"name\":\"Home\",\"item\":\"https:\\\/\\\/www.sportshine.eu\\\/\"},{\"@type\":\"ListItem\",\"position\":2,\"name\":\"Trgovina\",\"item\":\"https:\\\/\\\/www.sportshine.eu\\\/trgovina\\\/\"},{\"@type\":\"ListItem\",\"position\":3,\"name\":\"Magene C206 PRO kolesarski \u0161tevec\"}]},{\"@type\":\"WebSite\",\"@id\":\"https:\\\/\\\/www.sportshine.eu\\\/#website\",\"url\":\"https:\\\/\\\/www.sportshine.eu\\\/\",\"name\":\"Sportshine\",\"description\":\"Top spletna trgovina kolesarskih in naglavnih svetilk ter opreme\",\"publisher\":{\"@id\":\"https:\\\/\\\/www.sportshine.eu\\\/#organization\"},\"potentialAction\":[{\"@type\":\"SearchAction\",\"target\":{\"@type\":\"EntryPoint\",\"urlTemplate\":\"https:\\\/\\\/www.sportshine.eu\\\/?s={search_term_string}\"},\"query-input\":{\"@type\":\"PropertyValueSpecification\",\"valueRequired\":true,\"valueName\":\"search_term_string\"}}],\"inLanguage\":\"de-AT\"},{\"@type\":\"Organization\",\"@id\":\"https:\\\/\\\/www.sportshine.eu\\\/#organization\",\"name\":\"Sportshine\",\"url\":\"https:\\\/\\\/www.sportshine.eu\\\/\",\"logo\":{\"@type\":\"ImageObject\",\"inLanguage\":\"de-AT\",\"@id\":\"https:\\\/\\\/www.sportshine.eu\\\/#\\\/schema\\\/logo\\\/image\\\/\",\"url\":\"https:\\\/\\\/www.sportshine.eu\\\/wp-content\\\/uploads\\\/2026\\\/01\\\/cropped-Sportshine.webp\",\"contentUrl\":\"https:\\\/\\\/www.sportshine.eu\\\/wp-content\\\/uploads\\\/2026\\\/01\\\/cropped-Sportshine.webp\",\"width\":295,\"height\":128,\"caption\":\"Sportshine\"},\"image\":{\"@id\":\"https:\\\/\\\/www.sportshine.eu\\\/#\\\/schema\\\/logo\\\/image\\\/\"},\"sameAs\":[\"https:\\\/\\\/www.facebook.com\\\/sportshine.eu\\\/\"]}]}<\/script>\n<!-- \/ Yoast SEO plugin. -->","yoast_head_json":{"title":"Magene C206 PRO Fahrradcomputer - Sportshine","description":"Der Magene C206 PRO ist ein toller Fahrradcomputer mit der M\u00f6glichkeit, Daten an Strava zu \u00fcbertragen. Er verf\u00fcgt \u00fcber ein 4,8 cm gro\u00dfes Display und viele Zusatzfunktionen.","robots":{"index":"index","follow":"follow","max-snippet":"max-snippet:-1","max-image-preview":"max-image-preview:large","max-video-preview":"max-video-preview:-1"},"canonical":"https:\/\/www.sportshine.eu\/de\/geschaft\/magene-c206-pro-fahrradcomputer-2\/","og_locale":"de_DE","og_type":"article","og_title":"Magene C206 PRO kolesarski \u0161tevec - Sportshine","og_description":"Magene C206 PRO je odli\u010den kolesarski \u0161tevec z mo\u017enostjo prenosa podatkov na Stravo. Pona\u0161a se z 4,8 cm velikim ekranom in veliko dodatnih funkcij.","og_url":"https:\/\/www.sportshine.eu\/de\/geschaft\/magene-c206-pro-fahrradcomputer-2\/","og_site_name":"Sportshine","article_publisher":"https:\/\/www.facebook.com\/sportshine.eu\/","article_modified_time":"2025-11-26T10:16:10+00:00","og_image":[{"width":720,"height":720,"url":"https:\/\/www.sportshine.eu\/wp-content\/uploads\/2025\/07\/Magene-C206-pro-stevec.webp","type":"image\/webp"}],"twitter_card":"summary_large_image","twitter_misc":{"Gesch\u00e4tzte Lesezeit":"2 Minuten"},"schema":{"@context":"https:\/\/schema.org","@graph":[{"@type":"WebPage","@id":"https:\/\/www.sportshine.eu\/trgovina\/magene-c206-pro-kolesarski-stevec-2\/","url":"https:\/\/www.sportshine.eu\/trgovina\/magene-c206-pro-kolesarski-stevec-2\/","name":"Magene C206 PRO Fahrradcomputer - Sportshine","isPartOf":{"@id":"https:\/\/www.sportshine.eu\/#website"},"primaryImageOfPage":{"@id":"https:\/\/www.sportshine.eu\/trgovina\/magene-c206-pro-kolesarski-stevec-2\/#primaryimage"},"image":{"@id":"https:\/\/www.sportshine.eu\/trgovina\/magene-c206-pro-kolesarski-stevec-2\/#primaryimage"},"thumbnailUrl":"https:\/\/www.sportshine.eu\/wp-content\/uploads\/2025\/07\/Magene-C206-pro-stevec.webp","datePublished":"2025-07-04T12:18:20+00:00","dateModified":"2025-11-26T10:16:10+00:00","description":"Der Magene C206 PRO ist ein toller Fahrradcomputer mit der M\u00f6glichkeit, Daten an Strava zu \u00fcbertragen. Er verf\u00fcgt \u00fcber ein 4,8 cm gro\u00dfes Display und viele Zusatzfunktionen.","breadcrumb":{"@id":"https:\/\/www.sportshine.eu\/trgovina\/magene-c206-pro-kolesarski-stevec-2\/#breadcrumb"},"inLanguage":"de-AT","potentialAction":[{"@type":"ReadAction","target":["https:\/\/www.sportshine.eu\/trgovina\/magene-c206-pro-kolesarski-stevec-2\/"]}]},{"@type":"ImageObject","inLanguage":"de-AT","@id":"https:\/\/www.sportshine.eu\/trgovina\/magene-c206-pro-kolesarski-stevec-2\/#primaryimage","url":"https:\/\/www.sportshine.eu\/wp-content\/uploads\/2025\/07\/Magene-C206-pro-stevec.webp","contentUrl":"https:\/\/www.sportshine.eu\/wp-content\/uploads\/2025\/07\/Magene-C206-pro-stevec.webp","width":720,"height":720},{"@type":"BreadcrumbList","@id":"https:\/\/www.sportshine.eu\/trgovina\/magene-c206-pro-kolesarski-stevec-2\/#breadcrumb","itemListElement":[{"@type":"ListItem","position":1,"name":"Home","item":"https:\/\/www.sportshine.eu\/"},{"@type":"ListItem","position":2,"name":"Trgovina","item":"https:\/\/www.sportshine.eu\/trgovina\/"},{"@type":"ListItem","position":3,"name":"Magene C206 PRO kolesarski \u0161tevec"}]},{"@type":"WebSite","@id":"https:\/\/www.sportshine.eu\/#website","url":"https:\/\/www.sportshine.eu\/","name":"Sportshine","description":"Top Online-Shop f\u00fcr Fahrrad- und Stirnlampen sowie Zubeh\u00f6r","publisher":{"@id":"https:\/\/www.sportshine.eu\/#organization"},"potentialAction":[{"@type":"SearchAction","target":{"@type":"EntryPoint","urlTemplate":"https:\/\/www.sportshine.eu\/?s={search_term_string}"},"query-input":{"@type":"PropertyValueSpecification","valueRequired":true,"valueName":"search_term_string"}}],"inLanguage":"de-AT"},{"@type":"Organization","@id":"https:\/\/www.sportshine.eu\/#organization","name":"Sportshine","url":"https:\/\/www.sportshine.eu\/","logo":{"@type":"ImageObject","inLanguage":"de-AT","@id":"https:\/\/www.sportshine.eu\/#\/schema\/logo\/image\/","url":"https:\/\/www.sportshine.eu\/wp-content\/uploads\/2026\/01\/cropped-Sportshine.webp","contentUrl":"https:\/\/www.sportshine.eu\/wp-content\/uploads\/2026\/01\/cropped-Sportshine.webp","width":295,"height":128,"caption":"Sportshine"},"image":{"@id":"https:\/\/www.sportshine.eu\/#\/schema\/logo\/image\/"},"sameAs":["https:\/\/www.facebook.com\/sportshine.eu\/"]}]}},"_links":{"self":[{"href":"https:\/\/www.sportshine.eu\/de\/wp-json\/wp\/v2\/product\/6189","targetHints":{"allow":["GET"]}}],"collection":[{"href":"https:\/\/www.sportshine.eu\/de\/wp-json\/wp\/v2\/product"}],"about":[{"href":"https:\/\/www.sportshine.eu\/de\/wp-json\/wp\/v2\/types\/product"}],"replies":[{"embeddable":true,"href":"https:\/\/www.sportshine.eu\/de\/wp-json\/wp\/v2\/comments?post=6189"}],"version-history":[{"count":0,"href":"https:\/\/www.sportshine.eu\/de\/wp-json\/wp\/v2\/product\/6189\/revisions"}],"wp:featuredmedia":[{"embeddable":true,"href":"https:\/\/www.sportshine.eu\/de\/wp-json\/wp\/v2\/media\/6191"}],"wp:attachment":[{"href":"https:\/\/www.sportshine.eu\/de\/wp-json\/wp\/v2\/media?parent=6189"}],"wp:term":[{"taxonomy":"product_brand","embeddable":true,"href":"https:\/\/www.sportshine.eu\/de\/wp-json\/wp\/v2\/product_brand?post=6189"},{"taxonomy":"product_cat","embeddable":true,"href":"https:\/\/www.sportshine.eu\/de\/wp-json\/wp\/v2\/product_cat?post=6189"},{"taxonomy":"product_tag","embeddable":true,"href":"https:\/\/www.sportshine.eu\/de\/wp-json\/wp\/v2\/product_tag?post=6189"}],"curies":[{"name":"wp","href":"https:\/\/api.w.org\/{rel}","templated":true}]}}