{"id":702,"date":"2021-03-31T06:39:48","date_gmt":"2021-03-31T06:39:48","guid":{"rendered":"https:\/\/d-themes.com\/wordpress\/wolmart\/dummy\/demo-11\/?page_id=702"},"modified":"2025-07-15T11:53:15","modified_gmt":"2025-07-15T11:53:15","slug":"datenschutzrichtlinie","status":"publish","type":"page","link":"https:\/\/www.sportshine.eu\/de\/datenschutzrichtlinie\/","title":{"rendered":"Datenschutz- und Cookie-Richtlinien"},"content":{"rendered":"<p><strong>SPORTSHINE, Ale\u0161 Vicozi sp<\/strong><br>Kamnikarjeva-Stra\u00dfe 27, Lavrica, 1291 \u0160kofljica<br><a class=\"\" href=\"https:\/\/www.sportshine.eu\/de\/\">https:\/\/www.sportshine.eu<\/a><br>\ud83d\udce7 <a>info@sportshine.eu<\/a> | \ud83d\udcde 041 798 307<br>Zuletzt aktualisiert: 15. Juli 2025<\/p>\n\n\n\n<hr class=\"wp-block-separator has-alpha-channel-opacity\"\/>\n\n\n\n<h3 class=\"wp-block-heading\">1. Einleitung<\/h3>\n\n\n\n<p>Diese Datenschutz- und Cookie-Richtlinie beschreibt, wie das Unternehmen <strong>SPORTSHINE, Ale\u0161 Vicozi sp<\/strong> verarbeitet personenbezogene Daten und verwendet Cookies auf der Website <a class=\"\" href=\"https:\/\/www.sportshine.eu\/de\/\">www.sportshine.eu<\/a>Durch den Besuch und die Nutzung der Website stimmen Sie der beschriebenen Art der Daten- und Cookie-Verwendung zu.<\/p>\n\n\n\n<hr class=\"wp-block-separator has-alpha-channel-opacity\"\/>\n\n\n\n<h3 class=\"wp-block-heading\">2. Verantwortlicher f\u00fcr die Verarbeitung personenbezogener Daten<\/h3>\n\n\n\n<p><strong>Titel:<\/strong> SPORTSHINE, Ale\u0161 Vicozi sp<br><strong>Adresse:<\/strong> Kamnikarjeva-Stra\u00dfe 27, Lavrica, 1291 \u0160kofljica<br><strong>E-Mail-Adresse:<\/strong> <a>info@sportshine.eu<\/a><br><strong>Telefon:<\/strong> 041 798 307<br><strong>Datenschutzbeauftragter:<\/strong> nicht benannt<\/p>\n\n\n\n<hr class=\"wp-block-separator has-alpha-channel-opacity\"\/>\n\n\n\n<h3 class=\"wp-block-heading\">3. Kategorien personenbezogener Daten<\/h3>\n\n\n\n<p>Wir verarbeiten folgende personenbezogene Daten:<\/p>\n\n\n\n<ul class=\"wp-block-list\">\n<li>Vor- und Nachname<\/li>\n\n\n\n<li>E-Mail-Adresse<\/li>\n\n\n\n<li>Telefonnummer<\/li>\n\n\n\n<li>Liefer- und Rechnungsadresse<\/li>\n\n\n\n<li>IP-Adresse<\/li>\n\n\n\n<li>Daten zur Website-Nutzung (z. B. besuchte Seiten, angeklickte Links, Besuchszeit)<\/li>\n\n\n\n<li>Daten zur Auftrags- und Zahlungsabwicklung<\/li>\n<\/ul>\n\n\n\n<hr class=\"wp-block-separator has-alpha-channel-opacity\"\/>\n\n\n\n<h3 class=\"wp-block-heading\">4. Zweck und Rechtsgrundlage der Verarbeitung<\/h3>\n\n\n\n<p>Wir verarbeiten Ihre Daten zu folgenden Zwecken:<\/p>\n\n\n\n<figure class=\"wp-block-table\"><table class=\"has-fixed-layout\"><thead><tr><th>Zweck<\/th><th>Rechtsgrundlage<\/th><\/tr><\/thead><tbody><tr><td>Online-Auftragsabwicklung<\/td><td>Vertrag (Art. 6 Abs. 1 lit. b DSGVO)<\/td><\/tr><tr><td>Versand von E-Newslettern<\/td><td>Einwilligung (Art. 6 Abs. 1 lit. a DSGVO)<\/td><\/tr><tr><td>Einsatz von Webanalyse und Remarketing<\/td><td>Einwilligung (Art. 6 Abs. 1 lit. a DSGVO)<\/td><\/tr><tr><td>Beantwortung von Anfragen<\/td><td>Berechtigtes Interesse (Art. 6 Abs. 1 lit. f DSGVO)<\/td><\/tr><tr><td>Erf\u00fcllung gesetzlicher Verpflichtungen (Buchhaltung, Steuern)<\/td><td>Recht (Art. 6 Abs. 1 lit. c DSGVO)<\/td><\/tr><\/tbody><\/table><\/figure>\n\n\n\n<hr class=\"wp-block-separator has-alpha-channel-opacity\"\/>\n\n\n\n<h3 class=\"wp-block-heading\">5. Datenspeicherung<\/h3>\n\n\n\n<p>Wir speichern personenbezogene Daten:<\/p>\n\n\n\n<ul class=\"wp-block-list\">\n<li>F\u00fcr Beschaffungszwecke: 5 Jahre nach Vertragsabschluss<\/li>\n\n\n\n<li>F\u00fcr E-Newsletter-Zwecke: bis zum Widerruf der Einwilligung<\/li>\n\n\n\n<li>Cookie-Daten: gem\u00e4\u00df den f\u00fcr einzelne Cookies festgelegten Fristen (siehe unten)<\/li>\n<\/ul>\n\n\n\n<hr class=\"wp-block-separator has-alpha-channel-opacity\"\/>\n\n\n\n<h3 class=\"wp-block-heading\">6. Rechte des Einzelnen<\/h3>\n\n\n\n<p>Sie haben das Recht:<\/p>\n\n\n\n<ul class=\"wp-block-list\">\n<li>Zugriff auf Ihre Daten<\/li>\n\n\n\n<li>Berichtigung oder L\u00f6schung<\/li>\n\n\n\n<li>Verarbeitungsbeschr\u00e4nkungen<\/li>\n\n\n\n<li>Widerspruch gegen die Verarbeitung<\/li>\n\n\n\n<li>Datenportabilit\u00e4t<\/li>\n\n\n\n<li>Einreichung einer Beschwerde beim Information Commissioner (<a class=\"\" href=\"http:\/\/www.ip-rs.si\">www.ip-rs.si<\/a>)<\/li>\n<\/ul>\n\n\n\n<hr class=\"wp-block-separator has-alpha-channel-opacity\"\/>\n\n\n\n<h3 class=\"wp-block-heading\">7. Weitergabe von Daten an Dritte<\/h3>\n\n\n\n<p>Wir k\u00f6nnen Daten an Auftragsverarbeiter weitergeben, die f\u00fcr uns folgende Aufgaben erf\u00fcllen:<\/p>\n\n\n\n<ul class=\"wp-block-list\">\n<li>Website-Hosting<\/li>\n\n\n\n<li>Versand von E-Mail-Newslettern (z.B. Mailchimp o.\u00e4.)<\/li>\n\n\n\n<li>Zahlungsabwicklung (z.B. Stripe, Paypal)<\/li>\n\n\n\n<li>Marketing und Werbung (z. B. Google, Meta)<\/li>\n<\/ul>\n\n\n\n<p>Auftragsverarbeiter verarbeiten Daten ausschlie\u00dflich auf unsere Weisung und im Einklang mit der DSGVO.<\/p>\n\n\n\n<hr class=\"wp-block-separator has-alpha-channel-opacity\"\/>\n\n\n\n<h2 class=\"wp-block-heading\"><strong>Cookie-Richtlinie<\/strong><\/h2>\n\n\n\n<h3 class=\"wp-block-heading\">8. Was sind Cookies?<\/h3>\n\n\n\n<p>Cookies sind kleine Dateien, die eine Website auf Ihrem Ger\u00e4t speichert. Sie werden verwendet, um die Website zu betreiben, den Datenverkehr zu analysieren und personalisierte Werbung anzuzeigen.<\/p>\n\n\n\n<hr class=\"wp-block-separator has-alpha-channel-opacity\"\/>\n\n\n\n<h3 class=\"wp-block-heading\">9. Arten von Cookies, die wir verwenden<\/h3>\n\n\n\n<figure class=\"wp-block-table\"><table class=\"has-fixed-layout\"><thead><tr><th>Arten von Cookies<\/th><th>Zweck<\/th><\/tr><\/thead><tbody><tr><td><strong>Notwendige Cookies<\/strong><\/td><td>F\u00fcr das ordnungsgem\u00e4\u00dfe Funktionieren der Site (z. B. Warenkorb, Login).<\/td><\/tr><tr><td><strong>Cookies analytisch<\/strong><\/td><td>Messung der Besuche und Nutzung der Website (z. B. Google Analytics).<\/td><\/tr><tr><td><strong>Cookies des Marketings<\/strong><\/td><td>F\u00fcr Remarketing, personalisierte Anzeigen (Facebook Pixel, Google Ads).<\/td><\/tr><\/tbody><\/table><\/figure>\n\n\n\n<hr class=\"wp-block-separator has-alpha-channel-opacity\"\/>\n\n\n\n<h3 class=\"wp-block-heading\">10. Eingesetzte Tools von Drittanbietern<\/h3>\n\n\n\n<p>Wir verwenden auf der Website folgende Tools:<\/p>\n\n\n\n<ul class=\"wp-block-list\">\n<li><strong>Google Analytics<\/strong><\/li>\n\n\n\n<li><strong>Google Ads (Remarketing)<\/strong><\/li>\n\n\n\n<li><strong>Facebook Pixel<\/strong><\/li>\n<\/ul>\n\n\n\n<p>Diese Tools k\u00f6nnen eigene Cookies setzen. Sie k\u00f6nnen diese Cookies auch in Ihrem Browser verwalten.<\/p>\n\n\n\n<hr class=\"wp-block-separator has-alpha-channel-opacity\"\/>\n\n\n\n<h3 class=\"wp-block-heading\">11. Verwaltung und Deaktivierung von Cookies<\/h3>\n\n\n\n<p>Wenn Sie die Website zum ersten Mal besuchen, k\u00f6nnen Sie das Cookie-Banner verwenden, um:<\/p>\n\n\n\n<ul class=\"wp-block-list\">\n<li>Sie akzeptieren alle Cookies.<\/li>\n\n\n\n<li>Cookies ablehnen<\/li>\n\n\n\n<li>Passen Sie Ihre Einstellungen an<\/li>\n<\/ul>\n\n\n\n<p>Sie k\u00f6nnen Cookies auch in Ihren Browsereinstellungen steuern. Anweisungen zum L\u00f6schen oder Deaktivieren von Cookies:<\/p>\n\n\n\n<ul class=\"wp-block-list\">\n<li><a>Chrom<\/a><\/li>\n\n\n\n<li><a class=\"\" href=\"https:\/\/support.mozilla.org\/sl\/kb\/omogo%C4%8Danje-in-onemogo%C4%8Danje-pi%C5%A1kotkov\">Feuerfuchs<\/a><\/li>\n\n\n\n<li><a class=\"\" href=\"https:\/\/support.apple.com\/sl-si\/guide\/safari\/sfri11471\/mac\">Safari<\/a><\/li>\n<\/ul>\n\n\n\n<hr class=\"wp-block-separator has-alpha-channel-opacity\"\/>\n\n\n\n<h3 class=\"wp-block-heading\">12. Kontakt<\/h3>\n\n\n\n<p>Bei Fragen zum Datenschutz oder zur Cookie-Richtlinie kontaktieren Sie uns bitte:<\/p>\n\n\n\n<p>\ud83d\udce7 <strong><a>info@sportshine.eu<\/a><\/strong><br>\ud83d\udcde <strong>041 798 307<\/strong><\/p>\n\n\n\n<p><\/p>","protected":false},"excerpt":{"rendered":"<p>SPORTSHINE, Ale\u0161 Vicozi s.p.Kamnikarjeva ulica 27, Lavrica, 1291 \u0160kofljicahttps:\/\/www.sportshine.eu\ud83d\udce7 info@sportshine.eu | \ud83d\udcde 041 798 307Zadnja posodobitev: 15. julij 2025 1. Uvod Ta politika zasebnosti in pi\u0161kotkov opisuje, kako podjetje SPORTSHINE, Ale\u0161 Vicozi s.p. obdeluje osebne podatke ter uporablja pi\u0161kotke na spletni strani www.sportshine.eu. Z obiskom in uporabo spletne strani sogla\u0161ate z opisanim na\u010dinom uporabe podatkov [&hellip;]<\/p>\n","protected":false},"author":1,"featured_media":0,"parent":0,"menu_order":0,"comment_status":"closed","ping_status":"closed","template":"","meta":{"footnotes":""},"class_list":["post-702","page","type-page","status-publish","hentry"],"yoast_head":"<!-- This site is optimized with the Yoast SEO plugin v27.3 - https:\/\/yoast.com\/product\/yoast-seo-wordpress\/ -->\n<title>Politika zasebnosti in pi\u0161kotkov<\/title>\n<meta name=\"robots\" content=\"noindex, nofollow\" \/>\n<meta property=\"og:locale\" content=\"de_DE\" \/>\n<meta property=\"og:type\" content=\"article\" \/>\n<meta property=\"og:title\" content=\"Politika zasebnosti in pi\u0161kotkov\" \/>\n<meta property=\"og:description\" content=\"SPORTSHINE, Ale\u0161 Vicozi s.p.Kamnikarjeva ulica 27, Lavrica, 1291 \u0160kofljicahttps:\/\/www.sportshine.eu\ud83d\udce7 info@sportshine.eu | \ud83d\udcde 041 798 307Zadnja posodobitev: 15. julij 2025 1. Uvod Ta politika zasebnosti in pi\u0161kotkov opisuje, kako podjetje SPORTSHINE, Ale\u0161 Vicozi s.p. obdeluje osebne podatke ter uporablja pi\u0161kotke na spletni strani www.sportshine.eu. Z obiskom in uporabo spletne strani sogla\u0161ate z opisanim na\u010dinom uporabe podatkov [&hellip;]\" \/>\n<meta property=\"og:url\" content=\"https:\/\/www.sportshine.eu\/de\/datenschutzrichtlinie\/\" \/>\n<meta property=\"og:site_name\" content=\"Sportshine\" \/>\n<meta property=\"article:publisher\" content=\"https:\/\/www.facebook.com\/sportshine.eu\/\" \/>\n<meta property=\"article:modified_time\" content=\"2025-07-15T11:53:15+00:00\" \/>\n<meta name=\"twitter:card\" content=\"summary_large_image\" \/>\n<meta name=\"twitter:label1\" content=\"Gesch\u00e4tzte Lesezeit\" \/>\n\t<meta name=\"twitter:data1\" content=\"2 Minuten\" \/>\n<script type=\"application\/ld+json\" class=\"yoast-schema-graph\">{\"@context\":\"https:\\\/\\\/schema.org\",\"@graph\":[{\"@type\":\"WebPage\",\"@id\":\"https:\\\/\\\/www.sportshine.eu\\\/politika-zasebnosti\\\/\",\"url\":\"https:\\\/\\\/www.sportshine.eu\\\/politika-zasebnosti\\\/\",\"name\":\"Politika zasebnosti in pi\u0161kotkov\",\"isPartOf\":{\"@id\":\"https:\\\/\\\/www.sportshine.eu\\\/#website\"},\"datePublished\":\"2021-03-31T06:39:48+00:00\",\"dateModified\":\"2025-07-15T11:53:15+00:00\",\"breadcrumb\":{\"@id\":\"https:\\\/\\\/www.sportshine.eu\\\/politika-zasebnosti\\\/#breadcrumb\"},\"inLanguage\":\"de-AT\",\"potentialAction\":[{\"@type\":\"ReadAction\",\"target\":[\"https:\\\/\\\/www.sportshine.eu\\\/politika-zasebnosti\\\/\"]}]},{\"@type\":\"BreadcrumbList\",\"@id\":\"https:\\\/\\\/www.sportshine.eu\\\/politika-zasebnosti\\\/#breadcrumb\",\"itemListElement\":[{\"@type\":\"ListItem\",\"position\":1,\"name\":\"Home\",\"item\":\"https:\\\/\\\/www.sportshine.eu\\\/\"},{\"@type\":\"ListItem\",\"position\":2,\"name\":\"Politika zasebnosti in pi\u0161kotkov\"}]},{\"@type\":\"WebSite\",\"@id\":\"https:\\\/\\\/www.sportshine.eu\\\/#website\",\"url\":\"https:\\\/\\\/www.sportshine.eu\\\/\",\"name\":\"Sportshine\",\"description\":\"Top spletna trgovina kolesarskih in naglavnih svetilk ter opreme\",\"publisher\":{\"@id\":\"https:\\\/\\\/www.sportshine.eu\\\/#organization\"},\"potentialAction\":[{\"@type\":\"SearchAction\",\"target\":{\"@type\":\"EntryPoint\",\"urlTemplate\":\"https:\\\/\\\/www.sportshine.eu\\\/?s={search_term_string}\"},\"query-input\":{\"@type\":\"PropertyValueSpecification\",\"valueRequired\":true,\"valueName\":\"search_term_string\"}}],\"inLanguage\":\"de-AT\"},{\"@type\":\"Organization\",\"@id\":\"https:\\\/\\\/www.sportshine.eu\\\/#organization\",\"name\":\"Sportshine\",\"url\":\"https:\\\/\\\/www.sportshine.eu\\\/\",\"logo\":{\"@type\":\"ImageObject\",\"inLanguage\":\"de-AT\",\"@id\":\"https:\\\/\\\/www.sportshine.eu\\\/#\\\/schema\\\/logo\\\/image\\\/\",\"url\":\"https:\\\/\\\/www.sportshine.eu\\\/wp-content\\\/uploads\\\/2026\\\/01\\\/cropped-Sportshine.webp\",\"contentUrl\":\"https:\\\/\\\/www.sportshine.eu\\\/wp-content\\\/uploads\\\/2026\\\/01\\\/cropped-Sportshine.webp\",\"width\":295,\"height\":128,\"caption\":\"Sportshine\"},\"image\":{\"@id\":\"https:\\\/\\\/www.sportshine.eu\\\/#\\\/schema\\\/logo\\\/image\\\/\"},\"sameAs\":[\"https:\\\/\\\/www.facebook.com\\\/sportshine.eu\\\/\"]}]}<\/script>\n<!-- \/ Yoast SEO plugin. -->","yoast_head_json":{"title":"Datenschutz- und Cookie-Richtlinien","robots":{"index":"noindex","follow":"nofollow"},"og_locale":"de_DE","og_type":"article","og_title":"Politika zasebnosti in pi\u0161kotkov","og_description":"SPORTSHINE, Ale\u0161 Vicozi s.p.Kamnikarjeva ulica 27, Lavrica, 1291 \u0160kofljicahttps:\/\/www.sportshine.eu\ud83d\udce7 info@sportshine.eu | \ud83d\udcde 041 798 307Zadnja posodobitev: 15. julij 2025 1. Uvod Ta politika zasebnosti in pi\u0161kotkov opisuje, kako podjetje SPORTSHINE, Ale\u0161 Vicozi s.p. obdeluje osebne podatke ter uporablja pi\u0161kotke na spletni strani www.sportshine.eu. Z obiskom in uporabo spletne strani sogla\u0161ate z opisanim na\u010dinom uporabe podatkov [&hellip;]","og_url":"https:\/\/www.sportshine.eu\/de\/datenschutzrichtlinie\/","og_site_name":"Sportshine","article_publisher":"https:\/\/www.facebook.com\/sportshine.eu\/","article_modified_time":"2025-07-15T11:53:15+00:00","twitter_card":"summary_large_image","twitter_misc":{"Gesch\u00e4tzte Lesezeit":"2 Minuten"},"schema":{"@context":"https:\/\/schema.org","@graph":[{"@type":"WebPage","@id":"https:\/\/www.sportshine.eu\/politika-zasebnosti\/","url":"https:\/\/www.sportshine.eu\/politika-zasebnosti\/","name":"Datenschutz- und Cookie-Richtlinien","isPartOf":{"@id":"https:\/\/www.sportshine.eu\/#website"},"datePublished":"2021-03-31T06:39:48+00:00","dateModified":"2025-07-15T11:53:15+00:00","breadcrumb":{"@id":"https:\/\/www.sportshine.eu\/politika-zasebnosti\/#breadcrumb"},"inLanguage":"de-AT","potentialAction":[{"@type":"ReadAction","target":["https:\/\/www.sportshine.eu\/politika-zasebnosti\/"]}]},{"@type":"BreadcrumbList","@id":"https:\/\/www.sportshine.eu\/politika-zasebnosti\/#breadcrumb","itemListElement":[{"@type":"ListItem","position":1,"name":"Home","item":"https:\/\/www.sportshine.eu\/"},{"@type":"ListItem","position":2,"name":"Politika zasebnosti in pi\u0161kotkov"}]},{"@type":"WebSite","@id":"https:\/\/www.sportshine.eu\/#website","url":"https:\/\/www.sportshine.eu\/","name":"Sportshine","description":"Top Online-Shop f\u00fcr Fahrrad- und Stirnlampen sowie Zubeh\u00f6r","publisher":{"@id":"https:\/\/www.sportshine.eu\/#organization"},"potentialAction":[{"@type":"SearchAction","target":{"@type":"EntryPoint","urlTemplate":"https:\/\/www.sportshine.eu\/?s={search_term_string}"},"query-input":{"@type":"PropertyValueSpecification","valueRequired":true,"valueName":"search_term_string"}}],"inLanguage":"de-AT"},{"@type":"Organization","@id":"https:\/\/www.sportshine.eu\/#organization","name":"Sportshine","url":"https:\/\/www.sportshine.eu\/","logo":{"@type":"ImageObject","inLanguage":"de-AT","@id":"https:\/\/www.sportshine.eu\/#\/schema\/logo\/image\/","url":"https:\/\/www.sportshine.eu\/wp-content\/uploads\/2026\/01\/cropped-Sportshine.webp","contentUrl":"https:\/\/www.sportshine.eu\/wp-content\/uploads\/2026\/01\/cropped-Sportshine.webp","width":295,"height":128,"caption":"Sportshine"},"image":{"@id":"https:\/\/www.sportshine.eu\/#\/schema\/logo\/image\/"},"sameAs":["https:\/\/www.facebook.com\/sportshine.eu\/"]}]}},"_links":{"self":[{"href":"https:\/\/www.sportshine.eu\/de\/wp-json\/wp\/v2\/pages\/702","targetHints":{"allow":["GET"]}}],"collection":[{"href":"https:\/\/www.sportshine.eu\/de\/wp-json\/wp\/v2\/pages"}],"about":[{"href":"https:\/\/www.sportshine.eu\/de\/wp-json\/wp\/v2\/types\/page"}],"author":[{"embeddable":true,"href":"https:\/\/www.sportshine.eu\/de\/wp-json\/wp\/v2\/users\/1"}],"replies":[{"embeddable":true,"href":"https:\/\/www.sportshine.eu\/de\/wp-json\/wp\/v2\/comments?post=702"}],"version-history":[{"count":0,"href":"https:\/\/www.sportshine.eu\/de\/wp-json\/wp\/v2\/pages\/702\/revisions"}],"wp:attachment":[{"href":"https:\/\/www.sportshine.eu\/de\/wp-json\/wp\/v2\/media?parent=702"}],"curies":[{"name":"wp","href":"https:\/\/api.w.org\/{rel}","templated":true}]}}