{"id":4940,"date":"2025-06-23T21:16:28","date_gmt":"2025-06-23T21:16:28","guid":{"rendered":"https:\/\/www.sportshine.eu\/?page_id=4940"},"modified":"2026-01-17T21:30:49","modified_gmt":"2026-01-17T21:30:49","slug":"allgemeine-geschaftsbedingungen","status":"publish","type":"page","link":"https:\/\/www.sportshine.eu\/de\/allgemeine-geschaftsbedingungen\/","title":{"rendered":"Allgemeine Gesch\u00e4ftsbedingungen"},"content":{"rendered":"<p>Die Allgemeinen Gesch\u00e4ftsbedingungen des Online-Shops sportshine.eu wurden in \u00dcbereinstimmung mit dem Verbraucherschutzgesetz (ZVPot), den Empfehlungen der slowenischen Handelskammer und internationalen Kodizes f\u00fcr den elektronischen Gesch\u00e4ftsverkehr erstellt. Der Online-Shop sportshine.eu ist Eigentum der Firma SPORTSHINE, Ale\u0161 Vicozi sp (im Folgenden als Anbieter oder Manager bezeichnet) und wird von dieser verwaltet.<\/p>\n\n\n\n<p><strong>Bestellung<\/strong><br>Bestellungen im Online-Shop sportshine.eu erfolgen in slowenischer Sprache \u00fcber das Internet rund um die Uhr und 7 Tage die Woche. Sie k\u00f6nnen Produkte ausw\u00e4hlen und bestellen, die in der Produktliste verf\u00fcgbar sind. Sollten Sie das gew\u00fcnschte Produkt nicht finden, teilen Sie uns dies bitte per E-Mail mit: info@sportshine.eu. Wir informieren Sie dann \u00fcber die Verf\u00fcgbarkeit. Die Produkte werden dem K\u00e4ufer per Post zugestellt, es sei denn, der K\u00e4ufer gibt in der Bestellung an, dass er die bestellten Produkte pers\u00f6nlich in Lavrica am vereinbarten Ort abholen wird.<br>Wenn der K\u00e4ufer die Bestellung nicht storniert, wird die Bestellung weiter bearbeitet. Anschlie\u00dfend \u00fcberpr\u00fcft der Anbieter die Bestellung, pr\u00fcft die Verf\u00fcgbarkeit der bestellten Artikel und best\u00e4tigt oder lehnt die Bestellung mit einer Begr\u00fcndung ab. Der Anbieter kann den K\u00e4ufer unter seiner Kontakttelefonnummer anrufen, um die Daten zu \u00fcberpr\u00fcfen oder die Richtigkeit der Lieferung sicherzustellen.<br>Wir behalten uns au\u00dferdem das Recht vor, Preise zu \u00e4ndern, in diesem Fall wird der Kunde jedoch per E-Mail oder Mobiltelefon benachrichtigt.<\/p>\n\n\n\n<p><strong>Kaufvorgang<\/strong><br>F\u00fcr den Kauf der Produkte ist keine zeitaufw\u00e4ndige Registrierung erforderlich! Sobald Sie das gew\u00fcnschte Produkt ausgew\u00e4hlt haben, folgen Sie einfach den aufgef\u00fchrten Schritten (Eingabe aller notwendigen Informationen, Auswahl der Zahlungsart etc.), die Sie zum Abschluss der Bestellung f\u00fchren. M\u00f6chten Sie ein einzelnes Produkt aus dem Warenkorb entfernen, nutzen Sie dazu den Entfernen-Button. Wenn Sie sich f\u00fcr eine Registrierung entscheiden, kann der Einkauf schneller abgewickelt werden und Ihnen stehen verschiedene Funktionen zur Verf\u00fcgung.<\/p>\n\n\n\n<p><\/p>\n\n\n\n<p>Bestellvorgang:<\/p>\n\n\n\n<p><br><strong>1. Die Bestellung ist unbest\u00e4tigt:<\/strong><br>Nach der Bestellung erh\u00e4lt der K\u00e4ufer per E-Mail eine Benachrichtigung, dass die Bestellung unbest\u00e4tigt ist.<\/p>\n\n\n\n<p><strong>2. Bestellung best\u00e4tigt:<\/strong><br>Der Anbieter pr\u00fcft die Bestellung, kontrolliert die Verf\u00fcgbarkeit der bestellten Artikel und best\u00e4tigt die Bestellung oder lehnt sie mit Begr\u00fcndung ab. Der Anbieter kann den K\u00e4ufer unter seiner Kontakttelefonnummer anrufen, um die Daten zu \u00fcberpr\u00fcfen oder die Richtigkeit der Lieferung sicherzustellen. Nach Best\u00e4tigung der Bestellung informiert der Anbieter den K\u00e4ufer per E-Mail \u00fcber den voraussichtlichen Liefertermin. Der Vertrag \u00fcber den Kauf der bestellten Artikel zwischen dem K\u00e4ufer und dem Anbieter kommt zu diesem Zeitpunkt unwiderruflich zustande.<\/p>\n\n\n\n<p><strong>3. Versand der Ware:<\/strong><br>Der Anbieter bereitet die Ware vor, versendet sie innerhalb der vereinbarten Frist und benachrichtigt den K\u00e4ufer hier\u00fcber per E-Mail. In der genannten E-Mail informiert der Anbieter den K\u00e4ufer auch \u00fcber die R\u00fcckgabebedingungen, die Kontaktm\u00f6glichkeiten im Falle einer Lieferverz\u00f6gerung und die Kontaktm\u00f6glichkeiten im Falle einer Reklamation.<\/p>\n\n\n\n<p>Wir verwenden Ihre personenbezogenen Daten ausschlie\u00dflich zur Erf\u00fcllung Ihrer Bestellung und f\u00fcr die weitere erforderliche Kommunikation. Der Vertrag\/die Rechnung wird auf einem gemieteten Server gespeichert und vom Dienstleister entsprechend gesichert. F\u00fcr weitere Informationen kontaktieren Sie uns bitte unter 041 798 307.<\/p>\n\n\n\n<p><strong>Stornierung der Bestellung<\/strong><br>Sie k\u00f6nnen Ihre Bestellung telefonisch unter (+386)041-798-307 oder per E-Mail stornieren.<\/p>\n\n\n\n<p><strong>Beschwerde<\/strong><br>Falls die Ware w\u00e4hrend der Lieferung besch\u00e4digt wurde, wenden Sie sich bitte an die Postfiliale, die Ihnen die Ware zugestellt hat. \u00dcberpr\u00fcfen Sie die erhaltene Ware sorgf\u00e4ltig im Beisein des Zustellers. Nur der K\u00e4ufer des auf der Originalrechnung aufgef\u00fchrten Produkts kann eine Reklamation einreichen. Die Garantie erlischt in folgenden F\u00e4llen:<br>\u2013 M\u00e4ngel, die durch unsachgem\u00e4\u00dfen Gebrauch, nachl\u00e4ssige Behandlung, mechanische Besch\u00e4digungen und M\u00e4ngel im Falle h\u00f6herer Gewalt entstanden sind.<br>\u2013 beim unfachm\u00e4nnischen Hinzuf\u00fcgen von Baugruppen, z.B. durch Modifikationen am Produkt \u2013 beim Einsatz anderer Elemente, die dort nicht hingeh\u00f6ren<br>\u2013 bei Fehlbedienung oder Sch\u00e4den durch fahrl\u00e4ssige Behandlung<br>\u2013 wenn der Kunde das Sicherheitssiegel bereits ge\u00f6ffnet oder aus der Originalverpackung ausgepackt hat<\/p>\n\n\n\n<p><strong>R\u00fccksendung von Waren<\/strong><br>Kunden, die mit den bestellten Produkten nicht zufrieden sind, k\u00f6nnen die Waren innerhalb der gesetzlich festgelegten Frist auf eigene Kosten zur\u00fccksenden. Die Frist f\u00fcr die R\u00fcckgabe der Waren betr\u00e4gt 30 Tage ab dem Tag, an dem der Verbraucher den Besitz an den Waren erlangt. (Der Anbieter h\u00e4lt die R\u00fcckerstattung erhaltener Zahlungen zur\u00fcck, bis die zur\u00fcckgegebenen Waren zur\u00fcckgegeben werden oder bis der Verbraucher den Nachweis erbringt, dass er die Waren zur\u00fcckgesandt hat.) Der Anbieter erstattet dem K\u00e4ufer den vollen Kaufbetrag. Im Falle eines R\u00fccktritts vom Vertrag tr\u00e4gt der Verbraucher nur die Kosten f\u00fcr die R\u00fccksendung der Waren. F\u00fcr die R\u00fcckgabe von Waren gelten die Bestimmungen von Artikel 43 des Verbraucherschutzgesetzes. Die R\u00fcckgabe wird nur ber\u00fccksichtigt, wenn die zur\u00fcckgegebenen Waren zusammen mit den Begleitdokumenten in der unbesch\u00e4digten Originalverpackung zur\u00fcckgegeben werden. Es sei denn, die Waren werden zerst\u00f6rt, besch\u00e4digt, gehen verloren oder ihre Menge hat sich ohne Verschulden des Verbrauchers verringert. Der Verbraucher haftet f\u00fcr eine etwaige Wertminderung der Waren, wenn die Wertminderung auf ein Verhalten zur\u00fcckzuf\u00fchren ist, das zur Pr\u00fcfung der Art, der Eigenschaften und der Funktionsweise der Waren nicht unbedingt erforderlich ist. Die R\u00fcckerstattung erfolgt so schnell wie m\u00f6glich, sp\u00e4testens jedoch innerhalb von 14 Tagen nach Erhalt der Widerrufserkl\u00e4rung. Die R\u00fcckerstattung erfolgt auf das Bankkonto des Kunden. Die R\u00fccksendung der erhaltenen Ware an das Unternehmen innerhalb der Widerrufsfrist gilt als R\u00fccktritt vom Vertrag.<br>Sie k\u00f6nnen Produkte per Post an folgende Adresse zur\u00fccksenden:<\/p>\n\n\n\n<p>SPORTSHINE, Ale\u0161 Vicozi sp<br>Kamnikar Stra\u00dfe 27<br>1291 \u0160kofljica<\/p>\n\n\n\n<p>Bei R\u00fccksendungen erstatten wir Ihnen den Kaufpreis innerhalb von 14 Tagen auf Ihr Bankkonto oder per Postanweisung zur\u00fcck oder verrechnen ihn nach Vereinbarung als Gutschrift f\u00fcr Ihren n\u00e4chsten Einkauf.<\/p>\n\n\n\n<p><strong>5. Preise<\/strong><br>Alle angegebenen Preise verstehen sich in EUR und inklusive Mehrwertsteuer.<\/p>\n\n\n\n<p><strong>6. Haftungsausschluss<\/strong><br>Wir bem\u00fchen uns, die auf der Website des Online-Shops ver\u00f6ffentlichten Informationen aktuell und korrekt zu halten. Die Eigenschaften der Artikel und Lieferzeiten k\u00f6nnen sich jedoch so schnell \u00e4ndern, dass wir die Informationen nicht korrigieren k\u00f6nnen. In diesem Fall informiert der Anbieter den K\u00e4ufer \u00fcber die \u00c4nderungen und erm\u00f6glicht ihm, die Bestellung zu stornieren oder den bestellten Artikel umzutauschen. Die ver\u00f6ffentlichten Fotos stammen von den Herstellern oder werden von ihnen selbst erstellt.<\/p>\n\n\n\n<p>Datenschutzerkl\u00e4rung<\/p>\n\n\n\n<p>Das Unternehmen SPORTSHINE, Ale\u0161 Vicozi sp. verpflichtet sich zum Schutz Ihrer Privatsph\u00e4re. Wir ben\u00f6tigen Ihre Daten, um einen reibungslosen Ablauf der endg\u00fcltigen Ausf\u00fchrung Ihrer Bestellung zu gew\u00e4hrleisten.<\/p>\n\n\n\n<p><strong>Warum verwenden wir Ihre Daten?<\/strong><\/p>\n\n\n\n<p>Bei der Bestellung von Waren m\u00fcssen Sie uns Ihren Vor- und Nachnamen, Ihre Adresse, Ihre E-Mail-Adresse und Ihre Mobiltelefonnummer mitteilen. Dies erm\u00f6glicht uns, einen reibungslosen Ablauf der endg\u00fcltigen Ausf\u00fchrung Ihrer Bestellung zu gew\u00e4hrleisten und Sie \u00fcber etwaige \u00c4nderungen Ihrer Bestellung zu informieren.<\/p>\n\n\n\n<p><strong>Werden Ihre Daten an Dritte weitergegeben?<\/strong><\/p>\n\n\n\n<p>Wir garantieren, dass die Daten ausschlie\u00dflich Eigentum von Sportshine bleiben. Wir werden sie nicht an andere Institutionen, Unternehmen oder Einzelpersonen weitergeben, verkaufen oder tauschen.<\/p>\n\n\n\n<p>Unsere Websites enthalten auch Links zu anderen Websites, die nicht in unserem Besitz sind oder in irgendeiner Weise mit uns verbunden sind. Barbara Holcman sp. kann daher nicht f\u00fcr den Zugriff von solchen Websites und f\u00fcr den Datenschutz auf diesen Websites verantwortlich gemacht werden.<\/p>\n\n\n\n<p><strong>Ihre Einwilligung<\/strong><\/p>\n\n\n\n<p>Durch die Nutzung unserer Websites stimmen Sie auch der Verwendung von Informationen in der oben beschriebenen Art und Weise und in den oben beschriebenen F\u00e4llen zu.<\/p>\n\n\n\n<p>\u00dcber etwaige \u00c4nderungen der AGB informieren wir Sie auf diesen Seiten.<\/p>\n\n\n\n<p><strong>Fragen?<\/strong><\/p>\n\n\n\n<p>Wenn Sie Fragen zu den oben genannten Aussagen und Bedingungen, zur Funktionsweise unseres Einkaufszentrums, zu Ihrem Einkaufserlebnis und zu Kommentaren oder Meinungen zu unseren Websites haben, k\u00f6nnen Sie uns per E-Mail an info@sportshine.eu oder an die Adresse SPORTSHINE, Ale\u0161 Vicozi sp, Kamnikarjeva ulica 27, 1291 \u0160kofljica schreiben oder uns unter der GSM-Nummer 041798307 anrufen.<\/p>\n\n\n\n<p>Sachlicher Fehler<\/p>\n\n\n\n<p>Wann ist ein Fehler echt?<\/p>\n\n\n\n<ul class=\"wp-block-list\">\n<li>der Artikel nicht die f\u00fcr seinen normalen Gebrauch oder f\u00fcr den Umlauf erforderlichen Eigenschaften aufweist<\/li>\n\n\n\n<li>der Artikel nicht \u00fcber die Eigenschaften verf\u00fcgt, die f\u00fcr den spezifischen Verwendungszweck, f\u00fcr den der K\u00e4ufer ihn kauft, erforderlich sind, die dem Verk\u00e4ufer jedoch bekannt waren oder ihm bekannt sein mussten<\/li>\n\n\n\n<li>die Sache nicht die Eigenschaften und Merkmale aufweist, die ausdr\u00fccklich oder stillschweigend vereinbart oder vorgeschrieben wurden<\/li>\n\n\n\n<li>der Verk\u00e4ufer einen Artikel geliefert hat, der nicht dem Muster oder Modell entspricht, es sei denn, das Muster oder Modell wurde nur zum Zwecke der Benachrichtigung gezeigt.<\/li>\n<\/ul>\n\n\n\n<p>Der K\u00e4ufer hat uns etwaige Sachm\u00e4ngel unter genauer Beschreibung des Mangels innerhalb der gesetzlichen Frist anzuzeigen und uns gleichzeitig die M\u00f6glichkeit zu geben, die Sache zu pr\u00fcfen. Die Anzeige kann schriftlich oder per E-Mail erfolgen.<\/p>\n\n\n\n<p>Streitschlichtung<\/p>\n\n\n\n<p><strong>Kunden k\u00f6nnen Beschwerden und Reklamationen per E-Mail an info@sportshine.eu, telefonisch unter 041798307 oder per Post einreichen:<\/strong><\/p>\n\n\n\n<p>SPORTSHINE, Ale\u0161 Vicozi sp<br>Kamnikar Stra\u00dfe 27<br>1291 \u0160kofljica<\/p>\n\n\n\n<p>Steuernummer: 59206497<br>Registrierungsnummer: 9697608000<br>Registrierungsbeh\u00f6rde: AJPES, Zweigstelle Koper<br>Registrierungsnummer: 0101-81-20240701-002477<\/p>\n\n\n\n<p>Der Anbieter bem\u00fcht sich um eine g\u00fctliche Beilegung etwaiger Streitigkeiten, andernfalls ist das Gericht in Ljubljana f\u00fcr die Streitigkeit zust\u00e4ndig.<\/p>","protected":false},"excerpt":{"rendered":"<p>Splo\u0161ni pogoji poslovanja spletne trgovine sportshine.eu so sestavljeni v skladu z Zakonom o varstvu potro\u0161nikov (ZVPot), s priporo\u010dili GZS in na podlagi mednarodnih kodeksov za e-poslovanje. Spletna trgovina sportshine.eu je v lasti oziroma jo vodi podjetje SPORTSHINE, Ale\u0161 Vicozi s.p. (v nadaljevanju ponudnik ali upravitelj). Naro\u010danjeNaro\u010danje v spletni trgovini sportshine.eu poteka v slovenskem jeziku prek [&hellip;]<\/p>\n","protected":false},"author":1,"featured_media":0,"parent":0,"menu_order":0,"comment_status":"closed","ping_status":"closed","template":"","meta":{"footnotes":""},"class_list":["post-4940","page","type-page","status-publish","hentry"],"yoast_head":"<!-- This site is optimized with the Yoast SEO plugin v27.4 - https:\/\/yoast.com\/product\/yoast-seo-wordpress\/ -->\n<title>Splo\u0161ni pogoji poslovanja - Sportshine<\/title>\n<meta name=\"robots\" content=\"index, follow, max-snippet:-1, max-image-preview:large, max-video-preview:-1\" \/>\n<link rel=\"canonical\" href=\"https:\/\/www.sportshine.eu\/de\/allgemeine-geschaftsbedingungen\/\" \/>\n<meta property=\"og:locale\" content=\"de_DE\" \/>\n<meta property=\"og:type\" content=\"article\" \/>\n<meta property=\"og:title\" content=\"Splo\u0161ni pogoji poslovanja - Sportshine\" \/>\n<meta property=\"og:description\" content=\"Splo\u0161ni pogoji poslovanja spletne trgovine sportshine.eu so sestavljeni v skladu z Zakonom o varstvu potro\u0161nikov (ZVPot), s priporo\u010dili GZS in na podlagi mednarodnih kodeksov za e-poslovanje. Spletna trgovina sportshine.eu je v lasti oziroma jo vodi podjetje SPORTSHINE, Ale\u0161 Vicozi s.p. (v nadaljevanju ponudnik ali upravitelj). Naro\u010danjeNaro\u010danje v spletni trgovini sportshine.eu poteka v slovenskem jeziku prek [&hellip;]\" \/>\n<meta property=\"og:url\" content=\"https:\/\/www.sportshine.eu\/de\/allgemeine-geschaftsbedingungen\/\" \/>\n<meta property=\"og:site_name\" content=\"Sportshine\" \/>\n<meta property=\"article:publisher\" content=\"https:\/\/www.facebook.com\/sportshine.eu\/\" \/>\n<meta property=\"article:modified_time\" content=\"2026-01-17T21:30:49+00:00\" \/>\n<meta name=\"twitter:card\" content=\"summary_large_image\" \/>\n<meta name=\"twitter:label1\" content=\"Gesch\u00e4tzte Lesezeit\" \/>\n\t<meta name=\"twitter:data1\" content=\"6 Minuten\" \/>\n<script type=\"application\/ld+json\" class=\"yoast-schema-graph\">{\"@context\":\"https:\\\/\\\/schema.org\",\"@graph\":[{\"@type\":\"WebPage\",\"@id\":\"https:\\\/\\\/www.sportshine.eu\\\/splosni-pogoji-poslovanja\\\/\",\"url\":\"https:\\\/\\\/www.sportshine.eu\\\/splosni-pogoji-poslovanja\\\/\",\"name\":\"Splo\u0161ni pogoji poslovanja - Sportshine\",\"isPartOf\":{\"@id\":\"https:\\\/\\\/www.sportshine.eu\\\/#website\"},\"datePublished\":\"2025-06-23T21:16:28+00:00\",\"dateModified\":\"2026-01-17T21:30:49+00:00\",\"breadcrumb\":{\"@id\":\"https:\\\/\\\/www.sportshine.eu\\\/splosni-pogoji-poslovanja\\\/#breadcrumb\"},\"inLanguage\":\"de-AT\",\"potentialAction\":[{\"@type\":\"ReadAction\",\"target\":[\"https:\\\/\\\/www.sportshine.eu\\\/splosni-pogoji-poslovanja\\\/\"]}]},{\"@type\":\"BreadcrumbList\",\"@id\":\"https:\\\/\\\/www.sportshine.eu\\\/splosni-pogoji-poslovanja\\\/#breadcrumb\",\"itemListElement\":[{\"@type\":\"ListItem\",\"position\":1,\"name\":\"Home\",\"item\":\"https:\\\/\\\/www.sportshine.eu\\\/\"},{\"@type\":\"ListItem\",\"position\":2,\"name\":\"Splo\u0161ni pogoji poslovanja\"}]},{\"@type\":\"WebSite\",\"@id\":\"https:\\\/\\\/www.sportshine.eu\\\/#website\",\"url\":\"https:\\\/\\\/www.sportshine.eu\\\/\",\"name\":\"Sportshine\",\"description\":\"Top spletna trgovina kolesarskih in naglavnih svetilk ter opreme\",\"publisher\":{\"@id\":\"https:\\\/\\\/www.sportshine.eu\\\/#organization\"},\"potentialAction\":[{\"@type\":\"SearchAction\",\"target\":{\"@type\":\"EntryPoint\",\"urlTemplate\":\"https:\\\/\\\/www.sportshine.eu\\\/?s={search_term_string}\"},\"query-input\":{\"@type\":\"PropertyValueSpecification\",\"valueRequired\":true,\"valueName\":\"search_term_string\"}}],\"inLanguage\":\"de-AT\"},{\"@type\":\"Organization\",\"@id\":\"https:\\\/\\\/www.sportshine.eu\\\/#organization\",\"name\":\"Sportshine\",\"url\":\"https:\\\/\\\/www.sportshine.eu\\\/\",\"logo\":{\"@type\":\"ImageObject\",\"inLanguage\":\"de-AT\",\"@id\":\"https:\\\/\\\/www.sportshine.eu\\\/#\\\/schema\\\/logo\\\/image\\\/\",\"url\":\"https:\\\/\\\/www.sportshine.eu\\\/wp-content\\\/uploads\\\/2026\\\/01\\\/cropped-Sportshine.webp\",\"contentUrl\":\"https:\\\/\\\/www.sportshine.eu\\\/wp-content\\\/uploads\\\/2026\\\/01\\\/cropped-Sportshine.webp\",\"width\":295,\"height\":128,\"caption\":\"Sportshine\"},\"image\":{\"@id\":\"https:\\\/\\\/www.sportshine.eu\\\/#\\\/schema\\\/logo\\\/image\\\/\"},\"sameAs\":[\"https:\\\/\\\/www.facebook.com\\\/sportshine.eu\\\/\"]}]}<\/script>\n<!-- \/ Yoast SEO plugin. -->","yoast_head_json":{"title":"Allgemeine Gesch\u00e4ftsbedingungen - Sportshine","robots":{"index":"index","follow":"follow","max-snippet":"max-snippet:-1","max-image-preview":"max-image-preview:large","max-video-preview":"max-video-preview:-1"},"canonical":"https:\/\/www.sportshine.eu\/de\/allgemeine-geschaftsbedingungen\/","og_locale":"de_DE","og_type":"article","og_title":"Splo\u0161ni pogoji poslovanja - Sportshine","og_description":"Splo\u0161ni pogoji poslovanja spletne trgovine sportshine.eu so sestavljeni v skladu z Zakonom o varstvu potro\u0161nikov (ZVPot), s priporo\u010dili GZS in na podlagi mednarodnih kodeksov za e-poslovanje. Spletna trgovina sportshine.eu je v lasti oziroma jo vodi podjetje SPORTSHINE, Ale\u0161 Vicozi s.p. (v nadaljevanju ponudnik ali upravitelj). Naro\u010danjeNaro\u010danje v spletni trgovini sportshine.eu poteka v slovenskem jeziku prek [&hellip;]","og_url":"https:\/\/www.sportshine.eu\/de\/allgemeine-geschaftsbedingungen\/","og_site_name":"Sportshine","article_publisher":"https:\/\/www.facebook.com\/sportshine.eu\/","article_modified_time":"2026-01-17T21:30:49+00:00","twitter_card":"summary_large_image","twitter_misc":{"Gesch\u00e4tzte Lesezeit":"6 Minuten"},"schema":{"@context":"https:\/\/schema.org","@graph":[{"@type":"WebPage","@id":"https:\/\/www.sportshine.eu\/splosni-pogoji-poslovanja\/","url":"https:\/\/www.sportshine.eu\/splosni-pogoji-poslovanja\/","name":"Allgemeine Gesch\u00e4ftsbedingungen - Sportshine","isPartOf":{"@id":"https:\/\/www.sportshine.eu\/#website"},"datePublished":"2025-06-23T21:16:28+00:00","dateModified":"2026-01-17T21:30:49+00:00","breadcrumb":{"@id":"https:\/\/www.sportshine.eu\/splosni-pogoji-poslovanja\/#breadcrumb"},"inLanguage":"de-AT","potentialAction":[{"@type":"ReadAction","target":["https:\/\/www.sportshine.eu\/splosni-pogoji-poslovanja\/"]}]},{"@type":"BreadcrumbList","@id":"https:\/\/www.sportshine.eu\/splosni-pogoji-poslovanja\/#breadcrumb","itemListElement":[{"@type":"ListItem","position":1,"name":"Home","item":"https:\/\/www.sportshine.eu\/"},{"@type":"ListItem","position":2,"name":"Splo\u0161ni pogoji poslovanja"}]},{"@type":"WebSite","@id":"https:\/\/www.sportshine.eu\/#website","url":"https:\/\/www.sportshine.eu\/","name":"Sportshine","description":"Top Online-Shop f\u00fcr Fahrrad- und Stirnlampen sowie Zubeh\u00f6r","publisher":{"@id":"https:\/\/www.sportshine.eu\/#organization"},"potentialAction":[{"@type":"SearchAction","target":{"@type":"EntryPoint","urlTemplate":"https:\/\/www.sportshine.eu\/?s={search_term_string}"},"query-input":{"@type":"PropertyValueSpecification","valueRequired":true,"valueName":"search_term_string"}}],"inLanguage":"de-AT"},{"@type":"Organization","@id":"https:\/\/www.sportshine.eu\/#organization","name":"Sportshine","url":"https:\/\/www.sportshine.eu\/","logo":{"@type":"ImageObject","inLanguage":"de-AT","@id":"https:\/\/www.sportshine.eu\/#\/schema\/logo\/image\/","url":"https:\/\/www.sportshine.eu\/wp-content\/uploads\/2026\/01\/cropped-Sportshine.webp","contentUrl":"https:\/\/www.sportshine.eu\/wp-content\/uploads\/2026\/01\/cropped-Sportshine.webp","width":295,"height":128,"caption":"Sportshine"},"image":{"@id":"https:\/\/www.sportshine.eu\/#\/schema\/logo\/image\/"},"sameAs":["https:\/\/www.facebook.com\/sportshine.eu\/"]}]}},"_links":{"self":[{"href":"https:\/\/www.sportshine.eu\/de\/wp-json\/wp\/v2\/pages\/4940","targetHints":{"allow":["GET"]}}],"collection":[{"href":"https:\/\/www.sportshine.eu\/de\/wp-json\/wp\/v2\/pages"}],"about":[{"href":"https:\/\/www.sportshine.eu\/de\/wp-json\/wp\/v2\/types\/page"}],"author":[{"embeddable":true,"href":"https:\/\/www.sportshine.eu\/de\/wp-json\/wp\/v2\/users\/1"}],"replies":[{"embeddable":true,"href":"https:\/\/www.sportshine.eu\/de\/wp-json\/wp\/v2\/comments?post=4940"}],"version-history":[{"count":0,"href":"https:\/\/www.sportshine.eu\/de\/wp-json\/wp\/v2\/pages\/4940\/revisions"}],"wp:attachment":[{"href":"https:\/\/www.sportshine.eu\/de\/wp-json\/wp\/v2\/media?parent=4940"}],"curies":[{"name":"wp","href":"https:\/\/api.w.org\/{rel}","templated":true}]}}