{"id":4936,"date":"2025-06-23T21:09:45","date_gmt":"2025-06-23T21:09:45","guid":{"rendered":"https:\/\/www.sportshine.eu\/?page_id=4936"},"modified":"2025-11-01T23:57:06","modified_gmt":"2025-11-01T23:57:06","slug":"produktruckgabe-und-ruckgabebedingungen-2","status":"publish","type":"page","link":"https:\/\/www.sportshine.eu\/de\/produktruckgabe-und-ruckgabebedingungen-2\/","title":{"rendered":"Lieferbedingungen und Preisliste"},"content":{"rendered":"<p><\/p>\n\n\n\n<p><strong>Lieferzeit:<br><\/strong>Die Ware wird schnellstm\u00f6glich versendet. Bestellungen, die bis 13:00 Uhr an einem Werktag eingehen und vorr\u00e4tig sind, werden noch am selben Tag versendet. Sie erhalten am Tag des Versands Ihres Pakets eine Benachrichtigung per E-Mail.<\/p>\n\n\n\n<p>Alle Bestellungen, die werktags bis 16:00 Uhr eingehen, werden noch am selben Tag bearbeitet. Die Slowenische Post garantiert eine Zustellung in ganz Slowenien innerhalb von 3 Werktagen, abh\u00e4ngig vom Standort Ihrer Postfiliale. Sollten Sie vermuten, dass sich die Zustellung Ihrer Bestellung verz\u00f6gert, informieren Sie uns bitte umgehend unter info@sportshine.eu oder rufen Sie uns unter 041 798 307 an. Wir werden unser Bestes tun, damit Sie Ihre bestellte Ware so schnell wie m\u00f6glich erhalten. F\u00fcr den Versand in EU-L\u00e4nder nutzen wir den Lieferservice Packeta.<\/p>\n\n\n\n<p><strong>Versandkosten<\/strong> <strong>nach Slowenien<\/strong> <strong>\u2013<\/strong>\u00a04,40 Euro.<\/p>\n\n\n\n<p><strong>Versandkosten nach Kroatien \u2013<\/strong> 4,40 Euro.<\/p>\n\n\n\n<p><strong>Versandkosten in andere EU-L\u00e4nder \u2013<\/strong> 5 Euro.<\/p>\n\n\n\n<p>Wenn der Gesamtbestellwert mehr als 80 EUR betr\u00e4gt,&nbsp;<strong>Kostenloser Versand<\/strong>(gilt auch f\u00fcr andere L\u00e4nder)<\/p>\n\n\n\n<p>Wenn Sie das Produkt dringend zu einem bestimmten Termin (Geburtstage, Feiertage etc.) ben\u00f6tigen, empfehlen wir Ihnen, Ihre Bestellung rechtzeitig aufzugeben und den Vermerk \u201eEillieferung\u201c anzugeben, damit wir Sie bei eventuellen Komplikationen sofort kontaktieren k\u00f6nnen.<\/p>","protected":false},"excerpt":{"rendered":"<p>\u010cas\u00a0dostave:Blago bo odposlano v najkraj\u0161em mo\u017enem \u010dasu. Naro\u010dila na zalogi, naro\u010dena do 13.00 ure delovnega dne, bodo odpremljena \u0161e isti dan. Na dan, ko vam bomo paket poslali, boste v svoj e-po\u0161tni nabiralnik prejeli obvestilo o zaklju\u010dku naro\u010dila. Vsa naro\u010dila, ki jih med delovniki prejmemo do 16.00 ure, bodo obdelana \u0161e isti dan. Po\u0161ta Slovenije. [&hellip;]<\/p>\n","protected":false},"author":1,"featured_media":0,"parent":0,"menu_order":0,"comment_status":"closed","ping_status":"closed","template":"","meta":{"footnotes":""},"class_list":["post-4936","page","type-page","status-publish","hentry"],"yoast_head":"<!-- This site is optimized with the Yoast SEO plugin v27.3 - https:\/\/yoast.com\/product\/yoast-seo-wordpress\/ -->\n<title>Pogoji in cenik dostave<\/title>\n<meta name=\"robots\" content=\"noindex, nofollow\" \/>\n<meta property=\"og:locale\" content=\"de_DE\" \/>\n<meta property=\"og:type\" content=\"article\" \/>\n<meta property=\"og:title\" content=\"Pogoji in cenik dostave\" \/>\n<meta property=\"og:description\" content=\"\u010cas\u00a0dostave:Blago bo odposlano v najkraj\u0161em mo\u017enem \u010dasu. Naro\u010dila na zalogi, naro\u010dena do 13.00 ure delovnega dne, bodo odpremljena \u0161e isti dan. Na dan, ko vam bomo paket poslali, boste v svoj e-po\u0161tni nabiralnik prejeli obvestilo o zaklju\u010dku naro\u010dila. Vsa naro\u010dila, ki jih med delovniki prejmemo do 16.00 ure, bodo obdelana \u0161e isti dan. Po\u0161ta Slovenije. [&hellip;]\" \/>\n<meta property=\"og:url\" content=\"https:\/\/www.sportshine.eu\/de\/produktruckgabe-und-ruckgabebedingungen-2\/\" \/>\n<meta property=\"og:site_name\" content=\"Sportshine\" \/>\n<meta property=\"article:publisher\" content=\"https:\/\/www.facebook.com\/sportshine.eu\/\" \/>\n<meta property=\"article:modified_time\" content=\"2025-11-01T23:57:06+00:00\" \/>\n<meta name=\"twitter:card\" content=\"summary_large_image\" \/>\n<meta name=\"twitter:label1\" content=\"Gesch\u00e4tzte Lesezeit\" \/>\n\t<meta name=\"twitter:data1\" content=\"1 Minute\" \/>\n<script type=\"application\/ld+json\" class=\"yoast-schema-graph\">{\"@context\":\"https:\\\/\\\/schema.org\",\"@graph\":[{\"@type\":\"WebPage\",\"@id\":\"https:\\\/\\\/www.sportshine.eu\\\/vracilo-izdelka-in-pogoji-za-vracilo-2\\\/\",\"url\":\"https:\\\/\\\/www.sportshine.eu\\\/vracilo-izdelka-in-pogoji-za-vracilo-2\\\/\",\"name\":\"Pogoji in cenik dostave\",\"isPartOf\":{\"@id\":\"https:\\\/\\\/www.sportshine.eu\\\/#website\"},\"datePublished\":\"2025-06-23T21:09:45+00:00\",\"dateModified\":\"2025-11-01T23:57:06+00:00\",\"breadcrumb\":{\"@id\":\"https:\\\/\\\/www.sportshine.eu\\\/vracilo-izdelka-in-pogoji-za-vracilo-2\\\/#breadcrumb\"},\"inLanguage\":\"de-AT\",\"potentialAction\":[{\"@type\":\"ReadAction\",\"target\":[\"https:\\\/\\\/www.sportshine.eu\\\/vracilo-izdelka-in-pogoji-za-vracilo-2\\\/\"]}]},{\"@type\":\"BreadcrumbList\",\"@id\":\"https:\\\/\\\/www.sportshine.eu\\\/vracilo-izdelka-in-pogoji-za-vracilo-2\\\/#breadcrumb\",\"itemListElement\":[{\"@type\":\"ListItem\",\"position\":1,\"name\":\"Home\",\"item\":\"https:\\\/\\\/www.sportshine.eu\\\/\"},{\"@type\":\"ListItem\",\"position\":2,\"name\":\"Pogoji in cenik dostave\"}]},{\"@type\":\"WebSite\",\"@id\":\"https:\\\/\\\/www.sportshine.eu\\\/#website\",\"url\":\"https:\\\/\\\/www.sportshine.eu\\\/\",\"name\":\"Sportshine\",\"description\":\"Top spletna trgovina kolesarskih in naglavnih svetilk ter opreme\",\"publisher\":{\"@id\":\"https:\\\/\\\/www.sportshine.eu\\\/#organization\"},\"potentialAction\":[{\"@type\":\"SearchAction\",\"target\":{\"@type\":\"EntryPoint\",\"urlTemplate\":\"https:\\\/\\\/www.sportshine.eu\\\/?s={search_term_string}\"},\"query-input\":{\"@type\":\"PropertyValueSpecification\",\"valueRequired\":true,\"valueName\":\"search_term_string\"}}],\"inLanguage\":\"de-AT\"},{\"@type\":\"Organization\",\"@id\":\"https:\\\/\\\/www.sportshine.eu\\\/#organization\",\"name\":\"Sportshine\",\"url\":\"https:\\\/\\\/www.sportshine.eu\\\/\",\"logo\":{\"@type\":\"ImageObject\",\"inLanguage\":\"de-AT\",\"@id\":\"https:\\\/\\\/www.sportshine.eu\\\/#\\\/schema\\\/logo\\\/image\\\/\",\"url\":\"https:\\\/\\\/www.sportshine.eu\\\/wp-content\\\/uploads\\\/2026\\\/01\\\/cropped-Sportshine.webp\",\"contentUrl\":\"https:\\\/\\\/www.sportshine.eu\\\/wp-content\\\/uploads\\\/2026\\\/01\\\/cropped-Sportshine.webp\",\"width\":295,\"height\":128,\"caption\":\"Sportshine\"},\"image\":{\"@id\":\"https:\\\/\\\/www.sportshine.eu\\\/#\\\/schema\\\/logo\\\/image\\\/\"},\"sameAs\":[\"https:\\\/\\\/www.facebook.com\\\/sportshine.eu\\\/\"]}]}<\/script>\n<!-- \/ Yoast SEO plugin. -->","yoast_head_json":{"title":"Lieferbedingungen und Preisliste","robots":{"index":"noindex","follow":"nofollow"},"og_locale":"de_DE","og_type":"article","og_title":"Pogoji in cenik dostave","og_description":"\u010cas\u00a0dostave:Blago bo odposlano v najkraj\u0161em mo\u017enem \u010dasu. Naro\u010dila na zalogi, naro\u010dena do 13.00 ure delovnega dne, bodo odpremljena \u0161e isti dan. Na dan, ko vam bomo paket poslali, boste v svoj e-po\u0161tni nabiralnik prejeli obvestilo o zaklju\u010dku naro\u010dila. Vsa naro\u010dila, ki jih med delovniki prejmemo do 16.00 ure, bodo obdelana \u0161e isti dan. Po\u0161ta Slovenije. [&hellip;]","og_url":"https:\/\/www.sportshine.eu\/de\/produktruckgabe-und-ruckgabebedingungen-2\/","og_site_name":"Sportshine","article_publisher":"https:\/\/www.facebook.com\/sportshine.eu\/","article_modified_time":"2025-11-01T23:57:06+00:00","twitter_card":"summary_large_image","twitter_misc":{"Gesch\u00e4tzte Lesezeit":"1 Minute"},"schema":{"@context":"https:\/\/schema.org","@graph":[{"@type":"WebPage","@id":"https:\/\/www.sportshine.eu\/vracilo-izdelka-in-pogoji-za-vracilo-2\/","url":"https:\/\/www.sportshine.eu\/vracilo-izdelka-in-pogoji-za-vracilo-2\/","name":"Lieferbedingungen und Preisliste","isPartOf":{"@id":"https:\/\/www.sportshine.eu\/#website"},"datePublished":"2025-06-23T21:09:45+00:00","dateModified":"2025-11-01T23:57:06+00:00","breadcrumb":{"@id":"https:\/\/www.sportshine.eu\/vracilo-izdelka-in-pogoji-za-vracilo-2\/#breadcrumb"},"inLanguage":"de-AT","potentialAction":[{"@type":"ReadAction","target":["https:\/\/www.sportshine.eu\/vracilo-izdelka-in-pogoji-za-vracilo-2\/"]}]},{"@type":"BreadcrumbList","@id":"https:\/\/www.sportshine.eu\/vracilo-izdelka-in-pogoji-za-vracilo-2\/#breadcrumb","itemListElement":[{"@type":"ListItem","position":1,"name":"Home","item":"https:\/\/www.sportshine.eu\/"},{"@type":"ListItem","position":2,"name":"Pogoji in cenik dostave"}]},{"@type":"WebSite","@id":"https:\/\/www.sportshine.eu\/#website","url":"https:\/\/www.sportshine.eu\/","name":"Sportshine","description":"Top Online-Shop f\u00fcr Fahrrad- und Stirnlampen sowie Zubeh\u00f6r","publisher":{"@id":"https:\/\/www.sportshine.eu\/#organization"},"potentialAction":[{"@type":"SearchAction","target":{"@type":"EntryPoint","urlTemplate":"https:\/\/www.sportshine.eu\/?s={search_term_string}"},"query-input":{"@type":"PropertyValueSpecification","valueRequired":true,"valueName":"search_term_string"}}],"inLanguage":"de-AT"},{"@type":"Organization","@id":"https:\/\/www.sportshine.eu\/#organization","name":"Sportshine","url":"https:\/\/www.sportshine.eu\/","logo":{"@type":"ImageObject","inLanguage":"de-AT","@id":"https:\/\/www.sportshine.eu\/#\/schema\/logo\/image\/","url":"https:\/\/www.sportshine.eu\/wp-content\/uploads\/2026\/01\/cropped-Sportshine.webp","contentUrl":"https:\/\/www.sportshine.eu\/wp-content\/uploads\/2026\/01\/cropped-Sportshine.webp","width":295,"height":128,"caption":"Sportshine"},"image":{"@id":"https:\/\/www.sportshine.eu\/#\/schema\/logo\/image\/"},"sameAs":["https:\/\/www.facebook.com\/sportshine.eu\/"]}]}},"_links":{"self":[{"href":"https:\/\/www.sportshine.eu\/de\/wp-json\/wp\/v2\/pages\/4936","targetHints":{"allow":["GET"]}}],"collection":[{"href":"https:\/\/www.sportshine.eu\/de\/wp-json\/wp\/v2\/pages"}],"about":[{"href":"https:\/\/www.sportshine.eu\/de\/wp-json\/wp\/v2\/types\/page"}],"author":[{"embeddable":true,"href":"https:\/\/www.sportshine.eu\/de\/wp-json\/wp\/v2\/users\/1"}],"replies":[{"embeddable":true,"href":"https:\/\/www.sportshine.eu\/de\/wp-json\/wp\/v2\/comments?post=4936"}],"version-history":[{"count":0,"href":"https:\/\/www.sportshine.eu\/de\/wp-json\/wp\/v2\/pages\/4936\/revisions"}],"wp:attachment":[{"href":"https:\/\/www.sportshine.eu\/de\/wp-json\/wp\/v2\/media?parent=4936"}],"curies":[{"name":"wp","href":"https:\/\/api.w.org\/{rel}","templated":true}]}}