{"id":12,"date":"2025-06-23T21:00:52","date_gmt":"2025-06-23T21:00:52","guid":{"rendered":"https:\/\/www.sportshine.eu\/?page_id=12"},"modified":"2025-08-02T15:39:31","modified_gmt":"2025-08-02T15:39:31","slug":"produktruckgabe-und-ruckgabebedingungen","status":"publish","type":"page","link":"https:\/\/www.sportshine.eu\/de\/produktruckgabe-und-ruckgabebedingungen\/","title":{"rendered":"Produktr\u00fcckgabe und R\u00fcckgabebedingungen"},"content":{"rendered":"<p>Wenn Sie Ihre Bestellung stornieren m\u00f6chten, kontaktieren Sie uns bitte unter info@sportshine.eu. Kunden, die mit den bestellten Produkten nicht zufrieden sind, k\u00f6nnen die Ware innerhalb der gesetzlich vorgeschriebenen Frist auf eigene Kosten zur\u00fccksenden. Die Frist f\u00fcr die R\u00fccksendung der Ware betr\u00e4gt 30 Tage ab dem Tag, an dem der K\u00e4ufer den Besitz an der Ware erlangt.<\/p>\n\n\n\n<p>Der Anbieter wird die R\u00fcckzahlung verweigern, bis er die Waren wieder zur\u00fcckerhalten hat oder bis der K\u00e4ufer den Nachweis erbracht hat, dass er die Waren zur\u00fcckgesandt hat. Der Anbieter wird dem K\u00e4ufer den vollen Kaufpreis zur\u00fcckerstatten.<\/p>\n\n\n\n<p>Im Falle eines R\u00fccktritts vom Vertrag tr\u00e4gt der K\u00e4ufer nur die Kosten der R\u00fccksendung der Ware. F\u00fcr die R\u00fccksendung gelten die Bestimmungen des Artikels 43 des Verbraucherschutzgesetzes. Wir ber\u00fccksichtigen die R\u00fccksendung nur, wenn die zur\u00fcckgesendete Ware in der unbesch\u00e4digten Originalverpackung zusammen mit der Begleitdokumentation ist. Es sei denn, die Ware wird ohne Verschulden des K\u00e4ufers zerst\u00f6rt, besch\u00e4digt, verloren oder ihre Menge hat sich verringert.<\/p>\n\n\n\n<p>Der K\u00e4ufer haftet f\u00fcr einen etwaigen Wertverlust der Waren, wenn dieser Wertverlust auf einen zur Pr\u00fcfung der Beschaffenheit, Eigenschaften und Funktionsweise der Waren nicht notwendigen Umgang mit ihnen zur\u00fcckzuf\u00fchren ist. Die R\u00fcckerstattung erfolgt schnellstm\u00f6glich, sp\u00e4testens jedoch 30 Tage nach Erhalt der Widerrufserkl\u00e4rung. Die R\u00fcckerstattung erfolgt auf das Bankkonto des K\u00e4ufers. Die R\u00fccksendung der erhaltenen Waren an das Unternehmen innerhalb der Widerrufsfrist gilt als R\u00fccktritt vom Vertrag. Wir verwenden Ihre personenbezogenen Daten ausschlie\u00dflich zur Erf\u00fcllung der Bestellung und f\u00fcr sonstige notwendige Kommunikation. Sie k\u00f6nnen die Produkte per Post an folgende Adresse zur\u00fccksenden:<\/p>\n\n\n\n<ul class=\"wp-block-list\">\n<li>SPORTSHINE, Ale\u0161 Vicozi sp<br>Kamnikar Stra\u00dfe 27<br>1291 Lavrica Slowenien<\/li>\n<\/ul>\n\n\n\n<p>Den Kaufpreis f\u00fcr retournierte Produkte erstatten wir Ihnen sp\u00e4testens innerhalb von 30 Tagen auf Ihr Transaktionskonto zur\u00fcck oder verrechnen ihn nach Vereinbarung als Gutschrift f\u00fcr Ihren n\u00e4chsten Einkauf.<\/p>\n\n\n\n<p><\/p>\n\n\n\n<p><\/p>","protected":false},"excerpt":{"rendered":"<p>\u010ce \u017eelite preklicati naro\u010dilo, nam pi\u0161ite na naslovu info@sportshine.eu. Kupci, ki z naro\u010denimi izdelki niso zadovoljni, lahko blago na svoje stro\u0161ke v zakonsko dolo\u010denem roku vrnejo. Rok za vra\u010dilo blaga je 30 dni od dne, ko kupec pridobi posest nad blagom. Ponudnik zadr\u017ei vra\u010dilo prejetih pla\u010dil do prevzema vrnjenega blaga ali dokler kupec ne predlo\u017ei [&hellip;]<\/p>\n","protected":false},"author":1,"featured_media":0,"parent":0,"menu_order":0,"comment_status":"closed","ping_status":"closed","template":"","meta":{"footnotes":""},"class_list":["post-12","page","type-page","status-publish","hentry"],"yoast_head":"<!-- This site is optimized with the Yoast SEO plugin v27.3 - https:\/\/yoast.com\/product\/yoast-seo-wordpress\/ -->\n<title>Vra\u010dilo izdelka in pogoji za vra\u010dilo<\/title>\n<meta name=\"robots\" content=\"noindex, nofollow\" \/>\n<meta property=\"og:locale\" content=\"de_DE\" \/>\n<meta property=\"og:type\" content=\"article\" \/>\n<meta property=\"og:title\" content=\"Vra\u010dilo izdelka in pogoji za vra\u010dilo\" \/>\n<meta property=\"og:description\" content=\"\u010ce \u017eelite preklicati naro\u010dilo, nam pi\u0161ite na naslovu info@sportshine.eu. Kupci, ki z naro\u010denimi izdelki niso zadovoljni, lahko blago na svoje stro\u0161ke v zakonsko dolo\u010denem roku vrnejo. Rok za vra\u010dilo blaga je 30 dni od dne, ko kupec pridobi posest nad blagom. Ponudnik zadr\u017ei vra\u010dilo prejetih pla\u010dil do prevzema vrnjenega blaga ali dokler kupec ne predlo\u017ei [&hellip;]\" \/>\n<meta property=\"og:url\" content=\"https:\/\/www.sportshine.eu\/de\/produktruckgabe-und-ruckgabebedingungen\/\" \/>\n<meta property=\"og:site_name\" content=\"Sportshine\" \/>\n<meta property=\"article:publisher\" content=\"https:\/\/www.facebook.com\/sportshine.eu\/\" \/>\n<meta property=\"article:modified_time\" content=\"2025-08-02T15:39:31+00:00\" \/>\n<meta name=\"twitter:card\" content=\"summary_large_image\" \/>\n<meta name=\"twitter:label1\" content=\"Gesch\u00e4tzte Lesezeit\" \/>\n\t<meta name=\"twitter:data1\" content=\"2 Minuten\" \/>\n<script type=\"application\/ld+json\" class=\"yoast-schema-graph\">{\"@context\":\"https:\\\/\\\/schema.org\",\"@graph\":[{\"@type\":\"WebPage\",\"@id\":\"https:\\\/\\\/www.sportshine.eu\\\/vracilo-izdelka-in-pogoji-za-vracilo\\\/\",\"url\":\"https:\\\/\\\/www.sportshine.eu\\\/vracilo-izdelka-in-pogoji-za-vracilo\\\/\",\"name\":\"Vra\u010dilo izdelka in pogoji za vra\u010dilo\",\"isPartOf\":{\"@id\":\"https:\\\/\\\/www.sportshine.eu\\\/#website\"},\"datePublished\":\"2025-06-23T21:00:52+00:00\",\"dateModified\":\"2025-08-02T15:39:31+00:00\",\"breadcrumb\":{\"@id\":\"https:\\\/\\\/www.sportshine.eu\\\/vracilo-izdelka-in-pogoji-za-vracilo\\\/#breadcrumb\"},\"inLanguage\":\"de-AT\",\"potentialAction\":[{\"@type\":\"ReadAction\",\"target\":[\"https:\\\/\\\/www.sportshine.eu\\\/vracilo-izdelka-in-pogoji-za-vracilo\\\/\"]}]},{\"@type\":\"BreadcrumbList\",\"@id\":\"https:\\\/\\\/www.sportshine.eu\\\/vracilo-izdelka-in-pogoji-za-vracilo\\\/#breadcrumb\",\"itemListElement\":[{\"@type\":\"ListItem\",\"position\":1,\"name\":\"Home\",\"item\":\"https:\\\/\\\/www.sportshine.eu\\\/\"},{\"@type\":\"ListItem\",\"position\":2,\"name\":\"Vra\u010dilo izdelka in pogoji za vra\u010dilo\"}]},{\"@type\":\"WebSite\",\"@id\":\"https:\\\/\\\/www.sportshine.eu\\\/#website\",\"url\":\"https:\\\/\\\/www.sportshine.eu\\\/\",\"name\":\"Sportshine\",\"description\":\"Top spletna trgovina kolesarskih in naglavnih svetilk ter opreme\",\"publisher\":{\"@id\":\"https:\\\/\\\/www.sportshine.eu\\\/#organization\"},\"potentialAction\":[{\"@type\":\"SearchAction\",\"target\":{\"@type\":\"EntryPoint\",\"urlTemplate\":\"https:\\\/\\\/www.sportshine.eu\\\/?s={search_term_string}\"},\"query-input\":{\"@type\":\"PropertyValueSpecification\",\"valueRequired\":true,\"valueName\":\"search_term_string\"}}],\"inLanguage\":\"de-AT\"},{\"@type\":\"Organization\",\"@id\":\"https:\\\/\\\/www.sportshine.eu\\\/#organization\",\"name\":\"Sportshine\",\"url\":\"https:\\\/\\\/www.sportshine.eu\\\/\",\"logo\":{\"@type\":\"ImageObject\",\"inLanguage\":\"de-AT\",\"@id\":\"https:\\\/\\\/www.sportshine.eu\\\/#\\\/schema\\\/logo\\\/image\\\/\",\"url\":\"https:\\\/\\\/www.sportshine.eu\\\/wp-content\\\/uploads\\\/2026\\\/01\\\/cropped-Sportshine.webp\",\"contentUrl\":\"https:\\\/\\\/www.sportshine.eu\\\/wp-content\\\/uploads\\\/2026\\\/01\\\/cropped-Sportshine.webp\",\"width\":295,\"height\":128,\"caption\":\"Sportshine\"},\"image\":{\"@id\":\"https:\\\/\\\/www.sportshine.eu\\\/#\\\/schema\\\/logo\\\/image\\\/\"},\"sameAs\":[\"https:\\\/\\\/www.facebook.com\\\/sportshine.eu\\\/\"]}]}<\/script>\n<!-- \/ Yoast SEO plugin. -->","yoast_head_json":{"title":"Produktr\u00fcckgabe und R\u00fcckgabebedingungen","robots":{"index":"noindex","follow":"nofollow"},"og_locale":"de_DE","og_type":"article","og_title":"Vra\u010dilo izdelka in pogoji za vra\u010dilo","og_description":"\u010ce \u017eelite preklicati naro\u010dilo, nam pi\u0161ite na naslovu info@sportshine.eu. Kupci, ki z naro\u010denimi izdelki niso zadovoljni, lahko blago na svoje stro\u0161ke v zakonsko dolo\u010denem roku vrnejo. Rok za vra\u010dilo blaga je 30 dni od dne, ko kupec pridobi posest nad blagom. Ponudnik zadr\u017ei vra\u010dilo prejetih pla\u010dil do prevzema vrnjenega blaga ali dokler kupec ne predlo\u017ei [&hellip;]","og_url":"https:\/\/www.sportshine.eu\/de\/produktruckgabe-und-ruckgabebedingungen\/","og_site_name":"Sportshine","article_publisher":"https:\/\/www.facebook.com\/sportshine.eu\/","article_modified_time":"2025-08-02T15:39:31+00:00","twitter_card":"summary_large_image","twitter_misc":{"Gesch\u00e4tzte Lesezeit":"2 Minuten"},"schema":{"@context":"https:\/\/schema.org","@graph":[{"@type":"WebPage","@id":"https:\/\/www.sportshine.eu\/vracilo-izdelka-in-pogoji-za-vracilo\/","url":"https:\/\/www.sportshine.eu\/vracilo-izdelka-in-pogoji-za-vracilo\/","name":"Produktr\u00fcckgabe und R\u00fcckgabebedingungen","isPartOf":{"@id":"https:\/\/www.sportshine.eu\/#website"},"datePublished":"2025-06-23T21:00:52+00:00","dateModified":"2025-08-02T15:39:31+00:00","breadcrumb":{"@id":"https:\/\/www.sportshine.eu\/vracilo-izdelka-in-pogoji-za-vracilo\/#breadcrumb"},"inLanguage":"de-AT","potentialAction":[{"@type":"ReadAction","target":["https:\/\/www.sportshine.eu\/vracilo-izdelka-in-pogoji-za-vracilo\/"]}]},{"@type":"BreadcrumbList","@id":"https:\/\/www.sportshine.eu\/vracilo-izdelka-in-pogoji-za-vracilo\/#breadcrumb","itemListElement":[{"@type":"ListItem","position":1,"name":"Home","item":"https:\/\/www.sportshine.eu\/"},{"@type":"ListItem","position":2,"name":"Vra\u010dilo izdelka in pogoji za vra\u010dilo"}]},{"@type":"WebSite","@id":"https:\/\/www.sportshine.eu\/#website","url":"https:\/\/www.sportshine.eu\/","name":"Sportshine","description":"Top Online-Shop f\u00fcr Fahrrad- und Stirnlampen sowie Zubeh\u00f6r","publisher":{"@id":"https:\/\/www.sportshine.eu\/#organization"},"potentialAction":[{"@type":"SearchAction","target":{"@type":"EntryPoint","urlTemplate":"https:\/\/www.sportshine.eu\/?s={search_term_string}"},"query-input":{"@type":"PropertyValueSpecification","valueRequired":true,"valueName":"search_term_string"}}],"inLanguage":"de-AT"},{"@type":"Organization","@id":"https:\/\/www.sportshine.eu\/#organization","name":"Sportshine","url":"https:\/\/www.sportshine.eu\/","logo":{"@type":"ImageObject","inLanguage":"de-AT","@id":"https:\/\/www.sportshine.eu\/#\/schema\/logo\/image\/","url":"https:\/\/www.sportshine.eu\/wp-content\/uploads\/2026\/01\/cropped-Sportshine.webp","contentUrl":"https:\/\/www.sportshine.eu\/wp-content\/uploads\/2026\/01\/cropped-Sportshine.webp","width":295,"height":128,"caption":"Sportshine"},"image":{"@id":"https:\/\/www.sportshine.eu\/#\/schema\/logo\/image\/"},"sameAs":["https:\/\/www.facebook.com\/sportshine.eu\/"]}]}},"_links":{"self":[{"href":"https:\/\/www.sportshine.eu\/de\/wp-json\/wp\/v2\/pages\/12","targetHints":{"allow":["GET"]}}],"collection":[{"href":"https:\/\/www.sportshine.eu\/de\/wp-json\/wp\/v2\/pages"}],"about":[{"href":"https:\/\/www.sportshine.eu\/de\/wp-json\/wp\/v2\/types\/page"}],"author":[{"embeddable":true,"href":"https:\/\/www.sportshine.eu\/de\/wp-json\/wp\/v2\/users\/1"}],"replies":[{"embeddable":true,"href":"https:\/\/www.sportshine.eu\/de\/wp-json\/wp\/v2\/comments?post=12"}],"version-history":[{"count":0,"href":"https:\/\/www.sportshine.eu\/de\/wp-json\/wp\/v2\/pages\/12\/revisions"}],"wp:attachment":[{"href":"https:\/\/www.sportshine.eu\/de\/wp-json\/wp\/v2\/media?parent=12"}],"curies":[{"name":"wp","href":"https:\/\/api.w.org\/{rel}","templated":true}]}}